{"id":3884,"date":"2022-12-04T05:56:09","date_gmt":"2022-12-04T05:56:09","guid":{"rendered":"https:\/\/neos-music.com\/agb\/"},"modified":"2022-12-06T16:23:10","modified_gmt":"2022-12-06T16:23:10","slug":"agb","status":"publish","type":"page","link":"https:\/\/neos-music.com\/en_us\/agb\/","title":{"rendered":"Terms and Conditions"},"content":{"rendered":"<div data-elementor-type=\"wp-page\" data-elementor-id=\"3884\" class=\"elementor elementor-3884\">\n\t\t\t\t\t\t<section class=\"elementor-section elementor-top-section elementor-element elementor-element-cc0da7f elementor-section-content-middle elementor-section-boxed elementor-section-height-default elementor-section-height-default\" data-id=\"cc0da7f\" data-element_type=\"section\" data-e-type=\"section\" data-settings=\"{&quot;background_background&quot;:&quot;classic&quot;}\">\n\t\t\t\t\t\t<div class=\"elementor-container elementor-column-gap-no\">\n\t\t\t\t\t<div class=\"elementor-column elementor-col-100 elementor-top-column elementor-element elementor-element-91bcde4\" data-id=\"91bcde4\" data-element_type=\"column\" data-e-type=\"column\">\n\t\t\t<div class=\"elementor-widget-wrap elementor-element-populated\">\n\t\t\t\t\t\t<div class=\"elementor-element elementor-element-075a7eb elementor-widget elementor-widget-heading\" data-id=\"075a7eb\" data-element_type=\"widget\" data-e-type=\"widget\" data-widget_type=\"heading.default\">\n\t\t\t\t\t<h1 class=\"elementor-heading-title elementor-size-default\">Allgemeine Gesch\u00e4ftsbedingungen<\/h1>\t\t\t\t<\/div>\n\t\t\t\t\t<\/div>\n\t\t<\/div>\n\t\t\t\t\t<\/div>\n\t\t<\/section>\n\t\t\t\t<section class=\"elementor-section elementor-top-section elementor-element elementor-element-0c98773 elementor-section-boxed elementor-section-height-default elementor-section-height-default\" data-id=\"0c98773\" data-element_type=\"section\" data-e-type=\"section\">\n\t\t\t\t\t\t<div class=\"elementor-container elementor-column-gap-default\">\n\t\t\t\t\t<div class=\"elementor-column elementor-col-100 elementor-top-column elementor-element elementor-element-8c642f0\" data-id=\"8c642f0\" data-element_type=\"column\" data-e-type=\"column\">\n\t\t\t<div class=\"elementor-widget-wrap elementor-element-populated\">\n\t\t\t\t\t\t<div class=\"elementor-element elementor-element-5307ac0 elementor-widget elementor-widget-text-editor\" data-id=\"5307ac0\" data-element_type=\"widget\" data-e-type=\"widget\" data-widget_type=\"text-editor.default\">\n\t\t\t\t\t\t\t\t\t<h2>Allgemeine Versandbedingungen Deutschland &amp; Europ\u00e4ische Union (EU)<\/h2>\nder\nNEOS Music GmbH, Tegernseer Landstra\u00dfe 135, 81539 M\u00fcnchen, Deutschland\n\nGesch\u00e4ftsf\u00fchrer: Wulf Weinmann\n\nUmsatzsteuer-Identnummer: DE233840532\n\nAmtsgericht M\u00fcnchen HRB 149367\n\nE-Mail:\u00a0<a class=\"arcoma_editor_link\" href=\"mailto:info@neos-music.com\" target=\"_self\">info@neos-music.com<\/a>\nTelefon +49 (0)89 51877713\n\nNutzen Sie vorstehende Kontaktdaten auch f\u00fcr Fragen, Reklamationen und Anregungen.\n\nDie nachfolgenden Bedingungen gelten f\u00fcr den Versand innerhalb der Bundesrepublik Deutschland und der Europ\u00e4ischen Union. Die gesonderten Versandbedingungen f\u00fcr Lieferungen in das sonstige Ausland finden Sie weiter unten.\n<h2>1. Preise, Versandkosten, R\u00fccksendekosten<\/h2>\n1.1. Alle Preise sind inklusive der gesetzlichen, deutschen\u00a0Mehrwertsteuer angegeben.\n\n1.2. Alle Bestellungen sind porto- und verpackungskostenfrei\n\n1.3. Sie haben die Kosten der R\u00fccksendung zu tragen, wenn die gelieferte Ware der bestellten entspricht.\n\n&nbsp;\n<h2>2. Widerrufsrecht<\/h2>\n2.1. Das nachfolgende Widerrufsrecht besteht nicht bei versiegelter Ware, wenn Sie die versiegelte Verpackung \u00f6ffnen oder besch\u00e4digen (Entsiegelung).\n\n2.2. Sie k\u00f6nnen Ihre Vertragserkl\u00e4rung innerhalb von zwei Wochen ohne Angabe von Gr\u00fcnden in Textform (z. B. Brief, Fax, E-Mail) oder durch R\u00fccksendung der Sache widerrufen. Die Frist beginnt fr\u00fchestens mit Erhalt dieser Belehrung. Zur Wahrung der Widerrufsfrist gen\u00fcgt die rechtzeitige Absendung des Widerrufs oder der Sache.\n\n2.3. Der Widerruf ist zu richten an: NEOS Music GmbH, Tegernseer Landstra\u00dfe 135, 81539 M\u00fcnchen, Deutschland.\n<h2>3. Widerrufsfolgen<\/h2>\n3.1 Im Falle eines wirksamen Widerrufs sind die beiderseits empfangenen Leistungen zur\u00fcckzugew\u00e4hren und ggf. gezogene Nutzungen (z. B. Zinsen) herauszugeben. K\u00f6nnen Sie uns die empfangene Leistung ganz oder teilweise nicht oder nur in verschlechtertem Zustand zur\u00fcckgew\u00e4hren, m\u00fcssen Sie uns insoweit ggf. Wertersatz leisten. Bei der \u00dcberlassung von Sachen gilt dies nicht, wenn die Verschlechterung der Sache ausschlie\u00dflich auf deren Pr\u00fcfung &#8211; wie sie Ihnen etwa im Ladengesch\u00e4ft m\u00f6glich gewesen w\u00e4re &#8211; zur\u00fcckzuf\u00fchren ist. Im \u00dcbrigen k\u00f6nnen Sie die Wertersatzpflicht vermeiden, indem Sie die Sache nicht wie ein Eigent\u00fcmer in Gebrauch nehmen und alles unterlassen, was deren Wert beeintr\u00e4chtigt.\n\n3.2. Die Kosten der R\u00fccksendung haben Sie zu tragen.\n\n3.3. Hinweise zur R\u00fccksendung: Bitte frankieren Sie die R\u00fccksendung ordnungsgem\u00e4\u00df. Bitte beachten Sie: bei unfrei verschickten Sendungen verweigern wir die Annahme. Packs oder Sets k\u00f6nnen nur komplett retourniert werden. Gegebenenfalls erfolgt nach Wahl des Bestellers eine Gutschrift oder eine sonstige Kostenerstattung der R\u00fccksendekosten.\n<h2>4. Zahlungen, Lieferung, Liefervorbehalt<\/h2>\n4.1. Bei Lieferungen innerhalb Deutschlands \/ der EU erfolgt der Versand ab Lager per Post, im Regelfall innerhalb einer Woche ab Bestelleingang. Die Lieferung erfolgt unter dem Vorbehalt, dass wir selbst richtig und rechtzeitig beliefert werden. Wir werden den Besteller bei mangelnder Verf\u00fcgbarkeit unverz\u00fcglich unterrichten. Eventuelle Zahlungen werden unverz\u00fcglich erstattet. Wir behalten uns vor, limitiert lieferbare Artikel nur in haushalts\u00fcblichen Mengen auszuliefern.\n\n4.2. Die Lieferung erfolgt ausschlie\u00dflich durch Bezahlung per Vorkasse, Kreditkarte, Nachnahme (nur Deutschland) oder Bankeinzug (nur Deutschland). Eine Haftung bei Verlust der Zusendung von Bargeld oder Schecks kann nicht \u00fcbernommen werden.\n\n4.3 Sollten Sie mit ihren Zahlungen in Verzug geraten, behalten wir uns vor, Ihnen die gesetzlichen Verzugszinsen zu berechnen. Verbraucher zahlen damit 5 Prozentpunkte \u00fcber dem jeweiligen von der Bundeszentralbank (<a class=\"arcoma_editor_link\" href=\"https:\/\/neos-music.com\/en_us\/output.php\/?template=german-simpletext.php&amp;content=AGB_deutsch.php\" target=\"_blank\" rel=\"noopener\">bundeszentralbank.de\/ezb<\/a>) bekannt gegebenen Basis-Zinssatz an Zinsen pro Jahr. Bei sonstigen Rechtsgesch\u00e4ften, an denen ein Verbraucher nicht beteiligt ist, werden 8 Prozentpunkte \u00fcber dem Basis-Zinssatz f\u00e4llig. Sie bleiben berechtigt nachzuweisen, dass uns kein oder nur ein geringerer Verzugsschaden entstanden ist.\n<h2>5. Eigentumsvorbehalt<\/h2>\n5.1. Bis zur vollst\u00e4ndigen Bezahlung bleibt die gelieferte Ware unser Eigentum. Sie haben die Ware bis dahin pfleglich zu behandeln und Sch\u00e4den unverz\u00fcglich anzuzeigen.\n\n5.2. Bei Zahlungsverzug sind wir berechtigt, vom Vertrag zur\u00fcckzutreten und die Ware zur\u00fcckzuverlangen. Die Kosten der R\u00fccksendung im Verzugsfall gehen zu Ihren Lasten und m\u00fcssen erstattet werden, wenn Sie sie nicht selbst getragen haben.\n<h2>6. Datenschutz<\/h2>\n6.1. Wir speichern und verwenden Ihre Daten zu Zwecken der Kundenverwaltung, der Vertragsabwicklung selbst, eventueller Bonit\u00e4tspr\u00fcfungen und f\u00fcr das Marketing. F\u00fcr Ihre Bestellungen und die Bestellabwicklung ben\u00f6tigen wir nat\u00fcrlich Ihre Anschrift und die Kommunikationsdaten. Au\u00dferdem speichern wir auch f\u00fcr Sie Ihre offenen und ausgef\u00fchrten Bestellungen.\n<h2>7. Gerichtsstand, Teilunwirksamkeit, anwendbares Recht<\/h2>\n7.1. Im Gesch\u00e4ftsverkehr mit Kaufleuten und mit juristischen Personen des \u00f6ffentlichen Rechts, wird als Gerichtsstand f\u00fcr alle aus dem Vertrag sich ergebenden Rechtsstreitigkeiten, einschlie\u00dflich Wechsel- und Scheckklagen, M\u00fcnchen vereinbart. Wir sind auch berechtigt, am Sitz dieser Kunden zu klagen.\n\n7.2. Bei Unwirksamkeit einzelner Bestimmungen des Liefervertrages oder dieser Allgemeinen Gesch\u00e4ftsbedingungen bleiben die \u00fcbrigen Bestimmungen weiterhin wirksam (Salvatorische Klausel).\n\n7.3. F\u00fcr Rechtsgesch\u00e4fte oder andere rechtlichen Beziehungen mit der NEOS Music GmbH gilt das Recht der Bundesrepublik Deutschland. Bei Vertr\u00e4gen zu einem Zweck, der nicht der beruflichen oder gewerblichen T\u00e4tigkeit des Berechtigten (Verbrauchers) zugerechnet werden kann, gilt diese Rechtswahl nur insoweit, als nicht der gew\u00e4hrte Schutz durch zwingende Bestimmungen des Rechts des Staates, in dem der Verbraucher seinen gew\u00f6hnlichen Aufenthalt hat, entzogen wird.\n\nIhre NEOS Music GmbH\n<br> <br>\n<h2>Allgemeine Versandbedingungen f\u00fcr alle L\u00e4nder au\u00dferhalb der Europ\u00e4ischen Union (EU)<\/h2>\nder\n\nNEOS Music GmbH, Tegernseer Landstra\u00dfe 135, 81539 M\u00fcnchen, Deutschland\nGesch\u00e4ftsf\u00fchrer: Wulf Weinmann\n\nUmsatzsteuer-Identnummer: DE233840532\nAmtsgericht M\u00fcnchen HRB 149367\n\nE-Mail:\u00a0<a href=\"https:\/\/neos-music.com\/en_us\/output.php\/?template=german-simpletext.php&amp;content=AGB_deutsch.php\">info@neos-music.com<\/a>\nTelefon +49 (0)89 51877713\n\nNutzen Sie vorstehende Kontaktdaten auch f\u00fcr Fragen, Reklamationen und Anregungen.\n\nDie nachfolgenden Bedingungen gelten f\u00fcr den Versand au\u00dferhalb der Europ\u00e4ischen Union. Bei Lieferungen innerhalb von Deutschland und in die Europ\u00e4ische Union gelten besondere Versandbedingungen, die Sie weiter oben finden.\n<h2>1. Preise, Versandkosten, R\u00fccksendekosten<\/h2>\n1.1. Alle Preise sind inklusive der gesetzlichen, deutschen\u00a0Mehrwertsteuer angegeben.\n\n1.2. Bestellungen sind\u00a0porto- und verpackungskostenfrei.\n\n1.3. Sie haben die Kosten der R\u00fccksendung zu tragen, wenn die gelieferte Ware der bestellten entspricht. Bei R\u00fccksendung besch\u00e4digter oder benutzter Waren ist NEOS berechtigt, Ersatzanspr\u00fcche geltend zu machen. Bitte frankieren Sie die R\u00fccksendung ordnungsgem\u00e4\u00df. Bei unfrei verschickten Sendungen verweigern wir die Annahme. Packs oder Sets k\u00f6nnen nur komplett retourniert werden.\n<h2>2. Zahlungen, Lieferung, Liefervorbehalt<\/h2>\n2.1 Bei Lieferungen au\u00dferhalb der EU erfolgt der Versand ab Lager per Post im Regelfall innerhalb von zwei Wochen ab Bestelleingang. Die Lieferung erfolgt unter dem Vorbehalt, dass wir selbst richtig und rechtzeitig beliefert werden. Wir werden den Besteller bei mangelnder Verf\u00fcgbarkeit unverz\u00fcglich unterrichten. Eventuelle Zahlungen werden unverz\u00fcglich erstattet.\n\n2.2. Die Lieferung erfolgt ausschlie\u00dflich durch Bezahlung per Vorkasse, Kreditkarte, Nachnahme (nur Deutschland) oder Bankeinzug (nur Deutschland). Eine Haftung bei Verlust der Zusendung von Bargeld oder Schecks kann nicht \u00fcbernommen werden.\n\n2.3 Sollten Sie mit ihren Zahlungen in Verzug geraten, behalten wir uns vor, Ihnen die gesetzlichen Verzugszinsen zu berechnen. Verbraucher zahlen damit 5 Prozentpunkte \u00fcber dem jeweiligen von der Bundeszentralbank (<a class=\"arcoma_editor_link\" href=\"https:\/\/neos-music.com\/en_us\/output.php\/?template=german-simpletext.php&amp;content=AGB_deutsch.php\" target=\"_blank\" rel=\"noopener\">bundeszentralbank.de\/ezb<\/a>) bekannt gegebenen Basis-Zinssatz an Zinsen pro Jahr. Bei sonstigen Rechtsgesch\u00e4ften, an denen ein Verbraucher nicht beteiligt ist, werden 8 Prozentpunkte \u00fcber dem Basis-Zinssatz f\u00e4llig. Sie bleiben berechtigt nachzuweisen, dass uns kein oder nur ein geringerer Verzugsschaden entstanden ist.\n<h2>3. Eigentumsvorbehalt<\/h2>\n3.1 Bis zur vollst\u00e4ndigen Bezahlung bleibt die gelieferte Ware unser Eigentum. Sie haben die Ware bis dahin pfleglich zu behandeln und Sch\u00e4den unverz\u00fcglich anzuzeigen.\n\n3.2. Bei Zahlungsverzug sind wir berechtigt, vom Vertrag zur\u00fcckzutreten und die Ware zur\u00fcckzuverlangen. Die Kosten der R\u00fccksendung im Verzugsfall gehen zu Ihren Lasten und m\u00fcssen erstattet werden, wenn Sie sie nicht selbst getragen haben.\n<h2>4. Datenschutz<\/h2>\n4.1. Wir speichern und verwenden Ihre Daten zu Zwecken der Kundenverwaltung, der Vertragsabwicklung selbst. F\u00fcr Ihre Bestellungen und die Bestellabwicklung ben\u00f6tigen wir nat\u00fcrlich Ihre Anschrift und die Kommunikationsdaten. Au\u00dferdem speichern wir auch f\u00fcr Sie Ihre offenen und ausgef\u00fchrte Bestellungen.\n<h2>5. Gerichtsstand, Teilunwirksamkeit, anwendbares Recht<\/h2>\n5.1. Im Gesch\u00e4ftsverkehr mit Kaufleuten und mit juristischen Personen des \u00f6ffentlichen Rechts, wird als Gerichtsstand f\u00fcr alle aus dem Vertrag sich ergebenden Rechtsstreitigkeiten, einschlie\u00dflich Wechsel- und Scheckklagen, M\u00fcnchen vereinbart. Wir sind auch berechtigt, am Sitz dieser Kunden zu klagen.\n\n5.2. Bei Unwirksamkeit einzelner Bestimmungen des Liefervertrages oder dieser Allgemeinen Gesch\u00e4ftsbedingungen bleiben die \u00fcbrigen Bestimmungen weiterhin wirksam (Salvatorische Klausel).\n\n5.3 F\u00fcr Rechtsgesch\u00e4fte oder andere rechtlichen Beziehungen mit der NEOS Music GmbH gilt das Recht der Bundesrepublik Deutschland. Bei Vertr\u00e4gen zu einem Zweck, der nicht der beruflichen oder gewerblichen T\u00e4tigkeit des Berechtigten (Verbrauchers) zugerechnet werden kann, gilt diese Rechtswahl nur insoweit, als nicht der gew\u00e4hrte Schutz durch zwingende Bestimmungen des Rechts des Staates, in dem der Verbraucher seinen gew\u00f6hnlichen Aufenthalt hat, entzogen wird.\n\nIhre NEOS Music GmbH\t\t\t\t\t\t\t\t<\/div>\n\t\t\t\t\t<\/div>\n\t\t<\/div>\n\t\t\t\t\t<\/div>\n\t\t<\/section>\n\t\t\t\t<\/div>","protected":false},"excerpt":{"rendered":"<p>Allgemeine Gesch\u00e4ftsbedingungen Allgemeine Versandbedingungen Deutschland &amp; Europ\u00e4ische Union (EU) der NEOS Music GmbH, Tegernseer Landstra\u00dfe 135, 81539 M\u00fcnchen, Deutschland Gesch\u00e4ftsf\u00fchrer: Wulf Weinmann Umsatzsteuer-Identnummer: DE233840532 Amtsgericht M\u00fcnchen HRB 149367 E-Mail:\u00a0info@neos-music.com Telefon +49 (0)89 51877713 Nutzen Sie vorstehende Kontaktdaten auch f\u00fcr Fragen, Reklamationen und Anregungen. Die nachfolgenden Bedingungen gelten f\u00fcr den Versand innerhalb der Bundesrepublik Deutschland und [&hellip;]<\/p>\n","protected":false},"author":1,"featured_media":0,"parent":0,"menu_order":0,"comment_status":"closed","ping_status":"closed","template":"","meta":{"site-sidebar-layout":"no-sidebar","site-content-layout":"page-builder","ast-site-content-layout":"default","site-content-style":"default","site-sidebar-style":"default","ast-global-header-display":"","ast-banner-title-visibility":"","ast-main-header-display":"","ast-hfb-above-header-display":"","ast-hfb-below-header-display":"","ast-hfb-mobile-header-display":"","site-post-title":"disabled","ast-breadcrumbs-content":"","ast-featured-img":"disabled","footer-sml-layout":"","theme-transparent-header-meta":"","adv-header-id-meta":"","stick-header-meta":"","header-above-stick-meta":"","header-main-stick-meta":"","header-below-stick-meta":"","astra-migrate-meta-layouts":"default","ast-page-background-enabled":"default","ast-page-background-meta":{"desktop":{"background-color":"","background-image":"","background-repeat":"repeat","background-position":"center center","background-size":"auto","background-attachment":"scroll","background-type":"","background-media":"","overlay-type":"","overlay-color":"","overlay-opacity":"","overlay-gradient":""},"tablet":{"background-color":"","background-image":"","background-repeat":"repeat","background-position":"center center","background-size":"auto","background-attachment":"scroll","background-type":"","background-media":"","overlay-type":"","overlay-color":"","overlay-opacity":"","overlay-gradient":""},"mobile":{"background-color":"","background-image":"","background-repeat":"repeat","background-position":"center center","background-size":"auto","background-attachment":"scroll","background-type":"","background-media":"","overlay-type":"","overlay-color":"","overlay-opacity":"","overlay-gradient":""}},"ast-content-background-meta":{"desktop":{"background-color":"var(--ast-global-color-5)","background-image":"","background-repeat":"repeat","background-position":"center center","background-size":"auto","background-attachment":"scroll","background-type":"","background-media":"","overlay-type":"","overlay-color":"","overlay-opacity":"","overlay-gradient":""},"tablet":{"background-color":"var(--ast-global-color-5)","background-image":"","background-repeat":"repeat","background-position":"center center","background-size":"auto","background-attachment":"scroll","background-type":"","background-media":"","overlay-type":"","overlay-color":"","overlay-opacity":"","overlay-gradient":""},"mobile":{"background-color":"var(--ast-global-color-5)","background-image":"","background-repeat":"repeat","background-position":"center center","background-size":"auto","background-attachment":"scroll","background-type":"","background-media":"","overlay-type":"","overlay-color":"","overlay-opacity":"","overlay-gradient":""}},"footnotes":""},"class_list":["post-3884","page","type-page","status-publish","hentry"],"yoast_head":"<!-- This site is optimized with the Yoast SEO plugin v27.4 - https:\/\/yoast.com\/product\/yoast-seo-wordpress\/ -->\n<title>AGB - NEOS Music<\/title>\n<meta name=\"robots\" content=\"index, follow, max-snippet:-1, max-image-preview:large, max-video-preview:-1\" \/>\n<link rel=\"canonical\" href=\"https:\/\/neos-music.com\/en_us\/agb\/\" \/>\n<meta property=\"og:locale\" content=\"en_US\" \/>\n<meta property=\"og:type\" content=\"article\" \/>\n<meta property=\"og:title\" content=\"AGB - NEOS Music\" \/>\n<meta property=\"og:description\" content=\"Allgemeine Gesch\u00e4ftsbedingungen Allgemeine Versandbedingungen Deutschland &amp; Europ\u00e4ische Union (EU) der NEOS Music GmbH, Tegernseer Landstra\u00dfe 135, 81539 M\u00fcnchen, Deutschland Gesch\u00e4ftsf\u00fchrer: Wulf Weinmann Umsatzsteuer-Identnummer: DE233840532 Amtsgericht M\u00fcnchen HRB 149367 E-Mail:\u00a0info@neos-music.com Telefon +49 (0)89 51877713 Nutzen Sie vorstehende Kontaktdaten auch f\u00fcr Fragen, Reklamationen und Anregungen. Die nachfolgenden Bedingungen gelten f\u00fcr den Versand innerhalb der Bundesrepublik Deutschland und [&hellip;]\" \/>\n<meta property=\"og:url\" content=\"https:\/\/neos-music.com\/en_us\/agb\/\" \/>\n<meta property=\"og:site_name\" content=\"NEOS Music\" \/>\n<meta property=\"article:modified_time\" content=\"2022-12-06T16:23:10+00:00\" \/>\n<meta name=\"twitter:card\" content=\"summary_large_image\" \/>\n<meta name=\"twitter:label1\" content=\"Est. reading time\" \/>\n\t<meta name=\"twitter:data1\" content=\"7 minutes\" \/>\n<script type=\"application\/ld+json\" class=\"yoast-schema-graph\">{\"@context\":\"https:\\\/\\\/schema.org\",\"@graph\":[{\"@type\":\"WebPage\",\"@id\":\"https:\\\/\\\/neos-music.com\\\/agb\\\/\",\"url\":\"https:\\\/\\\/neos-music.com\\\/agb\\\/\",\"name\":\"AGB - NEOS Music\",\"isPartOf\":{\"@id\":\"https:\\\/\\\/neos-music.com\\\/#website\"},\"datePublished\":\"2022-12-04T05:56:09+00:00\",\"dateModified\":\"2022-12-06T16:23:10+00:00\",\"breadcrumb\":{\"@id\":\"https:\\\/\\\/neos-music.com\\\/agb\\\/#breadcrumb\"},\"inLanguage\":\"en-US\",\"potentialAction\":[{\"@type\":\"ReadAction\",\"target\":[\"https:\\\/\\\/neos-music.com\\\/agb\\\/\"]}]},{\"@type\":\"BreadcrumbList\",\"@id\":\"https:\\\/\\\/neos-music.com\\\/agb\\\/#breadcrumb\",\"itemListElement\":[{\"@type\":\"ListItem\",\"position\":1,\"name\":\"Startseite\",\"item\":\"https:\\\/\\\/neos-music.com\\\/\"},{\"@type\":\"ListItem\",\"position\":2,\"name\":\"AGB\"}]},{\"@type\":\"WebSite\",\"@id\":\"https:\\\/\\\/neos-music.com\\\/#website\",\"url\":\"https:\\\/\\\/neos-music.com\\\/\",\"name\":\"NEOS Music\",\"description\":\"Dein Online Shop f\u00fcr zeitgen\u00f6ssische Musik, Jazz und Classics!\",\"publisher\":{\"@id\":\"https:\\\/\\\/neos-music.com\\\/#organization\"},\"potentialAction\":[{\"@type\":\"SearchAction\",\"target\":{\"@type\":\"EntryPoint\",\"urlTemplate\":\"https:\\\/\\\/neos-music.com\\\/?s={search_term_string}\"},\"query-input\":{\"@type\":\"PropertyValueSpecification\",\"valueRequired\":true,\"valueName\":\"search_term_string\"}}],\"inLanguage\":\"en-US\"},{\"@type\":\"Organization\",\"@id\":\"https:\\\/\\\/neos-music.com\\\/#organization\",\"name\":\"NEOS Music\",\"url\":\"https:\\\/\\\/neos-music.com\\\/\",\"logo\":{\"@type\":\"ImageObject\",\"inLanguage\":\"en-US\",\"@id\":\"https:\\\/\\\/neos-music.com\\\/#\\\/schema\\\/logo\\\/image\\\/\",\"url\":\"https:\\\/\\\/i0.wp.com\\\/neos-music.com\\\/wp-content\\\/uploads\\\/2025\\\/08\\\/NEOS-Logo-weiss.png?fit=800%2C203&ssl=1\",\"contentUrl\":\"https:\\\/\\\/i0.wp.com\\\/neos-music.com\\\/wp-content\\\/uploads\\\/2025\\\/08\\\/NEOS-Logo-weiss.png?fit=800%2C203&ssl=1\",\"width\":800,\"height\":203,\"caption\":\"NEOS Music\"},\"image\":{\"@id\":\"https:\\\/\\\/neos-music.com\\\/#\\\/schema\\\/logo\\\/image\\\/\"}}]}<\/script>\n<!-- \/ Yoast SEO plugin. -->","yoast_head_json":{"title":"AGB - NEOS Music","robots":{"index":"index","follow":"follow","max-snippet":"max-snippet:-1","max-image-preview":"max-image-preview:large","max-video-preview":"max-video-preview:-1"},"canonical":"https:\/\/neos-music.com\/en_us\/agb\/","og_locale":"en_US","og_type":"article","og_title":"AGB - NEOS Music","og_description":"Allgemeine Gesch\u00e4ftsbedingungen Allgemeine Versandbedingungen Deutschland &amp; Europ\u00e4ische Union (EU) der NEOS Music GmbH, Tegernseer Landstra\u00dfe 135, 81539 M\u00fcnchen, Deutschland Gesch\u00e4ftsf\u00fchrer: Wulf Weinmann Umsatzsteuer-Identnummer: DE233840532 Amtsgericht M\u00fcnchen HRB 149367 E-Mail:\u00a0info@neos-music.com Telefon +49 (0)89 51877713 Nutzen Sie vorstehende Kontaktdaten auch f\u00fcr Fragen, Reklamationen und Anregungen. Die nachfolgenden Bedingungen gelten f\u00fcr den Versand innerhalb der Bundesrepublik Deutschland und [&hellip;]","og_url":"https:\/\/neos-music.com\/en_us\/agb\/","og_site_name":"NEOS Music","article_modified_time":"2022-12-06T16:23:10+00:00","twitter_card":"summary_large_image","twitter_misc":{"Est. reading time":"7 minutes"},"schema":{"@context":"https:\/\/schema.org","@graph":[{"@type":"WebPage","@id":"https:\/\/neos-music.com\/agb\/","url":"https:\/\/neos-music.com\/agb\/","name":"AGB - NEOS Music","isPartOf":{"@id":"https:\/\/neos-music.com\/#website"},"datePublished":"2022-12-04T05:56:09+00:00","dateModified":"2022-12-06T16:23:10+00:00","breadcrumb":{"@id":"https:\/\/neos-music.com\/agb\/#breadcrumb"},"inLanguage":"en-US","potentialAction":[{"@type":"ReadAction","target":["https:\/\/neos-music.com\/agb\/"]}]},{"@type":"BreadcrumbList","@id":"https:\/\/neos-music.com\/agb\/#breadcrumb","itemListElement":[{"@type":"ListItem","position":1,"name":"Startseite","item":"https:\/\/neos-music.com\/"},{"@type":"ListItem","position":2,"name":"AGB"}]},{"@type":"WebSite","@id":"https:\/\/neos-music.com\/#website","url":"https:\/\/neos-music.com\/","name":"NEOS Music","description":"Dein Online Shop f\u00fcr zeitgen\u00f6ssische Musik, Jazz und Classics!","publisher":{"@id":"https:\/\/neos-music.com\/#organization"},"potentialAction":[{"@type":"SearchAction","target":{"@type":"EntryPoint","urlTemplate":"https:\/\/neos-music.com\/?s={search_term_string}"},"query-input":{"@type":"PropertyValueSpecification","valueRequired":true,"valueName":"search_term_string"}}],"inLanguage":"en-US"},{"@type":"Organization","@id":"https:\/\/neos-music.com\/#organization","name":"NEOS Music","url":"https:\/\/neos-music.com\/","logo":{"@type":"ImageObject","inLanguage":"en-US","@id":"https:\/\/neos-music.com\/#\/schema\/logo\/image\/","url":"https:\/\/i0.wp.com\/neos-music.com\/wp-content\/uploads\/2025\/08\/NEOS-Logo-weiss.png?fit=800%2C203&ssl=1","contentUrl":"https:\/\/i0.wp.com\/neos-music.com\/wp-content\/uploads\/2025\/08\/NEOS-Logo-weiss.png?fit=800%2C203&ssl=1","width":800,"height":203,"caption":"NEOS Music"},"image":{"@id":"https:\/\/neos-music.com\/#\/schema\/logo\/image\/"}}]}},"jetpack_sharing_enabled":true,"_links":{"self":[{"href":"https:\/\/neos-music.com\/en_us\/wp-json\/wp\/v2\/pages\/3884","targetHints":{"allow":["GET"]}}],"collection":[{"href":"https:\/\/neos-music.com\/en_us\/wp-json\/wp\/v2\/pages"}],"about":[{"href":"https:\/\/neos-music.com\/en_us\/wp-json\/wp\/v2\/types\/page"}],"author":[{"embeddable":true,"href":"https:\/\/neos-music.com\/en_us\/wp-json\/wp\/v2\/users\/1"}],"replies":[{"embeddable":true,"href":"https:\/\/neos-music.com\/en_us\/wp-json\/wp\/v2\/comments?post=3884"}],"version-history":[{"count":0,"href":"https:\/\/neos-music.com\/en_us\/wp-json\/wp\/v2\/pages\/3884\/revisions"}],"wp:attachment":[{"href":"https:\/\/neos-music.com\/en_us\/wp-json\/wp\/v2\/media?parent=3884"}],"curies":[{"name":"wp","href":"https:\/\/api.w.org\/{rel}","templated":true}]}}