{"id":11482,"date":"2026-03-12T10:46:16","date_gmt":"2026-03-12T09:46:16","guid":{"rendered":"https:\/\/neos-music.com\/?post_type=product&#038;p=11482"},"modified":"2026-03-12T12:12:01","modified_gmt":"2026-03-12T11:12:01","slug":"reflections-on-chopin","status":"publish","type":"product","link":"https:\/\/neos-music.com\/en_us\/product\/reflections-on-chopin\/","title":{"rendered":"Reflections on Chopin"},"content":{"rendered":"<p><strong><span style=\"font-size: 20px;\">\u00c9tudes op. 10, op. 25 &amp; Trois nouvelles \u00e9tudes<\/span><br \/>\n<\/strong><\/p>\n<p><strong><em>Poetic titles by <a href=\"https:\/\/neos-music.com\/en_us\/olga-chelova\/\">Olga Chelova<\/a><\/em><\/strong><\/p>\n<p><strong>\u00a0<\/strong><\/p>\n<p class=\"translation-block\">With her new album Reflections on Chopin, Odessa-born pianist <a href=\"https:\/\/neos-music.com\/en_us\/olga-chelova\/\" target=\"_self\">Olga Chelova<\/a> has realised a lifelong dream: to understand and record Fr\u00e9d\u00e9ric Chopin's 27 \u00e9tudes \u2013 Op. 10, Op. 25 and the three \u00e9tudes without opus numbers \u2013 as a large, self-contained cycle.<\/p>\n<p>Even as a child at the legendary Stolyarsky School, she encountered these works not as mere studies, but as living voices. Over the years, her vision matured to interpret them as a \u2018model of the universe\u2019: 24 \u00e9tudes like 24 hours of a day \u2013 birth and farewell, light and darkness, playfulness and seriousness. In Chelova's interpretation, they are connected by invisible harmonic and spiritual threads. Even the silence between the pieces becomes part of the narrative.<\/p>\n<p>In a profound dialogue with Johann Sebastian Bach \u2013 whose \u2018Well-Tempered Clavier\u2019 was a lifelong reference work for Chopin \u2013 the \u00e9tudes unfold a universal perspective: they are miniatures of technical brilliance and at the same time existential meditations on time, fate and transience. Inspired also by the poetic interpretation of Nobel Prize winner Boris Pasternak, Chelova understands these works as musical explorations of human life.<\/p>\n<p>She has given each \u00e9tude a poetic title \u2013 as an invitation to listeners to become co-creators. From visionary \u2018messages\u2019 to tragic cries to the transcendent silence of the three late \u00e9tudes, a dramaturgically designed cosmos unfolds, recorded on a Steinway D grand piano.<\/p>\n<p>Olga Chelova combines technical mastery with metaphysical depth. Awarded early on, performing internationally and nominated three times for the Opus Klassik in 2022 for her debut album, she is considered an artist of exceptional maturity. As a Steinway Artist, chamber musician, composer and founder of the M\u00f6rfelder Music Festival, she stands for a humanistic conception of art that transforms virtuosity into expression.<\/p>\n<p>\u2018Reflections on Chopin\u2019 is more than a recording \u2013 it is the essence of an artistic journey, a tribute to Chopin's spiritual legacy and a passionate commitment to music as a mirror of life.<\/p>","protected":false},"excerpt":{"rendered":"<p>1 CD<\/p>","protected":false},"featured_media":11485,"template":"","meta":{"site-sidebar-layout":"default","site-content-layout":"default","ast-site-content-layout":"default","site-content-style":"default","site-sidebar-style":"default","ast-global-header-display":"","ast-banner-title-visibility":"","ast-main-header-display":"","ast-hfb-above-header-display":"","ast-hfb-below-header-display":"","ast-hfb-mobile-header-display":"","site-post-title":"","ast-breadcrumbs-content":"","ast-featured-img":"","footer-sml-layout":"","theme-transparent-header-meta":"default","adv-header-id-meta":"","stick-header-meta":"","header-above-stick-meta":"","header-main-stick-meta":"","header-below-stick-meta":"","astra-migrate-meta-layouts":"set","ast-page-background-enabled":"default","ast-page-background-meta":{"desktop":{"background-color":"","background-image":"","background-repeat":"repeat","background-position":"center center","background-size":"auto","background-attachment":"scroll","background-type":"","background-media":"","overlay-type":"","overlay-color":"","overlay-opacity":"","overlay-gradient":""},"tablet":{"background-color":"","background-image":"","background-repeat":"repeat","background-position":"center center","background-size":"auto","background-attachment":"scroll","background-type":"","background-media":"","overlay-type":"","overlay-color":"","overlay-opacity":"","overlay-gradient":""},"mobile":{"background-color":"","background-image":"","background-repeat":"repeat","background-position":"center center","background-size":"auto","background-attachment":"scroll","background-type":"","background-media":"","overlay-type":"","overlay-color":"","overlay-opacity":"","overlay-gradient":""}},"ast-content-background-meta":{"desktop":{"background-color":"var(--ast-global-color-5)","background-image":"","background-repeat":"repeat","background-position":"center center","background-size":"auto","background-attachment":"scroll","background-type":"","background-media":"","overlay-type":"","overlay-color":"","overlay-opacity":"","overlay-gradient":""},"tablet":{"background-color":"var(--ast-global-color-5)","background-image":"","background-repeat":"repeat","background-position":"center center","background-size":"auto","background-attachment":"scroll","background-type":"","background-media":"","overlay-type":"","overlay-color":"","overlay-opacity":"","overlay-gradient":""},"mobile":{"background-color":"var(--ast-global-color-5)","background-image":"","background-repeat":"repeat","background-position":"center center","background-size":"auto","background-attachment":"scroll","background-type":"","background-media":"","overlay-type":"","overlay-color":"","overlay-opacity":"","overlay-gradient":""}}},"product_brand":[],"product_cat":[25],"product_tag":[],"class_list":{"0":"post-11482","1":"product","2":"type-product","3":"status-publish","4":"has-post-thumbnail","6":"product_cat-klassische-musik","7":"desktop-align-left","8":"tablet-align-left","9":"mobile-align-left","11":"first","12":"instock","13":"featured","14":"taxable","15":"shipping-taxable","16":"purchasable","17":"product-type-simple"},"yoast_head":"<!-- This site is optimized with the Yoast SEO plugin v27.4 - https:\/\/yoast.com\/product\/yoast-seo-wordpress\/ -->\n<title>Reflections on Chopin - NEOS Music<\/title>\n<meta name=\"description\" content=\"\u201eReflections on Chopin\u201c es ist die Essenz eines k\u00fcnstlerischen Weges, eine Hommage an Chopins geistiges Erbe und ein leidenschaftliches Bekenntnis zur Musik als Spiegel des Lebens.\" \/>\n<meta name=\"robots\" content=\"index, follow, max-snippet:-1, max-image-preview:large, max-video-preview:-1\" \/>\n<link rel=\"canonical\" href=\"https:\/\/neos-music.com\/en_us\/product\/reflections-on-chopin\/\" \/>\n<meta property=\"og:locale\" content=\"en_US\" \/>\n<meta property=\"og:type\" content=\"article\" \/>\n<meta property=\"og:title\" content=\"Reflections on Chopin - NEOS Music\" \/>\n<meta property=\"og:description\" content=\"\u201eReflections on Chopin\u201c es ist die Essenz eines k\u00fcnstlerischen Weges, eine Hommage an Chopins geistiges Erbe und ein leidenschaftliches Bekenntnis zur Musik als Spiegel des Lebens.\" \/>\n<meta property=\"og:url\" content=\"https:\/\/neos-music.com\/en_us\/product\/reflections-on-chopin\/\" \/>\n<meta property=\"og:site_name\" content=\"NEOS Music\" \/>\n<meta property=\"article:modified_time\" content=\"2026-03-12T11:12:01+00:00\" \/>\n<meta property=\"og:image\" content=\"https:\/\/neos-music.com\/wp-content\/uploads\/2026\/03\/NEOS-32605-Reflections-on-Chopin-Cover.jpg\" \/>\n\t<meta property=\"og:image:width\" content=\"1647\" \/>\n\t<meta property=\"og:image:height\" content=\"1483\" \/>\n\t<meta property=\"og:image:type\" content=\"image\/jpeg\" \/>\n<meta name=\"twitter:card\" content=\"summary_large_image\" \/>\n<meta name=\"twitter:label1\" content=\"Est. reading time\" \/>\n\t<meta name=\"twitter:data1\" content=\"2 minutes\" \/>\n<script type=\"application\/ld+json\" class=\"yoast-schema-graph\">{\"@context\":\"https:\\\/\\\/schema.org\",\"@graph\":[{\"@type\":\"WebPage\",\"@id\":\"https:\\\/\\\/neos-music.com\\\/product\\\/reflections-on-chopin\\\/\",\"url\":\"https:\\\/\\\/neos-music.com\\\/product\\\/reflections-on-chopin\\\/\",\"name\":\"Reflections on Chopin - NEOS Music\",\"isPartOf\":{\"@id\":\"https:\\\/\\\/neos-music.com\\\/#website\"},\"primaryImageOfPage\":{\"@id\":\"https:\\\/\\\/neos-music.com\\\/product\\\/reflections-on-chopin\\\/#primaryimage\"},\"image\":{\"@id\":\"https:\\\/\\\/neos-music.com\\\/product\\\/reflections-on-chopin\\\/#primaryimage\"},\"thumbnailUrl\":\"https:\\\/\\\/i0.wp.com\\\/neos-music.com\\\/wp-content\\\/uploads\\\/2026\\\/03\\\/NEOS-32605-Reflections-on-Chopin-Cover.jpg?fit=1647%2C1483&ssl=1\",\"datePublished\":\"2026-03-12T09:46:16+00:00\",\"dateModified\":\"2026-03-12T11:12:01+00:00\",\"description\":\"\u201eReflections on Chopin\u201c es ist die Essenz eines k\u00fcnstlerischen Weges, eine Hommage an Chopins geistiges Erbe und ein leidenschaftliches Bekenntnis zur Musik als Spiegel des Lebens.\",\"breadcrumb\":{\"@id\":\"https:\\\/\\\/neos-music.com\\\/product\\\/reflections-on-chopin\\\/#breadcrumb\"},\"inLanguage\":\"en-US\",\"potentialAction\":[{\"@type\":\"ReadAction\",\"target\":[\"https:\\\/\\\/neos-music.com\\\/product\\\/reflections-on-chopin\\\/\"]}]},{\"@type\":\"ImageObject\",\"inLanguage\":\"en-US\",\"@id\":\"https:\\\/\\\/neos-music.com\\\/product\\\/reflections-on-chopin\\\/#primaryimage\",\"url\":\"https:\\\/\\\/i0.wp.com\\\/neos-music.com\\\/wp-content\\\/uploads\\\/2026\\\/03\\\/NEOS-32605-Reflections-on-Chopin-Cover.jpg?fit=1647%2C1483&ssl=1\",\"contentUrl\":\"https:\\\/\\\/i0.wp.com\\\/neos-music.com\\\/wp-content\\\/uploads\\\/2026\\\/03\\\/NEOS-32605-Reflections-on-Chopin-Cover.jpg?fit=1647%2C1483&ssl=1\",\"width\":1647,\"height\":1483},{\"@type\":\"BreadcrumbList\",\"@id\":\"https:\\\/\\\/neos-music.com\\\/product\\\/reflections-on-chopin\\\/#breadcrumb\",\"itemListElement\":[{\"@type\":\"ListItem\",\"position\":1,\"name\":\"Startseite\",\"item\":\"https:\\\/\\\/neos-music.com\\\/\"},{\"@type\":\"ListItem\",\"position\":2,\"name\":\"Produkte\",\"item\":\"https:\\\/\\\/neos-music.com\\\/shop__trashed\\\/\"},{\"@type\":\"ListItem\",\"position\":3,\"name\":\"Reflections on Chopin\"}]},{\"@type\":\"WebSite\",\"@id\":\"https:\\\/\\\/neos-music.com\\\/#website\",\"url\":\"https:\\\/\\\/neos-music.com\\\/\",\"name\":\"NEOS Music\",\"description\":\"Dein Online Shop f\u00fcr zeitgen\u00f6ssische Musik, Jazz und Classics!\",\"publisher\":{\"@id\":\"https:\\\/\\\/neos-music.com\\\/#organization\"},\"potentialAction\":[{\"@type\":\"SearchAction\",\"target\":{\"@type\":\"EntryPoint\",\"urlTemplate\":\"https:\\\/\\\/neos-music.com\\\/?s={search_term_string}\"},\"query-input\":{\"@type\":\"PropertyValueSpecification\",\"valueRequired\":true,\"valueName\":\"search_term_string\"}}],\"inLanguage\":\"en-US\"},{\"@type\":\"Organization\",\"@id\":\"https:\\\/\\\/neos-music.com\\\/#organization\",\"name\":\"NEOS Music\",\"url\":\"https:\\\/\\\/neos-music.com\\\/\",\"logo\":{\"@type\":\"ImageObject\",\"inLanguage\":\"en-US\",\"@id\":\"https:\\\/\\\/neos-music.com\\\/#\\\/schema\\\/logo\\\/image\\\/\",\"url\":\"https:\\\/\\\/i0.wp.com\\\/neos-music.com\\\/wp-content\\\/uploads\\\/2025\\\/08\\\/NEOS-Logo-weiss.png?fit=800%2C203&ssl=1\",\"contentUrl\":\"https:\\\/\\\/i0.wp.com\\\/neos-music.com\\\/wp-content\\\/uploads\\\/2025\\\/08\\\/NEOS-Logo-weiss.png?fit=800%2C203&ssl=1\",\"width\":800,\"height\":203,\"caption\":\"NEOS Music\"},\"image\":{\"@id\":\"https:\\\/\\\/neos-music.com\\\/#\\\/schema\\\/logo\\\/image\\\/\"}}]}<\/script>\n<!-- \/ Yoast SEO plugin. -->","yoast_head_json":{"title":"Reflections on Chopin - NEOS Music","description":"\u201eReflections on Chopin\u201c es ist die Essenz eines k\u00fcnstlerischen Weges, eine Hommage an Chopins geistiges Erbe und ein leidenschaftliches Bekenntnis zur Musik als Spiegel des Lebens.","robots":{"index":"index","follow":"follow","max-snippet":"max-snippet:-1","max-image-preview":"max-image-preview:large","max-video-preview":"max-video-preview:-1"},"canonical":"https:\/\/neos-music.com\/en_us\/product\/reflections-on-chopin\/","og_locale":"en_US","og_type":"article","og_title":"Reflections on Chopin - NEOS Music","og_description":"\u201eReflections on Chopin\u201c es ist die Essenz eines k\u00fcnstlerischen Weges, eine Hommage an Chopins geistiges Erbe und ein leidenschaftliches Bekenntnis zur Musik als Spiegel des Lebens.","og_url":"https:\/\/neos-music.com\/en_us\/product\/reflections-on-chopin\/","og_site_name":"NEOS Music","article_modified_time":"2026-03-12T11:12:01+00:00","og_image":[{"width":1647,"height":1483,"url":"https:\/\/neos-music.com\/wp-content\/uploads\/2026\/03\/NEOS-32605-Reflections-on-Chopin-Cover.jpg","type":"image\/jpeg"}],"twitter_card":"summary_large_image","twitter_misc":{"Est. reading time":"2 minutes"},"schema":{"@context":"https:\/\/schema.org","@graph":[{"@type":"WebPage","@id":"https:\/\/neos-music.com\/product\/reflections-on-chopin\/","url":"https:\/\/neos-music.com\/product\/reflections-on-chopin\/","name":"Reflections on Chopin - NEOS Music","isPartOf":{"@id":"https:\/\/neos-music.com\/#website"},"primaryImageOfPage":{"@id":"https:\/\/neos-music.com\/product\/reflections-on-chopin\/#primaryimage"},"image":{"@id":"https:\/\/neos-music.com\/product\/reflections-on-chopin\/#primaryimage"},"thumbnailUrl":"https:\/\/i0.wp.com\/neos-music.com\/wp-content\/uploads\/2026\/03\/NEOS-32605-Reflections-on-Chopin-Cover.jpg?fit=1647%2C1483&ssl=1","datePublished":"2026-03-12T09:46:16+00:00","dateModified":"2026-03-12T11:12:01+00:00","description":"\u201eReflections on Chopin\u201c es ist die Essenz eines k\u00fcnstlerischen Weges, eine Hommage an Chopins geistiges Erbe und ein leidenschaftliches Bekenntnis zur Musik als Spiegel des Lebens.","breadcrumb":{"@id":"https:\/\/neos-music.com\/product\/reflections-on-chopin\/#breadcrumb"},"inLanguage":"en-US","potentialAction":[{"@type":"ReadAction","target":["https:\/\/neos-music.com\/product\/reflections-on-chopin\/"]}]},{"@type":"ImageObject","inLanguage":"en-US","@id":"https:\/\/neos-music.com\/product\/reflections-on-chopin\/#primaryimage","url":"https:\/\/i0.wp.com\/neos-music.com\/wp-content\/uploads\/2026\/03\/NEOS-32605-Reflections-on-Chopin-Cover.jpg?fit=1647%2C1483&ssl=1","contentUrl":"https:\/\/i0.wp.com\/neos-music.com\/wp-content\/uploads\/2026\/03\/NEOS-32605-Reflections-on-Chopin-Cover.jpg?fit=1647%2C1483&ssl=1","width":1647,"height":1483},{"@type":"BreadcrumbList","@id":"https:\/\/neos-music.com\/product\/reflections-on-chopin\/#breadcrumb","itemListElement":[{"@type":"ListItem","position":1,"name":"Startseite","item":"https:\/\/neos-music.com\/"},{"@type":"ListItem","position":2,"name":"Produkte","item":"https:\/\/neos-music.com\/shop__trashed\/"},{"@type":"ListItem","position":3,"name":"Reflections on Chopin"}]},{"@type":"WebSite","@id":"https:\/\/neos-music.com\/#website","url":"https:\/\/neos-music.com\/","name":"NEOS Music","description":"Dein Online Shop f\u00fcr zeitgen\u00f6ssische Musik, Jazz und Classics!","publisher":{"@id":"https:\/\/neos-music.com\/#organization"},"potentialAction":[{"@type":"SearchAction","target":{"@type":"EntryPoint","urlTemplate":"https:\/\/neos-music.com\/?s={search_term_string}"},"query-input":{"@type":"PropertyValueSpecification","valueRequired":true,"valueName":"search_term_string"}}],"inLanguage":"en-US"},{"@type":"Organization","@id":"https:\/\/neos-music.com\/#organization","name":"NEOS Music","url":"https:\/\/neos-music.com\/","logo":{"@type":"ImageObject","inLanguage":"en-US","@id":"https:\/\/neos-music.com\/#\/schema\/logo\/image\/","url":"https:\/\/i0.wp.com\/neos-music.com\/wp-content\/uploads\/2025\/08\/NEOS-Logo-weiss.png?fit=800%2C203&ssl=1","contentUrl":"https:\/\/i0.wp.com\/neos-music.com\/wp-content\/uploads\/2025\/08\/NEOS-Logo-weiss.png?fit=800%2C203&ssl=1","width":800,"height":203,"caption":"NEOS Music"},"image":{"@id":"https:\/\/neos-music.com\/#\/schema\/logo\/image\/"}}]}},"jetpack_sharing_enabled":true,"_links":{"self":[{"href":"https:\/\/neos-music.com\/en_us\/wp-json\/wp\/v2\/product\/11482","targetHints":{"allow":["GET"]}}],"collection":[{"href":"https:\/\/neos-music.com\/en_us\/wp-json\/wp\/v2\/product"}],"about":[{"href":"https:\/\/neos-music.com\/en_us\/wp-json\/wp\/v2\/types\/product"}],"version-history":[{"count":3,"href":"https:\/\/neos-music.com\/en_us\/wp-json\/wp\/v2\/product\/11482\/revisions"}],"predecessor-version":[{"id":11488,"href":"https:\/\/neos-music.com\/en_us\/wp-json\/wp\/v2\/product\/11482\/revisions\/11488"}],"wp:featuredmedia":[{"embeddable":true,"href":"https:\/\/neos-music.com\/en_us\/wp-json\/wp\/v2\/media\/11485"}],"wp:attachment":[{"href":"https:\/\/neos-music.com\/en_us\/wp-json\/wp\/v2\/media?parent=11482"}],"wp:term":[{"taxonomy":"product_brand","embeddable":true,"href":"https:\/\/neos-music.com\/en_us\/wp-json\/wp\/v2\/product_brand?post=11482"},{"taxonomy":"product_cat","embeddable":true,"href":"https:\/\/neos-music.com\/en_us\/wp-json\/wp\/v2\/product_cat?post=11482"},{"taxonomy":"product_tag","embeddable":true,"href":"https:\/\/neos-music.com\/en_us\/wp-json\/wp\/v2\/product_tag?post=11482"}],"curies":[{"name":"wp","href":"https:\/\/api.w.org\/{rel}","templated":true}]}}