{"id":11490,"date":"2026-03-12T18:00:11","date_gmt":"2026-03-12T17:00:11","guid":{"rendered":"https:\/\/neos-music.com\/?post_type=product&#038;p=11490"},"modified":"2026-03-13T17:07:08","modified_gmt":"2026-03-13T16:07:08","slug":"robert-m-helmschrott-metamorphose-nomina","status":"publish","type":"product","link":"https:\/\/neos-music.com\/en_us\/product\/robert-m-helmschrott-metamorphose-nomina\/","title":{"rendered":"Robert M. Helmschrott: Metamorphose \u2013 Nomina"},"content":{"rendered":"<p>With the double album METAMORPHOSE \u2013 NOMINA, Robert M. Helmschrott presents an impressive compilation of central works from his spiritual oeuvre for organ. The recording combines large-scale psalm meditations with personal, partly memorial organ pieces and opens up a multi-layered sound space between contemplation, memory and spiritual reflection.<\/p>\n<p class=\"translation-block\">DThe first part of the album is the cycle <em>Metamorphose \u2013 Meditations on the psalms De profundis, Ad te, Domine, levavi&lt;, Da pacem<\/em> and <em>Laudate Dominum<\/em>. Helmschrott understands meditation as a conscious turning towards the essential. His music becomes a place of inner contemplation, in which existential experiences such as lament, hope, trust and joy take shape in sound. From Gregorian-inspired phrases to eruptive clusters of sound, a dense, symbolic tonal language unfolds.<\/p>\n<p>The symphonically conceived version for organ and exceptionally rich percussion \u2013 recorded in 1984 at Munich's Liebfrauendom \u2013 reinforces the dialogical structure of the works. Organ and percussion are not presented as opposites, but as communicating forces of sound. Music becomes \u2018language\u2019 in the true sense of the word: sound as a symbol and vehicle of spiritual experience.<\/p>\n<p>The second part, NOMINA, brings together smaller organ works from the years 1971 to 2012. Created partly spontaneously shortly before the dismantling of the Munich Steinmeyer organ, the recording preserves its characteristic timbres as a musical legacy. In the three-part cycle <em>Nomina<\/em> names become musical codes \u2013 personal dedications are transformed into multi-layered sound figures.<\/p>\n<p class=\"translation-block\">he programme is complemented by memorial works such as the <em>Drei St\u00fccke f\u00fcr Orgel \u00bbin memoriam I. S.\u00ab<\/em> (Igor Strawinsky), the <em>Epitaph f\u00fcr F. B.<\/em> (Fritz B\u00fcchtger) or <em>R\u00e9flexion et lumi\u00e8re,<\/em> a homage to Albert Schweitzer.<\/p>\n<p>Robert M. Helmschrott (born 1938), a multi-award-winning composer and long-standing president of the Munich University of Music and Performing Arts, combines spiritual depth with tonal innovation. METAMORPHOSE \u2013 NOMINA is an invitation to a contemplative listening experience \u2013 music as a path to the centre and as a transformation of sound into insight.<\/p>","protected":false},"excerpt":{"rendered":"<p>2 CDs<\/p>","protected":false},"featured_media":11493,"template":"","meta":{"site-sidebar-layout":"default","site-content-layout":"default","ast-site-content-layout":"default","site-content-style":"default","site-sidebar-style":"default","ast-global-header-display":"","ast-banner-title-visibility":"","ast-main-header-display":"","ast-hfb-above-header-display":"","ast-hfb-below-header-display":"","ast-hfb-mobile-header-display":"","site-post-title":"","ast-breadcrumbs-content":"","ast-featured-img":"","footer-sml-layout":"","theme-transparent-header-meta":"default","adv-header-id-meta":"","stick-header-meta":"","header-above-stick-meta":"","header-main-stick-meta":"","header-below-stick-meta":"","astra-migrate-meta-layouts":"set","ast-page-background-enabled":"default","ast-page-background-meta":{"desktop":{"background-color":"","background-image":"","background-repeat":"repeat","background-position":"center center","background-size":"auto","background-attachment":"scroll","background-type":"","background-media":"","overlay-type":"","overlay-color":"","overlay-opacity":"","overlay-gradient":""},"tablet":{"background-color":"","background-image":"","background-repeat":"repeat","background-position":"center center","background-size":"auto","background-attachment":"scroll","background-type":"","background-media":"","overlay-type":"","overlay-color":"","overlay-opacity":"","overlay-gradient":""},"mobile":{"background-color":"","background-image":"","background-repeat":"repeat","background-position":"center center","background-size":"auto","background-attachment":"scroll","background-type":"","background-media":"","overlay-type":"","overlay-color":"","overlay-opacity":"","overlay-gradient":""}},"ast-content-background-meta":{"desktop":{"background-color":"var(--ast-global-color-5)","background-image":"","background-repeat":"repeat","background-position":"center center","background-size":"auto","background-attachment":"scroll","background-type":"","background-media":"","overlay-type":"","overlay-color":"","overlay-opacity":"","overlay-gradient":""},"tablet":{"background-color":"var(--ast-global-color-5)","background-image":"","background-repeat":"repeat","background-position":"center center","background-size":"auto","background-attachment":"scroll","background-type":"","background-media":"","overlay-type":"","overlay-color":"","overlay-opacity":"","overlay-gradient":""},"mobile":{"background-color":"var(--ast-global-color-5)","background-image":"","background-repeat":"repeat","background-position":"center center","background-size":"auto","background-attachment":"scroll","background-type":"","background-media":"","overlay-type":"","overlay-color":"","overlay-opacity":"","overlay-gradient":""}}},"product_brand":[],"product_cat":[26],"product_tag":[876],"class_list":{"0":"post-11490","1":"product","2":"type-product","3":"status-publish","4":"has-post-thumbnail","6":"product_cat-zeitgenossische-musik","7":"product_tag-neuveroeffentlichungen","8":"desktop-align-left","9":"tablet-align-left","10":"mobile-align-left","12":"first","13":"instock","14":"taxable","15":"shipping-taxable","16":"purchasable","17":"product-type-simple"},"yoast_head":"<!-- This site is optimized with the Yoast SEO plugin v27.4 - https:\/\/yoast.com\/product\/yoast-seo-wordpress\/ -->\n<title>Robert M. Helmschrott: Metamorphose \u2013 Nomina - NEOS Music<\/title>\n<meta name=\"description\" content=\"METAMORPHOSE \u2013 NOMINA ist eine Einladung zur kontemplativen H\u00f6rerfahrung \u2013 Musik als Weg zur Mitte und als Transformation von Klang in Erkenntnis.\" \/>\n<meta name=\"robots\" content=\"index, follow, max-snippet:-1, max-image-preview:large, max-video-preview:-1\" \/>\n<link rel=\"canonical\" href=\"https:\/\/neos-music.com\/en_us\/product\/robert-m-helmschrott-metamorphose-nomina\/\" \/>\n<meta property=\"og:locale\" content=\"en_US\" \/>\n<meta property=\"og:type\" content=\"article\" \/>\n<meta property=\"og:title\" content=\"Robert M. Helmschrott: Metamorphose \u2013 Nomina - NEOS Music\" \/>\n<meta property=\"og:description\" content=\"METAMORPHOSE \u2013 NOMINA ist eine Einladung zur kontemplativen H\u00f6rerfahrung \u2013 Musik als Weg zur Mitte und als Transformation von Klang in Erkenntnis.\" \/>\n<meta property=\"og:url\" content=\"https:\/\/neos-music.com\/en_us\/product\/robert-m-helmschrott-metamorphose-nomina\/\" \/>\n<meta property=\"og:site_name\" content=\"NEOS Music\" \/>\n<meta property=\"article:modified_time\" content=\"2026-03-13T16:07:08+00:00\" \/>\n<meta property=\"og:image\" content=\"https:\/\/neos-music.com\/wp-content\/uploads\/2026\/03\/NEOS-12536-37-Helmschrott-Metamorphose-Nomina-Cover.jpg\" \/>\n\t<meta property=\"og:image:width\" content=\"1648\" \/>\n\t<meta property=\"og:image:height\" content=\"1482\" \/>\n\t<meta property=\"og:image:type\" content=\"image\/jpeg\" \/>\n<meta name=\"twitter:card\" content=\"summary_large_image\" \/>\n<meta name=\"twitter:label1\" content=\"Est. reading time\" \/>\n\t<meta name=\"twitter:data1\" content=\"2 minutes\" \/>\n<script type=\"application\/ld+json\" class=\"yoast-schema-graph\">{\"@context\":\"https:\\\/\\\/schema.org\",\"@graph\":[{\"@type\":\"WebPage\",\"@id\":\"https:\\\/\\\/neos-music.com\\\/product\\\/robert-m-helmschrott-metamorphose-nomina\\\/\",\"url\":\"https:\\\/\\\/neos-music.com\\\/product\\\/robert-m-helmschrott-metamorphose-nomina\\\/\",\"name\":\"Robert M. Helmschrott: Metamorphose \u2013 Nomina - NEOS Music\",\"isPartOf\":{\"@id\":\"https:\\\/\\\/neos-music.com\\\/#website\"},\"primaryImageOfPage\":{\"@id\":\"https:\\\/\\\/neos-music.com\\\/product\\\/robert-m-helmschrott-metamorphose-nomina\\\/#primaryimage\"},\"image\":{\"@id\":\"https:\\\/\\\/neos-music.com\\\/product\\\/robert-m-helmschrott-metamorphose-nomina\\\/#primaryimage\"},\"thumbnailUrl\":\"https:\\\/\\\/i0.wp.com\\\/neos-music.com\\\/wp-content\\\/uploads\\\/2026\\\/03\\\/NEOS-12536-37-Helmschrott-Metamorphose-Nomina-Cover.jpg?fit=1648%2C1482&ssl=1\",\"datePublished\":\"2026-03-12T17:00:11+00:00\",\"dateModified\":\"2026-03-13T16:07:08+00:00\",\"description\":\"METAMORPHOSE \u2013 NOMINA ist eine Einladung zur kontemplativen H\u00f6rerfahrung \u2013 Musik als Weg zur Mitte und als Transformation von Klang in Erkenntnis.\",\"breadcrumb\":{\"@id\":\"https:\\\/\\\/neos-music.com\\\/product\\\/robert-m-helmschrott-metamorphose-nomina\\\/#breadcrumb\"},\"inLanguage\":\"en-US\",\"potentialAction\":[{\"@type\":\"ReadAction\",\"target\":[\"https:\\\/\\\/neos-music.com\\\/product\\\/robert-m-helmschrott-metamorphose-nomina\\\/\"]}]},{\"@type\":\"ImageObject\",\"inLanguage\":\"en-US\",\"@id\":\"https:\\\/\\\/neos-music.com\\\/product\\\/robert-m-helmschrott-metamorphose-nomina\\\/#primaryimage\",\"url\":\"https:\\\/\\\/i0.wp.com\\\/neos-music.com\\\/wp-content\\\/uploads\\\/2026\\\/03\\\/NEOS-12536-37-Helmschrott-Metamorphose-Nomina-Cover.jpg?fit=1648%2C1482&ssl=1\",\"contentUrl\":\"https:\\\/\\\/i0.wp.com\\\/neos-music.com\\\/wp-content\\\/uploads\\\/2026\\\/03\\\/NEOS-12536-37-Helmschrott-Metamorphose-Nomina-Cover.jpg?fit=1648%2C1482&ssl=1\",\"width\":1648,\"height\":1482},{\"@type\":\"BreadcrumbList\",\"@id\":\"https:\\\/\\\/neos-music.com\\\/product\\\/robert-m-helmschrott-metamorphose-nomina\\\/#breadcrumb\",\"itemListElement\":[{\"@type\":\"ListItem\",\"position\":1,\"name\":\"Startseite\",\"item\":\"https:\\\/\\\/neos-music.com\\\/\"},{\"@type\":\"ListItem\",\"position\":2,\"name\":\"Produkte\",\"item\":\"https:\\\/\\\/neos-music.com\\\/shop__trashed\\\/\"},{\"@type\":\"ListItem\",\"position\":3,\"name\":\"Robert M. Helmschrott: Metamorphose \u2013 Nomina\"}]},{\"@type\":\"WebSite\",\"@id\":\"https:\\\/\\\/neos-music.com\\\/#website\",\"url\":\"https:\\\/\\\/neos-music.com\\\/\",\"name\":\"NEOS Music\",\"description\":\"Dein Online Shop f\u00fcr zeitgen\u00f6ssische Musik, Jazz und Classics!\",\"publisher\":{\"@id\":\"https:\\\/\\\/neos-music.com\\\/#organization\"},\"potentialAction\":[{\"@type\":\"SearchAction\",\"target\":{\"@type\":\"EntryPoint\",\"urlTemplate\":\"https:\\\/\\\/neos-music.com\\\/?s={search_term_string}\"},\"query-input\":{\"@type\":\"PropertyValueSpecification\",\"valueRequired\":true,\"valueName\":\"search_term_string\"}}],\"inLanguage\":\"en-US\"},{\"@type\":\"Organization\",\"@id\":\"https:\\\/\\\/neos-music.com\\\/#organization\",\"name\":\"NEOS Music\",\"url\":\"https:\\\/\\\/neos-music.com\\\/\",\"logo\":{\"@type\":\"ImageObject\",\"inLanguage\":\"en-US\",\"@id\":\"https:\\\/\\\/neos-music.com\\\/#\\\/schema\\\/logo\\\/image\\\/\",\"url\":\"https:\\\/\\\/i0.wp.com\\\/neos-music.com\\\/wp-content\\\/uploads\\\/2025\\\/08\\\/NEOS-Logo-weiss.png?fit=800%2C203&ssl=1\",\"contentUrl\":\"https:\\\/\\\/i0.wp.com\\\/neos-music.com\\\/wp-content\\\/uploads\\\/2025\\\/08\\\/NEOS-Logo-weiss.png?fit=800%2C203&ssl=1\",\"width\":800,\"height\":203,\"caption\":\"NEOS Music\"},\"image\":{\"@id\":\"https:\\\/\\\/neos-music.com\\\/#\\\/schema\\\/logo\\\/image\\\/\"}}]}<\/script>\n<!-- \/ Yoast SEO plugin. -->","yoast_head_json":{"title":"Robert M. Helmschrott: Metamorphose \u2013 Nomina - NEOS Music","description":"METAMORPHOSE \u2013 NOMINA ist eine Einladung zur kontemplativen H\u00f6rerfahrung \u2013 Musik als Weg zur Mitte und als Transformation von Klang in Erkenntnis.","robots":{"index":"index","follow":"follow","max-snippet":"max-snippet:-1","max-image-preview":"max-image-preview:large","max-video-preview":"max-video-preview:-1"},"canonical":"https:\/\/neos-music.com\/en_us\/product\/robert-m-helmschrott-metamorphose-nomina\/","og_locale":"en_US","og_type":"article","og_title":"Robert M. Helmschrott: Metamorphose \u2013 Nomina - NEOS Music","og_description":"METAMORPHOSE \u2013 NOMINA ist eine Einladung zur kontemplativen H\u00f6rerfahrung \u2013 Musik als Weg zur Mitte und als Transformation von Klang in Erkenntnis.","og_url":"https:\/\/neos-music.com\/en_us\/product\/robert-m-helmschrott-metamorphose-nomina\/","og_site_name":"NEOS Music","article_modified_time":"2026-03-13T16:07:08+00:00","og_image":[{"width":1648,"height":1482,"url":"https:\/\/neos-music.com\/wp-content\/uploads\/2026\/03\/NEOS-12536-37-Helmschrott-Metamorphose-Nomina-Cover.jpg","type":"image\/jpeg"}],"twitter_card":"summary_large_image","twitter_misc":{"Est. reading time":"2 minutes"},"schema":{"@context":"https:\/\/schema.org","@graph":[{"@type":"WebPage","@id":"https:\/\/neos-music.com\/product\/robert-m-helmschrott-metamorphose-nomina\/","url":"https:\/\/neos-music.com\/product\/robert-m-helmschrott-metamorphose-nomina\/","name":"Robert M. Helmschrott: Metamorphose \u2013 Nomina - NEOS Music","isPartOf":{"@id":"https:\/\/neos-music.com\/#website"},"primaryImageOfPage":{"@id":"https:\/\/neos-music.com\/product\/robert-m-helmschrott-metamorphose-nomina\/#primaryimage"},"image":{"@id":"https:\/\/neos-music.com\/product\/robert-m-helmschrott-metamorphose-nomina\/#primaryimage"},"thumbnailUrl":"https:\/\/i0.wp.com\/neos-music.com\/wp-content\/uploads\/2026\/03\/NEOS-12536-37-Helmschrott-Metamorphose-Nomina-Cover.jpg?fit=1648%2C1482&ssl=1","datePublished":"2026-03-12T17:00:11+00:00","dateModified":"2026-03-13T16:07:08+00:00","description":"METAMORPHOSE \u2013 NOMINA ist eine Einladung zur kontemplativen H\u00f6rerfahrung \u2013 Musik als Weg zur Mitte und als Transformation von Klang in Erkenntnis.","breadcrumb":{"@id":"https:\/\/neos-music.com\/product\/robert-m-helmschrott-metamorphose-nomina\/#breadcrumb"},"inLanguage":"en-US","potentialAction":[{"@type":"ReadAction","target":["https:\/\/neos-music.com\/product\/robert-m-helmschrott-metamorphose-nomina\/"]}]},{"@type":"ImageObject","inLanguage":"en-US","@id":"https:\/\/neos-music.com\/product\/robert-m-helmschrott-metamorphose-nomina\/#primaryimage","url":"https:\/\/i0.wp.com\/neos-music.com\/wp-content\/uploads\/2026\/03\/NEOS-12536-37-Helmschrott-Metamorphose-Nomina-Cover.jpg?fit=1648%2C1482&ssl=1","contentUrl":"https:\/\/i0.wp.com\/neos-music.com\/wp-content\/uploads\/2026\/03\/NEOS-12536-37-Helmschrott-Metamorphose-Nomina-Cover.jpg?fit=1648%2C1482&ssl=1","width":1648,"height":1482},{"@type":"BreadcrumbList","@id":"https:\/\/neos-music.com\/product\/robert-m-helmschrott-metamorphose-nomina\/#breadcrumb","itemListElement":[{"@type":"ListItem","position":1,"name":"Startseite","item":"https:\/\/neos-music.com\/"},{"@type":"ListItem","position":2,"name":"Produkte","item":"https:\/\/neos-music.com\/shop__trashed\/"},{"@type":"ListItem","position":3,"name":"Robert M. Helmschrott: Metamorphose \u2013 Nomina"}]},{"@type":"WebSite","@id":"https:\/\/neos-music.com\/#website","url":"https:\/\/neos-music.com\/","name":"NEOS Music","description":"Dein Online Shop f\u00fcr zeitgen\u00f6ssische Musik, Jazz und Classics!","publisher":{"@id":"https:\/\/neos-music.com\/#organization"},"potentialAction":[{"@type":"SearchAction","target":{"@type":"EntryPoint","urlTemplate":"https:\/\/neos-music.com\/?s={search_term_string}"},"query-input":{"@type":"PropertyValueSpecification","valueRequired":true,"valueName":"search_term_string"}}],"inLanguage":"en-US"},{"@type":"Organization","@id":"https:\/\/neos-music.com\/#organization","name":"NEOS Music","url":"https:\/\/neos-music.com\/","logo":{"@type":"ImageObject","inLanguage":"en-US","@id":"https:\/\/neos-music.com\/#\/schema\/logo\/image\/","url":"https:\/\/i0.wp.com\/neos-music.com\/wp-content\/uploads\/2025\/08\/NEOS-Logo-weiss.png?fit=800%2C203&ssl=1","contentUrl":"https:\/\/i0.wp.com\/neos-music.com\/wp-content\/uploads\/2025\/08\/NEOS-Logo-weiss.png?fit=800%2C203&ssl=1","width":800,"height":203,"caption":"NEOS Music"},"image":{"@id":"https:\/\/neos-music.com\/#\/schema\/logo\/image\/"}}]}},"jetpack_sharing_enabled":true,"_links":{"self":[{"href":"https:\/\/neos-music.com\/en_us\/wp-json\/wp\/v2\/product\/11490","targetHints":{"allow":["GET"]}}],"collection":[{"href":"https:\/\/neos-music.com\/en_us\/wp-json\/wp\/v2\/product"}],"about":[{"href":"https:\/\/neos-music.com\/en_us\/wp-json\/wp\/v2\/types\/product"}],"version-history":[{"count":4,"href":"https:\/\/neos-music.com\/en_us\/wp-json\/wp\/v2\/product\/11490\/revisions"}],"predecessor-version":[{"id":11499,"href":"https:\/\/neos-music.com\/en_us\/wp-json\/wp\/v2\/product\/11490\/revisions\/11499"}],"wp:featuredmedia":[{"embeddable":true,"href":"https:\/\/neos-music.com\/en_us\/wp-json\/wp\/v2\/media\/11493"}],"wp:attachment":[{"href":"https:\/\/neos-music.com\/en_us\/wp-json\/wp\/v2\/media?parent=11490"}],"wp:term":[{"taxonomy":"product_brand","embeddable":true,"href":"https:\/\/neos-music.com\/en_us\/wp-json\/wp\/v2\/product_brand?post=11490"},{"taxonomy":"product_cat","embeddable":true,"href":"https:\/\/neos-music.com\/en_us\/wp-json\/wp\/v2\/product_cat?post=11490"},{"taxonomy":"product_tag","embeddable":true,"href":"https:\/\/neos-music.com\/en_us\/wp-json\/wp\/v2\/product_tag?post=11490"}],"curies":[{"name":"wp","href":"https:\/\/api.w.org\/{rel}","templated":true}]}}