{"id":11535,"date":"2026-04-10T14:37:51","date_gmt":"2026-04-10T12:37:51","guid":{"rendered":"https:\/\/neos-music.com\/?post_type=product&#038;p=11535"},"modified":"2026-04-10T15:23:37","modified_gmt":"2026-04-10T13:23:37","slug":"better-me","status":"publish","type":"product","link":"https:\/\/neos-music.com\/en_us\/product\/better-me\/","title":{"rendered":"BETTER ME \u2013 Works for percussion and electronics"},"content":{"rendered":"<p>With BETTER ME, Vanessa Porter and Emil Kuyumcuyan present an extraordinary duo album that navigates the terrain between contemporary composition, electronic sound art and performative energy. All the works were developed specifically for this project and unfold as a cohesive sonic cosmos in which precise structure and spontaneous freedom coexist on equal terms.<\/p>\n<p>At its heart lies an expanded understanding of percussion: sounds, resonances and impulses become just as significant as harmony, melody and rhythm. Combined with electronics, this creates a multi-layered soundscape that oscillates between archaic directness and delicate fragility. The electronics do not function as a supplement, but as an equal musical partner.<\/p>\n<p>A defining element of the album is the tension between control and openness. Composed passages flow seamlessly into improvisational spaces where decisions are made in the moment. Thus, listening itself becomes a process \u2013 characterised by movement, intensification and resolution.<\/p>\n<p>The individual tracks open up different perspectives on this spectrum: from dense electronic textures and pulsating, IDM-influenced structures to purely acoustic soundscapes that work with unusual materials. Melodic moments meet raw energy, repetitive patterns meet fragile soundscapes. Time and again, new spaces emerge \u2013 acoustically, emotionally and associatively.<\/p>\n<p>Despite its close connection to performative elements, BETTER ME stands as a standalone listening experience. The album invites listeners to delve into details whilst simultaneously perceiving larger sonic movements. Transitions are fluid, contrasts deliberately established and then dissolved \u2013 like individual drops that only reveal their whole when they interact.<\/p>\n<p>In essence, the project reflects central questions of our time: the desire for self-determination, identity and visibility. BETTER ME remains deliberately open \u2013 as music in the making, between acoustic physicality and electronic expansion, between the present and possibility.<\/p>","protected":false},"excerpt":{"rendered":"<p>1 CD<\/p>","protected":false},"featured_media":11540,"template":"","meta":{"site-sidebar-layout":"default","site-content-layout":"default","ast-site-content-layout":"default","site-content-style":"default","site-sidebar-style":"default","ast-global-header-display":"","ast-banner-title-visibility":"","ast-main-header-display":"","ast-hfb-above-header-display":"","ast-hfb-below-header-display":"","ast-hfb-mobile-header-display":"","site-post-title":"","ast-breadcrumbs-content":"","ast-featured-img":"","footer-sml-layout":"","theme-transparent-header-meta":"default","adv-header-id-meta":"","stick-header-meta":"","header-above-stick-meta":"","header-main-stick-meta":"","header-below-stick-meta":"","astra-migrate-meta-layouts":"set","ast-page-background-enabled":"default","ast-page-background-meta":{"desktop":{"background-color":"","background-image":"","background-repeat":"repeat","background-position":"center center","background-size":"auto","background-attachment":"scroll","background-type":"","background-media":"","overlay-type":"","overlay-color":"","overlay-opacity":"","overlay-gradient":""},"tablet":{"background-color":"","background-image":"","background-repeat":"repeat","background-position":"center center","background-size":"auto","background-attachment":"scroll","background-type":"","background-media":"","overlay-type":"","overlay-color":"","overlay-opacity":"","overlay-gradient":""},"mobile":{"background-color":"","background-image":"","background-repeat":"repeat","background-position":"center center","background-size":"auto","background-attachment":"scroll","background-type":"","background-media":"","overlay-type":"","overlay-color":"","overlay-opacity":"","overlay-gradient":""}},"ast-content-background-meta":{"desktop":{"background-color":"var(--ast-global-color-5)","background-image":"","background-repeat":"repeat","background-position":"center center","background-size":"auto","background-attachment":"scroll","background-type":"","background-media":"","overlay-type":"","overlay-color":"","overlay-opacity":"","overlay-gradient":""},"tablet":{"background-color":"var(--ast-global-color-5)","background-image":"","background-repeat":"repeat","background-position":"center center","background-size":"auto","background-attachment":"scroll","background-type":"","background-media":"","overlay-type":"","overlay-color":"","overlay-opacity":"","overlay-gradient":""},"mobile":{"background-color":"var(--ast-global-color-5)","background-image":"","background-repeat":"repeat","background-position":"center center","background-size":"auto","background-attachment":"scroll","background-type":"","background-media":"","overlay-type":"","overlay-color":"","overlay-opacity":"","overlay-gradient":""}}},"product_brand":[],"product_cat":[26],"product_tag":[],"class_list":{"0":"post-11535","1":"product","2":"type-product","3":"status-publish","4":"has-post-thumbnail","6":"product_cat-zeitgenossische-musik","7":"desktop-align-left","8":"tablet-align-left","9":"mobile-align-left","11":"first","12":"instock","13":"featured","14":"taxable","15":"shipping-taxable","16":"purchasable","17":"product-type-simple"},"yoast_head":"<!-- This site is optimized with the Yoast SEO plugin v27.4 - https:\/\/yoast.com\/product\/yoast-seo-wordpress\/ -->\n<title>BETTER ME - Werke f\u00fcr Schlagzeug und Elektronik - NEOS Music<\/title>\n<meta name=\"description\" content=\"Vanessa Porter und Emil Kuyumcuyan pr\u00e4sentieren ein au\u00dfergew\u00f6hnliches Duo-Album, das sich zwischen zeitgen\u00f6ssischer Komposition, elektronischer Klangkunst und performativer Energie bewegt.\" \/>\n<meta name=\"robots\" content=\"index, follow, max-snippet:-1, max-image-preview:large, max-video-preview:-1\" \/>\n<link rel=\"canonical\" href=\"https:\/\/neos-music.com\/en_us\/product\/better-me\/\" \/>\n<meta property=\"og:locale\" content=\"en_US\" \/>\n<meta property=\"og:type\" content=\"article\" \/>\n<meta property=\"og:title\" content=\"BETTER ME - Werke f\u00fcr Schlagzeug und Elektronik - NEOS Music\" \/>\n<meta property=\"og:description\" content=\"Vanessa Porter und Emil Kuyumcuyan pr\u00e4sentieren ein au\u00dfergew\u00f6hnliches Duo-Album, das sich zwischen zeitgen\u00f6ssischer Komposition, elektronischer Klangkunst und performativer Energie bewegt.\" \/>\n<meta property=\"og:url\" content=\"https:\/\/neos-music.com\/en_us\/product\/better-me\/\" \/>\n<meta property=\"og:site_name\" content=\"NEOS Music\" \/>\n<meta property=\"article:modified_time\" content=\"2026-04-10T13:23:37+00:00\" \/>\n<meta property=\"og:image\" content=\"https:\/\/neos-music.com\/wp-content\/uploads\/2026\/04\/NEOS-12606-BETTER-ME-Cover.jpg\" \/>\n\t<meta property=\"og:image:width\" content=\"1649\" \/>\n\t<meta property=\"og:image:height\" content=\"1482\" \/>\n\t<meta property=\"og:image:type\" content=\"image\/jpeg\" \/>\n<meta name=\"twitter:card\" content=\"summary_large_image\" \/>\n<meta name=\"twitter:label1\" content=\"Est. reading time\" \/>\n\t<meta name=\"twitter:data1\" content=\"2 minutes\" \/>\n<script type=\"application\/ld+json\" class=\"yoast-schema-graph\">{\"@context\":\"https:\\\/\\\/schema.org\",\"@graph\":[{\"@type\":\"WebPage\",\"@id\":\"https:\\\/\\\/neos-music.com\\\/product\\\/better-me\\\/\",\"url\":\"https:\\\/\\\/neos-music.com\\\/product\\\/better-me\\\/\",\"name\":\"BETTER ME - Werke f\u00fcr Schlagzeug und Elektronik - NEOS Music\",\"isPartOf\":{\"@id\":\"https:\\\/\\\/neos-music.com\\\/#website\"},\"primaryImageOfPage\":{\"@id\":\"https:\\\/\\\/neos-music.com\\\/product\\\/better-me\\\/#primaryimage\"},\"image\":{\"@id\":\"https:\\\/\\\/neos-music.com\\\/product\\\/better-me\\\/#primaryimage\"},\"thumbnailUrl\":\"https:\\\/\\\/i0.wp.com\\\/neos-music.com\\\/wp-content\\\/uploads\\\/2026\\\/04\\\/NEOS-12606-BETTER-ME-Cover.jpg?fit=1649%2C1482&ssl=1\",\"datePublished\":\"2026-04-10T12:37:51+00:00\",\"dateModified\":\"2026-04-10T13:23:37+00:00\",\"description\":\"Vanessa Porter und Emil Kuyumcuyan pr\u00e4sentieren ein au\u00dfergew\u00f6hnliches Duo-Album, das sich zwischen zeitgen\u00f6ssischer Komposition, elektronischer Klangkunst und performativer Energie bewegt.\",\"breadcrumb\":{\"@id\":\"https:\\\/\\\/neos-music.com\\\/product\\\/better-me\\\/#breadcrumb\"},\"inLanguage\":\"en-US\",\"potentialAction\":[{\"@type\":\"ReadAction\",\"target\":[\"https:\\\/\\\/neos-music.com\\\/product\\\/better-me\\\/\"]}]},{\"@type\":\"ImageObject\",\"inLanguage\":\"en-US\",\"@id\":\"https:\\\/\\\/neos-music.com\\\/product\\\/better-me\\\/#primaryimage\",\"url\":\"https:\\\/\\\/i0.wp.com\\\/neos-music.com\\\/wp-content\\\/uploads\\\/2026\\\/04\\\/NEOS-12606-BETTER-ME-Cover.jpg?fit=1649%2C1482&ssl=1\",\"contentUrl\":\"https:\\\/\\\/i0.wp.com\\\/neos-music.com\\\/wp-content\\\/uploads\\\/2026\\\/04\\\/NEOS-12606-BETTER-ME-Cover.jpg?fit=1649%2C1482&ssl=1\",\"width\":1649,\"height\":1482},{\"@type\":\"BreadcrumbList\",\"@id\":\"https:\\\/\\\/neos-music.com\\\/product\\\/better-me\\\/#breadcrumb\",\"itemListElement\":[{\"@type\":\"ListItem\",\"position\":1,\"name\":\"Startseite\",\"item\":\"https:\\\/\\\/neos-music.com\\\/\"},{\"@type\":\"ListItem\",\"position\":2,\"name\":\"Produkte\",\"item\":\"https:\\\/\\\/neos-music.com\\\/shop__trashed\\\/\"},{\"@type\":\"ListItem\",\"position\":3,\"name\":\"BETTER ME &#8211; Werke f\u00fcr Schlagzeug und Elektronik\"}]},{\"@type\":\"WebSite\",\"@id\":\"https:\\\/\\\/neos-music.com\\\/#website\",\"url\":\"https:\\\/\\\/neos-music.com\\\/\",\"name\":\"NEOS Music\",\"description\":\"Dein Online Shop f\u00fcr zeitgen\u00f6ssische Musik, Jazz und Classics!\",\"publisher\":{\"@id\":\"https:\\\/\\\/neos-music.com\\\/#organization\"},\"potentialAction\":[{\"@type\":\"SearchAction\",\"target\":{\"@type\":\"EntryPoint\",\"urlTemplate\":\"https:\\\/\\\/neos-music.com\\\/?s={search_term_string}\"},\"query-input\":{\"@type\":\"PropertyValueSpecification\",\"valueRequired\":true,\"valueName\":\"search_term_string\"}}],\"inLanguage\":\"en-US\"},{\"@type\":\"Organization\",\"@id\":\"https:\\\/\\\/neos-music.com\\\/#organization\",\"name\":\"NEOS Music\",\"url\":\"https:\\\/\\\/neos-music.com\\\/\",\"logo\":{\"@type\":\"ImageObject\",\"inLanguage\":\"en-US\",\"@id\":\"https:\\\/\\\/neos-music.com\\\/#\\\/schema\\\/logo\\\/image\\\/\",\"url\":\"https:\\\/\\\/i0.wp.com\\\/neos-music.com\\\/wp-content\\\/uploads\\\/2025\\\/08\\\/NEOS-Logo-weiss.png?fit=800%2C203&ssl=1\",\"contentUrl\":\"https:\\\/\\\/i0.wp.com\\\/neos-music.com\\\/wp-content\\\/uploads\\\/2025\\\/08\\\/NEOS-Logo-weiss.png?fit=800%2C203&ssl=1\",\"width\":800,\"height\":203,\"caption\":\"NEOS Music\"},\"image\":{\"@id\":\"https:\\\/\\\/neos-music.com\\\/#\\\/schema\\\/logo\\\/image\\\/\"}}]}<\/script>\n<!-- \/ Yoast SEO plugin. -->","yoast_head_json":{"title":"BETTER ME - Werke f\u00fcr Schlagzeug und Elektronik - NEOS Music","description":"Vanessa Porter und Emil Kuyumcuyan pr\u00e4sentieren ein au\u00dfergew\u00f6hnliches Duo-Album, das sich zwischen zeitgen\u00f6ssischer Komposition, elektronischer Klangkunst und performativer Energie bewegt.","robots":{"index":"index","follow":"follow","max-snippet":"max-snippet:-1","max-image-preview":"max-image-preview:large","max-video-preview":"max-video-preview:-1"},"canonical":"https:\/\/neos-music.com\/en_us\/product\/better-me\/","og_locale":"en_US","og_type":"article","og_title":"BETTER ME - Werke f\u00fcr Schlagzeug und Elektronik - NEOS Music","og_description":"Vanessa Porter und Emil Kuyumcuyan pr\u00e4sentieren ein au\u00dfergew\u00f6hnliches Duo-Album, das sich zwischen zeitgen\u00f6ssischer Komposition, elektronischer Klangkunst und performativer Energie bewegt.","og_url":"https:\/\/neos-music.com\/en_us\/product\/better-me\/","og_site_name":"NEOS Music","article_modified_time":"2026-04-10T13:23:37+00:00","og_image":[{"width":1649,"height":1482,"url":"https:\/\/neos-music.com\/wp-content\/uploads\/2026\/04\/NEOS-12606-BETTER-ME-Cover.jpg","type":"image\/jpeg"}],"twitter_card":"summary_large_image","twitter_misc":{"Est. reading time":"2 minutes"},"schema":{"@context":"https:\/\/schema.org","@graph":[{"@type":"WebPage","@id":"https:\/\/neos-music.com\/product\/better-me\/","url":"https:\/\/neos-music.com\/product\/better-me\/","name":"BETTER ME - Werke f\u00fcr Schlagzeug und Elektronik - NEOS Music","isPartOf":{"@id":"https:\/\/neos-music.com\/#website"},"primaryImageOfPage":{"@id":"https:\/\/neos-music.com\/product\/better-me\/#primaryimage"},"image":{"@id":"https:\/\/neos-music.com\/product\/better-me\/#primaryimage"},"thumbnailUrl":"https:\/\/i0.wp.com\/neos-music.com\/wp-content\/uploads\/2026\/04\/NEOS-12606-BETTER-ME-Cover.jpg?fit=1649%2C1482&ssl=1","datePublished":"2026-04-10T12:37:51+00:00","dateModified":"2026-04-10T13:23:37+00:00","description":"Vanessa Porter und Emil Kuyumcuyan pr\u00e4sentieren ein au\u00dfergew\u00f6hnliches Duo-Album, das sich zwischen zeitgen\u00f6ssischer Komposition, elektronischer Klangkunst und performativer Energie bewegt.","breadcrumb":{"@id":"https:\/\/neos-music.com\/product\/better-me\/#breadcrumb"},"inLanguage":"en-US","potentialAction":[{"@type":"ReadAction","target":["https:\/\/neos-music.com\/product\/better-me\/"]}]},{"@type":"ImageObject","inLanguage":"en-US","@id":"https:\/\/neos-music.com\/product\/better-me\/#primaryimage","url":"https:\/\/i0.wp.com\/neos-music.com\/wp-content\/uploads\/2026\/04\/NEOS-12606-BETTER-ME-Cover.jpg?fit=1649%2C1482&ssl=1","contentUrl":"https:\/\/i0.wp.com\/neos-music.com\/wp-content\/uploads\/2026\/04\/NEOS-12606-BETTER-ME-Cover.jpg?fit=1649%2C1482&ssl=1","width":1649,"height":1482},{"@type":"BreadcrumbList","@id":"https:\/\/neos-music.com\/product\/better-me\/#breadcrumb","itemListElement":[{"@type":"ListItem","position":1,"name":"Startseite","item":"https:\/\/neos-music.com\/"},{"@type":"ListItem","position":2,"name":"Produkte","item":"https:\/\/neos-music.com\/shop__trashed\/"},{"@type":"ListItem","position":3,"name":"BETTER ME &#8211; Werke f\u00fcr Schlagzeug und Elektronik"}]},{"@type":"WebSite","@id":"https:\/\/neos-music.com\/#website","url":"https:\/\/neos-music.com\/","name":"NEOS Music","description":"Dein Online Shop f\u00fcr zeitgen\u00f6ssische Musik, Jazz und Classics!","publisher":{"@id":"https:\/\/neos-music.com\/#organization"},"potentialAction":[{"@type":"SearchAction","target":{"@type":"EntryPoint","urlTemplate":"https:\/\/neos-music.com\/?s={search_term_string}"},"query-input":{"@type":"PropertyValueSpecification","valueRequired":true,"valueName":"search_term_string"}}],"inLanguage":"en-US"},{"@type":"Organization","@id":"https:\/\/neos-music.com\/#organization","name":"NEOS Music","url":"https:\/\/neos-music.com\/","logo":{"@type":"ImageObject","inLanguage":"en-US","@id":"https:\/\/neos-music.com\/#\/schema\/logo\/image\/","url":"https:\/\/i0.wp.com\/neos-music.com\/wp-content\/uploads\/2025\/08\/NEOS-Logo-weiss.png?fit=800%2C203&ssl=1","contentUrl":"https:\/\/i0.wp.com\/neos-music.com\/wp-content\/uploads\/2025\/08\/NEOS-Logo-weiss.png?fit=800%2C203&ssl=1","width":800,"height":203,"caption":"NEOS Music"},"image":{"@id":"https:\/\/neos-music.com\/#\/schema\/logo\/image\/"}}]}},"jetpack_sharing_enabled":true,"_links":{"self":[{"href":"https:\/\/neos-music.com\/en_us\/wp-json\/wp\/v2\/product\/11535","targetHints":{"allow":["GET"]}}],"collection":[{"href":"https:\/\/neos-music.com\/en_us\/wp-json\/wp\/v2\/product"}],"about":[{"href":"https:\/\/neos-music.com\/en_us\/wp-json\/wp\/v2\/types\/product"}],"version-history":[{"count":3,"href":"https:\/\/neos-music.com\/en_us\/wp-json\/wp\/v2\/product\/11535\/revisions"}],"predecessor-version":[{"id":11543,"href":"https:\/\/neos-music.com\/en_us\/wp-json\/wp\/v2\/product\/11535\/revisions\/11543"}],"wp:featuredmedia":[{"embeddable":true,"href":"https:\/\/neos-music.com\/en_us\/wp-json\/wp\/v2\/media\/11540"}],"wp:attachment":[{"href":"https:\/\/neos-music.com\/en_us\/wp-json\/wp\/v2\/media?parent=11535"}],"wp:term":[{"taxonomy":"product_brand","embeddable":true,"href":"https:\/\/neos-music.com\/en_us\/wp-json\/wp\/v2\/product_brand?post=11535"},{"taxonomy":"product_cat","embeddable":true,"href":"https:\/\/neos-music.com\/en_us\/wp-json\/wp\/v2\/product_cat?post=11535"},{"taxonomy":"product_tag","embeddable":true,"href":"https:\/\/neos-music.com\/en_us\/wp-json\/wp\/v2\/product_tag?post=11535"}],"curies":[{"name":"wp","href":"https:\/\/api.w.org\/{rel}","templated":true}]}}