{"id":1863,"date":"2021-06-25T00:00:33","date_gmt":"2021-06-25T00:00:33","guid":{"rendered":"https:\/\/neos-music.com\/?post_type=product&#038;p=1863"},"modified":"2023-05-22T19:30:46","modified_gmt":"2023-05-22T19:30:46","slug":"johann-sebastian-bach-goldberg-variationen","status":"publish","type":"product","link":"https:\/\/neos-music.com\/en_us\/product\/johann-sebastian-bach-goldberg-variationen\/","title":{"rendered":"Johann Sebastian Bach: Goldberg-Variationen"},"content":{"rendered":"<p>Infotext:<\/p>\n<table border=\"0\" width=\"100%\" rules=\"none\" cellspacing=\"0\" cellpadding=\"0\">\n<tbody>\n<tr>\n<td class=\"bigcontent2\">\n<div id=\"infotext\">\n<p><b>DIE GOLDBERG-VARIATIONEN<br \/>\n\u00dcberlegungen zur Tempogestaltung<\/b><\/p>\n<p>&nbsp;<\/p>\n<p>Ob es jemals Absicht war, die\u00a0<i>Goldberg-Variationen<\/i>\u00a0als einen Zyklus zu spielen, wird sich nie vollst\u00e4ndig kl\u00e4ren lassen. Berichte aus dem Umfeld von Johann Sebastian Bach, der dieses Werk um 1740 komponierte, geben Anlass f\u00fcr eine andere Auslegung. Der Bach-Biograph Johann Nicolaus Forkel spricht um 1800 auf der Grundlage von Mitteilungen der S\u00f6hne Bachs von schlaflosen N\u00e4chten des Grafen Hermann Carl von Keyserlingk, seinerzeit russischer Gesandter in Dresden von 1733 bis 1745. Auf Keyserlingks Bitten wollte sein Freund Bach mit Musik aus eigener Feder dieser anhaltenden Schlaflosigkeit Abhilfe schaffen. Bach hoffte, mit einem Variationenwerk \u00fcber einer Basslinie diesem Wunsch am ehesten gerecht werden zu k\u00f6nnen. Keyserlingk bat seinen Hauscembalisten Johann Gottlieb Goldberg (unter dessen Namen dieses Werk bekannt wurde), gelegentlich eine oder mehrere \u00bbseiner\u00ab Variationen zu spielen. Doch gerade die vollst\u00e4ndige Auff\u00fchrung dieser Variationen geh\u00f6rt l\u00e4ngst zum festen Repertoire von Cembalisten und Pianisten. Im Falle einer vollst\u00e4ndigen Auff\u00fchrung wird erwartet, dass \u00dcberlegungen bez\u00fcglich der Frage, wie sich die verschiedenen Variationen zueinander verhalten, zu konkretisieren sind.<\/p>\n<p>&nbsp;<\/p>\n<p>W\u00e4re es nicht Absicht gewesen, die Variationen vollst\u00e4ndig zu spielen (obwohl wir nicht wissen, wie ernst Keyserlingks Schlaflosigkeit tats\u00e4chlich war), w\u00e4re es auch nicht Absicht gewesen, den Grafen mittels Virtuosit\u00e4t und permanent wechselnder Tempi seines Schlafes zu berauben.<\/p>\n<p>Offen bleibt der Ursprung f\u00fcr die \u00dcberlegung, Variationen in verschiedenen Tempi spielen zu wollen. Der Originalpartitur aus dem Jahr 1741 ist nur eine Tempoangabe (bei Variation 15\u00a0<i>andante<\/i>) zu entnehmen, auch wenn zwei andere Angaben (bei Variation 16 und Variation 22) ein bestimmtes Tempo implizieren. Ausgaben mit Tempoangaben f\u00fcr jede einzelne Variation lassen sich erst Mitte des 19. Jahrhunderts finden, was das Bed\u00fcrfnis nach eindeutigen Tempodifferenzierungen, offensichtlich Ausdruck eines romantischen Geistes, erkennen l\u00e4sst. Diese Haltung widerspricht jedoch der barocken \u00c4sthetik von Regelm\u00e4\u00dfigkeit und Symmetrie.<\/p>\n<p>Obwohl seit den 1970er Jahren ein Exemplar der Erstausgabe mit Bachs eigenen Erl\u00e4uterungen, inklusive zwei neuer Tempoangaben, vorliegt, kn\u00fcpfen immer noch Interpretationen an die \u00fcbliche Praxis mit Virtuosit\u00e4t und Tempowechsel an.<\/p>\n<p>&nbsp;<\/p>\n<p>Bei genauerer Betrachtung scheinen allerdings gerade diese zwei neuen Tempoangaben bez\u00fcglich der Interpretation der betroffenen Variationen nicht von wesentlicher Bedeutung. Sie erwecken sogar den Anschein, \u00fcberfl\u00fcssig zu sein. Die Erg\u00e4nzung in Variation 7,\u00a0<i>al tempo di Giga<\/i>, und die Erg\u00e4nzung in Variation 25,\u00a0<i>adagio<\/i>, best\u00e4tigen tats\u00e4chlich, was der Notentext bereits deutlich macht. Diese Erg\u00e4nzungen verdeutlichen, dass offensichtlich Variation 7 NICHT\u00a0<i>al tempo di Giga<\/i>\u00a0gespielt wurde, ebenso Variation 25 NICHT\u00a0<i>adagio<\/i>.<\/p>\n<p>Die\u00a0<i>Goldberg-Variationen<\/i>\u00a0definieren sich als ein Zyklus aufeinander folgender Variationen. Dass eine einzelne Variation mit einer Tempoangabe versehen ist, sagt nicht nur etwas \u00fcber die jeweilige Variation aus, sondern auch \u00fcber den Kontext, in dem diese Variation steht. Variation 7 muss\u00a0<i>al tempo di Giga<\/i>\u00a0gespielt werden, weil Variation 6 NICHT in diesem Tempo gespielt wird. Dementsprechend muss also Variation 25\u00a0<i>adagio<\/i>\u00a0gespielt werden, weil Variation 24 NICHT\u00a0<i>adagio<\/i>\u00a0gespielt wird.<\/p>\n<p>Eine Tempoangabe impliziert demnach eine Tempoabweichung. Aus den Erg\u00e4nzungen zweier Tempoangaben von Bach in seinem\u00a0<i>Handexemplar<\/i>\u00a0l\u00e4sst sich schlie\u00dfen, dass er die Bedeutung besonderer, abweichender Tempi betont. Daraus ergibt sich die Schlussfolgerung, dass alle Variationen, mit Ausnahme derer, in denen ein eigenes Tempo angegeben wird (in der revidierten Fassung Variationen 7, 15, 16, 22 und 25), in \u00bbnormalem\u00ab Tempo gespielt werden sollen.<\/p>\n<p>&nbsp;<\/p>\n<p>Bach hat die Variationen in verschiedenen Taktarten geschrieben. Vor diesem Hintergrund stellt sich die Frage, wie das \u00bbnormale\u00ab Tempo durchgehalten werden soll. Aus dem letzten Takt der Variation 26 ergibt sich die Antwort: Hier weicht die Schreibweise der Pausen von der \u00fcblichen in einem 18\/16-Takt ab. Die Unterteilung der rhythmischen Akzente verschiebt sich somit von 2\u2009x\u20093 auf 3\u2009x\u20092 Sechzehntel. Diese letzte Unterteilung entspricht den rhythmischen Akzenten in einem 6\/8-Takt, dem Takt der Variation 27. Da laut Quellen aus Bachs Umfeld (u.\u2009a. Kirnberger) die Achtel-Takte grunds\u00e4tzlich als triplierte Viertel-Takte zu verstehen sind, wird deutlich, dass in den verschiedenen Variationen und Taktarten ein einheitlicher Puls sp\u00fcrbar ist, der auf der Viertelnote der\u00a0<i>Aria<\/i>\u00a0basiert und damit als Ausgangspunkt f\u00fcr die Wahl des Tempos gelten kann. Die vorliegende Einspielung greift genau auf diese Idee zur\u00fcck. Meine Interpretation sucht nach einer Einheit im Werk und l\u00e4sst die Basslinie \u00bbMantra-\u00e4hnlich\u00ab erklingen. Auch wenn diese Musik alles andere als \u00bbSchlaf-f\u00f6rdernd\u00ab sein will, gelingt dadurch ein Verharren in sich stetig wiegender Bewegung.<\/p>\n<p>&nbsp;<\/p>\n<p>Albert-Jan Roelofs<br \/>\n<i>\u00dcbersetzung: Yvonne Petitpierre<\/i><\/p>\n<\/div>\n<\/td>\n<td><\/td>\n<\/tr>\n<\/tbody>\n<\/table>\n<p>Programm:<\/p>\n<table border=\"0\" width=\"100%\" rules=\"none\" cellspacing=\"0\" cellpadding=\"0\">\n<tbody>\n<tr>\n<td class=\"bigcontent2\">\n<div id=\"tracks\">\n<p><b>Johann Sebastian Bach<\/b>\u00a0(1685\u20131750)<\/p>\n<p><b>Goldberg-Variationen<\/b><br \/>\nAria mit verschiedenen Ver\u00e4nderungen BWV 988 (1741)<\/p>\n<p><i>Clavier Ubung bestehend in einer ARIA mit verschiedenen Veraenderungen vors Clavicimbal mit 2 Manualen.<br \/>\nDenen Liebhabern zur Gem\u00fcths\u2009\u00b7\u2009Ergetzung verfertiget von<br \/>\nJOHANN SEBASTIAN BACH<br \/>\nK\u00f6nigl. Pohl. und Churfl. Saechsl. Hoff-Compositeur, Capellmeister, u. Directore Chori Musici in Leipzig.<\/i><\/p>\n<p>[01]\u00a0<b>Aria<\/b>\u00a001:56<br \/>\n[02]\u00a0<b>Variatio 1. a 1 Clav.<\/b>\u00a001:41<br \/>\n[03]\u00a0<b>Variatio 2. a 1 Clav.<\/b>\u00a002:18<br \/>\n[04]\u00a0<b>Variatio 3. Canone all\u2019Unisuono, a 1 Clav.<\/b>\u00a001:10<br \/>\n[05]\u00a0<b>Variatio 4. a 1 Clav.<\/b>\u00a001:12<br \/>\n[06]\u00a0<b>Variatio 5. a 1 \u00f4vero 2 Clav.<\/b>\u00a001:33<br \/>\n[07]\u00a0<b>Variatio 6. Canone alla Seconda, a 1 Clav.<\/b>\u00a001:14<br \/>\n[08]\u00a0<b>Variatio 7. a 1 \u00f4vero 2 Clav.\u00a0<i>al tempo di giga<\/i><\/b>\u00a000:54<br \/>\n[09]<b>\u00a0Variatio 8. a 2 Clav.<\/b>\u00a001:44<br \/>\n[10]\u00a0<b>Variatio 9. Canone alla Terza, a 1 Clav.<\/b>\u00a001:10<br \/>\n[11]\u00a0<b>Variatio 10. Fugetta, a 1 Clav.<\/b>\u00a001:06<br \/>\n[12]\u00a0<b>Variatio 11. a 2 Clav.<\/b>\u00a001:10<br \/>\n[13]\u00a0<b>Variatio 12. Canone alla Quarta.<\/b>\u00a001:44<br \/>\n[14]\u00a0<b>Variatio 13. a 2 Clav.<\/b>\u00a001:45<br \/>\n[15]\u00a0<b>Variatio 14. a 2 Clav.<\/b>\u00a001:32<br \/>\n[16]\u00a0<b>Variatio 15. Canone alla Quinta, a 1 Clav.\u00a0<i>andante<\/i><\/b><i><\/i>\u00a002:25<br \/>\n[17]\u00a0<b>Variatio 16. a 1 Clav. Ouverture<\/b>\u00a003:08<br \/>\n[18]\u00a0<b>Variatio 17. a 2 Clav.<\/b>\u00a001:40<br \/>\n[19]\u00a0<b>Variatio 18. Canone alla Sexta, a 1 Clav.<\/b>\u00a001:07<br \/>\n[20]\u00a0<b>Variatio 19. a 1 Clav.<\/b>\u00a000:35<br \/>\n[21]\u00a0<b>Variatio 20. a 2 Clav.<\/b>\u00a001:37<br \/>\n[22]\u00a0<b>Variatio 21. Canone alla Settima.<\/b>\u00a001:09<br \/>\n[23]\u00a0<b>Variatio 22. a 1 Clav.\u00a0<i>alla breve<\/i><\/b><i><\/i>\u00a000:53<br \/>\n[24]<b>\u00a0Variatio 23. a 2 Clav.<\/b>\u00a001:39<br \/>\n[25]\u00a0<b>Variatio 24. Canone all\u2019Ottava, a 1 Clav.<\/b>\u00a001:44<br \/>\n[26]<b>\u00a0Variatio 25. a 2 Clav.\u00a0<i>adagio<\/i><\/b><i><\/i>\u00a007:19<br \/>\n[27]\u00a0<b>Variatio 26. a 2 Clav.<\/b>\u00a001:38<br \/>\n[28]\u00a0<b>Variatio 27. Canone alla Nona, a 2 Clav.<\/b>\u00a001:07<br \/>\n[29]\u00a0<b>Variatio 28. a 2 Clav.<\/b>\u00a001:37<br \/>\n[30]\u00a0<b>Variatio 29. a 1 \u00f4vero 2 Clav.<\/b>\u00a001:34<br \/>\n[31]\u00a0<b>Variatio 30. a 1 Clav. Quodlibet.<\/b>\u00a001:10<br \/>\n[32]\u00a0<b>Aria da Capo \u00e8 Fine.<\/b>\u00a002:07<\/p>\n<p>Gesamtspielzeit: 54:55<\/p>\n<p><b><a class=\"arcoma_glossarylink\" href=\"https:\/\/neos-music.com\/output.php?content=Kuenstler\/Roelofs_Albert-Jan.php&amp;treplace=english%2Cgerman\" target=\"_self\" rel=\"noopener\">Albert-Jan Roelofs<\/a><\/b>, Cembalo<\/p>\n<p>&nbsp;<\/p>\n<p><iframe src=\"https:\/\/w.soundcloud.com\/player\/?url=https%3A\/\/api.soundcloud.com\/playlists\/1276245337&amp;color=%23ff5500&amp;auto_play=false&amp;hide_related=false&amp;show_comments=true&amp;show_user=true&amp;show_reposts=false&amp;show_teaser=true\" width=\"100%\" height=\"450\" frameborder=\"no\" scrolling=\"no\" data-mce-fragment=\"1\"><\/iframe><\/p>\n<div><a title=\"NEOS Music GmbH\" href=\"https:\/\/neos-music.com\/output.php?template=german-album-details.php&amp;content=Alben\/32101.php#\" target=\"_blank\" rel=\"noopener\">NEOS Music GmbH<\/a>\u00a0\u00b7\u00a0<a title=\"Johann Sebastian Bach: Goldberg-Variationen\" href=\"https:\/\/neos-music.com\/output.php?template=german-album-details.php&amp;content=Alben\/32101.php#\" target=\"_blank\" rel=\"noopener\">Johann Sebastian Bach: Goldberg-Variationen<\/a><\/div>\n<\/div>\n<\/td>\n<td><\/td>\n<\/tr>\n<\/tbody>\n<\/table>\n<p>Pressestimmen:<\/p>\n<table border=\"0\" width=\"100%\" rules=\"none\" cellspacing=\"0\" cellpadding=\"0\">\n<tbody>\n<tr>\n<td class=\"bigcontent2\">\n<div id=\"press\">\n<p><img data-recalc-dims=\"1\" decoding=\"async\" src=\"https:\/\/i0.wp.com\/neos-music.com\/wp-content\/uploads\/2023\/05\/logo_FonoForum.gif?ssl=1\" alt=\"\" \/><br \/>\n11\/21<\/p>\n<p>[\u2026] Dem niederl\u00e4ndischen Clavieristen Albert-Jan Roelofs gelingt es gro\u00dfartig, f\u00fcr die unterschiedlichen musikalischen Tableaus einen gemeinsamen Puls als weltumspannendes Narrativ aufzusp\u00fcren. Roelofs musiziert mit fein delikatem Anschlag, findet in der Semantischen Entschl\u00fcsselung der diversen Taktarten den inneren Bezug der Variationen untereinander und grenzt doch deren unterschiedliche Affektgehalte klar voneinander ab. Roelofs gestaltet diese Variationen nicht nur unglaublich sensibel und feingliedrig, er formt sie unter seinen Fingerkuppen geradezu plastisch aus. [\u2026] Faszinierend!<\/p>\n<p><i>Martin Hoffmann<\/i><\/p>\n<\/div>\n<\/td>\n<td><\/td>\n<\/tr>\n<\/tbody>\n<\/table>\n<p>&nbsp;<\/p>\n","protected":false},"excerpt":{"rendered":"<p>Infotext: DIE GOLDBERG-VARIATIONEN \u00dcberlegungen zur Tempogestaltung &nbsp; Ob es jemals Absicht war, die\u00a0Goldberg-Variationen\u00a0als einen Zyklus zu spielen, wird sich nie vollst\u00e4ndig kl\u00e4ren lassen. Berichte aus dem Umfeld von Johann Sebastian Bach, der dieses Werk um 1740 komponierte, geben Anlass f\u00fcr eine andere Auslegung. Der Bach-Biograph Johann Nicolaus Forkel spricht um 1800 auf der Grundlage von [&hellip;]<\/p>\n","protected":false},"featured_media":1864,"template":"","meta":{"site-sidebar-layout":"default","site-content-layout":"default","ast-site-content-layout":"default","site-content-style":"default","site-sidebar-style":"default","ast-global-header-display":"","ast-banner-title-visibility":"","ast-main-header-display":"","ast-hfb-above-header-display":"","ast-hfb-below-header-display":"","ast-hfb-mobile-header-display":"","site-post-title":"","ast-breadcrumbs-content":"","ast-featured-img":"","footer-sml-layout":"","theme-transparent-header-meta":"default","adv-header-id-meta":"","stick-header-meta":"","header-above-stick-meta":"","header-main-stick-meta":"","header-below-stick-meta":"","astra-migrate-meta-layouts":"default","ast-page-background-enabled":"default","ast-page-background-meta":{"desktop":{"background-color":"","background-image":"","background-repeat":"repeat","background-position":"center center","background-size":"auto","background-attachment":"scroll","background-type":"","background-media":"","overlay-type":"","overlay-color":"","overlay-opacity":"","overlay-gradient":""},"tablet":{"background-color":"","background-image":"","background-repeat":"repeat","background-position":"center center","background-size":"auto","background-attachment":"scroll","background-type":"","background-media":"","overlay-type":"","overlay-color":"","overlay-opacity":"","overlay-gradient":""},"mobile":{"background-color":"","background-image":"","background-repeat":"repeat","background-position":"center center","background-size":"auto","background-attachment":"scroll","background-type":"","background-media":"","overlay-type":"","overlay-color":"","overlay-opacity":"","overlay-gradient":""}},"ast-content-background-meta":{"desktop":{"background-color":"var(--ast-global-color-5)","background-image":"","background-repeat":"repeat","background-position":"center center","background-size":"auto","background-attachment":"scroll","background-type":"","background-media":"","overlay-type":"","overlay-color":"","overlay-opacity":"","overlay-gradient":""},"tablet":{"background-color":"var(--ast-global-color-5)","background-image":"","background-repeat":"repeat","background-position":"center center","background-size":"auto","background-attachment":"scroll","background-type":"","background-media":"","overlay-type":"","overlay-color":"","overlay-opacity":"","overlay-gradient":""},"mobile":{"background-color":"var(--ast-global-color-5)","background-image":"","background-repeat":"repeat","background-position":"center center","background-size":"auto","background-attachment":"scroll","background-type":"","background-media":"","overlay-type":"","overlay-color":"","overlay-opacity":"","overlay-gradient":""}}},"product_brand":[],"product_cat":[25],"product_tag":[],"class_list":{"0":"post-1863","1":"product","2":"type-product","3":"status-publish","4":"has-post-thumbnail","6":"product_cat-klassische-musik","7":"pa_artikelnummer-neos-32101","8":"pa_brand-neos-music","9":"pa_ean-38","10":"desktop-align-left","11":"tablet-align-left","12":"mobile-align-left","14":"first","15":"instock","16":"taxable","17":"shipping-taxable","18":"purchasable","19":"product-type-simple"},"yoast_head":"<!-- This site is optimized with the Yoast SEO plugin v27.4 - https:\/\/yoast.com\/product\/yoast-seo-wordpress\/ -->\n<title>Johann Sebastian Bach: Goldberg-Variationen - NEOS Music<\/title>\n<meta name=\"robots\" content=\"index, follow, max-snippet:-1, max-image-preview:large, max-video-preview:-1\" \/>\n<link rel=\"canonical\" href=\"https:\/\/neos-music.com\/en_us\/product\/johann-sebastian-bach-goldberg-variationen\/\" \/>\n<meta property=\"og:locale\" content=\"en_US\" \/>\n<meta property=\"og:type\" content=\"article\" \/>\n<meta property=\"og:title\" content=\"Johann Sebastian Bach: Goldberg-Variationen - NEOS Music\" \/>\n<meta property=\"og:description\" content=\"Infotext: DIE GOLDBERG-VARIATIONEN \u00dcberlegungen zur Tempogestaltung &nbsp; Ob es jemals Absicht war, die\u00a0Goldberg-Variationen\u00a0als einen Zyklus zu spielen, wird sich nie vollst\u00e4ndig kl\u00e4ren lassen. Berichte aus dem Umfeld von Johann Sebastian Bach, der dieses Werk um 1740 komponierte, geben Anlass f\u00fcr eine andere Auslegung. Der Bach-Biograph Johann Nicolaus Forkel spricht um 1800 auf der Grundlage von [&hellip;]\" \/>\n<meta property=\"og:url\" content=\"https:\/\/neos-music.com\/en_us\/product\/johann-sebastian-bach-goldberg-variationen\/\" \/>\n<meta property=\"og:site_name\" content=\"NEOS Music\" \/>\n<meta property=\"article:modified_time\" content=\"2023-05-22T19:30:46+00:00\" \/>\n<meta property=\"og:image\" content=\"https:\/\/neos-music.com\/wp-content\/uploads\/2022\/11\/B22BA3BD-E668-4640-AD16-E3F8542A2C71.jpeg\" \/>\n\t<meta property=\"og:image:width\" content=\"1649\" \/>\n\t<meta property=\"og:image:height\" content=\"1477\" \/>\n\t<meta property=\"og:image:type\" content=\"image\/jpeg\" \/>\n<meta name=\"twitter:card\" content=\"summary_large_image\" \/>\n<meta name=\"twitter:label1\" content=\"Est. reading time\" \/>\n\t<meta name=\"twitter:data1\" content=\"7 minutes\" \/>\n<script type=\"application\/ld+json\" class=\"yoast-schema-graph\">{\"@context\":\"https:\\\/\\\/schema.org\",\"@graph\":[{\"@type\":\"WebPage\",\"@id\":\"https:\\\/\\\/neos-music.com\\\/product\\\/johann-sebastian-bach-goldberg-variationen\\\/\",\"url\":\"https:\\\/\\\/neos-music.com\\\/product\\\/johann-sebastian-bach-goldberg-variationen\\\/\",\"name\":\"Johann Sebastian Bach: Goldberg-Variationen - NEOS Music\",\"isPartOf\":{\"@id\":\"https:\\\/\\\/neos-music.com\\\/#website\"},\"primaryImageOfPage\":{\"@id\":\"https:\\\/\\\/neos-music.com\\\/product\\\/johann-sebastian-bach-goldberg-variationen\\\/#primaryimage\"},\"image\":{\"@id\":\"https:\\\/\\\/neos-music.com\\\/product\\\/johann-sebastian-bach-goldberg-variationen\\\/#primaryimage\"},\"thumbnailUrl\":\"https:\\\/\\\/i0.wp.com\\\/neos-music.com\\\/wp-content\\\/uploads\\\/2022\\\/11\\\/B22BA3BD-E668-4640-AD16-E3F8542A2C71.jpeg?fit=1649%2C1477&ssl=1\",\"datePublished\":\"2021-06-25T00:00:33+00:00\",\"dateModified\":\"2023-05-22T19:30:46+00:00\",\"breadcrumb\":{\"@id\":\"https:\\\/\\\/neos-music.com\\\/product\\\/johann-sebastian-bach-goldberg-variationen\\\/#breadcrumb\"},\"inLanguage\":\"en-US\",\"potentialAction\":[{\"@type\":\"ReadAction\",\"target\":[\"https:\\\/\\\/neos-music.com\\\/product\\\/johann-sebastian-bach-goldberg-variationen\\\/\"]}]},{\"@type\":\"ImageObject\",\"inLanguage\":\"en-US\",\"@id\":\"https:\\\/\\\/neos-music.com\\\/product\\\/johann-sebastian-bach-goldberg-variationen\\\/#primaryimage\",\"url\":\"https:\\\/\\\/i0.wp.com\\\/neos-music.com\\\/wp-content\\\/uploads\\\/2022\\\/11\\\/B22BA3BD-E668-4640-AD16-E3F8542A2C71.jpeg?fit=1649%2C1477&ssl=1\",\"contentUrl\":\"https:\\\/\\\/i0.wp.com\\\/neos-music.com\\\/wp-content\\\/uploads\\\/2022\\\/11\\\/B22BA3BD-E668-4640-AD16-E3F8542A2C71.jpeg?fit=1649%2C1477&ssl=1\",\"width\":1649,\"height\":1477},{\"@type\":\"BreadcrumbList\",\"@id\":\"https:\\\/\\\/neos-music.com\\\/product\\\/johann-sebastian-bach-goldberg-variationen\\\/#breadcrumb\",\"itemListElement\":[{\"@type\":\"ListItem\",\"position\":1,\"name\":\"Startseite\",\"item\":\"https:\\\/\\\/neos-music.com\\\/\"},{\"@type\":\"ListItem\",\"position\":2,\"name\":\"Produkte\",\"item\":\"https:\\\/\\\/neos-music.com\\\/shop__trashed\\\/\"},{\"@type\":\"ListItem\",\"position\":3,\"name\":\"Johann Sebastian Bach: Goldberg-Variationen\"}]},{\"@type\":\"WebSite\",\"@id\":\"https:\\\/\\\/neos-music.com\\\/#website\",\"url\":\"https:\\\/\\\/neos-music.com\\\/\",\"name\":\"NEOS Music\",\"description\":\"Dein Online Shop f\u00fcr zeitgen\u00f6ssische Musik, Jazz und Classics!\",\"publisher\":{\"@id\":\"https:\\\/\\\/neos-music.com\\\/#organization\"},\"potentialAction\":[{\"@type\":\"SearchAction\",\"target\":{\"@type\":\"EntryPoint\",\"urlTemplate\":\"https:\\\/\\\/neos-music.com\\\/?s={search_term_string}\"},\"query-input\":{\"@type\":\"PropertyValueSpecification\",\"valueRequired\":true,\"valueName\":\"search_term_string\"}}],\"inLanguage\":\"en-US\"},{\"@type\":\"Organization\",\"@id\":\"https:\\\/\\\/neos-music.com\\\/#organization\",\"name\":\"NEOS Music\",\"url\":\"https:\\\/\\\/neos-music.com\\\/\",\"logo\":{\"@type\":\"ImageObject\",\"inLanguage\":\"en-US\",\"@id\":\"https:\\\/\\\/neos-music.com\\\/#\\\/schema\\\/logo\\\/image\\\/\",\"url\":\"https:\\\/\\\/i0.wp.com\\\/neos-music.com\\\/wp-content\\\/uploads\\\/2025\\\/08\\\/NEOS-Logo-weiss.png?fit=800%2C203&ssl=1\",\"contentUrl\":\"https:\\\/\\\/i0.wp.com\\\/neos-music.com\\\/wp-content\\\/uploads\\\/2025\\\/08\\\/NEOS-Logo-weiss.png?fit=800%2C203&ssl=1\",\"width\":800,\"height\":203,\"caption\":\"NEOS Music\"},\"image\":{\"@id\":\"https:\\\/\\\/neos-music.com\\\/#\\\/schema\\\/logo\\\/image\\\/\"}}]}<\/script>\n<!-- \/ Yoast SEO plugin. -->","yoast_head_json":{"title":"Johann Sebastian Bach: Goldberg-Variationen - NEOS Music","robots":{"index":"index","follow":"follow","max-snippet":"max-snippet:-1","max-image-preview":"max-image-preview:large","max-video-preview":"max-video-preview:-1"},"canonical":"https:\/\/neos-music.com\/en_us\/product\/johann-sebastian-bach-goldberg-variationen\/","og_locale":"en_US","og_type":"article","og_title":"Johann Sebastian Bach: Goldberg-Variationen - NEOS Music","og_description":"Infotext: DIE GOLDBERG-VARIATIONEN \u00dcberlegungen zur Tempogestaltung &nbsp; Ob es jemals Absicht war, die\u00a0Goldberg-Variationen\u00a0als einen Zyklus zu spielen, wird sich nie vollst\u00e4ndig kl\u00e4ren lassen. Berichte aus dem Umfeld von Johann Sebastian Bach, der dieses Werk um 1740 komponierte, geben Anlass f\u00fcr eine andere Auslegung. Der Bach-Biograph Johann Nicolaus Forkel spricht um 1800 auf der Grundlage von [&hellip;]","og_url":"https:\/\/neos-music.com\/en_us\/product\/johann-sebastian-bach-goldberg-variationen\/","og_site_name":"NEOS Music","article_modified_time":"2023-05-22T19:30:46+00:00","og_image":[{"width":1649,"height":1477,"url":"https:\/\/neos-music.com\/wp-content\/uploads\/2022\/11\/B22BA3BD-E668-4640-AD16-E3F8542A2C71.jpeg","type":"image\/jpeg"}],"twitter_card":"summary_large_image","twitter_misc":{"Est. reading time":"7 minutes"},"schema":{"@context":"https:\/\/schema.org","@graph":[{"@type":"WebPage","@id":"https:\/\/neos-music.com\/product\/johann-sebastian-bach-goldberg-variationen\/","url":"https:\/\/neos-music.com\/product\/johann-sebastian-bach-goldberg-variationen\/","name":"Johann Sebastian Bach: Goldberg-Variationen - NEOS Music","isPartOf":{"@id":"https:\/\/neos-music.com\/#website"},"primaryImageOfPage":{"@id":"https:\/\/neos-music.com\/product\/johann-sebastian-bach-goldberg-variationen\/#primaryimage"},"image":{"@id":"https:\/\/neos-music.com\/product\/johann-sebastian-bach-goldberg-variationen\/#primaryimage"},"thumbnailUrl":"https:\/\/i0.wp.com\/neos-music.com\/wp-content\/uploads\/2022\/11\/B22BA3BD-E668-4640-AD16-E3F8542A2C71.jpeg?fit=1649%2C1477&ssl=1","datePublished":"2021-06-25T00:00:33+00:00","dateModified":"2023-05-22T19:30:46+00:00","breadcrumb":{"@id":"https:\/\/neos-music.com\/product\/johann-sebastian-bach-goldberg-variationen\/#breadcrumb"},"inLanguage":"en-US","potentialAction":[{"@type":"ReadAction","target":["https:\/\/neos-music.com\/product\/johann-sebastian-bach-goldberg-variationen\/"]}]},{"@type":"ImageObject","inLanguage":"en-US","@id":"https:\/\/neos-music.com\/product\/johann-sebastian-bach-goldberg-variationen\/#primaryimage","url":"https:\/\/i0.wp.com\/neos-music.com\/wp-content\/uploads\/2022\/11\/B22BA3BD-E668-4640-AD16-E3F8542A2C71.jpeg?fit=1649%2C1477&ssl=1","contentUrl":"https:\/\/i0.wp.com\/neos-music.com\/wp-content\/uploads\/2022\/11\/B22BA3BD-E668-4640-AD16-E3F8542A2C71.jpeg?fit=1649%2C1477&ssl=1","width":1649,"height":1477},{"@type":"BreadcrumbList","@id":"https:\/\/neos-music.com\/product\/johann-sebastian-bach-goldberg-variationen\/#breadcrumb","itemListElement":[{"@type":"ListItem","position":1,"name":"Startseite","item":"https:\/\/neos-music.com\/"},{"@type":"ListItem","position":2,"name":"Produkte","item":"https:\/\/neos-music.com\/shop__trashed\/"},{"@type":"ListItem","position":3,"name":"Johann Sebastian Bach: Goldberg-Variationen"}]},{"@type":"WebSite","@id":"https:\/\/neos-music.com\/#website","url":"https:\/\/neos-music.com\/","name":"NEOS Music","description":"Dein Online Shop f\u00fcr zeitgen\u00f6ssische Musik, Jazz und Classics!","publisher":{"@id":"https:\/\/neos-music.com\/#organization"},"potentialAction":[{"@type":"SearchAction","target":{"@type":"EntryPoint","urlTemplate":"https:\/\/neos-music.com\/?s={search_term_string}"},"query-input":{"@type":"PropertyValueSpecification","valueRequired":true,"valueName":"search_term_string"}}],"inLanguage":"en-US"},{"@type":"Organization","@id":"https:\/\/neos-music.com\/#organization","name":"NEOS Music","url":"https:\/\/neos-music.com\/","logo":{"@type":"ImageObject","inLanguage":"en-US","@id":"https:\/\/neos-music.com\/#\/schema\/logo\/image\/","url":"https:\/\/i0.wp.com\/neos-music.com\/wp-content\/uploads\/2025\/08\/NEOS-Logo-weiss.png?fit=800%2C203&ssl=1","contentUrl":"https:\/\/i0.wp.com\/neos-music.com\/wp-content\/uploads\/2025\/08\/NEOS-Logo-weiss.png?fit=800%2C203&ssl=1","width":800,"height":203,"caption":"NEOS Music"},"image":{"@id":"https:\/\/neos-music.com\/#\/schema\/logo\/image\/"}}]}},"jetpack_sharing_enabled":true,"_links":{"self":[{"href":"https:\/\/neos-music.com\/en_us\/wp-json\/wp\/v2\/product\/1863","targetHints":{"allow":["GET"]}}],"collection":[{"href":"https:\/\/neos-music.com\/en_us\/wp-json\/wp\/v2\/product"}],"about":[{"href":"https:\/\/neos-music.com\/en_us\/wp-json\/wp\/v2\/types\/product"}],"version-history":[{"count":0,"href":"https:\/\/neos-music.com\/en_us\/wp-json\/wp\/v2\/product\/1863\/revisions"}],"wp:featuredmedia":[{"embeddable":true,"href":"https:\/\/neos-music.com\/en_us\/wp-json\/wp\/v2\/media\/1864"}],"wp:attachment":[{"href":"https:\/\/neos-music.com\/en_us\/wp-json\/wp\/v2\/media?parent=1863"}],"wp:term":[{"taxonomy":"product_brand","embeddable":true,"href":"https:\/\/neos-music.com\/en_us\/wp-json\/wp\/v2\/product_brand?post=1863"},{"taxonomy":"product_cat","embeddable":true,"href":"https:\/\/neos-music.com\/en_us\/wp-json\/wp\/v2\/product_cat?post=1863"},{"taxonomy":"product_tag","embeddable":true,"href":"https:\/\/neos-music.com\/en_us\/wp-json\/wp\/v2\/product_tag?post=1863"}],"curies":[{"name":"wp","href":"https:\/\/api.w.org\/{rel}","templated":true}]}}