{"id":2273,"date":"2022-10-14T09:47:02","date_gmt":"2022-10-14T09:47:02","guid":{"rendered":"https:\/\/neos-music.com\/?post_type=product&#038;p=2273"},"modified":"2023-01-28T15:29:37","modified_gmt":"2023-01-28T15:29:37","slug":"martin-herchenroeder-terzattacke-music-for-flutes-and-strings","status":"publish","type":"product","link":"https:\/\/neos-music.com\/en_us\/product\/martin-herchenroeder-terzattacke-music-for-flutes-and-strings\/","title":{"rendered":"Martin Herchenr\u00f6der: Terzattacke &#8211; Music for Flutes and Strings"},"content":{"rendered":"<p>Martin Herchenr\u00f6der (*1961)<\/p>\n<p>Programm:<\/p>\n<p>Infotext:<\/p>\n<p>\u00bbBLEIBEN IST NIRGENDS\u00ab<br \/>\nMusik f\u00fcr Fl\u00f6te und Saiten von Martin Herchenr\u00f6der<br \/>\nMit The Tempest f\u00fcr Fl\u00f6te und Gitarre (1992) ein \u00bbimagin\u00e4res Theater nach William Shakespeare\u00ab in die Mitte dieser CD zu stellen, strahlt markant auf die sch\u00f6pferische Identit\u00e4t Martin Herchenr\u00f6ders zur\u00fcck. Darin zeigt sich zum einen seine tiefe Verwurzelung in der europ\u00e4ischen Kulturgeschichte, die sich auch in profunder Schulung an der Musiktradition niederschl\u00e4gt, und zum anderen seine Offenheit f\u00fcr literarische Inspirationsquellen, die er in autonome Kl\u00e4nge transformiert.<br \/>\nHerchenr\u00f6der schuf in dem viers\u00e4tzigen Werk vielschichtige Klanggebilde, worin vor allem atmosph\u00e4rische Dimensionen aufscheinen \u2013 die Natur als auratische Umh\u00fcllung des Geschehens in Shakespeares Der Sturm, aber auch seelische und emotionale Aufwallungen, die in herben Instrumentalgesten auskristallisieren. \u00bbZart bewegt und sehr frei\u00ab lautet die Vortragsanweisung f\u00fcr den kurzen ersten Satz (\u00bbMusic of the Island\u00ab), der vision\u00e4r an ein von allen menschlichen Belangen losgel\u00f6stes Ambiente gemahnt. Demgegen\u00fcber h\u00e4lt der zweite Satz (\u00bbCaliban\u2019s Revolution\u00ab) der menschlichen Existenz den Spiegel vor, bevor sich jenseits von Raum und Zeit das \u00bbInselreich\u00ab erneut in Erinnerung ruft und im vierten Satz die Welt der Geister und der Menschen traumentr\u00fcckte Verbindungen eingehen.<br \/>\nWie ein Nachwort zu The Tempest mutet Greek Blessing f\u00fcr Gitarre (2013) an, das mit komplexen Akkorden und melodischen Ankl\u00e4ngen noch einmal die Gefilde Shakespeares heraufbeschw\u00f6rt \u2013 doch auch um sie zu versiegeln und das Fenster zu neuen Kl\u00e4ngen aufzusto\u00dfen.<br \/>\nIn Terzattacke f\u00fcr Fl\u00f6te (2009) betritt Herchenr\u00f6der ein ganz anderes Terrain, denn diesem und weiteren St\u00fccken liegen keine literarischen Bezugspunkte zugrunde, sondern abstrakte Ph\u00e4nomene oder fl\u00fcchtige Eindr\u00fccke, die sich bei ihm einbrennen, ihn ber\u00fchren und seine Klangfantasie befl\u00fcgeln. \u00bbWinkelmusik I\u00ab lautet der Untertitel von Terzattacke, und in der Tat windet sich die Fl\u00f6te winkelf\u00f6rmig vorw\u00e4rts, lotet Ecken und Kanten aus, rundet und weitet sich, taucht episodenhaft ins Elegische ein, um sich im n\u00e4chsten Moment wieder zu verengen und um sich selbst zu drehen.<br \/>\n\u00bbAufgew\u00fchlt\u00ab und \u00bbgeisterhaft\u00ab<br \/>\nDagegen geleitet \u00bbWinkelmusik II\u00ab, ebenfalls f\u00fcr Fl\u00f6te solo, in den Sekundenschlaf (2013), der vor dem geistigen Auge durch einen bizarren Parcours wechselnder Stimmungen und Reizzust\u00e4nde f\u00fchrt. Pr\u00e4gnante Reizzust\u00e4nde entfaltet auch Orion f\u00fcr Violoncello und Orgel (2018), worin Martin Herchenr\u00f6der bei der Aufnahme im Mai 2021 in der Nikolaikirche in Siegen selbst als Organist mitwirkte. Die Orgel ist \u00bbsein\u00ab Instrument und nimmt in seinem musikalischen Denken und Komponieren eine wichtige Rolle ein \u2013 als experimenteller Klangk\u00f6rper, aber auch wegen ihrer gro\u00dfen Beziehungsvielfalt und ihrer, so Herchenr\u00f6der, \u00bbweit in die Musikgeschichte hineinragenden semantischen Aura\u00ab. Orion entstand f\u00fcr das Internationale Orgelfestival G\u00f6teborg, das kosmische Aspekte der Orgel fokussierte. Herchenr\u00f6der formulierte, zwischen \u00bbaufgew\u00fchlt\u00ab und \u00bbgeisterhaft\u00ab, eine Reise in den Kosmos, die im \u00fcbertragenen Sinn einen Lebensweg bis zum Tod mit Phasen des Aufbegehrens und der Kontemplation skizziert \u2013 bis zum ersterbenden Schluss, der zugleich die Himmelfahrt und den Absturz in die Tiefe symbolisiert.<br \/>\nIn Waves (2022) kombinierte Herchenr\u00f6der die Orgel mit Fl\u00f6te, und auch dieses Werk l\u00e4sst an eine \u00bbReise\u00ab denken, in der sich das lyrische Subjekt jedoch nicht in kosmische Regionen, sondern mit extremen Ausdrucksgegens\u00e4tzen in Bezirke des Traumhaften, Skurrilen und Unbewussten vortastet.<br \/>\nZwar sind Orion und Waves als gr\u00f6\u00dfere B\u00f6gen angelegt, ihre Expressionskraft leitet sich aber auch und vor allem aus der F\u00fclle kontrastierender Details ab. Und dies verweist auf ein zentrales Merkmal von Martin Herchenr\u00f6ders Musik, in der das Verletzliche, Angreifbare, Zersplitterte und Bruchst\u00fcckhafte wesentlich sind. In einem dichten Beziehungsnetz zusammengehalten werden diese Elemente von der existenziellen Frage nach der Verg\u00e4nglichkeit des Lebens, nach Werden und Vergehen. Zum Schl\u00fcsselbegriff gerieten f\u00fcr ihn in diesem Kontext die Worte \u00bbDenn Bleiben ist nirgends\u00ab aus Rainer Maria Rilkes 1922 vollendeten Duineser Elegien. Er fasst diese Worte als Metapher f\u00fcr Musik auf, sie deuten aber zugleich dar\u00fcber hinaus und lenken den Blick auf eine Grundpolarit\u00e4t in der Wahrnehmung von Kl\u00e4ngen: \u00bbMusik als Klang ist\u00ab, so Herchenr\u00f6der, \u00bbimmer weg, nur ein winziger Bruchteil ist in der Gegenwart markiert und danach schon wieder fort. Sie ist fl\u00fcchtig im Augenblick des Entstehens. Im Gegenzug hei\u00dft komponieren aber, etwas zu erschaffen, das als Ganzes den Anspruch erhebt, ein Objekt zu sein, wir sprechen ja von einer musikalischen Form. Wir erleben Musik zwischen Erinnerung und Erwartung, als das Driften der Zeit als Folge von disparaten, unwiederholbar vergangenen Augenblicken. Aber trotzdem h\u00e4ngt alles mit allem zusammen.\u00ab<br \/>\nN\u00e4he und Ferne<br \/>\nDieser produktive Zwiespalt ist f\u00fcr Martin Herchenr\u00f6der essenziell und treibt ihn an, nach einer Musik von \u00bbseltsamer, fremder, beziehungsreicher Sch\u00f6nheit\u00ab zu streben, \u00bbdie sich dem rein intellektuellen Zugang entzieht und dennoch \u2013 oder vielleicht gerade deshalb \u2013 gedanklich tr\u00e4gt\u00ab. Besonders eindringlich zur Geltung kommt dieses Streben in Werken, in denen der fragmentarische Charakter zum kompositorischen Grundprinzip erhoben ist. Dazu z\u00e4hlen auch Rubaiyat f\u00fcr Fl\u00f6te und Klavier (2020) und Poems and Variations, sein 1. Streichquartett (2001\u2009\/\u20092006), die den Reigen dieser CD-Aufnahmen, die alles Ersteinspielungen sind, er\u00f6ffnen und abschlie\u00dfen.<br \/>\nDer Titel Rubaiyat ist der Bezeichnung f\u00fcr eine persische Gedichtform mit einem bestimmten Reimschema (a-a-b-a) entlehnt, was Herchenr\u00f6der in der Anordnung der S\u00e4tze reflektiert haben mag. Die S\u00e4tze 2, 3 und 4 sprechen vage emotionale Belange an, wobei die \u00bbletzten Sicherheiten\u00ab im 2. Satz \u2013 wie die subtilen Ersch\u00fctterungen der Inside-Kl\u00e4nge des Klaviers unmissverst\u00e4ndlich anzeigen \u2013 alles andere als sicher sind. Der 1. Satz indes zielt mit bohrenden Reibungsfl\u00e4chen zwischen w\u00fchlendem Klavierpart und irrlichternden Fl\u00f6tenfiguren auf die Sehns\u00fcchte des Menschen angesichts der Unbegreiflichkeit der Gestirne, w\u00e4hrend der 5. Satz einen Epilog darstellt, der \u00bbmit geheimer Unruhe\u00ab den Faden reflexiver Betrachtungen fortspinnt.<br \/>\nDie Poems and Variations kn\u00fcpfen indirekt an diesen Faden an und entfachen ihrerseits ein Spiel mit N\u00e4he und Ferne, das aus der musikalischen Struktur selbst resultiert. \u00bbAnmutig\u00ab N\u00e4he zu sich selbst sucht die erste Violine im Kopfsatz, die sich in solistischer Einsamkeit von zarten gestischen Regungen bis zu latenten t\u00e4nzerischen Assoziationen steigert. Aber \u00bbBleiben ist nirgends\u00ab schwebt wie ein Menetekel \u00fcber diesem Streichquartett, dessen 2. Satz wie ein unheilvolles Omen gelesen werden kann, dem die \u00bbd\u00e4monische Energie\u00ab im 3. Satz auf dem Fu\u00dfe folgt. Nach zwei Anl\u00e4ufen scheint der Spuk vorbei, doch er verwandelt sich in ein ins Extreme abstrahiertes Lamento, das mehr die Transzendenz der Klage als die Klage selbst repr\u00e4sentiert. Unabl\u00e4ssig setzt sich die Entwicklung fort; \u00bbnichts kommt\u00ab, wie Martin Herchenr\u00f6der erl\u00e4utert, \u00bbin dieser Fragmentform so wieder, wie es einmal gewesen ist. Wiederholung ist unm\u00f6glich, die Musik kehrt nie zum Ausgangspunkt zur\u00fcck.\u00ab Gleichwohl schl\u00e4gt der 6. Satz \u2013 mit der als Referenz an Gustav Mahler gemeinten \u00dcberschrift \u00bbwie ein Naturlaut\u00ab \u2013 am Beginn motivisch den Bogen zum Kopfsatz und geht dann andere Wege, auf denen Tonrepetitionen in spezifischen Konstellationen im aleatorischen Kontrapunkt \u00fcbereinandergeschichtet sind. \u00bbFeierlich und gemessen\u00ab klingen die Poems and Variations aus, \u00bbmorendo im vierfachen Pianissimo\u00ab, und dennoch ist diese Musik in der Vorstellung des Komponisten nicht zu Ende, sondern als kleiner Ausschnitt prozesshaft auf ein imagin\u00e4res Gr\u00f6\u00dferes gerichtet, das nicht selbst erklingt. \u00bbEs soll vielmehr\u00ab, so Martin Herchenr\u00f6der, \u00bbim Kopf der H\u00f6renden erwachsen, sobald die Kl\u00e4nge verstummen.\u00ab<br \/>\nEgbert Hiller<\/p>\n<p>Programm:<\/p>\n<p>Rubaiyat f\u00fcr Fl\u00f6ten und Klavier (2020) 14:40<br \/>\n[01] Sterne und Menschen f\u00fcr Carin Levine 02:42<br \/>\n[02] Letzte Sicherheiten f\u00fcr Navid Kermani 02:56<br \/>\n[03] Gemischte Gef\u00fchle f\u00fcr Rainer Berger 01:20<br \/>\n[04] Undeutliche Botschaften 03:25<br \/>\n[05] Nachbeben 04:17<\/p>\n<p>[06] Terzattacke f\u00fcr Fl\u00f6te(2009) f\u00fcr Michel Sauer 05:04<\/p>\n<p>[07] Waves f\u00fcr Fl\u00f6te und Orgel (2022) f\u00fcr Carin Levine 11:08<\/p>\n<p>The Tempest Imagin\u00e4res Theater nach William Shakespeare 16:18<br \/>\nf\u00fcr Fl\u00f6te und Gitarre(1992)<br \/>\n[08] Music of the Island 00:51<br \/>\n[09] Caliban\u2019s Revolution 06:44<br \/>\n[10] Music of the Island 01:22<br \/>\n[11] Ariel (spriting gently) 07:21<\/p>\n<p>[12] Greek Blessing f\u00fcr Gitarre (2013) f\u00fcr Nicholas Goluses 01:35<\/p>\n<p>[13] Sekundenschlaf f\u00fcr Altfl\u00f6te (2013) f\u00fcr Michel Sauer 02:42<\/p>\n<p>[14] Orion f\u00fcr Violoncello und Orgel (2018) f\u00fcr Friedrich Gauwerky 09:10<\/p>\n<p>Poems and Variations 1. Streichquartett (2001\u2009\/\u20092006) f\u00fcr das Arditti Quartet 17:06<br \/>\n[15] Anmutig 02:41<br \/>\n[16] Sehr langsam 01:09<br \/>\n[17] Kraftvoll, mit d\u00e4monischer Energie 03:16<br \/>\n[18] Entr\u00fcckt 01:38<br \/>\n[19] Unruhig und heftig 02:20<br \/>\n[20] Geheimnisvoll; \u201cwie ein Naturlaut\u201d 02:55<br \/>\n[21] Feierlich und gemessen 03:07<\/p>\n<p>Gesamtspielzeit: 78:23<\/p>\n<p>Friedrich Gauwerky, Violoncello<br \/>\nMartin Herchenr\u00f6der, Orgel &amp; Klavier<br \/>\nCarin Levine, Fl\u00f6ten<br \/>\nJ\u00fcrgen Ruck, Gitarre<br \/>\nKuss Quartett (Jana Kuss, 1. Violine \u00b7 Oliver Wille, 2. Violine \u00b7 William Coleman, Viola \u00b7 Mikayel Hakhnazaryan, Violoncello)<\/p>\n<p>World premiere recordings<\/p>\n","protected":false},"excerpt":{"rendered":"<p>Martin Herchenr\u00f6der (*1961) Programm: Infotext: \u00bbBLEIBEN IST NIRGENDS\u00ab Musik f\u00fcr Fl\u00f6te und Saiten von Martin Herchenr\u00f6der Mit The Tempest f\u00fcr Fl\u00f6te und Gitarre (1992) ein \u00bbimagin\u00e4res Theater nach William Shakespeare\u00ab in die Mitte dieser CD zu stellen, strahlt markant auf die sch\u00f6pferische Identit\u00e4t Martin Herchenr\u00f6ders zur\u00fcck. Darin zeigt sich zum einen seine tiefe Verwurzelung in [&hellip;]<\/p>\n","protected":false},"featured_media":2274,"template":"","meta":{"site-sidebar-layout":"default","site-content-layout":"default","ast-site-content-layout":"default","site-content-style":"default","site-sidebar-style":"default","ast-global-header-display":"","ast-banner-title-visibility":"","ast-main-header-display":"","ast-hfb-above-header-display":"","ast-hfb-below-header-display":"","ast-hfb-mobile-header-display":"","site-post-title":"","ast-breadcrumbs-content":"","ast-featured-img":"","footer-sml-layout":"","theme-transparent-header-meta":"default","adv-header-id-meta":"","stick-header-meta":"","header-above-stick-meta":"","header-main-stick-meta":"","header-below-stick-meta":"","astra-migrate-meta-layouts":"default","ast-page-background-enabled":"default","ast-page-background-meta":{"desktop":{"background-color":"","background-image":"","background-repeat":"repeat","background-position":"center center","background-size":"auto","background-attachment":"scroll","background-type":"","background-media":"","overlay-type":"","overlay-color":"","overlay-opacity":"","overlay-gradient":""},"tablet":{"background-color":"","background-image":"","background-repeat":"repeat","background-position":"center center","background-size":"auto","background-attachment":"scroll","background-type":"","background-media":"","overlay-type":"","overlay-color":"","overlay-opacity":"","overlay-gradient":""},"mobile":{"background-color":"","background-image":"","background-repeat":"repeat","background-position":"center center","background-size":"auto","background-attachment":"scroll","background-type":"","background-media":"","overlay-type":"","overlay-color":"","overlay-opacity":"","overlay-gradient":""}},"ast-content-background-meta":{"desktop":{"background-color":"var(--ast-global-color-5)","background-image":"","background-repeat":"repeat","background-position":"center center","background-size":"auto","background-attachment":"scroll","background-type":"","background-media":"","overlay-type":"","overlay-color":"","overlay-opacity":"","overlay-gradient":""},"tablet":{"background-color":"var(--ast-global-color-5)","background-image":"","background-repeat":"repeat","background-position":"center center","background-size":"auto","background-attachment":"scroll","background-type":"","background-media":"","overlay-type":"","overlay-color":"","overlay-opacity":"","overlay-gradient":""},"mobile":{"background-color":"var(--ast-global-color-5)","background-image":"","background-repeat":"repeat","background-position":"center center","background-size":"auto","background-attachment":"scroll","background-type":"","background-media":"","overlay-type":"","overlay-color":"","overlay-opacity":"","overlay-gradient":""}}},"product_brand":[],"product_cat":[26],"product_tag":[],"class_list":{"0":"post-2273","1":"product","2":"type-product","3":"status-publish","4":"has-post-thumbnail","6":"product_cat-zeitgenossische-musik","7":"pa_artikelnummer-neos-12215","8":"pa_brand-neos-music","9":"pa_ean-42","10":"desktop-align-left","11":"tablet-align-left","12":"mobile-align-left","14":"first","15":"instock","16":"taxable","17":"shipping-taxable","18":"purchasable","19":"product-type-simple"},"yoast_head":"<!-- This site is optimized with the Yoast SEO plugin v27.4 - https:\/\/yoast.com\/product\/yoast-seo-wordpress\/ -->\n<title>Martin Herchenr\u00f6der: Terzattacke - Music for Flutes and Strings - NEOS Music<\/title>\n<meta name=\"robots\" content=\"index, follow, max-snippet:-1, max-image-preview:large, max-video-preview:-1\" \/>\n<link rel=\"canonical\" href=\"https:\/\/neos-music.com\/en_us\/product\/martin-herchenroeder-terzattacke-music-for-flutes-and-strings\/\" \/>\n<meta property=\"og:locale\" content=\"en_US\" \/>\n<meta property=\"og:type\" content=\"article\" \/>\n<meta property=\"og:title\" content=\"Martin Herchenr\u00f6der: Terzattacke - Music for Flutes and Strings - NEOS Music\" \/>\n<meta property=\"og:description\" content=\"Martin Herchenr\u00f6der (*1961) Programm: Infotext: \u00bbBLEIBEN IST NIRGENDS\u00ab Musik f\u00fcr Fl\u00f6te und Saiten von Martin Herchenr\u00f6der Mit The Tempest f\u00fcr Fl\u00f6te und Gitarre (1992) ein \u00bbimagin\u00e4res Theater nach William Shakespeare\u00ab in die Mitte dieser CD zu stellen, strahlt markant auf die sch\u00f6pferische Identit\u00e4t Martin Herchenr\u00f6ders zur\u00fcck. Darin zeigt sich zum einen seine tiefe Verwurzelung in [&hellip;]\" \/>\n<meta property=\"og:url\" content=\"https:\/\/neos-music.com\/en_us\/product\/martin-herchenroeder-terzattacke-music-for-flutes-and-strings\/\" \/>\n<meta property=\"og:site_name\" content=\"NEOS Music\" \/>\n<meta property=\"article:modified_time\" content=\"2023-01-28T15:29:37+00:00\" \/>\n<meta property=\"og:image\" content=\"https:\/\/neos-music.com\/wp-content\/uploads\/2022\/11\/NEOS_12215_Herchenroeder.jpg\" \/>\n\t<meta property=\"og:image:width\" content=\"1648\" \/>\n\t<meta property=\"og:image:height\" content=\"1482\" \/>\n\t<meta property=\"og:image:type\" content=\"image\/jpeg\" \/>\n<meta name=\"twitter:card\" content=\"summary_large_image\" \/>\n<meta name=\"twitter:label1\" content=\"Est. reading time\" \/>\n\t<meta name=\"twitter:data1\" content=\"8 minutes\" \/>\n<script type=\"application\/ld+json\" class=\"yoast-schema-graph\">{\"@context\":\"https:\\\/\\\/schema.org\",\"@graph\":[{\"@type\":\"WebPage\",\"@id\":\"https:\\\/\\\/neos-music.com\\\/product\\\/martin-herchenroeder-terzattacke-music-for-flutes-and-strings\\\/\",\"url\":\"https:\\\/\\\/neos-music.com\\\/product\\\/martin-herchenroeder-terzattacke-music-for-flutes-and-strings\\\/\",\"name\":\"Martin Herchenr\u00f6der: Terzattacke - Music for Flutes and Strings - NEOS Music\",\"isPartOf\":{\"@id\":\"https:\\\/\\\/neos-music.com\\\/#website\"},\"primaryImageOfPage\":{\"@id\":\"https:\\\/\\\/neos-music.com\\\/product\\\/martin-herchenroeder-terzattacke-music-for-flutes-and-strings\\\/#primaryimage\"},\"image\":{\"@id\":\"https:\\\/\\\/neos-music.com\\\/product\\\/martin-herchenroeder-terzattacke-music-for-flutes-and-strings\\\/#primaryimage\"},\"thumbnailUrl\":\"https:\\\/\\\/i0.wp.com\\\/neos-music.com\\\/wp-content\\\/uploads\\\/2022\\\/11\\\/NEOS_12215_Herchenroeder.jpg?fit=1648%2C1482&ssl=1\",\"datePublished\":\"2022-10-14T09:47:02+00:00\",\"dateModified\":\"2023-01-28T15:29:37+00:00\",\"breadcrumb\":{\"@id\":\"https:\\\/\\\/neos-music.com\\\/product\\\/martin-herchenroeder-terzattacke-music-for-flutes-and-strings\\\/#breadcrumb\"},\"inLanguage\":\"en-US\",\"potentialAction\":[{\"@type\":\"ReadAction\",\"target\":[\"https:\\\/\\\/neos-music.com\\\/product\\\/martin-herchenroeder-terzattacke-music-for-flutes-and-strings\\\/\"]}]},{\"@type\":\"ImageObject\",\"inLanguage\":\"en-US\",\"@id\":\"https:\\\/\\\/neos-music.com\\\/product\\\/martin-herchenroeder-terzattacke-music-for-flutes-and-strings\\\/#primaryimage\",\"url\":\"https:\\\/\\\/i0.wp.com\\\/neos-music.com\\\/wp-content\\\/uploads\\\/2022\\\/11\\\/NEOS_12215_Herchenroeder.jpg?fit=1648%2C1482&ssl=1\",\"contentUrl\":\"https:\\\/\\\/i0.wp.com\\\/neos-music.com\\\/wp-content\\\/uploads\\\/2022\\\/11\\\/NEOS_12215_Herchenroeder.jpg?fit=1648%2C1482&ssl=1\",\"width\":1648,\"height\":1482},{\"@type\":\"BreadcrumbList\",\"@id\":\"https:\\\/\\\/neos-music.com\\\/product\\\/martin-herchenroeder-terzattacke-music-for-flutes-and-strings\\\/#breadcrumb\",\"itemListElement\":[{\"@type\":\"ListItem\",\"position\":1,\"name\":\"Startseite\",\"item\":\"https:\\\/\\\/neos-music.com\\\/\"},{\"@type\":\"ListItem\",\"position\":2,\"name\":\"Produkte\",\"item\":\"https:\\\/\\\/neos-music.com\\\/shop__trashed\\\/\"},{\"@type\":\"ListItem\",\"position\":3,\"name\":\"Martin Herchenr\u00f6der: Terzattacke &#8211; Music for Flutes and Strings\"}]},{\"@type\":\"WebSite\",\"@id\":\"https:\\\/\\\/neos-music.com\\\/#website\",\"url\":\"https:\\\/\\\/neos-music.com\\\/\",\"name\":\"NEOS Music\",\"description\":\"Dein Online Shop f\u00fcr zeitgen\u00f6ssische Musik, Jazz und Classics!\",\"publisher\":{\"@id\":\"https:\\\/\\\/neos-music.com\\\/#organization\"},\"potentialAction\":[{\"@type\":\"SearchAction\",\"target\":{\"@type\":\"EntryPoint\",\"urlTemplate\":\"https:\\\/\\\/neos-music.com\\\/?s={search_term_string}\"},\"query-input\":{\"@type\":\"PropertyValueSpecification\",\"valueRequired\":true,\"valueName\":\"search_term_string\"}}],\"inLanguage\":\"en-US\"},{\"@type\":\"Organization\",\"@id\":\"https:\\\/\\\/neos-music.com\\\/#organization\",\"name\":\"NEOS Music\",\"url\":\"https:\\\/\\\/neos-music.com\\\/\",\"logo\":{\"@type\":\"ImageObject\",\"inLanguage\":\"en-US\",\"@id\":\"https:\\\/\\\/neos-music.com\\\/#\\\/schema\\\/logo\\\/image\\\/\",\"url\":\"https:\\\/\\\/i0.wp.com\\\/neos-music.com\\\/wp-content\\\/uploads\\\/2025\\\/08\\\/NEOS-Logo-weiss.png?fit=800%2C203&ssl=1\",\"contentUrl\":\"https:\\\/\\\/i0.wp.com\\\/neos-music.com\\\/wp-content\\\/uploads\\\/2025\\\/08\\\/NEOS-Logo-weiss.png?fit=800%2C203&ssl=1\",\"width\":800,\"height\":203,\"caption\":\"NEOS Music\"},\"image\":{\"@id\":\"https:\\\/\\\/neos-music.com\\\/#\\\/schema\\\/logo\\\/image\\\/\"}}]}<\/script>\n<!-- \/ Yoast SEO plugin. -->","yoast_head_json":{"title":"Martin Herchenr\u00f6der: Terzattacke - Music for Flutes and Strings - NEOS Music","robots":{"index":"index","follow":"follow","max-snippet":"max-snippet:-1","max-image-preview":"max-image-preview:large","max-video-preview":"max-video-preview:-1"},"canonical":"https:\/\/neos-music.com\/en_us\/product\/martin-herchenroeder-terzattacke-music-for-flutes-and-strings\/","og_locale":"en_US","og_type":"article","og_title":"Martin Herchenr\u00f6der: Terzattacke - Music for Flutes and Strings - NEOS Music","og_description":"Martin Herchenr\u00f6der (*1961) Programm: Infotext: \u00bbBLEIBEN IST NIRGENDS\u00ab Musik f\u00fcr Fl\u00f6te und Saiten von Martin Herchenr\u00f6der Mit The Tempest f\u00fcr Fl\u00f6te und Gitarre (1992) ein \u00bbimagin\u00e4res Theater nach William Shakespeare\u00ab in die Mitte dieser CD zu stellen, strahlt markant auf die sch\u00f6pferische Identit\u00e4t Martin Herchenr\u00f6ders zur\u00fcck. Darin zeigt sich zum einen seine tiefe Verwurzelung in [&hellip;]","og_url":"https:\/\/neos-music.com\/en_us\/product\/martin-herchenroeder-terzattacke-music-for-flutes-and-strings\/","og_site_name":"NEOS Music","article_modified_time":"2023-01-28T15:29:37+00:00","og_image":[{"width":1648,"height":1482,"url":"https:\/\/neos-music.com\/wp-content\/uploads\/2022\/11\/NEOS_12215_Herchenroeder.jpg","type":"image\/jpeg"}],"twitter_card":"summary_large_image","twitter_misc":{"Est. reading time":"8 minutes"},"schema":{"@context":"https:\/\/schema.org","@graph":[{"@type":"WebPage","@id":"https:\/\/neos-music.com\/product\/martin-herchenroeder-terzattacke-music-for-flutes-and-strings\/","url":"https:\/\/neos-music.com\/product\/martin-herchenroeder-terzattacke-music-for-flutes-and-strings\/","name":"Martin Herchenr\u00f6der: Terzattacke - Music for Flutes and Strings - NEOS Music","isPartOf":{"@id":"https:\/\/neos-music.com\/#website"},"primaryImageOfPage":{"@id":"https:\/\/neos-music.com\/product\/martin-herchenroeder-terzattacke-music-for-flutes-and-strings\/#primaryimage"},"image":{"@id":"https:\/\/neos-music.com\/product\/martin-herchenroeder-terzattacke-music-for-flutes-and-strings\/#primaryimage"},"thumbnailUrl":"https:\/\/i0.wp.com\/neos-music.com\/wp-content\/uploads\/2022\/11\/NEOS_12215_Herchenroeder.jpg?fit=1648%2C1482&ssl=1","datePublished":"2022-10-14T09:47:02+00:00","dateModified":"2023-01-28T15:29:37+00:00","breadcrumb":{"@id":"https:\/\/neos-music.com\/product\/martin-herchenroeder-terzattacke-music-for-flutes-and-strings\/#breadcrumb"},"inLanguage":"en-US","potentialAction":[{"@type":"ReadAction","target":["https:\/\/neos-music.com\/product\/martin-herchenroeder-terzattacke-music-for-flutes-and-strings\/"]}]},{"@type":"ImageObject","inLanguage":"en-US","@id":"https:\/\/neos-music.com\/product\/martin-herchenroeder-terzattacke-music-for-flutes-and-strings\/#primaryimage","url":"https:\/\/i0.wp.com\/neos-music.com\/wp-content\/uploads\/2022\/11\/NEOS_12215_Herchenroeder.jpg?fit=1648%2C1482&ssl=1","contentUrl":"https:\/\/i0.wp.com\/neos-music.com\/wp-content\/uploads\/2022\/11\/NEOS_12215_Herchenroeder.jpg?fit=1648%2C1482&ssl=1","width":1648,"height":1482},{"@type":"BreadcrumbList","@id":"https:\/\/neos-music.com\/product\/martin-herchenroeder-terzattacke-music-for-flutes-and-strings\/#breadcrumb","itemListElement":[{"@type":"ListItem","position":1,"name":"Startseite","item":"https:\/\/neos-music.com\/"},{"@type":"ListItem","position":2,"name":"Produkte","item":"https:\/\/neos-music.com\/shop__trashed\/"},{"@type":"ListItem","position":3,"name":"Martin Herchenr\u00f6der: Terzattacke &#8211; Music for Flutes and Strings"}]},{"@type":"WebSite","@id":"https:\/\/neos-music.com\/#website","url":"https:\/\/neos-music.com\/","name":"NEOS Music","description":"Dein Online Shop f\u00fcr zeitgen\u00f6ssische Musik, Jazz und Classics!","publisher":{"@id":"https:\/\/neos-music.com\/#organization"},"potentialAction":[{"@type":"SearchAction","target":{"@type":"EntryPoint","urlTemplate":"https:\/\/neos-music.com\/?s={search_term_string}"},"query-input":{"@type":"PropertyValueSpecification","valueRequired":true,"valueName":"search_term_string"}}],"inLanguage":"en-US"},{"@type":"Organization","@id":"https:\/\/neos-music.com\/#organization","name":"NEOS Music","url":"https:\/\/neos-music.com\/","logo":{"@type":"ImageObject","inLanguage":"en-US","@id":"https:\/\/neos-music.com\/#\/schema\/logo\/image\/","url":"https:\/\/i0.wp.com\/neos-music.com\/wp-content\/uploads\/2025\/08\/NEOS-Logo-weiss.png?fit=800%2C203&ssl=1","contentUrl":"https:\/\/i0.wp.com\/neos-music.com\/wp-content\/uploads\/2025\/08\/NEOS-Logo-weiss.png?fit=800%2C203&ssl=1","width":800,"height":203,"caption":"NEOS Music"},"image":{"@id":"https:\/\/neos-music.com\/#\/schema\/logo\/image\/"}}]}},"jetpack_sharing_enabled":true,"_links":{"self":[{"href":"https:\/\/neos-music.com\/en_us\/wp-json\/wp\/v2\/product\/2273","targetHints":{"allow":["GET"]}}],"collection":[{"href":"https:\/\/neos-music.com\/en_us\/wp-json\/wp\/v2\/product"}],"about":[{"href":"https:\/\/neos-music.com\/en_us\/wp-json\/wp\/v2\/types\/product"}],"version-history":[{"count":0,"href":"https:\/\/neos-music.com\/en_us\/wp-json\/wp\/v2\/product\/2273\/revisions"}],"wp:featuredmedia":[{"embeddable":true,"href":"https:\/\/neos-music.com\/en_us\/wp-json\/wp\/v2\/media\/2274"}],"wp:attachment":[{"href":"https:\/\/neos-music.com\/en_us\/wp-json\/wp\/v2\/media?parent=2273"}],"wp:term":[{"taxonomy":"product_brand","embeddable":true,"href":"https:\/\/neos-music.com\/en_us\/wp-json\/wp\/v2\/product_brand?post=2273"},{"taxonomy":"product_cat","embeddable":true,"href":"https:\/\/neos-music.com\/en_us\/wp-json\/wp\/v2\/product_cat?post=2273"},{"taxonomy":"product_tag","embeddable":true,"href":"https:\/\/neos-music.com\/en_us\/wp-json\/wp\/v2\/product_tag?post=2273"}],"curies":[{"name":"wp","href":"https:\/\/api.w.org\/{rel}","templated":true}]}}