{"id":2275,"date":"2022-09-17T09:51:29","date_gmt":"2022-09-17T09:51:29","guid":{"rendered":"https:\/\/neos-music.com\/?post_type=product&#038;p=2275"},"modified":"2023-01-13T23:18:24","modified_gmt":"2023-01-13T23:18:24","slug":"william-blank-flow-%e2%88%99-ophrys-%e2%88%99-refrain-ii-%e2%88%99-around","status":"publish","type":"product","link":"https:\/\/neos-music.com\/en_us\/product\/william-blank-flow-%e2%88%99-ophrys-%e2%88%99-refrain-ii-%e2%88%99-around\/","title":{"rendered":"William Blank Flow \u2219 OPHRYS \u2219 Refrain II \u2219 (a)round"},"content":{"rendered":"<p>William Blank (*1957)<\/p>\n<p>Infotext:<\/p>\n<p>WERKE VON WILLIAM BLANK<br \/>\nEs liegt in der Natur des Neuen, dass es sich etablierten Kategorien mehr oder weniger entzieht. Sie sind jedoch ein guter Ausgangspunkt, wenn man sich Neuem ann\u00e4hern m\u00f6chte. So bietet es sich an, die hier erstmals eingespielten, zwischen 2008 und 2019 entstandenen Werke des Schweizer Komponisten William Blank unter kammermusikalischen Aspekten zu betrachten. Obgleich es eine allgemeinverbindliche Definition von Kammermusik nicht gibt, lassen sich gewisse Konstanten ausmachen, die von der Renaissance bis heute g\u00fcltig sind: Intimit\u00e4t, Privatheit, lebhafte Interaktion solistisch besetzter Instrumente, verdichteter Zusammenklang etc. Das alles ist so universell, dass es irgendwo auch auf die vier Werke dieser CD zutrifft. Was aber sind ihre Besonderheiten?<br \/>\nObwohl die Formationen mit vier bis acht Mitwirkenden als Solistenensembles konzipiert sind, lassen sie den kompositorischen Anspruch des klanglichen \u00dcber-sich-Hinauswachsens erkennen. Eine fast orchestral anmutende Gro\u00dfz\u00fcgigkeit verstr\u00f6mt diese Musik. Auch die instrumentalen und r\u00e4umlichen Konfigurationen sind zu unkonventionell, um in Nachbarschaft etwa der kammermusikalischen K\u00f6nigsdisziplin des Streichquartetts, der sich auch William Blank bedient hat, angesiedelt zu sein. Anstatt klangliche Uniformit\u00e4t zu suchen, hebt der Komponist stets die Individualit\u00e4t der einzelnen Instrumente hervor. Die solistischen Ichs k\u00f6nnen sich voll entfalten, und trotzdem bleiben die gro\u00dfen B\u00f6gen gewahrt. Aus diesem vermeintlichen Widerspruch resultiert die expressive Spannkraft der Musik.<br \/>\nDer kompositorische Ansatz ist ungeachtet wiederkehrender Grundz\u00fcge in jedem Werk ein g\u00e4nzlich anderer: In Refrain II nimmt es Blank mit einer ganz und gar Boulezschen Instrumentierung auf, konfiguriert sie neu und distanziert sich vom \u00bbVorbild\u00ab, wobei er seiner eigenen Schreibweise treu bleibt. (Die beste Art, einem \u00bbVorg\u00e4nger\u00ab Tribut zu zollen, ist, es anders zu machen.) In Flow, einem Quintettst\u00fcck, lotet Blank das reiche Potenzial einer simplen Bewegungsfigur aus. Kammermusikalische Intimit\u00e4t kommt noch am ehesten im zweiten Teil von OPHRYS auf. Der Klang der Fl\u00f6te, so verr\u00e4t der Komponist, erinnere ihn an eine sich \u00f6ffnende Orchidee, die trotz ihrer Feingliedrigkeit den Raum durch ihre starke Pr\u00e4senz und visuelle Intensit\u00e4t pr\u00e4gt. (a)round verdankt seine Anlage dem kreisrunden Dachraum eines Siloturms am Basler Rheinufer, in welchem die Urauff\u00fchrung stattfand.<\/p>\n<p>L\u00e4ngst nicht mehr nur f\u00fcr die b\u00fcrgerliche Stube bestimmt, hat sich Kammermusik zur ma\u00dfgeblichen Experimentiergattung der klassischen Musik der Gegenwart gemausert. Sie steht, so darf man mit Fug und Recht behaupten, im Mittelpunkt der Biografie von William Blank, der seine Laufbahn als Schlagzeuger begann und neben seiner Orchestert\u00e4tigkeit in diversen originell besetzten Formationen mitwirkte. In seiner jahrzehntelangen Lehrt\u00e4tigkeit an der Musikhochschule Lausanne bildet Kammermusik gewisserma\u00dfen das Herzst\u00fcck. Und wenn er zu dieser Gattung kompositorisch etwas beisteuert, dann ist es meist f\u00fcr langj\u00e4hrige Musikerfreunde. Kammermusik hat f\u00fcr ihn nicht nur eine \u00e4sthetische Dimension, sondern bezeugt auch einen ethischen Anspruch. Es ist das unentwegte Bem\u00fchen, dem menschlichen Miteinander eine Form zu verleihen.<br \/>\nJohannes Knapp<\/p>\n<p>Flow<br \/>\nf\u00fcr Oboe, Trompete, Harfe, Violine und Violoncello (2008)<br \/>\nJan Vogler gewidmet<br \/>\nAuftrag des Moritzburg Festivals, unterst\u00fctzt von den Dresdner Musikfestspielen<br \/>\nDas Werk verdankt seinen Titel dem Umstand, dass die zahlreichen musikalischen Episoden ohne Unterbrechung ineinander \u00fcbergehen und sich geschmeidig und flie\u00dfend artikulieren. Die f\u00fcnf \u00fcberaus eigenst\u00e4ndigen Stimmen werden \u00e4u\u00dferst flexibel behandelt; sie \u00bbflie\u00dfen\u00ab mehr, als dass sie aufeinanderprallen \u2013 wie Linien, die zusammenkommen und wieder auseinandergehen, bevor sie im letzten Teil des Werkes in einer reichen Polyphonie gipfeln. Die formale Idee, die der Komposition zugrunde liegt, ist eher die einer kontinuierlichen Metamorphose \u2013 hinsichtlich Texturen, Klangfarben und Ausdrucksdichte \u2013 als die eines konzertanten Diskurses. Einige Stimmen treten jedoch st\u00e4rker hervor als andere oder pr\u00e4sentieren sich kadenzartig mit kurzen Soli, die als \u00dcberg\u00e4nge zwischen den einzelnen Teilen dienen.<\/p>\n<p>OPHRYS<br \/>\nf\u00fcr Fl\u00f6te und kleines Ensemble (2019)<br \/>\nBoris Previ\u0161i\u0107 gewidmet<br \/>\nAuftrag der pre-art soloists, unterst\u00fctzt von der Fondation SUISA<br \/>\nOPHRYS ist als kleines Konzert angelegt und besteht aus zwei ineinander \u00fcbergehenden S\u00e4tzen. W\u00e4hrend der erste \u2013 eher heftigen Charakters \u2013 f\u00fcr die Altfl\u00f6te bestimmt ist, die technisch bis an ihre \u00e4u\u00dfersten Grenzen getrieben wird, ist der zweite \u2013 abwechselnd vertr\u00e4umten und d\u00fcsteren Charakters \u2013 dem Piccolo und der normalen Fl\u00f6te gewidmet. Innerhalb des Ensembles werden Saxophon, Akkordeon und Kontrabass gemeinsam als eine Art Ripieno behandelt, w\u00e4hrend die Solofl\u00f6te in einen Dialog mit der Oboe oder dem Violoncello tritt, den man als Concertino bezeichnen k\u00f6nnte. Diese Struktur evoziert gelegentlich das barocke Prinzip der Dialektik des Concerto grosso. Die Gegens\u00e4tze sind jedoch nicht stark ausgepr\u00e4gt, und die Grenze zwischen Soloinstrument und Ensemble bleibt durchl\u00e4ssig. \u00bbOphrys\u00ab ist der \u00dcberbegriff mehrerer wilden Orchideenarten.<\/p>\n<p>Refrain II<br \/>\nf\u00fcr verst\u00e4rkte Harfe, Klavier und zwei Schlagzeuger:innen (2015)<br \/>\nHommage \u00e0 Pierre Boulez<br \/>\nAuftrag des Collegium Novum Z\u00fcrich, unterst\u00fctzt von der Schweizer Kulturstiftung Pro Helvetia<br \/>\nIn diesem St\u00fcck erweise ich Referenz auf Pierre Boulez\u2019 sur Incises, ein Mammutwerk f\u00fcr neun Instrumentalist:innen (drei Klaviere, drei Harfen und drei Schlagzeugpartien). Die klangliche Definition dieser einzigartigen Instrumentalverbindung scheint ein f\u00fcr alle Mal durch die geniale Schreibweise von Boulez festgelegt zu sein \u2013 insbesondere durch die Art und Weise, wie er mit dem Ph\u00e4nomen der Resonanzen umgeht, sowie durch die ph\u00e4nomenale und fast un\u00fcbertreffliche Virtuosit\u00e4t, welche nicht zuletzt durch die genau strukturierten Klangfarben eine enorme sogartige Energie projiziert. Bei genauerem Hinsehen erkennt man, dass der Blickwinkel, den Boulez einnimmt, von einer Hierarchie beherrscht wird, welche die drei Klaviere als Hauptakteure gleichberechtigt nebeneinander stellt, gefolgt von den Schlaginstrumenten, die gleichsam als Bindeglieder fungieren, und schlie\u00dflich den Harfen, deren Rolle es ist, die Klangfarben anzureichern und durch ihre vertikale Funktion des akkordischen Spiels die Texturen lebendiger werden zu lassen und sie immer wieder \u00fcberraschend zu bereichern.<br \/>\nIch habe mich bei meiner Komposition f\u00fcr die exakte Umkehrung dieser Hierarchie entschieden und die Harfe in der Mitte des Ensembles positioniert. Das Klavier fungiert als Bindeglied und die Schlaginstrumente als nat\u00fcrliche Verst\u00e4rker der komplexen Harmonien, die aus ihren kombinierten Resonanzen hervorgehen. \u00c4hnlich wie sur Incises, welches auf Elementen von Incises f\u00fcr Klavier beruht, greift Refrain II Material meines St\u00fccks Refrain f\u00fcr Harfe auf, verdichtet es jedoch und l\u00e4sst es durch den Filter des Schlagzeugs laufen, das demzufolge als \u00bbverzerrender Resonator\u00ab behandelt wird. Dem temperierten Tonmaterial von Klavier, Harfe, Vibraphon und Marimba f\u00fcge ich zahlreiche Kl\u00e4nge hinzu, die mehr oder weniger weit von einer eindeutigen Tonh\u00f6he entfernt sind und ein breites akustisches Spektrum besitzen: acht japanische Tempelbl\u00f6cke, zwei tiefe Bali-Gongs, ein thail\u00e4ndischer Gong, zwei Oktaven Crotales, ein Satz Glocken, drei tiefe Kuhglocken, eine Plattenglocke und ein Tamtam.<br \/>\nDie Idee des \u00bbRefrains\u00ab ist hier in einem erweiterten Sinne zu verstehen, etwa in der Art eines Rituals, bei welchem die motivischen Elemente nur in den wiederkehrenden Instrumentalgesten erkennbar sind, welche st\u00e4ndig zwischen den vier Instrumenten interagieren. Schlie\u00dflich spielt die Note B (wie \u00bbBoulez\u00ab) in dem Werk eine bedeutsame Rolle.<\/p>\n<p>(a)round<br \/>\nf\u00fcr Alt-Saxophon und 7 Instrumente (2017)<br \/>\n\u00bbMusik im Siloturm\u00ab<br \/>\nAuftrag des Collegium Novum Z\u00fcrich, unterst\u00fctzt von der Fondation Nicati-de Luze<br \/>\nKl\u00e4nge zu schreiben und sie sich im Raum vorzustellen, hei\u00dft bisweilen, sich mit einem Ort zu befassen, der eigentlich gar kein Konzertsaal ist: ein zweckentfremdeter Ort, welcher sonst anderweitig genutzt wird und deshalb der Vorstellungskraft noch unber\u00fchrte akustische R\u00e4ume und r\u00e4umliche Gegebenheiten bietet. Das urspr\u00fcnglich f\u00fcr einen solch speziellen Ort \u2013 den kreisrunden Siloturm in Basel \u2013 komponierte Werk beruht deswegen auf einer Aufstellung in zwei konzentrischen Kreisen: Das Publikum ist um den ersten Kreis angeordnet, der von sechs Blasinstrumenten und dem Kontrabass gebildet wird und in dessen Mitte sich das Saxophon befindet. Das Saxophon \u00e4ndert seine Ausrichtung im Laufe der f\u00fcnf Abschnitte des St\u00fcckes, indem es immer wieder in einen Dialog mit einigen der anderen Instrumente des Ensembles tritt: Ruhig (mit der Fl\u00f6te), Gem\u00e4\u00dfigt (mit der Trompete), Unbeweglich (mit dem Horn), Lebhaft (mit der Klarinette) und M\u00e4\u00dfig\u2009\/\u2009Lebhaft\u2009\/\u2009Ruhig (mit allen Instrumenten und schlie\u00dflich, eher versteckt, mit der Oboe).<br \/>\nJe nachdem, wo man sitzt, kann man sich auf unterschiedliche Weise mit den Kl\u00e4ngen auseinandersetzen; dies in einem sich stets ver\u00e4ndernden klanglichen Gleichgewicht, das durch die dynamischen und klangfarblichen M\u00f6glichkeiten des Saxophons gepr\u00e4gt ist und durch h\u00e4ufig auftretende Mehrkl\u00e4nge, die den akustischen Raum auf pr\u00e4gnante und durchdringende Weise f\u00fcllen.<\/p>\n<p>William Blank<br \/>\n\u00dcbersetzung aus dem Franz\u00f6sischen: Matthias Arter<\/p>\n<p>Programm:<\/p>\n<p>[01] Flow (2008) f\u00fcr Oboe, Trompete, Harfe, Violine und Violoncello 22:30<br \/>\n[02] OPHRYS (2019) for Fl\u00f6te und kleines Ensemble 16:15<br \/>\nBoris Previ\u0161i\u0107, Solo-Fl\u00f6te<br \/>\n[03] Refrain II (2015) f\u00fcr verst\u00e4rkte Harfe, Klavier und zwei Schlagzeuger 19:19<br \/>\n[04] (a)round (2017) f\u00fcr Altsaxophon und 7 Instrumente 16:12<br \/>\nSascha Armbruster, Solo-Saxophone<\/p>\n<p>Gesamtspielzeit: 74:16<\/p>\n<p>Collegium Novum Z\u00fcrich [01, 03, 04]<br \/>\nSusanne Peters, Fl\u00f6te<br \/>\nMatthias Arter, Oboe<br \/>\nErnesto Molinari, Klarinette<br \/>\nSascha Armbruster, Saxophon<br \/>\nOlivier Darbellay, Horn<br \/>\nJens Bracher, trumpet<br \/>\nStephen Menotti, Posaune<br \/>\nManon Pierrehumbert, Harfe<br \/>\nGilles Grima\u00eetre, Klavier<br \/>\nBrian Archinal and Julien M\u00e9groz, Schlagzeug<br \/>\nRahel Cunz, Violine<br \/>\nMartina Schucan, Violoncello<br \/>\nAleksander Gabrys, Kontrabass<br \/>\npre-art soloists [02]<br \/>\nBoris Previ\u0161i\u0107, Fl\u00f6te<br \/>\nMatthias Arter, Oboe<br \/>\nSascha Armbruster, Saxophon<br \/>\nVladimir Blagojevi\u0107, Akkordeon<br \/>\nKarolina \u00d6hman, Violoncello<br \/>\nAleksander Gabrys, Kontrabass<br \/>\nWilliam Blank Dirigent<\/p>\n<p>Ersteinspielungen<\/p>\n","protected":false},"excerpt":{"rendered":"<p>William Blank (*1957) Infotext: WERKE VON WILLIAM BLANK Es liegt in der Natur des Neuen, dass es sich etablierten Kategorien mehr oder weniger entzieht. Sie sind jedoch ein guter Ausgangspunkt, wenn man sich Neuem ann\u00e4hern m\u00f6chte. So bietet es sich an, die hier erstmals eingespielten, zwischen 2008 und 2019 entstandenen Werke des Schweizer Komponisten William [&hellip;]<\/p>\n","protected":false},"featured_media":2276,"template":"","meta":{"site-sidebar-layout":"default","site-content-layout":"default","ast-site-content-layout":"default","site-content-style":"default","site-sidebar-style":"default","ast-global-header-display":"","ast-banner-title-visibility":"","ast-main-header-display":"","ast-hfb-above-header-display":"","ast-hfb-below-header-display":"","ast-hfb-mobile-header-display":"","site-post-title":"","ast-breadcrumbs-content":"","ast-featured-img":"","footer-sml-layout":"","theme-transparent-header-meta":"default","adv-header-id-meta":"","stick-header-meta":"","header-above-stick-meta":"","header-main-stick-meta":"","header-below-stick-meta":"","astra-migrate-meta-layouts":"default","ast-page-background-enabled":"default","ast-page-background-meta":{"desktop":{"background-color":"","background-image":"","background-repeat":"repeat","background-position":"center center","background-size":"auto","background-attachment":"scroll","background-type":"","background-media":"","overlay-type":"","overlay-color":"","overlay-opacity":"","overlay-gradient":""},"tablet":{"background-color":"","background-image":"","background-repeat":"repeat","background-position":"center center","background-size":"auto","background-attachment":"scroll","background-type":"","background-media":"","overlay-type":"","overlay-color":"","overlay-opacity":"","overlay-gradient":""},"mobile":{"background-color":"","background-image":"","background-repeat":"repeat","background-position":"center center","background-size":"auto","background-attachment":"scroll","background-type":"","background-media":"","overlay-type":"","overlay-color":"","overlay-opacity":"","overlay-gradient":""}},"ast-content-background-meta":{"desktop":{"background-color":"var(--ast-global-color-5)","background-image":"","background-repeat":"repeat","background-position":"center center","background-size":"auto","background-attachment":"scroll","background-type":"","background-media":"","overlay-type":"","overlay-color":"","overlay-opacity":"","overlay-gradient":""},"tablet":{"background-color":"var(--ast-global-color-5)","background-image":"","background-repeat":"repeat","background-position":"center center","background-size":"auto","background-attachment":"scroll","background-type":"","background-media":"","overlay-type":"","overlay-color":"","overlay-opacity":"","overlay-gradient":""},"mobile":{"background-color":"var(--ast-global-color-5)","background-image":"","background-repeat":"repeat","background-position":"center center","background-size":"auto","background-attachment":"scroll","background-type":"","background-media":"","overlay-type":"","overlay-color":"","overlay-opacity":"","overlay-gradient":""}}},"product_brand":[],"product_cat":[883,26],"product_tag":[],"class_list":{"0":"post-2275","1":"product","2":"type-product","3":"status-publish","4":"has-post-thumbnail","6":"product_cat-orchester","7":"product_cat-zeitgenossische-musik","8":"pa_artikelnummer-neos-12212","9":"pa_brand-neos-music","10":"pa_ean-43","11":"desktop-align-left","12":"tablet-align-left","13":"mobile-align-left","15":"first","16":"instock","17":"taxable","18":"shipping-taxable","19":"purchasable","20":"product-type-simple"},"yoast_head":"<!-- This site is optimized with the Yoast SEO plugin v27.3 - https:\/\/yoast.com\/product\/yoast-seo-wordpress\/ -->\n<title>William Blank Flow \u2219 OPHRYS \u2219 Refrain II \u2219 (a)round - NEOS Music<\/title>\n<meta name=\"robots\" content=\"index, follow, max-snippet:-1, max-image-preview:large, max-video-preview:-1\" \/>\n<link rel=\"canonical\" href=\"https:\/\/neos-music.com\/en_us\/product\/william-blank-flow-\u2219-ophrys-\u2219-refrain-ii-\u2219-around\/\" \/>\n<meta property=\"og:locale\" content=\"en_US\" \/>\n<meta property=\"og:type\" content=\"article\" \/>\n<meta property=\"og:title\" content=\"William Blank Flow \u2219 OPHRYS \u2219 Refrain II \u2219 (a)round - NEOS Music\" \/>\n<meta property=\"og:description\" content=\"William Blank (*1957) Infotext: WERKE VON WILLIAM BLANK Es liegt in der Natur des Neuen, dass es sich etablierten Kategorien mehr oder weniger entzieht. Sie sind jedoch ein guter Ausgangspunkt, wenn man sich Neuem ann\u00e4hern m\u00f6chte. So bietet es sich an, die hier erstmals eingespielten, zwischen 2008 und 2019 entstandenen Werke des Schweizer Komponisten William [&hellip;]\" \/>\n<meta property=\"og:url\" content=\"https:\/\/neos-music.com\/en_us\/product\/william-blank-flow-\u2219-ophrys-\u2219-refrain-ii-\u2219-around\/\" \/>\n<meta property=\"og:site_name\" content=\"NEOS Music\" \/>\n<meta property=\"article:modified_time\" content=\"2023-01-13T23:18:24+00:00\" \/>\n<meta property=\"og:image\" content=\"https:\/\/neos-music.com\/wp-content\/uploads\/2022\/11\/NEOS_12212_Blank.jpg\" \/>\n\t<meta property=\"og:image:width\" content=\"1648\" \/>\n\t<meta property=\"og:image:height\" content=\"1482\" \/>\n\t<meta property=\"og:image:type\" content=\"image\/jpeg\" \/>\n<meta name=\"twitter:card\" content=\"summary_large_image\" \/>\n<meta name=\"twitter:label1\" content=\"Est. reading time\" \/>\n\t<meta name=\"twitter:data1\" content=\"8 minutes\" \/>\n<script type=\"application\/ld+json\" class=\"yoast-schema-graph\">{\"@context\":\"https:\\\/\\\/schema.org\",\"@graph\":[{\"@type\":\"WebPage\",\"@id\":\"https:\\\/\\\/neos-music.com\\\/product\\\/william-blank-flow-%e2%88%99-ophrys-%e2%88%99-refrain-ii-%e2%88%99-around\\\/\",\"url\":\"https:\\\/\\\/neos-music.com\\\/product\\\/william-blank-flow-%e2%88%99-ophrys-%e2%88%99-refrain-ii-%e2%88%99-around\\\/\",\"name\":\"William Blank Flow \u2219 OPHRYS \u2219 Refrain II \u2219 (a)round - NEOS Music\",\"isPartOf\":{\"@id\":\"https:\\\/\\\/neos-music.com\\\/#website\"},\"primaryImageOfPage\":{\"@id\":\"https:\\\/\\\/neos-music.com\\\/product\\\/william-blank-flow-%e2%88%99-ophrys-%e2%88%99-refrain-ii-%e2%88%99-around\\\/#primaryimage\"},\"image\":{\"@id\":\"https:\\\/\\\/neos-music.com\\\/product\\\/william-blank-flow-%e2%88%99-ophrys-%e2%88%99-refrain-ii-%e2%88%99-around\\\/#primaryimage\"},\"thumbnailUrl\":\"https:\\\/\\\/i0.wp.com\\\/neos-music.com\\\/wp-content\\\/uploads\\\/2022\\\/11\\\/NEOS_12212_Blank.jpg?fit=1648%2C1482&ssl=1\",\"datePublished\":\"2022-09-17T09:51:29+00:00\",\"dateModified\":\"2023-01-13T23:18:24+00:00\",\"breadcrumb\":{\"@id\":\"https:\\\/\\\/neos-music.com\\\/product\\\/william-blank-flow-%e2%88%99-ophrys-%e2%88%99-refrain-ii-%e2%88%99-around\\\/#breadcrumb\"},\"inLanguage\":\"en-US\",\"potentialAction\":[{\"@type\":\"ReadAction\",\"target\":[\"https:\\\/\\\/neos-music.com\\\/product\\\/william-blank-flow-%e2%88%99-ophrys-%e2%88%99-refrain-ii-%e2%88%99-around\\\/\"]}]},{\"@type\":\"ImageObject\",\"inLanguage\":\"en-US\",\"@id\":\"https:\\\/\\\/neos-music.com\\\/product\\\/william-blank-flow-%e2%88%99-ophrys-%e2%88%99-refrain-ii-%e2%88%99-around\\\/#primaryimage\",\"url\":\"https:\\\/\\\/i0.wp.com\\\/neos-music.com\\\/wp-content\\\/uploads\\\/2022\\\/11\\\/NEOS_12212_Blank.jpg?fit=1648%2C1482&ssl=1\",\"contentUrl\":\"https:\\\/\\\/i0.wp.com\\\/neos-music.com\\\/wp-content\\\/uploads\\\/2022\\\/11\\\/NEOS_12212_Blank.jpg?fit=1648%2C1482&ssl=1\",\"width\":1648,\"height\":1482},{\"@type\":\"BreadcrumbList\",\"@id\":\"https:\\\/\\\/neos-music.com\\\/product\\\/william-blank-flow-%e2%88%99-ophrys-%e2%88%99-refrain-ii-%e2%88%99-around\\\/#breadcrumb\",\"itemListElement\":[{\"@type\":\"ListItem\",\"position\":1,\"name\":\"Startseite\",\"item\":\"https:\\\/\\\/neos-music.com\\\/\"},{\"@type\":\"ListItem\",\"position\":2,\"name\":\"Produkte\",\"item\":\"https:\\\/\\\/neos-music.com\\\/shop__trashed\\\/\"},{\"@type\":\"ListItem\",\"position\":3,\"name\":\"William Blank Flow \u2219 OPHRYS \u2219 Refrain II \u2219 (a)round\"}]},{\"@type\":\"WebSite\",\"@id\":\"https:\\\/\\\/neos-music.com\\\/#website\",\"url\":\"https:\\\/\\\/neos-music.com\\\/\",\"name\":\"NEOS Music\",\"description\":\"Dein Online Shop f\u00fcr zeitgen\u00f6ssische Musik, Jazz und Classics!\",\"publisher\":{\"@id\":\"https:\\\/\\\/neos-music.com\\\/#organization\"},\"potentialAction\":[{\"@type\":\"SearchAction\",\"target\":{\"@type\":\"EntryPoint\",\"urlTemplate\":\"https:\\\/\\\/neos-music.com\\\/?s={search_term_string}\"},\"query-input\":{\"@type\":\"PropertyValueSpecification\",\"valueRequired\":true,\"valueName\":\"search_term_string\"}}],\"inLanguage\":\"en-US\"},{\"@type\":\"Organization\",\"@id\":\"https:\\\/\\\/neos-music.com\\\/#organization\",\"name\":\"NEOS Music\",\"url\":\"https:\\\/\\\/neos-music.com\\\/\",\"logo\":{\"@type\":\"ImageObject\",\"inLanguage\":\"en-US\",\"@id\":\"https:\\\/\\\/neos-music.com\\\/#\\\/schema\\\/logo\\\/image\\\/\",\"url\":\"https:\\\/\\\/i0.wp.com\\\/neos-music.com\\\/wp-content\\\/uploads\\\/2025\\\/08\\\/NEOS-Logo-weiss.png?fit=800%2C203&ssl=1\",\"contentUrl\":\"https:\\\/\\\/i0.wp.com\\\/neos-music.com\\\/wp-content\\\/uploads\\\/2025\\\/08\\\/NEOS-Logo-weiss.png?fit=800%2C203&ssl=1\",\"width\":800,\"height\":203,\"caption\":\"NEOS Music\"},\"image\":{\"@id\":\"https:\\\/\\\/neos-music.com\\\/#\\\/schema\\\/logo\\\/image\\\/\"}}]}<\/script>\n<!-- \/ Yoast SEO plugin. -->","yoast_head_json":{"title":"William Blank Flow \u2219 OPHRYS \u2219 Refrain II \u2219 (a)round - NEOS Music","robots":{"index":"index","follow":"follow","max-snippet":"max-snippet:-1","max-image-preview":"max-image-preview:large","max-video-preview":"max-video-preview:-1"},"canonical":"https:\/\/neos-music.com\/en_us\/product\/william-blank-flow-\u2219-ophrys-\u2219-refrain-ii-\u2219-around\/","og_locale":"en_US","og_type":"article","og_title":"William Blank Flow \u2219 OPHRYS \u2219 Refrain II \u2219 (a)round - NEOS Music","og_description":"William Blank (*1957) Infotext: WERKE VON WILLIAM BLANK Es liegt in der Natur des Neuen, dass es sich etablierten Kategorien mehr oder weniger entzieht. Sie sind jedoch ein guter Ausgangspunkt, wenn man sich Neuem ann\u00e4hern m\u00f6chte. So bietet es sich an, die hier erstmals eingespielten, zwischen 2008 und 2019 entstandenen Werke des Schweizer Komponisten William [&hellip;]","og_url":"https:\/\/neos-music.com\/en_us\/product\/william-blank-flow-\u2219-ophrys-\u2219-refrain-ii-\u2219-around\/","og_site_name":"NEOS Music","article_modified_time":"2023-01-13T23:18:24+00:00","og_image":[{"width":1648,"height":1482,"url":"https:\/\/neos-music.com\/wp-content\/uploads\/2022\/11\/NEOS_12212_Blank.jpg","type":"image\/jpeg"}],"twitter_card":"summary_large_image","twitter_misc":{"Est. reading time":"8 minutes"},"schema":{"@context":"https:\/\/schema.org","@graph":[{"@type":"WebPage","@id":"https:\/\/neos-music.com\/product\/william-blank-flow-%e2%88%99-ophrys-%e2%88%99-refrain-ii-%e2%88%99-around\/","url":"https:\/\/neos-music.com\/product\/william-blank-flow-%e2%88%99-ophrys-%e2%88%99-refrain-ii-%e2%88%99-around\/","name":"William Blank Flow \u2219 OPHRYS \u2219 Refrain II \u2219 (a)round - NEOS Music","isPartOf":{"@id":"https:\/\/neos-music.com\/#website"},"primaryImageOfPage":{"@id":"https:\/\/neos-music.com\/product\/william-blank-flow-%e2%88%99-ophrys-%e2%88%99-refrain-ii-%e2%88%99-around\/#primaryimage"},"image":{"@id":"https:\/\/neos-music.com\/product\/william-blank-flow-%e2%88%99-ophrys-%e2%88%99-refrain-ii-%e2%88%99-around\/#primaryimage"},"thumbnailUrl":"https:\/\/i0.wp.com\/neos-music.com\/wp-content\/uploads\/2022\/11\/NEOS_12212_Blank.jpg?fit=1648%2C1482&ssl=1","datePublished":"2022-09-17T09:51:29+00:00","dateModified":"2023-01-13T23:18:24+00:00","breadcrumb":{"@id":"https:\/\/neos-music.com\/product\/william-blank-flow-%e2%88%99-ophrys-%e2%88%99-refrain-ii-%e2%88%99-around\/#breadcrumb"},"inLanguage":"en-US","potentialAction":[{"@type":"ReadAction","target":["https:\/\/neos-music.com\/product\/william-blank-flow-%e2%88%99-ophrys-%e2%88%99-refrain-ii-%e2%88%99-around\/"]}]},{"@type":"ImageObject","inLanguage":"en-US","@id":"https:\/\/neos-music.com\/product\/william-blank-flow-%e2%88%99-ophrys-%e2%88%99-refrain-ii-%e2%88%99-around\/#primaryimage","url":"https:\/\/i0.wp.com\/neos-music.com\/wp-content\/uploads\/2022\/11\/NEOS_12212_Blank.jpg?fit=1648%2C1482&ssl=1","contentUrl":"https:\/\/i0.wp.com\/neos-music.com\/wp-content\/uploads\/2022\/11\/NEOS_12212_Blank.jpg?fit=1648%2C1482&ssl=1","width":1648,"height":1482},{"@type":"BreadcrumbList","@id":"https:\/\/neos-music.com\/product\/william-blank-flow-%e2%88%99-ophrys-%e2%88%99-refrain-ii-%e2%88%99-around\/#breadcrumb","itemListElement":[{"@type":"ListItem","position":1,"name":"Startseite","item":"https:\/\/neos-music.com\/"},{"@type":"ListItem","position":2,"name":"Produkte","item":"https:\/\/neos-music.com\/shop__trashed\/"},{"@type":"ListItem","position":3,"name":"William Blank Flow \u2219 OPHRYS \u2219 Refrain II \u2219 (a)round"}]},{"@type":"WebSite","@id":"https:\/\/neos-music.com\/#website","url":"https:\/\/neos-music.com\/","name":"NEOS Music","description":"Dein Online Shop f\u00fcr zeitgen\u00f6ssische Musik, Jazz und Classics!","publisher":{"@id":"https:\/\/neos-music.com\/#organization"},"potentialAction":[{"@type":"SearchAction","target":{"@type":"EntryPoint","urlTemplate":"https:\/\/neos-music.com\/?s={search_term_string}"},"query-input":{"@type":"PropertyValueSpecification","valueRequired":true,"valueName":"search_term_string"}}],"inLanguage":"en-US"},{"@type":"Organization","@id":"https:\/\/neos-music.com\/#organization","name":"NEOS Music","url":"https:\/\/neos-music.com\/","logo":{"@type":"ImageObject","inLanguage":"en-US","@id":"https:\/\/neos-music.com\/#\/schema\/logo\/image\/","url":"https:\/\/i0.wp.com\/neos-music.com\/wp-content\/uploads\/2025\/08\/NEOS-Logo-weiss.png?fit=800%2C203&ssl=1","contentUrl":"https:\/\/i0.wp.com\/neos-music.com\/wp-content\/uploads\/2025\/08\/NEOS-Logo-weiss.png?fit=800%2C203&ssl=1","width":800,"height":203,"caption":"NEOS Music"},"image":{"@id":"https:\/\/neos-music.com\/#\/schema\/logo\/image\/"}}]}},"jetpack_sharing_enabled":true,"_links":{"self":[{"href":"https:\/\/neos-music.com\/en_us\/wp-json\/wp\/v2\/product\/2275","targetHints":{"allow":["GET"]}}],"collection":[{"href":"https:\/\/neos-music.com\/en_us\/wp-json\/wp\/v2\/product"}],"about":[{"href":"https:\/\/neos-music.com\/en_us\/wp-json\/wp\/v2\/types\/product"}],"version-history":[{"count":0,"href":"https:\/\/neos-music.com\/en_us\/wp-json\/wp\/v2\/product\/2275\/revisions"}],"wp:featuredmedia":[{"embeddable":true,"href":"https:\/\/neos-music.com\/en_us\/wp-json\/wp\/v2\/media\/2276"}],"wp:attachment":[{"href":"https:\/\/neos-music.com\/en_us\/wp-json\/wp\/v2\/media?parent=2275"}],"wp:term":[{"taxonomy":"product_brand","embeddable":true,"href":"https:\/\/neos-music.com\/en_us\/wp-json\/wp\/v2\/product_brand?post=2275"},{"taxonomy":"product_cat","embeddable":true,"href":"https:\/\/neos-music.com\/en_us\/wp-json\/wp\/v2\/product_cat?post=2275"},{"taxonomy":"product_tag","embeddable":true,"href":"https:\/\/neos-music.com\/en_us\/wp-json\/wp\/v2\/product_tag?post=2275"}],"curies":[{"name":"wp","href":"https:\/\/api.w.org\/{rel}","templated":true}]}}