{"id":2408,"date":"2022-09-04T15:50:54","date_gmt":"2022-09-04T15:50:54","guid":{"rendered":"https:\/\/neos-music.com\/?post_type=product&#038;p=2408"},"modified":"2023-05-25T09:07:39","modified_gmt":"2023-05-25T09:07:39","slug":"edith-urbanczyk-sings-modern-classics-hindemith-buechtger-lutoslawski-shostakovich-veerhoff-coates-bartok-genzmer-roussel-henze-goodman-zemlinsky-2","status":"publish","type":"product","link":"https:\/\/neos-music.com\/en_us\/product\/edith-urbanczyk-sings-modern-classics-hindemith-buechtger-lutoslawski-shostakovich-veerhoff-coates-bartok-genzmer-roussel-henze-goodman-zemlinsky-2\/","title":{"rendered":"Edith Urbanczyk sings Modern Classics: Hindemith &#8211; B\u00fcchtger &#8211; Lutoslawski &#8211; Shostakovich &#8211; Veerhoff &#8211; Coates &#8211; Bart\u00f3k &#8211; Genzmer &#8211; Roussel &#8211; Henze &#8211; Goodman &#8211; Zemlinsky"},"content":{"rendered":"<p>Programm:<\/p>\n<p><b>CD 1<br \/>\n<\/b>Gesamtspielzeit: 77:30<\/p>\n<p>&nbsp;<\/p>\n<p><b>Paul Hindemith<\/b>\u00a0(1895\u20131963)<br \/>\naus\u00a0<b>8 Lieder, Op. 18<\/b>\u00a0(1920)\u00a0<b>08:00<\/b><\/p>\n<p>[01]\u00a0<b>Trompeten<\/b>\u00a0Op. 18, No. 8, f\u00fcr Sopran und Klavier\u00a0<b>04:31<\/b><br \/>\nText: Georg Trakl (1887\u20131914)<\/p>\n<p>[02]\u00a0<b>Traum<\/b>\u00a0Op. 18, No. 3, f\u00fcr Sopran und Klavier\u00a0<b>02:46<\/b><br \/>\nText: Else Lasker-Sch\u00fcler (1869\u20131945)<\/p>\n<p>[03]\u00a0<b>Auf der Treppe sitzen meine \u00d6hrchen<\/b>\u00a0Op. 18 No. 4, f\u00fcr Sopran und Klavier\u00a0<b>00:43<br \/>\n<\/b>Text: Christian Morgenstern (1871\u20131914)<\/p>\n<p>Edith Urbanczyk, Sopran \u00b7 Franz Zubal, Klavier<\/p>\n<p>&nbsp;<\/p>\n<p><b>Fritz B\u00fcchtger<\/b>\u00a0(1903\u20131978)<br \/>\naus\u00a0<b>Vor der T\u00fcr<\/b>\u00a0(1976)\u00a0\u00a0<b>12:14<br \/>\n<\/b>23 Texte von\u00a0Rudolf G. Binding, Eduard M\u00f6rike, Friedrich H\u00f6lderlin, Marie Luise Kaschnitz, Paul Heym, Christian Morgenstern, Rainer Maria Rilke und Rudolf Steiner f\u00fcr Stimme und Klavier<br \/>\nTexts Nos. 5, 10, 12, 13, 21: Marie Luise Kaschnitz (1901\u20131974)<\/p>\n<p>[04]\u00a0<b>No. 5: Der Vogel Unheil<\/b>\u00a001:21<br \/>\n[05]\u00a0<b>No. 12: Das Meer nicht mehr<\/b>\u00a004:10<br \/>\n[06]\u00a0<b>No. 13: Ein Paar V\u00f6gel noch immer<\/b>\u00a001:56<br \/>\n[07]\u00a0<b>No. 10: Ohne Tod<\/b>\u00a002:36<br \/>\n[08]\u00a0<b>No. 21: Auferstehung<\/b>\u00a002:11<\/p>\n<p>Edith Urbanczyk, Sopran\u00b7 Dunja Robotty, Klavier<\/p>\n<p>&nbsp;<\/p>\n<p><b>Witold Lutos\u0142awski<\/b>\u00a0(1913\u20131994)<br \/>\n<b>Five Songs<\/b>\u00a0f\u00fcr Frauenstimme und Klavier (1957)\u00a0<b>09:21<\/b><br \/>\nText: Kazimiera Illakowicz\u00f3wna (1892\u20131983)<\/p>\n<p>[09]\u00a0<b>No. 1: Das Meer<\/b>\u00a0 02:40<br \/>\n[10]<b>\u00a0No. 2: Der Wind<\/b>\u00a0 01:12<br \/>\n[11]\u00a0<b>No. 3: Winter<\/b>\u00a0 02:11<br \/>\n[12]\u00a0<b>No. 4: Ritter<\/b>\u00a0 01:12<br \/>\n[13]\u00a0<b>No. 5: Kirchenglocken<\/b>\u00a0 02:06<\/p>\n<p>Edith Urbanczyk, Sopran \u00b7 Else Stock, Klavier<\/p>\n<p>&nbsp;<\/p>\n<p><b>Dmitri Shostakovich<\/b>\u00a0(1906\u20131975)<br \/>\n<b>Sieben Romanzen auf Gedichte von Alexander Blok<\/b>\u00a0f\u00fcr Sopran, Violine, Violoncello und Klavier, Op. 127 (1967)\u00a0<b>24:36<\/b><br \/>\nText: Alexander Blok (1880\u20131921)<\/p>\n<p>[14]<b>\u00a0No. 1: Das Lied Ophelias<\/b>\u00a0f\u00fcr Sopranund Violoncello\u00a002:42<br \/>\n[15]\u00a0<b>No. 2: Gamajun, der prophetische Vogel<\/b>\u00a0f\u00fcr Sopran und Klavier 03:31<br \/>\n[16]\u00a0<b>No. 3: Wir waren beisammen<\/b>\u00a0f\u00fcr Sopran und Violine 03:04<br \/>\n[17]\u00a0<b>No. 4: Es schl\u00e4ft die Stadt<\/b>\u00a0f\u00fcr Sopran, Violoncello und Klavier02:59<br \/>\n[18]\u00a0<b>No. 5: Der Sturm<\/b>\u00a0f\u00fcr Sopran, Violine und Klavier\u00a0\u2013 (attacca) 02:01<br \/>\n[19]\u00a0<b>No. 6: Geheime Zeichen<\/b>\u00a0f\u00fcr Sopran, Violine und Violoncello\u00a0\u2013 (attacca) 04:34<br \/>\n[20]\u00a0<b>No. 7: Die Musik<\/b>\u00a0f\u00fcr Sopran, Violine, Violoncello und Klavier 05:45<\/p>\n<p>Edith Urbanczyk, Sopran<br \/>\nKurt Guntner, Violine \u00b7 Walter Nothas, Violoncello \u00b7 Karl-Hermann Mrongovius, Klavier<\/p>\n<p>&nbsp;<\/p>\n<p><b>Carlos Heinrich Veerhoff<\/b>\u00a0(1926\u20132011)<br \/>\n[21]\u00a0<b>Cantos<\/b>\u00a0f\u00fcr hohe Stimme und 7 Instrumente, Op. 19 (1965)\u00a0<b>08:31<\/b><br \/>\nauf Gedichte Hans Magnus Enzensberger (*1929)<\/p>\n<p>Edith Urbanczyk, Sopran<br \/>\nKammerensemble der Fachakademie f\u00fcr Musik des Richard-Strauss-Konservatoriums M\u00fcnchen<br \/>\nJaroslav Op\u011bla, Dirigent<\/p>\n<p>&nbsp;<\/p>\n<p><b>Gloria Coates<\/b>\u00a0(*1938)<br \/>\n<b>Kriegstimmen der Frauen<\/b>\u00a0f\u00fcr Sopran, Klavier, Violoncello und Schlagzeug (1972)\u00a0<b>13:51<\/b><br \/>\nTexte: Charlotte Hagedorn, N. N., Elfriede Birndorfer, Angela Paris<\/p>\n<p>[22]\u00a0<b>1. Junge Witwe<\/b>\u00a003:49<br \/>\n[23]\u00a0<b>2. Rezitativ<\/b>\u00a002:53<br \/>\n[24]\u00a0<b>3. Rezitativ<\/b>\u00a003:30<br \/>\n[25]\u00a0<b>4. All these dyings<\/b>\u00a003:39<\/p>\n<p>Edith Urbanczyk, soprano<br \/>\nKarl-Hermann Mrongovius, piano<br \/>\nReinhold Johannes Buhl, Cello<br \/>\nHermann Gschwendtner, percussion<\/p>\n<p>&nbsp;<\/p>\n<p><b>CD 2<br \/>\n<\/b>Gesamtspielzeit: 79:31<\/p>\n<p>&nbsp;<\/p>\n<p><b>B\u00e9la Bart\u00f3k<\/b>\u00a0(1881\u20131945)<br \/>\n<b>Dorfszenen<\/b>\u00a0Slowakische Volkslieder f\u00fcr Frauenstimme und Klavier, Sz. 78 (1924)\u00a0\u00a0<b>12:15<\/b><br \/>\nTexte: N.\u2009N., translated by Bence Szabolcsi, Viktor L\u00e1nyi, Martin Lindsay<\/p>\n<p>[01]\u00a0<b>No. 1: Heuernte<\/b>\u00a001:10<br \/>\n[02]\u00a0<b>No. 2: Bei der Braut<\/b>\u00a001:37<br \/>\n[03]\u00a0<b>No. 3: Hochzeit<\/b>\u00a002:37<br \/>\n[04]\u00a0<b>No. 4: Wiegenlied<\/b>\u00a004:48<br \/>\n[05]\u00a0<b>No. 5: Burschentanz<\/b>\u00a002:03<\/p>\n<p>Edith Urbanczyk, Sopran\u00b7 Barbara Korn, Klavier<\/p>\n<p>&nbsp;<\/p>\n<p><b>Harald Genzmer<\/b>\u00a0(1909\u20132007)<br \/>\n[06]\u00a0<b>Kantate<\/b>\u00a0f\u00fcr Sopran und Elektronik(1965)\u00a0<b>15:31<br \/>\n<\/b>Text: Else Lasker-Sch\u00fcler (1869\u20131945)<\/p>\n<p>Edith Urbanczyk, Sopran\u00b7 Oskar Sala, Mixtur-Trautonium<\/p>\n<p>&nbsp;<\/p>\n<p><b>Albert Roussel<\/b>\u00a0(1869\u20131937)<br \/>\naus\u00a0<b>2 Po\u00e8mes de Ronsard, Op. 26<\/b>\u00a0(1924)<\/p>\n<p>[07]\u00a0<b>Rossignol, mon mignon<\/b>\u00a0Op. 26, No. 1, f\u00fcr Frauenstimme und Fl\u00f6te\u00a0<b>04:57<\/b><br \/>\nText: Pierre de Ronsard (1524\u20131585)<\/p>\n<p>Edith Urbanczyk, Sopran\u00b7 Renate von Rosen, Fl\u00f6te<\/p>\n<p>&nbsp;<\/p>\n<p><b>Hans Werner Henze<\/b>\u00a0(1926\u20132012)<br \/>\n<b>Ariosi<\/b>\u00a0f\u00fcr Sopran, Violine und Klavier zu vier H\u00e4nden (1963)\u00a0<b>27:10<br \/>\n<\/b>Texts: Torquato Tasso (1544\u20131595)<\/p>\n<p>[08] 1<b>. Qual rugiada<\/b>\u00a009:03<br \/>\n[09]<b>\u00a02. Compianto<\/b>\u00a002:10<br \/>\n[10]\u00a0<b>3. Maraviglioso. Fior de vostro mare<\/b>\u00a005:51<br \/>\n[11]\u00a0<b>4. Estro<\/b>\u00a003:58<br \/>\n[12]\u00a0<b>5. Deh, vieni, morte soave<\/b>\u00a006:08<\/p>\n<p>Edith Urbanczyk, Sopran<br \/>\nSylvia Reichardt, Violine\u00b7 Hilde Findeisen &amp; J\u00fcrgen von Oppen, Klavier<\/p>\n<p>&nbsp;<\/p>\n<p><b>Alfred Grant Goodman<\/b>\u00a0(1920\u20131999)<br \/>\n<b>3 Ornamente<\/b>\u00a0f\u00fcr Stimme, Fl\u00f6te und Klavier (1971)\u00a0<b>11:18<\/b><\/p>\n<p>[13]\u00a0<b>No. 1<\/b>\u00a001:54<br \/>\n[14]\u00a0<b>No. 2<\/b>\u00a001:53<br \/>\n[15]\u00a0<b>No. 3<\/b>\u00a007:31<\/p>\n<p>Edith Urbanczyk, Sopran<br \/>\nRenate von Rosen, Fl\u00f6te \u00b7 Franz Zubal, Klavier<\/p>\n<p><b>Alexander von Zemlinsky<\/b>\u00a0(1871\u20131942)<\/p>\n<p>[16]\u00a0<b>H\u00fctet euch!<\/b>\u00a0Op. 5, Buch 1, Nr. 2, f\u00fcr Stimme und Klavier (1896\u2009\/\u200997)\u00a0<b>01:02<br \/>\n<\/b>Text: Paul Heyse (1830\u20131914)<\/p>\n<p>[17]<b>\u00a0O Sterne, goldne Sterne<\/b>\u00a0Op. 5, Buch 1, Nr. 4, f\u00fcr Stimme und Klavier (1896\u2009\/\u200997)\u00a0<b>01:52<br \/>\n<\/b>Text: Ludwig Pfau (1821\u20131894)<\/p>\n<p>[18]\u00a0<b>O Bl\u00e4tter, d\u00fcrre Bl\u00e4tter<\/b>\u00a0Op. 5, Buch 1, Nr. 3, f\u00fcr Stimme und Klavier (1896\u2009\/\u200997)\u00a0<b>02:04<\/b><br \/>\nText: Ludwig Pfau (1821\u20131894)<\/p>\n<p>[19]\u00a0<b>Schlaf nur ein<\/b>\u00a0Op. 5, Buch 1, Nr. 1, f\u00fcr Stimme und Klavier (1896\u2009\/\u200997)\u00a0<b>02:38<\/b><br \/>\nText: Paul Heyse (1830\u20131914)<\/p>\n<p>Edith Urbanczyk, Sopran\u00b7 Barbara Korn, Klavier<\/p>\n","protected":false},"excerpt":{"rendered":"<p>Programm: CD 1 Gesamtspielzeit: 77:30 &nbsp; Paul Hindemith\u00a0(1895\u20131963) aus\u00a08 Lieder, Op. 18\u00a0(1920)\u00a008:00 [01]\u00a0Trompeten\u00a0Op. 18, No. 8, f\u00fcr Sopran und Klavier\u00a004:31 Text: Georg Trakl (1887\u20131914) [02]\u00a0Traum\u00a0Op. 18, No. 3, f\u00fcr Sopran und Klavier\u00a002:46 Text: Else Lasker-Sch\u00fcler (1869\u20131945) [03]\u00a0Auf der Treppe sitzen meine \u00d6hrchen\u00a0Op. 18 No. 4, f\u00fcr Sopran und Klavier\u00a000:43 Text: Christian Morgenstern (1871\u20131914) Edith Urbanczyk, [&hellip;]<\/p>\n","protected":false},"featured_media":2410,"template":"","meta":{"site-sidebar-layout":"default","site-content-layout":"default","ast-site-content-layout":"default","site-content-style":"default","site-sidebar-style":"default","ast-global-header-display":"","ast-banner-title-visibility":"","ast-main-header-display":"","ast-hfb-above-header-display":"","ast-hfb-below-header-display":"","ast-hfb-mobile-header-display":"","site-post-title":"","ast-breadcrumbs-content":"","ast-featured-img":"","footer-sml-layout":"","theme-transparent-header-meta":"default","adv-header-id-meta":"","stick-header-meta":"","header-above-stick-meta":"","header-main-stick-meta":"","header-below-stick-meta":"","astra-migrate-meta-layouts":"default","ast-page-background-enabled":"default","ast-page-background-meta":{"desktop":{"background-color":"","background-image":"","background-repeat":"repeat","background-position":"center center","background-size":"auto","background-attachment":"scroll","background-type":"","background-media":"","overlay-type":"","overlay-color":"","overlay-opacity":"","overlay-gradient":""},"tablet":{"background-color":"","background-image":"","background-repeat":"repeat","background-position":"center center","background-size":"auto","background-attachment":"scroll","background-type":"","background-media":"","overlay-type":"","overlay-color":"","overlay-opacity":"","overlay-gradient":""},"mobile":{"background-color":"","background-image":"","background-repeat":"repeat","background-position":"center center","background-size":"auto","background-attachment":"scroll","background-type":"","background-media":"","overlay-type":"","overlay-color":"","overlay-opacity":"","overlay-gradient":""}},"ast-content-background-meta":{"desktop":{"background-color":"var(--ast-global-color-5)","background-image":"","background-repeat":"repeat","background-position":"center center","background-size":"auto","background-attachment":"scroll","background-type":"","background-media":"","overlay-type":"","overlay-color":"","overlay-opacity":"","overlay-gradient":""},"tablet":{"background-color":"var(--ast-global-color-5)","background-image":"","background-repeat":"repeat","background-position":"center center","background-size":"auto","background-attachment":"scroll","background-type":"","background-media":"","overlay-type":"","overlay-color":"","overlay-opacity":"","overlay-gradient":""},"mobile":{"background-color":"var(--ast-global-color-5)","background-image":"","background-repeat":"repeat","background-position":"center center","background-size":"auto","background-attachment":"scroll","background-type":"","background-media":"","overlay-type":"","overlay-color":"","overlay-opacity":"","overlay-gradient":""}}},"product_brand":[],"product_cat":[26],"product_tag":[],"class_list":{"0":"post-2408","1":"product","2":"type-product","3":"status-publish","4":"has-post-thumbnail","6":"product_cat-zeitgenossische-musik","7":"pa_artikelnummer-neos-12219-20","8":"pa_brand-neos-music","9":"pa_ean-49","10":"desktop-align-left","11":"tablet-align-left","12":"mobile-align-left","14":"first","15":"instock","16":"taxable","17":"shipping-taxable","18":"purchasable","19":"product-type-simple"},"yoast_head":"<!-- This site is optimized with the Yoast SEO plugin v27.4 - https:\/\/yoast.com\/product\/yoast-seo-wordpress\/ -->\n<title>Edith Urbanczyk sings Modern Classics: Hindemith - B\u00fcchtger - Lutoslawski - Shostakovich - Veerhoff - Coates - Bart\u00f3k - Genzmer - Roussel - Henze - Goodman - Zemlinsky - NEOS Music<\/title>\n<meta name=\"robots\" content=\"index, follow, max-snippet:-1, max-image-preview:large, max-video-preview:-1\" \/>\n<link rel=\"canonical\" href=\"https:\/\/neos-music.com\/en_us\/product\/edith-urbanczyk-sings-modern-classics-hindemith-buechtger-lutoslawski-shostakovich-veerhoff-coates-bartok-genzmer-roussel-henze-goodman-zemlinsky-2\/\" \/>\n<meta property=\"og:locale\" content=\"en_US\" \/>\n<meta property=\"og:type\" content=\"article\" \/>\n<meta property=\"og:title\" content=\"Edith Urbanczyk sings Modern Classics: Hindemith - B\u00fcchtger - Lutoslawski - Shostakovich - Veerhoff - Coates - Bart\u00f3k - Genzmer - Roussel - Henze - Goodman - Zemlinsky - NEOS Music\" \/>\n<meta property=\"og:description\" content=\"Programm: CD 1 Gesamtspielzeit: 77:30 &nbsp; Paul Hindemith\u00a0(1895\u20131963) aus\u00a08 Lieder, Op. 18\u00a0(1920)\u00a008:00 [01]\u00a0Trompeten\u00a0Op. 18, No. 8, f\u00fcr Sopran und Klavier\u00a004:31 Text: Georg Trakl (1887\u20131914) [02]\u00a0Traum\u00a0Op. 18, No. 3, f\u00fcr Sopran und Klavier\u00a002:46 Text: Else Lasker-Sch\u00fcler (1869\u20131945) [03]\u00a0Auf der Treppe sitzen meine \u00d6hrchen\u00a0Op. 18 No. 4, f\u00fcr Sopran und Klavier\u00a000:43 Text: Christian Morgenstern (1871\u20131914) Edith Urbanczyk, [&hellip;]\" \/>\n<meta property=\"og:url\" content=\"https:\/\/neos-music.com\/en_us\/product\/edith-urbanczyk-sings-modern-classics-hindemith-buechtger-lutoslawski-shostakovich-veerhoff-coates-bartok-genzmer-roussel-henze-goodman-zemlinsky-2\/\" \/>\n<meta property=\"og:site_name\" content=\"NEOS Music\" \/>\n<meta property=\"article:modified_time\" content=\"2023-05-25T09:07:39+00:00\" \/>\n<meta property=\"og:image\" content=\"https:\/\/neos-music.com\/wp-content\/uploads\/2022\/11\/NEOS_12219-20_Urbanczyk_sings_Modern_Classics.jpeg\" \/>\n\t<meta property=\"og:image:width\" content=\"1648\" \/>\n\t<meta property=\"og:image:height\" content=\"1482\" \/>\n\t<meta property=\"og:image:type\" content=\"image\/jpeg\" \/>\n<meta name=\"twitter:card\" content=\"summary_large_image\" \/>\n<meta name=\"twitter:label1\" content=\"Est. reading time\" \/>\n\t<meta name=\"twitter:data1\" content=\"5 minutes\" \/>\n<script type=\"application\/ld+json\" class=\"yoast-schema-graph\">{\"@context\":\"https:\\\/\\\/schema.org\",\"@graph\":[{\"@type\":\"WebPage\",\"@id\":\"https:\\\/\\\/neos-music.com\\\/product\\\/edith-urbanczyk-sings-modern-classics-hindemith-buechtger-lutoslawski-shostakovich-veerhoff-coates-bartok-genzmer-roussel-henze-goodman-zemlinsky-2\\\/\",\"url\":\"https:\\\/\\\/neos-music.com\\\/product\\\/edith-urbanczyk-sings-modern-classics-hindemith-buechtger-lutoslawski-shostakovich-veerhoff-coates-bartok-genzmer-roussel-henze-goodman-zemlinsky-2\\\/\",\"name\":\"Edith Urbanczyk sings Modern Classics: Hindemith - B\u00fcchtger - Lutoslawski - Shostakovich - Veerhoff - Coates - Bart\u00f3k - Genzmer - Roussel - Henze - Goodman - Zemlinsky - NEOS Music\",\"isPartOf\":{\"@id\":\"https:\\\/\\\/neos-music.com\\\/#website\"},\"primaryImageOfPage\":{\"@id\":\"https:\\\/\\\/neos-music.com\\\/product\\\/edith-urbanczyk-sings-modern-classics-hindemith-buechtger-lutoslawski-shostakovich-veerhoff-coates-bartok-genzmer-roussel-henze-goodman-zemlinsky-2\\\/#primaryimage\"},\"image\":{\"@id\":\"https:\\\/\\\/neos-music.com\\\/product\\\/edith-urbanczyk-sings-modern-classics-hindemith-buechtger-lutoslawski-shostakovich-veerhoff-coates-bartok-genzmer-roussel-henze-goodman-zemlinsky-2\\\/#primaryimage\"},\"thumbnailUrl\":\"https:\\\/\\\/i0.wp.com\\\/neos-music.com\\\/wp-content\\\/uploads\\\/2022\\\/11\\\/NEOS_12219-20_Urbanczyk_sings_Modern_Classics.jpeg?fit=1648%2C1482&ssl=1\",\"datePublished\":\"2022-09-04T15:50:54+00:00\",\"dateModified\":\"2023-05-25T09:07:39+00:00\",\"breadcrumb\":{\"@id\":\"https:\\\/\\\/neos-music.com\\\/product\\\/edith-urbanczyk-sings-modern-classics-hindemith-buechtger-lutoslawski-shostakovich-veerhoff-coates-bartok-genzmer-roussel-henze-goodman-zemlinsky-2\\\/#breadcrumb\"},\"inLanguage\":\"en-US\",\"potentialAction\":[{\"@type\":\"ReadAction\",\"target\":[\"https:\\\/\\\/neos-music.com\\\/product\\\/edith-urbanczyk-sings-modern-classics-hindemith-buechtger-lutoslawski-shostakovich-veerhoff-coates-bartok-genzmer-roussel-henze-goodman-zemlinsky-2\\\/\"]}]},{\"@type\":\"ImageObject\",\"inLanguage\":\"en-US\",\"@id\":\"https:\\\/\\\/neos-music.com\\\/product\\\/edith-urbanczyk-sings-modern-classics-hindemith-buechtger-lutoslawski-shostakovich-veerhoff-coates-bartok-genzmer-roussel-henze-goodman-zemlinsky-2\\\/#primaryimage\",\"url\":\"https:\\\/\\\/i0.wp.com\\\/neos-music.com\\\/wp-content\\\/uploads\\\/2022\\\/11\\\/NEOS_12219-20_Urbanczyk_sings_Modern_Classics.jpeg?fit=1648%2C1482&ssl=1\",\"contentUrl\":\"https:\\\/\\\/i0.wp.com\\\/neos-music.com\\\/wp-content\\\/uploads\\\/2022\\\/11\\\/NEOS_12219-20_Urbanczyk_sings_Modern_Classics.jpeg?fit=1648%2C1482&ssl=1\",\"width\":1648,\"height\":1482},{\"@type\":\"BreadcrumbList\",\"@id\":\"https:\\\/\\\/neos-music.com\\\/product\\\/edith-urbanczyk-sings-modern-classics-hindemith-buechtger-lutoslawski-shostakovich-veerhoff-coates-bartok-genzmer-roussel-henze-goodman-zemlinsky-2\\\/#breadcrumb\",\"itemListElement\":[{\"@type\":\"ListItem\",\"position\":1,\"name\":\"Startseite\",\"item\":\"https:\\\/\\\/neos-music.com\\\/\"},{\"@type\":\"ListItem\",\"position\":2,\"name\":\"Produkte\",\"item\":\"https:\\\/\\\/neos-music.com\\\/shop__trashed\\\/\"},{\"@type\":\"ListItem\",\"position\":3,\"name\":\"Edith Urbanczyk sings Modern Classics: Hindemith &#8211; B\u00fcchtger &#8211; Lutoslawski &#8211; Shostakovich &#8211; Veerhoff &#8211; Coates &#8211; Bart\u00f3k &#8211; Genzmer &#8211; Roussel &#8211; Henze &#8211; Goodman &#8211; Zemlinsky\"}]},{\"@type\":\"WebSite\",\"@id\":\"https:\\\/\\\/neos-music.com\\\/#website\",\"url\":\"https:\\\/\\\/neos-music.com\\\/\",\"name\":\"NEOS Music\",\"description\":\"Dein Online Shop f\u00fcr zeitgen\u00f6ssische Musik, Jazz und Classics!\",\"publisher\":{\"@id\":\"https:\\\/\\\/neos-music.com\\\/#organization\"},\"potentialAction\":[{\"@type\":\"SearchAction\",\"target\":{\"@type\":\"EntryPoint\",\"urlTemplate\":\"https:\\\/\\\/neos-music.com\\\/?s={search_term_string}\"},\"query-input\":{\"@type\":\"PropertyValueSpecification\",\"valueRequired\":true,\"valueName\":\"search_term_string\"}}],\"inLanguage\":\"en-US\"},{\"@type\":\"Organization\",\"@id\":\"https:\\\/\\\/neos-music.com\\\/#organization\",\"name\":\"NEOS Music\",\"url\":\"https:\\\/\\\/neos-music.com\\\/\",\"logo\":{\"@type\":\"ImageObject\",\"inLanguage\":\"en-US\",\"@id\":\"https:\\\/\\\/neos-music.com\\\/#\\\/schema\\\/logo\\\/image\\\/\",\"url\":\"https:\\\/\\\/i0.wp.com\\\/neos-music.com\\\/wp-content\\\/uploads\\\/2025\\\/08\\\/NEOS-Logo-weiss.png?fit=800%2C203&ssl=1\",\"contentUrl\":\"https:\\\/\\\/i0.wp.com\\\/neos-music.com\\\/wp-content\\\/uploads\\\/2025\\\/08\\\/NEOS-Logo-weiss.png?fit=800%2C203&ssl=1\",\"width\":800,\"height\":203,\"caption\":\"NEOS Music\"},\"image\":{\"@id\":\"https:\\\/\\\/neos-music.com\\\/#\\\/schema\\\/logo\\\/image\\\/\"}}]}<\/script>\n<!-- \/ Yoast SEO plugin. -->","yoast_head_json":{"title":"Edith Urbanczyk sings Modern Classics: Hindemith - B\u00fcchtger - Lutoslawski - Shostakovich - Veerhoff - Coates - Bart\u00f3k - Genzmer - Roussel - Henze - Goodman - Zemlinsky - NEOS Music","robots":{"index":"index","follow":"follow","max-snippet":"max-snippet:-1","max-image-preview":"max-image-preview:large","max-video-preview":"max-video-preview:-1"},"canonical":"https:\/\/neos-music.com\/en_us\/product\/edith-urbanczyk-sings-modern-classics-hindemith-buechtger-lutoslawski-shostakovich-veerhoff-coates-bartok-genzmer-roussel-henze-goodman-zemlinsky-2\/","og_locale":"en_US","og_type":"article","og_title":"Edith Urbanczyk sings Modern Classics: Hindemith - B\u00fcchtger - Lutoslawski - Shostakovich - Veerhoff - Coates - Bart\u00f3k - Genzmer - Roussel - Henze - Goodman - Zemlinsky - NEOS Music","og_description":"Programm: CD 1 Gesamtspielzeit: 77:30 &nbsp; Paul Hindemith\u00a0(1895\u20131963) aus\u00a08 Lieder, Op. 18\u00a0(1920)\u00a008:00 [01]\u00a0Trompeten\u00a0Op. 18, No. 8, f\u00fcr Sopran und Klavier\u00a004:31 Text: Georg Trakl (1887\u20131914) [02]\u00a0Traum\u00a0Op. 18, No. 3, f\u00fcr Sopran und Klavier\u00a002:46 Text: Else Lasker-Sch\u00fcler (1869\u20131945) [03]\u00a0Auf der Treppe sitzen meine \u00d6hrchen\u00a0Op. 18 No. 4, f\u00fcr Sopran und Klavier\u00a000:43 Text: Christian Morgenstern (1871\u20131914) Edith Urbanczyk, [&hellip;]","og_url":"https:\/\/neos-music.com\/en_us\/product\/edith-urbanczyk-sings-modern-classics-hindemith-buechtger-lutoslawski-shostakovich-veerhoff-coates-bartok-genzmer-roussel-henze-goodman-zemlinsky-2\/","og_site_name":"NEOS Music","article_modified_time":"2023-05-25T09:07:39+00:00","og_image":[{"width":1648,"height":1482,"url":"https:\/\/neos-music.com\/wp-content\/uploads\/2022\/11\/NEOS_12219-20_Urbanczyk_sings_Modern_Classics.jpeg","type":"image\/jpeg"}],"twitter_card":"summary_large_image","twitter_misc":{"Est. reading time":"5 minutes"},"schema":{"@context":"https:\/\/schema.org","@graph":[{"@type":"WebPage","@id":"https:\/\/neos-music.com\/product\/edith-urbanczyk-sings-modern-classics-hindemith-buechtger-lutoslawski-shostakovich-veerhoff-coates-bartok-genzmer-roussel-henze-goodman-zemlinsky-2\/","url":"https:\/\/neos-music.com\/product\/edith-urbanczyk-sings-modern-classics-hindemith-buechtger-lutoslawski-shostakovich-veerhoff-coates-bartok-genzmer-roussel-henze-goodman-zemlinsky-2\/","name":"Edith Urbanczyk sings Modern Classics: Hindemith - B\u00fcchtger - Lutoslawski - Shostakovich - Veerhoff - Coates - Bart\u00f3k - Genzmer - Roussel - Henze - Goodman - Zemlinsky - NEOS Music","isPartOf":{"@id":"https:\/\/neos-music.com\/#website"},"primaryImageOfPage":{"@id":"https:\/\/neos-music.com\/product\/edith-urbanczyk-sings-modern-classics-hindemith-buechtger-lutoslawski-shostakovich-veerhoff-coates-bartok-genzmer-roussel-henze-goodman-zemlinsky-2\/#primaryimage"},"image":{"@id":"https:\/\/neos-music.com\/product\/edith-urbanczyk-sings-modern-classics-hindemith-buechtger-lutoslawski-shostakovich-veerhoff-coates-bartok-genzmer-roussel-henze-goodman-zemlinsky-2\/#primaryimage"},"thumbnailUrl":"https:\/\/i0.wp.com\/neos-music.com\/wp-content\/uploads\/2022\/11\/NEOS_12219-20_Urbanczyk_sings_Modern_Classics.jpeg?fit=1648%2C1482&ssl=1","datePublished":"2022-09-04T15:50:54+00:00","dateModified":"2023-05-25T09:07:39+00:00","breadcrumb":{"@id":"https:\/\/neos-music.com\/product\/edith-urbanczyk-sings-modern-classics-hindemith-buechtger-lutoslawski-shostakovich-veerhoff-coates-bartok-genzmer-roussel-henze-goodman-zemlinsky-2\/#breadcrumb"},"inLanguage":"en-US","potentialAction":[{"@type":"ReadAction","target":["https:\/\/neos-music.com\/product\/edith-urbanczyk-sings-modern-classics-hindemith-buechtger-lutoslawski-shostakovich-veerhoff-coates-bartok-genzmer-roussel-henze-goodman-zemlinsky-2\/"]}]},{"@type":"ImageObject","inLanguage":"en-US","@id":"https:\/\/neos-music.com\/product\/edith-urbanczyk-sings-modern-classics-hindemith-buechtger-lutoslawski-shostakovich-veerhoff-coates-bartok-genzmer-roussel-henze-goodman-zemlinsky-2\/#primaryimage","url":"https:\/\/i0.wp.com\/neos-music.com\/wp-content\/uploads\/2022\/11\/NEOS_12219-20_Urbanczyk_sings_Modern_Classics.jpeg?fit=1648%2C1482&ssl=1","contentUrl":"https:\/\/i0.wp.com\/neos-music.com\/wp-content\/uploads\/2022\/11\/NEOS_12219-20_Urbanczyk_sings_Modern_Classics.jpeg?fit=1648%2C1482&ssl=1","width":1648,"height":1482},{"@type":"BreadcrumbList","@id":"https:\/\/neos-music.com\/product\/edith-urbanczyk-sings-modern-classics-hindemith-buechtger-lutoslawski-shostakovich-veerhoff-coates-bartok-genzmer-roussel-henze-goodman-zemlinsky-2\/#breadcrumb","itemListElement":[{"@type":"ListItem","position":1,"name":"Startseite","item":"https:\/\/neos-music.com\/"},{"@type":"ListItem","position":2,"name":"Produkte","item":"https:\/\/neos-music.com\/shop__trashed\/"},{"@type":"ListItem","position":3,"name":"Edith Urbanczyk sings Modern Classics: Hindemith &#8211; B\u00fcchtger &#8211; Lutoslawski &#8211; Shostakovich &#8211; Veerhoff &#8211; Coates &#8211; Bart\u00f3k &#8211; Genzmer &#8211; Roussel &#8211; Henze &#8211; Goodman &#8211; Zemlinsky"}]},{"@type":"WebSite","@id":"https:\/\/neos-music.com\/#website","url":"https:\/\/neos-music.com\/","name":"NEOS Music","description":"Dein Online Shop f\u00fcr zeitgen\u00f6ssische Musik, Jazz und Classics!","publisher":{"@id":"https:\/\/neos-music.com\/#organization"},"potentialAction":[{"@type":"SearchAction","target":{"@type":"EntryPoint","urlTemplate":"https:\/\/neos-music.com\/?s={search_term_string}"},"query-input":{"@type":"PropertyValueSpecification","valueRequired":true,"valueName":"search_term_string"}}],"inLanguage":"en-US"},{"@type":"Organization","@id":"https:\/\/neos-music.com\/#organization","name":"NEOS Music","url":"https:\/\/neos-music.com\/","logo":{"@type":"ImageObject","inLanguage":"en-US","@id":"https:\/\/neos-music.com\/#\/schema\/logo\/image\/","url":"https:\/\/i0.wp.com\/neos-music.com\/wp-content\/uploads\/2025\/08\/NEOS-Logo-weiss.png?fit=800%2C203&ssl=1","contentUrl":"https:\/\/i0.wp.com\/neos-music.com\/wp-content\/uploads\/2025\/08\/NEOS-Logo-weiss.png?fit=800%2C203&ssl=1","width":800,"height":203,"caption":"NEOS Music"},"image":{"@id":"https:\/\/neos-music.com\/#\/schema\/logo\/image\/"}}]}},"jetpack_sharing_enabled":true,"_links":{"self":[{"href":"https:\/\/neos-music.com\/en_us\/wp-json\/wp\/v2\/product\/2408","targetHints":{"allow":["GET"]}}],"collection":[{"href":"https:\/\/neos-music.com\/en_us\/wp-json\/wp\/v2\/product"}],"about":[{"href":"https:\/\/neos-music.com\/en_us\/wp-json\/wp\/v2\/types\/product"}],"version-history":[{"count":0,"href":"https:\/\/neos-music.com\/en_us\/wp-json\/wp\/v2\/product\/2408\/revisions"}],"wp:featuredmedia":[{"embeddable":true,"href":"https:\/\/neos-music.com\/en_us\/wp-json\/wp\/v2\/media\/2410"}],"wp:attachment":[{"href":"https:\/\/neos-music.com\/en_us\/wp-json\/wp\/v2\/media?parent=2408"}],"wp:term":[{"taxonomy":"product_brand","embeddable":true,"href":"https:\/\/neos-music.com\/en_us\/wp-json\/wp\/v2\/product_brand?post=2408"},{"taxonomy":"product_cat","embeddable":true,"href":"https:\/\/neos-music.com\/en_us\/wp-json\/wp\/v2\/product_cat?post=2408"},{"taxonomy":"product_tag","embeddable":true,"href":"https:\/\/neos-music.com\/en_us\/wp-json\/wp\/v2\/product_tag?post=2408"}],"curies":[{"name":"wp","href":"https:\/\/api.w.org\/{rel}","templated":true}]}}