{"id":2429,"date":"2018-10-19T17:05:22","date_gmt":"2018-10-19T17:05:22","guid":{"rendered":"https:\/\/neos-music.com\/?post_type=product&#038;p=2429"},"modified":"2023-05-22T21:34:13","modified_gmt":"2023-05-22T21:34:13","slug":"martin-herchenroeder-winternachtmusik-music-for-violoncello-and-piano","status":"publish","type":"product","link":"https:\/\/neos-music.com\/en_us\/product\/martin-herchenroeder-winternachtmusik-music-for-violoncello-and-piano\/","title":{"rendered":"Martin Herchenr\u00f6der: Winternachtmusik &#8211; Music for Violoncello and Piano"},"content":{"rendered":"<p>Programm:<\/p>\n<p><b>St\u00fccke \u00fcber den Tod<\/b>\u00a0(Pieces about Death) for Violoncello and Piano (1993)\u00a0<b>11:57<\/b><br \/>\n[01]\u00a0<b>Thanatos<\/b>\u00a005:32<br \/>\n[02]\u00a0<b>Mneme<\/b>\u00a006:25<\/p>\n<p>[03]<b>\u00a0B\u00e4ume und Steine<\/b>\u00a0(Trees and Stones) Fourth Etude for Piano (2009)\u00a0<b>07:59<\/b><\/p>\n<p>[04]\u00a0<b>Winternachtmusik \u2013 Melencolia 1514<\/b>\u00a0(Music of a Winter Night \u2013 Melencolia 1514) for Violoncello (2003)\u00a0<b>06:00<\/b><\/p>\n<p>[05]\u00a0<b>Meteor<\/b>\u00a0Second Etude for Piano (2004)\u00a0<b>06:12<\/b><\/p>\n<p><b>Miniaturen<\/b>\u00a0(Miniatures) for Violoncello (2017)\u00a0<b>05:39<br \/>\n<\/b>[06]\u00a0<b>Gesang<\/b>\u00a0(Chant) 01:11<br \/>\n[07]\u00a0<b>Strange visions<\/b>\u00a000:50<br \/>\n[08]\u00a0<b>Response \u2013 Call<\/b>\u00a001:01<br \/>\n[09]\u00a0<b>Haiku<\/b>\u00a000:40<br \/>\n[10]\u00a0<b>Lied<\/b>\u00a0(Song) 00:59<br \/>\n[11]<b>\u00a0Wichtige Tr\u00e4umerei<\/b>\u00a0(Important Dreaming) 00:58<\/p>\n<p>[12]\u00a0<b>Paul-Klee-Blatt IV: Ger\u00f6ll<\/b>\u00a0(Boulder) Third Etude for Piano (2007)<b>\u00a013:45<\/b><\/p>\n<p><b>Kontakte<\/b>\u00a0(Contacts) for Violoncello and Piano (1995\/96)\u00a0<b>15:29<br \/>\n<\/b>[13]\u00a0<b>Etwas unruhig<\/b>\u00a0(Somewhat restless) 01:53<br \/>\n[14]\u00a0<b>Spielerisch<\/b>\u00a0(Playful) 01:06<br \/>\n[15]\u00a0<b>Gesanglich<\/b>\u00a0(Singing) 01:50<br \/>\n[16]\u00a0<b>Zart<\/b>\u00a0(Tender) 03:38<br \/>\n[17]\u00a0<b>Geheimnisvoll<\/b>\u00a0(Mysterious) 01:33<br \/>\n[18]<b>\u00a0Anmutig und t\u00e4nzerisch<\/b>\u00a0(Graceful and dance-like) 02:50<br \/>\n[19]<b>\u00a0Sanft bewegt<\/b>\u00a0(With gentle motion) 02:39<\/p>\n<p>total playing time: 67:30<\/p>\n<p><a class=\"arcoma_glossarylink\" href=\"https:\/\/neos-music.com\/output.php?content=Kuenstler\/Gauwerky_Friedrich.php&amp;treplace=english%2Cgerman\" target=\"_self\" rel=\"noopener\">Friedrich Gauwerky<\/a>, violoncello<br \/>\nSeverin von Eckardstein, piano<\/p>\n<p><i>World premiere recordings<\/i><\/p>\n<p>Pressestimmen:<\/p>\n<p><img data-recalc-dims=\"1\" decoding=\"async\" src=\"https:\/\/i0.wp.com\/neos-music.com\/wp-content\/uploads\/2023\/05\/logo_NeueZeitschriftMusik_NEU.jpg?ssl=1\" alt=\"\" \/><\/p>\n<p>#1_2019<\/p>\n<p>Was f\u00fcr ein Beginn! Eine Klangwolke des Klaviers steigt aus der Tiefe, aus mythischem Urgrund auf, aus dem sich schrille Schreie des Violoncellos l\u00f6sen. [&#8230;] In\u00a0<i>Thanatos<\/i>\u00a0zeichnen sich bereits wesentliche Elemente von Martin Herchenr\u00f6ders Tonsprache ab. Seine Musik ist von hoher Ausdrucksintensit\u00e4t und dabei tief in der Musiktradition verwurzelt, ohne im Gestrigen zu verharren. Herchenr\u00f6der, der 1961 in Iserlohn geboren wurde, beherrscht sein Metier und ist als Komponist und Organist ein Vollblutmusiker, der sich dar\u00fcber hinaus f\u00fcr den k\u00fcnstlerischen Nachwuchs einsetzt. [&#8230;] Ob als Solisten oder im Duo \u2013 mit dem Cellisten Firedrich Gauwerky und dem Pianisten Severin von Eckardstein hat Herchenr\u00f6der Interpreten an seiner Seite, die nicht nur technisch brillant sind, sondern mit gro\u00dfer Hingabe in seine facettenreichen Klangwelten eintauchen. [&#8230;]<\/p>\n<p>Egbert Hiller<\/p>\n","protected":false},"excerpt":{"rendered":"<p>Programm: St\u00fccke \u00fcber den Tod\u00a0(Pieces about Death) for Violoncello and Piano (1993)\u00a011:57 [01]\u00a0Thanatos\u00a005:32 [02]\u00a0Mneme\u00a006:25 [03]\u00a0B\u00e4ume und Steine\u00a0(Trees and Stones) Fourth Etude for Piano (2009)\u00a007:59 [04]\u00a0Winternachtmusik \u2013 Melencolia 1514\u00a0(Music of a Winter Night \u2013 Melencolia 1514) for Violoncello (2003)\u00a006:00 [05]\u00a0Meteor\u00a0Second Etude for Piano (2004)\u00a006:12 Miniaturen\u00a0(Miniatures) for Violoncello (2017)\u00a005:39 [06]\u00a0Gesang\u00a0(Chant) 01:11 [07]\u00a0Strange visions\u00a000:50 [08]\u00a0Response \u2013 Call\u00a001:01 [09]\u00a0Haiku\u00a000:40 [&hellip;]<\/p>\n","protected":false},"featured_media":2431,"template":"","meta":{"site-sidebar-layout":"default","site-content-layout":"default","ast-site-content-layout":"default","site-content-style":"default","site-sidebar-style":"default","ast-global-header-display":"","ast-banner-title-visibility":"","ast-main-header-display":"","ast-hfb-above-header-display":"","ast-hfb-below-header-display":"","ast-hfb-mobile-header-display":"","site-post-title":"","ast-breadcrumbs-content":"","ast-featured-img":"","footer-sml-layout":"","theme-transparent-header-meta":"default","adv-header-id-meta":"","stick-header-meta":"","header-above-stick-meta":"","header-main-stick-meta":"","header-below-stick-meta":"","astra-migrate-meta-layouts":"default","ast-page-background-enabled":"default","ast-page-background-meta":{"desktop":{"background-color":"","background-image":"","background-repeat":"repeat","background-position":"center center","background-size":"auto","background-attachment":"scroll","background-type":"","background-media":"","overlay-type":"","overlay-color":"","overlay-opacity":"","overlay-gradient":""},"tablet":{"background-color":"","background-image":"","background-repeat":"repeat","background-position":"center center","background-size":"auto","background-attachment":"scroll","background-type":"","background-media":"","overlay-type":"","overlay-color":"","overlay-opacity":"","overlay-gradient":""},"mobile":{"background-color":"","background-image":"","background-repeat":"repeat","background-position":"center center","background-size":"auto","background-attachment":"scroll","background-type":"","background-media":"","overlay-type":"","overlay-color":"","overlay-opacity":"","overlay-gradient":""}},"ast-content-background-meta":{"desktop":{"background-color":"var(--ast-global-color-5)","background-image":"","background-repeat":"repeat","background-position":"center center","background-size":"auto","background-attachment":"scroll","background-type":"","background-media":"","overlay-type":"","overlay-color":"","overlay-opacity":"","overlay-gradient":""},"tablet":{"background-color":"var(--ast-global-color-5)","background-image":"","background-repeat":"repeat","background-position":"center center","background-size":"auto","background-attachment":"scroll","background-type":"","background-media":"","overlay-type":"","overlay-color":"","overlay-opacity":"","overlay-gradient":""},"mobile":{"background-color":"var(--ast-global-color-5)","background-image":"","background-repeat":"repeat","background-position":"center center","background-size":"auto","background-attachment":"scroll","background-type":"","background-media":"","overlay-type":"","overlay-color":"","overlay-opacity":"","overlay-gradient":""}}},"product_brand":[],"product_cat":[26],"product_tag":[],"class_list":{"0":"post-2429","1":"product","2":"type-product","3":"status-publish","4":"has-post-thumbnail","6":"product_cat-zeitgenossische-musik","7":"pa_artikelnummer-neos-11815","8":"pa_brand-neos-music","9":"pa_ean-55","10":"desktop-align-left","11":"tablet-align-left","12":"mobile-align-left","14":"first","15":"instock","16":"taxable","17":"shipping-taxable","18":"purchasable","19":"product-type-simple"},"yoast_head":"<!-- This site is optimized with the Yoast SEO plugin v27.3 - https:\/\/yoast.com\/product\/yoast-seo-wordpress\/ -->\n<title>Martin Herchenr\u00f6der: Winternachtmusik - Music for Violoncello and Piano - NEOS Music<\/title>\n<meta name=\"robots\" content=\"index, follow, max-snippet:-1, max-image-preview:large, max-video-preview:-1\" \/>\n<link rel=\"canonical\" href=\"https:\/\/neos-music.com\/en_us\/product\/martin-herchenroeder-winternachtmusik-music-for-violoncello-and-piano\/\" \/>\n<meta property=\"og:locale\" content=\"en_US\" \/>\n<meta property=\"og:type\" content=\"article\" \/>\n<meta property=\"og:title\" content=\"Martin Herchenr\u00f6der: Winternachtmusik - Music for Violoncello and Piano - NEOS Music\" \/>\n<meta property=\"og:description\" content=\"Programm: St\u00fccke \u00fcber den Tod\u00a0(Pieces about Death) for Violoncello and Piano (1993)\u00a011:57 [01]\u00a0Thanatos\u00a005:32 [02]\u00a0Mneme\u00a006:25 [03]\u00a0B\u00e4ume und Steine\u00a0(Trees and Stones) Fourth Etude for Piano (2009)\u00a007:59 [04]\u00a0Winternachtmusik \u2013 Melencolia 1514\u00a0(Music of a Winter Night \u2013 Melencolia 1514) for Violoncello (2003)\u00a006:00 [05]\u00a0Meteor\u00a0Second Etude for Piano (2004)\u00a006:12 Miniaturen\u00a0(Miniatures) for Violoncello (2017)\u00a005:39 [06]\u00a0Gesang\u00a0(Chant) 01:11 [07]\u00a0Strange visions\u00a000:50 [08]\u00a0Response \u2013 Call\u00a001:01 [09]\u00a0Haiku\u00a000:40 [&hellip;]\" \/>\n<meta property=\"og:url\" content=\"https:\/\/neos-music.com\/en_us\/product\/martin-herchenroeder-winternachtmusik-music-for-violoncello-and-piano\/\" \/>\n<meta property=\"og:site_name\" content=\"NEOS Music\" \/>\n<meta property=\"article:modified_time\" content=\"2023-05-22T21:34:13+00:00\" \/>\n<meta property=\"og:image\" content=\"https:\/\/neos-music.com\/wp-content\/uploads\/2018\/10\/NEOS_11815_Herchenroeder.jpeg\" \/>\n\t<meta property=\"og:image:width\" content=\"1648\" \/>\n\t<meta property=\"og:image:height\" content=\"1484\" \/>\n\t<meta property=\"og:image:type\" content=\"image\/jpeg\" \/>\n<meta name=\"twitter:card\" content=\"summary_large_image\" \/>\n<meta name=\"twitter:label1\" content=\"Est. reading time\" \/>\n\t<meta name=\"twitter:data1\" content=\"2 minutes\" \/>\n<script type=\"application\/ld+json\" class=\"yoast-schema-graph\">{\"@context\":\"https:\\\/\\\/schema.org\",\"@graph\":[{\"@type\":\"WebPage\",\"@id\":\"https:\\\/\\\/neos-music.com\\\/product\\\/martin-herchenroeder-winternachtmusik-music-for-violoncello-and-piano\\\/\",\"url\":\"https:\\\/\\\/neos-music.com\\\/product\\\/martin-herchenroeder-winternachtmusik-music-for-violoncello-and-piano\\\/\",\"name\":\"Martin Herchenr\u00f6der: Winternachtmusik - Music for Violoncello and Piano - NEOS Music\",\"isPartOf\":{\"@id\":\"https:\\\/\\\/neos-music.com\\\/#website\"},\"primaryImageOfPage\":{\"@id\":\"https:\\\/\\\/neos-music.com\\\/product\\\/martin-herchenroeder-winternachtmusik-music-for-violoncello-and-piano\\\/#primaryimage\"},\"image\":{\"@id\":\"https:\\\/\\\/neos-music.com\\\/product\\\/martin-herchenroeder-winternachtmusik-music-for-violoncello-and-piano\\\/#primaryimage\"},\"thumbnailUrl\":\"https:\\\/\\\/i0.wp.com\\\/neos-music.com\\\/wp-content\\\/uploads\\\/2018\\\/10\\\/NEOS_11815_Herchenroeder.jpeg?fit=1648%2C1484&ssl=1\",\"datePublished\":\"2018-10-19T17:05:22+00:00\",\"dateModified\":\"2023-05-22T21:34:13+00:00\",\"breadcrumb\":{\"@id\":\"https:\\\/\\\/neos-music.com\\\/product\\\/martin-herchenroeder-winternachtmusik-music-for-violoncello-and-piano\\\/#breadcrumb\"},\"inLanguage\":\"en-US\",\"potentialAction\":[{\"@type\":\"ReadAction\",\"target\":[\"https:\\\/\\\/neos-music.com\\\/product\\\/martin-herchenroeder-winternachtmusik-music-for-violoncello-and-piano\\\/\"]}]},{\"@type\":\"ImageObject\",\"inLanguage\":\"en-US\",\"@id\":\"https:\\\/\\\/neos-music.com\\\/product\\\/martin-herchenroeder-winternachtmusik-music-for-violoncello-and-piano\\\/#primaryimage\",\"url\":\"https:\\\/\\\/i0.wp.com\\\/neos-music.com\\\/wp-content\\\/uploads\\\/2018\\\/10\\\/NEOS_11815_Herchenroeder.jpeg?fit=1648%2C1484&ssl=1\",\"contentUrl\":\"https:\\\/\\\/i0.wp.com\\\/neos-music.com\\\/wp-content\\\/uploads\\\/2018\\\/10\\\/NEOS_11815_Herchenroeder.jpeg?fit=1648%2C1484&ssl=1\",\"width\":1648,\"height\":1484},{\"@type\":\"BreadcrumbList\",\"@id\":\"https:\\\/\\\/neos-music.com\\\/product\\\/martin-herchenroeder-winternachtmusik-music-for-violoncello-and-piano\\\/#breadcrumb\",\"itemListElement\":[{\"@type\":\"ListItem\",\"position\":1,\"name\":\"Startseite\",\"item\":\"https:\\\/\\\/neos-music.com\\\/\"},{\"@type\":\"ListItem\",\"position\":2,\"name\":\"Produkte\",\"item\":\"https:\\\/\\\/neos-music.com\\\/shop__trashed\\\/\"},{\"@type\":\"ListItem\",\"position\":3,\"name\":\"Martin Herchenr\u00f6der: Winternachtmusik &#8211; Music for Violoncello and Piano\"}]},{\"@type\":\"WebSite\",\"@id\":\"https:\\\/\\\/neos-music.com\\\/#website\",\"url\":\"https:\\\/\\\/neos-music.com\\\/\",\"name\":\"NEOS Music\",\"description\":\"Dein Online Shop f\u00fcr zeitgen\u00f6ssische Musik, Jazz und Classics!\",\"publisher\":{\"@id\":\"https:\\\/\\\/neos-music.com\\\/#organization\"},\"potentialAction\":[{\"@type\":\"SearchAction\",\"target\":{\"@type\":\"EntryPoint\",\"urlTemplate\":\"https:\\\/\\\/neos-music.com\\\/?s={search_term_string}\"},\"query-input\":{\"@type\":\"PropertyValueSpecification\",\"valueRequired\":true,\"valueName\":\"search_term_string\"}}],\"inLanguage\":\"en-US\"},{\"@type\":\"Organization\",\"@id\":\"https:\\\/\\\/neos-music.com\\\/#organization\",\"name\":\"NEOS Music\",\"url\":\"https:\\\/\\\/neos-music.com\\\/\",\"logo\":{\"@type\":\"ImageObject\",\"inLanguage\":\"en-US\",\"@id\":\"https:\\\/\\\/neos-music.com\\\/#\\\/schema\\\/logo\\\/image\\\/\",\"url\":\"https:\\\/\\\/i0.wp.com\\\/neos-music.com\\\/wp-content\\\/uploads\\\/2025\\\/08\\\/NEOS-Logo-weiss.png?fit=800%2C203&ssl=1\",\"contentUrl\":\"https:\\\/\\\/i0.wp.com\\\/neos-music.com\\\/wp-content\\\/uploads\\\/2025\\\/08\\\/NEOS-Logo-weiss.png?fit=800%2C203&ssl=1\",\"width\":800,\"height\":203,\"caption\":\"NEOS Music\"},\"image\":{\"@id\":\"https:\\\/\\\/neos-music.com\\\/#\\\/schema\\\/logo\\\/image\\\/\"}}]}<\/script>\n<!-- \/ Yoast SEO plugin. -->","yoast_head_json":{"title":"Martin Herchenr\u00f6der: Winternachtmusik - Music for Violoncello and Piano - NEOS Music","robots":{"index":"index","follow":"follow","max-snippet":"max-snippet:-1","max-image-preview":"max-image-preview:large","max-video-preview":"max-video-preview:-1"},"canonical":"https:\/\/neos-music.com\/en_us\/product\/martin-herchenroeder-winternachtmusik-music-for-violoncello-and-piano\/","og_locale":"en_US","og_type":"article","og_title":"Martin Herchenr\u00f6der: Winternachtmusik - Music for Violoncello and Piano - NEOS Music","og_description":"Programm: St\u00fccke \u00fcber den Tod\u00a0(Pieces about Death) for Violoncello and Piano (1993)\u00a011:57 [01]\u00a0Thanatos\u00a005:32 [02]\u00a0Mneme\u00a006:25 [03]\u00a0B\u00e4ume und Steine\u00a0(Trees and Stones) Fourth Etude for Piano (2009)\u00a007:59 [04]\u00a0Winternachtmusik \u2013 Melencolia 1514\u00a0(Music of a Winter Night \u2013 Melencolia 1514) for Violoncello (2003)\u00a006:00 [05]\u00a0Meteor\u00a0Second Etude for Piano (2004)\u00a006:12 Miniaturen\u00a0(Miniatures) for Violoncello (2017)\u00a005:39 [06]\u00a0Gesang\u00a0(Chant) 01:11 [07]\u00a0Strange visions\u00a000:50 [08]\u00a0Response \u2013 Call\u00a001:01 [09]\u00a0Haiku\u00a000:40 [&hellip;]","og_url":"https:\/\/neos-music.com\/en_us\/product\/martin-herchenroeder-winternachtmusik-music-for-violoncello-and-piano\/","og_site_name":"NEOS Music","article_modified_time":"2023-05-22T21:34:13+00:00","og_image":[{"width":1648,"height":1484,"url":"https:\/\/neos-music.com\/wp-content\/uploads\/2018\/10\/NEOS_11815_Herchenroeder.jpeg","type":"image\/jpeg"}],"twitter_card":"summary_large_image","twitter_misc":{"Est. reading time":"2 minutes"},"schema":{"@context":"https:\/\/schema.org","@graph":[{"@type":"WebPage","@id":"https:\/\/neos-music.com\/product\/martin-herchenroeder-winternachtmusik-music-for-violoncello-and-piano\/","url":"https:\/\/neos-music.com\/product\/martin-herchenroeder-winternachtmusik-music-for-violoncello-and-piano\/","name":"Martin Herchenr\u00f6der: Winternachtmusik - Music for Violoncello and Piano - NEOS Music","isPartOf":{"@id":"https:\/\/neos-music.com\/#website"},"primaryImageOfPage":{"@id":"https:\/\/neos-music.com\/product\/martin-herchenroeder-winternachtmusik-music-for-violoncello-and-piano\/#primaryimage"},"image":{"@id":"https:\/\/neos-music.com\/product\/martin-herchenroeder-winternachtmusik-music-for-violoncello-and-piano\/#primaryimage"},"thumbnailUrl":"https:\/\/i0.wp.com\/neos-music.com\/wp-content\/uploads\/2018\/10\/NEOS_11815_Herchenroeder.jpeg?fit=1648%2C1484&ssl=1","datePublished":"2018-10-19T17:05:22+00:00","dateModified":"2023-05-22T21:34:13+00:00","breadcrumb":{"@id":"https:\/\/neos-music.com\/product\/martin-herchenroeder-winternachtmusik-music-for-violoncello-and-piano\/#breadcrumb"},"inLanguage":"en-US","potentialAction":[{"@type":"ReadAction","target":["https:\/\/neos-music.com\/product\/martin-herchenroeder-winternachtmusik-music-for-violoncello-and-piano\/"]}]},{"@type":"ImageObject","inLanguage":"en-US","@id":"https:\/\/neos-music.com\/product\/martin-herchenroeder-winternachtmusik-music-for-violoncello-and-piano\/#primaryimage","url":"https:\/\/i0.wp.com\/neos-music.com\/wp-content\/uploads\/2018\/10\/NEOS_11815_Herchenroeder.jpeg?fit=1648%2C1484&ssl=1","contentUrl":"https:\/\/i0.wp.com\/neos-music.com\/wp-content\/uploads\/2018\/10\/NEOS_11815_Herchenroeder.jpeg?fit=1648%2C1484&ssl=1","width":1648,"height":1484},{"@type":"BreadcrumbList","@id":"https:\/\/neos-music.com\/product\/martin-herchenroeder-winternachtmusik-music-for-violoncello-and-piano\/#breadcrumb","itemListElement":[{"@type":"ListItem","position":1,"name":"Startseite","item":"https:\/\/neos-music.com\/"},{"@type":"ListItem","position":2,"name":"Produkte","item":"https:\/\/neos-music.com\/shop__trashed\/"},{"@type":"ListItem","position":3,"name":"Martin Herchenr\u00f6der: Winternachtmusik &#8211; Music for Violoncello and Piano"}]},{"@type":"WebSite","@id":"https:\/\/neos-music.com\/#website","url":"https:\/\/neos-music.com\/","name":"NEOS Music","description":"Dein Online Shop f\u00fcr zeitgen\u00f6ssische Musik, Jazz und Classics!","publisher":{"@id":"https:\/\/neos-music.com\/#organization"},"potentialAction":[{"@type":"SearchAction","target":{"@type":"EntryPoint","urlTemplate":"https:\/\/neos-music.com\/?s={search_term_string}"},"query-input":{"@type":"PropertyValueSpecification","valueRequired":true,"valueName":"search_term_string"}}],"inLanguage":"en-US"},{"@type":"Organization","@id":"https:\/\/neos-music.com\/#organization","name":"NEOS Music","url":"https:\/\/neos-music.com\/","logo":{"@type":"ImageObject","inLanguage":"en-US","@id":"https:\/\/neos-music.com\/#\/schema\/logo\/image\/","url":"https:\/\/i0.wp.com\/neos-music.com\/wp-content\/uploads\/2025\/08\/NEOS-Logo-weiss.png?fit=800%2C203&ssl=1","contentUrl":"https:\/\/i0.wp.com\/neos-music.com\/wp-content\/uploads\/2025\/08\/NEOS-Logo-weiss.png?fit=800%2C203&ssl=1","width":800,"height":203,"caption":"NEOS Music"},"image":{"@id":"https:\/\/neos-music.com\/#\/schema\/logo\/image\/"}}]}},"jetpack_sharing_enabled":true,"_links":{"self":[{"href":"https:\/\/neos-music.com\/en_us\/wp-json\/wp\/v2\/product\/2429","targetHints":{"allow":["GET"]}}],"collection":[{"href":"https:\/\/neos-music.com\/en_us\/wp-json\/wp\/v2\/product"}],"about":[{"href":"https:\/\/neos-music.com\/en_us\/wp-json\/wp\/v2\/types\/product"}],"version-history":[{"count":0,"href":"https:\/\/neos-music.com\/en_us\/wp-json\/wp\/v2\/product\/2429\/revisions"}],"wp:featuredmedia":[{"embeddable":true,"href":"https:\/\/neos-music.com\/en_us\/wp-json\/wp\/v2\/media\/2431"}],"wp:attachment":[{"href":"https:\/\/neos-music.com\/en_us\/wp-json\/wp\/v2\/media?parent=2429"}],"wp:term":[{"taxonomy":"product_brand","embeddable":true,"href":"https:\/\/neos-music.com\/en_us\/wp-json\/wp\/v2\/product_brand?post=2429"},{"taxonomy":"product_cat","embeddable":true,"href":"https:\/\/neos-music.com\/en_us\/wp-json\/wp\/v2\/product_cat?post=2429"},{"taxonomy":"product_tag","embeddable":true,"href":"https:\/\/neos-music.com\/en_us\/wp-json\/wp\/v2\/product_tag?post=2429"}],"curies":[{"name":"wp","href":"https:\/\/api.w.org\/{rel}","templated":true}]}}