{"id":2434,"date":"2022-05-27T17:15:33","date_gmt":"2022-05-27T17:15:33","guid":{"rendered":"https:\/\/neos-music.com\/?post_type=product&#038;p=2434"},"modified":"2023-05-22T19:04:32","modified_gmt":"2023-05-22T19:04:32","slug":"quietude-fragile-baby-sommer-kiecktett","status":"publish","type":"product","link":"https:\/\/neos-music.com\/en_us\/product\/quietude-fragile-baby-sommer-kiecktett\/","title":{"rendered":"Qui\u00e9tude Fragile: Baby Sommer Kiecktett"},"content":{"rendered":"<p>Programm:<\/p>\n<p><b>Qui\u00e9tude Fragile<br \/>\n<\/b>Baby Sommer Kiecktett<\/p>\n<p>[01]\u00a0<b>Kaffee schwarz mit dicker Berta<\/b>\u00a0Komprovisation f\u00fcr Klavier und Schlagzeug\u00a0<b>02:06<\/b><\/p>\n<p>[02]\u00a0<b>Mitternacht<\/b>\u00a0(2017) f\u00fcr Fl\u00f6te, Viola, Klavier und Schlagzeug\u00a0<b>07:49<\/b><\/p>\n<p>[03]\u00a0<b>Nachricht aus Wien<\/b>\u00a0(2021) f\u00fcr Fl\u00f6te, Viola, Klavier und Schlagzeug\u00a0<b>04:08<\/b><\/p>\n<p>[04]\u00a0<b>Tafelsilber<\/b>\u00a0Komprovisation f\u00fcr Violaund Schlagzeug\u00a0<b>01:56<\/b><\/p>\n<p>[05]\u00a0<b>Qui\u00e9tude Fragile<\/b>\u00a0(2018) f\u00fcr Fl\u00f6te, Viola, Klavier und Schlagzeug\u00a0<b>06:13<\/b><\/p>\n<p>[06]\u00a0<b>Don\u2019t Hold Your Breath<\/b>\u00a0(2019) f\u00fcr Fl\u00f6te und Klavier\u00a0<b>06:22<\/b><\/p>\n<p>[07]\u00a0<b>Karussell<\/b>\u00a0(2021) f\u00fcr Fl\u00f6te, Viola, Klavier und Schlagzeug\u00a0<b>06:14<\/b><\/p>\n<p>[08]\u00a0<b>Riefenzeit<\/b>\u00a0(2015\/2021) f\u00fcr Klavier und Schlagzeug\u00a0<b>11:18<\/b><\/p>\n<p>[09]\u00a0<b>Tanz der Hulusi<\/b>\u00a0Komprovisation f\u00fcr Hulusi und Schlagzeug\u00a0<b>01:49<\/b><\/p>\n<p>[10]\u00a0<b>Schlakl<\/b>\u00a0(2020) f\u00fcr Klavier und Schlagzeug<b>02:09<\/b><\/p>\n<p>[11]\u00a0<b>Quartetto Torrido<\/b>\u00a0Komprovisation f\u00fcr Fl\u00f6te, Schalmei, Viola, klavier und Schlagzeug\u00a0<b>04:24<\/b><\/p>\n<p>[12]\u00a0<b>Abgesang<\/b>\u00a0(2017) f\u00fcr Fl\u00f6te, Viola, Klavier und Schlagzeug\u00a0<b>02:42<\/b><\/p>\n<p>Gesamtspielzeit\u00a0\u00a0 62:56<\/p>\n<p><b>Baby Sommer Kiecktett<br \/>\n<\/b>G\u00fcnter Baby Sommer, Schlagzeug \/ Komprovisationen<br \/>\nUli Johannes Kieckbusch, Kompositionen \/ Klavier (Bl\u00fcthner Konzertfl\u00fcgel, Model 2)<br \/>\nKatharina Sommer, Fl\u00f6te \/ Hulusi \/ Schalmei \/ Komprovisationen<br \/>\nLaura Strobl, Viola \/ Komprovisationen<\/p>\n<p><i><br \/>\nErsteinspielungen<\/i><\/p>\n<p>Pressestimmen:<\/p>\n<p><img data-recalc-dims=\"1\" decoding=\"async\" src=\"https:\/\/i0.wp.com\/neos-music.com\/wp-content\/uploads\/2023\/05\/logo_NeueZeitschriftMusik_NEU.jpg?ssl=1\" alt=\"\" \/><br \/>\n#3_2022<\/p>\n<p>[\u2026] &#8222;Comprovisationen&#8220; nennen die vier ihr musikalisches Konzept, was bedeutet: Hier kann Auskomponiertes f\u00fcr sich alleine stehen, aber auch als Wegweiser fungieren, um dem freien Spiel eine Richtung zu geben und so Redundanzen zu vermeiden. [\u2026] Mit der chinesischen Hulusi-Mundorgel \u2026 kommt ein ganz anderer Klang ins Spiel, den Uli Kieckbusch mit der Mundharmonika flankiert, w\u00e4hrend G\u00fcnter Sommer auf einem Marimbaphon ein komplexes Schlagmuster unterlegt, was f\u00fcr weitere Abwechslung in dieser an Vielfalt und Originalit\u00e4t nicht armen Musik sorgt.<\/p>\n<p><i>Christoph Wagner<\/i><\/p>\n","protected":false},"excerpt":{"rendered":"<p>Programm: Qui\u00e9tude Fragile Baby Sommer Kiecktett [01]\u00a0Kaffee schwarz mit dicker Berta\u00a0Komprovisation f\u00fcr Klavier und Schlagzeug\u00a002:06 [02]\u00a0Mitternacht\u00a0(2017) f\u00fcr Fl\u00f6te, Viola, Klavier und Schlagzeug\u00a007:49 [03]\u00a0Nachricht aus Wien\u00a0(2021) f\u00fcr Fl\u00f6te, Viola, Klavier und Schlagzeug\u00a004:08 [04]\u00a0Tafelsilber\u00a0Komprovisation f\u00fcr Violaund Schlagzeug\u00a001:56 [05]\u00a0Qui\u00e9tude Fragile\u00a0(2018) f\u00fcr Fl\u00f6te, Viola, Klavier und Schlagzeug\u00a006:13 [06]\u00a0Don\u2019t Hold Your Breath\u00a0(2019) f\u00fcr Fl\u00f6te und Klavier\u00a006:22 [07]\u00a0Karussell\u00a0(2021) f\u00fcr Fl\u00f6te, Viola, [&hellip;]<\/p>\n","protected":false},"featured_media":2435,"template":"","meta":{"site-sidebar-layout":"default","site-content-layout":"default","ast-site-content-layout":"default","site-content-style":"default","site-sidebar-style":"default","ast-global-header-display":"","ast-banner-title-visibility":"","ast-main-header-display":"","ast-hfb-above-header-display":"","ast-hfb-below-header-display":"","ast-hfb-mobile-header-display":"","site-post-title":"","ast-breadcrumbs-content":"","ast-featured-img":"","footer-sml-layout":"","theme-transparent-header-meta":"default","adv-header-id-meta":"","stick-header-meta":"","header-above-stick-meta":"","header-main-stick-meta":"","header-below-stick-meta":"","astra-migrate-meta-layouts":"default","ast-page-background-enabled":"default","ast-page-background-meta":{"desktop":{"background-color":"","background-image":"","background-repeat":"repeat","background-position":"center center","background-size":"auto","background-attachment":"scroll","background-type":"","background-media":"","overlay-type":"","overlay-color":"","overlay-opacity":"","overlay-gradient":""},"tablet":{"background-color":"","background-image":"","background-repeat":"repeat","background-position":"center center","background-size":"auto","background-attachment":"scroll","background-type":"","background-media":"","overlay-type":"","overlay-color":"","overlay-opacity":"","overlay-gradient":""},"mobile":{"background-color":"","background-image":"","background-repeat":"repeat","background-position":"center center","background-size":"auto","background-attachment":"scroll","background-type":"","background-media":"","overlay-type":"","overlay-color":"","overlay-opacity":"","overlay-gradient":""}},"ast-content-background-meta":{"desktop":{"background-color":"var(--ast-global-color-5)","background-image":"","background-repeat":"repeat","background-position":"center center","background-size":"auto","background-attachment":"scroll","background-type":"","background-media":"","overlay-type":"","overlay-color":"","overlay-opacity":"","overlay-gradient":""},"tablet":{"background-color":"var(--ast-global-color-5)","background-image":"","background-repeat":"repeat","background-position":"center center","background-size":"auto","background-attachment":"scroll","background-type":"","background-media":"","overlay-type":"","overlay-color":"","overlay-opacity":"","overlay-gradient":""},"mobile":{"background-color":"var(--ast-global-color-5)","background-image":"","background-repeat":"repeat","background-position":"center center","background-size":"auto","background-attachment":"scroll","background-type":"","background-media":"","overlay-type":"","overlay-color":"","overlay-opacity":"","overlay-gradient":""}}},"product_brand":[],"product_cat":[26],"product_tag":[],"class_list":{"0":"post-2434","1":"product","2":"type-product","3":"status-publish","4":"has-post-thumbnail","6":"product_cat-zeitgenossische-musik","7":"pa_artikelnummer-neos-12115","8":"pa_brand-neos-music","9":"pa_ean-59","10":"desktop-align-left","11":"tablet-align-left","12":"mobile-align-left","14":"first","15":"instock","16":"taxable","17":"shipping-taxable","18":"purchasable","19":"product-type-simple"},"yoast_head":"<!-- This site is optimized with the Yoast SEO plugin v27.4 - https:\/\/yoast.com\/product\/yoast-seo-wordpress\/ -->\n<title>Qui\u00e9tude Fragile: Baby Sommer Kiecktett - NEOS Music<\/title>\n<meta name=\"robots\" content=\"index, follow, max-snippet:-1, max-image-preview:large, max-video-preview:-1\" \/>\n<link rel=\"canonical\" href=\"https:\/\/neos-music.com\/en_us\/product\/quietude-fragile-baby-sommer-kiecktett\/\" \/>\n<meta property=\"og:locale\" content=\"en_US\" \/>\n<meta property=\"og:type\" content=\"article\" \/>\n<meta property=\"og:title\" content=\"Qui\u00e9tude Fragile: Baby Sommer Kiecktett - NEOS Music\" \/>\n<meta property=\"og:description\" content=\"Programm: Qui\u00e9tude Fragile Baby Sommer Kiecktett [01]\u00a0Kaffee schwarz mit dicker Berta\u00a0Komprovisation f\u00fcr Klavier und Schlagzeug\u00a002:06 [02]\u00a0Mitternacht\u00a0(2017) f\u00fcr Fl\u00f6te, Viola, Klavier und Schlagzeug\u00a007:49 [03]\u00a0Nachricht aus Wien\u00a0(2021) f\u00fcr Fl\u00f6te, Viola, Klavier und Schlagzeug\u00a004:08 [04]\u00a0Tafelsilber\u00a0Komprovisation f\u00fcr Violaund Schlagzeug\u00a001:56 [05]\u00a0Qui\u00e9tude Fragile\u00a0(2018) f\u00fcr Fl\u00f6te, Viola, Klavier und Schlagzeug\u00a006:13 [06]\u00a0Don\u2019t Hold Your Breath\u00a0(2019) f\u00fcr Fl\u00f6te und Klavier\u00a006:22 [07]\u00a0Karussell\u00a0(2021) f\u00fcr Fl\u00f6te, Viola, [&hellip;]\" \/>\n<meta property=\"og:url\" content=\"https:\/\/neos-music.com\/en_us\/product\/quietude-fragile-baby-sommer-kiecktett\/\" \/>\n<meta property=\"og:site_name\" content=\"NEOS Music\" \/>\n<meta property=\"article:modified_time\" content=\"2023-05-22T19:04:32+00:00\" \/>\n<meta property=\"og:image\" content=\"https:\/\/neos-music.com\/wp-content\/uploads\/2022\/11\/NEOS_12115_Quietude_Fragile.jpeg\" \/>\n\t<meta property=\"og:image:width\" content=\"1648\" \/>\n\t<meta property=\"og:image:height\" content=\"1482\" \/>\n\t<meta property=\"og:image:type\" content=\"image\/jpeg\" \/>\n<meta name=\"twitter:card\" content=\"summary_large_image\" \/>\n<meta name=\"twitter:label1\" content=\"Est. reading time\" \/>\n\t<meta name=\"twitter:data1\" content=\"2 minutes\" \/>\n<script type=\"application\/ld+json\" class=\"yoast-schema-graph\">{\"@context\":\"https:\\\/\\\/schema.org\",\"@graph\":[{\"@type\":\"WebPage\",\"@id\":\"https:\\\/\\\/neos-music.com\\\/product\\\/quietude-fragile-baby-sommer-kiecktett\\\/\",\"url\":\"https:\\\/\\\/neos-music.com\\\/product\\\/quietude-fragile-baby-sommer-kiecktett\\\/\",\"name\":\"Qui\u00e9tude Fragile: Baby Sommer Kiecktett - NEOS Music\",\"isPartOf\":{\"@id\":\"https:\\\/\\\/neos-music.com\\\/#website\"},\"primaryImageOfPage\":{\"@id\":\"https:\\\/\\\/neos-music.com\\\/product\\\/quietude-fragile-baby-sommer-kiecktett\\\/#primaryimage\"},\"image\":{\"@id\":\"https:\\\/\\\/neos-music.com\\\/product\\\/quietude-fragile-baby-sommer-kiecktett\\\/#primaryimage\"},\"thumbnailUrl\":\"https:\\\/\\\/i0.wp.com\\\/neos-music.com\\\/wp-content\\\/uploads\\\/2022\\\/11\\\/NEOS_12115_Quietude_Fragile.jpeg?fit=1648%2C1482&ssl=1\",\"datePublished\":\"2022-05-27T17:15:33+00:00\",\"dateModified\":\"2023-05-22T19:04:32+00:00\",\"breadcrumb\":{\"@id\":\"https:\\\/\\\/neos-music.com\\\/product\\\/quietude-fragile-baby-sommer-kiecktett\\\/#breadcrumb\"},\"inLanguage\":\"en-US\",\"potentialAction\":[{\"@type\":\"ReadAction\",\"target\":[\"https:\\\/\\\/neos-music.com\\\/product\\\/quietude-fragile-baby-sommer-kiecktett\\\/\"]}]},{\"@type\":\"ImageObject\",\"inLanguage\":\"en-US\",\"@id\":\"https:\\\/\\\/neos-music.com\\\/product\\\/quietude-fragile-baby-sommer-kiecktett\\\/#primaryimage\",\"url\":\"https:\\\/\\\/i0.wp.com\\\/neos-music.com\\\/wp-content\\\/uploads\\\/2022\\\/11\\\/NEOS_12115_Quietude_Fragile.jpeg?fit=1648%2C1482&ssl=1\",\"contentUrl\":\"https:\\\/\\\/i0.wp.com\\\/neos-music.com\\\/wp-content\\\/uploads\\\/2022\\\/11\\\/NEOS_12115_Quietude_Fragile.jpeg?fit=1648%2C1482&ssl=1\",\"width\":1648,\"height\":1482},{\"@type\":\"BreadcrumbList\",\"@id\":\"https:\\\/\\\/neos-music.com\\\/product\\\/quietude-fragile-baby-sommer-kiecktett\\\/#breadcrumb\",\"itemListElement\":[{\"@type\":\"ListItem\",\"position\":1,\"name\":\"Startseite\",\"item\":\"https:\\\/\\\/neos-music.com\\\/\"},{\"@type\":\"ListItem\",\"position\":2,\"name\":\"Produkte\",\"item\":\"https:\\\/\\\/neos-music.com\\\/shop__trashed\\\/\"},{\"@type\":\"ListItem\",\"position\":3,\"name\":\"Qui\u00e9tude Fragile: Baby Sommer Kiecktett\"}]},{\"@type\":\"WebSite\",\"@id\":\"https:\\\/\\\/neos-music.com\\\/#website\",\"url\":\"https:\\\/\\\/neos-music.com\\\/\",\"name\":\"NEOS Music\",\"description\":\"Dein Online Shop f\u00fcr zeitgen\u00f6ssische Musik, Jazz und Classics!\",\"publisher\":{\"@id\":\"https:\\\/\\\/neos-music.com\\\/#organization\"},\"potentialAction\":[{\"@type\":\"SearchAction\",\"target\":{\"@type\":\"EntryPoint\",\"urlTemplate\":\"https:\\\/\\\/neos-music.com\\\/?s={search_term_string}\"},\"query-input\":{\"@type\":\"PropertyValueSpecification\",\"valueRequired\":true,\"valueName\":\"search_term_string\"}}],\"inLanguage\":\"en-US\"},{\"@type\":\"Organization\",\"@id\":\"https:\\\/\\\/neos-music.com\\\/#organization\",\"name\":\"NEOS Music\",\"url\":\"https:\\\/\\\/neos-music.com\\\/\",\"logo\":{\"@type\":\"ImageObject\",\"inLanguage\":\"en-US\",\"@id\":\"https:\\\/\\\/neos-music.com\\\/#\\\/schema\\\/logo\\\/image\\\/\",\"url\":\"https:\\\/\\\/i0.wp.com\\\/neos-music.com\\\/wp-content\\\/uploads\\\/2025\\\/08\\\/NEOS-Logo-weiss.png?fit=800%2C203&ssl=1\",\"contentUrl\":\"https:\\\/\\\/i0.wp.com\\\/neos-music.com\\\/wp-content\\\/uploads\\\/2025\\\/08\\\/NEOS-Logo-weiss.png?fit=800%2C203&ssl=1\",\"width\":800,\"height\":203,\"caption\":\"NEOS Music\"},\"image\":{\"@id\":\"https:\\\/\\\/neos-music.com\\\/#\\\/schema\\\/logo\\\/image\\\/\"}}]}<\/script>\n<!-- \/ Yoast SEO plugin. -->","yoast_head_json":{"title":"Qui\u00e9tude Fragile: Baby Sommer Kiecktett - NEOS Music","robots":{"index":"index","follow":"follow","max-snippet":"max-snippet:-1","max-image-preview":"max-image-preview:large","max-video-preview":"max-video-preview:-1"},"canonical":"https:\/\/neos-music.com\/en_us\/product\/quietude-fragile-baby-sommer-kiecktett\/","og_locale":"en_US","og_type":"article","og_title":"Qui\u00e9tude Fragile: Baby Sommer Kiecktett - NEOS Music","og_description":"Programm: Qui\u00e9tude Fragile Baby Sommer Kiecktett [01]\u00a0Kaffee schwarz mit dicker Berta\u00a0Komprovisation f\u00fcr Klavier und Schlagzeug\u00a002:06 [02]\u00a0Mitternacht\u00a0(2017) f\u00fcr Fl\u00f6te, Viola, Klavier und Schlagzeug\u00a007:49 [03]\u00a0Nachricht aus Wien\u00a0(2021) f\u00fcr Fl\u00f6te, Viola, Klavier und Schlagzeug\u00a004:08 [04]\u00a0Tafelsilber\u00a0Komprovisation f\u00fcr Violaund Schlagzeug\u00a001:56 [05]\u00a0Qui\u00e9tude Fragile\u00a0(2018) f\u00fcr Fl\u00f6te, Viola, Klavier und Schlagzeug\u00a006:13 [06]\u00a0Don\u2019t Hold Your Breath\u00a0(2019) f\u00fcr Fl\u00f6te und Klavier\u00a006:22 [07]\u00a0Karussell\u00a0(2021) f\u00fcr Fl\u00f6te, Viola, [&hellip;]","og_url":"https:\/\/neos-music.com\/en_us\/product\/quietude-fragile-baby-sommer-kiecktett\/","og_site_name":"NEOS Music","article_modified_time":"2023-05-22T19:04:32+00:00","og_image":[{"width":1648,"height":1482,"url":"https:\/\/neos-music.com\/wp-content\/uploads\/2022\/11\/NEOS_12115_Quietude_Fragile.jpeg","type":"image\/jpeg"}],"twitter_card":"summary_large_image","twitter_misc":{"Est. reading time":"2 minutes"},"schema":{"@context":"https:\/\/schema.org","@graph":[{"@type":"WebPage","@id":"https:\/\/neos-music.com\/product\/quietude-fragile-baby-sommer-kiecktett\/","url":"https:\/\/neos-music.com\/product\/quietude-fragile-baby-sommer-kiecktett\/","name":"Qui\u00e9tude Fragile: Baby Sommer Kiecktett - NEOS Music","isPartOf":{"@id":"https:\/\/neos-music.com\/#website"},"primaryImageOfPage":{"@id":"https:\/\/neos-music.com\/product\/quietude-fragile-baby-sommer-kiecktett\/#primaryimage"},"image":{"@id":"https:\/\/neos-music.com\/product\/quietude-fragile-baby-sommer-kiecktett\/#primaryimage"},"thumbnailUrl":"https:\/\/i0.wp.com\/neos-music.com\/wp-content\/uploads\/2022\/11\/NEOS_12115_Quietude_Fragile.jpeg?fit=1648%2C1482&ssl=1","datePublished":"2022-05-27T17:15:33+00:00","dateModified":"2023-05-22T19:04:32+00:00","breadcrumb":{"@id":"https:\/\/neos-music.com\/product\/quietude-fragile-baby-sommer-kiecktett\/#breadcrumb"},"inLanguage":"en-US","potentialAction":[{"@type":"ReadAction","target":["https:\/\/neos-music.com\/product\/quietude-fragile-baby-sommer-kiecktett\/"]}]},{"@type":"ImageObject","inLanguage":"en-US","@id":"https:\/\/neos-music.com\/product\/quietude-fragile-baby-sommer-kiecktett\/#primaryimage","url":"https:\/\/i0.wp.com\/neos-music.com\/wp-content\/uploads\/2022\/11\/NEOS_12115_Quietude_Fragile.jpeg?fit=1648%2C1482&ssl=1","contentUrl":"https:\/\/i0.wp.com\/neos-music.com\/wp-content\/uploads\/2022\/11\/NEOS_12115_Quietude_Fragile.jpeg?fit=1648%2C1482&ssl=1","width":1648,"height":1482},{"@type":"BreadcrumbList","@id":"https:\/\/neos-music.com\/product\/quietude-fragile-baby-sommer-kiecktett\/#breadcrumb","itemListElement":[{"@type":"ListItem","position":1,"name":"Startseite","item":"https:\/\/neos-music.com\/"},{"@type":"ListItem","position":2,"name":"Produkte","item":"https:\/\/neos-music.com\/shop__trashed\/"},{"@type":"ListItem","position":3,"name":"Qui\u00e9tude Fragile: Baby Sommer Kiecktett"}]},{"@type":"WebSite","@id":"https:\/\/neos-music.com\/#website","url":"https:\/\/neos-music.com\/","name":"NEOS Music","description":"Dein Online Shop f\u00fcr zeitgen\u00f6ssische Musik, Jazz und Classics!","publisher":{"@id":"https:\/\/neos-music.com\/#organization"},"potentialAction":[{"@type":"SearchAction","target":{"@type":"EntryPoint","urlTemplate":"https:\/\/neos-music.com\/?s={search_term_string}"},"query-input":{"@type":"PropertyValueSpecification","valueRequired":true,"valueName":"search_term_string"}}],"inLanguage":"en-US"},{"@type":"Organization","@id":"https:\/\/neos-music.com\/#organization","name":"NEOS Music","url":"https:\/\/neos-music.com\/","logo":{"@type":"ImageObject","inLanguage":"en-US","@id":"https:\/\/neos-music.com\/#\/schema\/logo\/image\/","url":"https:\/\/i0.wp.com\/neos-music.com\/wp-content\/uploads\/2025\/08\/NEOS-Logo-weiss.png?fit=800%2C203&ssl=1","contentUrl":"https:\/\/i0.wp.com\/neos-music.com\/wp-content\/uploads\/2025\/08\/NEOS-Logo-weiss.png?fit=800%2C203&ssl=1","width":800,"height":203,"caption":"NEOS Music"},"image":{"@id":"https:\/\/neos-music.com\/#\/schema\/logo\/image\/"}}]}},"jetpack_sharing_enabled":true,"_links":{"self":[{"href":"https:\/\/neos-music.com\/en_us\/wp-json\/wp\/v2\/product\/2434","targetHints":{"allow":["GET"]}}],"collection":[{"href":"https:\/\/neos-music.com\/en_us\/wp-json\/wp\/v2\/product"}],"about":[{"href":"https:\/\/neos-music.com\/en_us\/wp-json\/wp\/v2\/types\/product"}],"version-history":[{"count":0,"href":"https:\/\/neos-music.com\/en_us\/wp-json\/wp\/v2\/product\/2434\/revisions"}],"wp:featuredmedia":[{"embeddable":true,"href":"https:\/\/neos-music.com\/en_us\/wp-json\/wp\/v2\/media\/2435"}],"wp:attachment":[{"href":"https:\/\/neos-music.com\/en_us\/wp-json\/wp\/v2\/media?parent=2434"}],"wp:term":[{"taxonomy":"product_brand","embeddable":true,"href":"https:\/\/neos-music.com\/en_us\/wp-json\/wp\/v2\/product_brand?post=2434"},{"taxonomy":"product_cat","embeddable":true,"href":"https:\/\/neos-music.com\/en_us\/wp-json\/wp\/v2\/product_cat?post=2434"},{"taxonomy":"product_tag","embeddable":true,"href":"https:\/\/neos-music.com\/en_us\/wp-json\/wp\/v2\/product_tag?post=2434"}],"curies":[{"name":"wp","href":"https:\/\/api.w.org\/{rel}","templated":true}]}}