{"id":2438,"date":"2022-04-29T17:22:37","date_gmt":"2022-04-29T17:22:37","guid":{"rendered":"https:\/\/neos-music.com\/?post_type=product&#038;p=2438"},"modified":"2023-05-22T19:11:52","modified_gmt":"2023-05-22T19:11:52","slug":"claus-steffen-mahnkopf-vocal-music-ii","status":"publish","type":"product","link":"https:\/\/neos-music.com\/en_us\/product\/claus-steffen-mahnkopf-vocal-music-ii\/","title":{"rendered":"Claus-Steffen Mahnkopf: Vocal Music II"},"content":{"rendered":"<p>Infotext:<\/p>\n<p><b>VOKALMUSIK II<\/b><\/p>\n<p>Als im M\u00e4rz 2011 meine Frau, die j\u00fcdische Religionsphilosophin Francesca Yardenit Albertini, starb, konnte ich nichts anders, als die Erinnerung an sie wachzuhalten, indem ich zum einen ein Buch \u00fcber sie schrieb (<i>Deutschland oder Jerusalem. Das kurze Leben der Francesca Albertini<\/i>, 2013), zum anderen beschloss, ein Erinnerungswerk zu komponieren. Aber kein Requiem, sondern ein Portr\u00e4t. Francesca bet\u00e4tigte sich in jungen Jahren als Schriftstellerin und wurde sogar ins italienische Fernsehen eingeladen. Diese Episode w\u00e4hrte kurz, aber ich fand in ihrem Nachlass zahlreiche Jugendgedichte, die sie zwischen 17 und 20 Jahren schrieb. Aus diesen w\u00e4hlte ich zehn aus. Sie kreisen um die Themen Wahrheit, Tod, Schmerz, Vergessenwerden, Michelangelo, Morgend\u00e4mmerung, Entwurzelung, Briefe, Denken, Qual und Schatten. Diese werden in f\u00fcnf Gro\u00dfstrophen gesungen, vom Orchester begleitet. Zugleich erh\u00e4lt fast jedes Instrument ein Solo, das im Tempo unabh\u00e4ngig vom Orchester spielt. Auch sind einige Zwischenspiele eingeschoben, die eine Narration ergeben, die unserem gemeinsamen 13-j\u00e4hrigen Lebensweg folgt.<\/p>\n<p>Das zentrale Gedicht lautet:<\/p>\n<p>Dove sono i morti?<br \/>\nDentro di noi.<br \/>\nUn cadavere resuscita<br \/>\nad ogni pensiero.<\/p>\n<p><i>Wo sind die Toten?<br \/>\nDrinnen in uns.<br \/>\nEin Leichnam steht auf von den Toten<br \/>\nbei jedem Gedanken.<\/i><\/p>\n<p>Auch noch viele Jahre nach ihrem Tod ist dieser emotional nicht zu akzeptieren. Man gew\u00f6hnt sich an den Tatbetand, aber letztlich ist der Tod einer geliebten Person unausdenklich und stellt eine unaufl\u00f6sliche Paradoxie der eigenen Existenz dar, vor allem wenn sie 36-j\u00e4hrig durch einen Unfall j\u00e4h aus dem Leben gerissen wurde. Im Februar 2018 hielt Menachem Ben-Sasson, der Kanzler der J\u00fcdischen Universit\u00e4t Jerusalem, die Francesca Yardenit Albertini-Lecture an der FU Berlin. An Francescas L\u00e4cheln, so Ben-Sasson, werde sich in Jerusalem heute noch, 16 Jahre nach ihrem zweij\u00e4hrigen Forschungsaufenthalt, erinnert. Dieses L\u00e4cheln versuche ich mit diesem Werk einzufangen. \u00bbDov\u2019\u00e8?\u00ab hei\u00dft auf deutsch: \u00bbWo ist er \/ sie \/ es?\u00ab<\/p>\n<p><i>432 Park Avenue. Hommage \u00e0 NYC<\/i>\u00a0\u2013 Mich fasziniert New York City, vor allem, weil es ganz anders ist als der Rest der USA. NYC ist wie ein eigener Staat, eine eigene Welt. Im September 2015 lief ich durch den Central Park und entdeckte zwischen den B\u00e4umen hervorlugend ein sehr hohes und extrem schmales Geb\u00e4ude, das wie ein einzelner Spaghetto ist den Himmel ragt. 426 Meter misst dieses Geb\u00e4ude, das nur zum Wohnen gebaut wurde. In klassischer Sch\u00f6nheit und Eleganz ragt es empor. Zugleich ist es Ausdruck kapitalistischer Dekadenz. Die Preise sind so exorbitant hoch, dass nur sehr Reiche sich dort einkaufen k\u00f6nnen. Der Investor wirbt mit Ruhe, da die Bewohner meist abwesend sein d\u00fcrften. Ich verwende f\u00fcr den S\u00e4nger Texte aus dem Webauftritt dieses Geb\u00e4udes. Zugleich spielt der Bariton einen MIDI-Syntheziser, auf dem Originalkl\u00e4nge der Stadt New York gespeichert sind. Zusammen mit der Klanglichkeit der drei Bl\u00e4ser entsteht so ein Portr\u00e4t New Yorks.<\/p>\n<p>H\u00e4tte ich ein zweites Leben, ich studierte Mathematik und Physik, um zu begreifen, wie die Welt aufgebaut ist und vor allem woher sie kommt, ja warum es sie \u00fcberhaupt gibt. Diese Fragen sind zugleich philosophische Fragen. F\u00fcr das f\u00fcnfs\u00e4tzige Werk\u00a0<i>Astronomica<\/i>\u00a0habe ich Texte aus Lehrb\u00fcchern der Astronomie entnommen und umformuliert. In jedem der ersten vier S\u00e4tze steht ein Duo aus einer S\u00e4ngerin bzw. einem S\u00e4nger und einem Instrument (Fl\u00f6te, Klarinette, Schlagzeug, Violoncello) im Vordergrund, gleichsam rezitativisch begleitet von den \u00fcbrigen. Der letzte und l\u00e4ngste Satz wird von allen acht Musikern bestritten. Die (in der Regel gesprochenen) Texte haben diese thematischen Kerne: Hintergrundrauschen; schwarzes Loch; Wurmloch; Ekpyrosis; Inflation.<\/p>\n<p>Claus-Steffen Mahnkopf<\/p>\n<p>Programm:<\/p>\n<p>[01]\u00a0<b>Dov\u2019\u00e8?<\/b>\u00a0f\u00fcr 5 Stimmen und Orchester (2017\u20132018)\u00a0<b>32:01<\/b><\/p>\n<p><b>Neue Vocalsolisten<br \/>\n<\/b>(Johanna Zimmer, Susanne Leitz-Lorey, Truike van der Poel, Martin Nagy, Andreas Fischer)<br \/>\n<b>Rundfunk-Sinfonieorchester Berlin (RSB)<br \/>\nMichael Wendeberg<\/b>\u00a0Dirigent<\/p>\n<p><i>Live<\/i><\/p>\n<p>[02]\u00a0<b>432 Park Avenue. Hommage \u00e0 NYC<\/b>\u00a0f\u00fcr Bariton und 3 Instrumentalisten(2018)\u00a0<b>14:12<\/b><\/p>\n<p><b>loadbang<\/b>\u00a0(New York City)<\/p>\n<p><i>Live<\/i><\/p>\n<p><i><br \/>\n<\/i><b>Astronomica<\/b>\u00a0f\u00fcr 4 Stimmen und 4 Instrumentalisten (2019)\u00a0<b>20:42<\/b><\/p>\n<p>[03]\u00a0<b>I<\/b>\u00a004:09<br \/>\n[04]\u00a0<b>II<\/b>\u00a003:35<br \/>\n[05]\u00a0<b>III<\/b>\u00a003:37<br \/>\n[06]\u00a0<b>IV<\/b>\u00a003:38<br \/>\n[07]\u00a0<b>V<\/b>\u00a005:43<\/p>\n<p><b>SCHOLA HEIDELBERG \/\u2009ensemble aisthesis<\/b>\u00a0(KlangForum Heidelberg)<br \/>\n<b>Walter Nu\u00dfbaum<\/b>\u00a0Dirigent<\/p>\n<p>Gesamtspielzeit: 67:21<\/p>\n<p><i>Ersteinspielungen<\/i><\/p>\n<p>Pressestimme:<\/p>\n<p><img data-recalc-dims=\"1\" decoding=\"async\" src=\"https:\/\/i0.wp.com\/neos-music.com\/wp-content\/uploads\/2023\/05\/logo_FonoForum.gif?ssl=1\" alt=\"\" \/><\/p>\n<p>07\/22<\/p>\n<p><b>Klang &#8211; von innen heraus beleuchtet<br \/>\n<\/b>Neuerscheinungen Neuer Musik relativieren alte Vorurteile jenseits der Stilschublade<\/p>\n<p>Claus-Steffen Mahnkopf eilt der Ruf voraus, ein \u00e4u\u00dferst intellektueller Komponist zu sein. Aber die Intensit\u00e4t seiner Kompositionen verdankt sich nicht allein struktureller Kompetenz und vielfachen Anregungen zwischen Philosophie, Literatur und\u00a0Naturwissenschaft.\u00a0[\u2026]<\/p>\n<p><i>Dirk Wieschollek<\/i><\/p>\n","protected":false},"excerpt":{"rendered":"<p>Infotext: VOKALMUSIK II Als im M\u00e4rz 2011 meine Frau, die j\u00fcdische Religionsphilosophin Francesca Yardenit Albertini, starb, konnte ich nichts anders, als die Erinnerung an sie wachzuhalten, indem ich zum einen ein Buch \u00fcber sie schrieb (Deutschland oder Jerusalem. Das kurze Leben der Francesca Albertini, 2013), zum anderen beschloss, ein Erinnerungswerk zu komponieren. Aber kein Requiem, [&hellip;]<\/p>\n","protected":false},"featured_media":2439,"template":"","meta":{"site-sidebar-layout":"default","site-content-layout":"default","ast-site-content-layout":"default","site-content-style":"default","site-sidebar-style":"default","ast-global-header-display":"","ast-banner-title-visibility":"","ast-main-header-display":"","ast-hfb-above-header-display":"","ast-hfb-below-header-display":"","ast-hfb-mobile-header-display":"","site-post-title":"","ast-breadcrumbs-content":"","ast-featured-img":"","footer-sml-layout":"","theme-transparent-header-meta":"default","adv-header-id-meta":"","stick-header-meta":"","header-above-stick-meta":"","header-main-stick-meta":"","header-below-stick-meta":"","astra-migrate-meta-layouts":"default","ast-page-background-enabled":"default","ast-page-background-meta":{"desktop":{"background-color":"","background-image":"","background-repeat":"repeat","background-position":"center center","background-size":"auto","background-attachment":"scroll","background-type":"","background-media":"","overlay-type":"","overlay-color":"","overlay-opacity":"","overlay-gradient":""},"tablet":{"background-color":"","background-image":"","background-repeat":"repeat","background-position":"center center","background-size":"auto","background-attachment":"scroll","background-type":"","background-media":"","overlay-type":"","overlay-color":"","overlay-opacity":"","overlay-gradient":""},"mobile":{"background-color":"","background-image":"","background-repeat":"repeat","background-position":"center center","background-size":"auto","background-attachment":"scroll","background-type":"","background-media":"","overlay-type":"","overlay-color":"","overlay-opacity":"","overlay-gradient":""}},"ast-content-background-meta":{"desktop":{"background-color":"var(--ast-global-color-5)","background-image":"","background-repeat":"repeat","background-position":"center center","background-size":"auto","background-attachment":"scroll","background-type":"","background-media":"","overlay-type":"","overlay-color":"","overlay-opacity":"","overlay-gradient":""},"tablet":{"background-color":"var(--ast-global-color-5)","background-image":"","background-repeat":"repeat","background-position":"center center","background-size":"auto","background-attachment":"scroll","background-type":"","background-media":"","overlay-type":"","overlay-color":"","overlay-opacity":"","overlay-gradient":""},"mobile":{"background-color":"var(--ast-global-color-5)","background-image":"","background-repeat":"repeat","background-position":"center center","background-size":"auto","background-attachment":"scroll","background-type":"","background-media":"","overlay-type":"","overlay-color":"","overlay-opacity":"","overlay-gradient":""}}},"product_brand":[],"product_cat":[26],"product_tag":[],"class_list":{"0":"post-2438","1":"product","2":"type-product","3":"status-publish","4":"has-post-thumbnail","6":"product_cat-zeitgenossische-musik","7":"pa_artikelnummer-neos-12110","8":"pa_brand-neos-music","9":"pa_ean-63","10":"desktop-align-left","11":"tablet-align-left","12":"mobile-align-left","14":"first","15":"instock","16":"taxable","17":"shipping-taxable","18":"purchasable","19":"product-type-simple"},"yoast_head":"<!-- This site is optimized with the Yoast SEO plugin v27.3 - https:\/\/yoast.com\/product\/yoast-seo-wordpress\/ -->\n<title>Claus-Steffen Mahnkopf: Vocal Music II - NEOS Music<\/title>\n<meta name=\"robots\" content=\"index, follow, max-snippet:-1, max-image-preview:large, max-video-preview:-1\" \/>\n<link rel=\"canonical\" href=\"https:\/\/neos-music.com\/en_us\/product\/claus-steffen-mahnkopf-vocal-music-ii\/\" \/>\n<meta property=\"og:locale\" content=\"en_US\" \/>\n<meta property=\"og:type\" content=\"article\" \/>\n<meta property=\"og:title\" content=\"Claus-Steffen Mahnkopf: Vocal Music II - NEOS Music\" \/>\n<meta property=\"og:description\" content=\"Infotext: VOKALMUSIK II Als im M\u00e4rz 2011 meine Frau, die j\u00fcdische Religionsphilosophin Francesca Yardenit Albertini, starb, konnte ich nichts anders, als die Erinnerung an sie wachzuhalten, indem ich zum einen ein Buch \u00fcber sie schrieb (Deutschland oder Jerusalem. Das kurze Leben der Francesca Albertini, 2013), zum anderen beschloss, ein Erinnerungswerk zu komponieren. Aber kein Requiem, [&hellip;]\" \/>\n<meta property=\"og:url\" content=\"https:\/\/neos-music.com\/en_us\/product\/claus-steffen-mahnkopf-vocal-music-ii\/\" \/>\n<meta property=\"og:site_name\" content=\"NEOS Music\" \/>\n<meta property=\"article:modified_time\" content=\"2023-05-22T19:11:52+00:00\" \/>\n<meta property=\"og:image\" content=\"https:\/\/neos-music.com\/wp-content\/uploads\/2022\/11\/NEOS_12110_Mahnkopf.jpeg\" \/>\n\t<meta property=\"og:image:width\" content=\"1648\" \/>\n\t<meta property=\"og:image:height\" content=\"1483\" \/>\n\t<meta property=\"og:image:type\" content=\"image\/jpeg\" \/>\n<meta name=\"twitter:card\" content=\"summary_large_image\" \/>\n<meta name=\"twitter:label1\" content=\"Est. reading time\" \/>\n\t<meta name=\"twitter:data1\" content=\"5 minutes\" \/>\n<script type=\"application\/ld+json\" class=\"yoast-schema-graph\">{\"@context\":\"https:\\\/\\\/schema.org\",\"@graph\":[{\"@type\":\"WebPage\",\"@id\":\"https:\\\/\\\/neos-music.com\\\/product\\\/claus-steffen-mahnkopf-vocal-music-ii\\\/\",\"url\":\"https:\\\/\\\/neos-music.com\\\/product\\\/claus-steffen-mahnkopf-vocal-music-ii\\\/\",\"name\":\"Claus-Steffen Mahnkopf: Vocal Music II - NEOS Music\",\"isPartOf\":{\"@id\":\"https:\\\/\\\/neos-music.com\\\/#website\"},\"primaryImageOfPage\":{\"@id\":\"https:\\\/\\\/neos-music.com\\\/product\\\/claus-steffen-mahnkopf-vocal-music-ii\\\/#primaryimage\"},\"image\":{\"@id\":\"https:\\\/\\\/neos-music.com\\\/product\\\/claus-steffen-mahnkopf-vocal-music-ii\\\/#primaryimage\"},\"thumbnailUrl\":\"https:\\\/\\\/i0.wp.com\\\/neos-music.com\\\/wp-content\\\/uploads\\\/2022\\\/11\\\/NEOS_12110_Mahnkopf.jpeg?fit=1648%2C1483&ssl=1\",\"datePublished\":\"2022-04-29T17:22:37+00:00\",\"dateModified\":\"2023-05-22T19:11:52+00:00\",\"breadcrumb\":{\"@id\":\"https:\\\/\\\/neos-music.com\\\/product\\\/claus-steffen-mahnkopf-vocal-music-ii\\\/#breadcrumb\"},\"inLanguage\":\"en-US\",\"potentialAction\":[{\"@type\":\"ReadAction\",\"target\":[\"https:\\\/\\\/neos-music.com\\\/product\\\/claus-steffen-mahnkopf-vocal-music-ii\\\/\"]}]},{\"@type\":\"ImageObject\",\"inLanguage\":\"en-US\",\"@id\":\"https:\\\/\\\/neos-music.com\\\/product\\\/claus-steffen-mahnkopf-vocal-music-ii\\\/#primaryimage\",\"url\":\"https:\\\/\\\/i0.wp.com\\\/neos-music.com\\\/wp-content\\\/uploads\\\/2022\\\/11\\\/NEOS_12110_Mahnkopf.jpeg?fit=1648%2C1483&ssl=1\",\"contentUrl\":\"https:\\\/\\\/i0.wp.com\\\/neos-music.com\\\/wp-content\\\/uploads\\\/2022\\\/11\\\/NEOS_12110_Mahnkopf.jpeg?fit=1648%2C1483&ssl=1\",\"width\":1648,\"height\":1483},{\"@type\":\"BreadcrumbList\",\"@id\":\"https:\\\/\\\/neos-music.com\\\/product\\\/claus-steffen-mahnkopf-vocal-music-ii\\\/#breadcrumb\",\"itemListElement\":[{\"@type\":\"ListItem\",\"position\":1,\"name\":\"Startseite\",\"item\":\"https:\\\/\\\/neos-music.com\\\/\"},{\"@type\":\"ListItem\",\"position\":2,\"name\":\"Produkte\",\"item\":\"https:\\\/\\\/neos-music.com\\\/shop__trashed\\\/\"},{\"@type\":\"ListItem\",\"position\":3,\"name\":\"Claus-Steffen Mahnkopf: Vocal Music II\"}]},{\"@type\":\"WebSite\",\"@id\":\"https:\\\/\\\/neos-music.com\\\/#website\",\"url\":\"https:\\\/\\\/neos-music.com\\\/\",\"name\":\"NEOS Music\",\"description\":\"Dein Online Shop f\u00fcr zeitgen\u00f6ssische Musik, Jazz und Classics!\",\"publisher\":{\"@id\":\"https:\\\/\\\/neos-music.com\\\/#organization\"},\"potentialAction\":[{\"@type\":\"SearchAction\",\"target\":{\"@type\":\"EntryPoint\",\"urlTemplate\":\"https:\\\/\\\/neos-music.com\\\/?s={search_term_string}\"},\"query-input\":{\"@type\":\"PropertyValueSpecification\",\"valueRequired\":true,\"valueName\":\"search_term_string\"}}],\"inLanguage\":\"en-US\"},{\"@type\":\"Organization\",\"@id\":\"https:\\\/\\\/neos-music.com\\\/#organization\",\"name\":\"NEOS Music\",\"url\":\"https:\\\/\\\/neos-music.com\\\/\",\"logo\":{\"@type\":\"ImageObject\",\"inLanguage\":\"en-US\",\"@id\":\"https:\\\/\\\/neos-music.com\\\/#\\\/schema\\\/logo\\\/image\\\/\",\"url\":\"https:\\\/\\\/i0.wp.com\\\/neos-music.com\\\/wp-content\\\/uploads\\\/2025\\\/08\\\/NEOS-Logo-weiss.png?fit=800%2C203&ssl=1\",\"contentUrl\":\"https:\\\/\\\/i0.wp.com\\\/neos-music.com\\\/wp-content\\\/uploads\\\/2025\\\/08\\\/NEOS-Logo-weiss.png?fit=800%2C203&ssl=1\",\"width\":800,\"height\":203,\"caption\":\"NEOS Music\"},\"image\":{\"@id\":\"https:\\\/\\\/neos-music.com\\\/#\\\/schema\\\/logo\\\/image\\\/\"}}]}<\/script>\n<!-- \/ Yoast SEO plugin. -->","yoast_head_json":{"title":"Claus-Steffen Mahnkopf: Vocal Music II - NEOS Music","robots":{"index":"index","follow":"follow","max-snippet":"max-snippet:-1","max-image-preview":"max-image-preview:large","max-video-preview":"max-video-preview:-1"},"canonical":"https:\/\/neos-music.com\/en_us\/product\/claus-steffen-mahnkopf-vocal-music-ii\/","og_locale":"en_US","og_type":"article","og_title":"Claus-Steffen Mahnkopf: Vocal Music II - NEOS Music","og_description":"Infotext: VOKALMUSIK II Als im M\u00e4rz 2011 meine Frau, die j\u00fcdische Religionsphilosophin Francesca Yardenit Albertini, starb, konnte ich nichts anders, als die Erinnerung an sie wachzuhalten, indem ich zum einen ein Buch \u00fcber sie schrieb (Deutschland oder Jerusalem. Das kurze Leben der Francesca Albertini, 2013), zum anderen beschloss, ein Erinnerungswerk zu komponieren. Aber kein Requiem, [&hellip;]","og_url":"https:\/\/neos-music.com\/en_us\/product\/claus-steffen-mahnkopf-vocal-music-ii\/","og_site_name":"NEOS Music","article_modified_time":"2023-05-22T19:11:52+00:00","og_image":[{"width":1648,"height":1483,"url":"https:\/\/neos-music.com\/wp-content\/uploads\/2022\/11\/NEOS_12110_Mahnkopf.jpeg","type":"image\/jpeg"}],"twitter_card":"summary_large_image","twitter_misc":{"Est. reading time":"5 minutes"},"schema":{"@context":"https:\/\/schema.org","@graph":[{"@type":"WebPage","@id":"https:\/\/neos-music.com\/product\/claus-steffen-mahnkopf-vocal-music-ii\/","url":"https:\/\/neos-music.com\/product\/claus-steffen-mahnkopf-vocal-music-ii\/","name":"Claus-Steffen Mahnkopf: Vocal Music II - NEOS Music","isPartOf":{"@id":"https:\/\/neos-music.com\/#website"},"primaryImageOfPage":{"@id":"https:\/\/neos-music.com\/product\/claus-steffen-mahnkopf-vocal-music-ii\/#primaryimage"},"image":{"@id":"https:\/\/neos-music.com\/product\/claus-steffen-mahnkopf-vocal-music-ii\/#primaryimage"},"thumbnailUrl":"https:\/\/i0.wp.com\/neos-music.com\/wp-content\/uploads\/2022\/11\/NEOS_12110_Mahnkopf.jpeg?fit=1648%2C1483&ssl=1","datePublished":"2022-04-29T17:22:37+00:00","dateModified":"2023-05-22T19:11:52+00:00","breadcrumb":{"@id":"https:\/\/neos-music.com\/product\/claus-steffen-mahnkopf-vocal-music-ii\/#breadcrumb"},"inLanguage":"en-US","potentialAction":[{"@type":"ReadAction","target":["https:\/\/neos-music.com\/product\/claus-steffen-mahnkopf-vocal-music-ii\/"]}]},{"@type":"ImageObject","inLanguage":"en-US","@id":"https:\/\/neos-music.com\/product\/claus-steffen-mahnkopf-vocal-music-ii\/#primaryimage","url":"https:\/\/i0.wp.com\/neos-music.com\/wp-content\/uploads\/2022\/11\/NEOS_12110_Mahnkopf.jpeg?fit=1648%2C1483&ssl=1","contentUrl":"https:\/\/i0.wp.com\/neos-music.com\/wp-content\/uploads\/2022\/11\/NEOS_12110_Mahnkopf.jpeg?fit=1648%2C1483&ssl=1","width":1648,"height":1483},{"@type":"BreadcrumbList","@id":"https:\/\/neos-music.com\/product\/claus-steffen-mahnkopf-vocal-music-ii\/#breadcrumb","itemListElement":[{"@type":"ListItem","position":1,"name":"Startseite","item":"https:\/\/neos-music.com\/"},{"@type":"ListItem","position":2,"name":"Produkte","item":"https:\/\/neos-music.com\/shop__trashed\/"},{"@type":"ListItem","position":3,"name":"Claus-Steffen Mahnkopf: Vocal Music II"}]},{"@type":"WebSite","@id":"https:\/\/neos-music.com\/#website","url":"https:\/\/neos-music.com\/","name":"NEOS Music","description":"Dein Online Shop f\u00fcr zeitgen\u00f6ssische Musik, Jazz und Classics!","publisher":{"@id":"https:\/\/neos-music.com\/#organization"},"potentialAction":[{"@type":"SearchAction","target":{"@type":"EntryPoint","urlTemplate":"https:\/\/neos-music.com\/?s={search_term_string}"},"query-input":{"@type":"PropertyValueSpecification","valueRequired":true,"valueName":"search_term_string"}}],"inLanguage":"en-US"},{"@type":"Organization","@id":"https:\/\/neos-music.com\/#organization","name":"NEOS Music","url":"https:\/\/neos-music.com\/","logo":{"@type":"ImageObject","inLanguage":"en-US","@id":"https:\/\/neos-music.com\/#\/schema\/logo\/image\/","url":"https:\/\/i0.wp.com\/neos-music.com\/wp-content\/uploads\/2025\/08\/NEOS-Logo-weiss.png?fit=800%2C203&ssl=1","contentUrl":"https:\/\/i0.wp.com\/neos-music.com\/wp-content\/uploads\/2025\/08\/NEOS-Logo-weiss.png?fit=800%2C203&ssl=1","width":800,"height":203,"caption":"NEOS Music"},"image":{"@id":"https:\/\/neos-music.com\/#\/schema\/logo\/image\/"}}]}},"jetpack_sharing_enabled":true,"_links":{"self":[{"href":"https:\/\/neos-music.com\/en_us\/wp-json\/wp\/v2\/product\/2438","targetHints":{"allow":["GET"]}}],"collection":[{"href":"https:\/\/neos-music.com\/en_us\/wp-json\/wp\/v2\/product"}],"about":[{"href":"https:\/\/neos-music.com\/en_us\/wp-json\/wp\/v2\/types\/product"}],"version-history":[{"count":0,"href":"https:\/\/neos-music.com\/en_us\/wp-json\/wp\/v2\/product\/2438\/revisions"}],"wp:featuredmedia":[{"embeddable":true,"href":"https:\/\/neos-music.com\/en_us\/wp-json\/wp\/v2\/media\/2439"}],"wp:attachment":[{"href":"https:\/\/neos-music.com\/en_us\/wp-json\/wp\/v2\/media?parent=2438"}],"wp:term":[{"taxonomy":"product_brand","embeddable":true,"href":"https:\/\/neos-music.com\/en_us\/wp-json\/wp\/v2\/product_brand?post=2438"},{"taxonomy":"product_cat","embeddable":true,"href":"https:\/\/neos-music.com\/en_us\/wp-json\/wp\/v2\/product_cat?post=2438"},{"taxonomy":"product_tag","embeddable":true,"href":"https:\/\/neos-music.com\/en_us\/wp-json\/wp\/v2\/product_tag?post=2438"}],"curies":[{"name":"wp","href":"https:\/\/api.w.org\/{rel}","templated":true}]}}