{"id":2448,"date":"2022-01-21T17:44:01","date_gmt":"2022-01-21T17:44:01","guid":{"rendered":"https:\/\/neos-music.com\/?post_type=product&#038;p=2448"},"modified":"2023-01-27T18:09:18","modified_gmt":"2023-01-27T18:09:18","slug":"laurie-altman-love-songs","status":"publish","type":"product","link":"https:\/\/neos-music.com\/en_us\/product\/laurie-altman-love-songs\/","title":{"rendered":"Laurie Altman: Love Songs"},"content":{"rendered":"<p>Infotext:<\/p>\n<div id=\"infotext\">\n<p><b>LOVE SONGS<\/b><\/p>\n<p>Eine Zufallsbegegnung vor etwa 25 Jahren war die Inspirationsquelle f\u00fcr die CD \u00bbLove Songs\u00ab. An diesem Tag lernte ich nach einem Vortrag Jeannine Hummel kennen, die meine Frau und Wegbegleiterin in allen musikalischen und anderen Dingen werden sollte. Bis heute inspiriert sie mich und hat mit kritischem Verst\u00e4ndnis und intuitivem Ohr zu vielen meiner Kompositionen beigetragen.<\/p>\n<p>Jedes St\u00fcck auf dieser CD ist auf seine Weise Ausdruck von Liebe, Leidenschaft, Mitgef\u00fchl, Geheimnis, Hingabe und menschlicher W\u00e4rme. Sechs der Kompositionen wurden vor etwa 22 Jahren w\u00e4hrend eines Wochenendes in Aspen (Colorado) geschrieben und waren urspr\u00fcnglich einfache St\u00fccke f\u00fcr Gesang mit Klavierbegleitung. Obwohl ich den Charakter dieser St\u00fccke liebe, versp\u00fcrte ich doch das Bed\u00fcrfnis, sie zu erweitern, zu transformieren und neu zu erfinden. Ich wollte ihre klangliche Palette und ihre rhythmische Konsistenz erweitern, neue Elemente in jedem St\u00fcck finden und ihnen eine neue Richtung geben; Wege, die in die St\u00fccke hinein und wieder heraus f\u00fchren, und die vorher nicht sichtbar und erlebbar waren.<\/p>\n<p>Einige neuere Kompositionen mit \u00e4hnlicher Thematik nahm ich hinzu, um dem urspr\u00fcnglichen Konzept der CD eine gr\u00f6\u00dfere Vielfalt und Tiefe zu verleihen. Was jedoch durchweg erhalten geblieben ist, ist das alles verbindende und alles zusammenhaltende Gef\u00fchl, ein Leben und eine Liebe mit dieser ganz besonderen liebevollen und au\u00dfergew\u00f6hnlichen Frau zu teilen, ein Gef\u00fchl, das mich mit tiefer Zufriedenheit erf\u00fcllt.<\/p>\n<p>Mir fehlen die Worte, um angemessen auszudr\u00fccken, wie sehr ich die beteiligten Musiker*innen bewundere und wie dankbar ich ihnen f\u00fcr ihre Beitr\u00e4ge, ihr Verst\u00e4ndnis und ihre kreative Energie bin, die sie mit W\u00e4rme, Einf\u00fchlungsverm\u00f6gen und Liebe in dieses Projekt einbrachten. Mein ganz besonderer Dank gilt dem Dirigenten Daniel Sieber, der mit seinem Fachwissen, seiner F\u00fchrungsqualit\u00e4t und seiner Entschlossenheit bei drei der St\u00fccke den freien Fluss von Ideen, Experimenten und Entdeckungen erm\u00f6glichte.<\/p>\n<p>Diese CD ist bereits das f\u00fcnfte Projekt, das ich in kreativer Zusammenarbeit mit NEOS Music verwirklichen konnte. Ihre Unterst\u00fctzung und ihr Enthusiasmus f\u00fcr meine Arbeit, ihre inspirierende Aufmerksamkeit in Detailfragen und ihre Kompetenz, ihr Sinn f\u00fcr klangliche Perfektion und k\u00fcnstlerische Pr\u00e4sentation habe ich immer als ermutigend empfunden. Herzlichen Dank an Wulf, Brigitte, Dominik und Markus.<\/p>\n<p>Tiefster Dank geb\u00fchrt auch der Tonmeisterin Ma\u0142gorzata Albi\u0144ska-Frank, deren Geh\u00f6r, Verst\u00e4ndnis, Enthusiasmus und Kontrolle die Musiker*innen zu magischen Auff\u00fchrungen angeregt haben, nuanciert und subtil, aber immer reich und kreativ.<\/p>\n<p>Und schlie\u00dflich gilt mein Dank Jeannine, deren wundersch\u00f6ne Fotos jede meiner NEOS-CDs zieren und die musikalischen Stimmungen so wunderbar einfangen \u2026 die Essenz dessen, was ich zu erreichen versuche \u2026 meine ewige Dankbarkeit und Liebe.<\/p>\n<p>Laurie Altman, 10. August 2021<br \/>\n<i>\u00dcbersetzung: Michael Steffens<\/i><\/p>\n<p>Programm:<\/p>\n<p><b>LOVE SONGS<br \/>\n<\/b>Music of <a href=\"https:\/\/neos-music.com\/laurie-altman\/\">Laurie Altman<\/a> (*1944)<\/p>\n<p>[01]\u00a0<b>Can it Be<\/b>\u00a0f\u00fcr Mezzosopran, Akkordeon, Klavier und Violoncello (1997\u2009\/\u20092020)\u00a0<b>07:06<\/b><\/p>\n<p>[02]\u00a0<b>When Do You Know<\/b>\u00a0f\u00fcr Mezzosopran,\u00a0Sopransaxophon und\u00a0Klavier\u00a0(1997\u2009\/\u20092020)\u00a0<b>03:42<\/b><\/p>\n<p>[03]\u00a0<b>Starting Over<\/b>\u00a0f\u00fcr Mezzosopran, Violine, Viola, Violoncello,\u00a0Kontrabass und Klarinette\u00a0(alternative Version 2020)<b>\u00a005:03<\/b><\/p>\n<p>[04]\u00a0<b>Maybe Tomorrow<\/b>\u00a0f\u00fcr Mezzosopran, Sopransaxophon, Akkordeon, Klavier und Kontrabass\u00a0(2020)\u00a0<b>07:44<br \/>\n<\/b><\/p>\n<p>[05]\u00a0<b>If I Loved You<\/b>\u00a0f\u00fcr Mezzosopran, Akkordeon, Klavier und Violoncello\u00a0(1944, Rogers and Hammerstein, eine Interpretation)\u00a0<b>05:08<\/b><\/p>\n<p>[06]\u00a0<b>Forever More<\/b>\u00a0f\u00fcr Mezzosopran, Bariton, Klavier und Sopransaxophon (2020)\u00a0<b>07:05<\/b><\/p>\n<p>[07]\u00a0<b>Let Your Face Be<\/b>\u00a0(the first thing I see in the morning) f\u00fcr Mezzosopran, Bariton, Klavier und Violine\u00a0(1997\u2009\/\u20092020)\u00a0<b>04:35<br \/>\n<\/b><\/p>\n<p>[08]\u00a0<b>Adelita<\/b>\u00a0f\u00fcr Mezzosopran, Sopransaxophon, Akkordeon, Klavier, Synthesizer, Violoncello und Kontrabass (2020, Francisco T\u00e1rrega, eine Interpretation)\u00a0<b>08:15<\/b><\/p>\n<p>[09]\u00a0<b>Desert Eyes<\/b>\u00a0f\u00fcr Violine Solo\u00a0(Traditionelle Musik aus dem Oman)\u00a0<b>01:15<\/b><\/p>\n<p>[10]\u00a0<b>Losing My Mind<\/b>\u00a0f\u00fcr Mezzosopran, Klavier und Violoncello (1971, Stephen Sondheim, eine Interpretation)\u00a0<b>06:53<br \/>\n<\/b><\/p>\n<p>[11]\u00a0<b>Right Way<\/b>\u00a0f\u00fcr Sopransaxophon, Akkordeon, Klavier, Synthesizer, Violoncello und Kontrabass (2010)\u00a0<b>05:10<br \/>\n<\/b><\/p>\n<p>[12]\u00a0<b>What Does it Mean<\/b>\u00a0f\u00fcr Mezzosopran, Klarinette, Violine, Viola, Cello und Kontrabass (alternative Version 1997\u2009\/\u20092020)<b>\u00a005:17<br \/>\n<\/b><\/p>\n<p>gesamt: 67:20<\/p>\n<p><a class=\"arcoma_glossarylink\" href=\"https:\/\/neos-music.com\/laurie-altman\/\" target=\"_self\" rel=\"noopener\">Laurie Altman<\/a>, Bariton<br \/>\nRandy Bauer, Klavier<br \/>\nAurore Cany, Viola<br \/>\nFlorian Eggner, Violoncello<br \/>\nKirill Kobantschenko, Violine<br \/>\nIsabel Pfefferkorn, Mezzosopran<br \/>\nAndrew Rathbun, Sopransaxophon<br \/>\nBartosz Sikorski, Kontrabass<br \/>\nSrdjan Vukasinovic, Akkordeon<br \/>\nChristoph Zimper, Klarinette<\/p>\n<p>Unter Mitwirkung von:<br \/>\nNo\u00eblle Gr\u00fc\u00ebbler, Violine [07]<br \/>\nMusafir Al Sinani, Violine [09]<br \/>\nDaniel Almada, synth overdubs &amp; Francisco Sanchez Cabrera, Assistent [08 &amp; 11]<\/p>\n<p>Daniel Sieber, Dirigent[04, 08, 11]<\/p>\n<p><i>Ersteinspielungen<\/i><\/p>\n<\/div>\n","protected":false},"excerpt":{"rendered":"<p>Infotext: LOVE SONGS Eine Zufallsbegegnung vor etwa 25 Jahren war die Inspirationsquelle f\u00fcr die CD \u00bbLove Songs\u00ab. An diesem Tag lernte ich nach einem Vortrag Jeannine Hummel kennen, die meine Frau und Wegbegleiterin in allen musikalischen und anderen Dingen werden sollte. Bis heute inspiriert sie mich und hat mit kritischem Verst\u00e4ndnis und intuitivem Ohr zu [&hellip;]<\/p>\n","protected":false},"featured_media":2449,"template":"","meta":{"site-sidebar-layout":"default","site-content-layout":"default","ast-site-content-layout":"default","site-content-style":"default","site-sidebar-style":"default","ast-global-header-display":"","ast-banner-title-visibility":"","ast-main-header-display":"","ast-hfb-above-header-display":"","ast-hfb-below-header-display":"","ast-hfb-mobile-header-display":"","site-post-title":"","ast-breadcrumbs-content":"","ast-featured-img":"","footer-sml-layout":"","theme-transparent-header-meta":"default","adv-header-id-meta":"","stick-header-meta":"","header-above-stick-meta":"","header-main-stick-meta":"","header-below-stick-meta":"","astra-migrate-meta-layouts":"default","ast-page-background-enabled":"default","ast-page-background-meta":{"desktop":{"background-color":"","background-image":"","background-repeat":"repeat","background-position":"center center","background-size":"auto","background-attachment":"scroll","background-type":"","background-media":"","overlay-type":"","overlay-color":"","overlay-opacity":"","overlay-gradient":""},"tablet":{"background-color":"","background-image":"","background-repeat":"repeat","background-position":"center center","background-size":"auto","background-attachment":"scroll","background-type":"","background-media":"","overlay-type":"","overlay-color":"","overlay-opacity":"","overlay-gradient":""},"mobile":{"background-color":"","background-image":"","background-repeat":"repeat","background-position":"center center","background-size":"auto","background-attachment":"scroll","background-type":"","background-media":"","overlay-type":"","overlay-color":"","overlay-opacity":"","overlay-gradient":""}},"ast-content-background-meta":{"desktop":{"background-color":"var(--ast-global-color-5)","background-image":"","background-repeat":"repeat","background-position":"center center","background-size":"auto","background-attachment":"scroll","background-type":"","background-media":"","overlay-type":"","overlay-color":"","overlay-opacity":"","overlay-gradient":""},"tablet":{"background-color":"var(--ast-global-color-5)","background-image":"","background-repeat":"repeat","background-position":"center center","background-size":"auto","background-attachment":"scroll","background-type":"","background-media":"","overlay-type":"","overlay-color":"","overlay-opacity":"","overlay-gradient":""},"mobile":{"background-color":"var(--ast-global-color-5)","background-image":"","background-repeat":"repeat","background-position":"center center","background-size":"auto","background-attachment":"scroll","background-type":"","background-media":"","overlay-type":"","overlay-color":"","overlay-opacity":"","overlay-gradient":""}}},"product_brand":[],"product_cat":[26],"product_tag":[],"class_list":{"0":"post-2448","1":"product","2":"type-product","3":"status-publish","4":"has-post-thumbnail","6":"product_cat-zeitgenossische-musik","7":"pa_artikelnummer-neos-12125","8":"pa_brand-neos-music","9":"pa_ean-73","10":"desktop-align-left","11":"tablet-align-left","12":"mobile-align-left","14":"first","15":"instock","16":"taxable","17":"shipping-taxable","18":"purchasable","19":"product-type-simple"},"yoast_head":"<!-- This site is optimized with the Yoast SEO plugin v27.3 - https:\/\/yoast.com\/product\/yoast-seo-wordpress\/ -->\n<title>Laurie Altman: Love Songs - NEOS Music<\/title>\n<meta name=\"robots\" content=\"index, follow, max-snippet:-1, max-image-preview:large, max-video-preview:-1\" \/>\n<link rel=\"canonical\" href=\"https:\/\/neos-music.com\/en_us\/product\/laurie-altman-love-songs\/\" \/>\n<meta property=\"og:locale\" content=\"en_US\" \/>\n<meta property=\"og:type\" content=\"article\" \/>\n<meta property=\"og:title\" content=\"Laurie Altman: Love Songs - NEOS Music\" \/>\n<meta property=\"og:description\" content=\"Infotext: LOVE SONGS Eine Zufallsbegegnung vor etwa 25 Jahren war die Inspirationsquelle f\u00fcr die CD \u00bbLove Songs\u00ab. An diesem Tag lernte ich nach einem Vortrag Jeannine Hummel kennen, die meine Frau und Wegbegleiterin in allen musikalischen und anderen Dingen werden sollte. Bis heute inspiriert sie mich und hat mit kritischem Verst\u00e4ndnis und intuitivem Ohr zu [&hellip;]\" \/>\n<meta property=\"og:url\" content=\"https:\/\/neos-music.com\/en_us\/product\/laurie-altman-love-songs\/\" \/>\n<meta property=\"og:site_name\" content=\"NEOS Music\" \/>\n<meta property=\"article:modified_time\" content=\"2023-01-27T18:09:18+00:00\" \/>\n<meta property=\"og:image\" content=\"https:\/\/neos-music.com\/wp-content\/uploads\/2022\/11\/NEOS_12125_Altman_Love_Songs_Cover.jpeg\" \/>\n\t<meta property=\"og:image:width\" content=\"1649\" \/>\n\t<meta property=\"og:image:height\" content=\"1476\" \/>\n\t<meta property=\"og:image:type\" content=\"image\/jpeg\" \/>\n<meta name=\"twitter:card\" content=\"summary_large_image\" \/>\n<meta name=\"twitter:label1\" content=\"Est. reading time\" \/>\n\t<meta name=\"twitter:data1\" content=\"4 minutes\" \/>\n<script type=\"application\/ld+json\" class=\"yoast-schema-graph\">{\"@context\":\"https:\\\/\\\/schema.org\",\"@graph\":[{\"@type\":\"WebPage\",\"@id\":\"https:\\\/\\\/neos-music.com\\\/product\\\/laurie-altman-love-songs\\\/\",\"url\":\"https:\\\/\\\/neos-music.com\\\/product\\\/laurie-altman-love-songs\\\/\",\"name\":\"Laurie Altman: Love Songs - NEOS Music\",\"isPartOf\":{\"@id\":\"https:\\\/\\\/neos-music.com\\\/#website\"},\"primaryImageOfPage\":{\"@id\":\"https:\\\/\\\/neos-music.com\\\/product\\\/laurie-altman-love-songs\\\/#primaryimage\"},\"image\":{\"@id\":\"https:\\\/\\\/neos-music.com\\\/product\\\/laurie-altman-love-songs\\\/#primaryimage\"},\"thumbnailUrl\":\"https:\\\/\\\/i0.wp.com\\\/neos-music.com\\\/wp-content\\\/uploads\\\/2022\\\/11\\\/NEOS_12125_Altman_Love_Songs_Cover.jpeg?fit=1649%2C1476&ssl=1\",\"datePublished\":\"2022-01-21T17:44:01+00:00\",\"dateModified\":\"2023-01-27T18:09:18+00:00\",\"breadcrumb\":{\"@id\":\"https:\\\/\\\/neos-music.com\\\/product\\\/laurie-altman-love-songs\\\/#breadcrumb\"},\"inLanguage\":\"en-US\",\"potentialAction\":[{\"@type\":\"ReadAction\",\"target\":[\"https:\\\/\\\/neos-music.com\\\/product\\\/laurie-altman-love-songs\\\/\"]}]},{\"@type\":\"ImageObject\",\"inLanguage\":\"en-US\",\"@id\":\"https:\\\/\\\/neos-music.com\\\/product\\\/laurie-altman-love-songs\\\/#primaryimage\",\"url\":\"https:\\\/\\\/i0.wp.com\\\/neos-music.com\\\/wp-content\\\/uploads\\\/2022\\\/11\\\/NEOS_12125_Altman_Love_Songs_Cover.jpeg?fit=1649%2C1476&ssl=1\",\"contentUrl\":\"https:\\\/\\\/i0.wp.com\\\/neos-music.com\\\/wp-content\\\/uploads\\\/2022\\\/11\\\/NEOS_12125_Altman_Love_Songs_Cover.jpeg?fit=1649%2C1476&ssl=1\",\"width\":1649,\"height\":1476},{\"@type\":\"BreadcrumbList\",\"@id\":\"https:\\\/\\\/neos-music.com\\\/product\\\/laurie-altman-love-songs\\\/#breadcrumb\",\"itemListElement\":[{\"@type\":\"ListItem\",\"position\":1,\"name\":\"Startseite\",\"item\":\"https:\\\/\\\/neos-music.com\\\/\"},{\"@type\":\"ListItem\",\"position\":2,\"name\":\"Produkte\",\"item\":\"https:\\\/\\\/neos-music.com\\\/shop__trashed\\\/\"},{\"@type\":\"ListItem\",\"position\":3,\"name\":\"Laurie Altman: Love Songs\"}]},{\"@type\":\"WebSite\",\"@id\":\"https:\\\/\\\/neos-music.com\\\/#website\",\"url\":\"https:\\\/\\\/neos-music.com\\\/\",\"name\":\"NEOS Music\",\"description\":\"Dein Online Shop f\u00fcr zeitgen\u00f6ssische Musik, Jazz und Classics!\",\"publisher\":{\"@id\":\"https:\\\/\\\/neos-music.com\\\/#organization\"},\"potentialAction\":[{\"@type\":\"SearchAction\",\"target\":{\"@type\":\"EntryPoint\",\"urlTemplate\":\"https:\\\/\\\/neos-music.com\\\/?s={search_term_string}\"},\"query-input\":{\"@type\":\"PropertyValueSpecification\",\"valueRequired\":true,\"valueName\":\"search_term_string\"}}],\"inLanguage\":\"en-US\"},{\"@type\":\"Organization\",\"@id\":\"https:\\\/\\\/neos-music.com\\\/#organization\",\"name\":\"NEOS Music\",\"url\":\"https:\\\/\\\/neos-music.com\\\/\",\"logo\":{\"@type\":\"ImageObject\",\"inLanguage\":\"en-US\",\"@id\":\"https:\\\/\\\/neos-music.com\\\/#\\\/schema\\\/logo\\\/image\\\/\",\"url\":\"https:\\\/\\\/i0.wp.com\\\/neos-music.com\\\/wp-content\\\/uploads\\\/2025\\\/08\\\/NEOS-Logo-weiss.png?fit=800%2C203&ssl=1\",\"contentUrl\":\"https:\\\/\\\/i0.wp.com\\\/neos-music.com\\\/wp-content\\\/uploads\\\/2025\\\/08\\\/NEOS-Logo-weiss.png?fit=800%2C203&ssl=1\",\"width\":800,\"height\":203,\"caption\":\"NEOS Music\"},\"image\":{\"@id\":\"https:\\\/\\\/neos-music.com\\\/#\\\/schema\\\/logo\\\/image\\\/\"}}]}<\/script>\n<!-- \/ Yoast SEO plugin. -->","yoast_head_json":{"title":"Laurie Altman: Love Songs - NEOS Music","robots":{"index":"index","follow":"follow","max-snippet":"max-snippet:-1","max-image-preview":"max-image-preview:large","max-video-preview":"max-video-preview:-1"},"canonical":"https:\/\/neos-music.com\/en_us\/product\/laurie-altman-love-songs\/","og_locale":"en_US","og_type":"article","og_title":"Laurie Altman: Love Songs - NEOS Music","og_description":"Infotext: LOVE SONGS Eine Zufallsbegegnung vor etwa 25 Jahren war die Inspirationsquelle f\u00fcr die CD \u00bbLove Songs\u00ab. An diesem Tag lernte ich nach einem Vortrag Jeannine Hummel kennen, die meine Frau und Wegbegleiterin in allen musikalischen und anderen Dingen werden sollte. Bis heute inspiriert sie mich und hat mit kritischem Verst\u00e4ndnis und intuitivem Ohr zu [&hellip;]","og_url":"https:\/\/neos-music.com\/en_us\/product\/laurie-altman-love-songs\/","og_site_name":"NEOS Music","article_modified_time":"2023-01-27T18:09:18+00:00","og_image":[{"width":1649,"height":1476,"url":"https:\/\/neos-music.com\/wp-content\/uploads\/2022\/11\/NEOS_12125_Altman_Love_Songs_Cover.jpeg","type":"image\/jpeg"}],"twitter_card":"summary_large_image","twitter_misc":{"Est. reading time":"4 minutes"},"schema":{"@context":"https:\/\/schema.org","@graph":[{"@type":"WebPage","@id":"https:\/\/neos-music.com\/product\/laurie-altman-love-songs\/","url":"https:\/\/neos-music.com\/product\/laurie-altman-love-songs\/","name":"Laurie Altman: Love Songs - NEOS Music","isPartOf":{"@id":"https:\/\/neos-music.com\/#website"},"primaryImageOfPage":{"@id":"https:\/\/neos-music.com\/product\/laurie-altman-love-songs\/#primaryimage"},"image":{"@id":"https:\/\/neos-music.com\/product\/laurie-altman-love-songs\/#primaryimage"},"thumbnailUrl":"https:\/\/i0.wp.com\/neos-music.com\/wp-content\/uploads\/2022\/11\/NEOS_12125_Altman_Love_Songs_Cover.jpeg?fit=1649%2C1476&ssl=1","datePublished":"2022-01-21T17:44:01+00:00","dateModified":"2023-01-27T18:09:18+00:00","breadcrumb":{"@id":"https:\/\/neos-music.com\/product\/laurie-altman-love-songs\/#breadcrumb"},"inLanguage":"en-US","potentialAction":[{"@type":"ReadAction","target":["https:\/\/neos-music.com\/product\/laurie-altman-love-songs\/"]}]},{"@type":"ImageObject","inLanguage":"en-US","@id":"https:\/\/neos-music.com\/product\/laurie-altman-love-songs\/#primaryimage","url":"https:\/\/i0.wp.com\/neos-music.com\/wp-content\/uploads\/2022\/11\/NEOS_12125_Altman_Love_Songs_Cover.jpeg?fit=1649%2C1476&ssl=1","contentUrl":"https:\/\/i0.wp.com\/neos-music.com\/wp-content\/uploads\/2022\/11\/NEOS_12125_Altman_Love_Songs_Cover.jpeg?fit=1649%2C1476&ssl=1","width":1649,"height":1476},{"@type":"BreadcrumbList","@id":"https:\/\/neos-music.com\/product\/laurie-altman-love-songs\/#breadcrumb","itemListElement":[{"@type":"ListItem","position":1,"name":"Startseite","item":"https:\/\/neos-music.com\/"},{"@type":"ListItem","position":2,"name":"Produkte","item":"https:\/\/neos-music.com\/shop__trashed\/"},{"@type":"ListItem","position":3,"name":"Laurie Altman: Love Songs"}]},{"@type":"WebSite","@id":"https:\/\/neos-music.com\/#website","url":"https:\/\/neos-music.com\/","name":"NEOS Music","description":"Dein Online Shop f\u00fcr zeitgen\u00f6ssische Musik, Jazz und Classics!","publisher":{"@id":"https:\/\/neos-music.com\/#organization"},"potentialAction":[{"@type":"SearchAction","target":{"@type":"EntryPoint","urlTemplate":"https:\/\/neos-music.com\/?s={search_term_string}"},"query-input":{"@type":"PropertyValueSpecification","valueRequired":true,"valueName":"search_term_string"}}],"inLanguage":"en-US"},{"@type":"Organization","@id":"https:\/\/neos-music.com\/#organization","name":"NEOS Music","url":"https:\/\/neos-music.com\/","logo":{"@type":"ImageObject","inLanguage":"en-US","@id":"https:\/\/neos-music.com\/#\/schema\/logo\/image\/","url":"https:\/\/i0.wp.com\/neos-music.com\/wp-content\/uploads\/2025\/08\/NEOS-Logo-weiss.png?fit=800%2C203&ssl=1","contentUrl":"https:\/\/i0.wp.com\/neos-music.com\/wp-content\/uploads\/2025\/08\/NEOS-Logo-weiss.png?fit=800%2C203&ssl=1","width":800,"height":203,"caption":"NEOS Music"},"image":{"@id":"https:\/\/neos-music.com\/#\/schema\/logo\/image\/"}}]}},"jetpack_sharing_enabled":true,"_links":{"self":[{"href":"https:\/\/neos-music.com\/en_us\/wp-json\/wp\/v2\/product\/2448","targetHints":{"allow":["GET"]}}],"collection":[{"href":"https:\/\/neos-music.com\/en_us\/wp-json\/wp\/v2\/product"}],"about":[{"href":"https:\/\/neos-music.com\/en_us\/wp-json\/wp\/v2\/types\/product"}],"version-history":[{"count":0,"href":"https:\/\/neos-music.com\/en_us\/wp-json\/wp\/v2\/product\/2448\/revisions"}],"wp:featuredmedia":[{"embeddable":true,"href":"https:\/\/neos-music.com\/en_us\/wp-json\/wp\/v2\/media\/2449"}],"wp:attachment":[{"href":"https:\/\/neos-music.com\/en_us\/wp-json\/wp\/v2\/media?parent=2448"}],"wp:term":[{"taxonomy":"product_brand","embeddable":true,"href":"https:\/\/neos-music.com\/en_us\/wp-json\/wp\/v2\/product_brand?post=2448"},{"taxonomy":"product_cat","embeddable":true,"href":"https:\/\/neos-music.com\/en_us\/wp-json\/wp\/v2\/product_cat?post=2448"},{"taxonomy":"product_tag","embeddable":true,"href":"https:\/\/neos-music.com\/en_us\/wp-json\/wp\/v2\/product_tag?post=2448"}],"curies":[{"name":"wp","href":"https:\/\/api.w.org\/{rel}","templated":true}]}}