{"id":2451,"date":"2022-01-12T17:46:17","date_gmt":"2022-01-12T17:46:17","guid":{"rendered":"https:\/\/neos-music.com\/?post_type=product&#038;p=2451"},"modified":"2022-11-15T17:49:06","modified_gmt":"2022-11-15T17:49:06","slug":"seyed-sina-sadeghpour-mosaik-sonic-perspectives-on-iran","status":"publish","type":"product","link":"https:\/\/neos-music.com\/en_us\/product\/seyed-sina-sadeghpour-mosaik-sonic-perspectives-on-iran\/","title":{"rendered":"Seyed Sina Sadeghpour: Mosaik. Sonic Perspectives on Iran"},"content":{"rendered":"<p>Infotext:<\/p>\n<p><b>SEYED SINA SADEGHPOUR \u2013 MOSAIK. SONIC PERSPECTIVES ON IRAN<br \/>\n<\/b>Kammermusik f\u00fcr Sopran und gemischtes Ensemble<\/p>\n<p>In den Jahren nach der islamischen Revolution hat sich die Situation f\u00fcr Kunst und Kultur in meinem Heimatland Iran grundlegend ge\u00e4ndert. Musiker und besonders Musikerinnen sehen sich mit gro\u00dfen Einschr\u00e4nkungen und Begrenzungen konfrontiert. Schon lange Zeit habe ich die Idee mit mir getragen, die Freiheit, die ich hier in Deutschland habe, zu nutzen, um einen Beitrag zu leisten und das zu schreiben, was im Iran verboten ist: zeitgen\u00f6ssisches Material f\u00fcr Sopranstimme.<\/p>\n<p>Die persischen Gedichte stammen aus zwei unterschiedlichen Zeiten. Sehr alten Texten von Omar Khayyam (1048\u20131131) stehen neue Texte von Mahmood Motaghedi (*1946), Nima Yushij (1897\u20131960) und Ahmadreza Ahmadi (*1940) gegen\u00fcber. Sie sind verbunden durch ihre Thematik Heimat, Natur und Liebe.<\/p>\n<p>Die Kompositionen zu den Gedichten verbinden Aspekte traditioneller und klassischer persischer Musik mit den Techniken zeitgen\u00f6ssischer europ\u00e4ischer Musik. Die verschiedenen Traditionen sollten eine neue Verbindung eingehen. Ich wollte die M\u00f6glichkeiten gegenseitiger Befruchtung ausloten und eine durch beide Pole beeinflusste Sprache schaffen. So sind die verwendeten Viertelt\u00f6ne und der eher zyklische Umgang mit Zeit aus der persischen Tradition erwachsen. Die Farbigkeit, die aus den neuen Instrumentaltechniken entsteht, erweitert den Raum und stellt die Wahrnehmung vor neue Herausforderungen.<\/p>\n<p>Liebe, Tod und Wein sind die Topoi in Omar Khayyams Gedichtgattung\u00a0<i>Rubaiyat<\/i>, aus dem das Gedicht\u00a0<i>Avaz<\/i>\u00a0(Gesang) stammt. Das St\u00fcck<b><i>\u00a0Avaz I<\/i><\/b>\u00a0habe ich f\u00fcr Sopran, Harfe, Horn \u2013 und eine Flasche Wein geschrieben.\u00a0<i><b>Avaz II<\/b>\u00a0<\/i>ist eine zweite Version mit zus\u00e4tzlicher Klarinette und Sprechstimme.<\/p>\n<p>Die Legende von Rira und das gleichnamige Gedicht von Nima Yushij inspirierten mich zum St\u00fcck\u00a0<b><i>Rira<\/i><\/b>\u00a0f\u00fcr Sopran und Bassklarinette. Eine junge Frau namens Rira verirrt sich im Wald. Sie findet nie wieder heraus, und ihr Geist bleibt fortan als Besch\u00fctzerin des Waldes dort. Doch von Zeit zu Zeit kann man nachts ihren wundersamen Gesang h\u00f6ren. Im St\u00fcck machen die zwischen Bassklarinette und Sopran entstehenden Kombinationst\u00f6ne Riras Gegenwart vielleicht wahrnehmbar.<\/p>\n<p>Die antiken rhythmischen Prinzipien im Iran basierten auf Astrologie und Philosophie. Die Komposition\u00a0<b><i>Dourefalak<\/i><\/b>\u00a0(Himmelszyklus) bezieht sich auf die Umlaufbahn zweier Planeten. Zu Beginn der Zeiten standen die Planeten in einer perfekten Reihe. Als ihre Bewegung einsetzte, entstanden unterschiedliche Umlaufbahnen, auf denen sie sich einander n\u00e4herten und wieder voneinander entfernten. Das gleiche Prinzip wurde auf den rhythmischen Bereich \u00fcbertragen. Auch in meinem St\u00fcck\u00a0<i>Dourefalak<\/i>\u00a0haben die rhythmischen Pattern dreier Planeten einen gemeinsamen Startpunkt. Sie entfernen sich voneinander und erzeugen so eine rhythmische Struktur permanenter Variation, bis sie wieder aufeinandertreffen.<\/p>\n<p><b><i>Farsh<\/i><\/b>\u00a0(Teppich) basiert auf den traditionellen Liedern der Teppichkn\u00fcpferinnen. Die Muster, die Farben der Wollstr\u00e4nge und die Anzahl der Knoten werden in einer Teppichkn\u00fcpferei von einer Arbeiterin vorgesungen. Die \u00fcbrigen Kn\u00fcpferinnen wiederholen den Ruf, w\u00e4hrend sie die entsprechenden Knoten kn\u00fcpfen. Allerdings kn\u00fcpft jede Frau in einem etwas anderen Tempo. Die Antwortrufe erfolgen so in unterschiedlichen Zeitintervallen. Es entsteht ein unendlicher Strom stetiger Imitationen, der die Werkstatt erf\u00fcllt. F\u00fcr meine Komposition habe ich einen Quadratzentimeter eines traditionellen Teppichmusters zu Grunde gelegt und vertont. Die Ger\u00e4usche der Werkzeuge und die Atmosph\u00e4re in der Werkstatt sind ebenfalls in die Komposition eingeflossen.<\/p>\n<p><b><i>Zendaniye Vazheha<\/i><\/b>\u00a0(Gefangener deiner Worte) basiert auf zehn Gedichten aus zwei Gedicht- b\u00e4nden von Mahmood Motaghedi\u00a0<i>(Abrha khamoushand \/ Az parehaye dust dashtanat)<\/i>\u00a0und thematisiert den Verlust von Liebe und Heimat. Die Musik ist von der Volksmusik in Masanderan und Aserbaidschan beeinflusst. Das St\u00fcck ist f\u00fcr Sopran, Posaune, Cello, Klavier und Percussion geschrieben.<\/p>\n<p>Einer der sieben Hauptmodi in der klassischen persischen Musik ist Tschahargah. In meinem St\u00fcck\u00a0<i><b>Tchahargah<\/b>\u00a0<\/i>habe ich mich an die Abfolge der Formabschnitte eines traditionellen St\u00fcckes gehalten und diese mit den charakteristischen Kl\u00e4ngen des pr\u00e4parierten Klaviers und dem Cello kombiniert. Ich wollte so die traditionelle Form respektieren und gleichzeitig eine neue Sichtweise darauf erm\u00f6glichen.<\/p>\n<p><b><i>Derakhte Sib<\/i><\/b>\u00a0(Apfelbaum) entstammt der Gedichtsammlung von Ahmadreza Ahmadi. Geheime Liebe, die Verg\u00e4nglichkeit der Zeit und das Werden und Vergehen in der Natur sind Aspekte des Gedichts, die mich zur Komposition inspiriert haben. Gegens\u00e4tzliche Gef\u00fchle spiegeln sich in der Besetzung wider: Harfe, Cello, Side Drum, Crotales und Sopran.<\/p>\n<p>Seyed Sina Sadeghpour<\/p>\n<p>Programm:<\/p>\n<p><b>Mosaik. Sonic Perspectives on Iran<br \/>\nChamber Music for Soprano and Mixed Ensemble<\/b><\/p>\n<p>[01]<b>\u00a0Avaz I<\/b>\u00a0f\u00fcr Sopran, Harfe, Horn und eine Flasche Wein (2015)\u00a0<b>08:53<br \/>\n<\/b>auf ein Gedicht von Omar Khayyam<\/p>\n<p>Gelareh Vazirizadeh, Sopran<br \/>\nLea Wirtz, Harfe<br \/>\nMichael Hofmann, Horn<\/p>\n<p>[02]\u00a0<b>Rira<\/b>\u00a0f\u00fcr Sopran und Bassklarinette (2013)\u00a0<b>06:32<br \/>\n<\/b>auf ein Gedicht von Nima Yushij<\/p>\n<p>Gelareh Vazirizadeh, Sopran<br \/>\nDana Barak, Klarinette<\/p>\n<p>[03]\u00a0<b>Dourefalak<\/b>\u00a0f\u00fcr pr\u00e4pariertes Klavier (2012)\u00a0<b>06:49<\/b><\/p>\n<p>Everett Hopfner, Klavier<\/p>\n<p>[04]\u00a0<b>Farsh<\/b>\u00a0f\u00fcr zwei H\u00f6rner, Trompete, Posaune, Tar, Oud, Tombak, Violoncello und zwei Soprane (2017)\u00a0<b>05:25<\/b><\/p>\n<p>Michael Hofmann &amp; Chin-Ting Lou, Horn<br \/>\nHenrike Genieser, Trompete<br \/>\nCarlo Eisenmann, Posaune<br \/>\nAzadeh Amiri, Tar<br \/>\nLeila Zahireddini, Oud<br \/>\nMaryam Molla, Tombak<br \/>\nSabine Buchmann, Violoncello<br \/>\nGelareh Vazirizadeh &amp; Sayeh Sodeyfi, Sopran<\/p>\n<p><b>Zendaniye Vazheha<\/b>\u00a0f\u00fcr Sopran, Posaune, Violoncello, Klavier und Schlagzeug (2012)\u00a0<b>16:27<br \/>\n<\/b>auf Gedichte von Mahmood Motaghedi<\/p>\n<p>[05]\u00a0<b>Az buye Deariya<\/b>\u00a001:48<br \/>\n[06]\u00a0<b>Jonun Paizio<\/b>\u00a001:18<br \/>\n[07]\u00a0<b>Talkh Mesle Vazheha<\/b>\u00a001:44<br \/>\n[08]<b>\u00a0Bear Astanaye Khamushio<\/b>\u00a001:19<br \/>\n[09]\u00a0<b>Zendaniye Vazheha<\/b>\u00a001:08<br \/>\n[10]\u00a0<b>Hamin ke Dustam midari<\/b>\u00a002:16<br \/>\n[11]\u00a0<b>Seatrha Reshte Mishavand<\/b>\u00a001:19<br \/>\n[12]\u00a0<b>Alefbaye Kuchakisti<\/b>\u00a002:01<br \/>\n[13]\u00a0<b>Dar Musighize Baadi<\/b>\u00a001:12<br \/>\n[14]\u00a0<b>Ruzatbekheyer<\/b>\u00a002:22<\/p>\n<p>Gelareh Vazirizadeh, Sopran<br \/>\nCarlo Eisenmann, Posaune<br \/>\nSabine Buchmann, Violoncello<br \/>\nMartin Schmalz, Klavier<br \/>\nSaskia Kleemann, Schlagzeug<\/p>\n<p>[15]\u00a0<b>Tchahargah<\/b>\u00a0f\u00fcr Violoncello und pr\u00e4pariertes Klavier (2008)\u00a0<b>07:16<\/b><\/p>\n<p>Sabine Buchmann, Violoncello<br \/>\nEverett Hopfner, Klavier<\/p>\n<p>[16]\u00a0<b>Avaz II<\/b>\u00a0f\u00fcr Harfe, Horn, Klarinette,\u00a0Sprecherin und eine Flasche Wein (2016)\u00a0<b>09:25<br \/>\n<\/b>auf ein Gedicht von Omar Khayyam<\/p>\n<p>Lea Wirtz, Harfe<br \/>\nMichael Hofmann, Horn<br \/>\nDana Barak, Klarinette<br \/>\nGelareh Vazirizadeh, Sprecherin<\/p>\n<p>[17]<b>\u00a0Derakhte Sib<\/b>\u00a0f\u00fcr Harfe, Violoncello, Side Drum, Crotales und Sopran (2019)<b>\u00a006:37<\/b><br \/>\non a poem by Ahmadreza Ahmadi<\/p>\n<p>Lea Wirtz, Harfe<br \/>\nSabine Buchmann, Violoncello<br \/>\nSaskia Kleemann, Side Drum &amp; Crotales<br \/>\nGelareh Vazirizadeh, Sopran<\/p>\n<p>Gesamtspielzeit: 67:32<\/p>\n<p><i>Ersteinspielungen<\/i><\/p>\n","protected":false},"excerpt":{"rendered":"<p>Infotext: SEYED SINA SADEGHPOUR \u2013 MOSAIK. SONIC PERSPECTIVES ON IRAN Kammermusik f\u00fcr Sopran und gemischtes Ensemble In den Jahren nach der islamischen Revolution hat sich die Situation f\u00fcr Kunst und Kultur in meinem Heimatland Iran grundlegend ge\u00e4ndert. Musiker und besonders Musikerinnen sehen sich mit gro\u00dfen Einschr\u00e4nkungen und Begrenzungen konfrontiert. Schon lange Zeit habe ich die [&hellip;]<\/p>\n","protected":false},"featured_media":2452,"template":"","meta":{"site-sidebar-layout":"default","site-content-layout":"default","ast-site-content-layout":"default","site-content-style":"default","site-sidebar-style":"default","ast-global-header-display":"","ast-banner-title-visibility":"","ast-main-header-display":"","ast-hfb-above-header-display":"","ast-hfb-below-header-display":"","ast-hfb-mobile-header-display":"","site-post-title":"","ast-breadcrumbs-content":"","ast-featured-img":"","footer-sml-layout":"","theme-transparent-header-meta":"default","adv-header-id-meta":"","stick-header-meta":"","header-above-stick-meta":"","header-main-stick-meta":"","header-below-stick-meta":"","astra-migrate-meta-layouts":"default","ast-page-background-enabled":"default","ast-page-background-meta":{"desktop":{"background-color":"","background-image":"","background-repeat":"repeat","background-position":"center center","background-size":"auto","background-attachment":"scroll","background-type":"","background-media":"","overlay-type":"","overlay-color":"","overlay-opacity":"","overlay-gradient":""},"tablet":{"background-color":"","background-image":"","background-repeat":"repeat","background-position":"center center","background-size":"auto","background-attachment":"scroll","background-type":"","background-media":"","overlay-type":"","overlay-color":"","overlay-opacity":"","overlay-gradient":""},"mobile":{"background-color":"","background-image":"","background-repeat":"repeat","background-position":"center center","background-size":"auto","background-attachment":"scroll","background-type":"","background-media":"","overlay-type":"","overlay-color":"","overlay-opacity":"","overlay-gradient":""}},"ast-content-background-meta":{"desktop":{"background-color":"var(--ast-global-color-5)","background-image":"","background-repeat":"repeat","background-position":"center center","background-size":"auto","background-attachment":"scroll","background-type":"","background-media":"","overlay-type":"","overlay-color":"","overlay-opacity":"","overlay-gradient":""},"tablet":{"background-color":"var(--ast-global-color-5)","background-image":"","background-repeat":"repeat","background-position":"center center","background-size":"auto","background-attachment":"scroll","background-type":"","background-media":"","overlay-type":"","overlay-color":"","overlay-opacity":"","overlay-gradient":""},"mobile":{"background-color":"var(--ast-global-color-5)","background-image":"","background-repeat":"repeat","background-position":"center center","background-size":"auto","background-attachment":"scroll","background-type":"","background-media":"","overlay-type":"","overlay-color":"","overlay-opacity":"","overlay-gradient":""}}},"product_brand":[],"product_cat":[26],"product_tag":[],"class_list":{"0":"post-2451","1":"product","2":"type-product","3":"status-publish","4":"has-post-thumbnail","6":"product_cat-zeitgenossische-musik","7":"pa_artikelnummer-neos-12206","8":"pa_brand-neos-music","9":"pa_ean-75","10":"desktop-align-left","11":"tablet-align-left","12":"mobile-align-left","14":"first","15":"instock","16":"taxable","17":"shipping-taxable","18":"purchasable","19":"product-type-simple"},"yoast_head":"<!-- This site is optimized with the Yoast SEO plugin v27.3 - https:\/\/yoast.com\/product\/yoast-seo-wordpress\/ -->\n<title>Seyed Sina Sadeghpour: Mosaik. Sonic Perspectives on Iran - NEOS Music<\/title>\n<meta name=\"robots\" content=\"index, follow, max-snippet:-1, max-image-preview:large, max-video-preview:-1\" \/>\n<link rel=\"canonical\" href=\"https:\/\/neos-music.com\/en_us\/product\/seyed-sina-sadeghpour-mosaik-sonic-perspectives-on-iran\/\" \/>\n<meta property=\"og:locale\" content=\"en_US\" \/>\n<meta property=\"og:type\" content=\"article\" \/>\n<meta property=\"og:title\" content=\"Seyed Sina Sadeghpour: Mosaik. Sonic Perspectives on Iran - NEOS Music\" \/>\n<meta property=\"og:description\" content=\"Infotext: SEYED SINA SADEGHPOUR \u2013 MOSAIK. SONIC PERSPECTIVES ON IRAN Kammermusik f\u00fcr Sopran und gemischtes Ensemble In den Jahren nach der islamischen Revolution hat sich die Situation f\u00fcr Kunst und Kultur in meinem Heimatland Iran grundlegend ge\u00e4ndert. Musiker und besonders Musikerinnen sehen sich mit gro\u00dfen Einschr\u00e4nkungen und Begrenzungen konfrontiert. Schon lange Zeit habe ich die [&hellip;]\" \/>\n<meta property=\"og:url\" content=\"https:\/\/neos-music.com\/en_us\/product\/seyed-sina-sadeghpour-mosaik-sonic-perspectives-on-iran\/\" \/>\n<meta property=\"og:site_name\" content=\"NEOS Music\" \/>\n<meta property=\"article:modified_time\" content=\"2022-11-15T17:49:06+00:00\" \/>\n<meta property=\"og:image\" content=\"https:\/\/neos-music.com\/wp-content\/uploads\/2022\/11\/NEOS_12206_Sadeghpour.jpeg\" \/>\n\t<meta property=\"og:image:width\" content=\"1648\" \/>\n\t<meta property=\"og:image:height\" content=\"1483\" \/>\n\t<meta property=\"og:image:type\" content=\"image\/jpeg\" \/>\n<meta name=\"twitter:card\" content=\"summary_large_image\" \/>\n<meta name=\"twitter:label1\" content=\"Est. reading time\" \/>\n\t<meta name=\"twitter:data1\" content=\"5 minutes\" \/>\n<script type=\"application\/ld+json\" class=\"yoast-schema-graph\">{\"@context\":\"https:\\\/\\\/schema.org\",\"@graph\":[{\"@type\":\"WebPage\",\"@id\":\"https:\\\/\\\/neos-music.com\\\/product\\\/seyed-sina-sadeghpour-mosaik-sonic-perspectives-on-iran\\\/\",\"url\":\"https:\\\/\\\/neos-music.com\\\/product\\\/seyed-sina-sadeghpour-mosaik-sonic-perspectives-on-iran\\\/\",\"name\":\"Seyed Sina Sadeghpour: Mosaik. Sonic Perspectives on Iran - NEOS Music\",\"isPartOf\":{\"@id\":\"https:\\\/\\\/neos-music.com\\\/#website\"},\"primaryImageOfPage\":{\"@id\":\"https:\\\/\\\/neos-music.com\\\/product\\\/seyed-sina-sadeghpour-mosaik-sonic-perspectives-on-iran\\\/#primaryimage\"},\"image\":{\"@id\":\"https:\\\/\\\/neos-music.com\\\/product\\\/seyed-sina-sadeghpour-mosaik-sonic-perspectives-on-iran\\\/#primaryimage\"},\"thumbnailUrl\":\"https:\\\/\\\/i0.wp.com\\\/neos-music.com\\\/wp-content\\\/uploads\\\/2022\\\/11\\\/NEOS_12206_Sadeghpour.jpeg?fit=1648%2C1483&ssl=1\",\"datePublished\":\"2022-01-12T17:46:17+00:00\",\"dateModified\":\"2022-11-15T17:49:06+00:00\",\"breadcrumb\":{\"@id\":\"https:\\\/\\\/neos-music.com\\\/product\\\/seyed-sina-sadeghpour-mosaik-sonic-perspectives-on-iran\\\/#breadcrumb\"},\"inLanguage\":\"en-US\",\"potentialAction\":[{\"@type\":\"ReadAction\",\"target\":[\"https:\\\/\\\/neos-music.com\\\/product\\\/seyed-sina-sadeghpour-mosaik-sonic-perspectives-on-iran\\\/\"]}]},{\"@type\":\"ImageObject\",\"inLanguage\":\"en-US\",\"@id\":\"https:\\\/\\\/neos-music.com\\\/product\\\/seyed-sina-sadeghpour-mosaik-sonic-perspectives-on-iran\\\/#primaryimage\",\"url\":\"https:\\\/\\\/i0.wp.com\\\/neos-music.com\\\/wp-content\\\/uploads\\\/2022\\\/11\\\/NEOS_12206_Sadeghpour.jpeg?fit=1648%2C1483&ssl=1\",\"contentUrl\":\"https:\\\/\\\/i0.wp.com\\\/neos-music.com\\\/wp-content\\\/uploads\\\/2022\\\/11\\\/NEOS_12206_Sadeghpour.jpeg?fit=1648%2C1483&ssl=1\",\"width\":1648,\"height\":1483},{\"@type\":\"BreadcrumbList\",\"@id\":\"https:\\\/\\\/neos-music.com\\\/product\\\/seyed-sina-sadeghpour-mosaik-sonic-perspectives-on-iran\\\/#breadcrumb\",\"itemListElement\":[{\"@type\":\"ListItem\",\"position\":1,\"name\":\"Startseite\",\"item\":\"https:\\\/\\\/neos-music.com\\\/\"},{\"@type\":\"ListItem\",\"position\":2,\"name\":\"Produkte\",\"item\":\"https:\\\/\\\/neos-music.com\\\/shop__trashed\\\/\"},{\"@type\":\"ListItem\",\"position\":3,\"name\":\"Seyed Sina Sadeghpour: Mosaik. Sonic Perspectives on Iran\"}]},{\"@type\":\"WebSite\",\"@id\":\"https:\\\/\\\/neos-music.com\\\/#website\",\"url\":\"https:\\\/\\\/neos-music.com\\\/\",\"name\":\"NEOS Music\",\"description\":\"Dein Online Shop f\u00fcr zeitgen\u00f6ssische Musik, Jazz und Classics!\",\"publisher\":{\"@id\":\"https:\\\/\\\/neos-music.com\\\/#organization\"},\"potentialAction\":[{\"@type\":\"SearchAction\",\"target\":{\"@type\":\"EntryPoint\",\"urlTemplate\":\"https:\\\/\\\/neos-music.com\\\/?s={search_term_string}\"},\"query-input\":{\"@type\":\"PropertyValueSpecification\",\"valueRequired\":true,\"valueName\":\"search_term_string\"}}],\"inLanguage\":\"en-US\"},{\"@type\":\"Organization\",\"@id\":\"https:\\\/\\\/neos-music.com\\\/#organization\",\"name\":\"NEOS Music\",\"url\":\"https:\\\/\\\/neos-music.com\\\/\",\"logo\":{\"@type\":\"ImageObject\",\"inLanguage\":\"en-US\",\"@id\":\"https:\\\/\\\/neos-music.com\\\/#\\\/schema\\\/logo\\\/image\\\/\",\"url\":\"https:\\\/\\\/i0.wp.com\\\/neos-music.com\\\/wp-content\\\/uploads\\\/2025\\\/08\\\/NEOS-Logo-weiss.png?fit=800%2C203&ssl=1\",\"contentUrl\":\"https:\\\/\\\/i0.wp.com\\\/neos-music.com\\\/wp-content\\\/uploads\\\/2025\\\/08\\\/NEOS-Logo-weiss.png?fit=800%2C203&ssl=1\",\"width\":800,\"height\":203,\"caption\":\"NEOS Music\"},\"image\":{\"@id\":\"https:\\\/\\\/neos-music.com\\\/#\\\/schema\\\/logo\\\/image\\\/\"}}]}<\/script>\n<!-- \/ Yoast SEO plugin. -->","yoast_head_json":{"title":"Seyed Sina Sadeghpour: Mosaik. Sonic Perspectives on Iran - NEOS Music","robots":{"index":"index","follow":"follow","max-snippet":"max-snippet:-1","max-image-preview":"max-image-preview:large","max-video-preview":"max-video-preview:-1"},"canonical":"https:\/\/neos-music.com\/en_us\/product\/seyed-sina-sadeghpour-mosaik-sonic-perspectives-on-iran\/","og_locale":"en_US","og_type":"article","og_title":"Seyed Sina Sadeghpour: Mosaik. Sonic Perspectives on Iran - NEOS Music","og_description":"Infotext: SEYED SINA SADEGHPOUR \u2013 MOSAIK. SONIC PERSPECTIVES ON IRAN Kammermusik f\u00fcr Sopran und gemischtes Ensemble In den Jahren nach der islamischen Revolution hat sich die Situation f\u00fcr Kunst und Kultur in meinem Heimatland Iran grundlegend ge\u00e4ndert. Musiker und besonders Musikerinnen sehen sich mit gro\u00dfen Einschr\u00e4nkungen und Begrenzungen konfrontiert. Schon lange Zeit habe ich die [&hellip;]","og_url":"https:\/\/neos-music.com\/en_us\/product\/seyed-sina-sadeghpour-mosaik-sonic-perspectives-on-iran\/","og_site_name":"NEOS Music","article_modified_time":"2022-11-15T17:49:06+00:00","og_image":[{"width":1648,"height":1483,"url":"https:\/\/neos-music.com\/wp-content\/uploads\/2022\/11\/NEOS_12206_Sadeghpour.jpeg","type":"image\/jpeg"}],"twitter_card":"summary_large_image","twitter_misc":{"Est. reading time":"5 minutes"},"schema":{"@context":"https:\/\/schema.org","@graph":[{"@type":"WebPage","@id":"https:\/\/neos-music.com\/product\/seyed-sina-sadeghpour-mosaik-sonic-perspectives-on-iran\/","url":"https:\/\/neos-music.com\/product\/seyed-sina-sadeghpour-mosaik-sonic-perspectives-on-iran\/","name":"Seyed Sina Sadeghpour: Mosaik. Sonic Perspectives on Iran - NEOS Music","isPartOf":{"@id":"https:\/\/neos-music.com\/#website"},"primaryImageOfPage":{"@id":"https:\/\/neos-music.com\/product\/seyed-sina-sadeghpour-mosaik-sonic-perspectives-on-iran\/#primaryimage"},"image":{"@id":"https:\/\/neos-music.com\/product\/seyed-sina-sadeghpour-mosaik-sonic-perspectives-on-iran\/#primaryimage"},"thumbnailUrl":"https:\/\/i0.wp.com\/neos-music.com\/wp-content\/uploads\/2022\/11\/NEOS_12206_Sadeghpour.jpeg?fit=1648%2C1483&ssl=1","datePublished":"2022-01-12T17:46:17+00:00","dateModified":"2022-11-15T17:49:06+00:00","breadcrumb":{"@id":"https:\/\/neos-music.com\/product\/seyed-sina-sadeghpour-mosaik-sonic-perspectives-on-iran\/#breadcrumb"},"inLanguage":"en-US","potentialAction":[{"@type":"ReadAction","target":["https:\/\/neos-music.com\/product\/seyed-sina-sadeghpour-mosaik-sonic-perspectives-on-iran\/"]}]},{"@type":"ImageObject","inLanguage":"en-US","@id":"https:\/\/neos-music.com\/product\/seyed-sina-sadeghpour-mosaik-sonic-perspectives-on-iran\/#primaryimage","url":"https:\/\/i0.wp.com\/neos-music.com\/wp-content\/uploads\/2022\/11\/NEOS_12206_Sadeghpour.jpeg?fit=1648%2C1483&ssl=1","contentUrl":"https:\/\/i0.wp.com\/neos-music.com\/wp-content\/uploads\/2022\/11\/NEOS_12206_Sadeghpour.jpeg?fit=1648%2C1483&ssl=1","width":1648,"height":1483},{"@type":"BreadcrumbList","@id":"https:\/\/neos-music.com\/product\/seyed-sina-sadeghpour-mosaik-sonic-perspectives-on-iran\/#breadcrumb","itemListElement":[{"@type":"ListItem","position":1,"name":"Startseite","item":"https:\/\/neos-music.com\/"},{"@type":"ListItem","position":2,"name":"Produkte","item":"https:\/\/neos-music.com\/shop__trashed\/"},{"@type":"ListItem","position":3,"name":"Seyed Sina Sadeghpour: Mosaik. Sonic Perspectives on Iran"}]},{"@type":"WebSite","@id":"https:\/\/neos-music.com\/#website","url":"https:\/\/neos-music.com\/","name":"NEOS Music","description":"Dein Online Shop f\u00fcr zeitgen\u00f6ssische Musik, Jazz und Classics!","publisher":{"@id":"https:\/\/neos-music.com\/#organization"},"potentialAction":[{"@type":"SearchAction","target":{"@type":"EntryPoint","urlTemplate":"https:\/\/neos-music.com\/?s={search_term_string}"},"query-input":{"@type":"PropertyValueSpecification","valueRequired":true,"valueName":"search_term_string"}}],"inLanguage":"en-US"},{"@type":"Organization","@id":"https:\/\/neos-music.com\/#organization","name":"NEOS Music","url":"https:\/\/neos-music.com\/","logo":{"@type":"ImageObject","inLanguage":"en-US","@id":"https:\/\/neos-music.com\/#\/schema\/logo\/image\/","url":"https:\/\/i0.wp.com\/neos-music.com\/wp-content\/uploads\/2025\/08\/NEOS-Logo-weiss.png?fit=800%2C203&ssl=1","contentUrl":"https:\/\/i0.wp.com\/neos-music.com\/wp-content\/uploads\/2025\/08\/NEOS-Logo-weiss.png?fit=800%2C203&ssl=1","width":800,"height":203,"caption":"NEOS Music"},"image":{"@id":"https:\/\/neos-music.com\/#\/schema\/logo\/image\/"}}]}},"jetpack_sharing_enabled":true,"_links":{"self":[{"href":"https:\/\/neos-music.com\/en_us\/wp-json\/wp\/v2\/product\/2451","targetHints":{"allow":["GET"]}}],"collection":[{"href":"https:\/\/neos-music.com\/en_us\/wp-json\/wp\/v2\/product"}],"about":[{"href":"https:\/\/neos-music.com\/en_us\/wp-json\/wp\/v2\/types\/product"}],"version-history":[{"count":0,"href":"https:\/\/neos-music.com\/en_us\/wp-json\/wp\/v2\/product\/2451\/revisions"}],"wp:featuredmedia":[{"embeddable":true,"href":"https:\/\/neos-music.com\/en_us\/wp-json\/wp\/v2\/media\/2452"}],"wp:attachment":[{"href":"https:\/\/neos-music.com\/en_us\/wp-json\/wp\/v2\/media?parent=2451"}],"wp:term":[{"taxonomy":"product_brand","embeddable":true,"href":"https:\/\/neos-music.com\/en_us\/wp-json\/wp\/v2\/product_brand?post=2451"},{"taxonomy":"product_cat","embeddable":true,"href":"https:\/\/neos-music.com\/en_us\/wp-json\/wp\/v2\/product_cat?post=2451"},{"taxonomy":"product_tag","embeddable":true,"href":"https:\/\/neos-music.com\/en_us\/wp-json\/wp\/v2\/product_tag?post=2451"}],"curies":[{"name":"wp","href":"https:\/\/api.w.org\/{rel}","templated":true}]}}