{"id":2453,"date":"2021-12-02T18:00:55","date_gmt":"2021-12-02T18:00:55","guid":{"rendered":"https:\/\/neos-music.com\/?post_type=product&#038;p=2453"},"modified":"2023-01-27T18:11:20","modified_gmt":"2023-01-27T18:11:20","slug":"david-moliner-physical-sound","status":"publish","type":"product","link":"https:\/\/neos-music.com\/en_us\/product\/david-moliner-physical-sound\/","title":{"rendered":"David Moliner: Physical Sound"},"content":{"rendered":"<p>Infotext:<\/p>\n<table border=\"0\" width=\"100%\" rules=\"none\" cellspacing=\"0\" cellpadding=\"0\">\n<tbody>\n<tr>\n<td class=\"bigcontent2\">\n<div id=\"infotext\">\n<p><b>DAVID MOLINER \u2219 K\u00d6RPERLICHER KLANG<\/b><\/p>\n<p>\u00bbDie Begegnung mit der Musik von David Moliner w\u00e4hrend der Vorbereitung dieser CD war f\u00fcr mich eine wirklich angenehme \u00dcberraschung. Ich entdeckte einen K\u00fcnstler, der die Beherrschung seines Metiers mit einem Gesp\u00fcr f\u00fcr Klang und einem kommunikativen\u00a0<i>parlando<\/i>\u00a0verbindet, um seiner Musik Ausdruck zu verleihen.\u00ab<br \/>\n(Fabi\u00e1n Panisello)<\/p>\n<p>Schon bei meinem ersten Treffen mit David Moliner im Jahr 2019 tauchte ein Wort auf, das all das impliziert, was der spanische Dichter Jos\u00e9 \u00c1ngel Valente kurz vor seinem Tod in<i>\u00a0Palabra y Materia<\/i>\u00a0forderte: Ausdruck. Ohne Ausdruck ist Moliners Klangwelt nicht denkbar, sie entsteht unmittelbar aus ihm. Klang wird zu einer Erfahrung der Sinne, sowohl f\u00fcr den Interpreten als auch f\u00fcr den H\u00f6rer. Klang wird durch die Expressivit\u00e4t des K\u00f6rpers in Materie verwandelt, in einer Art \u00bbperfekten Melos\u00ab des klassischen Griechenlands, der Vereinigung von Instrument und Stimme. Klang, Handeln und Denken werden zu einer Einheit. Zweifellos gewinnt Moliner diese Vereinigung der Sinne aus der Verg\u00e4nglichkeit der Kl\u00e4nge von Perkussionsinstrumenten und aus seiner Besch\u00e4ftigung mit der Musik von Xenakis, einem Komponisten, der sich in seinem Werk der Erforschung von Rhythmen widmete. Vielleicht ist es genau das, was die St\u00fccke dieser CD miteinander verbindet: die Umwandlung von Klang in Materie.<\/p>\n<p>In der\u00a0<b><i>Fantasie um das Klavier<\/i><\/b>\u00a0f\u00fcr pr\u00e4pariertes Klavier sind sowohl die Schl\u00e4ge mit der Hand auf die Klaviertastatur als auch die Pedalger\u00e4usche Teil eines Ganzen, in dem das aufmerksame Ohr zwischen Metrum und Puls des musikalischen Diskurses unterscheiden kann. Man kann dieses St\u00fcck nicht h\u00f6ren, ohne an John Cage zu denken, der den Begriff \u00bbprepared piano\u00ab gepr\u00e4gt hat, aber auch an die ungarischen Komponisten B\u00e9la Bart\u00f3k und Gy\u00f6rgy Ligeti und ihren bedeutenden Beitrag zum Klavier als Perkussionsinstrument wird man sich erinnern.<\/p>\n<p>Das Duo\u00a0<b><i>Was koordiniert ist! Ist nicht koordiniert\u2026 (Zwei kleine V\u00f6gel)<\/i><\/b>\u00a0f\u00fcr Saxophon und Fl\u00f6te basiert auf dem Freud\u2019schen Konzept des Kampfes zwischen dem Bewusstsein und dem Unbewusstsein. Der K\u00f6rper repr\u00e4sentiert das Unbewusstsein, in diesem Fall durch die \u00bbKicks\u00ab, die unbeabsichtigten Bewegungen des Fu\u00dfes. Das Unbewusstsein siegt \u00fcber das Bewusstsein, das von den Trillern der Fl\u00f6te und des Saxophons dargestellt wird, die das Trillern zweier trauriger V\u00f6gel imitieren. Der Kampf zwischen dem Klang der raschen Figurationen der beiden Blasinstrumente und den St\u00f6\u00dfen der F\u00fc\u00dfe geht zugunsten der letzteren aus. In den letzten 15 Sekunden des Duetts st\u00fcrzen die Interpreten auf den Boden, der Fu\u00df vernichtet das Bewusstsein.<\/p>\n<p>Das Trio\u00a0<b><i>Der Klang der Erde<\/i><\/b>\u00a0ist eine Komposition f\u00fcr Fagott, Cello und Perkussion, in der sich die Instrumente vermischen und zu einem \u00bbSuperinstrument\u00ab verbinden, mit dem Moliner die Luft modulieren und das Terrain harmonischer Kl\u00e4nge und der Stimme als theatralischer Ausdruck erforschen will, das bereits erw\u00e4hnte \u00bbperfekte Melos\u00ab, das auch Wagners Vorstellung von einem Gesamtkunstwerk zugrunde liegt. Der Einfluss von Morton Feldman ist ebenfalls offensichtlich, wie auch die Forderung von Jose\u0301 \u00c1ngel Valente, \u00fcber das Wort hinauszugehen, es in Materie zu verwandeln.<\/p>\n<p>Emotion ist die Grundlage des\u00a0<i><b>Streichquartetts III<\/b><\/i>\u00a0mit dem Titel\u00a0<b><i>Eindringlicher Satz<\/i><\/b>. Dieser eindringliche Satz ist Ausdruck einer fortw\u00e4hrenden Spannung, die nicht aufgel\u00f6st wird. David Moliner komponierte dieses Werk w\u00e4hrend des Corona-bedingten Lockdowns im Jahr 2020. Ruhelosigkeit ist der Fluchtweg zu neuen Horizonten, eine Flucht aus einer unerw\u00fcnschten Reali-t\u00e4t in einem Taumel der Emotionen. Die Flucht endet mit harmonischen Kl\u00e4ngen der Streichinstrumente \u2013 durchsetzt mit dem Pfeifen einer menschlichen Stimme \u2013, die die Streicherkl\u00e4nge abrupt unterbrechen.<\/p>\n<p>Das Ensemblewerk\u00a0<b><i>Estructura I \u201c\u2026eros sur le bleu\u201d<\/i><\/b>\u00a0entsteht aus der Sch\u00f6nheit der Farbe Blau, eine poetische Vorstellung, die ihren Ausdruck in sehr klangvollen Akkorden findet, die an Gustav Mahlers\u00a0<i>Titan-Symphonie<\/i>\u00a0oder an Arnold Sch\u00f6nbergs\u00a0<i>Farben<\/i>-Akkord erinnert. Ein weiterer Einfluss ist Morton Feldmans Umgang mit Klangfarben in\u00a0<i>Coptic Light<\/i>.\u00a0<i>Estructura I<\/i>\u00a0ist eine semantische Metapher, in der die Farbe Blau aus einer theatralischen Perspektive begriffen wird, wie ein Gem\u00e4lde, das aus seinem Rahmen ausbrechen will, ein klingendes \u00bbtrompe l\u2019\u0153il\u00ab. David Moliner l\u00e4sst die Interpreten pfeifen und wispern, um diese Theatralit\u00e4t zu erreichen.<\/p>\n<p>Jedes der vier\u00a0<b><i>Solos<\/i><\/b>\u00a0ist einem anderen Perkussionsinstrument gewidmet: Vibraphon, Marimba, Body-Percusssion und Snare Drum. Die Verg\u00e4nglichkeit und Unfassbarkeit der perkussiven Kl\u00e4nge regten David Moliner dazu an, mit Klangverdichtungen zu arbeiten, die eine \u00dcbererregung der Sinne bewirken. Nach der Erforschung des K\u00f6rpers in\u00a0<i>Solo III<\/i>\u00a0wird in\u00a0<i>Solo IV<\/i>\u00a0die Stimme des Komponisten hinzugef\u00fcgt, die den folgenden spanischen Text rezitiert:\u00a0<i>\u00bbUn deseo cruza mi interior y mi mente se convierte en susurro. En el fondo de mi hechizado ardor habita una corriente de humana muerte. \u00a1Qui\u00e9n soy yo para creer semejante negror! \u00bfD\u00f3nde habita mi cordura? No existe carta alguna ma\u0301s que la humana suerte. En el fondo permanece inerte sin gana alguna de hablar. \u00a1Y mil llamas quemara\u0301n mi flujo y mil llamas lo volvera\u0301n a quemar hasta que los ciervos se escondan en un orgasmo fri\u0301o y sin pecar!\u00ab<\/i>\u00a0(David Moliner) [\u00bbEin Verlangen durchdringt mein Inneres und mein Geist wird zu einem Fl\u00fcstern. In den Tiefen meiner verzauberten Leidenschaft liegt ein Strom menschlichen Todes. Wer bin ich, dass ich an solch eine Finsternis glaube? Wo wohnt meine Vernunft? Es gibt keinen vorgezeigten Weg, nur das menschliche Schicksal. Tief im Inneren bleibt es tr\u00e4ge, ohne sprechen zu wollen. Und tausend Flammen werden meinen Strom verbrennen, und tausend Flammen werden ihn wieder verbrennen, bis die Hirsche sich in einem kalten, s\u00fcndenlosen Orgasmus verbergen!\u00ab]<\/p>\n<p>In einer seiner zahlreichen Scholien stellte der kolumbianische Philosoph Nicol\u00e1s G\u00f3mez D\u00e1vila die Behauptung auf, dass \u00bbdie Wirkung eines einzigen Verses ausreicht, um den Schutt explodieren zu lassen, in dem die Seele verscharrt ist\u00ab. Die Essenz von David Moliners Werk ist, wie wir dargestellt haben, der volle Ausdruck. Damit versucht er, eine Wirkung zu erzielen, den klingenden Vers zu schmieden, der die Seele ber\u00fchrt \u2013 die des Interpreten wie die des H\u00f6rers.<\/p>\n<p>Michael Thallium<br \/>\n<i>\u00dcbersetzung aus dem Englischen: Michael Steffens<\/i><\/p>\n<p>Programm:<\/p>\n<p><b><a class=\"arcoma_glossarylink\" href=\"https:\/\/neos-music.com\/david-moliner\/\" target=\"_self\" rel=\"noopener\">David Moliner<\/a><\/b>\u00a0(*1991)<\/p>\n<p>[01]\u00a0<b>Fantasie um das Klavier<\/b>\u00a0f\u00fcr pr\u00e4pariertes Klavier (2012, rev. 2020)\u00a0<b>06:27<\/b><\/p>\n<p>[02]\u00a0<b>Solo I\u00a0<i>\u201c\u00e9cho perp\u00e9tuel d\u2019un F pure\u2026\u201d<\/i><\/b><i><\/i>\u00a0f\u00fcr Vibraphon Solo (2016)\u00a0<b>04:02<\/b><\/p>\n<p>[03]\u00a0<b>Was koordiniert ist! Ist nicht koordiniert\u2026 (Zwei kleine V\u00f6gel)<\/b>\u00a0Duo f\u00fcr Fl\u00f6te und Sopransaxophon (2015)\u00a0<b>07:47<br \/>\n<\/b><\/p>\n<p>[04]\u00a0<b>Solo II\u00a0<i>\u201c\u00e9cho fluctuant d\u2019un D sensuel\u2026\u201d<\/i><\/b>\u00a0f\u00fcr Marimba Solo (2017) 02:13<\/p>\n<p>[05]\u00a0<b>Trio \u201cDer Klang der Erde\u201d<\/b>\u00a0f\u00fcr Fagott, Violoncello und Schlagzeug (2015)<b>\u00a006:24<\/b><\/p>\n<p>[06]\u00a0<b>Solo III\u00a0<i>\u201cpoints de p\u00e9n\u00e9tration du t]k]\u201d<\/i><\/b>\u00a0f\u00fcr Body-Percussion (2018)\u00a0<b>02:00<\/b><\/p>\n<p>[07]<b>\u00a0Eindringlicher Satz (String Quartet III)<\/b>\u00a0(2020)\u00a0<b>08:30<\/b><\/p>\n<p>[08]\u00a0<b>Solo IV\u00a0<i>\u201c\u2026flux orgasmique de d\u00e9sir\u2026\u201d<\/i><\/b>\u00a0f\u00fcr\u00a0Snare Drum\u00a0(2020)\u00a0<b>04:15<\/b><\/p>\n<p>[09]\u00a0<b>Estructura I\u00a0<i>\u201c\u2026eros sur le bleu\u201d<\/i><\/b>\u00a0f\u00fcr Ensemble (2016)\u00a0<b>09:39<\/b><\/p>\n<p>Gesamtspielzeit: 51:24<\/p>\n<p>&nbsp;<\/p>\n<p><b><a class=\"arcoma_glossarylink\" href=\"https:\/\/neos-music.com\/david-moliner\/\" target=\"_self\" rel=\"noopener\">David Moliner<\/a><\/b>\u00a0percussion<\/p>\n<p><b><a class=\"arcoma_glossarylink\" href=\"https:\/\/neos-music.com\/output.php?content=Kuenstler\/Plural_Ensemble.php&amp;treplace=english%2Cgerman\" target=\"_self\" rel=\"noopener\">PluralEnsemble<\/a><\/b><br \/>\nLope Morales, flute \u2219 \u00c1lberto Esteve, oboe \u2219 Antonio Lapaz, clarinet \u2219 Andr\u00e9s Gomis, saxophone<br \/>\n\u00c1lvaro Prieto, bassoon \u2219 Duncan Gifford, piano \u2219 Juan Lu\u00eds Gallego, violin I \u2219 Erica Ramallo, violin II<br \/>\nAna Mar\u00eda Alonso, viola \u2219 Mikolaj Konopelski, cello<\/p>\n<p><b><a class=\"arcoma_glossarylink\" href=\"https:\/\/neos-music.com\/fabian-panisello\/\" target=\"_self\" rel=\"noopener\">Fabi\u00e1n Panisello<\/a><\/b>\u00a0conductor<br \/>\nWorld premiere recordings<\/p>\n<\/div>\n<\/td>\n<\/tr>\n<\/tbody>\n<\/table>\n","protected":false},"excerpt":{"rendered":"<p>Infotext: DAVID MOLINER \u2219 K\u00d6RPERLICHER KLANG \u00bbDie Begegnung mit der Musik von David Moliner w\u00e4hrend der Vorbereitung dieser CD war f\u00fcr mich eine wirklich angenehme \u00dcberraschung. Ich entdeckte einen K\u00fcnstler, der die Beherrschung seines Metiers mit einem Gesp\u00fcr f\u00fcr Klang und einem kommunikativen\u00a0parlando\u00a0verbindet, um seiner Musik Ausdruck zu verleihen.\u00ab (Fabi\u00e1n Panisello) Schon bei meinem ersten [&hellip;]<\/p>\n","protected":false},"featured_media":2454,"template":"","meta":{"site-sidebar-layout":"default","site-content-layout":"default","ast-site-content-layout":"default","site-content-style":"default","site-sidebar-style":"default","ast-global-header-display":"","ast-banner-title-visibility":"","ast-main-header-display":"","ast-hfb-above-header-display":"","ast-hfb-below-header-display":"","ast-hfb-mobile-header-display":"","site-post-title":"","ast-breadcrumbs-content":"","ast-featured-img":"","footer-sml-layout":"","theme-transparent-header-meta":"default","adv-header-id-meta":"","stick-header-meta":"","header-above-stick-meta":"","header-main-stick-meta":"","header-below-stick-meta":"","astra-migrate-meta-layouts":"default","ast-page-background-enabled":"default","ast-page-background-meta":{"desktop":{"background-color":"","background-image":"","background-repeat":"repeat","background-position":"center center","background-size":"auto","background-attachment":"scroll","background-type":"","background-media":"","overlay-type":"","overlay-color":"","overlay-opacity":"","overlay-gradient":""},"tablet":{"background-color":"","background-image":"","background-repeat":"repeat","background-position":"center center","background-size":"auto","background-attachment":"scroll","background-type":"","background-media":"","overlay-type":"","overlay-color":"","overlay-opacity":"","overlay-gradient":""},"mobile":{"background-color":"","background-image":"","background-repeat":"repeat","background-position":"center center","background-size":"auto","background-attachment":"scroll","background-type":"","background-media":"","overlay-type":"","overlay-color":"","overlay-opacity":"","overlay-gradient":""}},"ast-content-background-meta":{"desktop":{"background-color":"var(--ast-global-color-5)","background-image":"","background-repeat":"repeat","background-position":"center center","background-size":"auto","background-attachment":"scroll","background-type":"","background-media":"","overlay-type":"","overlay-color":"","overlay-opacity":"","overlay-gradient":""},"tablet":{"background-color":"var(--ast-global-color-5)","background-image":"","background-repeat":"repeat","background-position":"center center","background-size":"auto","background-attachment":"scroll","background-type":"","background-media":"","overlay-type":"","overlay-color":"","overlay-opacity":"","overlay-gradient":""},"mobile":{"background-color":"var(--ast-global-color-5)","background-image":"","background-repeat":"repeat","background-position":"center center","background-size":"auto","background-attachment":"scroll","background-type":"","background-media":"","overlay-type":"","overlay-color":"","overlay-opacity":"","overlay-gradient":""}}},"product_brand":[],"product_cat":[26],"product_tag":[],"class_list":{"0":"post-2453","1":"product","2":"type-product","3":"status-publish","4":"has-post-thumbnail","6":"product_cat-zeitgenossische-musik","7":"pa_artikelnummer-neos-12124","8":"pa_brand-neos-music","9":"pa_ean-78","10":"desktop-align-left","11":"tablet-align-left","12":"mobile-align-left","14":"first","15":"instock","16":"taxable","17":"shipping-taxable","18":"purchasable","19":"product-type-simple"},"yoast_head":"<!-- This site is optimized with the Yoast SEO plugin v27.3 - https:\/\/yoast.com\/product\/yoast-seo-wordpress\/ -->\n<title>David Moliner: Physical Sound - NEOS Music<\/title>\n<meta name=\"robots\" content=\"index, follow, max-snippet:-1, max-image-preview:large, max-video-preview:-1\" \/>\n<link rel=\"canonical\" href=\"https:\/\/neos-music.com\/en_us\/product\/david-moliner-physical-sound\/\" \/>\n<meta property=\"og:locale\" content=\"en_US\" \/>\n<meta property=\"og:type\" content=\"article\" \/>\n<meta property=\"og:title\" content=\"David Moliner: Physical Sound - NEOS Music\" \/>\n<meta property=\"og:description\" content=\"Infotext: DAVID MOLINER \u2219 K\u00d6RPERLICHER KLANG \u00bbDie Begegnung mit der Musik von David Moliner w\u00e4hrend der Vorbereitung dieser CD war f\u00fcr mich eine wirklich angenehme \u00dcberraschung. Ich entdeckte einen K\u00fcnstler, der die Beherrschung seines Metiers mit einem Gesp\u00fcr f\u00fcr Klang und einem kommunikativen\u00a0parlando\u00a0verbindet, um seiner Musik Ausdruck zu verleihen.\u00ab (Fabi\u00e1n Panisello) Schon bei meinem ersten [&hellip;]\" \/>\n<meta property=\"og:url\" content=\"https:\/\/neos-music.com\/en_us\/product\/david-moliner-physical-sound\/\" \/>\n<meta property=\"og:site_name\" content=\"NEOS Music\" \/>\n<meta property=\"article:modified_time\" content=\"2023-01-27T18:11:20+00:00\" \/>\n<meta property=\"og:image\" content=\"https:\/\/neos-music.com\/wp-content\/uploads\/2022\/11\/NEOS_12124_Moliner_Cover.jpeg\" \/>\n\t<meta property=\"og:image:width\" content=\"1649\" \/>\n\t<meta property=\"og:image:height\" content=\"1483\" \/>\n\t<meta property=\"og:image:type\" content=\"image\/jpeg\" \/>\n<meta name=\"twitter:card\" content=\"summary_large_image\" \/>\n<meta name=\"twitter:label1\" content=\"Est. reading time\" \/>\n\t<meta name=\"twitter:data1\" content=\"7 minutes\" \/>\n<script type=\"application\/ld+json\" class=\"yoast-schema-graph\">{\"@context\":\"https:\\\/\\\/schema.org\",\"@graph\":[{\"@type\":\"WebPage\",\"@id\":\"https:\\\/\\\/neos-music.com\\\/product\\\/david-moliner-physical-sound\\\/\",\"url\":\"https:\\\/\\\/neos-music.com\\\/product\\\/david-moliner-physical-sound\\\/\",\"name\":\"David Moliner: Physical Sound - NEOS Music\",\"isPartOf\":{\"@id\":\"https:\\\/\\\/neos-music.com\\\/#website\"},\"primaryImageOfPage\":{\"@id\":\"https:\\\/\\\/neos-music.com\\\/product\\\/david-moliner-physical-sound\\\/#primaryimage\"},\"image\":{\"@id\":\"https:\\\/\\\/neos-music.com\\\/product\\\/david-moliner-physical-sound\\\/#primaryimage\"},\"thumbnailUrl\":\"https:\\\/\\\/i0.wp.com\\\/neos-music.com\\\/wp-content\\\/uploads\\\/2022\\\/11\\\/NEOS_12124_Moliner_Cover.jpeg?fit=1649%2C1483&ssl=1\",\"datePublished\":\"2021-12-02T18:00:55+00:00\",\"dateModified\":\"2023-01-27T18:11:20+00:00\",\"breadcrumb\":{\"@id\":\"https:\\\/\\\/neos-music.com\\\/product\\\/david-moliner-physical-sound\\\/#breadcrumb\"},\"inLanguage\":\"en-US\",\"potentialAction\":[{\"@type\":\"ReadAction\",\"target\":[\"https:\\\/\\\/neos-music.com\\\/product\\\/david-moliner-physical-sound\\\/\"]}]},{\"@type\":\"ImageObject\",\"inLanguage\":\"en-US\",\"@id\":\"https:\\\/\\\/neos-music.com\\\/product\\\/david-moliner-physical-sound\\\/#primaryimage\",\"url\":\"https:\\\/\\\/i0.wp.com\\\/neos-music.com\\\/wp-content\\\/uploads\\\/2022\\\/11\\\/NEOS_12124_Moliner_Cover.jpeg?fit=1649%2C1483&ssl=1\",\"contentUrl\":\"https:\\\/\\\/i0.wp.com\\\/neos-music.com\\\/wp-content\\\/uploads\\\/2022\\\/11\\\/NEOS_12124_Moliner_Cover.jpeg?fit=1649%2C1483&ssl=1\",\"width\":1649,\"height\":1483},{\"@type\":\"BreadcrumbList\",\"@id\":\"https:\\\/\\\/neos-music.com\\\/product\\\/david-moliner-physical-sound\\\/#breadcrumb\",\"itemListElement\":[{\"@type\":\"ListItem\",\"position\":1,\"name\":\"Startseite\",\"item\":\"https:\\\/\\\/neos-music.com\\\/\"},{\"@type\":\"ListItem\",\"position\":2,\"name\":\"Produkte\",\"item\":\"https:\\\/\\\/neos-music.com\\\/shop__trashed\\\/\"},{\"@type\":\"ListItem\",\"position\":3,\"name\":\"David Moliner: Physical Sound\"}]},{\"@type\":\"WebSite\",\"@id\":\"https:\\\/\\\/neos-music.com\\\/#website\",\"url\":\"https:\\\/\\\/neos-music.com\\\/\",\"name\":\"NEOS Music\",\"description\":\"Dein Online Shop f\u00fcr zeitgen\u00f6ssische Musik, Jazz und Classics!\",\"publisher\":{\"@id\":\"https:\\\/\\\/neos-music.com\\\/#organization\"},\"potentialAction\":[{\"@type\":\"SearchAction\",\"target\":{\"@type\":\"EntryPoint\",\"urlTemplate\":\"https:\\\/\\\/neos-music.com\\\/?s={search_term_string}\"},\"query-input\":{\"@type\":\"PropertyValueSpecification\",\"valueRequired\":true,\"valueName\":\"search_term_string\"}}],\"inLanguage\":\"en-US\"},{\"@type\":\"Organization\",\"@id\":\"https:\\\/\\\/neos-music.com\\\/#organization\",\"name\":\"NEOS Music\",\"url\":\"https:\\\/\\\/neos-music.com\\\/\",\"logo\":{\"@type\":\"ImageObject\",\"inLanguage\":\"en-US\",\"@id\":\"https:\\\/\\\/neos-music.com\\\/#\\\/schema\\\/logo\\\/image\\\/\",\"url\":\"https:\\\/\\\/i0.wp.com\\\/neos-music.com\\\/wp-content\\\/uploads\\\/2025\\\/08\\\/NEOS-Logo-weiss.png?fit=800%2C203&ssl=1\",\"contentUrl\":\"https:\\\/\\\/i0.wp.com\\\/neos-music.com\\\/wp-content\\\/uploads\\\/2025\\\/08\\\/NEOS-Logo-weiss.png?fit=800%2C203&ssl=1\",\"width\":800,\"height\":203,\"caption\":\"NEOS Music\"},\"image\":{\"@id\":\"https:\\\/\\\/neos-music.com\\\/#\\\/schema\\\/logo\\\/image\\\/\"}}]}<\/script>\n<!-- \/ Yoast SEO plugin. -->","yoast_head_json":{"title":"David Moliner: Physical Sound - NEOS Music","robots":{"index":"index","follow":"follow","max-snippet":"max-snippet:-1","max-image-preview":"max-image-preview:large","max-video-preview":"max-video-preview:-1"},"canonical":"https:\/\/neos-music.com\/en_us\/product\/david-moliner-physical-sound\/","og_locale":"en_US","og_type":"article","og_title":"David Moliner: Physical Sound - NEOS Music","og_description":"Infotext: DAVID MOLINER \u2219 K\u00d6RPERLICHER KLANG \u00bbDie Begegnung mit der Musik von David Moliner w\u00e4hrend der Vorbereitung dieser CD war f\u00fcr mich eine wirklich angenehme \u00dcberraschung. Ich entdeckte einen K\u00fcnstler, der die Beherrschung seines Metiers mit einem Gesp\u00fcr f\u00fcr Klang und einem kommunikativen\u00a0parlando\u00a0verbindet, um seiner Musik Ausdruck zu verleihen.\u00ab (Fabi\u00e1n Panisello) Schon bei meinem ersten [&hellip;]","og_url":"https:\/\/neos-music.com\/en_us\/product\/david-moliner-physical-sound\/","og_site_name":"NEOS Music","article_modified_time":"2023-01-27T18:11:20+00:00","og_image":[{"width":1649,"height":1483,"url":"https:\/\/neos-music.com\/wp-content\/uploads\/2022\/11\/NEOS_12124_Moliner_Cover.jpeg","type":"image\/jpeg"}],"twitter_card":"summary_large_image","twitter_misc":{"Est. reading time":"7 minutes"},"schema":{"@context":"https:\/\/schema.org","@graph":[{"@type":"WebPage","@id":"https:\/\/neos-music.com\/product\/david-moliner-physical-sound\/","url":"https:\/\/neos-music.com\/product\/david-moliner-physical-sound\/","name":"David Moliner: Physical Sound - NEOS Music","isPartOf":{"@id":"https:\/\/neos-music.com\/#website"},"primaryImageOfPage":{"@id":"https:\/\/neos-music.com\/product\/david-moliner-physical-sound\/#primaryimage"},"image":{"@id":"https:\/\/neos-music.com\/product\/david-moliner-physical-sound\/#primaryimage"},"thumbnailUrl":"https:\/\/i0.wp.com\/neos-music.com\/wp-content\/uploads\/2022\/11\/NEOS_12124_Moliner_Cover.jpeg?fit=1649%2C1483&ssl=1","datePublished":"2021-12-02T18:00:55+00:00","dateModified":"2023-01-27T18:11:20+00:00","breadcrumb":{"@id":"https:\/\/neos-music.com\/product\/david-moliner-physical-sound\/#breadcrumb"},"inLanguage":"en-US","potentialAction":[{"@type":"ReadAction","target":["https:\/\/neos-music.com\/product\/david-moliner-physical-sound\/"]}]},{"@type":"ImageObject","inLanguage":"en-US","@id":"https:\/\/neos-music.com\/product\/david-moliner-physical-sound\/#primaryimage","url":"https:\/\/i0.wp.com\/neos-music.com\/wp-content\/uploads\/2022\/11\/NEOS_12124_Moliner_Cover.jpeg?fit=1649%2C1483&ssl=1","contentUrl":"https:\/\/i0.wp.com\/neos-music.com\/wp-content\/uploads\/2022\/11\/NEOS_12124_Moliner_Cover.jpeg?fit=1649%2C1483&ssl=1","width":1649,"height":1483},{"@type":"BreadcrumbList","@id":"https:\/\/neos-music.com\/product\/david-moliner-physical-sound\/#breadcrumb","itemListElement":[{"@type":"ListItem","position":1,"name":"Startseite","item":"https:\/\/neos-music.com\/"},{"@type":"ListItem","position":2,"name":"Produkte","item":"https:\/\/neos-music.com\/shop__trashed\/"},{"@type":"ListItem","position":3,"name":"David Moliner: Physical Sound"}]},{"@type":"WebSite","@id":"https:\/\/neos-music.com\/#website","url":"https:\/\/neos-music.com\/","name":"NEOS Music","description":"Dein Online Shop f\u00fcr zeitgen\u00f6ssische Musik, Jazz und Classics!","publisher":{"@id":"https:\/\/neos-music.com\/#organization"},"potentialAction":[{"@type":"SearchAction","target":{"@type":"EntryPoint","urlTemplate":"https:\/\/neos-music.com\/?s={search_term_string}"},"query-input":{"@type":"PropertyValueSpecification","valueRequired":true,"valueName":"search_term_string"}}],"inLanguage":"en-US"},{"@type":"Organization","@id":"https:\/\/neos-music.com\/#organization","name":"NEOS Music","url":"https:\/\/neos-music.com\/","logo":{"@type":"ImageObject","inLanguage":"en-US","@id":"https:\/\/neos-music.com\/#\/schema\/logo\/image\/","url":"https:\/\/i0.wp.com\/neos-music.com\/wp-content\/uploads\/2025\/08\/NEOS-Logo-weiss.png?fit=800%2C203&ssl=1","contentUrl":"https:\/\/i0.wp.com\/neos-music.com\/wp-content\/uploads\/2025\/08\/NEOS-Logo-weiss.png?fit=800%2C203&ssl=1","width":800,"height":203,"caption":"NEOS Music"},"image":{"@id":"https:\/\/neos-music.com\/#\/schema\/logo\/image\/"}}]}},"jetpack_sharing_enabled":true,"_links":{"self":[{"href":"https:\/\/neos-music.com\/en_us\/wp-json\/wp\/v2\/product\/2453","targetHints":{"allow":["GET"]}}],"collection":[{"href":"https:\/\/neos-music.com\/en_us\/wp-json\/wp\/v2\/product"}],"about":[{"href":"https:\/\/neos-music.com\/en_us\/wp-json\/wp\/v2\/types\/product"}],"version-history":[{"count":0,"href":"https:\/\/neos-music.com\/en_us\/wp-json\/wp\/v2\/product\/2453\/revisions"}],"wp:featuredmedia":[{"embeddable":true,"href":"https:\/\/neos-music.com\/en_us\/wp-json\/wp\/v2\/media\/2454"}],"wp:attachment":[{"href":"https:\/\/neos-music.com\/en_us\/wp-json\/wp\/v2\/media?parent=2453"}],"wp:term":[{"taxonomy":"product_brand","embeddable":true,"href":"https:\/\/neos-music.com\/en_us\/wp-json\/wp\/v2\/product_brand?post=2453"},{"taxonomy":"product_cat","embeddable":true,"href":"https:\/\/neos-music.com\/en_us\/wp-json\/wp\/v2\/product_cat?post=2453"},{"taxonomy":"product_tag","embeddable":true,"href":"https:\/\/neos-music.com\/en_us\/wp-json\/wp\/v2\/product_tag?post=2453"}],"curies":[{"name":"wp","href":"https:\/\/api.w.org\/{rel}","templated":true}]}}