{"id":2455,"date":"2021-11-25T18:03:49","date_gmt":"2021-11-25T18:03:49","guid":{"rendered":"https:\/\/neos-music.com\/?post_type=product&#038;p=2455"},"modified":"2023-01-27T18:13:11","modified_gmt":"2023-01-27T18:13:11","slug":"daniel-osorio-zikkus","status":"publish","type":"product","link":"https:\/\/neos-music.com\/en_us\/product\/daniel-osorio-zikkus\/","title":{"rendered":"Daniel Osorio: Zikkus"},"content":{"rendered":"<p>Infotext:<\/p>\n<table border=\"0\" width=\"100%\" rules=\"none\" cellspacing=\"0\" cellpadding=\"0\">\n<tbody>\n<tr>\n<td class=\"bigcontent2\">\n<div id=\"infotext\">\n<p><b>DANIEL OSORIO: ZIKKUS<\/b><\/p>\n<p>Die\u00a0<i>Zikkus<\/i>-Reihe beginnt 2007, w\u00e4hrend des Studiums des Komponisten an der Hochschule f\u00fcr Musik Saar, und spiegelt im R\u00fcckblick seinen k\u00fcnstlerischen Werdegang und sein politisches F\u00fchlen und Denken. Das Kompositionsstudium als selbstgew\u00e4hltes \u00bbExil\u00ab st\u00f6\u00dft bei Daniel Osorio einen l\u00e4ngeren Entwicklungsprozess an, in dem er unter anderem seine europ\u00e4ische Musikausbildung hinterfragt und Verbindungen zu seinen ersten musikalischen Erfahrungen sucht. In diesen spielte weder das Klavier noch ein anderes europ\u00e4isches Instrument eine ma\u00dfgebliche Rolle, vielmehr wuchs er mit den Kl\u00e4ngen der andinen Instrumente Charango, Kena und Sikus (Panfl\u00f6te) auf, die im Chile der Pinochet-Diktatur eine widerst\u00e4ndige und klandestine Bedeutung hatten. In Verbindung gebracht mit der gest\u00fcrzten sozialistischen Regierung Salvador Allendes, wurden die indigenen Instrumente verachtet und waren de facto verboten.<\/p>\n<p>Die Erinnerungen an die Klangsprache der andinen Instrumente und an die Schrecken der Diktatur haben Daniel Osorio nicht losgelassen und kehren im Kompositionsprozess von\u00a0<i>Zikkus<\/i>\u00a0mit voller Kraft zur\u00fcck. Es sind Fragmente einer politischen Klanggeschichte, die in den Arbeiten lebendig wird, basierend zum einen auf dem eigenen Musikspiel und zum anderen auf akustischen und musikethnologischen Forschungen des Komponisten rund um die Sikus-Fl\u00f6te.<\/p>\n<p>So entstehen f\u00fcnf St\u00fccke f\u00fcr Solo-Instrumente und Elektronik, welche sich mit den unterschiedlichen musikalischen und kulturellen Facetten der Sikus auseinandersetzen. Die kreative Gestaltung des Materials mit den Werkzeugen einer europ\u00e4ischen Kompositionstradition spiegelt sich auch in der leichten Verfremdung des Instrumentennamens: \u00bbZikkus\u00ab. Alle Arbeiten werden schlie\u00dflich in einem Werkzyklus zusammengefasst, um die in der Zeit verstreuten, bruchst\u00fcckhaften Erinnerungen, Gedanken und Gef\u00fchle zu vereinen und ihnen durch den k\u00fcnstlerischen Schaffensprozess einen festen Platz im Ged\u00e4chtnis des Komponisten zu geben.<\/p>\n<p><b><i><br \/>\nZikkus-V<\/i><\/b>\u00a0enth\u00e4lt Klangelemente der andinen Musikkulturen aus Bolivien, Peru und Chile und ist insbesondere von den Panfl\u00f6ten-Musikgruppen, den sogenannten \u00bbSikuris\u00ab, inspiriert. Das Musikspiel der Sikuris erklingt zu bedeutenden rituellen Anl\u00e4ssen und Festen in den Andenregionen und geht einher mit festgelegten Bewegungen und T\u00e4nzen. Dabei verf\u00fcgen rituelle Elemente wie die Wiederholung, die Dauer und der Stillstand \u00fcber tiefere symbolische Bedeutungen, die sich auch im irdischen und spirituellen Weltbild der Andenbewohner wiederfinden.<\/p>\n<p><i>Zikkus-V<\/i>\u00a0ist eines der ersten St\u00fccke der\u00a0<i>Zikkus<\/i>-Reihe und basiert zum einen auf einer Spektralanalyse ausgew\u00e4hlter Noten der Sikus-Fl\u00f6te und zum anderen auf den rituellen Elementen des Musikspiels der Sikuris. Diese akustische und musikethnologische Recherche erm\u00f6glichte eine erste Ann\u00e4herung an die andinen Musiktraditionen aus der Perspektive einer europ\u00e4isch gepr\u00e4gten Kompositionspraxis.<\/p>\n<p>Ausgangspunkt von\u00a0<b><i>Zikkus-F<\/i><\/b>\u00a0ist die Erz\u00e4hlung\u00a0<i>Reuni\u00f3n<\/i>\u00a0(Versammlung) des argentinischen Schriftstellers Julio Cort\u00e1zar. Dieser beschreibt auf eindrucksvolle Weise die Atmung der Hauptfigur Ch\u00e9 Guevara, die durch sein Asthma erschwert ist. Der Klang dieser Atmung wird in\u00a0<i>Zikkus-F<\/i>\u00a0h\u00f6rbar gemacht und ist wesentlicher Bestandteil des St\u00fcckes.<\/p>\n<p>Die philosophische und spirituelle Bedeutung des Atems in der fern\u00f6stlichen Tradition findet sich auch in den Kulturen der andinen Hochebene, beim Spielen der Sikus-Fl\u00f6te, wieder. Hier unterstreichen verschiedene Atemtechniken den rituellen Charakter des Musizierens: Denn beispielsweise durch ein Anhalten des Atems und ein darauffolgendes sehr langsames Auslassen der Luft, das die Kl\u00e4nge der Sikus verl\u00e4ngert, in Kombination mit sehr schnellen Atembewegungen aus dem Bauch, k\u00f6nnen die Fl\u00f6tenspieler einen Zustand der Bewusstseinserweiterung erlangen.<\/p>\n<p>Der Atem als Archetyp der Gemeinschaft wird in\u00a0<i>Zikkus-F<\/i>\u00a0von der europ\u00e4ischen Querfl\u00f6te repr\u00e4sentiert. Ihr traditioneller Klang wird durch elektronische Verfahren \u00bbgedehnt\u00ab und \u00bbkomprimiert\u00ab und schafft so neue akustische Texturen, die sich g\u00e4nzlich von den urspr\u00fcnglichen Kl\u00e4ngen unterscheiden und doch aus ihnen entstanden sind.<\/p>\n<p><b><i><br \/>\nZikkus-P<\/i><\/b>\u00a0konfrontiert das Musikspiel der Sikuris-Musikgruppen mit zwei Symbolen der europ\u00e4ischen Musiktradition par excellence: dem Klavier \u2013 Sinnbild der europ\u00e4ischen Hochkultur und des individuellen Spiels, und der elektroakustischen Musik \u2013 Wahrzeichen der europ\u00e4ischen Avantgarde. Dabei wird diesen Elementen die soziale Bedeutung des kollektiven Musikspiels der Sikuris gegen\u00fcbergestellt, welche die andine Klang\u00e4sthetik grundlegend mitgestaltet.<\/p>\n<p>Der Versuch des St\u00fccks, die Symbolik des Klaviers und seine begrenzten klanglichen M\u00f6glichkeiten zu brechen, geschieht hier durch die Zerlegung seines Klangspektrums. Dies zum einen durch die Elektronik und zum anderen durch das Anschlagen seines Klangk\u00f6rpers mit verschiedensten Alltagsobjekten. So werden neuartige Klangspektren erzeugt, welche die akustischen Elemente und klang\u00e4sthetischen Werte der Anden-Musik durchscheinen lassen.<\/p>\n<p><b><i><br \/>\nZikkus-S<\/i><\/b>\u00a0basiert auf dem akustischen Aufbau der J\u2019acha, einer Panfl\u00f6te mit langen Rohren, die sehr tiefe T\u00f6ne und ein breites Klangspektrum hervorbringt. Eben dieser Klangreichtum wird zum Ausgangspunkt f\u00fcr Form und Rhythmus des St\u00fccks.<\/p>\n<p>Den spanischen Kolonisatoren, die seit dem 15. Jahrhundert versuchten, den pr\u00e4kolumbinischen V\u00f6lkern die Paradigmen europ\u00e4ischer Musik aufzuerlegen, ist es nicht gelungen, die kulturellen Ausdrucksformen in den Anden vollst\u00e4ndig zu unterwerfen. Die Aymara beispielsweise leisteten mit ihrer kulturellen und musikalischen Tradition einen versteckten Widerstand, der dem kolonialen Klerus entging. So sind auch heute noch in der Musik der Aymara Kl\u00e4nge und Klangfarben wahrnehmbar, welche die westliche Tradition \u2013 nicht ohne eine gewisse Arroganz und \u00dcberheblichkeit \u2013 als klangliche \u00bbDerbheiten\u00ab und scheinbare Unstimmigkeiten beschreibt. So sucht etwa die Klang\u00e4sthetik der Aymara bewusst die Schwebung zwischen zwei oder mehreren Noten, sei es in Unisono, in Oktaven, Quarten oder reinen Quinten \u2013 ein akustisches Ph\u00e4nomen, das die Instrumentenbauer seit jeher erreichen, indem sie die Instrumente jeder Musikgruppe mit leichten Verschiebungen stimmen. Und dies macht auch die Sch\u00f6nheit und Besonderheit der Instrumentenbaukunst der Aymara aus: Sie entwickeln geistreiche Ideen und L\u00f6sungsans\u00e4tze, um mit einem Minimum an materiellen und klanglichen Ressourcen die traditionelle Polytonalit\u00e4t zu erm\u00f6glichen.<\/p>\n<p>Polytonalit\u00e4t, Schwebungen und klangliche Verschiebungen werden in\u00a0<i>Zikkus-S<\/i>\u00a0mit minimalen Klangressourcen verarbeitet, durch die Elektronik neu interpretiert und gewinnen ihren durch die Kolonialisierung verlorenen \u00e4sthetischen Wert zur\u00fcck.<\/p>\n<p><b><i>Zikkus-K<\/i><\/b>\u00a0besch\u00e4ftigt sich mit der musikalischen Praxis der Suri Siku, einer besonderen Art der Sikuris-Musikgruppen. Die gew\u00f6hnlichen Sikuris-Spieler f\u00fchren ihre Musik in sich erg\u00e4nzenden Paaren auf und verteilen die Melodie auf zwei Gruppen (ira\u2009\/\u2009m\u00e4nnlich und arka\u2009\/\u2009weiblich) \u2013 \u00e4hnlich dem Hoquetus, einer mehrstimmigen europ\u00e4isch-mittelalterlichen Satztechnik. Die Suri Siku hingegen verwenden eine komplette diatonische Tonleiter, wobei der kollektive und bin\u00e4re Charakter im Spiel erhalten bleibt: Die Antwort einer Gruppe (arka) folgt derselben Note der vorhergehenden Gruppe (ira), sodass w\u00e4hrend des Spiels eine Art \u00bbEcho\u00ab erzeugt wird. Diese Symmetrie ist auch wichtiger Teil des sozialen und spirituellen Ordnungssystems der Aymara-Gesellschaft, in dem verschiedene Gegensatzpaare, wie oben\u2013unten, Mann\u2013Frau, Tal\u2013Hochebene etc. eine strukturierende Rolle spielen.<\/p>\n<p>Diese Gegens\u00e4tze, Dualismen und Symmetrien werden im Schreibprozess von\u00a0<i>Zikkus-K<\/i>\u00a0aufgegriffen und tauchen in den rhythmischen Strukturen, in der Taktverteilung und in den verschiedenen Tonreihen auf. Durch seine zahlreichen Wiederholungen spiegelt das St\u00fcck auch eine der musikalischen Geste inh\u00e4rente, fast mantrische Simplizit\u00e4t des rituellen Musikspiels.<\/p>\n<p>Daniel Osorio \/ Alena van Wahnem<\/p>\n<p>Programm:<\/p>\n<p><b><a class=\"arcoma_glossarylink\" href=\"https:\/\/neos-music.com\/daniel-osorio\/\" target=\"_self\" rel=\"noopener\">Daniel Osorio<\/a><\/b>\u00a0(*1971)<\/p>\n<p>[01]\u00a0<b>Zikkus-F<\/b>\u00a0f\u00fcr Fl\u00f6te und Live-Elektronik (2007)\u00a0<b>12:27<\/b><\/p>\n<p>[02]\u00a0<b>Zikkus-S<\/b>\u00a0f\u00fcr Bariton-Saxophon und Live-Elektronik (2013)\u00a0<b>11:46<\/b><\/p>\n<p>[03]\u00a0<b>Zikkus-V<\/b>\u00a0f\u00fcr Violoncello und Live-Elektronik (2007)\u00a0<b>11:12<\/b><\/p>\n<p>[04]\u00a0<b>Zikkus-P<\/b>\u00a0f\u00fcr Klavier und Live-Elektronik (2010)\u00a0<b>09:17<\/b><\/p>\n<p>[05]\u00a0<b>Zikkus-K<\/b>\u00a0f\u00fcr Klarinette und Live-Elektronik (2021)\u00a0<b>13:17<\/b><\/p>\n<p>Gesamtspielzeit: 58:12<\/p>\n<p><b>Die Cronopien \u2013 Kollektiv f\u00fcr Interkulturelle Neue Musik<br \/>\n<\/b>Karolin Schmitt-Weidmann, Fl\u00f6te<br \/>\nAlvaro Collao, Saxophon<br \/>\nUlysse Bonneau, Violoncello<br \/>\nThomas Layes, Klavier<br \/>\nMarina Ochsenreither, Klarinette<br \/>\n<a class=\"arcoma_glossarylink\" href=\"https:\/\/neos-music.com\/daniel-osorio\/\" target=\"_self\" rel=\"noopener\">Daniel Osorio<\/a>, Elektronik<br \/>\nAntonio Carvallo, Elektronik<\/p>\n<p><i>Ersteinspielungen<\/i><\/p>\n<\/div>\n<\/td>\n<\/tr>\n<\/tbody>\n<\/table>\n","protected":false},"excerpt":{"rendered":"<p>Infotext: DANIEL OSORIO: ZIKKUS Die\u00a0Zikkus-Reihe beginnt 2007, w\u00e4hrend des Studiums des Komponisten an der Hochschule f\u00fcr Musik Saar, und spiegelt im R\u00fcckblick seinen k\u00fcnstlerischen Werdegang und sein politisches F\u00fchlen und Denken. Das Kompositionsstudium als selbstgew\u00e4hltes \u00bbExil\u00ab st\u00f6\u00dft bei Daniel Osorio einen l\u00e4ngeren Entwicklungsprozess an, in dem er unter anderem seine europ\u00e4ische Musikausbildung hinterfragt und Verbindungen [&hellip;]<\/p>\n","protected":false},"featured_media":2456,"template":"","meta":{"site-sidebar-layout":"default","site-content-layout":"default","ast-site-content-layout":"default","site-content-style":"default","site-sidebar-style":"default","ast-global-header-display":"","ast-banner-title-visibility":"","ast-main-header-display":"","ast-hfb-above-header-display":"","ast-hfb-below-header-display":"","ast-hfb-mobile-header-display":"","site-post-title":"","ast-breadcrumbs-content":"","ast-featured-img":"","footer-sml-layout":"","theme-transparent-header-meta":"default","adv-header-id-meta":"","stick-header-meta":"","header-above-stick-meta":"","header-main-stick-meta":"","header-below-stick-meta":"","astra-migrate-meta-layouts":"default","ast-page-background-enabled":"default","ast-page-background-meta":{"desktop":{"background-color":"","background-image":"","background-repeat":"repeat","background-position":"center center","background-size":"auto","background-attachment":"scroll","background-type":"","background-media":"","overlay-type":"","overlay-color":"","overlay-opacity":"","overlay-gradient":""},"tablet":{"background-color":"","background-image":"","background-repeat":"repeat","background-position":"center center","background-size":"auto","background-attachment":"scroll","background-type":"","background-media":"","overlay-type":"","overlay-color":"","overlay-opacity":"","overlay-gradient":""},"mobile":{"background-color":"","background-image":"","background-repeat":"repeat","background-position":"center center","background-size":"auto","background-attachment":"scroll","background-type":"","background-media":"","overlay-type":"","overlay-color":"","overlay-opacity":"","overlay-gradient":""}},"ast-content-background-meta":{"desktop":{"background-color":"var(--ast-global-color-5)","background-image":"","background-repeat":"repeat","background-position":"center center","background-size":"auto","background-attachment":"scroll","background-type":"","background-media":"","overlay-type":"","overlay-color":"","overlay-opacity":"","overlay-gradient":""},"tablet":{"background-color":"var(--ast-global-color-5)","background-image":"","background-repeat":"repeat","background-position":"center center","background-size":"auto","background-attachment":"scroll","background-type":"","background-media":"","overlay-type":"","overlay-color":"","overlay-opacity":"","overlay-gradient":""},"mobile":{"background-color":"var(--ast-global-color-5)","background-image":"","background-repeat":"repeat","background-position":"center center","background-size":"auto","background-attachment":"scroll","background-type":"","background-media":"","overlay-type":"","overlay-color":"","overlay-opacity":"","overlay-gradient":""}}},"product_brand":[],"product_cat":[26],"product_tag":[],"class_list":{"0":"post-2455","1":"product","2":"type-product","3":"status-publish","4":"has-post-thumbnail","6":"product_cat-zeitgenossische-musik","7":"pa_artikelnummer-neos-12121","8":"pa_brand-neos-music","9":"pa_ean-80","10":"desktop-align-left","11":"tablet-align-left","12":"mobile-align-left","14":"first","15":"instock","16":"taxable","17":"shipping-taxable","18":"purchasable","19":"product-type-simple"},"yoast_head":"<!-- This site is optimized with the Yoast SEO plugin v27.4 - https:\/\/yoast.com\/product\/yoast-seo-wordpress\/ -->\n<title>Daniel Osorio: Zikkus - NEOS Music<\/title>\n<meta name=\"robots\" content=\"index, follow, max-snippet:-1, max-image-preview:large, max-video-preview:-1\" \/>\n<link rel=\"canonical\" href=\"https:\/\/neos-music.com\/en_us\/product\/daniel-osorio-zikkus\/\" \/>\n<meta property=\"og:locale\" content=\"en_US\" \/>\n<meta property=\"og:type\" content=\"article\" \/>\n<meta property=\"og:title\" content=\"Daniel Osorio: Zikkus - NEOS Music\" \/>\n<meta property=\"og:description\" content=\"Infotext: DANIEL OSORIO: ZIKKUS Die\u00a0Zikkus-Reihe beginnt 2007, w\u00e4hrend des Studiums des Komponisten an der Hochschule f\u00fcr Musik Saar, und spiegelt im R\u00fcckblick seinen k\u00fcnstlerischen Werdegang und sein politisches F\u00fchlen und Denken. Das Kompositionsstudium als selbstgew\u00e4hltes \u00bbExil\u00ab st\u00f6\u00dft bei Daniel Osorio einen l\u00e4ngeren Entwicklungsprozess an, in dem er unter anderem seine europ\u00e4ische Musikausbildung hinterfragt und Verbindungen [&hellip;]\" \/>\n<meta property=\"og:url\" content=\"https:\/\/neos-music.com\/en_us\/product\/daniel-osorio-zikkus\/\" \/>\n<meta property=\"og:site_name\" content=\"NEOS Music\" \/>\n<meta property=\"article:modified_time\" content=\"2023-01-27T18:13:11+00:00\" \/>\n<meta property=\"og:image\" content=\"https:\/\/neos-music.com\/wp-content\/uploads\/2022\/11\/NEOS_12121_Osorio.jpeg\" \/>\n\t<meta property=\"og:image:width\" content=\"1649\" \/>\n\t<meta property=\"og:image:height\" content=\"1483\" \/>\n\t<meta property=\"og:image:type\" content=\"image\/jpeg\" \/>\n<meta name=\"twitter:card\" content=\"summary_large_image\" \/>\n<meta name=\"twitter:label1\" content=\"Est. reading time\" \/>\n\t<meta name=\"twitter:data1\" content=\"7 minutes\" \/>\n<script type=\"application\/ld+json\" class=\"yoast-schema-graph\">{\"@context\":\"https:\\\/\\\/schema.org\",\"@graph\":[{\"@type\":\"WebPage\",\"@id\":\"https:\\\/\\\/neos-music.com\\\/product\\\/daniel-osorio-zikkus\\\/\",\"url\":\"https:\\\/\\\/neos-music.com\\\/product\\\/daniel-osorio-zikkus\\\/\",\"name\":\"Daniel Osorio: Zikkus - NEOS Music\",\"isPartOf\":{\"@id\":\"https:\\\/\\\/neos-music.com\\\/#website\"},\"primaryImageOfPage\":{\"@id\":\"https:\\\/\\\/neos-music.com\\\/product\\\/daniel-osorio-zikkus\\\/#primaryimage\"},\"image\":{\"@id\":\"https:\\\/\\\/neos-music.com\\\/product\\\/daniel-osorio-zikkus\\\/#primaryimage\"},\"thumbnailUrl\":\"https:\\\/\\\/i0.wp.com\\\/neos-music.com\\\/wp-content\\\/uploads\\\/2022\\\/11\\\/NEOS_12121_Osorio.jpeg?fit=1649%2C1483&ssl=1\",\"datePublished\":\"2021-11-25T18:03:49+00:00\",\"dateModified\":\"2023-01-27T18:13:11+00:00\",\"breadcrumb\":{\"@id\":\"https:\\\/\\\/neos-music.com\\\/product\\\/daniel-osorio-zikkus\\\/#breadcrumb\"},\"inLanguage\":\"en-US\",\"potentialAction\":[{\"@type\":\"ReadAction\",\"target\":[\"https:\\\/\\\/neos-music.com\\\/product\\\/daniel-osorio-zikkus\\\/\"]}]},{\"@type\":\"ImageObject\",\"inLanguage\":\"en-US\",\"@id\":\"https:\\\/\\\/neos-music.com\\\/product\\\/daniel-osorio-zikkus\\\/#primaryimage\",\"url\":\"https:\\\/\\\/i0.wp.com\\\/neos-music.com\\\/wp-content\\\/uploads\\\/2022\\\/11\\\/NEOS_12121_Osorio.jpeg?fit=1649%2C1483&ssl=1\",\"contentUrl\":\"https:\\\/\\\/i0.wp.com\\\/neos-music.com\\\/wp-content\\\/uploads\\\/2022\\\/11\\\/NEOS_12121_Osorio.jpeg?fit=1649%2C1483&ssl=1\",\"width\":1649,\"height\":1483},{\"@type\":\"BreadcrumbList\",\"@id\":\"https:\\\/\\\/neos-music.com\\\/product\\\/daniel-osorio-zikkus\\\/#breadcrumb\",\"itemListElement\":[{\"@type\":\"ListItem\",\"position\":1,\"name\":\"Startseite\",\"item\":\"https:\\\/\\\/neos-music.com\\\/\"},{\"@type\":\"ListItem\",\"position\":2,\"name\":\"Produkte\",\"item\":\"https:\\\/\\\/neos-music.com\\\/shop__trashed\\\/\"},{\"@type\":\"ListItem\",\"position\":3,\"name\":\"Daniel Osorio: Zikkus\"}]},{\"@type\":\"WebSite\",\"@id\":\"https:\\\/\\\/neos-music.com\\\/#website\",\"url\":\"https:\\\/\\\/neos-music.com\\\/\",\"name\":\"NEOS Music\",\"description\":\"Dein Online Shop f\u00fcr zeitgen\u00f6ssische Musik, Jazz und Classics!\",\"publisher\":{\"@id\":\"https:\\\/\\\/neos-music.com\\\/#organization\"},\"potentialAction\":[{\"@type\":\"SearchAction\",\"target\":{\"@type\":\"EntryPoint\",\"urlTemplate\":\"https:\\\/\\\/neos-music.com\\\/?s={search_term_string}\"},\"query-input\":{\"@type\":\"PropertyValueSpecification\",\"valueRequired\":true,\"valueName\":\"search_term_string\"}}],\"inLanguage\":\"en-US\"},{\"@type\":\"Organization\",\"@id\":\"https:\\\/\\\/neos-music.com\\\/#organization\",\"name\":\"NEOS Music\",\"url\":\"https:\\\/\\\/neos-music.com\\\/\",\"logo\":{\"@type\":\"ImageObject\",\"inLanguage\":\"en-US\",\"@id\":\"https:\\\/\\\/neos-music.com\\\/#\\\/schema\\\/logo\\\/image\\\/\",\"url\":\"https:\\\/\\\/i0.wp.com\\\/neos-music.com\\\/wp-content\\\/uploads\\\/2025\\\/08\\\/NEOS-Logo-weiss.png?fit=800%2C203&ssl=1\",\"contentUrl\":\"https:\\\/\\\/i0.wp.com\\\/neos-music.com\\\/wp-content\\\/uploads\\\/2025\\\/08\\\/NEOS-Logo-weiss.png?fit=800%2C203&ssl=1\",\"width\":800,\"height\":203,\"caption\":\"NEOS Music\"},\"image\":{\"@id\":\"https:\\\/\\\/neos-music.com\\\/#\\\/schema\\\/logo\\\/image\\\/\"}}]}<\/script>\n<!-- \/ Yoast SEO plugin. -->","yoast_head_json":{"title":"Daniel Osorio: Zikkus - NEOS Music","robots":{"index":"index","follow":"follow","max-snippet":"max-snippet:-1","max-image-preview":"max-image-preview:large","max-video-preview":"max-video-preview:-1"},"canonical":"https:\/\/neos-music.com\/en_us\/product\/daniel-osorio-zikkus\/","og_locale":"en_US","og_type":"article","og_title":"Daniel Osorio: Zikkus - NEOS Music","og_description":"Infotext: DANIEL OSORIO: ZIKKUS Die\u00a0Zikkus-Reihe beginnt 2007, w\u00e4hrend des Studiums des Komponisten an der Hochschule f\u00fcr Musik Saar, und spiegelt im R\u00fcckblick seinen k\u00fcnstlerischen Werdegang und sein politisches F\u00fchlen und Denken. Das Kompositionsstudium als selbstgew\u00e4hltes \u00bbExil\u00ab st\u00f6\u00dft bei Daniel Osorio einen l\u00e4ngeren Entwicklungsprozess an, in dem er unter anderem seine europ\u00e4ische Musikausbildung hinterfragt und Verbindungen [&hellip;]","og_url":"https:\/\/neos-music.com\/en_us\/product\/daniel-osorio-zikkus\/","og_site_name":"NEOS Music","article_modified_time":"2023-01-27T18:13:11+00:00","og_image":[{"width":1649,"height":1483,"url":"https:\/\/neos-music.com\/wp-content\/uploads\/2022\/11\/NEOS_12121_Osorio.jpeg","type":"image\/jpeg"}],"twitter_card":"summary_large_image","twitter_misc":{"Est. reading time":"7 minutes"},"schema":{"@context":"https:\/\/schema.org","@graph":[{"@type":"WebPage","@id":"https:\/\/neos-music.com\/product\/daniel-osorio-zikkus\/","url":"https:\/\/neos-music.com\/product\/daniel-osorio-zikkus\/","name":"Daniel Osorio: Zikkus - NEOS Music","isPartOf":{"@id":"https:\/\/neos-music.com\/#website"},"primaryImageOfPage":{"@id":"https:\/\/neos-music.com\/product\/daniel-osorio-zikkus\/#primaryimage"},"image":{"@id":"https:\/\/neos-music.com\/product\/daniel-osorio-zikkus\/#primaryimage"},"thumbnailUrl":"https:\/\/i0.wp.com\/neos-music.com\/wp-content\/uploads\/2022\/11\/NEOS_12121_Osorio.jpeg?fit=1649%2C1483&ssl=1","datePublished":"2021-11-25T18:03:49+00:00","dateModified":"2023-01-27T18:13:11+00:00","breadcrumb":{"@id":"https:\/\/neos-music.com\/product\/daniel-osorio-zikkus\/#breadcrumb"},"inLanguage":"en-US","potentialAction":[{"@type":"ReadAction","target":["https:\/\/neos-music.com\/product\/daniel-osorio-zikkus\/"]}]},{"@type":"ImageObject","inLanguage":"en-US","@id":"https:\/\/neos-music.com\/product\/daniel-osorio-zikkus\/#primaryimage","url":"https:\/\/i0.wp.com\/neos-music.com\/wp-content\/uploads\/2022\/11\/NEOS_12121_Osorio.jpeg?fit=1649%2C1483&ssl=1","contentUrl":"https:\/\/i0.wp.com\/neos-music.com\/wp-content\/uploads\/2022\/11\/NEOS_12121_Osorio.jpeg?fit=1649%2C1483&ssl=1","width":1649,"height":1483},{"@type":"BreadcrumbList","@id":"https:\/\/neos-music.com\/product\/daniel-osorio-zikkus\/#breadcrumb","itemListElement":[{"@type":"ListItem","position":1,"name":"Startseite","item":"https:\/\/neos-music.com\/"},{"@type":"ListItem","position":2,"name":"Produkte","item":"https:\/\/neos-music.com\/shop__trashed\/"},{"@type":"ListItem","position":3,"name":"Daniel Osorio: Zikkus"}]},{"@type":"WebSite","@id":"https:\/\/neos-music.com\/#website","url":"https:\/\/neos-music.com\/","name":"NEOS Music","description":"Dein Online Shop f\u00fcr zeitgen\u00f6ssische Musik, Jazz und Classics!","publisher":{"@id":"https:\/\/neos-music.com\/#organization"},"potentialAction":[{"@type":"SearchAction","target":{"@type":"EntryPoint","urlTemplate":"https:\/\/neos-music.com\/?s={search_term_string}"},"query-input":{"@type":"PropertyValueSpecification","valueRequired":true,"valueName":"search_term_string"}}],"inLanguage":"en-US"},{"@type":"Organization","@id":"https:\/\/neos-music.com\/#organization","name":"NEOS Music","url":"https:\/\/neos-music.com\/","logo":{"@type":"ImageObject","inLanguage":"en-US","@id":"https:\/\/neos-music.com\/#\/schema\/logo\/image\/","url":"https:\/\/i0.wp.com\/neos-music.com\/wp-content\/uploads\/2025\/08\/NEOS-Logo-weiss.png?fit=800%2C203&ssl=1","contentUrl":"https:\/\/i0.wp.com\/neos-music.com\/wp-content\/uploads\/2025\/08\/NEOS-Logo-weiss.png?fit=800%2C203&ssl=1","width":800,"height":203,"caption":"NEOS Music"},"image":{"@id":"https:\/\/neos-music.com\/#\/schema\/logo\/image\/"}}]}},"jetpack_sharing_enabled":true,"_links":{"self":[{"href":"https:\/\/neos-music.com\/en_us\/wp-json\/wp\/v2\/product\/2455","targetHints":{"allow":["GET"]}}],"collection":[{"href":"https:\/\/neos-music.com\/en_us\/wp-json\/wp\/v2\/product"}],"about":[{"href":"https:\/\/neos-music.com\/en_us\/wp-json\/wp\/v2\/types\/product"}],"version-history":[{"count":0,"href":"https:\/\/neos-music.com\/en_us\/wp-json\/wp\/v2\/product\/2455\/revisions"}],"wp:featuredmedia":[{"embeddable":true,"href":"https:\/\/neos-music.com\/en_us\/wp-json\/wp\/v2\/media\/2456"}],"wp:attachment":[{"href":"https:\/\/neos-music.com\/en_us\/wp-json\/wp\/v2\/media?parent=2455"}],"wp:term":[{"taxonomy":"product_brand","embeddable":true,"href":"https:\/\/neos-music.com\/en_us\/wp-json\/wp\/v2\/product_brand?post=2455"},{"taxonomy":"product_cat","embeddable":true,"href":"https:\/\/neos-music.com\/en_us\/wp-json\/wp\/v2\/product_cat?post=2455"},{"taxonomy":"product_tag","embeddable":true,"href":"https:\/\/neos-music.com\/en_us\/wp-json\/wp\/v2\/product_tag?post=2455"}],"curies":[{"name":"wp","href":"https:\/\/api.w.org\/{rel}","templated":true}]}}