{"id":2466,"date":"2021-10-14T18:36:04","date_gmt":"2021-10-14T18:36:04","guid":{"rendered":"https:\/\/neos-music.com\/?post_type=product&#038;p=2466"},"modified":"2023-05-22T19:25:50","modified_gmt":"2023-05-22T19:25:50","slug":"vito-zuraj-alavo","status":"publish","type":"product","link":"https:\/\/neos-music.com\/en_us\/product\/vito-zuraj-alavo\/","title":{"rendered":"Vito \u017duraj: Alav\u00f2"},"content":{"rendered":"<p>Programm:<\/p>\n<div id=\"tracks\">\n<p><b>Vito \u017duraj<\/b>\u00a0(*1979)<\/p>\n<p>[01]\u00a0<b>Der Verwandler<\/b>\u00a0f\u00fcr gemischten Chor und Sinfonieorchester (2018)\u00a0<b>23:30<br \/>\n<\/b>Libretto von Ale\u0161 \u0160teger<\/p>\n<p><a class=\"arcoma_glossarylink\" href=\"https:\/\/neos-music.com\/swr-vokalensemble-stuttgart\/\" target=\"_self\" rel=\"noopener\">SWR Vokalensemble<\/a><br \/>\nMichael Alber, Chorleiter<br \/>\nSWR Symphonieorchester<br \/>\n<a class=\"arcoma_glossarylink\" href=\"https:\/\/neos-music.com\/brad-lubman\/\" target=\"_self\" rel=\"noopener\">Brad Lubman<\/a>, Dirigent<\/p>\n<p>&nbsp;<\/p>\n<p>[02]\u00a0<b>i-Formation<\/b>f\u00fcr zwei Orchester und zwei Dirigenten(2016)\u00a0<b>18:18<\/b><\/p>\n<p><b><\/b>G\u00fcrzenich-Orchester K\u00f6ln<br \/>\nFran\u00e7ois-Xavier Roth, Dirigent<br \/>\n<a class=\"arcoma_glossarylink\" href=\"https:\/\/neos-music.com\/wdr-sinfonieorchester-koeln\/\" target=\"_self\" rel=\"noopener\">WDR Sinfonieorchester<\/a><br \/>\nJukka-Pekka Saraste, Dirigent<br \/>\nThierry Mechler, Orgel<\/p>\n<p>&nbsp;<\/p>\n<p><b>Alav\u00f2<\/b>\u00a0f\u00fcr Sopran, Klavier und Instrumentengruppen (2017)\u00a0<b>32:43<\/b><br \/>\nLibretto von Patrick Hahn<\/p>\n<p>[03]\u00a0<b>1<\/b>\u00a001:43<br \/>\n[04]\u00a0<b>2<\/b>\u00a004:11<br \/>\n[05]\u00a0<b>3<\/b>\u00a003:38<br \/>\n[06]\u00a0<b>4<\/b>\u00a002:38<br \/>\n[07]\u00a0<b>5<\/b>\u00a002:41<br \/>\n[08]\u00a0<b>6<\/b>\u00a002:52<br \/>\n[09]\u00a0<b>7<\/b>\u00a000:53<br \/>\n[10]\u00a0<b>8<\/b>\u00a000:39<br \/>\n[11]\u00a0<b>9<\/b>\u00a002:07<br \/>\n[12]\u00a0<b>10<\/b>\u00a001:42<br \/>\n[13]\u00a0<b>11<\/b>\u00a001:23<br \/>\n[14]\u00a0<b>12<\/b>\u00a001:08<br \/>\n[15]\u00a0<b>13<\/b>\u00a003:21<br \/>\n[16]\u00a0<b>14<\/b>\u00a001:14<br \/>\n[17]\u00a0<b>15<\/b>\u00a002:33<\/p>\n<p>Rinnat Moriah, Sopran<br \/>\nJean-Fr\u00e9d\u00e9ric Neuburger, Klavier<br \/>\nKarajan-Akademie der Berliner Philharmoniker<br \/>\nStanley Dodds, Dirigent<\/p>\n<p>Gesamtspielzeit: 74:47<\/p>\n<p><i><br \/>\nLivemitschnitte der Urauff\u00fchrungen<\/i><\/p>\n<p>Pressestimmen:<\/p>\n<p><img data-recalc-dims=\"1\" decoding=\"async\" src=\"https:\/\/i0.wp.com\/neos-music.com\/wp-content\/uploads\/2023\/05\/logo_FonoForum-300.png?ssl=1\" alt=\"\" \/><br \/>\nJuni 2022<\/p>\n<p><b>Klanggewaltige Psychogramme<\/b><\/p>\n<p>Die Kompositionen von Vito \u017duraj w\u00e4ren bestens dazu geeignet, g\u00e4ngige Vorurteile gegen\u00fcber &#8222;Neuer Musik&#8220; ein f\u00fcr allemal in die W\u00fcste zu schicken, so unmittelbar sinnlich und oft klanggewaltig k\u00f6nnen sie in Erscheinung treten. Der slowenische Komponist ist ein Meister darin, gro\u00dfe Klangaparate in Wallung zu bringen und orchestrale Massenbewegungen dramaturgisch geschickt zu inszenieren. [\u2026]<\/p>\n<p><i>Dirk Wieschollek<\/i><\/p>\n<\/div>\n","protected":false},"excerpt":{"rendered":"<p>Programm: Vito \u017duraj\u00a0(*1979) [01]\u00a0Der Verwandler\u00a0f\u00fcr gemischten Chor und Sinfonieorchester (2018)\u00a023:30 Libretto von Ale\u0161 \u0160teger SWR Vokalensemble Michael Alber, Chorleiter SWR Symphonieorchester Brad Lubman, Dirigent &nbsp; [02]\u00a0i-Formationf\u00fcr zwei Orchester und zwei Dirigenten(2016)\u00a018:18 G\u00fcrzenich-Orchester K\u00f6ln Fran\u00e7ois-Xavier Roth, Dirigent WDR Sinfonieorchester Jukka-Pekka Saraste, Dirigent Thierry Mechler, Orgel &nbsp; Alav\u00f2\u00a0f\u00fcr Sopran, Klavier und Instrumentengruppen (2017)\u00a032:43 Libretto von Patrick Hahn [&hellip;]<\/p>\n","protected":false},"featured_media":2467,"template":"","meta":{"site-sidebar-layout":"default","site-content-layout":"default","ast-site-content-layout":"default","site-content-style":"default","site-sidebar-style":"default","ast-global-header-display":"","ast-banner-title-visibility":"","ast-main-header-display":"","ast-hfb-above-header-display":"","ast-hfb-below-header-display":"","ast-hfb-mobile-header-display":"","site-post-title":"","ast-breadcrumbs-content":"","ast-featured-img":"","footer-sml-layout":"","theme-transparent-header-meta":"default","adv-header-id-meta":"","stick-header-meta":"","header-above-stick-meta":"","header-main-stick-meta":"","header-below-stick-meta":"","astra-migrate-meta-layouts":"default","ast-page-background-enabled":"default","ast-page-background-meta":{"desktop":{"background-color":"","background-image":"","background-repeat":"repeat","background-position":"center center","background-size":"auto","background-attachment":"scroll","background-type":"","background-media":"","overlay-type":"","overlay-color":"","overlay-opacity":"","overlay-gradient":""},"tablet":{"background-color":"","background-image":"","background-repeat":"repeat","background-position":"center center","background-size":"auto","background-attachment":"scroll","background-type":"","background-media":"","overlay-type":"","overlay-color":"","overlay-opacity":"","overlay-gradient":""},"mobile":{"background-color":"","background-image":"","background-repeat":"repeat","background-position":"center center","background-size":"auto","background-attachment":"scroll","background-type":"","background-media":"","overlay-type":"","overlay-color":"","overlay-opacity":"","overlay-gradient":""}},"ast-content-background-meta":{"desktop":{"background-color":"var(--ast-global-color-5)","background-image":"","background-repeat":"repeat","background-position":"center center","background-size":"auto","background-attachment":"scroll","background-type":"","background-media":"","overlay-type":"","overlay-color":"","overlay-opacity":"","overlay-gradient":""},"tablet":{"background-color":"var(--ast-global-color-5)","background-image":"","background-repeat":"repeat","background-position":"center center","background-size":"auto","background-attachment":"scroll","background-type":"","background-media":"","overlay-type":"","overlay-color":"","overlay-opacity":"","overlay-gradient":""},"mobile":{"background-color":"var(--ast-global-color-5)","background-image":"","background-repeat":"repeat","background-position":"center center","background-size":"auto","background-attachment":"scroll","background-type":"","background-media":"","overlay-type":"","overlay-color":"","overlay-opacity":"","overlay-gradient":""}}},"product_brand":[],"product_cat":[26],"product_tag":[],"class_list":{"0":"post-2466","1":"product","2":"type-product","3":"status-publish","4":"has-post-thumbnail","6":"product_cat-zeitgenossische-musik","7":"pa_artikelnummer-neos-12102","8":"pa_brand-neos-music","9":"pa_ean-88","10":"desktop-align-left","11":"tablet-align-left","12":"mobile-align-left","14":"first","15":"instock","16":"taxable","17":"shipping-taxable","18":"purchasable","19":"product-type-simple"},"yoast_head":"<!-- This site is optimized with the Yoast SEO plugin v27.3 - https:\/\/yoast.com\/product\/yoast-seo-wordpress\/ -->\n<title>Vito \u017duraj: Alav\u00f2 - NEOS Music<\/title>\n<meta name=\"robots\" content=\"index, follow, max-snippet:-1, max-image-preview:large, max-video-preview:-1\" \/>\n<link rel=\"canonical\" href=\"https:\/\/neos-music.com\/en_us\/product\/vito-zuraj-alavo\/\" \/>\n<meta property=\"og:locale\" content=\"en_US\" \/>\n<meta property=\"og:type\" content=\"article\" \/>\n<meta property=\"og:title\" content=\"Vito \u017duraj: Alav\u00f2 - NEOS Music\" \/>\n<meta property=\"og:description\" content=\"Programm: Vito \u017duraj\u00a0(*1979) [01]\u00a0Der Verwandler\u00a0f\u00fcr gemischten Chor und Sinfonieorchester (2018)\u00a023:30 Libretto von Ale\u0161 \u0160teger SWR Vokalensemble Michael Alber, Chorleiter SWR Symphonieorchester Brad Lubman, Dirigent &nbsp; [02]\u00a0i-Formationf\u00fcr zwei Orchester und zwei Dirigenten(2016)\u00a018:18 G\u00fcrzenich-Orchester K\u00f6ln Fran\u00e7ois-Xavier Roth, Dirigent WDR Sinfonieorchester Jukka-Pekka Saraste, Dirigent Thierry Mechler, Orgel &nbsp; Alav\u00f2\u00a0f\u00fcr Sopran, Klavier und Instrumentengruppen (2017)\u00a032:43 Libretto von Patrick Hahn [&hellip;]\" \/>\n<meta property=\"og:url\" content=\"https:\/\/neos-music.com\/en_us\/product\/vito-zuraj-alavo\/\" \/>\n<meta property=\"og:site_name\" content=\"NEOS Music\" \/>\n<meta property=\"article:modified_time\" content=\"2023-05-22T19:25:50+00:00\" \/>\n<meta property=\"og:image\" content=\"https:\/\/neos-music.com\/wp-content\/uploads\/2022\/11\/NEOS_12102_Zuraj.jpeg\" \/>\n\t<meta property=\"og:image:width\" content=\"1648\" \/>\n\t<meta property=\"og:image:height\" content=\"1483\" \/>\n\t<meta property=\"og:image:type\" content=\"image\/jpeg\" \/>\n<meta name=\"twitter:card\" content=\"summary_large_image\" \/>\n<meta name=\"twitter:label1\" content=\"Est. reading time\" \/>\n\t<meta name=\"twitter:data1\" content=\"2 minutes\" \/>\n<script type=\"application\/ld+json\" class=\"yoast-schema-graph\">{\"@context\":\"https:\\\/\\\/schema.org\",\"@graph\":[{\"@type\":\"WebPage\",\"@id\":\"https:\\\/\\\/neos-music.com\\\/product\\\/vito-zuraj-alavo\\\/\",\"url\":\"https:\\\/\\\/neos-music.com\\\/product\\\/vito-zuraj-alavo\\\/\",\"name\":\"Vito \u017duraj: Alav\u00f2 - NEOS Music\",\"isPartOf\":{\"@id\":\"https:\\\/\\\/neos-music.com\\\/#website\"},\"primaryImageOfPage\":{\"@id\":\"https:\\\/\\\/neos-music.com\\\/product\\\/vito-zuraj-alavo\\\/#primaryimage\"},\"image\":{\"@id\":\"https:\\\/\\\/neos-music.com\\\/product\\\/vito-zuraj-alavo\\\/#primaryimage\"},\"thumbnailUrl\":\"https:\\\/\\\/i0.wp.com\\\/neos-music.com\\\/wp-content\\\/uploads\\\/2022\\\/11\\\/NEOS_12102_Zuraj.jpeg?fit=1648%2C1483&ssl=1\",\"datePublished\":\"2021-10-14T18:36:04+00:00\",\"dateModified\":\"2023-05-22T19:25:50+00:00\",\"breadcrumb\":{\"@id\":\"https:\\\/\\\/neos-music.com\\\/product\\\/vito-zuraj-alavo\\\/#breadcrumb\"},\"inLanguage\":\"en-US\",\"potentialAction\":[{\"@type\":\"ReadAction\",\"target\":[\"https:\\\/\\\/neos-music.com\\\/product\\\/vito-zuraj-alavo\\\/\"]}]},{\"@type\":\"ImageObject\",\"inLanguage\":\"en-US\",\"@id\":\"https:\\\/\\\/neos-music.com\\\/product\\\/vito-zuraj-alavo\\\/#primaryimage\",\"url\":\"https:\\\/\\\/i0.wp.com\\\/neos-music.com\\\/wp-content\\\/uploads\\\/2022\\\/11\\\/NEOS_12102_Zuraj.jpeg?fit=1648%2C1483&ssl=1\",\"contentUrl\":\"https:\\\/\\\/i0.wp.com\\\/neos-music.com\\\/wp-content\\\/uploads\\\/2022\\\/11\\\/NEOS_12102_Zuraj.jpeg?fit=1648%2C1483&ssl=1\",\"width\":1648,\"height\":1483},{\"@type\":\"BreadcrumbList\",\"@id\":\"https:\\\/\\\/neos-music.com\\\/product\\\/vito-zuraj-alavo\\\/#breadcrumb\",\"itemListElement\":[{\"@type\":\"ListItem\",\"position\":1,\"name\":\"Startseite\",\"item\":\"https:\\\/\\\/neos-music.com\\\/\"},{\"@type\":\"ListItem\",\"position\":2,\"name\":\"Produkte\",\"item\":\"https:\\\/\\\/neos-music.com\\\/shop__trashed\\\/\"},{\"@type\":\"ListItem\",\"position\":3,\"name\":\"Vito \u017duraj: Alav\u00f2\"}]},{\"@type\":\"WebSite\",\"@id\":\"https:\\\/\\\/neos-music.com\\\/#website\",\"url\":\"https:\\\/\\\/neos-music.com\\\/\",\"name\":\"NEOS Music\",\"description\":\"Dein Online Shop f\u00fcr zeitgen\u00f6ssische Musik, Jazz und Classics!\",\"publisher\":{\"@id\":\"https:\\\/\\\/neos-music.com\\\/#organization\"},\"potentialAction\":[{\"@type\":\"SearchAction\",\"target\":{\"@type\":\"EntryPoint\",\"urlTemplate\":\"https:\\\/\\\/neos-music.com\\\/?s={search_term_string}\"},\"query-input\":{\"@type\":\"PropertyValueSpecification\",\"valueRequired\":true,\"valueName\":\"search_term_string\"}}],\"inLanguage\":\"en-US\"},{\"@type\":\"Organization\",\"@id\":\"https:\\\/\\\/neos-music.com\\\/#organization\",\"name\":\"NEOS Music\",\"url\":\"https:\\\/\\\/neos-music.com\\\/\",\"logo\":{\"@type\":\"ImageObject\",\"inLanguage\":\"en-US\",\"@id\":\"https:\\\/\\\/neos-music.com\\\/#\\\/schema\\\/logo\\\/image\\\/\",\"url\":\"https:\\\/\\\/i0.wp.com\\\/neos-music.com\\\/wp-content\\\/uploads\\\/2025\\\/08\\\/NEOS-Logo-weiss.png?fit=800%2C203&ssl=1\",\"contentUrl\":\"https:\\\/\\\/i0.wp.com\\\/neos-music.com\\\/wp-content\\\/uploads\\\/2025\\\/08\\\/NEOS-Logo-weiss.png?fit=800%2C203&ssl=1\",\"width\":800,\"height\":203,\"caption\":\"NEOS Music\"},\"image\":{\"@id\":\"https:\\\/\\\/neos-music.com\\\/#\\\/schema\\\/logo\\\/image\\\/\"}}]}<\/script>\n<!-- \/ Yoast SEO plugin. -->","yoast_head_json":{"title":"Vito \u017duraj: Alav\u00f2 - NEOS Music","robots":{"index":"index","follow":"follow","max-snippet":"max-snippet:-1","max-image-preview":"max-image-preview:large","max-video-preview":"max-video-preview:-1"},"canonical":"https:\/\/neos-music.com\/en_us\/product\/vito-zuraj-alavo\/","og_locale":"en_US","og_type":"article","og_title":"Vito \u017duraj: Alav\u00f2 - NEOS Music","og_description":"Programm: Vito \u017duraj\u00a0(*1979) [01]\u00a0Der Verwandler\u00a0f\u00fcr gemischten Chor und Sinfonieorchester (2018)\u00a023:30 Libretto von Ale\u0161 \u0160teger SWR Vokalensemble Michael Alber, Chorleiter SWR Symphonieorchester Brad Lubman, Dirigent &nbsp; [02]\u00a0i-Formationf\u00fcr zwei Orchester und zwei Dirigenten(2016)\u00a018:18 G\u00fcrzenich-Orchester K\u00f6ln Fran\u00e7ois-Xavier Roth, Dirigent WDR Sinfonieorchester Jukka-Pekka Saraste, Dirigent Thierry Mechler, Orgel &nbsp; Alav\u00f2\u00a0f\u00fcr Sopran, Klavier und Instrumentengruppen (2017)\u00a032:43 Libretto von Patrick Hahn [&hellip;]","og_url":"https:\/\/neos-music.com\/en_us\/product\/vito-zuraj-alavo\/","og_site_name":"NEOS Music","article_modified_time":"2023-05-22T19:25:50+00:00","og_image":[{"width":1648,"height":1483,"url":"https:\/\/neos-music.com\/wp-content\/uploads\/2022\/11\/NEOS_12102_Zuraj.jpeg","type":"image\/jpeg"}],"twitter_card":"summary_large_image","twitter_misc":{"Est. reading time":"2 minutes"},"schema":{"@context":"https:\/\/schema.org","@graph":[{"@type":"WebPage","@id":"https:\/\/neos-music.com\/product\/vito-zuraj-alavo\/","url":"https:\/\/neos-music.com\/product\/vito-zuraj-alavo\/","name":"Vito \u017duraj: Alav\u00f2 - NEOS Music","isPartOf":{"@id":"https:\/\/neos-music.com\/#website"},"primaryImageOfPage":{"@id":"https:\/\/neos-music.com\/product\/vito-zuraj-alavo\/#primaryimage"},"image":{"@id":"https:\/\/neos-music.com\/product\/vito-zuraj-alavo\/#primaryimage"},"thumbnailUrl":"https:\/\/i0.wp.com\/neos-music.com\/wp-content\/uploads\/2022\/11\/NEOS_12102_Zuraj.jpeg?fit=1648%2C1483&ssl=1","datePublished":"2021-10-14T18:36:04+00:00","dateModified":"2023-05-22T19:25:50+00:00","breadcrumb":{"@id":"https:\/\/neos-music.com\/product\/vito-zuraj-alavo\/#breadcrumb"},"inLanguage":"en-US","potentialAction":[{"@type":"ReadAction","target":["https:\/\/neos-music.com\/product\/vito-zuraj-alavo\/"]}]},{"@type":"ImageObject","inLanguage":"en-US","@id":"https:\/\/neos-music.com\/product\/vito-zuraj-alavo\/#primaryimage","url":"https:\/\/i0.wp.com\/neos-music.com\/wp-content\/uploads\/2022\/11\/NEOS_12102_Zuraj.jpeg?fit=1648%2C1483&ssl=1","contentUrl":"https:\/\/i0.wp.com\/neos-music.com\/wp-content\/uploads\/2022\/11\/NEOS_12102_Zuraj.jpeg?fit=1648%2C1483&ssl=1","width":1648,"height":1483},{"@type":"BreadcrumbList","@id":"https:\/\/neos-music.com\/product\/vito-zuraj-alavo\/#breadcrumb","itemListElement":[{"@type":"ListItem","position":1,"name":"Startseite","item":"https:\/\/neos-music.com\/"},{"@type":"ListItem","position":2,"name":"Produkte","item":"https:\/\/neos-music.com\/shop__trashed\/"},{"@type":"ListItem","position":3,"name":"Vito \u017duraj: Alav\u00f2"}]},{"@type":"WebSite","@id":"https:\/\/neos-music.com\/#website","url":"https:\/\/neos-music.com\/","name":"NEOS Music","description":"Dein Online Shop f\u00fcr zeitgen\u00f6ssische Musik, Jazz und Classics!","publisher":{"@id":"https:\/\/neos-music.com\/#organization"},"potentialAction":[{"@type":"SearchAction","target":{"@type":"EntryPoint","urlTemplate":"https:\/\/neos-music.com\/?s={search_term_string}"},"query-input":{"@type":"PropertyValueSpecification","valueRequired":true,"valueName":"search_term_string"}}],"inLanguage":"en-US"},{"@type":"Organization","@id":"https:\/\/neos-music.com\/#organization","name":"NEOS Music","url":"https:\/\/neos-music.com\/","logo":{"@type":"ImageObject","inLanguage":"en-US","@id":"https:\/\/neos-music.com\/#\/schema\/logo\/image\/","url":"https:\/\/i0.wp.com\/neos-music.com\/wp-content\/uploads\/2025\/08\/NEOS-Logo-weiss.png?fit=800%2C203&ssl=1","contentUrl":"https:\/\/i0.wp.com\/neos-music.com\/wp-content\/uploads\/2025\/08\/NEOS-Logo-weiss.png?fit=800%2C203&ssl=1","width":800,"height":203,"caption":"NEOS Music"},"image":{"@id":"https:\/\/neos-music.com\/#\/schema\/logo\/image\/"}}]}},"jetpack_sharing_enabled":true,"_links":{"self":[{"href":"https:\/\/neos-music.com\/en_us\/wp-json\/wp\/v2\/product\/2466","targetHints":{"allow":["GET"]}}],"collection":[{"href":"https:\/\/neos-music.com\/en_us\/wp-json\/wp\/v2\/product"}],"about":[{"href":"https:\/\/neos-music.com\/en_us\/wp-json\/wp\/v2\/types\/product"}],"version-history":[{"count":0,"href":"https:\/\/neos-music.com\/en_us\/wp-json\/wp\/v2\/product\/2466\/revisions"}],"wp:featuredmedia":[{"embeddable":true,"href":"https:\/\/neos-music.com\/en_us\/wp-json\/wp\/v2\/media\/2467"}],"wp:attachment":[{"href":"https:\/\/neos-music.com\/en_us\/wp-json\/wp\/v2\/media?parent=2466"}],"wp:term":[{"taxonomy":"product_brand","embeddable":true,"href":"https:\/\/neos-music.com\/en_us\/wp-json\/wp\/v2\/product_brand?post=2466"},{"taxonomy":"product_cat","embeddable":true,"href":"https:\/\/neos-music.com\/en_us\/wp-json\/wp\/v2\/product_cat?post=2466"},{"taxonomy":"product_tag","embeddable":true,"href":"https:\/\/neos-music.com\/en_us\/wp-json\/wp\/v2\/product_tag?post=2466"}],"curies":[{"name":"wp","href":"https:\/\/api.w.org\/{rel}","templated":true}]}}