{"id":2485,"date":"2021-04-23T19:53:51","date_gmt":"2021-04-23T19:53:51","guid":{"rendered":"https:\/\/neos-music.com\/?post_type=product&#038;p=2485"},"modified":"2023-05-25T09:39:29","modified_gmt":"2023-05-25T09:39:29","slug":"moritz-eggert-die-tiefe-des-raumes-ein-fussballoratorium","status":"publish","type":"product","link":"https:\/\/neos-music.com\/en_us\/product\/moritz-eggert-die-tiefe-des-raumes-ein-fussballoratorium\/","title":{"rendered":"Moritz Eggert: Die Tiefe des Raumes. Ein Fu\u00dfballoratorium"},"content":{"rendered":"<p>Infotext:<\/p>\n<p><b>DIE TIEFE DES RAUMES. EIN FUSSBALLORATORIUM<\/b><\/p>\n<p>Moritz Eggert hatte nicht viel mit Sport zu tun, bis Ende 2004 die Anfrage kam, ob er ein Fu\u00dfballoratorium f\u00fcr die Ruhrtriennale 2005 komponieren wolle. Die Komposition schuf er in nur f\u00fcnf Monaten von Anfang M\u00e4rz bis Ende Juli. Nach der Urauff\u00fchrung in der Jahrhunderthalle Bochum war das St\u00fcck zudem Teil des Kulturprogramms der Weltmeisterschaft 2006 mit zwei Auff\u00fchrungen an der Komischen Oper Berlin. Neben dem Fu\u00dfballoratorium entstanden weitere Fu\u00dfballst\u00fccke wie\u00a0<i>Ballack, du geile Schnitte<\/i>\u00a0(2007) oder\u00a0<i>Am Ball \u2013 Ein Fu\u00dfballett<\/i>\u00a0f\u00fcr den Wiener Opernball 2008, das damals beim konservativen Publikum f\u00fcr Aufsehen sorgte. Eggert wurde von heute auf morgen sozusagen der \u00bbFu\u00dfballkomponist\u00ab und ist heute einer der bekanntesten und, wie er selbst sagt, \u00bbabenteuerlustigsten\u00ab zeitgen\u00f6ssischen Komponisten.<\/p>\n<p>Sein Lieblings-Fu\u00dfballst\u00fcck blieb jedoch\u00a0<i>Die Tiefe des Raumes<\/i>. Darin wird traditionell im Sinne eines Oratoriums die Geschichte \u00fcber den Leidensweg eines Kickers erz\u00e4hlt, der es zum Fu\u00dfballgott schafft: \u00bb<i>Die Tiefe des Raumes<\/i>\u00a0ist eine Art Passionsspiel\u00ab, so Moritz Eggert, \u00bbin dessen Mittelpunkt eben nicht die Jesusfigur steht, sondern ein Fu\u00dfballspieler und dessen Weg hin zum entscheidenden WM-Treffer. Aber wie im barocken Passionsspiel wird auch der von allegorischen Figuren wie der Tugend und dem Laster begleitet. Die Rolle des Evangelisten des klassischen Oratoriums \u00fcbernimmt der Journalist. Drei Sprechrollen wiederum erg\u00e4nzen die Sache: ein \u00e4lterer Spieler, der schon einige Weltmeisterschaften mitgemacht hat, ein Trainer und ein Sportreporter.\u00ab<\/p>\n<p>Das St\u00fcck besteht aus zwei 45-Minuten-Halbzeiten mit Vorbericht und Nachspielzeit, und es werden Musik und Stadionatmosph\u00e4re klanglich verkn\u00fcpft. \u00bbNat\u00fcrlich ist so ein Thema wie Fu\u00dfball eine gro\u00dfe Chance f\u00fcr einen Komponisten, ein Publikum zu erreichen, das man sonst f\u00fcr Neue Musik nicht unbedingt h\u00e4tte. Angesichts des Elfenbeinturmph\u00e4nomens finde ich es auch f\u00fcr das Musiktheater durchaus lohnenswert, mit Stoffen umzugehen, die au\u00dferhalb des Paul-Celan- und Walter-Benjamin-Kreises liegen. Mit\u00a0<i>Die Tiefe des Raumes<\/i>\u00a0habe ich versucht, ein St\u00fcck zu schreiben, in dem sich Leute, die nicht unbedingt Kenner der Neuen Musik sind, sich aber f\u00fcr Fu\u00dfball interessieren, trotzdem in irgendeiner Form wiederfinden k\u00f6nnen. Diesem Publikum einen Zugang zu erm\u00f6glichen, war mein Anliegen.\u00ab<\/p>\n<p>Inken Meents \/ Moritz Eggert<\/p>\n<p>Programm:<\/p>\n<p><b><a class=\"arcoma_glossarylink\" href=\"https:\/\/neos-music.com\/moritz-eggert\/\" target=\"_self\" rel=\"noopener\">Moritz Eggert<\/a><\/b>\u00a0(*1965)<\/p>\n<p><b>Die Tiefe des Raumes. Ein Fu\u00dfballoratorium<br \/>\n<\/b>f\u00fcr gro\u00dfes Orchester, vier Solisten, gemischten Chor und drei Sprecher<br \/>\nLibretto vonMichael Klaus (1952\u20132008)<br \/>\n<i>Ersteinspielung \u00b7 Live<\/i><\/p>\n<p>CD 1<br \/>\n54:03<\/p>\n<p><b>ERSTER TEIL \u00b7 Erste Halbzeit<\/b><\/p>\n<p>[01]\u00a0<b>1. In den Katakomben: Die Kampfh\u00e4hne scharren<\/b>\u00a003:09<br \/>\n[02]\u00a0<b>2. Deutschland bebt schon vor dem Anpfiff<\/b>\u00a004:30<br \/>\n[03]\u00a0<b>3. Jetzt geht\u2019s lo-os! Jetzt geht\u2019s lo-os!<\/b>\u00a002:21<br \/>\n[04]<b>\u00a04. Ein Rundfunkreporter verliebt sich in sich selbst und gr\u00e4bt vor Lust einen toten Klassiker aus<\/b>\u00a003:23<br \/>\n[05]\u00a0<b>5. Doch die Wirklichkeit ist anders: lahme Kampfh\u00e4hne \/ ein schei\u00df Spiel<\/b>\u00a003:57<br \/>\n[06]\u00a0<b>6. \u00bbUns Uwe\u00ab sagt was \u2026<\/b>\u00a000:29<br \/>\n[07]<b>\u00a07. Und die Tugend hakt sofort ein, wird ganz feierlich und sogar religi\u00f6s, wenn sie an die von \u00bbUns Uwe\u00ab eingel\u00e4utete Erinnerung an Vergangenes denkt. Dem Laster kann verkl\u00e4rte Vergangenheit nat\u00fcrlich nichts anhaben!<\/b>\u00a006:56<br \/>\n[08]\u00a0<b>8. Zum Heulen: Null zu Eins<\/b>\u00a002:55<br \/>\n[09]\u00a0<b>9. Du blinde Pfeife, du!<\/b>\u00a001:29<br \/>\n[10]\u00a0<b>10. Das war ganz klar Abseits!<\/b>\u00a004:17<br \/>\n[11]\u00a0<b>11. Nach dem Streit: Besinnung auf das Wesentliche. Hymne an den Ball<\/b>\u00a008:10<br \/>\n[12]\u00a0<b>12. Fr\u00fcher! Tief im Osten \u2026<\/b>\u00a002:54<br \/>\n[13]\u00a0<b>13. Eure schlabbrigen Erinnerungen an alte Zeiten geb\u00e4ren doch nur \u00bbZitterf\u00fc\u00dfchen!\u00ab<\/b>\u00a002:32<br \/>\n[14]\u00a0<b>14. Die Blechdose<\/b>\u00a002:46<br \/>\n[15]\u00a0<b>15. \u00bbSeht! Seht! Welch ein Wunder! Wie? Ein Schwan?\u00ab Eins zu Eins, Ausgleich<\/b>\u00a003:05<br \/>\n[16]\u00a0<b>16. Has\u2019 keine Uhr dabei?! Pfeif endlich Halbzeit!<\/b>\u00a001:00<\/p>\n<p>&nbsp;<\/p>\n<p>CD 2<br \/>\n61:08<\/p>\n<p><b>ZWEITER TEIL \u00b7 Zweite Halbzeit und Nachspielzeit<\/b><\/p>\n<p>[01]<b>\u00a01. Ein neuer Zidane ein neuer Figo besser als Beckham, dass man den Anpfiff zur zweiten Halbzeit fast nicht mitkriegt<\/b>\u00a005:18<br \/>\n[02]\u00a0<b>2. Der neue Zidanefigobesseralsbeckham verschie\u00dft einen Elfer \u2013 im Gegenzug erzielt der Gegner das 1:2<\/b>\u00a003:56<br \/>\n[03]\u00a0<b>3. Orgie der Beleidigungen ODER Lohengrin samt Schwan und Kahn ab in die Tonne! ODER Wo kommt der Kerl eigentlich her?<\/b>\u00a002:59<br \/>\n[04]\u00a0<b>4. Der denkt doch jetzt schon nur noch ans Geld!<\/b>\u00a006:51<br \/>\n[05]<b>\u00a05. Ein 17-J\u00e4hriger sucht Schutz unter dem Fl\u00fcgel des Lasters<\/b>\u00a003:28<br \/>\n[06]\u00a0<b>6. Der denkt doch jetzt schon nur noch an Weiber!<\/b>\u00a004:01<br \/>\n[07]\u00a0<b>7. Pier Paolo Pasolini erz\u00e4hlt eine merkw\u00fcrdige Geschichte<\/b>\u00a005:00<br \/>\n[08]<b>\u00a08. Chor der schwangeren Frauen wird zur Raison gebracht durch Chor der leidenden M\u00e4nner<\/b>\u00a003:16<br \/>\n[09]<b>\u00a09. Aria (Trappatonis Verkl\u00e4rung)<\/b>\u00a003:06<br \/>\n[10]<b>\u00a010. Der Schei\u00dfkerlgottessohnbesseralsalle erzielt den Ausgleich 2:2<\/b>\u00a004:48<br \/>\n[11]<b>\u00a011. Wer ist die wahre Mutter \u2013 Tugend oder Laster?<\/b>\u00a006:43<br \/>\n[12]\u00a0<b>12. Finale<\/b>\u00a011:34<\/p>\n<p>Ania Vegry, Tugend (Sopran)<br \/>\nRuth-Maria Nicolay, Laster (Mezzosopran)<br \/>\nSimon Bode, Spieler (Tenor)<br \/>\nHans Christoph Begemann, Journalist (Bariton)<br \/>\nPeter Geisberg, Alt-Internationaler (Sprecher)<br \/>\nDaniel Herzog, Reporter (Sprecher)<br \/>\nWowo Habdank, Trainer (Sprecher)<\/p>\n<p>Chor und Orchester der Musikakademie der Studienstiftung des deutschen Volkes<br \/>\nChristian Jeub, Chorleiter<br \/>\n<a class=\"arcoma_glossarylink\" href=\"https:\/\/neos-music.com\/moritz-eggert\/\" target=\"_self\" rel=\"noopener\">Moritz Eggert<\/a>, Dirigent<\/p>\n","protected":false},"excerpt":{"rendered":"<p>Infotext: DIE TIEFE DES RAUMES. EIN FUSSBALLORATORIUM Moritz Eggert hatte nicht viel mit Sport zu tun, bis Ende 2004 die Anfrage kam, ob er ein Fu\u00dfballoratorium f\u00fcr die Ruhrtriennale 2005 komponieren wolle. Die Komposition schuf er in nur f\u00fcnf Monaten von Anfang M\u00e4rz bis Ende Juli. Nach der Urauff\u00fchrung in der Jahrhunderthalle Bochum war das [&hellip;]<\/p>\n","protected":false},"featured_media":2486,"template":"","meta":{"site-sidebar-layout":"default","site-content-layout":"default","ast-site-content-layout":"default","site-content-style":"default","site-sidebar-style":"default","ast-global-header-display":"","ast-banner-title-visibility":"","ast-main-header-display":"","ast-hfb-above-header-display":"","ast-hfb-below-header-display":"","ast-hfb-mobile-header-display":"","site-post-title":"","ast-breadcrumbs-content":"","ast-featured-img":"","footer-sml-layout":"","theme-transparent-header-meta":"default","adv-header-id-meta":"","stick-header-meta":"","header-above-stick-meta":"","header-main-stick-meta":"","header-below-stick-meta":"","astra-migrate-meta-layouts":"default","ast-page-background-enabled":"default","ast-page-background-meta":{"desktop":{"background-color":"","background-image":"","background-repeat":"repeat","background-position":"center center","background-size":"auto","background-attachment":"scroll","background-type":"","background-media":"","overlay-type":"","overlay-color":"","overlay-opacity":"","overlay-gradient":""},"tablet":{"background-color":"","background-image":"","background-repeat":"repeat","background-position":"center center","background-size":"auto","background-attachment":"scroll","background-type":"","background-media":"","overlay-type":"","overlay-color":"","overlay-opacity":"","overlay-gradient":""},"mobile":{"background-color":"","background-image":"","background-repeat":"repeat","background-position":"center center","background-size":"auto","background-attachment":"scroll","background-type":"","background-media":"","overlay-type":"","overlay-color":"","overlay-opacity":"","overlay-gradient":""}},"ast-content-background-meta":{"desktop":{"background-color":"var(--ast-global-color-5)","background-image":"","background-repeat":"repeat","background-position":"center center","background-size":"auto","background-attachment":"scroll","background-type":"","background-media":"","overlay-type":"","overlay-color":"","overlay-opacity":"","overlay-gradient":""},"tablet":{"background-color":"var(--ast-global-color-5)","background-image":"","background-repeat":"repeat","background-position":"center center","background-size":"auto","background-attachment":"scroll","background-type":"","background-media":"","overlay-type":"","overlay-color":"","overlay-opacity":"","overlay-gradient":""},"mobile":{"background-color":"var(--ast-global-color-5)","background-image":"","background-repeat":"repeat","background-position":"center center","background-size":"auto","background-attachment":"scroll","background-type":"","background-media":"","overlay-type":"","overlay-color":"","overlay-opacity":"","overlay-gradient":""}}},"product_brand":[],"product_cat":[892,26],"product_tag":[],"class_list":{"0":"post-2485","1":"product","2":"type-product","3":"status-publish","4":"has-post-thumbnail","6":"product_cat-musiktheater","7":"product_cat-zeitgenossische-musik","8":"pa_artikelnummer-neos-12009-10","9":"pa_brand-neos-music","10":"pa_ean-106","11":"desktop-align-left","12":"tablet-align-left","13":"mobile-align-left","15":"first","16":"instock","17":"taxable","18":"shipping-taxable","19":"purchasable","20":"product-type-simple"},"yoast_head":"<!-- This site is optimized with the Yoast SEO plugin v27.5 - https:\/\/yoast.com\/product\/yoast-seo-wordpress\/ -->\n<title>Moritz Eggert: Die Tiefe des Raumes. Ein Fu\u00dfballoratorium - NEOS Music<\/title>\n<meta name=\"robots\" content=\"index, follow, max-snippet:-1, max-image-preview:large, max-video-preview:-1\" \/>\n<link rel=\"canonical\" href=\"https:\/\/neos-music.com\/en_us\/product\/moritz-eggert-die-tiefe-des-raumes-ein-fussballoratorium\/\" \/>\n<meta property=\"og:locale\" content=\"en_US\" \/>\n<meta property=\"og:type\" content=\"article\" \/>\n<meta property=\"og:title\" content=\"Moritz Eggert: Die Tiefe des Raumes. Ein Fu\u00dfballoratorium - NEOS Music\" \/>\n<meta property=\"og:description\" content=\"Infotext: DIE TIEFE DES RAUMES. EIN FUSSBALLORATORIUM Moritz Eggert hatte nicht viel mit Sport zu tun, bis Ende 2004 die Anfrage kam, ob er ein Fu\u00dfballoratorium f\u00fcr die Ruhrtriennale 2005 komponieren wolle. Die Komposition schuf er in nur f\u00fcnf Monaten von Anfang M\u00e4rz bis Ende Juli. Nach der Urauff\u00fchrung in der Jahrhunderthalle Bochum war das [&hellip;]\" \/>\n<meta property=\"og:url\" content=\"https:\/\/neos-music.com\/en_us\/product\/moritz-eggert-die-tiefe-des-raumes-ein-fussballoratorium\/\" \/>\n<meta property=\"og:site_name\" content=\"NEOS Music\" \/>\n<meta property=\"article:modified_time\" content=\"2023-05-25T09:39:29+00:00\" \/>\n<meta property=\"og:image\" content=\"https:\/\/neos-music.com\/wp-content\/uploads\/2022\/11\/NEOS_12009-10_Eggert.jpeg\" \/>\n\t<meta property=\"og:image:width\" content=\"1648\" \/>\n\t<meta property=\"og:image:height\" content=\"1476\" \/>\n\t<meta property=\"og:image:type\" content=\"image\/jpeg\" \/>\n<meta name=\"twitter:card\" content=\"summary_large_image\" \/>\n<meta name=\"twitter:label1\" content=\"Est. reading time\" \/>\n\t<meta name=\"twitter:data1\" content=\"5 minutes\" \/>\n<script type=\"application\/ld+json\" class=\"yoast-schema-graph\">{\"@context\":\"https:\\\/\\\/schema.org\",\"@graph\":[{\"@type\":\"WebPage\",\"@id\":\"https:\\\/\\\/neos-music.com\\\/product\\\/moritz-eggert-die-tiefe-des-raumes-ein-fussballoratorium\\\/\",\"url\":\"https:\\\/\\\/neos-music.com\\\/product\\\/moritz-eggert-die-tiefe-des-raumes-ein-fussballoratorium\\\/\",\"name\":\"Moritz Eggert: Die Tiefe des Raumes. Ein Fu\u00dfballoratorium - NEOS Music\",\"isPartOf\":{\"@id\":\"https:\\\/\\\/neos-music.com\\\/#website\"},\"primaryImageOfPage\":{\"@id\":\"https:\\\/\\\/neos-music.com\\\/product\\\/moritz-eggert-die-tiefe-des-raumes-ein-fussballoratorium\\\/#primaryimage\"},\"image\":{\"@id\":\"https:\\\/\\\/neos-music.com\\\/product\\\/moritz-eggert-die-tiefe-des-raumes-ein-fussballoratorium\\\/#primaryimage\"},\"thumbnailUrl\":\"https:\\\/\\\/i0.wp.com\\\/neos-music.com\\\/wp-content\\\/uploads\\\/2022\\\/11\\\/NEOS_12009-10_Eggert.jpeg?fit=1648%2C1476&ssl=1\",\"datePublished\":\"2021-04-23T19:53:51+00:00\",\"dateModified\":\"2023-05-25T09:39:29+00:00\",\"breadcrumb\":{\"@id\":\"https:\\\/\\\/neos-music.com\\\/product\\\/moritz-eggert-die-tiefe-des-raumes-ein-fussballoratorium\\\/#breadcrumb\"},\"inLanguage\":\"en-US\",\"potentialAction\":[{\"@type\":\"ReadAction\",\"target\":[\"https:\\\/\\\/neos-music.com\\\/product\\\/moritz-eggert-die-tiefe-des-raumes-ein-fussballoratorium\\\/\"]}]},{\"@type\":\"ImageObject\",\"inLanguage\":\"en-US\",\"@id\":\"https:\\\/\\\/neos-music.com\\\/product\\\/moritz-eggert-die-tiefe-des-raumes-ein-fussballoratorium\\\/#primaryimage\",\"url\":\"https:\\\/\\\/i0.wp.com\\\/neos-music.com\\\/wp-content\\\/uploads\\\/2022\\\/11\\\/NEOS_12009-10_Eggert.jpeg?fit=1648%2C1476&ssl=1\",\"contentUrl\":\"https:\\\/\\\/i0.wp.com\\\/neos-music.com\\\/wp-content\\\/uploads\\\/2022\\\/11\\\/NEOS_12009-10_Eggert.jpeg?fit=1648%2C1476&ssl=1\",\"width\":1648,\"height\":1476},{\"@type\":\"BreadcrumbList\",\"@id\":\"https:\\\/\\\/neos-music.com\\\/product\\\/moritz-eggert-die-tiefe-des-raumes-ein-fussballoratorium\\\/#breadcrumb\",\"itemListElement\":[{\"@type\":\"ListItem\",\"position\":1,\"name\":\"Startseite\",\"item\":\"https:\\\/\\\/neos-music.com\\\/\"},{\"@type\":\"ListItem\",\"position\":2,\"name\":\"Produkte\",\"item\":\"https:\\\/\\\/neos-music.com\\\/shop__trashed\\\/\"},{\"@type\":\"ListItem\",\"position\":3,\"name\":\"Moritz Eggert: Die Tiefe des Raumes. Ein Fu\u00dfballoratorium\"}]},{\"@type\":\"WebSite\",\"@id\":\"https:\\\/\\\/neos-music.com\\\/#website\",\"url\":\"https:\\\/\\\/neos-music.com\\\/\",\"name\":\"NEOS Music\",\"description\":\"Dein Online Shop f\u00fcr zeitgen\u00f6ssische Musik, Jazz und Classics!\",\"publisher\":{\"@id\":\"https:\\\/\\\/neos-music.com\\\/#organization\"},\"potentialAction\":[{\"@type\":\"SearchAction\",\"target\":{\"@type\":\"EntryPoint\",\"urlTemplate\":\"https:\\\/\\\/neos-music.com\\\/?s={search_term_string}\"},\"query-input\":{\"@type\":\"PropertyValueSpecification\",\"valueRequired\":true,\"valueName\":\"search_term_string\"}}],\"inLanguage\":\"en-US\"},{\"@type\":\"Organization\",\"@id\":\"https:\\\/\\\/neos-music.com\\\/#organization\",\"name\":\"NEOS Music\",\"url\":\"https:\\\/\\\/neos-music.com\\\/\",\"logo\":{\"@type\":\"ImageObject\",\"inLanguage\":\"en-US\",\"@id\":\"https:\\\/\\\/neos-music.com\\\/#\\\/schema\\\/logo\\\/image\\\/\",\"url\":\"https:\\\/\\\/i0.wp.com\\\/neos-music.com\\\/wp-content\\\/uploads\\\/2025\\\/08\\\/NEOS-Logo-weiss.png?fit=800%2C203&ssl=1\",\"contentUrl\":\"https:\\\/\\\/i0.wp.com\\\/neos-music.com\\\/wp-content\\\/uploads\\\/2025\\\/08\\\/NEOS-Logo-weiss.png?fit=800%2C203&ssl=1\",\"width\":800,\"height\":203,\"caption\":\"NEOS Music\"},\"image\":{\"@id\":\"https:\\\/\\\/neos-music.com\\\/#\\\/schema\\\/logo\\\/image\\\/\"}}]}<\/script>\n<!-- \/ Yoast SEO plugin. -->","yoast_head_json":{"title":"Moritz Eggert: Die Tiefe des Raumes. Ein Fu\u00dfballoratorium - NEOS Music","robots":{"index":"index","follow":"follow","max-snippet":"max-snippet:-1","max-image-preview":"max-image-preview:large","max-video-preview":"max-video-preview:-1"},"canonical":"https:\/\/neos-music.com\/en_us\/product\/moritz-eggert-die-tiefe-des-raumes-ein-fussballoratorium\/","og_locale":"en_US","og_type":"article","og_title":"Moritz Eggert: Die Tiefe des Raumes. Ein Fu\u00dfballoratorium - NEOS Music","og_description":"Infotext: DIE TIEFE DES RAUMES. EIN FUSSBALLORATORIUM Moritz Eggert hatte nicht viel mit Sport zu tun, bis Ende 2004 die Anfrage kam, ob er ein Fu\u00dfballoratorium f\u00fcr die Ruhrtriennale 2005 komponieren wolle. Die Komposition schuf er in nur f\u00fcnf Monaten von Anfang M\u00e4rz bis Ende Juli. Nach der Urauff\u00fchrung in der Jahrhunderthalle Bochum war das [&hellip;]","og_url":"https:\/\/neos-music.com\/en_us\/product\/moritz-eggert-die-tiefe-des-raumes-ein-fussballoratorium\/","og_site_name":"NEOS Music","article_modified_time":"2023-05-25T09:39:29+00:00","og_image":[{"width":1648,"height":1476,"url":"https:\/\/neos-music.com\/wp-content\/uploads\/2022\/11\/NEOS_12009-10_Eggert.jpeg","type":"image\/jpeg"}],"twitter_card":"summary_large_image","twitter_misc":{"Est. reading time":"5 minutes"},"schema":{"@context":"https:\/\/schema.org","@graph":[{"@type":"WebPage","@id":"https:\/\/neos-music.com\/product\/moritz-eggert-die-tiefe-des-raumes-ein-fussballoratorium\/","url":"https:\/\/neos-music.com\/product\/moritz-eggert-die-tiefe-des-raumes-ein-fussballoratorium\/","name":"Moritz Eggert: Die Tiefe des Raumes. Ein Fu\u00dfballoratorium - NEOS Music","isPartOf":{"@id":"https:\/\/neos-music.com\/#website"},"primaryImageOfPage":{"@id":"https:\/\/neos-music.com\/product\/moritz-eggert-die-tiefe-des-raumes-ein-fussballoratorium\/#primaryimage"},"image":{"@id":"https:\/\/neos-music.com\/product\/moritz-eggert-die-tiefe-des-raumes-ein-fussballoratorium\/#primaryimage"},"thumbnailUrl":"https:\/\/i0.wp.com\/neos-music.com\/wp-content\/uploads\/2022\/11\/NEOS_12009-10_Eggert.jpeg?fit=1648%2C1476&ssl=1","datePublished":"2021-04-23T19:53:51+00:00","dateModified":"2023-05-25T09:39:29+00:00","breadcrumb":{"@id":"https:\/\/neos-music.com\/product\/moritz-eggert-die-tiefe-des-raumes-ein-fussballoratorium\/#breadcrumb"},"inLanguage":"en-US","potentialAction":[{"@type":"ReadAction","target":["https:\/\/neos-music.com\/product\/moritz-eggert-die-tiefe-des-raumes-ein-fussballoratorium\/"]}]},{"@type":"ImageObject","inLanguage":"en-US","@id":"https:\/\/neos-music.com\/product\/moritz-eggert-die-tiefe-des-raumes-ein-fussballoratorium\/#primaryimage","url":"https:\/\/i0.wp.com\/neos-music.com\/wp-content\/uploads\/2022\/11\/NEOS_12009-10_Eggert.jpeg?fit=1648%2C1476&ssl=1","contentUrl":"https:\/\/i0.wp.com\/neos-music.com\/wp-content\/uploads\/2022\/11\/NEOS_12009-10_Eggert.jpeg?fit=1648%2C1476&ssl=1","width":1648,"height":1476},{"@type":"BreadcrumbList","@id":"https:\/\/neos-music.com\/product\/moritz-eggert-die-tiefe-des-raumes-ein-fussballoratorium\/#breadcrumb","itemListElement":[{"@type":"ListItem","position":1,"name":"Startseite","item":"https:\/\/neos-music.com\/"},{"@type":"ListItem","position":2,"name":"Produkte","item":"https:\/\/neos-music.com\/shop__trashed\/"},{"@type":"ListItem","position":3,"name":"Moritz Eggert: Die Tiefe des Raumes. Ein Fu\u00dfballoratorium"}]},{"@type":"WebSite","@id":"https:\/\/neos-music.com\/#website","url":"https:\/\/neos-music.com\/","name":"NEOS Music","description":"Dein Online Shop f\u00fcr zeitgen\u00f6ssische Musik, Jazz und Classics!","publisher":{"@id":"https:\/\/neos-music.com\/#organization"},"potentialAction":[{"@type":"SearchAction","target":{"@type":"EntryPoint","urlTemplate":"https:\/\/neos-music.com\/?s={search_term_string}"},"query-input":{"@type":"PropertyValueSpecification","valueRequired":true,"valueName":"search_term_string"}}],"inLanguage":"en-US"},{"@type":"Organization","@id":"https:\/\/neos-music.com\/#organization","name":"NEOS Music","url":"https:\/\/neos-music.com\/","logo":{"@type":"ImageObject","inLanguage":"en-US","@id":"https:\/\/neos-music.com\/#\/schema\/logo\/image\/","url":"https:\/\/i0.wp.com\/neos-music.com\/wp-content\/uploads\/2025\/08\/NEOS-Logo-weiss.png?fit=800%2C203&ssl=1","contentUrl":"https:\/\/i0.wp.com\/neos-music.com\/wp-content\/uploads\/2025\/08\/NEOS-Logo-weiss.png?fit=800%2C203&ssl=1","width":800,"height":203,"caption":"NEOS Music"},"image":{"@id":"https:\/\/neos-music.com\/#\/schema\/logo\/image\/"}}]}},"jetpack_sharing_enabled":true,"_links":{"self":[{"href":"https:\/\/neos-music.com\/en_us\/wp-json\/wp\/v2\/product\/2485","targetHints":{"allow":["GET"]}}],"collection":[{"href":"https:\/\/neos-music.com\/en_us\/wp-json\/wp\/v2\/product"}],"about":[{"href":"https:\/\/neos-music.com\/en_us\/wp-json\/wp\/v2\/types\/product"}],"version-history":[{"count":0,"href":"https:\/\/neos-music.com\/en_us\/wp-json\/wp\/v2\/product\/2485\/revisions"}],"wp:featuredmedia":[{"embeddable":true,"href":"https:\/\/neos-music.com\/en_us\/wp-json\/wp\/v2\/media\/2486"}],"wp:attachment":[{"href":"https:\/\/neos-music.com\/en_us\/wp-json\/wp\/v2\/media?parent=2485"}],"wp:term":[{"taxonomy":"product_brand","embeddable":true,"href":"https:\/\/neos-music.com\/en_us\/wp-json\/wp\/v2\/product_brand?post=2485"},{"taxonomy":"product_cat","embeddable":true,"href":"https:\/\/neos-music.com\/en_us\/wp-json\/wp\/v2\/product_cat?post=2485"},{"taxonomy":"product_tag","embeddable":true,"href":"https:\/\/neos-music.com\/en_us\/wp-json\/wp\/v2\/product_tag?post=2485"}],"curies":[{"name":"wp","href":"https:\/\/api.w.org\/{rel}","templated":true}]}}