{"id":2495,"date":"2021-02-19T15:11:25","date_gmt":"2021-02-19T15:11:25","guid":{"rendered":"https:\/\/neos-music.com\/?post_type=product&#038;p=2495"},"modified":"2022-11-16T15:13:13","modified_gmt":"2022-11-16T15:13:13","slug":"noriko-kawakami-zwischen-immer-und-nie-chamber-music","status":"publish","type":"product","link":"https:\/\/neos-music.com\/en_us\/product\/noriko-kawakami-zwischen-immer-und-nie-chamber-music\/","title":{"rendered":"Noriko Kawakami: Zwischen Immer und Nie &#8211; Chamber Music"},"content":{"rendered":"<p>Programm:<\/p>\n<table border=\"0\" width=\"100%\" rules=\"none\" cellspacing=\"0\" cellpadding=\"0\">\n<tbody>\n<tr>\n<td class=\"bigcontent2\">\n<div id=\"tracks\">\n<p><b>Noriko Kawakami<\/b>\u00a0(*1955)<\/p>\n<p>[01]\u00a0<b>luft.str\u00f6mungen<\/b>\u00a0F\u00fcr Sopran, Fl\u00f6te, Gitarre und Schlagzeug (2015)\u00a0<b>09:25<\/b><\/p>\n<p>Julia Spaeth, Sopran<br \/>\nEnsemble L\u2019ART POUR L\u2019ART<\/p>\n<p>[02]\u00a0<b>Farbschattierung<\/b>\u00a0f\u00fcr Saxophon, Accordeon und Violoncello (2007)\u00a0<b>09:57<\/b><\/p>\n<p>trio ecco<br \/>\n(Christoph Kirschke, Saxophon\u00b7 Primo\u017e Parovel, Akkordeon \u00b7 Moritz M\u00fcllenbach, Violoncello)<\/p>\n<p>[03]<b>\u00a0Oh, die wilde Rose bl\u00fchet \u2026<\/b>\u00a0f\u00fcr Fl\u00f6te, Klarinette, Violine, Violoncello, Klavier und Schlagzeug (2004)\u00a0<b>11:40<\/b><\/p>\n<p>Th\u00fcrmchen Ensemble K\u00f6ln<br \/>\nErik O\u00f1a, Dirigent<\/p>\n<p>[04]\u00a0<b>An der Staffelei<\/b>\u00a0f\u00fcr 2 Saxophone und Elektronik [4 Kanal-B\u00e4nder] (2004)\u00a0<b>15:30<\/b><\/p>\n<p><b><\/b>Saxophonduo dialodia<br \/>\n(Christoph Kirschke &amp; Udo Schmid)<\/p>\n<p>[05]\u00a0<b>Im Traum, den das Chaos webt<\/b>\u00a0f\u00fcr Akkordeon und Basskoto (17-saitige Koto) (2012\/13)\u00a0<b>09:43<\/b><\/p>\n<p><b><\/b>Eva Z\u00f6llner, Akkordeon<br \/>\nNaoko Kikuchi, Koto<\/p>\n<p>[06]\u00a0<b>Zwischen Immer und Nie<\/b>\u00a0f\u00fcr Akkordeon, Klavier, Schlagzeug, Violine und Violoncello (2010)\u00a0<b>10:23\u00a0<\/b><\/p>\n<p>Th\u00fcrmchen Ensemble K\u00f6ln<br \/>\nErik O\u00f1a, Dirigent<\/p>\n<p>&nbsp;<\/p>\n<p>Gesamtspielzeit: 66:51<\/p>\n<p><i>Ersteinspielungen<br \/>\nLive<\/i><\/p>\n<\/div>\n<\/td>\n<td><\/td>\n<\/tr>\n<\/tbody>\n<\/table>\n<p>&nbsp;<\/p>\n","protected":false},"excerpt":{"rendered":"<p>Programm: Noriko Kawakami\u00a0(*1955) [01]\u00a0luft.str\u00f6mungen\u00a0F\u00fcr Sopran, Fl\u00f6te, Gitarre und Schlagzeug (2015)\u00a009:25 Julia Spaeth, Sopran Ensemble L\u2019ART POUR L\u2019ART [02]\u00a0Farbschattierung\u00a0f\u00fcr Saxophon, Accordeon und Violoncello (2007)\u00a009:57 trio ecco (Christoph Kirschke, Saxophon\u00b7 Primo\u017e Parovel, Akkordeon \u00b7 Moritz M\u00fcllenbach, Violoncello) [03]\u00a0Oh, die wilde Rose bl\u00fchet \u2026\u00a0f\u00fcr Fl\u00f6te, Klarinette, Violine, Violoncello, Klavier und Schlagzeug (2004)\u00a011:40 Th\u00fcrmchen Ensemble K\u00f6ln Erik O\u00f1a, Dirigent [&hellip;]<\/p>\n","protected":false},"featured_media":2496,"template":"","meta":{"site-sidebar-layout":"default","site-content-layout":"default","ast-site-content-layout":"default","site-content-style":"default","site-sidebar-style":"default","ast-global-header-display":"","ast-banner-title-visibility":"","ast-main-header-display":"","ast-hfb-above-header-display":"","ast-hfb-below-header-display":"","ast-hfb-mobile-header-display":"","site-post-title":"","ast-breadcrumbs-content":"","ast-featured-img":"","footer-sml-layout":"","theme-transparent-header-meta":"default","adv-header-id-meta":"","stick-header-meta":"","header-above-stick-meta":"","header-main-stick-meta":"","header-below-stick-meta":"","astra-migrate-meta-layouts":"default","ast-page-background-enabled":"default","ast-page-background-meta":{"desktop":{"background-color":"","background-image":"","background-repeat":"repeat","background-position":"center center","background-size":"auto","background-attachment":"scroll","background-type":"","background-media":"","overlay-type":"","overlay-color":"","overlay-opacity":"","overlay-gradient":""},"tablet":{"background-color":"","background-image":"","background-repeat":"repeat","background-position":"center center","background-size":"auto","background-attachment":"scroll","background-type":"","background-media":"","overlay-type":"","overlay-color":"","overlay-opacity":"","overlay-gradient":""},"mobile":{"background-color":"","background-image":"","background-repeat":"repeat","background-position":"center center","background-size":"auto","background-attachment":"scroll","background-type":"","background-media":"","overlay-type":"","overlay-color":"","overlay-opacity":"","overlay-gradient":""}},"ast-content-background-meta":{"desktop":{"background-color":"var(--ast-global-color-5)","background-image":"","background-repeat":"repeat","background-position":"center center","background-size":"auto","background-attachment":"scroll","background-type":"","background-media":"","overlay-type":"","overlay-color":"","overlay-opacity":"","overlay-gradient":""},"tablet":{"background-color":"var(--ast-global-color-5)","background-image":"","background-repeat":"repeat","background-position":"center center","background-size":"auto","background-attachment":"scroll","background-type":"","background-media":"","overlay-type":"","overlay-color":"","overlay-opacity":"","overlay-gradient":""},"mobile":{"background-color":"var(--ast-global-color-5)","background-image":"","background-repeat":"repeat","background-position":"center center","background-size":"auto","background-attachment":"scroll","background-type":"","background-media":"","overlay-type":"","overlay-color":"","overlay-opacity":"","overlay-gradient":""}}},"product_brand":[],"product_cat":[26],"product_tag":[],"class_list":{"0":"post-2495","1":"product","2":"type-product","3":"status-publish","4":"has-post-thumbnail","6":"product_cat-zeitgenossische-musik","7":"pa_artikelnummer-neos-12020","8":"pa_brand-neos-music","9":"pa_ean-116","10":"desktop-align-left","11":"tablet-align-left","12":"mobile-align-left","14":"first","15":"instock","16":"taxable","17":"shipping-taxable","18":"purchasable","19":"product-type-simple"},"yoast_head":"<!-- This site is optimized with the Yoast SEO plugin v27.4 - https:\/\/yoast.com\/product\/yoast-seo-wordpress\/ -->\n<title>Noriko Kawakami: Zwischen Immer und Nie - Chamber Music - NEOS Music<\/title>\n<meta name=\"robots\" content=\"index, follow, max-snippet:-1, max-image-preview:large, max-video-preview:-1\" \/>\n<link rel=\"canonical\" href=\"https:\/\/neos-music.com\/en_us\/product\/noriko-kawakami-zwischen-immer-und-nie-chamber-music\/\" \/>\n<meta property=\"og:locale\" content=\"en_US\" \/>\n<meta property=\"og:type\" content=\"article\" \/>\n<meta property=\"og:title\" content=\"Noriko Kawakami: Zwischen Immer und Nie - Chamber Music - NEOS Music\" \/>\n<meta property=\"og:description\" content=\"Programm: Noriko Kawakami\u00a0(*1955) [01]\u00a0luft.str\u00f6mungen\u00a0F\u00fcr Sopran, Fl\u00f6te, Gitarre und Schlagzeug (2015)\u00a009:25 Julia Spaeth, Sopran Ensemble L\u2019ART POUR L\u2019ART [02]\u00a0Farbschattierung\u00a0f\u00fcr Saxophon, Accordeon und Violoncello (2007)\u00a009:57 trio ecco (Christoph Kirschke, Saxophon\u00b7 Primo\u017e Parovel, Akkordeon \u00b7 Moritz M\u00fcllenbach, Violoncello) [03]\u00a0Oh, die wilde Rose bl\u00fchet \u2026\u00a0f\u00fcr Fl\u00f6te, Klarinette, Violine, Violoncello, Klavier und Schlagzeug (2004)\u00a011:40 Th\u00fcrmchen Ensemble K\u00f6ln Erik O\u00f1a, Dirigent [&hellip;]\" \/>\n<meta property=\"og:url\" content=\"https:\/\/neos-music.com\/en_us\/product\/noriko-kawakami-zwischen-immer-und-nie-chamber-music\/\" \/>\n<meta property=\"og:site_name\" content=\"NEOS Music\" \/>\n<meta property=\"article:modified_time\" content=\"2022-11-16T15:13:13+00:00\" \/>\n<meta property=\"og:image\" content=\"https:\/\/neos-music.com\/wp-content\/uploads\/2022\/11\/NEOS_12020_Kawakami.jpeg\" \/>\n\t<meta property=\"og:image:width\" content=\"1648\" \/>\n\t<meta property=\"og:image:height\" content=\"1477\" \/>\n\t<meta property=\"og:image:type\" content=\"image\/jpeg\" \/>\n<meta name=\"twitter:card\" content=\"summary_large_image\" \/>\n<meta name=\"twitter:label1\" content=\"Est. reading time\" \/>\n\t<meta name=\"twitter:data1\" content=\"1 minute\" \/>\n<script type=\"application\/ld+json\" class=\"yoast-schema-graph\">{\"@context\":\"https:\\\/\\\/schema.org\",\"@graph\":[{\"@type\":\"WebPage\",\"@id\":\"https:\\\/\\\/neos-music.com\\\/product\\\/noriko-kawakami-zwischen-immer-und-nie-chamber-music\\\/\",\"url\":\"https:\\\/\\\/neos-music.com\\\/product\\\/noriko-kawakami-zwischen-immer-und-nie-chamber-music\\\/\",\"name\":\"Noriko Kawakami: Zwischen Immer und Nie - Chamber Music - NEOS Music\",\"isPartOf\":{\"@id\":\"https:\\\/\\\/neos-music.com\\\/#website\"},\"primaryImageOfPage\":{\"@id\":\"https:\\\/\\\/neos-music.com\\\/product\\\/noriko-kawakami-zwischen-immer-und-nie-chamber-music\\\/#primaryimage\"},\"image\":{\"@id\":\"https:\\\/\\\/neos-music.com\\\/product\\\/noriko-kawakami-zwischen-immer-und-nie-chamber-music\\\/#primaryimage\"},\"thumbnailUrl\":\"https:\\\/\\\/i0.wp.com\\\/neos-music.com\\\/wp-content\\\/uploads\\\/2022\\\/11\\\/NEOS_12020_Kawakami.jpeg?fit=1648%2C1477&ssl=1\",\"datePublished\":\"2021-02-19T15:11:25+00:00\",\"dateModified\":\"2022-11-16T15:13:13+00:00\",\"breadcrumb\":{\"@id\":\"https:\\\/\\\/neos-music.com\\\/product\\\/noriko-kawakami-zwischen-immer-und-nie-chamber-music\\\/#breadcrumb\"},\"inLanguage\":\"en-US\",\"potentialAction\":[{\"@type\":\"ReadAction\",\"target\":[\"https:\\\/\\\/neos-music.com\\\/product\\\/noriko-kawakami-zwischen-immer-und-nie-chamber-music\\\/\"]}]},{\"@type\":\"ImageObject\",\"inLanguage\":\"en-US\",\"@id\":\"https:\\\/\\\/neos-music.com\\\/product\\\/noriko-kawakami-zwischen-immer-und-nie-chamber-music\\\/#primaryimage\",\"url\":\"https:\\\/\\\/i0.wp.com\\\/neos-music.com\\\/wp-content\\\/uploads\\\/2022\\\/11\\\/NEOS_12020_Kawakami.jpeg?fit=1648%2C1477&ssl=1\",\"contentUrl\":\"https:\\\/\\\/i0.wp.com\\\/neos-music.com\\\/wp-content\\\/uploads\\\/2022\\\/11\\\/NEOS_12020_Kawakami.jpeg?fit=1648%2C1477&ssl=1\",\"width\":1648,\"height\":1477},{\"@type\":\"BreadcrumbList\",\"@id\":\"https:\\\/\\\/neos-music.com\\\/product\\\/noriko-kawakami-zwischen-immer-und-nie-chamber-music\\\/#breadcrumb\",\"itemListElement\":[{\"@type\":\"ListItem\",\"position\":1,\"name\":\"Startseite\",\"item\":\"https:\\\/\\\/neos-music.com\\\/\"},{\"@type\":\"ListItem\",\"position\":2,\"name\":\"Produkte\",\"item\":\"https:\\\/\\\/neos-music.com\\\/shop__trashed\\\/\"},{\"@type\":\"ListItem\",\"position\":3,\"name\":\"Noriko Kawakami: Zwischen Immer und Nie &#8211; Chamber Music\"}]},{\"@type\":\"WebSite\",\"@id\":\"https:\\\/\\\/neos-music.com\\\/#website\",\"url\":\"https:\\\/\\\/neos-music.com\\\/\",\"name\":\"NEOS Music\",\"description\":\"Dein Online Shop f\u00fcr zeitgen\u00f6ssische Musik, Jazz und Classics!\",\"publisher\":{\"@id\":\"https:\\\/\\\/neos-music.com\\\/#organization\"},\"potentialAction\":[{\"@type\":\"SearchAction\",\"target\":{\"@type\":\"EntryPoint\",\"urlTemplate\":\"https:\\\/\\\/neos-music.com\\\/?s={search_term_string}\"},\"query-input\":{\"@type\":\"PropertyValueSpecification\",\"valueRequired\":true,\"valueName\":\"search_term_string\"}}],\"inLanguage\":\"en-US\"},{\"@type\":\"Organization\",\"@id\":\"https:\\\/\\\/neos-music.com\\\/#organization\",\"name\":\"NEOS Music\",\"url\":\"https:\\\/\\\/neos-music.com\\\/\",\"logo\":{\"@type\":\"ImageObject\",\"inLanguage\":\"en-US\",\"@id\":\"https:\\\/\\\/neos-music.com\\\/#\\\/schema\\\/logo\\\/image\\\/\",\"url\":\"https:\\\/\\\/i0.wp.com\\\/neos-music.com\\\/wp-content\\\/uploads\\\/2025\\\/08\\\/NEOS-Logo-weiss.png?fit=800%2C203&ssl=1\",\"contentUrl\":\"https:\\\/\\\/i0.wp.com\\\/neos-music.com\\\/wp-content\\\/uploads\\\/2025\\\/08\\\/NEOS-Logo-weiss.png?fit=800%2C203&ssl=1\",\"width\":800,\"height\":203,\"caption\":\"NEOS Music\"},\"image\":{\"@id\":\"https:\\\/\\\/neos-music.com\\\/#\\\/schema\\\/logo\\\/image\\\/\"}}]}<\/script>\n<!-- \/ Yoast SEO plugin. -->","yoast_head_json":{"title":"Noriko Kawakami: Zwischen Immer und Nie - Chamber Music - NEOS Music","robots":{"index":"index","follow":"follow","max-snippet":"max-snippet:-1","max-image-preview":"max-image-preview:large","max-video-preview":"max-video-preview:-1"},"canonical":"https:\/\/neos-music.com\/en_us\/product\/noriko-kawakami-zwischen-immer-und-nie-chamber-music\/","og_locale":"en_US","og_type":"article","og_title":"Noriko Kawakami: Zwischen Immer und Nie - Chamber Music - NEOS Music","og_description":"Programm: Noriko Kawakami\u00a0(*1955) [01]\u00a0luft.str\u00f6mungen\u00a0F\u00fcr Sopran, Fl\u00f6te, Gitarre und Schlagzeug (2015)\u00a009:25 Julia Spaeth, Sopran Ensemble L\u2019ART POUR L\u2019ART [02]\u00a0Farbschattierung\u00a0f\u00fcr Saxophon, Accordeon und Violoncello (2007)\u00a009:57 trio ecco (Christoph Kirschke, Saxophon\u00b7 Primo\u017e Parovel, Akkordeon \u00b7 Moritz M\u00fcllenbach, Violoncello) [03]\u00a0Oh, die wilde Rose bl\u00fchet \u2026\u00a0f\u00fcr Fl\u00f6te, Klarinette, Violine, Violoncello, Klavier und Schlagzeug (2004)\u00a011:40 Th\u00fcrmchen Ensemble K\u00f6ln Erik O\u00f1a, Dirigent [&hellip;]","og_url":"https:\/\/neos-music.com\/en_us\/product\/noriko-kawakami-zwischen-immer-und-nie-chamber-music\/","og_site_name":"NEOS Music","article_modified_time":"2022-11-16T15:13:13+00:00","og_image":[{"width":1648,"height":1477,"url":"https:\/\/neos-music.com\/wp-content\/uploads\/2022\/11\/NEOS_12020_Kawakami.jpeg","type":"image\/jpeg"}],"twitter_card":"summary_large_image","twitter_misc":{"Est. reading time":"1 minute"},"schema":{"@context":"https:\/\/schema.org","@graph":[{"@type":"WebPage","@id":"https:\/\/neos-music.com\/product\/noriko-kawakami-zwischen-immer-und-nie-chamber-music\/","url":"https:\/\/neos-music.com\/product\/noriko-kawakami-zwischen-immer-und-nie-chamber-music\/","name":"Noriko Kawakami: Zwischen Immer und Nie - Chamber Music - NEOS Music","isPartOf":{"@id":"https:\/\/neos-music.com\/#website"},"primaryImageOfPage":{"@id":"https:\/\/neos-music.com\/product\/noriko-kawakami-zwischen-immer-und-nie-chamber-music\/#primaryimage"},"image":{"@id":"https:\/\/neos-music.com\/product\/noriko-kawakami-zwischen-immer-und-nie-chamber-music\/#primaryimage"},"thumbnailUrl":"https:\/\/i0.wp.com\/neos-music.com\/wp-content\/uploads\/2022\/11\/NEOS_12020_Kawakami.jpeg?fit=1648%2C1477&ssl=1","datePublished":"2021-02-19T15:11:25+00:00","dateModified":"2022-11-16T15:13:13+00:00","breadcrumb":{"@id":"https:\/\/neos-music.com\/product\/noriko-kawakami-zwischen-immer-und-nie-chamber-music\/#breadcrumb"},"inLanguage":"en-US","potentialAction":[{"@type":"ReadAction","target":["https:\/\/neos-music.com\/product\/noriko-kawakami-zwischen-immer-und-nie-chamber-music\/"]}]},{"@type":"ImageObject","inLanguage":"en-US","@id":"https:\/\/neos-music.com\/product\/noriko-kawakami-zwischen-immer-und-nie-chamber-music\/#primaryimage","url":"https:\/\/i0.wp.com\/neos-music.com\/wp-content\/uploads\/2022\/11\/NEOS_12020_Kawakami.jpeg?fit=1648%2C1477&ssl=1","contentUrl":"https:\/\/i0.wp.com\/neos-music.com\/wp-content\/uploads\/2022\/11\/NEOS_12020_Kawakami.jpeg?fit=1648%2C1477&ssl=1","width":1648,"height":1477},{"@type":"BreadcrumbList","@id":"https:\/\/neos-music.com\/product\/noriko-kawakami-zwischen-immer-und-nie-chamber-music\/#breadcrumb","itemListElement":[{"@type":"ListItem","position":1,"name":"Startseite","item":"https:\/\/neos-music.com\/"},{"@type":"ListItem","position":2,"name":"Produkte","item":"https:\/\/neos-music.com\/shop__trashed\/"},{"@type":"ListItem","position":3,"name":"Noriko Kawakami: Zwischen Immer und Nie &#8211; Chamber Music"}]},{"@type":"WebSite","@id":"https:\/\/neos-music.com\/#website","url":"https:\/\/neos-music.com\/","name":"NEOS Music","description":"Dein Online Shop f\u00fcr zeitgen\u00f6ssische Musik, Jazz und Classics!","publisher":{"@id":"https:\/\/neos-music.com\/#organization"},"potentialAction":[{"@type":"SearchAction","target":{"@type":"EntryPoint","urlTemplate":"https:\/\/neos-music.com\/?s={search_term_string}"},"query-input":{"@type":"PropertyValueSpecification","valueRequired":true,"valueName":"search_term_string"}}],"inLanguage":"en-US"},{"@type":"Organization","@id":"https:\/\/neos-music.com\/#organization","name":"NEOS Music","url":"https:\/\/neos-music.com\/","logo":{"@type":"ImageObject","inLanguage":"en-US","@id":"https:\/\/neos-music.com\/#\/schema\/logo\/image\/","url":"https:\/\/i0.wp.com\/neos-music.com\/wp-content\/uploads\/2025\/08\/NEOS-Logo-weiss.png?fit=800%2C203&ssl=1","contentUrl":"https:\/\/i0.wp.com\/neos-music.com\/wp-content\/uploads\/2025\/08\/NEOS-Logo-weiss.png?fit=800%2C203&ssl=1","width":800,"height":203,"caption":"NEOS Music"},"image":{"@id":"https:\/\/neos-music.com\/#\/schema\/logo\/image\/"}}]}},"jetpack_sharing_enabled":true,"_links":{"self":[{"href":"https:\/\/neos-music.com\/en_us\/wp-json\/wp\/v2\/product\/2495","targetHints":{"allow":["GET"]}}],"collection":[{"href":"https:\/\/neos-music.com\/en_us\/wp-json\/wp\/v2\/product"}],"about":[{"href":"https:\/\/neos-music.com\/en_us\/wp-json\/wp\/v2\/types\/product"}],"version-history":[{"count":0,"href":"https:\/\/neos-music.com\/en_us\/wp-json\/wp\/v2\/product\/2495\/revisions"}],"wp:featuredmedia":[{"embeddable":true,"href":"https:\/\/neos-music.com\/en_us\/wp-json\/wp\/v2\/media\/2496"}],"wp:attachment":[{"href":"https:\/\/neos-music.com\/en_us\/wp-json\/wp\/v2\/media?parent=2495"}],"wp:term":[{"taxonomy":"product_brand","embeddable":true,"href":"https:\/\/neos-music.com\/en_us\/wp-json\/wp\/v2\/product_brand?post=2495"},{"taxonomy":"product_cat","embeddable":true,"href":"https:\/\/neos-music.com\/en_us\/wp-json\/wp\/v2\/product_cat?post=2495"},{"taxonomy":"product_tag","embeddable":true,"href":"https:\/\/neos-music.com\/en_us\/wp-json\/wp\/v2\/product_tag?post=2495"}],"curies":[{"name":"wp","href":"https:\/\/api.w.org\/{rel}","templated":true}]}}