{"id":2503,"date":"2020-12-04T15:27:23","date_gmt":"2020-12-04T15:27:23","guid":{"rendered":"https:\/\/neos-music.com\/?post_type=product&#038;p=2503"},"modified":"2023-01-27T19:03:50","modified_gmt":"2023-01-27T19:03:50","slug":"jim-franklin-songs-from-the-lake","status":"publish","type":"product","link":"https:\/\/neos-music.com\/en_us\/product\/jim-franklin-songs-from-the-lake\/","title":{"rendered":"Jim Franklin: Songs from the Lake"},"content":{"rendered":"<p>Infotext:<\/p>\n<table border=\"0\" width=\"100%\" rules=\"none\" cellspacing=\"0\" cellpadding=\"0\">\n<tbody>\n<tr>\n<td class=\"bigcontent2\">\n<div id=\"infotext\">\n<p><i>Hovering like morning mist above the mirror-lake<br \/>\n<\/i>(Allan Marett, Eliza)<\/p>\n<p>Dieses Werk hat sich \u00fcber einen Zeitraum von etwa zw\u00f6lf Jahren entwickelt, obschon einige der Klangbilder etwas \u00e4lter sind; sie stammen aus meiner Zeit als Kompositionsstudent in den 1980er-Jahren. Fr\u00fchere Versionen einiger S\u00e4tze f\u00fchrte ich bei zahlreichen Konzerten und Shakuhachi-Festivals in Europa, Japan und Australien zwischen 2008 und 2020 auf. Ich schliff dabei die St\u00fccke zurecht und gestaltete die Gesamtkomposition.<\/p>\n<p>Das Wesen des Werkes, und dieser Aufnahme, ist absichtlich performativ. Die Shakuhachi, eine t\u00e4uschend einfach aussehende, japanische Bambusfl\u00f6te und ein sehr k\u00f6rperbezogenes Instrument, ist in allen S\u00e4tzen zu h\u00f6ren. Diese Fl\u00f6te und die Kombination Shakuhachi \/ Live-Elektronik (d.\u2009h. elektronische Bearbeitung der Fl\u00f6tenkl\u00e4nge in Echtzeit) wurden von nur einem Spieler (mir) gleichzeitig aufgef\u00fchrt und in einzelnen, vollst\u00e4ndigen Takes aufgenommen \u2013 ohne zeitlich getrennte Aufnahmen der Elektronik und meistens als direkte Stereo-Abmischung. Im Endeffekt ist dies identisch mit der Art und Weise, wie die St\u00fccke bei Konzerten aufgef\u00fchrt werden; es wurde versucht, die Nuancen (und unvermeidlichen \u00bbUnvollkommenheiten\u00ab) einer Live-Auff\u00fchrung wiederzugeben, im Gegensatz zur (scheinbaren, oft \u00bbentk\u00f6rperten\u00ab) Vollkommenheit einer Konstruktion im Tonstudio. Bei manchen S\u00e4tzen wurden alle Instrumente von mir in Echtzeit eingespielt, einschlie\u00dflich der zus\u00e4tzlichen elektronischen Ressourcen, die \u00fcber Echtzeitsbearbeitung der Shakuhachi hinausgehen (z.\u2009B. Shakuhachi und Theremin \/ Live-Elektronik gleichzeitig in\u00a0<i>Ripples<\/i>\u00a0sowie Shakuhachi \/ Live-Elektronik und Haken ContinuuMini gleichzeitig in\u00a0<i>Surface Trace<\/i>). Auch dort, wo mehrere Synthesizer verwendet wurden, wurde die Mehrspurtechnik auf ein Minimum reduziert. Zum Beispiel wurden die komplexen, synthetischen Klangteppiche in\u00a0<i>Mirrored Depths<\/i>\u00a0als nur zwei Aufnahmeschichten eingespielt (Stereo-Abmischungen in Echtzeit, zugegebenerma\u00dfen teilweise mit Einsatz von performativ manipulierten, sequenzierten Elementen statt als Aufnahmen Ton f\u00fcr Ton).<\/p>\n<p>Daraus ergibt sich, dass viele der S\u00e4tze trotz ihrer Vielschichtigkeit von einem Auff\u00fchrenden spielbar sind; dies sind die St\u00fccke, die ich bei Festivals und so weiter aufgef\u00fchrt habe. Bei den anderen S\u00e4tzen w\u00fcrden entweder zwei Spieler (<i>Spiral Eddies<\/i>;\u00a0<i>Mists, Departing<\/i>) oder drei Spieler\u00a0<i>(Mirrored Depths<\/i>) bei einer Live-Auff\u00fchrung ben\u00f6tigt. Diese St\u00fccke werden zum ersten Mal auf dieser CD vorgestellt.<\/p>\n<p>Alle St\u00fccke sind halbkomponierte, strukturierte Improvisationen: eine vorkomponierte Form, bei der die \u00bbWegweiser\u00ab und Wendepunkte klar definiert sind; aber die genaue Route zwischen den Punkten wird von Auff\u00fchrung zu Auff\u00fchrung unterschiedlich. Ich habe mir diese Freiheit erlaubt, zum Teil, weil ich den Fokus und die Zentriertheit bei einer Live-Performance und Improvisation mag, und zum Teil, weil die Ansammlung der verwendeten Instrumente h\u00f6chst eigent\u00fcmlich ist. Wahrscheinlich hat kein anderer Shakuhachi-Spieler Zugriff auf die spezifischen Synthesizer und so weiter (angeschafft zwischen 1985 und 2020), die ich eingesetzt habe. Ich empfand es daher als sinnlos, die St\u00fccke Ton f\u00fcr Ton zu komponieren und in allgemein leserlicher Form zu notieren, wenn es sehr unwahrscheinlich ist, dass sonst jemand das notwendige Instrumentarium w\u00fcrde zusammenbringen k\u00f6nnen, um sie aufzuf\u00fchren.<\/p>\n<p>Dementsprechend bestand das Kompositions- und Aufnahmeverfahren zum Teil darin, mehrere, halbimprovisierte Durchl\u00e4ufe der St\u00fccke (oder in manchen F\u00e4llen, der Klangschichten innerhalb der St\u00fccke) aufzunehmen. Danach w\u00e4hlte ich diejenigen Aufnahmen aus, die nach meiner Wahrnehmung die beste \u00bbRoute\u00ab durch die St\u00fccke darstellten.<\/p>\n<p>Der Gesamttitel des Werkes sowie die Titel der einzelnen S\u00e4tze speisen sich aus zwei Quellen. Erstens faszinieren mich seit vielen Jahren Bilder in der nat\u00fcrlichen Umwelt, bei denen die Gesamtgestalt mehr oder weniger statisch ist, die Details sich aber st\u00e4ndig \u00e4ndern. \u00dcberragend darunter sind Bilder von Wasser, flie\u00dfend oder still: die unaufh\u00f6rlichen, kleinen Wellen und Str\u00f6mungen in einem flie\u00dfenden Bach, die glitzernden Flecken des Sonnenlichtes auf dem Meer, oder (ein Bild, dass mir pr\u00e4sent geblieben ist, seit ich es zum ersten Mal vor etwa 35 Jahren sah) ein zugefrorener See im Winter, mit flie\u00dfenden Wellenfronten, halbgesehen im kalten, mitt\u00e4glichen Sonnenlicht, auf einer Wasseroberfl\u00e4che unterhalb einer d\u00fcnnen Eisschicht: stets in Verwandlung, immer gleich.<\/p>\n<p>Eine zweite Inspirationsquelle f\u00fcr das Werk ist die Welt buddhistischen Gedankenguts und Erfahrung, besonders in der Form von Zen. Wasser wird oft als Abbild des Geistes verwendet, manchmal aufgew\u00fchlt, manchmal ruhig und flach wie ein Spiegel. F\u00fcr mich ist der \u00bbLake\u00ab also nicht nur ein Naturbild, sondern auch eine Metapher und Gegenstand f\u00fcr Meditation, Vertiefung und Reinigung, immer mit dem klaren, stillen, spiegelartigen Zustand als Ziel: Die Umgebung des Sees wird reflektiert wie sie ist und dennoch wird der Grund oder die Quelle sichtbar, die ihn speist.<\/p>\n<p>F\u00fcr mich also ist\u00a0<i>Songs from the Lake<\/i>\u00a0nicht nur eine klangliche Darstellung von Bildern der nat\u00fcrlichen Umwelt, sondern auch ein meditativer Prozess: immer gleich, st\u00e4ndig in Verwandlung begriffen, still, und doch st\u00e4ndig in Bewegung.<\/p>\n<p>Jim Franklin, 2020<\/p>\n<p><i>Forth from the mirror-lake<br \/>\nOur dreamings dance<br \/>\n<\/i>(Allan Marett, Eliza)<\/p>\n<\/div>\n<\/td>\n<td><\/td>\n<\/tr>\n<\/tbody>\n<\/table>\n<p>Programm:<\/p>\n<p>[01]\u00a0<b>Mists, Descending<\/b>\u00a0f\u00fcr Shakuhachi\u2009\/\u2009Live-Elektronik\u00a0<b>07:00<\/b><\/p>\n<p>[02]\u00a0<b>Ripples<\/b>\u00a0f\u00fcr Shakuhachi und Theremin\u2009\/\u2009Live-Elektronik\u00a0<b>09:09<\/b><\/p>\n<p>[03]\u00a0<b>Fluid Convex<\/b>\u00a0f\u00fcr Shakuhachi\u2009\/\u2009Live-Elektronik\u00a0<b>11:14<\/b><\/p>\n<p>[04]\u00a0<b>Mirrored Depths<\/b>\u00a0f\u00fcr Shakuhachi und Synthesizer<b>\u00a011:50<\/b><\/p>\n<p>[05]\u00a0<b>Surface Trace<\/b>\u00a0f\u00fcr Shakuhachi\u2009\/ Live-Elektronik und Haken ContinuuMini<b>\u00a007:42<br \/>\n<\/b><br \/>\n[06]\u00a0<b>Spiral Eddies<\/b>\u00a0f\u00fcr Shakuhachi\u2009\/ Live-Elektronik und Theremin\u2009\/\u2009Live-Elektronik\u00a0<b>10:05<br \/>\n<\/b><br \/>\n[07]\u00a0<b>Mists, Departing<\/b>\u00a0f\u00fcr Shakuhachi\u2009\/\u2009Live-Elektronik und Synthesizer<b>\u00a006:42<\/b><\/p>\n<p><b>\u00a0<\/b><\/p>\n<p>total playing time: 64:16<\/p>\n<p><b><a class=\"arcoma_glossarylink\" href=\"https:\/\/neos-music.com\/jim-franklin\/\" target=\"_self\" rel=\"noopener\">Jim Franklin<\/a><\/b><br \/>\nShakuhachi, Theremin, Synthesizer, Haken ContinuuMini und Live-Elektronik<\/p>\n<p>&nbsp;<\/p>\n<p><i>World premiere recordings<\/i><\/p>\n","protected":false},"excerpt":{"rendered":"<p>Infotext: Hovering like morning mist above the mirror-lake (Allan Marett, Eliza) Dieses Werk hat sich \u00fcber einen Zeitraum von etwa zw\u00f6lf Jahren entwickelt, obschon einige der Klangbilder etwas \u00e4lter sind; sie stammen aus meiner Zeit als Kompositionsstudent in den 1980er-Jahren. Fr\u00fchere Versionen einiger S\u00e4tze f\u00fchrte ich bei zahlreichen Konzerten und Shakuhachi-Festivals in Europa, Japan und [&hellip;]<\/p>\n","protected":false},"featured_media":2504,"template":"","meta":{"site-sidebar-layout":"default","site-content-layout":"default","ast-site-content-layout":"default","site-content-style":"default","site-sidebar-style":"default","ast-global-header-display":"","ast-banner-title-visibility":"","ast-main-header-display":"","ast-hfb-above-header-display":"","ast-hfb-below-header-display":"","ast-hfb-mobile-header-display":"","site-post-title":"","ast-breadcrumbs-content":"","ast-featured-img":"","footer-sml-layout":"","theme-transparent-header-meta":"default","adv-header-id-meta":"","stick-header-meta":"","header-above-stick-meta":"","header-main-stick-meta":"","header-below-stick-meta":"","astra-migrate-meta-layouts":"default","ast-page-background-enabled":"default","ast-page-background-meta":{"desktop":{"background-color":"","background-image":"","background-repeat":"repeat","background-position":"center center","background-size":"auto","background-attachment":"scroll","background-type":"","background-media":"","overlay-type":"","overlay-color":"","overlay-opacity":"","overlay-gradient":""},"tablet":{"background-color":"","background-image":"","background-repeat":"repeat","background-position":"center center","background-size":"auto","background-attachment":"scroll","background-type":"","background-media":"","overlay-type":"","overlay-color":"","overlay-opacity":"","overlay-gradient":""},"mobile":{"background-color":"","background-image":"","background-repeat":"repeat","background-position":"center center","background-size":"auto","background-attachment":"scroll","background-type":"","background-media":"","overlay-type":"","overlay-color":"","overlay-opacity":"","overlay-gradient":""}},"ast-content-background-meta":{"desktop":{"background-color":"var(--ast-global-color-5)","background-image":"","background-repeat":"repeat","background-position":"center center","background-size":"auto","background-attachment":"scroll","background-type":"","background-media":"","overlay-type":"","overlay-color":"","overlay-opacity":"","overlay-gradient":""},"tablet":{"background-color":"var(--ast-global-color-5)","background-image":"","background-repeat":"repeat","background-position":"center center","background-size":"auto","background-attachment":"scroll","background-type":"","background-media":"","overlay-type":"","overlay-color":"","overlay-opacity":"","overlay-gradient":""},"mobile":{"background-color":"var(--ast-global-color-5)","background-image":"","background-repeat":"repeat","background-position":"center center","background-size":"auto","background-attachment":"scroll","background-type":"","background-media":"","overlay-type":"","overlay-color":"","overlay-opacity":"","overlay-gradient":""}}},"product_brand":[],"product_cat":[26],"product_tag":[],"class_list":{"0":"post-2503","1":"product","2":"type-product","3":"status-publish","4":"has-post-thumbnail","6":"product_cat-zeitgenossische-musik","7":"pa_artikelnummer-neos-12029","8":"pa_brand-neos-music","9":"pa_ean-124","10":"desktop-align-left","11":"tablet-align-left","12":"mobile-align-left","14":"first","15":"instock","16":"taxable","17":"shipping-taxable","18":"purchasable","19":"product-type-simple"},"yoast_head":"<!-- This site is optimized with the Yoast SEO plugin v27.3 - https:\/\/yoast.com\/product\/yoast-seo-wordpress\/ -->\n<title>Jim Franklin: Songs from the Lake - NEOS Music<\/title>\n<meta name=\"robots\" content=\"index, follow, max-snippet:-1, max-image-preview:large, max-video-preview:-1\" \/>\n<link rel=\"canonical\" href=\"https:\/\/neos-music.com\/en_us\/product\/jim-franklin-songs-from-the-lake\/\" \/>\n<meta property=\"og:locale\" content=\"en_US\" \/>\n<meta property=\"og:type\" content=\"article\" \/>\n<meta property=\"og:title\" content=\"Jim Franklin: Songs from the Lake - NEOS Music\" \/>\n<meta property=\"og:description\" content=\"Infotext: Hovering like morning mist above the mirror-lake (Allan Marett, Eliza) Dieses Werk hat sich \u00fcber einen Zeitraum von etwa zw\u00f6lf Jahren entwickelt, obschon einige der Klangbilder etwas \u00e4lter sind; sie stammen aus meiner Zeit als Kompositionsstudent in den 1980er-Jahren. Fr\u00fchere Versionen einiger S\u00e4tze f\u00fchrte ich bei zahlreichen Konzerten und Shakuhachi-Festivals in Europa, Japan und [&hellip;]\" \/>\n<meta property=\"og:url\" content=\"https:\/\/neos-music.com\/en_us\/product\/jim-franklin-songs-from-the-lake\/\" \/>\n<meta property=\"og:site_name\" content=\"NEOS Music\" \/>\n<meta property=\"article:modified_time\" content=\"2023-01-27T19:03:50+00:00\" \/>\n<meta property=\"og:image\" content=\"https:\/\/neos-music.com\/wp-content\/uploads\/2022\/11\/NEOS_12029_Franklin.jpeg\" \/>\n\t<meta property=\"og:image:width\" content=\"1649\" \/>\n\t<meta property=\"og:image:height\" content=\"1477\" \/>\n\t<meta property=\"og:image:type\" content=\"image\/jpeg\" \/>\n<meta name=\"twitter:card\" content=\"summary_large_image\" \/>\n<meta name=\"twitter:label1\" content=\"Est. reading time\" \/>\n\t<meta name=\"twitter:data1\" content=\"5 minutes\" \/>\n<script type=\"application\/ld+json\" class=\"yoast-schema-graph\">{\"@context\":\"https:\\\/\\\/schema.org\",\"@graph\":[{\"@type\":\"WebPage\",\"@id\":\"https:\\\/\\\/neos-music.com\\\/product\\\/jim-franklin-songs-from-the-lake\\\/\",\"url\":\"https:\\\/\\\/neos-music.com\\\/product\\\/jim-franklin-songs-from-the-lake\\\/\",\"name\":\"Jim Franklin: Songs from the Lake - NEOS Music\",\"isPartOf\":{\"@id\":\"https:\\\/\\\/neos-music.com\\\/#website\"},\"primaryImageOfPage\":{\"@id\":\"https:\\\/\\\/neos-music.com\\\/product\\\/jim-franklin-songs-from-the-lake\\\/#primaryimage\"},\"image\":{\"@id\":\"https:\\\/\\\/neos-music.com\\\/product\\\/jim-franklin-songs-from-the-lake\\\/#primaryimage\"},\"thumbnailUrl\":\"https:\\\/\\\/i0.wp.com\\\/neos-music.com\\\/wp-content\\\/uploads\\\/2022\\\/11\\\/NEOS_12029_Franklin.jpeg?fit=1649%2C1477&ssl=1\",\"datePublished\":\"2020-12-04T15:27:23+00:00\",\"dateModified\":\"2023-01-27T19:03:50+00:00\",\"breadcrumb\":{\"@id\":\"https:\\\/\\\/neos-music.com\\\/product\\\/jim-franklin-songs-from-the-lake\\\/#breadcrumb\"},\"inLanguage\":\"en-US\",\"potentialAction\":[{\"@type\":\"ReadAction\",\"target\":[\"https:\\\/\\\/neos-music.com\\\/product\\\/jim-franklin-songs-from-the-lake\\\/\"]}]},{\"@type\":\"ImageObject\",\"inLanguage\":\"en-US\",\"@id\":\"https:\\\/\\\/neos-music.com\\\/product\\\/jim-franklin-songs-from-the-lake\\\/#primaryimage\",\"url\":\"https:\\\/\\\/i0.wp.com\\\/neos-music.com\\\/wp-content\\\/uploads\\\/2022\\\/11\\\/NEOS_12029_Franklin.jpeg?fit=1649%2C1477&ssl=1\",\"contentUrl\":\"https:\\\/\\\/i0.wp.com\\\/neos-music.com\\\/wp-content\\\/uploads\\\/2022\\\/11\\\/NEOS_12029_Franklin.jpeg?fit=1649%2C1477&ssl=1\",\"width\":1649,\"height\":1477},{\"@type\":\"BreadcrumbList\",\"@id\":\"https:\\\/\\\/neos-music.com\\\/product\\\/jim-franklin-songs-from-the-lake\\\/#breadcrumb\",\"itemListElement\":[{\"@type\":\"ListItem\",\"position\":1,\"name\":\"Startseite\",\"item\":\"https:\\\/\\\/neos-music.com\\\/\"},{\"@type\":\"ListItem\",\"position\":2,\"name\":\"Produkte\",\"item\":\"https:\\\/\\\/neos-music.com\\\/shop__trashed\\\/\"},{\"@type\":\"ListItem\",\"position\":3,\"name\":\"Jim Franklin: Songs from the Lake\"}]},{\"@type\":\"WebSite\",\"@id\":\"https:\\\/\\\/neos-music.com\\\/#website\",\"url\":\"https:\\\/\\\/neos-music.com\\\/\",\"name\":\"NEOS Music\",\"description\":\"Dein Online Shop f\u00fcr zeitgen\u00f6ssische Musik, Jazz und Classics!\",\"publisher\":{\"@id\":\"https:\\\/\\\/neos-music.com\\\/#organization\"},\"potentialAction\":[{\"@type\":\"SearchAction\",\"target\":{\"@type\":\"EntryPoint\",\"urlTemplate\":\"https:\\\/\\\/neos-music.com\\\/?s={search_term_string}\"},\"query-input\":{\"@type\":\"PropertyValueSpecification\",\"valueRequired\":true,\"valueName\":\"search_term_string\"}}],\"inLanguage\":\"en-US\"},{\"@type\":\"Organization\",\"@id\":\"https:\\\/\\\/neos-music.com\\\/#organization\",\"name\":\"NEOS Music\",\"url\":\"https:\\\/\\\/neos-music.com\\\/\",\"logo\":{\"@type\":\"ImageObject\",\"inLanguage\":\"en-US\",\"@id\":\"https:\\\/\\\/neos-music.com\\\/#\\\/schema\\\/logo\\\/image\\\/\",\"url\":\"https:\\\/\\\/i0.wp.com\\\/neos-music.com\\\/wp-content\\\/uploads\\\/2025\\\/08\\\/NEOS-Logo-weiss.png?fit=800%2C203&ssl=1\",\"contentUrl\":\"https:\\\/\\\/i0.wp.com\\\/neos-music.com\\\/wp-content\\\/uploads\\\/2025\\\/08\\\/NEOS-Logo-weiss.png?fit=800%2C203&ssl=1\",\"width\":800,\"height\":203,\"caption\":\"NEOS Music\"},\"image\":{\"@id\":\"https:\\\/\\\/neos-music.com\\\/#\\\/schema\\\/logo\\\/image\\\/\"}}]}<\/script>\n<!-- \/ Yoast SEO plugin. -->","yoast_head_json":{"title":"Jim Franklin: Songs from the Lake - NEOS Music","robots":{"index":"index","follow":"follow","max-snippet":"max-snippet:-1","max-image-preview":"max-image-preview:large","max-video-preview":"max-video-preview:-1"},"canonical":"https:\/\/neos-music.com\/en_us\/product\/jim-franklin-songs-from-the-lake\/","og_locale":"en_US","og_type":"article","og_title":"Jim Franklin: Songs from the Lake - NEOS Music","og_description":"Infotext: Hovering like morning mist above the mirror-lake (Allan Marett, Eliza) Dieses Werk hat sich \u00fcber einen Zeitraum von etwa zw\u00f6lf Jahren entwickelt, obschon einige der Klangbilder etwas \u00e4lter sind; sie stammen aus meiner Zeit als Kompositionsstudent in den 1980er-Jahren. Fr\u00fchere Versionen einiger S\u00e4tze f\u00fchrte ich bei zahlreichen Konzerten und Shakuhachi-Festivals in Europa, Japan und [&hellip;]","og_url":"https:\/\/neos-music.com\/en_us\/product\/jim-franklin-songs-from-the-lake\/","og_site_name":"NEOS Music","article_modified_time":"2023-01-27T19:03:50+00:00","og_image":[{"width":1649,"height":1477,"url":"https:\/\/neos-music.com\/wp-content\/uploads\/2022\/11\/NEOS_12029_Franklin.jpeg","type":"image\/jpeg"}],"twitter_card":"summary_large_image","twitter_misc":{"Est. reading time":"5 minutes"},"schema":{"@context":"https:\/\/schema.org","@graph":[{"@type":"WebPage","@id":"https:\/\/neos-music.com\/product\/jim-franklin-songs-from-the-lake\/","url":"https:\/\/neos-music.com\/product\/jim-franklin-songs-from-the-lake\/","name":"Jim Franklin: Songs from the Lake - NEOS Music","isPartOf":{"@id":"https:\/\/neos-music.com\/#website"},"primaryImageOfPage":{"@id":"https:\/\/neos-music.com\/product\/jim-franklin-songs-from-the-lake\/#primaryimage"},"image":{"@id":"https:\/\/neos-music.com\/product\/jim-franklin-songs-from-the-lake\/#primaryimage"},"thumbnailUrl":"https:\/\/i0.wp.com\/neos-music.com\/wp-content\/uploads\/2022\/11\/NEOS_12029_Franklin.jpeg?fit=1649%2C1477&ssl=1","datePublished":"2020-12-04T15:27:23+00:00","dateModified":"2023-01-27T19:03:50+00:00","breadcrumb":{"@id":"https:\/\/neos-music.com\/product\/jim-franklin-songs-from-the-lake\/#breadcrumb"},"inLanguage":"en-US","potentialAction":[{"@type":"ReadAction","target":["https:\/\/neos-music.com\/product\/jim-franklin-songs-from-the-lake\/"]}]},{"@type":"ImageObject","inLanguage":"en-US","@id":"https:\/\/neos-music.com\/product\/jim-franklin-songs-from-the-lake\/#primaryimage","url":"https:\/\/i0.wp.com\/neos-music.com\/wp-content\/uploads\/2022\/11\/NEOS_12029_Franklin.jpeg?fit=1649%2C1477&ssl=1","contentUrl":"https:\/\/i0.wp.com\/neos-music.com\/wp-content\/uploads\/2022\/11\/NEOS_12029_Franklin.jpeg?fit=1649%2C1477&ssl=1","width":1649,"height":1477},{"@type":"BreadcrumbList","@id":"https:\/\/neos-music.com\/product\/jim-franklin-songs-from-the-lake\/#breadcrumb","itemListElement":[{"@type":"ListItem","position":1,"name":"Startseite","item":"https:\/\/neos-music.com\/"},{"@type":"ListItem","position":2,"name":"Produkte","item":"https:\/\/neos-music.com\/shop__trashed\/"},{"@type":"ListItem","position":3,"name":"Jim Franklin: Songs from the Lake"}]},{"@type":"WebSite","@id":"https:\/\/neos-music.com\/#website","url":"https:\/\/neos-music.com\/","name":"NEOS Music","description":"Dein Online Shop f\u00fcr zeitgen\u00f6ssische Musik, Jazz und Classics!","publisher":{"@id":"https:\/\/neos-music.com\/#organization"},"potentialAction":[{"@type":"SearchAction","target":{"@type":"EntryPoint","urlTemplate":"https:\/\/neos-music.com\/?s={search_term_string}"},"query-input":{"@type":"PropertyValueSpecification","valueRequired":true,"valueName":"search_term_string"}}],"inLanguage":"en-US"},{"@type":"Organization","@id":"https:\/\/neos-music.com\/#organization","name":"NEOS Music","url":"https:\/\/neos-music.com\/","logo":{"@type":"ImageObject","inLanguage":"en-US","@id":"https:\/\/neos-music.com\/#\/schema\/logo\/image\/","url":"https:\/\/i0.wp.com\/neos-music.com\/wp-content\/uploads\/2025\/08\/NEOS-Logo-weiss.png?fit=800%2C203&ssl=1","contentUrl":"https:\/\/i0.wp.com\/neos-music.com\/wp-content\/uploads\/2025\/08\/NEOS-Logo-weiss.png?fit=800%2C203&ssl=1","width":800,"height":203,"caption":"NEOS Music"},"image":{"@id":"https:\/\/neos-music.com\/#\/schema\/logo\/image\/"}}]}},"jetpack_sharing_enabled":true,"_links":{"self":[{"href":"https:\/\/neos-music.com\/en_us\/wp-json\/wp\/v2\/product\/2503","targetHints":{"allow":["GET"]}}],"collection":[{"href":"https:\/\/neos-music.com\/en_us\/wp-json\/wp\/v2\/product"}],"about":[{"href":"https:\/\/neos-music.com\/en_us\/wp-json\/wp\/v2\/types\/product"}],"version-history":[{"count":0,"href":"https:\/\/neos-music.com\/en_us\/wp-json\/wp\/v2\/product\/2503\/revisions"}],"wp:featuredmedia":[{"embeddable":true,"href":"https:\/\/neos-music.com\/en_us\/wp-json\/wp\/v2\/media\/2504"}],"wp:attachment":[{"href":"https:\/\/neos-music.com\/en_us\/wp-json\/wp\/v2\/media?parent=2503"}],"wp:term":[{"taxonomy":"product_brand","embeddable":true,"href":"https:\/\/neos-music.com\/en_us\/wp-json\/wp\/v2\/product_brand?post=2503"},{"taxonomy":"product_cat","embeddable":true,"href":"https:\/\/neos-music.com\/en_us\/wp-json\/wp\/v2\/product_cat?post=2503"},{"taxonomy":"product_tag","embeddable":true,"href":"https:\/\/neos-music.com\/en_us\/wp-json\/wp\/v2\/product_tag?post=2503"}],"curies":[{"name":"wp","href":"https:\/\/api.w.org\/{rel}","templated":true}]}}