{"id":2511,"date":"2020-10-16T15:51:55","date_gmt":"2020-10-16T15:51:55","guid":{"rendered":"https:\/\/neos-music.com\/?post_type=product&#038;p=2511"},"modified":"2022-11-16T15:54:10","modified_gmt":"2022-11-16T15:54:10","slug":"mark-andre-johannes-boris-borowski-eva-reiter-alberto-posadas-donaueschinger-musiktage-2019","status":"publish","type":"product","link":"https:\/\/neos-music.com\/en_us\/product\/mark-andre-johannes-boris-borowski-eva-reiter-alberto-posadas-donaueschinger-musiktage-2019\/","title":{"rendered":"Mark Andre, Johannes Boris Borowski, Eva Reiter, Alberto Posadas: Donaueschinger Musiktage 2019"},"content":{"rendered":"<p>Programm:<\/p>\n<p><b><a class=\"arcoma_glossarylink\" href=\"https:\/\/neos-music.com\/output.php?content=Kuenstler\/Andre_Mark.php&amp;treplace=english%2Cgerman\" target=\"_self\" rel=\"noopener\">Mark Andre<\/a><\/b>\u00a0(*1964)<\/p>\n<p>[01]\u00a0<b>rw\u1e25 1<\/b>\u00a0f\u00fcr Ensemble und Elektronik(2019)\u00a0<b>21:49<\/b><\/p>\n<p><i>Urauff\u00fchrung \u00b7 Live<br \/>\nAuftragswerk des SWR<\/i><\/p>\n<p>Ensemble Resonanz<br \/>\nBas Wiegers, Dirigent<br \/>\nSWR Experimentalstudio<\/p>\n<p><b><br \/>\nJohannes Boris Borowski<\/b>\u00a0(*1979)<\/p>\n<p>[02]\u00a0<b>Allein<\/b>\u00a0f\u00fcr Ensemble (2018\u20132019)\u00a0<b>13:48<\/b><\/p>\n<p><i>Urauff\u00fchrung \u00b7 Live<br \/>\nAuftragswerk des<\/i>\u00a0<i>\u00a0Ensemble Intercontemporain und des SWR<\/i><\/p>\n<p>Ensemble Intercontemporain<br \/>\n<a class=\"arcoma_glossarylink\" href=\"https:\/\/neos-music.com\/output.php?content=Kuenstler\/Pintscher_Matthias.php&amp;treplace=english%2Cgerman\" target=\"_self\" rel=\"noopener\">Matthias Pintscher<\/a>, Dirigent<\/p>\n<p><b><br \/>\nEva Reiter<\/b>\u00a0(*1976)<\/p>\n<p>[03]\u00a0<b>W\u00e4chter<\/b>\u00a0f\u00fcr\u00a0Kontrabassfl\u00f6ten und Rohrorchester\u00a0(2019)\u00a0<b>23:14<\/b><\/p>\n<p><i>Urauff\u00fchrung \u00b7 Live<br \/>\nAuftragswerk des<\/i>\u00a0<i>SWR, mit freundlicher Unterst\u00fctzung von \u00d6sterreichisches Kulturforum Berlin<\/i><\/p>\n<p>Michael Schmid, Kotrabassfl\u00f6te<br \/>\nEva Reiter &amp;\u2009Susanne Fr\u00f6hlich, Paetzold Fl\u00f6te<br \/>\nDeutscher Kammerchor \u00b7 Viktoriia Vitrenko, Einstudierung<br \/>\nSWR Symphonieorchester<br \/>\n<a class=\"arcoma_glossarylink\" href=\"https:\/\/neos-music.com\/output.php?content=Kuenstler\/Ceccherini_Tito.php&amp;treplace=english%2Cgerman\" target=\"_self\" rel=\"noopener\">Tito Ceccherini<\/a>, Dirigent<\/p>\n<p><b><br \/>\n<a class=\"arcoma_glossarylink\" href=\"https:\/\/neos-music.com\/output.php?content=Kuenstler\/Alberto_Posadas.php&amp;treplace=english%2Cgerman\" target=\"_self\" rel=\"noopener\">Alberto Posadas<\/a><\/b>\u00a0(*1967)<\/p>\n<p>[04]\u00a0<b>Ojo del diablo<\/b>\u00a0[aus\u00a0<i>Po\u00e9tica del espacio<\/i>] f\u00fcr Ensemble (2019)\u00a0<b>16:05<br \/>\n<\/b><\/p>\n<p><i>Urauff\u00fchrung \u00b7 Live<br \/>\nAuftragswerk\u00a0von Acht Br\u00fccken \u2013 Musik f\u00fcr K\u00f6ln, Wien Modern, Collegium Novum Z\u00fcrich und SWR,<\/i>\u00a0<i>mit freundlicher Unterst\u00fctzung<\/i>\u00a0der\u00a0<i>Ernst von Siemens Musikstiftung<br \/>\n<\/i><\/p>\n<p><a class=\"arcoma_glossarylink\" href=\"https:\/\/neos-music.com\/output.php?content=Kuenstler\/Klangforum_Wien.php&amp;treplace=english%2Cgerman\" target=\"_self\" rel=\"noopener\">Klangforum Wien<\/a><br \/>\nSylvain Cambreling, Dirigent<\/p>\n<p>total playing time\u00a0\u00a0 75:32<\/p>\n<p>&nbsp;<\/p>\n","protected":false},"excerpt":{"rendered":"<p>Programm: Mark Andre\u00a0(*1964) [01]\u00a0rw\u1e25 1\u00a0f\u00fcr Ensemble und Elektronik(2019)\u00a021:49 Urauff\u00fchrung \u00b7 Live Auftragswerk des SWR Ensemble Resonanz Bas Wiegers, Dirigent SWR Experimentalstudio Johannes Boris Borowski\u00a0(*1979) [02]\u00a0Allein\u00a0f\u00fcr Ensemble (2018\u20132019)\u00a013:48 Urauff\u00fchrung \u00b7 Live Auftragswerk des\u00a0\u00a0Ensemble Intercontemporain und des SWR Ensemble Intercontemporain Matthias Pintscher, Dirigent Eva Reiter\u00a0(*1976) [03]\u00a0W\u00e4chter\u00a0f\u00fcr\u00a0Kontrabassfl\u00f6ten und Rohrorchester\u00a0(2019)\u00a023:14 Urauff\u00fchrung \u00b7 Live Auftragswerk des\u00a0SWR, mit freundlicher Unterst\u00fctzung von [&hellip;]<\/p>\n","protected":false},"featured_media":2512,"template":"","meta":{"site-sidebar-layout":"default","site-content-layout":"default","ast-site-content-layout":"default","site-content-style":"default","site-sidebar-style":"default","ast-global-header-display":"","ast-banner-title-visibility":"","ast-main-header-display":"","ast-hfb-above-header-display":"","ast-hfb-below-header-display":"","ast-hfb-mobile-header-display":"","site-post-title":"","ast-breadcrumbs-content":"","ast-featured-img":"","footer-sml-layout":"","theme-transparent-header-meta":"default","adv-header-id-meta":"","stick-header-meta":"","header-above-stick-meta":"","header-main-stick-meta":"","header-below-stick-meta":"","astra-migrate-meta-layouts":"default","ast-page-background-enabled":"default","ast-page-background-meta":{"desktop":{"background-color":"","background-image":"","background-repeat":"repeat","background-position":"center center","background-size":"auto","background-attachment":"scroll","background-type":"","background-media":"","overlay-type":"","overlay-color":"","overlay-opacity":"","overlay-gradient":""},"tablet":{"background-color":"","background-image":"","background-repeat":"repeat","background-position":"center center","background-size":"auto","background-attachment":"scroll","background-type":"","background-media":"","overlay-type":"","overlay-color":"","overlay-opacity":"","overlay-gradient":""},"mobile":{"background-color":"","background-image":"","background-repeat":"repeat","background-position":"center center","background-size":"auto","background-attachment":"scroll","background-type":"","background-media":"","overlay-type":"","overlay-color":"","overlay-opacity":"","overlay-gradient":""}},"ast-content-background-meta":{"desktop":{"background-color":"var(--ast-global-color-5)","background-image":"","background-repeat":"repeat","background-position":"center center","background-size":"auto","background-attachment":"scroll","background-type":"","background-media":"","overlay-type":"","overlay-color":"","overlay-opacity":"","overlay-gradient":""},"tablet":{"background-color":"var(--ast-global-color-5)","background-image":"","background-repeat":"repeat","background-position":"center center","background-size":"auto","background-attachment":"scroll","background-type":"","background-media":"","overlay-type":"","overlay-color":"","overlay-opacity":"","overlay-gradient":""},"mobile":{"background-color":"var(--ast-global-color-5)","background-image":"","background-repeat":"repeat","background-position":"center center","background-size":"auto","background-attachment":"scroll","background-type":"","background-media":"","overlay-type":"","overlay-color":"","overlay-opacity":"","overlay-gradient":""}}},"product_brand":[],"product_cat":[26],"product_tag":[],"class_list":{"0":"post-2511","1":"product","2":"type-product","3":"status-publish","4":"has-post-thumbnail","6":"product_cat-zeitgenossische-musik","7":"pa_artikelnummer-neos-12013","8":"pa_brand-neos-music","9":"pa_ean-130","10":"desktop-align-left","11":"tablet-align-left","12":"mobile-align-left","14":"first","15":"instock","16":"taxable","17":"shipping-taxable","18":"purchasable","19":"product-type-simple"},"yoast_head":"<!-- This site is optimized with the Yoast SEO plugin v27.4 - https:\/\/yoast.com\/product\/yoast-seo-wordpress\/ -->\n<title>Mark Andre, Johannes Boris Borowski, Eva Reiter, Alberto Posadas: Donaueschinger Musiktage 2019 - NEOS Music<\/title>\n<meta name=\"robots\" content=\"index, follow, max-snippet:-1, max-image-preview:large, max-video-preview:-1\" \/>\n<link rel=\"canonical\" href=\"https:\/\/neos-music.com\/en_us\/product\/mark-andre-johannes-boris-borowski-eva-reiter-alberto-posadas-donaueschinger-musiktage-2019\/\" \/>\n<meta property=\"og:locale\" content=\"en_US\" \/>\n<meta property=\"og:type\" content=\"article\" \/>\n<meta property=\"og:title\" content=\"Mark Andre, Johannes Boris Borowski, Eva Reiter, Alberto Posadas: Donaueschinger Musiktage 2019 - NEOS Music\" \/>\n<meta property=\"og:description\" content=\"Programm: Mark Andre\u00a0(*1964) [01]\u00a0rw\u1e25 1\u00a0f\u00fcr Ensemble und Elektronik(2019)\u00a021:49 Urauff\u00fchrung \u00b7 Live Auftragswerk des SWR Ensemble Resonanz Bas Wiegers, Dirigent SWR Experimentalstudio Johannes Boris Borowski\u00a0(*1979) [02]\u00a0Allein\u00a0f\u00fcr Ensemble (2018\u20132019)\u00a013:48 Urauff\u00fchrung \u00b7 Live Auftragswerk des\u00a0\u00a0Ensemble Intercontemporain und des SWR Ensemble Intercontemporain Matthias Pintscher, Dirigent Eva Reiter\u00a0(*1976) [03]\u00a0W\u00e4chter\u00a0f\u00fcr\u00a0Kontrabassfl\u00f6ten und Rohrorchester\u00a0(2019)\u00a023:14 Urauff\u00fchrung \u00b7 Live Auftragswerk des\u00a0SWR, mit freundlicher Unterst\u00fctzung von [&hellip;]\" \/>\n<meta property=\"og:url\" content=\"https:\/\/neos-music.com\/en_us\/product\/mark-andre-johannes-boris-borowski-eva-reiter-alberto-posadas-donaueschinger-musiktage-2019\/\" \/>\n<meta property=\"og:site_name\" content=\"NEOS Music\" \/>\n<meta property=\"article:modified_time\" content=\"2022-11-16T15:54:10+00:00\" \/>\n<meta property=\"og:image\" content=\"https:\/\/neos-music.com\/wp-content\/uploads\/2022\/11\/NEOS_12013_DMT2019.jpeg\" \/>\n\t<meta property=\"og:image:width\" content=\"1649\" \/>\n\t<meta property=\"og:image:height\" content=\"1484\" \/>\n\t<meta property=\"og:image:type\" content=\"image\/jpeg\" \/>\n<meta name=\"twitter:card\" content=\"summary_large_image\" \/>\n<meta name=\"twitter:label1\" content=\"Est. reading time\" \/>\n\t<meta name=\"twitter:data1\" content=\"1 minute\" \/>\n<script type=\"application\/ld+json\" class=\"yoast-schema-graph\">{\"@context\":\"https:\\\/\\\/schema.org\",\"@graph\":[{\"@type\":\"WebPage\",\"@id\":\"https:\\\/\\\/neos-music.com\\\/product\\\/mark-andre-johannes-boris-borowski-eva-reiter-alberto-posadas-donaueschinger-musiktage-2019\\\/\",\"url\":\"https:\\\/\\\/neos-music.com\\\/product\\\/mark-andre-johannes-boris-borowski-eva-reiter-alberto-posadas-donaueschinger-musiktage-2019\\\/\",\"name\":\"Mark Andre, Johannes Boris Borowski, Eva Reiter, Alberto Posadas: Donaueschinger Musiktage 2019 - NEOS Music\",\"isPartOf\":{\"@id\":\"https:\\\/\\\/neos-music.com\\\/#website\"},\"primaryImageOfPage\":{\"@id\":\"https:\\\/\\\/neos-music.com\\\/product\\\/mark-andre-johannes-boris-borowski-eva-reiter-alberto-posadas-donaueschinger-musiktage-2019\\\/#primaryimage\"},\"image\":{\"@id\":\"https:\\\/\\\/neos-music.com\\\/product\\\/mark-andre-johannes-boris-borowski-eva-reiter-alberto-posadas-donaueschinger-musiktage-2019\\\/#primaryimage\"},\"thumbnailUrl\":\"https:\\\/\\\/i0.wp.com\\\/neos-music.com\\\/wp-content\\\/uploads\\\/2022\\\/11\\\/NEOS_12013_DMT2019.jpeg?fit=1649%2C1484&ssl=1\",\"datePublished\":\"2020-10-16T15:51:55+00:00\",\"dateModified\":\"2022-11-16T15:54:10+00:00\",\"breadcrumb\":{\"@id\":\"https:\\\/\\\/neos-music.com\\\/product\\\/mark-andre-johannes-boris-borowski-eva-reiter-alberto-posadas-donaueschinger-musiktage-2019\\\/#breadcrumb\"},\"inLanguage\":\"en-US\",\"potentialAction\":[{\"@type\":\"ReadAction\",\"target\":[\"https:\\\/\\\/neos-music.com\\\/product\\\/mark-andre-johannes-boris-borowski-eva-reiter-alberto-posadas-donaueschinger-musiktage-2019\\\/\"]}]},{\"@type\":\"ImageObject\",\"inLanguage\":\"en-US\",\"@id\":\"https:\\\/\\\/neos-music.com\\\/product\\\/mark-andre-johannes-boris-borowski-eva-reiter-alberto-posadas-donaueschinger-musiktage-2019\\\/#primaryimage\",\"url\":\"https:\\\/\\\/i0.wp.com\\\/neos-music.com\\\/wp-content\\\/uploads\\\/2022\\\/11\\\/NEOS_12013_DMT2019.jpeg?fit=1649%2C1484&ssl=1\",\"contentUrl\":\"https:\\\/\\\/i0.wp.com\\\/neos-music.com\\\/wp-content\\\/uploads\\\/2022\\\/11\\\/NEOS_12013_DMT2019.jpeg?fit=1649%2C1484&ssl=1\",\"width\":1649,\"height\":1484},{\"@type\":\"BreadcrumbList\",\"@id\":\"https:\\\/\\\/neos-music.com\\\/product\\\/mark-andre-johannes-boris-borowski-eva-reiter-alberto-posadas-donaueschinger-musiktage-2019\\\/#breadcrumb\",\"itemListElement\":[{\"@type\":\"ListItem\",\"position\":1,\"name\":\"Startseite\",\"item\":\"https:\\\/\\\/neos-music.com\\\/\"},{\"@type\":\"ListItem\",\"position\":2,\"name\":\"Produkte\",\"item\":\"https:\\\/\\\/neos-music.com\\\/shop__trashed\\\/\"},{\"@type\":\"ListItem\",\"position\":3,\"name\":\"Mark Andre, Johannes Boris Borowski, Eva Reiter, Alberto Posadas: Donaueschinger Musiktage 2019\"}]},{\"@type\":\"WebSite\",\"@id\":\"https:\\\/\\\/neos-music.com\\\/#website\",\"url\":\"https:\\\/\\\/neos-music.com\\\/\",\"name\":\"NEOS Music\",\"description\":\"Dein Online Shop f\u00fcr zeitgen\u00f6ssische Musik, Jazz und Classics!\",\"publisher\":{\"@id\":\"https:\\\/\\\/neos-music.com\\\/#organization\"},\"potentialAction\":[{\"@type\":\"SearchAction\",\"target\":{\"@type\":\"EntryPoint\",\"urlTemplate\":\"https:\\\/\\\/neos-music.com\\\/?s={search_term_string}\"},\"query-input\":{\"@type\":\"PropertyValueSpecification\",\"valueRequired\":true,\"valueName\":\"search_term_string\"}}],\"inLanguage\":\"en-US\"},{\"@type\":\"Organization\",\"@id\":\"https:\\\/\\\/neos-music.com\\\/#organization\",\"name\":\"NEOS Music\",\"url\":\"https:\\\/\\\/neos-music.com\\\/\",\"logo\":{\"@type\":\"ImageObject\",\"inLanguage\":\"en-US\",\"@id\":\"https:\\\/\\\/neos-music.com\\\/#\\\/schema\\\/logo\\\/image\\\/\",\"url\":\"https:\\\/\\\/i0.wp.com\\\/neos-music.com\\\/wp-content\\\/uploads\\\/2025\\\/08\\\/NEOS-Logo-weiss.png?fit=800%2C203&ssl=1\",\"contentUrl\":\"https:\\\/\\\/i0.wp.com\\\/neos-music.com\\\/wp-content\\\/uploads\\\/2025\\\/08\\\/NEOS-Logo-weiss.png?fit=800%2C203&ssl=1\",\"width\":800,\"height\":203,\"caption\":\"NEOS Music\"},\"image\":{\"@id\":\"https:\\\/\\\/neos-music.com\\\/#\\\/schema\\\/logo\\\/image\\\/\"}}]}<\/script>\n<!-- \/ Yoast SEO plugin. -->","yoast_head_json":{"title":"Mark Andre, Johannes Boris Borowski, Eva Reiter, Alberto Posadas: Donaueschinger Musiktage 2019 - NEOS Music","robots":{"index":"index","follow":"follow","max-snippet":"max-snippet:-1","max-image-preview":"max-image-preview:large","max-video-preview":"max-video-preview:-1"},"canonical":"https:\/\/neos-music.com\/en_us\/product\/mark-andre-johannes-boris-borowski-eva-reiter-alberto-posadas-donaueschinger-musiktage-2019\/","og_locale":"en_US","og_type":"article","og_title":"Mark Andre, Johannes Boris Borowski, Eva Reiter, Alberto Posadas: Donaueschinger Musiktage 2019 - NEOS Music","og_description":"Programm: Mark Andre\u00a0(*1964) [01]\u00a0rw\u1e25 1\u00a0f\u00fcr Ensemble und Elektronik(2019)\u00a021:49 Urauff\u00fchrung \u00b7 Live Auftragswerk des SWR Ensemble Resonanz Bas Wiegers, Dirigent SWR Experimentalstudio Johannes Boris Borowski\u00a0(*1979) [02]\u00a0Allein\u00a0f\u00fcr Ensemble (2018\u20132019)\u00a013:48 Urauff\u00fchrung \u00b7 Live Auftragswerk des\u00a0\u00a0Ensemble Intercontemporain und des SWR Ensemble Intercontemporain Matthias Pintscher, Dirigent Eva Reiter\u00a0(*1976) [03]\u00a0W\u00e4chter\u00a0f\u00fcr\u00a0Kontrabassfl\u00f6ten und Rohrorchester\u00a0(2019)\u00a023:14 Urauff\u00fchrung \u00b7 Live Auftragswerk des\u00a0SWR, mit freundlicher Unterst\u00fctzung von [&hellip;]","og_url":"https:\/\/neos-music.com\/en_us\/product\/mark-andre-johannes-boris-borowski-eva-reiter-alberto-posadas-donaueschinger-musiktage-2019\/","og_site_name":"NEOS Music","article_modified_time":"2022-11-16T15:54:10+00:00","og_image":[{"width":1649,"height":1484,"url":"https:\/\/neos-music.com\/wp-content\/uploads\/2022\/11\/NEOS_12013_DMT2019.jpeg","type":"image\/jpeg"}],"twitter_card":"summary_large_image","twitter_misc":{"Est. reading time":"1 minute"},"schema":{"@context":"https:\/\/schema.org","@graph":[{"@type":"WebPage","@id":"https:\/\/neos-music.com\/product\/mark-andre-johannes-boris-borowski-eva-reiter-alberto-posadas-donaueschinger-musiktage-2019\/","url":"https:\/\/neos-music.com\/product\/mark-andre-johannes-boris-borowski-eva-reiter-alberto-posadas-donaueschinger-musiktage-2019\/","name":"Mark Andre, Johannes Boris Borowski, Eva Reiter, Alberto Posadas: Donaueschinger Musiktage 2019 - NEOS Music","isPartOf":{"@id":"https:\/\/neos-music.com\/#website"},"primaryImageOfPage":{"@id":"https:\/\/neos-music.com\/product\/mark-andre-johannes-boris-borowski-eva-reiter-alberto-posadas-donaueschinger-musiktage-2019\/#primaryimage"},"image":{"@id":"https:\/\/neos-music.com\/product\/mark-andre-johannes-boris-borowski-eva-reiter-alberto-posadas-donaueschinger-musiktage-2019\/#primaryimage"},"thumbnailUrl":"https:\/\/i0.wp.com\/neos-music.com\/wp-content\/uploads\/2022\/11\/NEOS_12013_DMT2019.jpeg?fit=1649%2C1484&ssl=1","datePublished":"2020-10-16T15:51:55+00:00","dateModified":"2022-11-16T15:54:10+00:00","breadcrumb":{"@id":"https:\/\/neos-music.com\/product\/mark-andre-johannes-boris-borowski-eva-reiter-alberto-posadas-donaueschinger-musiktage-2019\/#breadcrumb"},"inLanguage":"en-US","potentialAction":[{"@type":"ReadAction","target":["https:\/\/neos-music.com\/product\/mark-andre-johannes-boris-borowski-eva-reiter-alberto-posadas-donaueschinger-musiktage-2019\/"]}]},{"@type":"ImageObject","inLanguage":"en-US","@id":"https:\/\/neos-music.com\/product\/mark-andre-johannes-boris-borowski-eva-reiter-alberto-posadas-donaueschinger-musiktage-2019\/#primaryimage","url":"https:\/\/i0.wp.com\/neos-music.com\/wp-content\/uploads\/2022\/11\/NEOS_12013_DMT2019.jpeg?fit=1649%2C1484&ssl=1","contentUrl":"https:\/\/i0.wp.com\/neos-music.com\/wp-content\/uploads\/2022\/11\/NEOS_12013_DMT2019.jpeg?fit=1649%2C1484&ssl=1","width":1649,"height":1484},{"@type":"BreadcrumbList","@id":"https:\/\/neos-music.com\/product\/mark-andre-johannes-boris-borowski-eva-reiter-alberto-posadas-donaueschinger-musiktage-2019\/#breadcrumb","itemListElement":[{"@type":"ListItem","position":1,"name":"Startseite","item":"https:\/\/neos-music.com\/"},{"@type":"ListItem","position":2,"name":"Produkte","item":"https:\/\/neos-music.com\/shop__trashed\/"},{"@type":"ListItem","position":3,"name":"Mark Andre, Johannes Boris Borowski, Eva Reiter, Alberto Posadas: Donaueschinger Musiktage 2019"}]},{"@type":"WebSite","@id":"https:\/\/neos-music.com\/#website","url":"https:\/\/neos-music.com\/","name":"NEOS Music","description":"Dein Online Shop f\u00fcr zeitgen\u00f6ssische Musik, Jazz und Classics!","publisher":{"@id":"https:\/\/neos-music.com\/#organization"},"potentialAction":[{"@type":"SearchAction","target":{"@type":"EntryPoint","urlTemplate":"https:\/\/neos-music.com\/?s={search_term_string}"},"query-input":{"@type":"PropertyValueSpecification","valueRequired":true,"valueName":"search_term_string"}}],"inLanguage":"en-US"},{"@type":"Organization","@id":"https:\/\/neos-music.com\/#organization","name":"NEOS Music","url":"https:\/\/neos-music.com\/","logo":{"@type":"ImageObject","inLanguage":"en-US","@id":"https:\/\/neos-music.com\/#\/schema\/logo\/image\/","url":"https:\/\/i0.wp.com\/neos-music.com\/wp-content\/uploads\/2025\/08\/NEOS-Logo-weiss.png?fit=800%2C203&ssl=1","contentUrl":"https:\/\/i0.wp.com\/neos-music.com\/wp-content\/uploads\/2025\/08\/NEOS-Logo-weiss.png?fit=800%2C203&ssl=1","width":800,"height":203,"caption":"NEOS Music"},"image":{"@id":"https:\/\/neos-music.com\/#\/schema\/logo\/image\/"}}]}},"jetpack_sharing_enabled":true,"_links":{"self":[{"href":"https:\/\/neos-music.com\/en_us\/wp-json\/wp\/v2\/product\/2511","targetHints":{"allow":["GET"]}}],"collection":[{"href":"https:\/\/neos-music.com\/en_us\/wp-json\/wp\/v2\/product"}],"about":[{"href":"https:\/\/neos-music.com\/en_us\/wp-json\/wp\/v2\/types\/product"}],"version-history":[{"count":0,"href":"https:\/\/neos-music.com\/en_us\/wp-json\/wp\/v2\/product\/2511\/revisions"}],"wp:featuredmedia":[{"embeddable":true,"href":"https:\/\/neos-music.com\/en_us\/wp-json\/wp\/v2\/media\/2512"}],"wp:attachment":[{"href":"https:\/\/neos-music.com\/en_us\/wp-json\/wp\/v2\/media?parent=2511"}],"wp:term":[{"taxonomy":"product_brand","embeddable":true,"href":"https:\/\/neos-music.com\/en_us\/wp-json\/wp\/v2\/product_brand?post=2511"},{"taxonomy":"product_cat","embeddable":true,"href":"https:\/\/neos-music.com\/en_us\/wp-json\/wp\/v2\/product_cat?post=2511"},{"taxonomy":"product_tag","embeddable":true,"href":"https:\/\/neos-music.com\/en_us\/wp-json\/wp\/v2\/product_tag?post=2511"}],"curies":[{"name":"wp","href":"https:\/\/api.w.org\/{rel}","templated":true}]}}