{"id":2521,"date":"2020-06-26T16:03:05","date_gmt":"2020-06-26T16:03:05","guid":{"rendered":"https:\/\/neos-music.com\/?post_type=product&#038;p=2521"},"modified":"2023-05-22T20:11:17","modified_gmt":"2023-05-22T20:11:17","slug":"girolamo-frescobaldi-nikolaus-brass-johann-jakob-froberger-domenico-zipoli-figuren-der-sehnsucht-works-for-meantone-tempered-accordion","status":"publish","type":"product","link":"https:\/\/neos-music.com\/en_us\/product\/girolamo-frescobaldi-nikolaus-brass-johann-jakob-froberger-domenico-zipoli-figuren-der-sehnsucht-works-for-meantone-tempered-accordion\/","title":{"rendered":"Girolamo Frescobaldi, Nikolaus Brass, Johann Jakob Froberger, Domenico Zipoli: Figuren der Sehnsucht &#8211; Works for Meantone Tempered Accordion"},"content":{"rendered":"<p>Programm:<\/p>\n<table border=\"0\" width=\"100%\" rules=\"none\" cellspacing=\"0\" cellpadding=\"0\">\n<tbody>\n<tr>\n<td class=\"bigcontent2\">\n<div id=\"tracks\">\n<p><b>Figuren der Sehnsucht<br \/>\n<\/b>Werke f\u00fcr mittelt\u00f6nig gestimmtes Akkordeon<\/p>\n<p><b><\/b><\/p>\n<p><b>Girolamo Frescobaldi<\/b>\u00a0(1583\u20131643)<\/p>\n<p>[01]\u00a0<b>Toccata avanti la messa della Madonna<\/b>\u00a0(aus\u00a0<i>Fiori musicali<\/i>, 1635) 01:03<br \/>\n[02]\u00a0<b>Toccata per l\u2019Elevatione<\/b>\u00a0(aus\u00a0<i>Fiori musicali<\/i>, 1635) 02:33<br \/>\n[03]\u00a0<b>Canzon terza detta La Crivelli<\/b>\u00a0(aus\u00a0<i>Canzoni alla Francese<\/i>, 1645) 03:28<\/p>\n<p><b><a class=\"arcoma_glossarylink\" href=\"https:\/\/neos-music.com\/output.php?content=Kuenstler\/Nikolaus_Brass.php&amp;treplace=english%2Cgerman\" target=\"_self\" rel=\"noopener\">Nikolaus Brass<\/a><\/b>\u00a0(*1949)<\/p>\n<p>[04]\u00a0<b>Harmonies I<\/b>\u00a0(2014) 07:25<\/p>\n<p><b>Johann Jakob Froberger<\/b>\u00a0(1616\u20131667)<\/p>\n<p>[05]\u00a0<b>Fantasia II in a<\/b>, FbWV 202 (aus\u00a0<i>Libro secondo<\/i>, 1649) 04:02<br \/>\n[06]<b>\u00a0Fantasia V in a<\/b>, FbWV 205 (aus\u00a0<i>Libro secondo<\/i>, 1649) 03:33<br \/>\n[07]\u00a0<b>Canzon II in g<\/b>, FbWV 302 (aus\u00a0<i>Libro secondo<\/i>, 1649) 03:23<\/p>\n<p><b><a class=\"arcoma_glossarylink\" href=\"https:\/\/neos-music.com\/output.php?content=Kuenstler\/Nikolaus_Brass.php&amp;treplace=english%2Cgerman\" target=\"_self\" rel=\"noopener\">Nikolaus Brass<\/a><\/b>\u00a0(*1949)<\/p>\n<p>[08]<b>\u00a0Harmonies II<\/b>\u00a0(2018) 02:32<br \/>\n[09]<b>\u00a0Harmonies III<\/b>\u00a0(2014) 03:18<br \/>\n[10]\u00a0<b>Harmonies IV<\/b>\u00a0(2014) 01:19<\/p>\n<p><b>Domenico Zipoli<\/b>\u00a0(1688\u20131726)<\/p>\n<p>[11]<b>\u00a0Canzona in d<\/b>\u00a002:27<br \/>\n[12]\u00a0<b>Canzona in C<\/b>\u00a002:01<br \/>\n[13]<b>\u00a0Canzona in F<\/b>\u00a002:40<br \/>\n[14]<b>\u00a0Canzona in e<\/b>\u00a003:08<br \/>\n[15]<b>\u00a0Canzona in g<\/b>\u00a003:19<\/p>\n<p><b><a class=\"arcoma_glossarylink\" href=\"https:\/\/neos-music.com\/output.php?content=Kuenstler\/Nikolaus_Brass.php&amp;treplace=english%2Cgerman\" target=\"_self\" rel=\"noopener\">Nikolaus Brass<\/a><\/b>\u00a0(*1949)<\/p>\n<p>[16]\u00a0<b>Figuren der Sehnsucht<\/b>\u00a0(2019) 16:03<\/p>\n<p><b>Girolamo Frescobaldi<\/b>\u00a0(1583\u20131643)<\/p>\n<p>[17]\u00a0<b>Canzon quinta detta La Bellerofonte<\/b>\u00a0(aus\u00a0<i>Canzoni alla Francese<\/i>, 1645) 02:43<br \/>\n[18]\u00a0<b>Canzon nona detta La Querina<\/b>\u00a0(aus\u00a0<i>Canzoni alla Francese<\/i>, 1645) 03:34<br \/>\n[19]\u00a0<b>Capriccio di durezze<\/b>\u00a0(aus\u00a0<i>Il primo libro di Capricci<\/i>, 1624) 04:39<\/p>\n<p>Gesamtspielzeit: 73:31<\/p>\n<p><b><\/b><\/p>\n<p><b>Hans Maier<\/b>, mittelt\u00f6nig gestimmtes Akkordeon<\/p>\n<p>Pressestimmen:<\/p>\n<table border=\"0\" width=\"100%\" rules=\"none\" cellspacing=\"0\" cellpadding=\"0\">\n<tbody>\n<tr>\n<td class=\"bigcontent2\">\n<div id=\"press\">\n<p><img data-recalc-dims=\"1\" decoding=\"async\" src=\"https:\/\/i0.wp.com\/neos-music.com\/wp-content\/uploads\/2023\/05\/logo_FonoForum.gif?ssl=1\" alt=\"\" \/><\/p>\n<p>01\/21<\/p>\n<p>Unvermutete Begegnungen<\/p>\n<p>[\u2026] F\u00fcr einen nicht minder fruchtbaren Dialog zwischen Vergangenheit und Gegenwart zeichnet sich der Akkordeonist Hans Maier verantwortlich. Er hat einige Meister aus Fr\u00fch- und Sp\u00e4tbarock mit dem Komponisten Nikolaus Brass zusammengebracht. Dabei setzt er auf mittelt\u00f6nige Stimmung, um den besonderen harmonischen Reiz alter Musik authentischer h\u00f6rbar zu machen und deren spezielle Schwebungsfrequenzen f\u00fcr neue Komposition zu nutzen. Im Auftrag von Maier schrieb Nikolaus Brass den Zyklus der &#8222;Harmonies&#8220; (2014-2018) und lie\u00df sich mit h\u00f6rbarer Sensitivit\u00e4t auf den warmen Sound de4r mittelt\u00f6nigen Stimmung ein. Maier gelingt es in diesen Ersteinspielungen, Brass&#8216; fluoreszierende Klang-Tableaus farblich minuti\u00f6s auszudifferenzieren. Die ebenfalls ersteingespielten &#8222;Figuren der Sehnsucht&#8220; (2019) konstituieren im direkten Vergleich ein kleinteiligeres Mosaik kontrastiver Gestalten, die unentwegt ihre Konturen und Bewegungsrichtungen \u00e4ndern. Die f\u00fcr Akkordeon eingerichteten St\u00fccke von Girolamo Frescobaldi, Johan Jacob Froberger und Domenico Zipoli erscheinen hier v\u00f6llig &#8222;nat\u00fcrlich&#8220;, konzentriert auf strukturelle Substanz, transparente Kontrapunktik und sonore Farbigkeit.<\/p>\n<p><i>Dirk Wieschollek<\/i><\/p>\n<p>&nbsp;<\/p>\n<p><img data-recalc-dims=\"1\" decoding=\"async\" src=\"https:\/\/i0.wp.com\/neos-music.com\/wp-content\/uploads\/2023\/05\/logo_musiktexte.jpg?ssl=1\" alt=\"\" \/><\/p>\n<p>08\/2020<\/p>\n<p>In seiner Kolumne &#8222;Beckmesser&#8217;s Choice&#8220; schrieb Max Nyffeler:<\/p>\n<p>(&#8230;) Im klanglichen Klima der mittelt\u00f6nigen Stimmung r\u00fccken sich Alt und Neu erstaunlich nah. In den &#8222;Hamonies I-IV&#8220;, komponiert 2014 und 2018, ertastet Brass schrittweise die ungewohnte Klanglichkeit, erst mit sorgf\u00e4ltig ausgeh\u00f6rten akkordischen Strukturen, dann auch zunehmend im linearen Bereich bis hin zu virtuosen Spielfiguren. Im j\u00fcngsten Werk, den 2019 uraufgef\u00fchrten &#8222;Figuren der Sehnsucht&#8220;, bewegt er sich ganz nat\u00fcrlich auf dem neuen harmonischen Terrain und l\u00e4sst seiner Phantasie freien Lauf. Durch die sensible Art, wie er das Instrument zum Sprechen bringt, und durch die \u00fcberraschenden Wechsel von Klangfarben und Harmonik artikuliert sich tats\u00e4chlich so etwas wie Sehnsucht nach einer unbekannten Ferne.<\/p>\n<\/div>\n<\/td>\n<\/tr>\n<\/tbody>\n<\/table>\n<\/div>\n<\/td>\n<\/tr>\n<\/tbody>\n<\/table>\n<p>&nbsp;<\/p>\n","protected":false},"excerpt":{"rendered":"<p>Programm: Figuren der Sehnsucht Werke f\u00fcr mittelt\u00f6nig gestimmtes Akkordeon Girolamo Frescobaldi\u00a0(1583\u20131643) [01]\u00a0Toccata avanti la messa della Madonna\u00a0(aus\u00a0Fiori musicali, 1635) 01:03 [02]\u00a0Toccata per l\u2019Elevatione\u00a0(aus\u00a0Fiori musicali, 1635) 02:33 [03]\u00a0Canzon terza detta La Crivelli\u00a0(aus\u00a0Canzoni alla Francese, 1645) 03:28 Nikolaus Brass\u00a0(*1949) [04]\u00a0Harmonies I\u00a0(2014) 07:25 Johann Jakob Froberger\u00a0(1616\u20131667) [05]\u00a0Fantasia II in a, FbWV 202 (aus\u00a0Libro secondo, 1649) 04:02 [06]\u00a0Fantasia V [&hellip;]<\/p>\n","protected":false},"featured_media":2522,"template":"","meta":{"site-sidebar-layout":"default","site-content-layout":"default","ast-site-content-layout":"default","site-content-style":"default","site-sidebar-style":"default","ast-global-header-display":"","ast-banner-title-visibility":"","ast-main-header-display":"","ast-hfb-above-header-display":"","ast-hfb-below-header-display":"","ast-hfb-mobile-header-display":"","site-post-title":"","ast-breadcrumbs-content":"","ast-featured-img":"","footer-sml-layout":"","theme-transparent-header-meta":"default","adv-header-id-meta":"","stick-header-meta":"","header-above-stick-meta":"","header-main-stick-meta":"","header-below-stick-meta":"","astra-migrate-meta-layouts":"default","ast-page-background-enabled":"default","ast-page-background-meta":{"desktop":{"background-color":"","background-image":"","background-repeat":"repeat","background-position":"center center","background-size":"auto","background-attachment":"scroll","background-type":"","background-media":"","overlay-type":"","overlay-color":"","overlay-opacity":"","overlay-gradient":""},"tablet":{"background-color":"","background-image":"","background-repeat":"repeat","background-position":"center center","background-size":"auto","background-attachment":"scroll","background-type":"","background-media":"","overlay-type":"","overlay-color":"","overlay-opacity":"","overlay-gradient":""},"mobile":{"background-color":"","background-image":"","background-repeat":"repeat","background-position":"center center","background-size":"auto","background-attachment":"scroll","background-type":"","background-media":"","overlay-type":"","overlay-color":"","overlay-opacity":"","overlay-gradient":""}},"ast-content-background-meta":{"desktop":{"background-color":"var(--ast-global-color-5)","background-image":"","background-repeat":"repeat","background-position":"center center","background-size":"auto","background-attachment":"scroll","background-type":"","background-media":"","overlay-type":"","overlay-color":"","overlay-opacity":"","overlay-gradient":""},"tablet":{"background-color":"var(--ast-global-color-5)","background-image":"","background-repeat":"repeat","background-position":"center center","background-size":"auto","background-attachment":"scroll","background-type":"","background-media":"","overlay-type":"","overlay-color":"","overlay-opacity":"","overlay-gradient":""},"mobile":{"background-color":"var(--ast-global-color-5)","background-image":"","background-repeat":"repeat","background-position":"center center","background-size":"auto","background-attachment":"scroll","background-type":"","background-media":"","overlay-type":"","overlay-color":"","overlay-opacity":"","overlay-gradient":""}}},"product_brand":[],"product_cat":[26],"product_tag":[],"class_list":{"0":"post-2521","1":"product","2":"type-product","3":"status-publish","4":"has-post-thumbnail","6":"product_cat-zeitgenossische-musik","7":"pa_artikelnummer-neos-22001","8":"pa_brand-neos-music","9":"pa_ean-140","10":"desktop-align-left","11":"tablet-align-left","12":"mobile-align-left","14":"first","15":"instock","16":"taxable","17":"shipping-taxable","18":"purchasable","19":"product-type-simple"},"yoast_head":"<!-- This site is optimized with the Yoast SEO plugin v27.4 - https:\/\/yoast.com\/product\/yoast-seo-wordpress\/ -->\n<title>Girolamo Frescobaldi, Nikolaus Brass, Johann Jakob Froberger, Domenico Zipoli: Figuren der Sehnsucht - Works for Meantone Tempered Accordion - NEOS Music<\/title>\n<meta name=\"robots\" content=\"index, follow, max-snippet:-1, max-image-preview:large, max-video-preview:-1\" \/>\n<link rel=\"canonical\" href=\"https:\/\/neos-music.com\/en_us\/product\/girolamo-frescobaldi-nikolaus-brass-johann-jakob-froberger-domenico-zipoli-figuren-der-sehnsucht-works-for-meantone-tempered-accordion\/\" \/>\n<meta property=\"og:locale\" content=\"en_US\" \/>\n<meta property=\"og:type\" content=\"article\" \/>\n<meta property=\"og:title\" content=\"Girolamo Frescobaldi, Nikolaus Brass, Johann Jakob Froberger, Domenico Zipoli: Figuren der Sehnsucht - Works for Meantone Tempered Accordion - NEOS Music\" \/>\n<meta property=\"og:description\" content=\"Programm: Figuren der Sehnsucht Werke f\u00fcr mittelt\u00f6nig gestimmtes Akkordeon Girolamo Frescobaldi\u00a0(1583\u20131643) [01]\u00a0Toccata avanti la messa della Madonna\u00a0(aus\u00a0Fiori musicali, 1635) 01:03 [02]\u00a0Toccata per l\u2019Elevatione\u00a0(aus\u00a0Fiori musicali, 1635) 02:33 [03]\u00a0Canzon terza detta La Crivelli\u00a0(aus\u00a0Canzoni alla Francese, 1645) 03:28 Nikolaus Brass\u00a0(*1949) [04]\u00a0Harmonies I\u00a0(2014) 07:25 Johann Jakob Froberger\u00a0(1616\u20131667) [05]\u00a0Fantasia II in a, FbWV 202 (aus\u00a0Libro secondo, 1649) 04:02 [06]\u00a0Fantasia V [&hellip;]\" \/>\n<meta property=\"og:url\" content=\"https:\/\/neos-music.com\/en_us\/product\/girolamo-frescobaldi-nikolaus-brass-johann-jakob-froberger-domenico-zipoli-figuren-der-sehnsucht-works-for-meantone-tempered-accordion\/\" \/>\n<meta property=\"og:site_name\" content=\"NEOS Music\" \/>\n<meta property=\"article:modified_time\" content=\"2023-05-22T20:11:17+00:00\" \/>\n<meta property=\"og:image\" content=\"https:\/\/neos-music.com\/wp-content\/uploads\/2022\/11\/NEOS_22001_Figuren_der_Sehnsucht.jpeg\" \/>\n\t<meta property=\"og:image:width\" content=\"1648\" \/>\n\t<meta property=\"og:image:height\" content=\"1477\" \/>\n\t<meta property=\"og:image:type\" content=\"image\/jpeg\" \/>\n<meta name=\"twitter:card\" content=\"summary_large_image\" \/>\n<meta name=\"twitter:label1\" content=\"Est. reading time\" \/>\n\t<meta name=\"twitter:data1\" content=\"3 minutes\" \/>\n<script type=\"application\/ld+json\" class=\"yoast-schema-graph\">{\"@context\":\"https:\\\/\\\/schema.org\",\"@graph\":[{\"@type\":\"WebPage\",\"@id\":\"https:\\\/\\\/neos-music.com\\\/product\\\/girolamo-frescobaldi-nikolaus-brass-johann-jakob-froberger-domenico-zipoli-figuren-der-sehnsucht-works-for-meantone-tempered-accordion\\\/\",\"url\":\"https:\\\/\\\/neos-music.com\\\/product\\\/girolamo-frescobaldi-nikolaus-brass-johann-jakob-froberger-domenico-zipoli-figuren-der-sehnsucht-works-for-meantone-tempered-accordion\\\/\",\"name\":\"Girolamo Frescobaldi, Nikolaus Brass, Johann Jakob Froberger, Domenico Zipoli: Figuren der Sehnsucht - Works for Meantone Tempered Accordion - NEOS Music\",\"isPartOf\":{\"@id\":\"https:\\\/\\\/neos-music.com\\\/#website\"},\"primaryImageOfPage\":{\"@id\":\"https:\\\/\\\/neos-music.com\\\/product\\\/girolamo-frescobaldi-nikolaus-brass-johann-jakob-froberger-domenico-zipoli-figuren-der-sehnsucht-works-for-meantone-tempered-accordion\\\/#primaryimage\"},\"image\":{\"@id\":\"https:\\\/\\\/neos-music.com\\\/product\\\/girolamo-frescobaldi-nikolaus-brass-johann-jakob-froberger-domenico-zipoli-figuren-der-sehnsucht-works-for-meantone-tempered-accordion\\\/#primaryimage\"},\"thumbnailUrl\":\"https:\\\/\\\/i0.wp.com\\\/neos-music.com\\\/wp-content\\\/uploads\\\/2022\\\/11\\\/NEOS_22001_Figuren_der_Sehnsucht.jpeg?fit=1648%2C1477&ssl=1\",\"datePublished\":\"2020-06-26T16:03:05+00:00\",\"dateModified\":\"2023-05-22T20:11:17+00:00\",\"breadcrumb\":{\"@id\":\"https:\\\/\\\/neos-music.com\\\/product\\\/girolamo-frescobaldi-nikolaus-brass-johann-jakob-froberger-domenico-zipoli-figuren-der-sehnsucht-works-for-meantone-tempered-accordion\\\/#breadcrumb\"},\"inLanguage\":\"en-US\",\"potentialAction\":[{\"@type\":\"ReadAction\",\"target\":[\"https:\\\/\\\/neos-music.com\\\/product\\\/girolamo-frescobaldi-nikolaus-brass-johann-jakob-froberger-domenico-zipoli-figuren-der-sehnsucht-works-for-meantone-tempered-accordion\\\/\"]}]},{\"@type\":\"ImageObject\",\"inLanguage\":\"en-US\",\"@id\":\"https:\\\/\\\/neos-music.com\\\/product\\\/girolamo-frescobaldi-nikolaus-brass-johann-jakob-froberger-domenico-zipoli-figuren-der-sehnsucht-works-for-meantone-tempered-accordion\\\/#primaryimage\",\"url\":\"https:\\\/\\\/i0.wp.com\\\/neos-music.com\\\/wp-content\\\/uploads\\\/2022\\\/11\\\/NEOS_22001_Figuren_der_Sehnsucht.jpeg?fit=1648%2C1477&ssl=1\",\"contentUrl\":\"https:\\\/\\\/i0.wp.com\\\/neos-music.com\\\/wp-content\\\/uploads\\\/2022\\\/11\\\/NEOS_22001_Figuren_der_Sehnsucht.jpeg?fit=1648%2C1477&ssl=1\",\"width\":1648,\"height\":1477},{\"@type\":\"BreadcrumbList\",\"@id\":\"https:\\\/\\\/neos-music.com\\\/product\\\/girolamo-frescobaldi-nikolaus-brass-johann-jakob-froberger-domenico-zipoli-figuren-der-sehnsucht-works-for-meantone-tempered-accordion\\\/#breadcrumb\",\"itemListElement\":[{\"@type\":\"ListItem\",\"position\":1,\"name\":\"Startseite\",\"item\":\"https:\\\/\\\/neos-music.com\\\/\"},{\"@type\":\"ListItem\",\"position\":2,\"name\":\"Produkte\",\"item\":\"https:\\\/\\\/neos-music.com\\\/shop__trashed\\\/\"},{\"@type\":\"ListItem\",\"position\":3,\"name\":\"Girolamo Frescobaldi, Nikolaus Brass, Johann Jakob Froberger, Domenico Zipoli: Figuren der Sehnsucht &#8211; Works for Meantone Tempered Accordion\"}]},{\"@type\":\"WebSite\",\"@id\":\"https:\\\/\\\/neos-music.com\\\/#website\",\"url\":\"https:\\\/\\\/neos-music.com\\\/\",\"name\":\"NEOS Music\",\"description\":\"Dein Online Shop f\u00fcr zeitgen\u00f6ssische Musik, Jazz und Classics!\",\"publisher\":{\"@id\":\"https:\\\/\\\/neos-music.com\\\/#organization\"},\"potentialAction\":[{\"@type\":\"SearchAction\",\"target\":{\"@type\":\"EntryPoint\",\"urlTemplate\":\"https:\\\/\\\/neos-music.com\\\/?s={search_term_string}\"},\"query-input\":{\"@type\":\"PropertyValueSpecification\",\"valueRequired\":true,\"valueName\":\"search_term_string\"}}],\"inLanguage\":\"en-US\"},{\"@type\":\"Organization\",\"@id\":\"https:\\\/\\\/neos-music.com\\\/#organization\",\"name\":\"NEOS Music\",\"url\":\"https:\\\/\\\/neos-music.com\\\/\",\"logo\":{\"@type\":\"ImageObject\",\"inLanguage\":\"en-US\",\"@id\":\"https:\\\/\\\/neos-music.com\\\/#\\\/schema\\\/logo\\\/image\\\/\",\"url\":\"https:\\\/\\\/i0.wp.com\\\/neos-music.com\\\/wp-content\\\/uploads\\\/2025\\\/08\\\/NEOS-Logo-weiss.png?fit=800%2C203&ssl=1\",\"contentUrl\":\"https:\\\/\\\/i0.wp.com\\\/neos-music.com\\\/wp-content\\\/uploads\\\/2025\\\/08\\\/NEOS-Logo-weiss.png?fit=800%2C203&ssl=1\",\"width\":800,\"height\":203,\"caption\":\"NEOS Music\"},\"image\":{\"@id\":\"https:\\\/\\\/neos-music.com\\\/#\\\/schema\\\/logo\\\/image\\\/\"}}]}<\/script>\n<!-- \/ Yoast SEO plugin. -->","yoast_head_json":{"title":"Girolamo Frescobaldi, Nikolaus Brass, Johann Jakob Froberger, Domenico Zipoli: Figuren der Sehnsucht - Works for Meantone Tempered Accordion - NEOS Music","robots":{"index":"index","follow":"follow","max-snippet":"max-snippet:-1","max-image-preview":"max-image-preview:large","max-video-preview":"max-video-preview:-1"},"canonical":"https:\/\/neos-music.com\/en_us\/product\/girolamo-frescobaldi-nikolaus-brass-johann-jakob-froberger-domenico-zipoli-figuren-der-sehnsucht-works-for-meantone-tempered-accordion\/","og_locale":"en_US","og_type":"article","og_title":"Girolamo Frescobaldi, Nikolaus Brass, Johann Jakob Froberger, Domenico Zipoli: Figuren der Sehnsucht - Works for Meantone Tempered Accordion - NEOS Music","og_description":"Programm: Figuren der Sehnsucht Werke f\u00fcr mittelt\u00f6nig gestimmtes Akkordeon Girolamo Frescobaldi\u00a0(1583\u20131643) [01]\u00a0Toccata avanti la messa della Madonna\u00a0(aus\u00a0Fiori musicali, 1635) 01:03 [02]\u00a0Toccata per l\u2019Elevatione\u00a0(aus\u00a0Fiori musicali, 1635) 02:33 [03]\u00a0Canzon terza detta La Crivelli\u00a0(aus\u00a0Canzoni alla Francese, 1645) 03:28 Nikolaus Brass\u00a0(*1949) [04]\u00a0Harmonies I\u00a0(2014) 07:25 Johann Jakob Froberger\u00a0(1616\u20131667) [05]\u00a0Fantasia II in a, FbWV 202 (aus\u00a0Libro secondo, 1649) 04:02 [06]\u00a0Fantasia V [&hellip;]","og_url":"https:\/\/neos-music.com\/en_us\/product\/girolamo-frescobaldi-nikolaus-brass-johann-jakob-froberger-domenico-zipoli-figuren-der-sehnsucht-works-for-meantone-tempered-accordion\/","og_site_name":"NEOS Music","article_modified_time":"2023-05-22T20:11:17+00:00","og_image":[{"width":1648,"height":1477,"url":"https:\/\/neos-music.com\/wp-content\/uploads\/2022\/11\/NEOS_22001_Figuren_der_Sehnsucht.jpeg","type":"image\/jpeg"}],"twitter_card":"summary_large_image","twitter_misc":{"Est. reading time":"3 minutes"},"schema":{"@context":"https:\/\/schema.org","@graph":[{"@type":"WebPage","@id":"https:\/\/neos-music.com\/product\/girolamo-frescobaldi-nikolaus-brass-johann-jakob-froberger-domenico-zipoli-figuren-der-sehnsucht-works-for-meantone-tempered-accordion\/","url":"https:\/\/neos-music.com\/product\/girolamo-frescobaldi-nikolaus-brass-johann-jakob-froberger-domenico-zipoli-figuren-der-sehnsucht-works-for-meantone-tempered-accordion\/","name":"Girolamo Frescobaldi, Nikolaus Brass, Johann Jakob Froberger, Domenico Zipoli: Figuren der Sehnsucht - Works for Meantone Tempered Accordion - NEOS Music","isPartOf":{"@id":"https:\/\/neos-music.com\/#website"},"primaryImageOfPage":{"@id":"https:\/\/neos-music.com\/product\/girolamo-frescobaldi-nikolaus-brass-johann-jakob-froberger-domenico-zipoli-figuren-der-sehnsucht-works-for-meantone-tempered-accordion\/#primaryimage"},"image":{"@id":"https:\/\/neos-music.com\/product\/girolamo-frescobaldi-nikolaus-brass-johann-jakob-froberger-domenico-zipoli-figuren-der-sehnsucht-works-for-meantone-tempered-accordion\/#primaryimage"},"thumbnailUrl":"https:\/\/i0.wp.com\/neos-music.com\/wp-content\/uploads\/2022\/11\/NEOS_22001_Figuren_der_Sehnsucht.jpeg?fit=1648%2C1477&ssl=1","datePublished":"2020-06-26T16:03:05+00:00","dateModified":"2023-05-22T20:11:17+00:00","breadcrumb":{"@id":"https:\/\/neos-music.com\/product\/girolamo-frescobaldi-nikolaus-brass-johann-jakob-froberger-domenico-zipoli-figuren-der-sehnsucht-works-for-meantone-tempered-accordion\/#breadcrumb"},"inLanguage":"en-US","potentialAction":[{"@type":"ReadAction","target":["https:\/\/neos-music.com\/product\/girolamo-frescobaldi-nikolaus-brass-johann-jakob-froberger-domenico-zipoli-figuren-der-sehnsucht-works-for-meantone-tempered-accordion\/"]}]},{"@type":"ImageObject","inLanguage":"en-US","@id":"https:\/\/neos-music.com\/product\/girolamo-frescobaldi-nikolaus-brass-johann-jakob-froberger-domenico-zipoli-figuren-der-sehnsucht-works-for-meantone-tempered-accordion\/#primaryimage","url":"https:\/\/i0.wp.com\/neos-music.com\/wp-content\/uploads\/2022\/11\/NEOS_22001_Figuren_der_Sehnsucht.jpeg?fit=1648%2C1477&ssl=1","contentUrl":"https:\/\/i0.wp.com\/neos-music.com\/wp-content\/uploads\/2022\/11\/NEOS_22001_Figuren_der_Sehnsucht.jpeg?fit=1648%2C1477&ssl=1","width":1648,"height":1477},{"@type":"BreadcrumbList","@id":"https:\/\/neos-music.com\/product\/girolamo-frescobaldi-nikolaus-brass-johann-jakob-froberger-domenico-zipoli-figuren-der-sehnsucht-works-for-meantone-tempered-accordion\/#breadcrumb","itemListElement":[{"@type":"ListItem","position":1,"name":"Startseite","item":"https:\/\/neos-music.com\/"},{"@type":"ListItem","position":2,"name":"Produkte","item":"https:\/\/neos-music.com\/shop__trashed\/"},{"@type":"ListItem","position":3,"name":"Girolamo Frescobaldi, Nikolaus Brass, Johann Jakob Froberger, Domenico Zipoli: Figuren der Sehnsucht &#8211; Works for Meantone Tempered Accordion"}]},{"@type":"WebSite","@id":"https:\/\/neos-music.com\/#website","url":"https:\/\/neos-music.com\/","name":"NEOS Music","description":"Dein Online Shop f\u00fcr zeitgen\u00f6ssische Musik, Jazz und Classics!","publisher":{"@id":"https:\/\/neos-music.com\/#organization"},"potentialAction":[{"@type":"SearchAction","target":{"@type":"EntryPoint","urlTemplate":"https:\/\/neos-music.com\/?s={search_term_string}"},"query-input":{"@type":"PropertyValueSpecification","valueRequired":true,"valueName":"search_term_string"}}],"inLanguage":"en-US"},{"@type":"Organization","@id":"https:\/\/neos-music.com\/#organization","name":"NEOS Music","url":"https:\/\/neos-music.com\/","logo":{"@type":"ImageObject","inLanguage":"en-US","@id":"https:\/\/neos-music.com\/#\/schema\/logo\/image\/","url":"https:\/\/i0.wp.com\/neos-music.com\/wp-content\/uploads\/2025\/08\/NEOS-Logo-weiss.png?fit=800%2C203&ssl=1","contentUrl":"https:\/\/i0.wp.com\/neos-music.com\/wp-content\/uploads\/2025\/08\/NEOS-Logo-weiss.png?fit=800%2C203&ssl=1","width":800,"height":203,"caption":"NEOS Music"},"image":{"@id":"https:\/\/neos-music.com\/#\/schema\/logo\/image\/"}}]}},"jetpack_sharing_enabled":true,"_links":{"self":[{"href":"https:\/\/neos-music.com\/en_us\/wp-json\/wp\/v2\/product\/2521","targetHints":{"allow":["GET"]}}],"collection":[{"href":"https:\/\/neos-music.com\/en_us\/wp-json\/wp\/v2\/product"}],"about":[{"href":"https:\/\/neos-music.com\/en_us\/wp-json\/wp\/v2\/types\/product"}],"version-history":[{"count":0,"href":"https:\/\/neos-music.com\/en_us\/wp-json\/wp\/v2\/product\/2521\/revisions"}],"wp:featuredmedia":[{"embeddable":true,"href":"https:\/\/neos-music.com\/en_us\/wp-json\/wp\/v2\/media\/2522"}],"wp:attachment":[{"href":"https:\/\/neos-music.com\/en_us\/wp-json\/wp\/v2\/media?parent=2521"}],"wp:term":[{"taxonomy":"product_brand","embeddable":true,"href":"https:\/\/neos-music.com\/en_us\/wp-json\/wp\/v2\/product_brand?post=2521"},{"taxonomy":"product_cat","embeddable":true,"href":"https:\/\/neos-music.com\/en_us\/wp-json\/wp\/v2\/product_cat?post=2521"},{"taxonomy":"product_tag","embeddable":true,"href":"https:\/\/neos-music.com\/en_us\/wp-json\/wp\/v2\/product_tag?post=2521"}],"curies":[{"name":"wp","href":"https:\/\/api.w.org\/{rel}","templated":true}]}}