{"id":2525,"date":"2020-05-29T16:11:20","date_gmt":"2020-05-29T16:11:20","guid":{"rendered":"https:\/\/neos-music.com\/?post_type=product&#038;p=2525"},"modified":"2023-05-22T20:13:17","modified_gmt":"2023-05-22T20:13:17","slug":"paul-hindemith-1922-suite-for-piano-three-piano-sonatas","status":"publish","type":"product","link":"https:\/\/neos-music.com\/en_us\/product\/paul-hindemith-1922-suite-for-piano-three-piano-sonatas\/","title":{"rendered":"Paul Hindemith: &#8222;1922&#8220; Suite for Piano \/ Three Piano Sonatas"},"content":{"rendered":"<p>Infotext:<\/p>\n<table border=\"0\" width=\"100%\" rules=\"none\" cellspacing=\"0\" cellpadding=\"0\">\n<tbody>\n<tr>\n<td class=\"bigcontent2\">\n<div id=\"infotext\">\n<p><b>PAUL HINDEMITH<br \/>\n\u00bb1922\u00ab Suite f\u00fcr Klavier \u00b7 Drei Klaviersonaten<\/b><\/p>\n<p>\u00bbK\u00f6nnen Sie auch Fox trots, Bostons, Rags und anderen Kitsch brauchen? Wenn mir keine anst\u00e4ndige Musik mehr einf\u00e4llt, schreibe ich immer solche Sachen. Die gelingen mir sehr gut, und ich denke mir, Sie k\u00f6nnten mit einem solchen St\u00fcck mehr Gesch\u00e4fte machen als mit meiner besten Kammermusik. (Guter Kitsch ist ja auch furchtbar selten)\u00ab, fragte der selbstbewusste Paul Hindemith 1920 sein Verlagshaus Schott in Mainz, das die Frage postwendend bejahte. Ein Beispiel f\u00fcr \u00bbsolche Sachen\u00ab ist die<i>\u00a0Klaviersuite \u00bb1922\u00ab<\/i>\u00a0op. 26, die das Jahr ihrer Entstehung programmatisch im Titel tr\u00e4gt. Mit Ausnahme des ernsten\u00a0<i>Nachtst\u00fccks<\/i>\u00a0in ihrer Mitte besteht sie aus stilisierten Modet\u00e4nzen und ist damit zugleich als Parodie der barocken Suite zu verstehen. Dem abschlie\u00dfenden\u00a0<i>Ragtime<\/i>\u00a0stellte Hindemith eine freche \u00bbGebrauchsanweisung\u00ab voran. Die Suite wurde im Oktober 1922 von Carl Friedberg in Berlin uraufgef\u00fchrt.<\/p>\n<p>Schon bald nach Hitlers Ernennung zum Reichskanzler im Januar 1933 sah sich Hindemith mit Ger\u00fcchten konfrontiert, seine Musik sei offiziell verboten; verunsicherte Konzertveranstalter nahmen seine Werke deshalb von ihren Programmen und luden ihn nicht mehr als Solisten ein. Die Urauff\u00fchrung seiner\u00a0<i>Symphonie \u00bbMathis der Maler\u00ab<\/i>\u00a0im M\u00e4rz 1934 l\u00f6ste einen monatelangen publizistischen Schlagabtausch zwischen reaktion\u00e4ren NS-Kulturw\u00e4chtern, die seine Musik als \u00bbkulturbolschewistisch\u00ab verunglimpften, und moderater gesonnenen Hindemith-Bef\u00fcrwortern aus. Im Dezember 1934 sprach der Propaganda-minister Goebbels ein Machtwort: \u00bbGewi\u00df k\u00f6nnen wir es uns nicht leisten, angesichts der auf der ganzen Welt herrschenden, uns\u00e4glichen Armut an wahrhaft produktiven K\u00fcnstlern auf einen echten deutschen K\u00fcnstler zu verzichten. Aber es soll dann eben ein wirklicher K\u00fcnstler sein, kein atonaler Ger\u00e4uschemacher.\u00ab Hindemiths Beurlaubung von seiner Professur an der Berliner Musikhochschule auf zun\u00e4chst unbestimmte Zeit verd\u00fcsterte seine Zukunftsaussichten in Deutschland weiter. In dieser Situation erreichte ihn das Angebot der t\u00fcrkischen Regierung, Pl\u00e4ne f\u00fcr eine nach westeurop\u00e4ischem Vorbild orientierte Musikerausbildung in Ankara auszuarbeiten. Bis 1937 unternahm er dazu insgesamt vier mehrw\u00f6chige Reisen in die T\u00fcrkei. Dort begann er im April 1936 mit der Arbeit an der ersten Klaviersonate. Vollendet wurde sie nach der R\u00fcckkehr in Berlin, von wo aus seine Frau Gertrud an den Verleger Willy Strecker schrieb: \u00bbIch bin neugierig, was Sie dazu sagen, es wird ein ganz gro\u00dfes St\u00fcck! Und dazu ein herrlicher, aber wehm\u00fctig und sonderbar anz\u00fcglicher Text.\u00ab Sie spielte damit auf das Gedicht\u00a0<i>Der Main<\/i>\u00a0von Friedrich H\u00f6lderlin an, das Hindemiths eigener Angabe zufolge \u00bbdie Anregung zur Komposition dieser Sonate\u00ab gab. In dem Gedicht steht der durch Frankfurt f\u00fchrende Fluss als landschaftliche Metapher f\u00fcr das Objekt von H\u00f6lderlins unerf\u00fcllter Liebe, die Frankfurter Bankiersgattin Susette Gontard (die er in seinen Gedichten als \u00bbDiotima\u00ab verewigt hat). Es enth\u00e4lt zwei Strophen, in denen Hindemith Parallelen zu seiner eigenen Situation gesehen haben mag:<\/p>\n<p><i>Zu euch vielleicht, ihr Inseln! ger\u00e4t noch einst<br \/>\nEin heimatloser S\u00e4nger; denn wandern mu\u00df<br \/>\nVon Fremden er zu Fremden, und die<br \/>\nErde, die freie, sie mu\u00df ja, leider!<\/i><\/p>\n<p><i>Statt Vaterlands ihm dienen, solang er lebt,<br \/>\nUnd wenn er stirbt \u2013 doch nimmer verge\u00df ich dich,<br \/>\nSo fern ich wandre, sch\u00f6ner Main! und<br \/>\nDeine Gestade, die vielbegl\u00fcckten.<\/i><\/p>\n<p>Anfang Juli 1936 schrieb Hindemith nach Mainz: \u00bbLieber Willy, hier bekommen Sie die bewusste Sonate und damit Sie nicht glauben, die Senilitas sei schon im Anzuge, habe ich gleich noch einen kleineren Bruder beigelegt: Ich habe gleich noch eine hinnedruff gemacht, so zur \u00dcbung. Sie ist das leichtere Gegenst\u00fcck zu der immerhin gewichtigen ersten.\u00ab Der Pianist Walter Gieseking, der als Solist f\u00fcr die Urauff\u00fchrung im Gespr\u00e4ch war, erhielt durch Willy Strecker sogleich Einblick in die Manuskripte: \u00bbGestern war ich bei Gieseking, der mir beide Sonaten vorspielte. Die erste Sonate hatte er mehrmals durchgespielt und machte seine Sache ganz vorz\u00fcglich. Die zweite Sonate hatte er erst ein oder zwei Mal gelesen, spielte sie aber auch meisterhaft.\u00ab<\/p>\n<p>Weil Gieseking Einw\u00e4nde gegen den zweiten Satz der ersten Sonate hatte, einen Variationensatz in langsamem Zeitma\u00df, tauschte Hindemith diesen gegen einen neuen aus, mit dem der Pianist nun sehr zufrieden war. Wohl best\u00e4rkt von dessen positiver Reaktion, begann Hindemith Ende Juli mit der Komposition der dritten Sonate, die am 20. August vollendet war.<\/p>\n<p>Der kurze Kopfsatz der<i>\u00a0Ersten Klaviersonate<\/i>, in dem zwei Themen lediglich exponiert und mit einer Coda abgeschlossen werden, dient weniger selbst als repr\u00e4sentativer Beginn des Werkes, sondern vielmehr als Vorspiel zum gewichtigen zweiten Satz, einem Trauermarsch mit dem genre\u00fcblichen punktierten Rhythmus \u00fcber langsam schreitenden Vierteln. Im dritten Satz bricht sich aufgestaute Energie Bahn. Der vierte Satz, eine in ver\u00e4nderter Reihenfolge erklingende Rekapitulation der Motive aus dem Kopfsatz, besitzt wie dieser die Funktion einer Einleitung zum komplex strukturierten Finale.<\/p>\n<p>Die\u00a0<i>Zweite Klaviersonate<\/i>\u00a0ist angesichts ihres geringeren Umfangs, der leichter fasslichen Themen und geringeren pianistischen Anforderungen dem Bereich der Laienmusik zuzurechnen. Tats\u00e4chlich wird dieser Bezug auch in musikalisch-thematischer Hinsicht deutlich: Der Beginn des Kopfsatzes ist aus dem Thema des Anfangschors von Hindemiths Laien-Kantate\u00a0<i>Frau Musica<\/i>\u00a0op. 45 Nr. 1 (1928) abgeleitet. Der t\u00e4nzerische zweite Satz ist als Scherzo mit einem synkopierten Trio-Mittelteil konzipiert. Es folgt ein heiteres Rondo, das von einer langsamen Einleitung samt Coda er\u00f6ffnet wird und mit der abschlie\u00dfenden Wiederholung dieser Coda nachdenklich endet.<\/p>\n<p>Die<i>\u00a0Dritte Klaviersonate<\/i>\u00a0beginnt mit einem lyrischen Siciliano, das in seinem Mittelteil dramatischere Z\u00fcge annimmt. Die Rahmenteile des scherzoartigen zweiten Satzes durchpulst ein schwungvoller Themenkopf; eilige Achtel bestimmen den Mittelteil. Ein Trauermarsch, ein Fugato und ein Arioso sind die kontrastreichen Elemente des dritten Satzes. Im Schlusssatz, einer gro\u00dfangelegten, sich sukzessive verdichtenden Doppelfuge, wird das Fugato-Thema aus dem dritten Satz nochmals aufgegriffen und kunstvoll eingebunden.<\/p>\n<p>Als Gastgeber der Olympischen Spiele gab sich Berlin im Sommer 1936 vor\u00fcbergehend weltoffen und liberal. Hatte sich Hindemith deshalb Hoffnungen auf eine Verbesserung seiner eigenen Perspektiven gemacht, so wurde er bald entt\u00e4uscht. Ein im Oktober 1936 erlassenes Auff\u00fchrungsverbot aller seiner Werke verhinderte neben der offiziellen Premiere der\u00a0<i>Ersten Sonate<\/i>\u00a0durch Walter Gieseking auch die von diesem geplante Urauff\u00fchrung der\u00a0<i>Zweiten Sonate<\/i>. Die\u00a0<i>Dritte Sonate<\/i>\u00a0pr\u00e4sentierte Hindemiths nach England emigrierter Sch\u00fcler Franz Reizenstein in London erstmals bei einem Konzert vor geladenem Publikum; die \u00f6ffentliche Urauff\u00fchrung spielte der puertoricanische Pianist Jes\u00fas Mar\u00eda Sanrom\u00e1 im April 1937 in New York. Ungeachtet des Auff\u00fchrungsverbots erschienen alle drei Werke Anfang 1937 im Druck.<\/p>\n<p>Susanne Schaal-Gotthardt<\/p>\n<p>Programm:<\/p>\n<table border=\"0\" width=\"100%\" rules=\"none\" cellspacing=\"0\" cellpadding=\"0\">\n<tbody>\n<tr>\n<td class=\"bigcontent2\">\n<div id=\"tracks\">\n<p><b>Paul Hindemith<\/b>\u00a0(1895\u20131963)<\/p>\n<p><b>\u201c1922\u201d Suite f\u00fcr Klavier<\/b>\u00a0op. 26 (1922)\u00a0<b>20:01<\/b><\/p>\n<p>[01]<b>\u00a0I Marsch<\/b>\u00a001:38<br \/>\n[02]\u00a0<b>II Shimmy<\/b>\u00a004:24<br \/>\n[03]\u00a0<b>III Nachtst\u00fcck<\/b>\u00a007:18<br \/>\n[04]<b>\u00a0IV Boston<\/b>\u00a005:04<br \/>\n[05]\u00a0<b>V Ragtime<\/b>\u00a002:37<\/p>\n<p><b>Sonate I in A<\/b>\u00a0(1936)<b>\u00a026:40<\/b><\/p>\n<p>[06]<b>\u00a0I Ruhig bewegte Viertel<\/b>\u00a002:19<br \/>\n[07]\u00a0<b>II Im Zeitma\u00df eines sehr langsamen Marsches<\/b>\u00a007:51<br \/>\n[08]<b>\u00a0III Lebhaft<\/b>\u00a006:52<br \/>\n[09]\u00a0<b>IV Ruhig bewegte Viertel, wie im ersten Teil<\/b>\u00a002:10<br \/>\n[10]<b>\u00a0V Lebhaft<\/b>\u00a007:28<\/p>\n<p><b>Sonate II in G<\/b>\u00a0(1936)\u00a0<b>12:58<\/b><\/p>\n<p>[11]<b>\u00a0I M\u00e4\u00dfig schnell<\/b>\u00a002:51<br \/>\n[12]\u00a0<b>II Lebhaft<\/b>\u00a001:58<br \/>\n[13]\u00a0<b>III Sehr langsam \u2013 Rondo. Bewegt<\/b>\u00a008:09<\/p>\n<p><b><\/b><b><br \/>\nSonate III in B<\/b>\u00a0(1936)\u00a0<b>20:12<\/b><\/p>\n<p>[14]<b>\u00a0I Ruhig bewegt<\/b>\u00a005:06<br \/>\n[15]\u00a0<b>II Sehr lebhaft<\/b>\u00a003:04<br \/>\n[16]\u00a0<b>III M\u00e4\u00dfig schnell<\/b>\u00a007:08<br \/>\n[17]<b>\u00a0IV Fuge. Lebhaft<\/b>\u00a004:54<\/p>\n<p>total playing time: 80:58<\/p>\n<p><b><a class=\"arcoma_glossarylink\" href=\"https:\/\/neos-music.com\/output.php?content=Kuenstler\/Andreas_Skouras.php&amp;treplace=english%2Cgerman\" target=\"_self\" rel=\"noopener\">Andreas Skouras<\/a>, piano<\/b><\/p>\n<p><i>This recording is dedicated to Dr. Wilhelm Schmidt with great gratitude. (Andreas Skouras)<\/i><\/p>\n<p>Pressestimmen:<\/p>\n<table border=\"0\" width=\"100%\" rules=\"none\" cellspacing=\"0\" cellpadding=\"0\">\n<tbody>\n<tr>\n<td class=\"bigcontent2\">\n<div id=\"press\">\n<p><img data-recalc-dims=\"1\" decoding=\"async\" src=\"https:\/\/i0.wp.com\/neos-music.com\/wp-content\/uploads\/2023\/05\/logo_sueddeutsche.jpg?ssl=1\" alt=\"\" \/><\/p>\n<p>25.11.2020<\/p>\n<p><b>Freches Kunstst\u00fcck<\/b><\/p>\n<p>F\u00fcr das Klavierwerk Paul Hindemiths, dessen 125. Geburtstag am 16. November gefeiert wurde, hat Glen Gould 1973 in seiner Einspielung der drei Sonaten Pionierarbeit geleistet. Nur einige wenige Pianisten sind ihm auf Tontr\u00e4gern gefolgt. Famos getoppt wird das vom in M\u00fcnchen lebenden und wirkenden Cembalisten und Pianisten Andreas Skouras auf seiner bereits achten CD f\u00fcr das M\u00fcnchner Neue-Musik-Label NEOS. [\u2026]<\/p>\n<p>Nun gelingt ihm in der frechen &#8222;Suite 1922&#8220; und in den drei 14 Jahre sp\u00e4ter entstandenen Sonaten Hindemiths wieder ein Kunstst\u00fcck. [&#8230;]<\/p>\n<p><i>Klaus Kalchschmid<\/i><\/p>\n<p><i><\/i><\/p>\n<p><img data-recalc-dims=\"1\" decoding=\"async\" src=\"https:\/\/i0.wp.com\/neos-music.com\/wp-content\/uploads\/2023\/05\/logo_FonoForum.gif?ssl=1\" alt=\"\" \/><i><br \/>\n<\/i><\/p>\n<p>12\/20<\/p>\n<p>[\u2026] in der episch-expansiven ersten Sonate, mit der Hindemith seine Emigration aus Nazideutschland mit einem der Musik vorangestellten H\u00f6lderlin-Motto ank\u00fcndigt, gelingt es Skouras, den aus Wehmut und Hoffnung seltsam gemischten Tonfall auch als ein Zeitdokument sp\u00fcrbar zu machen.<\/p>\n<p><i>Giselher Schubert<\/i><\/p>\n<\/div>\n<\/td>\n<\/tr>\n<\/tbody>\n<\/table>\n<\/div>\n<\/td>\n<\/tr>\n<\/tbody>\n<\/table>\n<\/div>\n<\/td>\n<\/tr>\n<\/tbody>\n<\/table>\n","protected":false},"excerpt":{"rendered":"<p>Infotext: PAUL HINDEMITH \u00bb1922\u00ab Suite f\u00fcr Klavier \u00b7 Drei Klaviersonaten \u00bbK\u00f6nnen Sie auch Fox trots, Bostons, Rags und anderen Kitsch brauchen? Wenn mir keine anst\u00e4ndige Musik mehr einf\u00e4llt, schreibe ich immer solche Sachen. Die gelingen mir sehr gut, und ich denke mir, Sie k\u00f6nnten mit einem solchen St\u00fcck mehr Gesch\u00e4fte machen als mit meiner besten [&hellip;]<\/p>\n","protected":false},"featured_media":2526,"template":"","meta":{"site-sidebar-layout":"default","site-content-layout":"default","ast-site-content-layout":"default","site-content-style":"default","site-sidebar-style":"default","ast-global-header-display":"","ast-banner-title-visibility":"","ast-main-header-display":"","ast-hfb-above-header-display":"","ast-hfb-below-header-display":"","ast-hfb-mobile-header-display":"","site-post-title":"","ast-breadcrumbs-content":"","ast-featured-img":"","footer-sml-layout":"","theme-transparent-header-meta":"default","adv-header-id-meta":"","stick-header-meta":"","header-above-stick-meta":"","header-main-stick-meta":"","header-below-stick-meta":"","astra-migrate-meta-layouts":"default","ast-page-background-enabled":"default","ast-page-background-meta":{"desktop":{"background-color":"","background-image":"","background-repeat":"repeat","background-position":"center center","background-size":"auto","background-attachment":"scroll","background-type":"","background-media":"","overlay-type":"","overlay-color":"","overlay-opacity":"","overlay-gradient":""},"tablet":{"background-color":"","background-image":"","background-repeat":"repeat","background-position":"center center","background-size":"auto","background-attachment":"scroll","background-type":"","background-media":"","overlay-type":"","overlay-color":"","overlay-opacity":"","overlay-gradient":""},"mobile":{"background-color":"","background-image":"","background-repeat":"repeat","background-position":"center center","background-size":"auto","background-attachment":"scroll","background-type":"","background-media":"","overlay-type":"","overlay-color":"","overlay-opacity":"","overlay-gradient":""}},"ast-content-background-meta":{"desktop":{"background-color":"var(--ast-global-color-5)","background-image":"","background-repeat":"repeat","background-position":"center center","background-size":"auto","background-attachment":"scroll","background-type":"","background-media":"","overlay-type":"","overlay-color":"","overlay-opacity":"","overlay-gradient":""},"tablet":{"background-color":"var(--ast-global-color-5)","background-image":"","background-repeat":"repeat","background-position":"center center","background-size":"auto","background-attachment":"scroll","background-type":"","background-media":"","overlay-type":"","overlay-color":"","overlay-opacity":"","overlay-gradient":""},"mobile":{"background-color":"var(--ast-global-color-5)","background-image":"","background-repeat":"repeat","background-position":"center center","background-size":"auto","background-attachment":"scroll","background-type":"","background-media":"","overlay-type":"","overlay-color":"","overlay-opacity":"","overlay-gradient":""}}},"product_brand":[],"product_cat":[882,26],"product_tag":[],"class_list":{"0":"post-2525","1":"product","2":"type-product","3":"status-publish","4":"has-post-thumbnail","6":"product_cat-klavier","7":"product_cat-zeitgenossische-musik","8":"pa_artikelnummer-neos-12021","9":"pa_brand-neos-music","10":"pa_ean-144","11":"desktop-align-left","12":"tablet-align-left","13":"mobile-align-left","15":"first","16":"instock","17":"taxable","18":"shipping-taxable","19":"purchasable","20":"product-type-simple"},"yoast_head":"<!-- This site is optimized with the Yoast SEO plugin v27.3 - https:\/\/yoast.com\/product\/yoast-seo-wordpress\/ -->\n<title>Paul Hindemith: &quot;1922&quot; Suite for Piano \/ Three Piano Sonatas - NEOS Music<\/title>\n<meta name=\"robots\" content=\"index, follow, max-snippet:-1, max-image-preview:large, max-video-preview:-1\" \/>\n<link rel=\"canonical\" href=\"https:\/\/neos-music.com\/en_us\/product\/paul-hindemith-1922-suite-for-piano-three-piano-sonatas\/\" \/>\n<meta property=\"og:locale\" content=\"en_US\" \/>\n<meta property=\"og:type\" content=\"article\" \/>\n<meta property=\"og:title\" content=\"Paul Hindemith: &quot;1922&quot; Suite for Piano \/ Three Piano Sonatas - NEOS Music\" \/>\n<meta property=\"og:description\" content=\"Infotext: PAUL HINDEMITH \u00bb1922\u00ab Suite f\u00fcr Klavier \u00b7 Drei Klaviersonaten \u00bbK\u00f6nnen Sie auch Fox trots, Bostons, Rags und anderen Kitsch brauchen? Wenn mir keine anst\u00e4ndige Musik mehr einf\u00e4llt, schreibe ich immer solche Sachen. Die gelingen mir sehr gut, und ich denke mir, Sie k\u00f6nnten mit einem solchen St\u00fcck mehr Gesch\u00e4fte machen als mit meiner besten [&hellip;]\" \/>\n<meta property=\"og:url\" content=\"https:\/\/neos-music.com\/en_us\/product\/paul-hindemith-1922-suite-for-piano-three-piano-sonatas\/\" \/>\n<meta property=\"og:site_name\" content=\"NEOS Music\" \/>\n<meta property=\"article:modified_time\" content=\"2023-05-22T20:13:17+00:00\" \/>\n<meta property=\"og:image\" content=\"https:\/\/neos-music.com\/wp-content\/uploads\/2022\/11\/NEOS_12021_Hindemith.jpeg\" \/>\n\t<meta property=\"og:image:width\" content=\"1648\" \/>\n\t<meta property=\"og:image:height\" content=\"1477\" \/>\n\t<meta property=\"og:image:type\" content=\"image\/jpeg\" \/>\n<meta name=\"twitter:card\" content=\"summary_large_image\" \/>\n<meta name=\"twitter:label1\" content=\"Est. reading time\" \/>\n\t<meta name=\"twitter:data1\" content=\"8 minutes\" \/>\n<script type=\"application\/ld+json\" class=\"yoast-schema-graph\">{\"@context\":\"https:\\\/\\\/schema.org\",\"@graph\":[{\"@type\":\"WebPage\",\"@id\":\"https:\\\/\\\/neos-music.com\\\/product\\\/paul-hindemith-1922-suite-for-piano-three-piano-sonatas\\\/\",\"url\":\"https:\\\/\\\/neos-music.com\\\/product\\\/paul-hindemith-1922-suite-for-piano-three-piano-sonatas\\\/\",\"name\":\"Paul Hindemith: \\\"1922\\\" Suite for Piano \\\/ Three Piano Sonatas - NEOS Music\",\"isPartOf\":{\"@id\":\"https:\\\/\\\/neos-music.com\\\/#website\"},\"primaryImageOfPage\":{\"@id\":\"https:\\\/\\\/neos-music.com\\\/product\\\/paul-hindemith-1922-suite-for-piano-three-piano-sonatas\\\/#primaryimage\"},\"image\":{\"@id\":\"https:\\\/\\\/neos-music.com\\\/product\\\/paul-hindemith-1922-suite-for-piano-three-piano-sonatas\\\/#primaryimage\"},\"thumbnailUrl\":\"https:\\\/\\\/i0.wp.com\\\/neos-music.com\\\/wp-content\\\/uploads\\\/2022\\\/11\\\/NEOS_12021_Hindemith.jpeg?fit=1648%2C1477&ssl=1\",\"datePublished\":\"2020-05-29T16:11:20+00:00\",\"dateModified\":\"2023-05-22T20:13:17+00:00\",\"breadcrumb\":{\"@id\":\"https:\\\/\\\/neos-music.com\\\/product\\\/paul-hindemith-1922-suite-for-piano-three-piano-sonatas\\\/#breadcrumb\"},\"inLanguage\":\"en-US\",\"potentialAction\":[{\"@type\":\"ReadAction\",\"target\":[\"https:\\\/\\\/neos-music.com\\\/product\\\/paul-hindemith-1922-suite-for-piano-three-piano-sonatas\\\/\"]}]},{\"@type\":\"ImageObject\",\"inLanguage\":\"en-US\",\"@id\":\"https:\\\/\\\/neos-music.com\\\/product\\\/paul-hindemith-1922-suite-for-piano-three-piano-sonatas\\\/#primaryimage\",\"url\":\"https:\\\/\\\/i0.wp.com\\\/neos-music.com\\\/wp-content\\\/uploads\\\/2022\\\/11\\\/NEOS_12021_Hindemith.jpeg?fit=1648%2C1477&ssl=1\",\"contentUrl\":\"https:\\\/\\\/i0.wp.com\\\/neos-music.com\\\/wp-content\\\/uploads\\\/2022\\\/11\\\/NEOS_12021_Hindemith.jpeg?fit=1648%2C1477&ssl=1\",\"width\":1648,\"height\":1477},{\"@type\":\"BreadcrumbList\",\"@id\":\"https:\\\/\\\/neos-music.com\\\/product\\\/paul-hindemith-1922-suite-for-piano-three-piano-sonatas\\\/#breadcrumb\",\"itemListElement\":[{\"@type\":\"ListItem\",\"position\":1,\"name\":\"Startseite\",\"item\":\"https:\\\/\\\/neos-music.com\\\/\"},{\"@type\":\"ListItem\",\"position\":2,\"name\":\"Produkte\",\"item\":\"https:\\\/\\\/neos-music.com\\\/shop__trashed\\\/\"},{\"@type\":\"ListItem\",\"position\":3,\"name\":\"Paul Hindemith: &#8220;1922&#8221; Suite for Piano \\\/ Three Piano Sonatas\"}]},{\"@type\":\"WebSite\",\"@id\":\"https:\\\/\\\/neos-music.com\\\/#website\",\"url\":\"https:\\\/\\\/neos-music.com\\\/\",\"name\":\"NEOS Music\",\"description\":\"Dein Online Shop f\u00fcr zeitgen\u00f6ssische Musik, Jazz und Classics!\",\"publisher\":{\"@id\":\"https:\\\/\\\/neos-music.com\\\/#organization\"},\"potentialAction\":[{\"@type\":\"SearchAction\",\"target\":{\"@type\":\"EntryPoint\",\"urlTemplate\":\"https:\\\/\\\/neos-music.com\\\/?s={search_term_string}\"},\"query-input\":{\"@type\":\"PropertyValueSpecification\",\"valueRequired\":true,\"valueName\":\"search_term_string\"}}],\"inLanguage\":\"en-US\"},{\"@type\":\"Organization\",\"@id\":\"https:\\\/\\\/neos-music.com\\\/#organization\",\"name\":\"NEOS Music\",\"url\":\"https:\\\/\\\/neos-music.com\\\/\",\"logo\":{\"@type\":\"ImageObject\",\"inLanguage\":\"en-US\",\"@id\":\"https:\\\/\\\/neos-music.com\\\/#\\\/schema\\\/logo\\\/image\\\/\",\"url\":\"https:\\\/\\\/i0.wp.com\\\/neos-music.com\\\/wp-content\\\/uploads\\\/2025\\\/08\\\/NEOS-Logo-weiss.png?fit=800%2C203&ssl=1\",\"contentUrl\":\"https:\\\/\\\/i0.wp.com\\\/neos-music.com\\\/wp-content\\\/uploads\\\/2025\\\/08\\\/NEOS-Logo-weiss.png?fit=800%2C203&ssl=1\",\"width\":800,\"height\":203,\"caption\":\"NEOS Music\"},\"image\":{\"@id\":\"https:\\\/\\\/neos-music.com\\\/#\\\/schema\\\/logo\\\/image\\\/\"}}]}<\/script>\n<!-- \/ Yoast SEO plugin. -->","yoast_head_json":{"title":"Paul Hindemith: \"1922\" Suite for Piano \/ Three Piano Sonatas - NEOS Music","robots":{"index":"index","follow":"follow","max-snippet":"max-snippet:-1","max-image-preview":"max-image-preview:large","max-video-preview":"max-video-preview:-1"},"canonical":"https:\/\/neos-music.com\/en_us\/product\/paul-hindemith-1922-suite-for-piano-three-piano-sonatas\/","og_locale":"en_US","og_type":"article","og_title":"Paul Hindemith: \"1922\" Suite for Piano \/ Three Piano Sonatas - NEOS Music","og_description":"Infotext: PAUL HINDEMITH \u00bb1922\u00ab Suite f\u00fcr Klavier \u00b7 Drei Klaviersonaten \u00bbK\u00f6nnen Sie auch Fox trots, Bostons, Rags und anderen Kitsch brauchen? Wenn mir keine anst\u00e4ndige Musik mehr einf\u00e4llt, schreibe ich immer solche Sachen. Die gelingen mir sehr gut, und ich denke mir, Sie k\u00f6nnten mit einem solchen St\u00fcck mehr Gesch\u00e4fte machen als mit meiner besten [&hellip;]","og_url":"https:\/\/neos-music.com\/en_us\/product\/paul-hindemith-1922-suite-for-piano-three-piano-sonatas\/","og_site_name":"NEOS Music","article_modified_time":"2023-05-22T20:13:17+00:00","og_image":[{"width":1648,"height":1477,"url":"https:\/\/neos-music.com\/wp-content\/uploads\/2022\/11\/NEOS_12021_Hindemith.jpeg","type":"image\/jpeg"}],"twitter_card":"summary_large_image","twitter_misc":{"Est. reading time":"8 minutes"},"schema":{"@context":"https:\/\/schema.org","@graph":[{"@type":"WebPage","@id":"https:\/\/neos-music.com\/product\/paul-hindemith-1922-suite-for-piano-three-piano-sonatas\/","url":"https:\/\/neos-music.com\/product\/paul-hindemith-1922-suite-for-piano-three-piano-sonatas\/","name":"Paul Hindemith: \"1922\" Suite for Piano \/ Three Piano Sonatas - NEOS Music","isPartOf":{"@id":"https:\/\/neos-music.com\/#website"},"primaryImageOfPage":{"@id":"https:\/\/neos-music.com\/product\/paul-hindemith-1922-suite-for-piano-three-piano-sonatas\/#primaryimage"},"image":{"@id":"https:\/\/neos-music.com\/product\/paul-hindemith-1922-suite-for-piano-three-piano-sonatas\/#primaryimage"},"thumbnailUrl":"https:\/\/i0.wp.com\/neos-music.com\/wp-content\/uploads\/2022\/11\/NEOS_12021_Hindemith.jpeg?fit=1648%2C1477&ssl=1","datePublished":"2020-05-29T16:11:20+00:00","dateModified":"2023-05-22T20:13:17+00:00","breadcrumb":{"@id":"https:\/\/neos-music.com\/product\/paul-hindemith-1922-suite-for-piano-three-piano-sonatas\/#breadcrumb"},"inLanguage":"en-US","potentialAction":[{"@type":"ReadAction","target":["https:\/\/neos-music.com\/product\/paul-hindemith-1922-suite-for-piano-three-piano-sonatas\/"]}]},{"@type":"ImageObject","inLanguage":"en-US","@id":"https:\/\/neos-music.com\/product\/paul-hindemith-1922-suite-for-piano-three-piano-sonatas\/#primaryimage","url":"https:\/\/i0.wp.com\/neos-music.com\/wp-content\/uploads\/2022\/11\/NEOS_12021_Hindemith.jpeg?fit=1648%2C1477&ssl=1","contentUrl":"https:\/\/i0.wp.com\/neos-music.com\/wp-content\/uploads\/2022\/11\/NEOS_12021_Hindemith.jpeg?fit=1648%2C1477&ssl=1","width":1648,"height":1477},{"@type":"BreadcrumbList","@id":"https:\/\/neos-music.com\/product\/paul-hindemith-1922-suite-for-piano-three-piano-sonatas\/#breadcrumb","itemListElement":[{"@type":"ListItem","position":1,"name":"Startseite","item":"https:\/\/neos-music.com\/"},{"@type":"ListItem","position":2,"name":"Produkte","item":"https:\/\/neos-music.com\/shop__trashed\/"},{"@type":"ListItem","position":3,"name":"Paul Hindemith: &#8220;1922&#8221; Suite for Piano \/ Three Piano Sonatas"}]},{"@type":"WebSite","@id":"https:\/\/neos-music.com\/#website","url":"https:\/\/neos-music.com\/","name":"NEOS Music","description":"Dein Online Shop f\u00fcr zeitgen\u00f6ssische Musik, Jazz und Classics!","publisher":{"@id":"https:\/\/neos-music.com\/#organization"},"potentialAction":[{"@type":"SearchAction","target":{"@type":"EntryPoint","urlTemplate":"https:\/\/neos-music.com\/?s={search_term_string}"},"query-input":{"@type":"PropertyValueSpecification","valueRequired":true,"valueName":"search_term_string"}}],"inLanguage":"en-US"},{"@type":"Organization","@id":"https:\/\/neos-music.com\/#organization","name":"NEOS Music","url":"https:\/\/neos-music.com\/","logo":{"@type":"ImageObject","inLanguage":"en-US","@id":"https:\/\/neos-music.com\/#\/schema\/logo\/image\/","url":"https:\/\/i0.wp.com\/neos-music.com\/wp-content\/uploads\/2025\/08\/NEOS-Logo-weiss.png?fit=800%2C203&ssl=1","contentUrl":"https:\/\/i0.wp.com\/neos-music.com\/wp-content\/uploads\/2025\/08\/NEOS-Logo-weiss.png?fit=800%2C203&ssl=1","width":800,"height":203,"caption":"NEOS Music"},"image":{"@id":"https:\/\/neos-music.com\/#\/schema\/logo\/image\/"}}]}},"jetpack_sharing_enabled":true,"_links":{"self":[{"href":"https:\/\/neos-music.com\/en_us\/wp-json\/wp\/v2\/product\/2525","targetHints":{"allow":["GET"]}}],"collection":[{"href":"https:\/\/neos-music.com\/en_us\/wp-json\/wp\/v2\/product"}],"about":[{"href":"https:\/\/neos-music.com\/en_us\/wp-json\/wp\/v2\/types\/product"}],"version-history":[{"count":0,"href":"https:\/\/neos-music.com\/en_us\/wp-json\/wp\/v2\/product\/2525\/revisions"}],"wp:featuredmedia":[{"embeddable":true,"href":"https:\/\/neos-music.com\/en_us\/wp-json\/wp\/v2\/media\/2526"}],"wp:attachment":[{"href":"https:\/\/neos-music.com\/en_us\/wp-json\/wp\/v2\/media?parent=2525"}],"wp:term":[{"taxonomy":"product_brand","embeddable":true,"href":"https:\/\/neos-music.com\/en_us\/wp-json\/wp\/v2\/product_brand?post=2525"},{"taxonomy":"product_cat","embeddable":true,"href":"https:\/\/neos-music.com\/en_us\/wp-json\/wp\/v2\/product_cat?post=2525"},{"taxonomy":"product_tag","embeddable":true,"href":"https:\/\/neos-music.com\/en_us\/wp-json\/wp\/v2\/product_tag?post=2525"}],"curies":[{"name":"wp","href":"https:\/\/api.w.org\/{rel}","templated":true}]}}