{"id":2534,"date":"2020-01-17T16:19:58","date_gmt":"2020-01-17T16:19:58","guid":{"rendered":"https:\/\/neos-music.com\/?post_type=product&#038;p=2534"},"modified":"2023-05-23T07:57:14","modified_gmt":"2023-05-23T07:57:14","slug":"victor-ibarra-the-dimension-of-the-fragile-works-for-ensemble","status":"publish","type":"product","link":"https:\/\/neos-music.com\/en_us\/product\/victor-ibarra-the-dimension-of-the-fragile-works-for-ensemble\/","title":{"rendered":"V\u00edctor Ibarra: The Dimension of the Fragile &#8211; Works for Ensemble"},"content":{"rendered":"<p>Programm:<\/p>\n<p>[01]<b>\u00a0Alice\u2026<\/b>\u00a0for bass clarinet, percussion and ensemble (2011)\u00a0<b>11:43<\/b><\/p>\n<p>[02]\u00a0<b>Estudio sobre el gris y el verde<\/b>\u00a0for ensemble (2011)\u00a0<b>11:55<\/b><\/p>\n<p>[03]<b>\u00a0Homenaje a Francisco Toledo<\/b>\u00a0for saxophone and ensemble (2014)\u00a0<b>10:02<\/b><\/p>\n<p>[04]\u00a0<b>Paris wind behind me\u2026<\/b>\u00a0for ensemble (2016)\u00a0<b>10:39<\/b><\/p>\n<p>[05]\u00a0<b>Qu\u00edmica del agua<\/b>\u00a0for ensemble (2015)<b>\u00a009:15<\/b><\/p>\n<p>[06]\u00a0<b>La dimensi\u00f3n fr\u00e1gil<\/b>\u00a0for ensemble (2015)\u00a0<b>10:49<\/b><\/p>\n<p>total playing time: 64:37<\/p>\n<p>&nbsp;<\/p>\n<p><b>Vertixe Sonora<br \/>\n<\/b>Ang\u00e9lica V. Salvi, harp [01, 03]<br \/>\nAntonio Ocampo, percussion [04, 06]<br \/>\nCarlos G\u00e1lvez-Taroncher, Bb clarinet &amp; bass clarinet [06], bass clarinet [01: soloist, 04, 05]<br \/>\nCarlos M\u00e9ndez, double bass [01, 02, 04, 06]<br \/>\nClara Saleiro, flutes [01\u201306]<br \/>\nDaniel Veiga, Bb clarinet [04, 05]<br \/>\nDavid Dur\u00e1n, piano [02, 03, 05]<br \/>\nDiego Ventoso, percussion [01: soloist, 02, 03, 04, 06]<br \/>\nJes\u00fas Coello, bassoon &amp; double bassoon [01, 04, 06]<br \/>\nJorge Fuentes, French horn [01]<br \/>\nHaruna Takebe, piano [01, 04, 06]<br \/>\nIago R\u00edos, trombone [01]<br \/>\nLorena Garc\u00eda, viola [01, 04, 06]<br \/>\nMar\u00eda Mogas, accordion [03]<br \/>\nMario Peris, violin [01, 03, 04, 06]<br \/>\nPablo Coello, saxophones [02, 03: soloist, 06]<br \/>\nRoberto Alonso, violin [01, 04, 05, 06]<br \/>\nRub\u00e9n Barros, electric guitar [03]<br \/>\nSantiago Gayoso, tuba [01]<br \/>\nSergio Pacheco, trumpet [01]<br \/>\nTelma Mota, oboe &amp; English horn [01, 04, 06]<br \/>\nThomas Piel, violoncello [01\u201306]<\/p>\n<p><b>Nacho de Paz<\/b>, conductor<\/p>\n<p>Pressestimmen:<\/p>\n<p><img data-recalc-dims=\"1\" decoding=\"async\" src=\"https:\/\/i0.wp.com\/neos-music.com\/wp-content\/uploads\/2023\/05\/logo_mundoclasico2.gif?ssl=1\" alt=\"\" \/><\/p>\n<p>17 Feb 2020\u00a0<a class=\"arcoma_editor_link\" href=\"https:\/\/neos-music.com\/output.php?template=german-album-details.php&amp;content=Alben\/12001.php#\" target=\"_blank\" rel=\"noopener\">Paco Y\u00e1\u00f1ez<\/a>\u00a0wrote on\u00a0<a class=\"arcoma_editor_link\" href=\"https:\/\/neos-music.com\/output.php?template=german-album-details.php&amp;content=Alben\/12001.php#\" target=\"_blank\" rel=\"noopener\">mundoclassico<\/a>:<\/p>\n<p>(&#8230;) Tal y como se\u00f1alamos en 2019, tras el concierto de V\u00edctor Ibarra, Nacho de Paz y Vertixe Sonora en Lugo, las lecturas entonces ofrecidas se caracterizaban por una perfecci\u00f3n apabullante que nos hac\u00edan esperar con la mayor expectaci\u00f3n e inter\u00e9s el disco que hoy, finalmente, rese\u00f1amos: un compacto con un plus, si cabe, de refinamiento y transparencia que marca unos est\u00e1ndares interpretativos dignos de los mejores ensembles de m\u00fasica actual. (&#8230;)<br \/>\nPor \u00faltimo, destacar que otra important\u00edsima aportaci\u00f3n a la calidad final de este disco viene dada por su impresionante sonido (&#8230;) El resultado es un compacto con est\u00e1ndares de audiofilia, que nos permite escuchar en nuestros equipos de alta fidelidad a Vertixe Sonora como si estuvi\u00e9semos frente al ensemble mismo, por la transparencia, espacializaci\u00f3n y definici\u00f3n t\u00edmbrica alcanzadas. (&#8230;) &#8230; un lanzamiento que demuestra la perfecta qu\u00edmica musical habida entre quienes han hecho posible este magn\u00edfico disco.<\/p>\n<p>read the full article here<\/p>\n","protected":false},"excerpt":{"rendered":"<p>Programm: [01]\u00a0Alice\u2026\u00a0for bass clarinet, percussion and ensemble (2011)\u00a011:43 [02]\u00a0Estudio sobre el gris y el verde\u00a0for ensemble (2011)\u00a011:55 [03]\u00a0Homenaje a Francisco Toledo\u00a0for saxophone and ensemble (2014)\u00a010:02 [04]\u00a0Paris wind behind me\u2026\u00a0for ensemble (2016)\u00a010:39 [05]\u00a0Qu\u00edmica del agua\u00a0for ensemble (2015)\u00a009:15 [06]\u00a0La dimensi\u00f3n fr\u00e1gil\u00a0for ensemble (2015)\u00a010:49 total playing time: 64:37 &nbsp; Vertixe Sonora Ang\u00e9lica V. Salvi, harp [01, 03] Antonio [&hellip;]<\/p>\n","protected":false},"featured_media":2537,"template":"","meta":{"site-sidebar-layout":"default","site-content-layout":"default","ast-site-content-layout":"default","site-content-style":"default","site-sidebar-style":"default","ast-global-header-display":"","ast-banner-title-visibility":"","ast-main-header-display":"","ast-hfb-above-header-display":"","ast-hfb-below-header-display":"","ast-hfb-mobile-header-display":"","site-post-title":"","ast-breadcrumbs-content":"","ast-featured-img":"","footer-sml-layout":"","theme-transparent-header-meta":"default","adv-header-id-meta":"","stick-header-meta":"","header-above-stick-meta":"","header-main-stick-meta":"","header-below-stick-meta":"","astra-migrate-meta-layouts":"default","ast-page-background-enabled":"default","ast-page-background-meta":{"desktop":{"background-color":"","background-image":"","background-repeat":"repeat","background-position":"center center","background-size":"auto","background-attachment":"scroll","background-type":"","background-media":"","overlay-type":"","overlay-color":"","overlay-opacity":"","overlay-gradient":""},"tablet":{"background-color":"","background-image":"","background-repeat":"repeat","background-position":"center center","background-size":"auto","background-attachment":"scroll","background-type":"","background-media":"","overlay-type":"","overlay-color":"","overlay-opacity":"","overlay-gradient":""},"mobile":{"background-color":"","background-image":"","background-repeat":"repeat","background-position":"center center","background-size":"auto","background-attachment":"scroll","background-type":"","background-media":"","overlay-type":"","overlay-color":"","overlay-opacity":"","overlay-gradient":""}},"ast-content-background-meta":{"desktop":{"background-color":"var(--ast-global-color-5)","background-image":"","background-repeat":"repeat","background-position":"center center","background-size":"auto","background-attachment":"scroll","background-type":"","background-media":"","overlay-type":"","overlay-color":"","overlay-opacity":"","overlay-gradient":""},"tablet":{"background-color":"var(--ast-global-color-5)","background-image":"","background-repeat":"repeat","background-position":"center center","background-size":"auto","background-attachment":"scroll","background-type":"","background-media":"","overlay-type":"","overlay-color":"","overlay-opacity":"","overlay-gradient":""},"mobile":{"background-color":"var(--ast-global-color-5)","background-image":"","background-repeat":"repeat","background-position":"center center","background-size":"auto","background-attachment":"scroll","background-type":"","background-media":"","overlay-type":"","overlay-color":"","overlay-opacity":"","overlay-gradient":""}}},"product_brand":[],"product_cat":[26],"product_tag":[],"class_list":{"0":"post-2534","1":"product","2":"type-product","3":"status-publish","4":"has-post-thumbnail","6":"product_cat-zeitgenossische-musik","7":"pa_artikelnummer-neos-12001","8":"pa_brand-neos-music","9":"pa_ean-152","10":"desktop-align-left","11":"tablet-align-left","12":"mobile-align-left","14":"first","15":"instock","16":"taxable","17":"shipping-taxable","18":"purchasable","19":"product-type-simple"},"yoast_head":"<!-- This site is optimized with the Yoast SEO plugin v27.3 - https:\/\/yoast.com\/product\/yoast-seo-wordpress\/ -->\n<title>V\u00edctor Ibarra: The Dimension of the Fragile - Works for Ensemble - NEOS Music<\/title>\n<meta name=\"robots\" content=\"index, follow, max-snippet:-1, max-image-preview:large, max-video-preview:-1\" \/>\n<link rel=\"canonical\" href=\"https:\/\/neos-music.com\/en_us\/product\/victor-ibarra-the-dimension-of-the-fragile-works-for-ensemble\/\" \/>\n<meta property=\"og:locale\" content=\"en_US\" \/>\n<meta property=\"og:type\" content=\"article\" \/>\n<meta property=\"og:title\" content=\"V\u00edctor Ibarra: The Dimension of the Fragile - Works for Ensemble - NEOS Music\" \/>\n<meta property=\"og:description\" content=\"Programm: [01]\u00a0Alice\u2026\u00a0for bass clarinet, percussion and ensemble (2011)\u00a011:43 [02]\u00a0Estudio sobre el gris y el verde\u00a0for ensemble (2011)\u00a011:55 [03]\u00a0Homenaje a Francisco Toledo\u00a0for saxophone and ensemble (2014)\u00a010:02 [04]\u00a0Paris wind behind me\u2026\u00a0for ensemble (2016)\u00a010:39 [05]\u00a0Qu\u00edmica del agua\u00a0for ensemble (2015)\u00a009:15 [06]\u00a0La dimensi\u00f3n fr\u00e1gil\u00a0for ensemble (2015)\u00a010:49 total playing time: 64:37 &nbsp; Vertixe Sonora Ang\u00e9lica V. Salvi, harp [01, 03] Antonio [&hellip;]\" \/>\n<meta property=\"og:url\" content=\"https:\/\/neos-music.com\/en_us\/product\/victor-ibarra-the-dimension-of-the-fragile-works-for-ensemble\/\" \/>\n<meta property=\"og:site_name\" content=\"NEOS Music\" \/>\n<meta property=\"article:modified_time\" content=\"2023-05-23T07:57:14+00:00\" \/>\n<meta property=\"og:image\" content=\"https:\/\/neos-music.com\/wp-content\/uploads\/2020\/01\/NEOS_12001_Ibarra.jpeg\" \/>\n\t<meta property=\"og:image:width\" content=\"1646\" \/>\n\t<meta property=\"og:image:height\" content=\"1476\" \/>\n\t<meta property=\"og:image:type\" content=\"image\/jpeg\" \/>\n<meta name=\"twitter:card\" content=\"summary_large_image\" \/>\n<meta name=\"twitter:label1\" content=\"Est. reading time\" \/>\n\t<meta name=\"twitter:data1\" content=\"3 minutes\" \/>\n<script type=\"application\/ld+json\" class=\"yoast-schema-graph\">{\"@context\":\"https:\\\/\\\/schema.org\",\"@graph\":[{\"@type\":\"WebPage\",\"@id\":\"https:\\\/\\\/neos-music.com\\\/product\\\/victor-ibarra-the-dimension-of-the-fragile-works-for-ensemble\\\/\",\"url\":\"https:\\\/\\\/neos-music.com\\\/product\\\/victor-ibarra-the-dimension-of-the-fragile-works-for-ensemble\\\/\",\"name\":\"V\u00edctor Ibarra: The Dimension of the Fragile - Works for Ensemble - NEOS Music\",\"isPartOf\":{\"@id\":\"https:\\\/\\\/neos-music.com\\\/#website\"},\"primaryImageOfPage\":{\"@id\":\"https:\\\/\\\/neos-music.com\\\/product\\\/victor-ibarra-the-dimension-of-the-fragile-works-for-ensemble\\\/#primaryimage\"},\"image\":{\"@id\":\"https:\\\/\\\/neos-music.com\\\/product\\\/victor-ibarra-the-dimension-of-the-fragile-works-for-ensemble\\\/#primaryimage\"},\"thumbnailUrl\":\"https:\\\/\\\/i0.wp.com\\\/neos-music.com\\\/wp-content\\\/uploads\\\/2020\\\/01\\\/NEOS_12001_Ibarra.jpeg?fit=1646%2C1476&ssl=1\",\"datePublished\":\"2020-01-17T16:19:58+00:00\",\"dateModified\":\"2023-05-23T07:57:14+00:00\",\"breadcrumb\":{\"@id\":\"https:\\\/\\\/neos-music.com\\\/product\\\/victor-ibarra-the-dimension-of-the-fragile-works-for-ensemble\\\/#breadcrumb\"},\"inLanguage\":\"en-US\",\"potentialAction\":[{\"@type\":\"ReadAction\",\"target\":[\"https:\\\/\\\/neos-music.com\\\/product\\\/victor-ibarra-the-dimension-of-the-fragile-works-for-ensemble\\\/\"]}]},{\"@type\":\"ImageObject\",\"inLanguage\":\"en-US\",\"@id\":\"https:\\\/\\\/neos-music.com\\\/product\\\/victor-ibarra-the-dimension-of-the-fragile-works-for-ensemble\\\/#primaryimage\",\"url\":\"https:\\\/\\\/i0.wp.com\\\/neos-music.com\\\/wp-content\\\/uploads\\\/2020\\\/01\\\/NEOS_12001_Ibarra.jpeg?fit=1646%2C1476&ssl=1\",\"contentUrl\":\"https:\\\/\\\/i0.wp.com\\\/neos-music.com\\\/wp-content\\\/uploads\\\/2020\\\/01\\\/NEOS_12001_Ibarra.jpeg?fit=1646%2C1476&ssl=1\",\"width\":1646,\"height\":1476},{\"@type\":\"BreadcrumbList\",\"@id\":\"https:\\\/\\\/neos-music.com\\\/product\\\/victor-ibarra-the-dimension-of-the-fragile-works-for-ensemble\\\/#breadcrumb\",\"itemListElement\":[{\"@type\":\"ListItem\",\"position\":1,\"name\":\"Startseite\",\"item\":\"https:\\\/\\\/neos-music.com\\\/\"},{\"@type\":\"ListItem\",\"position\":2,\"name\":\"Produkte\",\"item\":\"https:\\\/\\\/neos-music.com\\\/shop__trashed\\\/\"},{\"@type\":\"ListItem\",\"position\":3,\"name\":\"V\u00edctor Ibarra: The Dimension of the Fragile &#8211; Works for Ensemble\"}]},{\"@type\":\"WebSite\",\"@id\":\"https:\\\/\\\/neos-music.com\\\/#website\",\"url\":\"https:\\\/\\\/neos-music.com\\\/\",\"name\":\"NEOS Music\",\"description\":\"Dein Online Shop f\u00fcr zeitgen\u00f6ssische Musik, Jazz und Classics!\",\"publisher\":{\"@id\":\"https:\\\/\\\/neos-music.com\\\/#organization\"},\"potentialAction\":[{\"@type\":\"SearchAction\",\"target\":{\"@type\":\"EntryPoint\",\"urlTemplate\":\"https:\\\/\\\/neos-music.com\\\/?s={search_term_string}\"},\"query-input\":{\"@type\":\"PropertyValueSpecification\",\"valueRequired\":true,\"valueName\":\"search_term_string\"}}],\"inLanguage\":\"en-US\"},{\"@type\":\"Organization\",\"@id\":\"https:\\\/\\\/neos-music.com\\\/#organization\",\"name\":\"NEOS Music\",\"url\":\"https:\\\/\\\/neos-music.com\\\/\",\"logo\":{\"@type\":\"ImageObject\",\"inLanguage\":\"en-US\",\"@id\":\"https:\\\/\\\/neos-music.com\\\/#\\\/schema\\\/logo\\\/image\\\/\",\"url\":\"https:\\\/\\\/i0.wp.com\\\/neos-music.com\\\/wp-content\\\/uploads\\\/2025\\\/08\\\/NEOS-Logo-weiss.png?fit=800%2C203&ssl=1\",\"contentUrl\":\"https:\\\/\\\/i0.wp.com\\\/neos-music.com\\\/wp-content\\\/uploads\\\/2025\\\/08\\\/NEOS-Logo-weiss.png?fit=800%2C203&ssl=1\",\"width\":800,\"height\":203,\"caption\":\"NEOS Music\"},\"image\":{\"@id\":\"https:\\\/\\\/neos-music.com\\\/#\\\/schema\\\/logo\\\/image\\\/\"}}]}<\/script>\n<!-- \/ Yoast SEO plugin. -->","yoast_head_json":{"title":"V\u00edctor Ibarra: The Dimension of the Fragile - Works for Ensemble - NEOS Music","robots":{"index":"index","follow":"follow","max-snippet":"max-snippet:-1","max-image-preview":"max-image-preview:large","max-video-preview":"max-video-preview:-1"},"canonical":"https:\/\/neos-music.com\/en_us\/product\/victor-ibarra-the-dimension-of-the-fragile-works-for-ensemble\/","og_locale":"en_US","og_type":"article","og_title":"V\u00edctor Ibarra: The Dimension of the Fragile - Works for Ensemble - NEOS Music","og_description":"Programm: [01]\u00a0Alice\u2026\u00a0for bass clarinet, percussion and ensemble (2011)\u00a011:43 [02]\u00a0Estudio sobre el gris y el verde\u00a0for ensemble (2011)\u00a011:55 [03]\u00a0Homenaje a Francisco Toledo\u00a0for saxophone and ensemble (2014)\u00a010:02 [04]\u00a0Paris wind behind me\u2026\u00a0for ensemble (2016)\u00a010:39 [05]\u00a0Qu\u00edmica del agua\u00a0for ensemble (2015)\u00a009:15 [06]\u00a0La dimensi\u00f3n fr\u00e1gil\u00a0for ensemble (2015)\u00a010:49 total playing time: 64:37 &nbsp; Vertixe Sonora Ang\u00e9lica V. Salvi, harp [01, 03] Antonio [&hellip;]","og_url":"https:\/\/neos-music.com\/en_us\/product\/victor-ibarra-the-dimension-of-the-fragile-works-for-ensemble\/","og_site_name":"NEOS Music","article_modified_time":"2023-05-23T07:57:14+00:00","og_image":[{"width":1646,"height":1476,"url":"https:\/\/neos-music.com\/wp-content\/uploads\/2020\/01\/NEOS_12001_Ibarra.jpeg","type":"image\/jpeg"}],"twitter_card":"summary_large_image","twitter_misc":{"Est. reading time":"3 minutes"},"schema":{"@context":"https:\/\/schema.org","@graph":[{"@type":"WebPage","@id":"https:\/\/neos-music.com\/product\/victor-ibarra-the-dimension-of-the-fragile-works-for-ensemble\/","url":"https:\/\/neos-music.com\/product\/victor-ibarra-the-dimension-of-the-fragile-works-for-ensemble\/","name":"V\u00edctor Ibarra: The Dimension of the Fragile - Works for Ensemble - NEOS Music","isPartOf":{"@id":"https:\/\/neos-music.com\/#website"},"primaryImageOfPage":{"@id":"https:\/\/neos-music.com\/product\/victor-ibarra-the-dimension-of-the-fragile-works-for-ensemble\/#primaryimage"},"image":{"@id":"https:\/\/neos-music.com\/product\/victor-ibarra-the-dimension-of-the-fragile-works-for-ensemble\/#primaryimage"},"thumbnailUrl":"https:\/\/i0.wp.com\/neos-music.com\/wp-content\/uploads\/2020\/01\/NEOS_12001_Ibarra.jpeg?fit=1646%2C1476&ssl=1","datePublished":"2020-01-17T16:19:58+00:00","dateModified":"2023-05-23T07:57:14+00:00","breadcrumb":{"@id":"https:\/\/neos-music.com\/product\/victor-ibarra-the-dimension-of-the-fragile-works-for-ensemble\/#breadcrumb"},"inLanguage":"en-US","potentialAction":[{"@type":"ReadAction","target":["https:\/\/neos-music.com\/product\/victor-ibarra-the-dimension-of-the-fragile-works-for-ensemble\/"]}]},{"@type":"ImageObject","inLanguage":"en-US","@id":"https:\/\/neos-music.com\/product\/victor-ibarra-the-dimension-of-the-fragile-works-for-ensemble\/#primaryimage","url":"https:\/\/i0.wp.com\/neos-music.com\/wp-content\/uploads\/2020\/01\/NEOS_12001_Ibarra.jpeg?fit=1646%2C1476&ssl=1","contentUrl":"https:\/\/i0.wp.com\/neos-music.com\/wp-content\/uploads\/2020\/01\/NEOS_12001_Ibarra.jpeg?fit=1646%2C1476&ssl=1","width":1646,"height":1476},{"@type":"BreadcrumbList","@id":"https:\/\/neos-music.com\/product\/victor-ibarra-the-dimension-of-the-fragile-works-for-ensemble\/#breadcrumb","itemListElement":[{"@type":"ListItem","position":1,"name":"Startseite","item":"https:\/\/neos-music.com\/"},{"@type":"ListItem","position":2,"name":"Produkte","item":"https:\/\/neos-music.com\/shop__trashed\/"},{"@type":"ListItem","position":3,"name":"V\u00edctor Ibarra: The Dimension of the Fragile &#8211; Works for Ensemble"}]},{"@type":"WebSite","@id":"https:\/\/neos-music.com\/#website","url":"https:\/\/neos-music.com\/","name":"NEOS Music","description":"Dein Online Shop f\u00fcr zeitgen\u00f6ssische Musik, Jazz und Classics!","publisher":{"@id":"https:\/\/neos-music.com\/#organization"},"potentialAction":[{"@type":"SearchAction","target":{"@type":"EntryPoint","urlTemplate":"https:\/\/neos-music.com\/?s={search_term_string}"},"query-input":{"@type":"PropertyValueSpecification","valueRequired":true,"valueName":"search_term_string"}}],"inLanguage":"en-US"},{"@type":"Organization","@id":"https:\/\/neos-music.com\/#organization","name":"NEOS Music","url":"https:\/\/neos-music.com\/","logo":{"@type":"ImageObject","inLanguage":"en-US","@id":"https:\/\/neos-music.com\/#\/schema\/logo\/image\/","url":"https:\/\/i0.wp.com\/neos-music.com\/wp-content\/uploads\/2025\/08\/NEOS-Logo-weiss.png?fit=800%2C203&ssl=1","contentUrl":"https:\/\/i0.wp.com\/neos-music.com\/wp-content\/uploads\/2025\/08\/NEOS-Logo-weiss.png?fit=800%2C203&ssl=1","width":800,"height":203,"caption":"NEOS Music"},"image":{"@id":"https:\/\/neos-music.com\/#\/schema\/logo\/image\/"}}]}},"jetpack_sharing_enabled":true,"_links":{"self":[{"href":"https:\/\/neos-music.com\/en_us\/wp-json\/wp\/v2\/product\/2534","targetHints":{"allow":["GET"]}}],"collection":[{"href":"https:\/\/neos-music.com\/en_us\/wp-json\/wp\/v2\/product"}],"about":[{"href":"https:\/\/neos-music.com\/en_us\/wp-json\/wp\/v2\/types\/product"}],"version-history":[{"count":0,"href":"https:\/\/neos-music.com\/en_us\/wp-json\/wp\/v2\/product\/2534\/revisions"}],"wp:featuredmedia":[{"embeddable":true,"href":"https:\/\/neos-music.com\/en_us\/wp-json\/wp\/v2\/media\/2537"}],"wp:attachment":[{"href":"https:\/\/neos-music.com\/en_us\/wp-json\/wp\/v2\/media?parent=2534"}],"wp:term":[{"taxonomy":"product_brand","embeddable":true,"href":"https:\/\/neos-music.com\/en_us\/wp-json\/wp\/v2\/product_brand?post=2534"},{"taxonomy":"product_cat","embeddable":true,"href":"https:\/\/neos-music.com\/en_us\/wp-json\/wp\/v2\/product_cat?post=2534"},{"taxonomy":"product_tag","embeddable":true,"href":"https:\/\/neos-music.com\/en_us\/wp-json\/wp\/v2\/product_tag?post=2534"}],"curies":[{"name":"wp","href":"https:\/\/api.w.org\/{rel}","templated":true}]}}