{"id":2544,"date":"2019-10-18T16:36:43","date_gmt":"2019-10-18T16:36:43","guid":{"rendered":"https:\/\/neos-music.com\/?post_type=product&#038;p=2544"},"modified":"2023-05-25T09:41:43","modified_gmt":"2023-05-25T09:41:43","slug":"2544","status":"publish","type":"product","link":"https:\/\/neos-music.com\/en_us\/product\/2544\/","title":{"rendered":"Ivan Fedele, Malin B\u00e5ng, Marco Stroppa, Agata Zubel, Mirela Ivi\u010devi\u0107, Francesco Filidei, Hermann Meier: Donaueschinger Musiktage 2018"},"content":{"rendered":"<p>Programm:<\/p>\n<table border=\"0\" width=\"100%\" rules=\"none\" cellspacing=\"0\" cellpadding=\"0\">\n<tbody>\n<tr>\n<td class=\"bigcontent2\">\n<div id=\"tracks\">\n<p><b>SACD 1<br \/>\n<\/b>total playing time: 68:51<\/p>\n<p><b>Ivan Fedele<\/b>\u00a0(*1953)<br \/>\n<b>Air on Air<\/b>\u00a0for amplified basset horn and orchestra (2018)\u00a0<b>17:28<\/b><\/p>\n<p>[01]<b>\u00a0I Floating on air\u2026<\/b>\u00a004:04<br \/>\n[02]<b>\u00a0II Squalls on the water surface&#8230;<\/b>\u00a002:01<br \/>\n[03]<b>\u00a0III Calm&#8230;<\/b>\u00a002:25<br \/>\n[04]<b>\u00a0IV In the eye of the storm&#8230;<\/b>\u00a002:15<br \/>\n[05]\u00a0<b>V The pounding sound of the storm&#8230;<\/b>\u00a002:50<br \/>\n[06]\u00a0<b>VI Crumbled air&#8230;<\/b>\u00a003:51<\/p>\n<p><i>World premiere \u00b7 Live recording<br \/>\nCommissioned by SWR and Fondazione Orchestra Regionale Toscana<\/i><\/p>\n<p>Michele Marelli, basset horn<br \/>\nSWR Symphonieorchester<br \/>\nPascal Roph\u00e9, conductor<\/p>\n<p><b><a class=\"arcoma_glossarylink\" href=\"https:\/\/neos-music.com\/output.php?content=Kuenstler\/Bang_Malin.php&amp;treplace=english%2Cgerman\" target=\"_self\" rel=\"noopener\">Malin B\u00e5ng<\/a><\/b>\u00a0(*1974)<br \/>\n[07]<b>\u00a0splinters of ebullient rebellion<\/b>\u00a0for orchestra (2018)\u00a0<b>19:54<\/b><\/p>\n<p><i>World premiere \u00b7 Live recording<br \/>\nCommissioned by SWR and Royal Stockholm Philharmonic Orchestra in cooperation with EMS<\/i><\/p>\n<p>SWR Symphonieorchester<br \/>\nPascal Roph\u00e9, conductor<\/p>\n<p><b>Marco Stroppa<\/b>\u00a0(*1959)<br \/>\n<b>Come Play With Me<\/b>\u00a0for solo electronics and orchestra (2016\u20132018)\u00a0<b>31:28<\/b><\/p>\n<p>[08]\u00a0<b>1. Come<\/b>\u00a003:47<br \/>\n[09]\u00a0<b>2. Play<\/b>\u00a002:57<br \/>\n[10]\u00a0<b>3. With Me<\/b>\u00a003:08<br \/>\n[11]\u00a0<b>4. RUN<\/b>\u00a006:11<br \/>\n[12]\u00a0<b>5. GUN<\/b>\u00a003:29<br \/>\n[13]\u00a0<b>6. STRIKE<\/b>\u00a001:15<br \/>\n[14]\u00a0<b>7. SCRATCH<\/b>\u00a010:38<\/p>\n<p><i>World premiere \u00b7 Live recording<br \/>\nCommissioned by SWR, Orchestre de Paris, Fran\u00e7oise and Jean Philippe Billarant<\/i><\/p>\n<p>IRCAM (Luca Bagnoli, sound engineer \u00b7 Carlo Laurenzi, computer music design)<br \/>\nSWR Symphonieorchester<br \/>\nPascal Roph\u00e9, conductor<\/p>\n<p>&nbsp;<\/p>\n<p><b>SACD 2<br \/>\n<\/b>total playing time: 63:08<\/p>\n<p><b>Agata Zubel<\/b>\u00a0(*1978)<br \/>\n[01]\u00a0<b>Chamber Piano Concerto<\/b>\u00a0for piano(s) and ensemble (2018)\u00a0<b>12:24<\/b><\/p>\n<p><i>World premiere \u00b7 Live recording<br \/>\nCommissioned by SWR<\/i><\/p>\n<p>Cikada Ensemble<br \/>\nChristian Eggen, conductor<\/p>\n<p><b>Mirela Ivi\u010devi\u0107<\/b>\u00a0(*1980)<br \/>\n[02]<b>\u00a0CASE WHITE<\/b>\u00a0for ensemble (2018)\u00a0<b>10:01<\/b><\/p>\n<p><i>World premiere \u00b7 Live recording<br \/>\nCommissioned by SWR<\/i><\/p>\n<p><a class=\"arcoma_glossarylink\" href=\"https:\/\/neos-music.com\/output.php?content=Kuenstler\/Klangforum_Wien.php&amp;treplace=english%2Cgerman\" target=\"_self\" rel=\"noopener\">Klangforum Wien<\/a><br \/>\nIlan Volkov conductor<\/p>\n<p><b>Francesco Filidei<\/b>\u00a0(*1973)<br \/>\n[03]\u00a0<b>BALLATA N. 7<\/b>\u00a0for ensemble (2018)\u00a0<b>15:34<\/b><\/p>\n<p>World premiere \u00b7 Live recording<br \/>\nCommissioned by SWR<\/p>\n<p><a class=\"arcoma_glossarylink\" href=\"https:\/\/neos-music.com\/output.php?content=Kuenstler\/Klangforum_Wien.php&amp;treplace=english%2Cgerman\" target=\"_self\" rel=\"noopener\">Klangforum Wien<\/a><br \/>\nIlan Volkov, conductor<\/p>\n<p><b>Hermann Meier<\/b>\u00a0(1906\u20132002)<br \/>\n[04]\u00a0<b>St\u00fcck f\u00fcr gro\u00dfes Orchester und Klavier vierh\u00e4ndig, HMV 62<\/b>\u00a0(1965)\u00a0<b>25:07<\/b><\/p>\n<p><i>World premiere \u00b7 Live recording<\/i><\/p>\n<p>SWR Symphonieorchester<br \/>\n<a class=\"arcoma_glossarylink\" href=\"https:\/\/neos-music.com\/output.php?content=Kuenstler\/Peter_Rundel.php&amp;treplace=english%2Cgerman\" target=\"_self\" rel=\"noopener\">Peter Rundel<\/a>, conductor<br \/>\nLars J\u00f6nsson and Klaus Steffes-Holl\u00e4nder piano<\/p>\n<p>&nbsp;<\/p>\n<p><iframe src=\"https:\/\/w.soundcloud.com\/player\/?url=https%3A\/\/api.soundcloud.com\/playlists\/915646342&amp;color=%23ff5500&amp;auto_play=false&amp;hide_related=false&amp;show_comments=true&amp;show_user=true&amp;show_reposts=false&amp;show_teaser=true\" width=\"100%\" height=\"450\" frameborder=\"no\" scrolling=\"no\" data-mce-fragment=\"1\"><\/iframe><\/p>\n<\/div>\n<div>Pressestimmen:<\/div>\n<div>\n<p><img data-recalc-dims=\"1\" decoding=\"async\" src=\"https:\/\/i0.wp.com\/neos-music.com\/wp-content\/uploads\/2023\/05\/logo_mundoclasico2.gif?ssl=1\" alt=\"\" \/><\/p>\n<p><i>Eine ausf\u00fchrliche Rezension verfasste<\/i>\u00a0<a class=\"arcoma_editor_link\" href=\"https:\/\/neos-music.com\/output.php?template=german-album-details.php&amp;content=Alben\/11914-15.php#\" target=\"_blank\" rel=\"noopener\"><i>Paco Y\u00e1\u00f1ez<\/i><\/a><i>\u00a0am 9.12.2019:<\/i><\/p>\n<p>Como viene siendo norma de la casa en las ediciones de las Donaueschinger Musiktage publicadas por NEOS, las tomas de sonido son espectaculares, consciente como lo es la SWR (radio alemana encargada de las grabaciones) de lo hist\u00f3rico de cada edici\u00f3n de un or\u00e1culo alem\u00e1n al que tantas partituras que han cambiado la historia de la m\u00fasica debemos. En esta ocasi\u00f3n, las aqu\u00ed reunidas nos sit\u00faan ante seis novedades (y una recuperaci\u00f3n hist\u00f3rica) de muy diversa factura que responden fidedignamente a las variad\u00edsimas rutas est\u00e9ticas que definen el presente. El generoso libreto, de 55 p\u00e1ginas, nos ayudar\u00e1 a comprender mejor estas rutas de la mano de los propios compositores, que firman los ensayos explicativos de cada una de sus partituras, excepto en el caso de Hermann Meier, cuyo ensayo fue escrito por Michelle Ziegler.<\/p>\n<p><a class=\"arcoma_editor_link\" href=\"https:\/\/www.mundoclasico.com\/articulo\/32975\/Or%C3%A1culo-Donaueschingen-2018\" target=\"_self\" rel=\"noopener\"><i>vollst\u00e4ndiger Artikel auf mundoclassico.com<\/i><\/a><\/p>\n<p>&nbsp;<\/p>\n<p><img data-recalc-dims=\"1\" decoding=\"async\" src=\"https:\/\/i0.wp.com\/neos-music.com\/wp-content\/uploads\/2023\/05\/logo_neue_musikzeitung.jpg?ssl=1\" alt=\"\" \/><\/p>\n<p>In der November-Ausgabe 2019 schrieb Dirk Wieschollek:<\/p>\n<p>(&#8230;) Ausgew\u00e4hlt wurden Kompositionen von Ivan Fedele, Malin B\u00e5ng, Marco\u00a0Stroppa, Agata Zubel, Mirela Ivicevic, Francesco\u00a0Filidei und Hermann Meier.\u00a0Allesamt St\u00fccke, die Donaueschingens Tradition innovativer Orchesterkomposition hochhalten, manch bemerkenswert anders formatierte UA (z.N. Enno Poppes &#8222;Rundfunk&#8220;) wird jedoch unterschlagen. Einen H\u00f6hepunkt von Donaueschingen 2018 markierte das mit dem Orchesterpreis\u00a0gew\u00fcrdigte &#8222;splinters of ebullient rebellion&#8220; von Malin B\u00e5ng (&#8230;).<\/p>\n<\/div>\n<\/td>\n<\/tr>\n<\/tbody>\n<\/table>\n<p>&nbsp;<\/p>\n","protected":false},"excerpt":{"rendered":"<p>Programm: SACD 1 total playing time: 68:51 Ivan Fedele\u00a0(*1953) Air on Air\u00a0for amplified basset horn and orchestra (2018)\u00a017:28 [01]\u00a0I Floating on air\u2026\u00a004:04 [02]\u00a0II Squalls on the water surface&#8230;\u00a002:01 [03]\u00a0III Calm&#8230;\u00a002:25 [04]\u00a0IV In the eye of the storm&#8230;\u00a002:15 [05]\u00a0V The pounding sound of the storm&#8230;\u00a002:50 [06]\u00a0VI Crumbled air&#8230;\u00a003:51 World premiere \u00b7 Live recording Commissioned by SWR [&hellip;]<\/p>\n","protected":false},"featured_media":2545,"template":"","meta":{"site-sidebar-layout":"default","site-content-layout":"default","ast-site-content-layout":"default","site-content-style":"default","site-sidebar-style":"default","ast-global-header-display":"","ast-banner-title-visibility":"","ast-main-header-display":"","ast-hfb-above-header-display":"","ast-hfb-below-header-display":"","ast-hfb-mobile-header-display":"","site-post-title":"","ast-breadcrumbs-content":"","ast-featured-img":"","footer-sml-layout":"","theme-transparent-header-meta":"default","adv-header-id-meta":"","stick-header-meta":"","header-above-stick-meta":"","header-main-stick-meta":"","header-below-stick-meta":"","astra-migrate-meta-layouts":"default","ast-page-background-enabled":"default","ast-page-background-meta":{"desktop":{"background-color":"","background-image":"","background-repeat":"repeat","background-position":"center center","background-size":"auto","background-attachment":"scroll","background-type":"","background-media":"","overlay-type":"","overlay-color":"","overlay-opacity":"","overlay-gradient":""},"tablet":{"background-color":"","background-image":"","background-repeat":"repeat","background-position":"center center","background-size":"auto","background-attachment":"scroll","background-type":"","background-media":"","overlay-type":"","overlay-color":"","overlay-opacity":"","overlay-gradient":""},"mobile":{"background-color":"","background-image":"","background-repeat":"repeat","background-position":"center center","background-size":"auto","background-attachment":"scroll","background-type":"","background-media":"","overlay-type":"","overlay-color":"","overlay-opacity":"","overlay-gradient":""}},"ast-content-background-meta":{"desktop":{"background-color":"var(--ast-global-color-5)","background-image":"","background-repeat":"repeat","background-position":"center center","background-size":"auto","background-attachment":"scroll","background-type":"","background-media":"","overlay-type":"","overlay-color":"","overlay-opacity":"","overlay-gradient":""},"tablet":{"background-color":"var(--ast-global-color-5)","background-image":"","background-repeat":"repeat","background-position":"center center","background-size":"auto","background-attachment":"scroll","background-type":"","background-media":"","overlay-type":"","overlay-color":"","overlay-opacity":"","overlay-gradient":""},"mobile":{"background-color":"var(--ast-global-color-5)","background-image":"","background-repeat":"repeat","background-position":"center center","background-size":"auto","background-attachment":"scroll","background-type":"","background-media":"","overlay-type":"","overlay-color":"","overlay-opacity":"","overlay-gradient":""}}},"product_brand":[],"product_cat":[878,26],"product_tag":[],"class_list":{"0":"post-2544","1":"product","2":"type-product","3":"status-publish","4":"has-post-thumbnail","6":"product_cat-streichquartett","7":"product_cat-zeitgenossische-musik","8":"pa_artikelnummer-neos-11914-15","9":"pa_brand-neos-music","10":"pa_ean-162","11":"desktop-align-left","12":"tablet-align-left","13":"mobile-align-left","15":"first","16":"instock","17":"taxable","18":"shipping-taxable","19":"purchasable","20":"product-type-simple"},"yoast_head":"<!-- This site is optimized with the Yoast SEO plugin v27.4 - https:\/\/yoast.com\/product\/yoast-seo-wordpress\/ -->\n<title>Ivan Fedele, Malin B\u00e5ng, Marco Stroppa, Agata Zubel, Mirela Ivi\u010devi\u0107, Francesco Filidei, Hermann Meier: Donaueschinger Musiktage 2018 - NEOS Music<\/title>\n<meta name=\"robots\" content=\"index, follow, max-snippet:-1, max-image-preview:large, max-video-preview:-1\" \/>\n<link rel=\"canonical\" href=\"https:\/\/neos-music.com\/en_us\/product\/2544\/\" \/>\n<meta property=\"og:locale\" content=\"en_US\" \/>\n<meta property=\"og:type\" content=\"article\" \/>\n<meta property=\"og:title\" content=\"Ivan Fedele, Malin B\u00e5ng, Marco Stroppa, Agata Zubel, Mirela Ivi\u010devi\u0107, Francesco Filidei, Hermann Meier: Donaueschinger Musiktage 2018 - NEOS Music\" \/>\n<meta property=\"og:description\" content=\"Programm: SACD 1 total playing time: 68:51 Ivan Fedele\u00a0(*1953) Air on Air\u00a0for amplified basset horn and orchestra (2018)\u00a017:28 [01]\u00a0I Floating on air\u2026\u00a004:04 [02]\u00a0II Squalls on the water surface&#8230;\u00a002:01 [03]\u00a0III Calm&#8230;\u00a002:25 [04]\u00a0IV In the eye of the storm&#8230;\u00a002:15 [05]\u00a0V The pounding sound of the storm&#8230;\u00a002:50 [06]\u00a0VI Crumbled air&#8230;\u00a003:51 World premiere \u00b7 Live recording Commissioned by SWR [&hellip;]\" \/>\n<meta property=\"og:url\" content=\"https:\/\/neos-music.com\/en_us\/product\/2544\/\" \/>\n<meta property=\"og:site_name\" content=\"NEOS Music\" \/>\n<meta property=\"article:modified_time\" content=\"2023-05-25T09:41:43+00:00\" \/>\n<meta property=\"og:image\" content=\"https:\/\/neos-music.com\/wp-content\/uploads\/2022\/11\/NEOS_11914-15_DMT2018.jpeg\" \/>\n\t<meta property=\"og:image:width\" content=\"1648\" \/>\n\t<meta property=\"og:image:height\" content=\"1482\" \/>\n\t<meta property=\"og:image:type\" content=\"image\/jpeg\" \/>\n<meta name=\"twitter:card\" content=\"summary_large_image\" \/>\n<meta name=\"twitter:label1\" content=\"Est. reading time\" \/>\n\t<meta name=\"twitter:data1\" content=\"4 minutes\" \/>\n<script type=\"application\/ld+json\" class=\"yoast-schema-graph\">{\"@context\":\"https:\\\/\\\/schema.org\",\"@graph\":[{\"@type\":\"WebPage\",\"@id\":\"https:\\\/\\\/neos-music.com\\\/product\\\/2544\\\/\",\"url\":\"https:\\\/\\\/neos-music.com\\\/product\\\/2544\\\/\",\"name\":\"Ivan Fedele, Malin B\u00e5ng, Marco Stroppa, Agata Zubel, Mirela Ivi\u010devi\u0107, Francesco Filidei, Hermann Meier: Donaueschinger Musiktage 2018 - NEOS Music\",\"isPartOf\":{\"@id\":\"https:\\\/\\\/neos-music.com\\\/#website\"},\"primaryImageOfPage\":{\"@id\":\"https:\\\/\\\/neos-music.com\\\/product\\\/2544\\\/#primaryimage\"},\"image\":{\"@id\":\"https:\\\/\\\/neos-music.com\\\/product\\\/2544\\\/#primaryimage\"},\"thumbnailUrl\":\"https:\\\/\\\/i0.wp.com\\\/neos-music.com\\\/wp-content\\\/uploads\\\/2022\\\/11\\\/NEOS_11914-15_DMT2018.jpeg?fit=1648%2C1482&ssl=1\",\"datePublished\":\"2019-10-18T16:36:43+00:00\",\"dateModified\":\"2023-05-25T09:41:43+00:00\",\"breadcrumb\":{\"@id\":\"https:\\\/\\\/neos-music.com\\\/product\\\/2544\\\/#breadcrumb\"},\"inLanguage\":\"en-US\",\"potentialAction\":[{\"@type\":\"ReadAction\",\"target\":[\"https:\\\/\\\/neos-music.com\\\/product\\\/2544\\\/\"]}]},{\"@type\":\"ImageObject\",\"inLanguage\":\"en-US\",\"@id\":\"https:\\\/\\\/neos-music.com\\\/product\\\/2544\\\/#primaryimage\",\"url\":\"https:\\\/\\\/i0.wp.com\\\/neos-music.com\\\/wp-content\\\/uploads\\\/2022\\\/11\\\/NEOS_11914-15_DMT2018.jpeg?fit=1648%2C1482&ssl=1\",\"contentUrl\":\"https:\\\/\\\/i0.wp.com\\\/neos-music.com\\\/wp-content\\\/uploads\\\/2022\\\/11\\\/NEOS_11914-15_DMT2018.jpeg?fit=1648%2C1482&ssl=1\",\"width\":1648,\"height\":1482},{\"@type\":\"BreadcrumbList\",\"@id\":\"https:\\\/\\\/neos-music.com\\\/product\\\/2544\\\/#breadcrumb\",\"itemListElement\":[{\"@type\":\"ListItem\",\"position\":1,\"name\":\"Startseite\",\"item\":\"https:\\\/\\\/neos-music.com\\\/\"},{\"@type\":\"ListItem\",\"position\":2,\"name\":\"Produkte\",\"item\":\"https:\\\/\\\/neos-music.com\\\/shop__trashed\\\/\"},{\"@type\":\"ListItem\",\"position\":3,\"name\":\"Ivan Fedele, Malin B\u00e5ng, Marco Stroppa, Agata Zubel, Mirela Ivi\u010devi\u0107, Francesco Filidei, Hermann Meier: Donaueschinger Musiktage 2018\"}]},{\"@type\":\"WebSite\",\"@id\":\"https:\\\/\\\/neos-music.com\\\/#website\",\"url\":\"https:\\\/\\\/neos-music.com\\\/\",\"name\":\"NEOS Music\",\"description\":\"Dein Online Shop f\u00fcr zeitgen\u00f6ssische Musik, Jazz und Classics!\",\"publisher\":{\"@id\":\"https:\\\/\\\/neos-music.com\\\/#organization\"},\"potentialAction\":[{\"@type\":\"SearchAction\",\"target\":{\"@type\":\"EntryPoint\",\"urlTemplate\":\"https:\\\/\\\/neos-music.com\\\/?s={search_term_string}\"},\"query-input\":{\"@type\":\"PropertyValueSpecification\",\"valueRequired\":true,\"valueName\":\"search_term_string\"}}],\"inLanguage\":\"en-US\"},{\"@type\":\"Organization\",\"@id\":\"https:\\\/\\\/neos-music.com\\\/#organization\",\"name\":\"NEOS Music\",\"url\":\"https:\\\/\\\/neos-music.com\\\/\",\"logo\":{\"@type\":\"ImageObject\",\"inLanguage\":\"en-US\",\"@id\":\"https:\\\/\\\/neos-music.com\\\/#\\\/schema\\\/logo\\\/image\\\/\",\"url\":\"https:\\\/\\\/i0.wp.com\\\/neos-music.com\\\/wp-content\\\/uploads\\\/2025\\\/08\\\/NEOS-Logo-weiss.png?fit=800%2C203&ssl=1\",\"contentUrl\":\"https:\\\/\\\/i0.wp.com\\\/neos-music.com\\\/wp-content\\\/uploads\\\/2025\\\/08\\\/NEOS-Logo-weiss.png?fit=800%2C203&ssl=1\",\"width\":800,\"height\":203,\"caption\":\"NEOS Music\"},\"image\":{\"@id\":\"https:\\\/\\\/neos-music.com\\\/#\\\/schema\\\/logo\\\/image\\\/\"}}]}<\/script>\n<!-- \/ Yoast SEO plugin. -->","yoast_head_json":{"title":"Ivan Fedele, Malin B\u00e5ng, Marco Stroppa, Agata Zubel, Mirela Ivi\u010devi\u0107, Francesco Filidei, Hermann Meier: Donaueschinger Musiktage 2018 - NEOS Music","robots":{"index":"index","follow":"follow","max-snippet":"max-snippet:-1","max-image-preview":"max-image-preview:large","max-video-preview":"max-video-preview:-1"},"canonical":"https:\/\/neos-music.com\/en_us\/product\/2544\/","og_locale":"en_US","og_type":"article","og_title":"Ivan Fedele, Malin B\u00e5ng, Marco Stroppa, Agata Zubel, Mirela Ivi\u010devi\u0107, Francesco Filidei, Hermann Meier: Donaueschinger Musiktage 2018 - NEOS Music","og_description":"Programm: SACD 1 total playing time: 68:51 Ivan Fedele\u00a0(*1953) Air on Air\u00a0for amplified basset horn and orchestra (2018)\u00a017:28 [01]\u00a0I Floating on air\u2026\u00a004:04 [02]\u00a0II Squalls on the water surface&#8230;\u00a002:01 [03]\u00a0III Calm&#8230;\u00a002:25 [04]\u00a0IV In the eye of the storm&#8230;\u00a002:15 [05]\u00a0V The pounding sound of the storm&#8230;\u00a002:50 [06]\u00a0VI Crumbled air&#8230;\u00a003:51 World premiere \u00b7 Live recording Commissioned by SWR [&hellip;]","og_url":"https:\/\/neos-music.com\/en_us\/product\/2544\/","og_site_name":"NEOS Music","article_modified_time":"2023-05-25T09:41:43+00:00","og_image":[{"width":1648,"height":1482,"url":"https:\/\/neos-music.com\/wp-content\/uploads\/2022\/11\/NEOS_11914-15_DMT2018.jpeg","type":"image\/jpeg"}],"twitter_card":"summary_large_image","twitter_misc":{"Est. reading time":"4 minutes"},"schema":{"@context":"https:\/\/schema.org","@graph":[{"@type":"WebPage","@id":"https:\/\/neos-music.com\/product\/2544\/","url":"https:\/\/neos-music.com\/product\/2544\/","name":"Ivan Fedele, Malin B\u00e5ng, Marco Stroppa, Agata Zubel, Mirela Ivi\u010devi\u0107, Francesco Filidei, Hermann Meier: Donaueschinger Musiktage 2018 - NEOS Music","isPartOf":{"@id":"https:\/\/neos-music.com\/#website"},"primaryImageOfPage":{"@id":"https:\/\/neos-music.com\/product\/2544\/#primaryimage"},"image":{"@id":"https:\/\/neos-music.com\/product\/2544\/#primaryimage"},"thumbnailUrl":"https:\/\/i0.wp.com\/neos-music.com\/wp-content\/uploads\/2022\/11\/NEOS_11914-15_DMT2018.jpeg?fit=1648%2C1482&ssl=1","datePublished":"2019-10-18T16:36:43+00:00","dateModified":"2023-05-25T09:41:43+00:00","breadcrumb":{"@id":"https:\/\/neos-music.com\/product\/2544\/#breadcrumb"},"inLanguage":"en-US","potentialAction":[{"@type":"ReadAction","target":["https:\/\/neos-music.com\/product\/2544\/"]}]},{"@type":"ImageObject","inLanguage":"en-US","@id":"https:\/\/neos-music.com\/product\/2544\/#primaryimage","url":"https:\/\/i0.wp.com\/neos-music.com\/wp-content\/uploads\/2022\/11\/NEOS_11914-15_DMT2018.jpeg?fit=1648%2C1482&ssl=1","contentUrl":"https:\/\/i0.wp.com\/neos-music.com\/wp-content\/uploads\/2022\/11\/NEOS_11914-15_DMT2018.jpeg?fit=1648%2C1482&ssl=1","width":1648,"height":1482},{"@type":"BreadcrumbList","@id":"https:\/\/neos-music.com\/product\/2544\/#breadcrumb","itemListElement":[{"@type":"ListItem","position":1,"name":"Startseite","item":"https:\/\/neos-music.com\/"},{"@type":"ListItem","position":2,"name":"Produkte","item":"https:\/\/neos-music.com\/shop__trashed\/"},{"@type":"ListItem","position":3,"name":"Ivan Fedele, Malin B\u00e5ng, Marco Stroppa, Agata Zubel, Mirela Ivi\u010devi\u0107, Francesco Filidei, Hermann Meier: Donaueschinger Musiktage 2018"}]},{"@type":"WebSite","@id":"https:\/\/neos-music.com\/#website","url":"https:\/\/neos-music.com\/","name":"NEOS Music","description":"Dein Online Shop f\u00fcr zeitgen\u00f6ssische Musik, Jazz und Classics!","publisher":{"@id":"https:\/\/neos-music.com\/#organization"},"potentialAction":[{"@type":"SearchAction","target":{"@type":"EntryPoint","urlTemplate":"https:\/\/neos-music.com\/?s={search_term_string}"},"query-input":{"@type":"PropertyValueSpecification","valueRequired":true,"valueName":"search_term_string"}}],"inLanguage":"en-US"},{"@type":"Organization","@id":"https:\/\/neos-music.com\/#organization","name":"NEOS Music","url":"https:\/\/neos-music.com\/","logo":{"@type":"ImageObject","inLanguage":"en-US","@id":"https:\/\/neos-music.com\/#\/schema\/logo\/image\/","url":"https:\/\/i0.wp.com\/neos-music.com\/wp-content\/uploads\/2025\/08\/NEOS-Logo-weiss.png?fit=800%2C203&ssl=1","contentUrl":"https:\/\/i0.wp.com\/neos-music.com\/wp-content\/uploads\/2025\/08\/NEOS-Logo-weiss.png?fit=800%2C203&ssl=1","width":800,"height":203,"caption":"NEOS Music"},"image":{"@id":"https:\/\/neos-music.com\/#\/schema\/logo\/image\/"}}]}},"jetpack_sharing_enabled":true,"_links":{"self":[{"href":"https:\/\/neos-music.com\/en_us\/wp-json\/wp\/v2\/product\/2544","targetHints":{"allow":["GET"]}}],"collection":[{"href":"https:\/\/neos-music.com\/en_us\/wp-json\/wp\/v2\/product"}],"about":[{"href":"https:\/\/neos-music.com\/en_us\/wp-json\/wp\/v2\/types\/product"}],"version-history":[{"count":0,"href":"https:\/\/neos-music.com\/en_us\/wp-json\/wp\/v2\/product\/2544\/revisions"}],"wp:featuredmedia":[{"embeddable":true,"href":"https:\/\/neos-music.com\/en_us\/wp-json\/wp\/v2\/media\/2545"}],"wp:attachment":[{"href":"https:\/\/neos-music.com\/en_us\/wp-json\/wp\/v2\/media?parent=2544"}],"wp:term":[{"taxonomy":"product_brand","embeddable":true,"href":"https:\/\/neos-music.com\/en_us\/wp-json\/wp\/v2\/product_brand?post=2544"},{"taxonomy":"product_cat","embeddable":true,"href":"https:\/\/neos-music.com\/en_us\/wp-json\/wp\/v2\/product_cat?post=2544"},{"taxonomy":"product_tag","embeddable":true,"href":"https:\/\/neos-music.com\/en_us\/wp-json\/wp\/v2\/product_tag?post=2544"}],"curies":[{"name":"wp","href":"https:\/\/api.w.org\/{rel}","templated":true}]}}