{"id":2546,"date":"2019-10-18T16:42:26","date_gmt":"2019-10-18T16:42:26","guid":{"rendered":"https:\/\/neos-music.com\/?post_type=product&#038;p=2546"},"modified":"2023-05-22T20:31:59","modified_gmt":"2023-05-22T20:31:59","slug":"daniel-peter-biro-mishpatim-laws","status":"publish","type":"product","link":"https:\/\/neos-music.com\/en_us\/product\/daniel-peter-biro-mishpatim-laws\/","title":{"rendered":"D\u00e1niel P\u00e9ter Bir\u00f3: Mishpatim (Laws)"},"content":{"rendered":"<p>Programm:<\/p>\n<p><b><a class=\"arcoma_glossarylink\" href=\"https:\/\/neos-music.com\/output.php?content=Kuenstler\/Biro_Daniel_Peter.php&amp;treplace=english%2Cgerman\" target=\"_self\" rel=\"noopener\">D\u00e1niel P\u00e9ter Bir\u00f3<\/a><\/b>\u00a0(*1969)<\/p>\n<p><b>Mishpatim (Laws)<br \/>\n<\/b>Six-Part Composition Cycle (2003\u20132016)<\/p>\n<p><b>SACD 1<\/b><br \/>\ntotal playing time: 67:00<\/p>\n<p>[01]<b>\u00a0Mishpatim (Laws) Part I: Lo Tisa (Do Not Accept)<\/b>\u00a014:19<br \/>\nfor speaking percussionist, voices and ensemble (2003, rev. 2015\u2009\/\u20092016)<\/p>\n<p>[02]<b>\u00a0Mishpatim (Laws) Part II: VeShesh Shanim (Six Years)<\/b>\u00a017:08<br \/>\nfor voices, speaking percussionist and ensemble (2005\u20132006, rev. 2015\u2009\/\u20092016)<\/p>\n<p>[03]\u00a0<b>Mishpatim (Laws) Part III: LoYeshvu (They Shall Not Remain)<\/b>\u00a025:58<br \/>\nfor contralto, speaking percussionist, ensemble and electronics (2005\u20132006, rev. 2015\u2009\/\u20092016)<\/p>\n<p>Mishpatim (Laws) Part IV: Ko Amar (Thus Said)<\/p>\n<p><b><\/b>[04]\u00a0<b>1. Hadavar (The Word)<\/b>\u00a009:31<br \/>\nfor contralto, piano, resonant instruments and electronics (2010, rev. 2014)<\/p>\n<p><b>SACD 2<br \/>\n<\/b>total playing time: 77:23<\/p>\n<p><b>Mishpatim (Laws) Part IV: Ko Amar (Thus Said)<\/b><\/p>\n<p>[01]\u00a0<b>2. Ko Amar (Thus Said)<\/b>\u00a0 01:38<br \/>\nfor voices and electronics (2008\u20132010, rev. 2014)<\/p>\n<p>[02] 3<b>. Lakhen (Therefore)<\/b>\u00a025:01<br \/>\nfor contralto, voices, piano, ensemble, resonant instruments and electronics (2008\u20132010, rev. 2014)<\/p>\n<p>[03]<b>\u00a04. Hineni (Behold)<\/b>\u00a004:13<br \/>\nfor contralto, violoncello, bass flute, clarinet, resonant instruments and electronics\u00a0(2008\u20132010, rev. 2014)<\/p>\n<p>[04]\u00a0<b>5. Shamayim Va\u2019aretz (Heaven and Earth)<\/b>\u00a006:31<br \/>\nfor contralto, ensemble, resonant instruments and electronics (2008\u20132010, rev. 2014)<\/p>\n<p>[05]\u00a0<b>Mishpatim (Laws) Part V: Vayiru et (And They Saw)\u00a0<i>In Memoriam Matan Givol<\/i><\/b>\u00a021:09<br \/>\nfor contralto, ensemble, resonant instruments and electronics (2011\u20132013, rev. 2014)<\/p>\n<p>[06]\u00a0<b>Mishpatim (Laws) Part VI: Bahar (On the Mountain)<\/b>\u00a018:48<br \/>\nfor contralto, piano, percussion, resonant instruments and electronics (2010\u20132012 rev. 2014\u2009\/\u20092015)<\/p>\n<p>&nbsp;<\/p>\n<p><b><a class=\"arcoma_glossarylink\" href=\"https:\/\/neos-music.com\/output.php?content=Kuenstler\/Frenkel_Noa.php&amp;treplace=english%2Cgerman\" target=\"_self\" rel=\"noopener\">Noa Frenkel<\/a><\/b>, contralto<\/p>\n<p><b><a class=\"arcoma_glossarylink\" href=\"https:\/\/neos-music.com\/output.php?content=Kuenstler\/Theodorakis_Ermis.php&amp;treplace=english%2Cgerman\" target=\"_self\" rel=\"noopener\">Ermis Theodorakis<\/a><\/b>,<b><\/b>\u00a0piano<\/p>\n<p><b>Ensemble Surplus<br \/>\n<\/b>Christian Kemper, voice<br \/>\nCornelius Bauer, voice<br \/>\nLiz Hirst, flutes<br \/>\nNicola Miorada, clarinets<br \/>\nStefan H\u00e4ussler, violin<br \/>\nBeverley Ellis, violoncello<br \/>\nSven Kestel, double bass<br \/>\nOlaf Tzschoppe, percussion<br \/>\nErich Wagner, conductor<\/p>\n<p><b>D\u00e1niel P\u00e9ter Bir\u00f3\u2009\/\u2009Dominik Pahnke\u2009\/\u2009Sam Wolk<\/b>, electronics<\/p>\n<p><b>SWR Experimentalstudio<\/b>, live electronic realisation<br \/>\nReinhold Braig\u2009\/\u2009Dominik Kleinknecht\u2009\/\u2009Simon Spillner, sound direction (Parts IV &amp; V)<br \/>\nDominik Kleinknecht\u2009\/\u2009Sven Kestel, sound direction (Part VI)<\/p>\n<p>&nbsp;<\/p>\n<p><iframe src=\"https:\/\/w.soundcloud.com\/player\/?url=https%3A\/\/api.soundcloud.com\/playlists\/943689286&amp;color=%23ff5500&amp;auto_play=false&amp;hide_related=false&amp;show_comments=true&amp;show_user=true&amp;show_reposts=false&amp;show_teaser=true\" width=\"100%\" height=\"450\" frameborder=\"no\" scrolling=\"no\" data-mce-fragment=\"1\"><\/iframe><\/p>\n<p>&nbsp;<\/p>\n<p>&nbsp;<\/p>\n<p><iframe src=\"https:\/\/www.youtube.com\/embed\/Hi57uTb_U_M\" width=\"560\" height=\"315\" frameborder=\"0\" allowfullscreen=\"allowfullscreen\" data-mce-fragment=\"1\"><\/iframe><\/p>\n<p>&nbsp;<\/p>\n<p>&nbsp;<\/p>\n<p>&nbsp;<\/p>\n<p><iframe src=\"https:\/\/www.youtube.com\/embed\/n98XoxlDSSw\" width=\"560\" height=\"315\" frameborder=\"0\" allowfullscreen=\"allowfullscreen\" data-mce-fragment=\"1\"><\/iframe><\/p>\n<p>Pressestimmen:<\/p>\n<p><img data-recalc-dims=\"1\" decoding=\"async\" src=\"https:\/\/i0.wp.com\/neos-music.com\/wp-content\/uploads\/2023\/05\/logo_mundoclasico2.gif?ssl=1\" alt=\"\" \/><br \/>\n20.07.2020<\/p>\n<p>Entre los alumnos de Hans Zender a los que Jos\u00e9 Mar\u00eda S\u00e1nchez-Verd\u00fa se refiri\u00f3 en aquella entrevista estaba el compositor de origen norteamericano D\u00e1niel P\u00e9ter Bir\u00f3 (Madison, 1969), un verdadero jud\u00edo errante, pues, si repasamos su biograf\u00eda, nos encontraremos a Bir\u00f3 en muy distintos lugares del mundo, ya por motivos de estudios, ya en proyectos compositivos, ya como investigador o docente: un itinerario vital que lo ha llevado desde a estudiar el folclore magiar en Hungr\u00eda \u2014siguiendo los pasos de B\u00e9la Bart\u00f3k\u2014, a su doctorado en la Universidad de Princeton, pasando por Suiza, Alemania, Holanda, Austria, Noruega, Canad\u00e1, o Israel, pa\u00eds, este \u00faltimo, del que m\u00e1s cercana estar\u00eda la aut\u00e9ntica cosmogon\u00eda textual y musical que D\u00e1niel P\u00e9ter Bir\u00f3 ha reunido en la partitura que hoy nos convoca, Mishpatim (Laws) (2003-16), ciclo en seis partes de casi dos horas y media de duraci\u00f3n que comprende efectivos de lo m\u00e1s diverso que van de la voz de contralto al piano, adem\u00e1s de ensemble y electr\u00f3nica. [\u2026]<\/p>\n<p><i>Paco Y\u00e1\u00f1ez<\/i><\/p>\n<p><a class=\"arcoma_editor_link\" href=\"https:\/\/neos-music.com\/output.php?template=german-album-details.php&amp;content=Alben\/11919-20.php#\" target=\"_blank\" rel=\"noopener\">www.mundoclasico.com<\/a><\/p>\n<p>&nbsp;<\/p>\n<p><img data-recalc-dims=\"1\" decoding=\"async\" src=\"https:\/\/i0.wp.com\/neos-music.com\/wp-content\/uploads\/2023\/05\/logo_NeueZeitschriftMusik_NEU.jpg?ssl=1\" alt=\"\" \/><br \/>\n2\/2020<\/p>\n<p>Hervorragend sind auch die Interpreten des Freiburger Ensemble SurPlus [\u2026]; der warme Alt von Noa Frenkel verleiht der letztlich doch etwas spr\u00f6den Mu\u00adsik zumindest etwas Charme. Alles in allem ist D\u00e1niel P\u00e9ter Bir\u00f3s Mishpatim (Laws) eine sicher interessante, auch kompromisslose Produktion.<\/p>\n<p><i>Thomas Meyer<\/i><\/p>\n<p><a class=\"arcoma_editor_link\" href=\"https:\/\/musikderzeit.de\/artikel\/mishpatim-laws\/\" target=\"_blank\" rel=\"noopener\">www.musikderzeit.de<\/a><\/p>\n","protected":false},"excerpt":{"rendered":"<p>Programm: D\u00e1niel P\u00e9ter Bir\u00f3\u00a0(*1969) Mishpatim (Laws) Six-Part Composition Cycle (2003\u20132016) SACD 1 total playing time: 67:00 [01]\u00a0Mishpatim (Laws) Part I: Lo Tisa (Do Not Accept)\u00a014:19 for speaking percussionist, voices and ensemble (2003, rev. 2015\u2009\/\u20092016) [02]\u00a0Mishpatim (Laws) Part II: VeShesh Shanim (Six Years)\u00a017:08 for voices, speaking percussionist and ensemble (2005\u20132006, rev. 2015\u2009\/\u20092016) [03]\u00a0Mishpatim (Laws) Part III: [&hellip;]<\/p>\n","protected":false},"featured_media":2547,"template":"","meta":{"site-sidebar-layout":"default","site-content-layout":"default","ast-site-content-layout":"default","site-content-style":"default","site-sidebar-style":"default","ast-global-header-display":"","ast-banner-title-visibility":"","ast-main-header-display":"","ast-hfb-above-header-display":"","ast-hfb-below-header-display":"","ast-hfb-mobile-header-display":"","site-post-title":"","ast-breadcrumbs-content":"","ast-featured-img":"","footer-sml-layout":"","theme-transparent-header-meta":"default","adv-header-id-meta":"","stick-header-meta":"","header-above-stick-meta":"","header-main-stick-meta":"","header-below-stick-meta":"","astra-migrate-meta-layouts":"default","ast-page-background-enabled":"default","ast-page-background-meta":{"desktop":{"background-color":"","background-image":"","background-repeat":"repeat","background-position":"center center","background-size":"auto","background-attachment":"scroll","background-type":"","background-media":"","overlay-type":"","overlay-color":"","overlay-opacity":"","overlay-gradient":""},"tablet":{"background-color":"","background-image":"","background-repeat":"repeat","background-position":"center center","background-size":"auto","background-attachment":"scroll","background-type":"","background-media":"","overlay-type":"","overlay-color":"","overlay-opacity":"","overlay-gradient":""},"mobile":{"background-color":"","background-image":"","background-repeat":"repeat","background-position":"center center","background-size":"auto","background-attachment":"scroll","background-type":"","background-media":"","overlay-type":"","overlay-color":"","overlay-opacity":"","overlay-gradient":""}},"ast-content-background-meta":{"desktop":{"background-color":"var(--ast-global-color-5)","background-image":"","background-repeat":"repeat","background-position":"center center","background-size":"auto","background-attachment":"scroll","background-type":"","background-media":"","overlay-type":"","overlay-color":"","overlay-opacity":"","overlay-gradient":""},"tablet":{"background-color":"var(--ast-global-color-5)","background-image":"","background-repeat":"repeat","background-position":"center center","background-size":"auto","background-attachment":"scroll","background-type":"","background-media":"","overlay-type":"","overlay-color":"","overlay-opacity":"","overlay-gradient":""},"mobile":{"background-color":"var(--ast-global-color-5)","background-image":"","background-repeat":"repeat","background-position":"center center","background-size":"auto","background-attachment":"scroll","background-type":"","background-media":"","overlay-type":"","overlay-color":"","overlay-opacity":"","overlay-gradient":""}}},"product_brand":[],"product_cat":[883,878,26],"product_tag":[],"class_list":{"0":"post-2546","1":"product","2":"type-product","3":"status-publish","4":"has-post-thumbnail","6":"product_cat-orchester","7":"product_cat-streichquartett","8":"product_cat-zeitgenossische-musik","9":"pa_artikelnummer-neos-11919-20","10":"pa_brand-neos-music","11":"pa_ean-164","12":"desktop-align-left","13":"tablet-align-left","14":"mobile-align-left","16":"first","17":"instock","18":"taxable","19":"shipping-taxable","20":"purchasable","21":"product-type-simple"},"yoast_head":"<!-- This site is optimized with the Yoast SEO plugin v27.4 - https:\/\/yoast.com\/product\/yoast-seo-wordpress\/ -->\n<title>D\u00e1niel P\u00e9ter Bir\u00f3: Mishpatim (Laws) - NEOS Music<\/title>\n<meta name=\"robots\" content=\"index, follow, max-snippet:-1, max-image-preview:large, max-video-preview:-1\" \/>\n<link rel=\"canonical\" href=\"https:\/\/neos-music.com\/en_us\/product\/daniel-peter-biro-mishpatim-laws\/\" \/>\n<meta property=\"og:locale\" content=\"en_US\" \/>\n<meta property=\"og:type\" content=\"article\" \/>\n<meta property=\"og:title\" content=\"D\u00e1niel P\u00e9ter Bir\u00f3: Mishpatim (Laws) - NEOS Music\" \/>\n<meta property=\"og:description\" content=\"Programm: D\u00e1niel P\u00e9ter Bir\u00f3\u00a0(*1969) Mishpatim (Laws) Six-Part Composition Cycle (2003\u20132016) SACD 1 total playing time: 67:00 [01]\u00a0Mishpatim (Laws) Part I: Lo Tisa (Do Not Accept)\u00a014:19 for speaking percussionist, voices and ensemble (2003, rev. 2015\u2009\/\u20092016) [02]\u00a0Mishpatim (Laws) Part II: VeShesh Shanim (Six Years)\u00a017:08 for voices, speaking percussionist and ensemble (2005\u20132006, rev. 2015\u2009\/\u20092016) [03]\u00a0Mishpatim (Laws) Part III: [&hellip;]\" \/>\n<meta property=\"og:url\" content=\"https:\/\/neos-music.com\/en_us\/product\/daniel-peter-biro-mishpatim-laws\/\" \/>\n<meta property=\"og:site_name\" content=\"NEOS Music\" \/>\n<meta property=\"article:modified_time\" content=\"2023-05-22T20:31:59+00:00\" \/>\n<meta property=\"og:image\" content=\"https:\/\/neos-music.com\/wp-content\/uploads\/2022\/11\/NEOS_11919-20_Biro.jpeg\" \/>\n\t<meta property=\"og:image:width\" content=\"1648\" \/>\n\t<meta property=\"og:image:height\" content=\"1481\" \/>\n\t<meta property=\"og:image:type\" content=\"image\/jpeg\" \/>\n<meta name=\"twitter:card\" content=\"summary_large_image\" \/>\n<meta name=\"twitter:label1\" content=\"Est. reading time\" \/>\n\t<meta name=\"twitter:data1\" content=\"4 minutes\" \/>\n<script type=\"application\/ld+json\" class=\"yoast-schema-graph\">{\"@context\":\"https:\\\/\\\/schema.org\",\"@graph\":[{\"@type\":\"WebPage\",\"@id\":\"https:\\\/\\\/neos-music.com\\\/product\\\/daniel-peter-biro-mishpatim-laws\\\/\",\"url\":\"https:\\\/\\\/neos-music.com\\\/product\\\/daniel-peter-biro-mishpatim-laws\\\/\",\"name\":\"D\u00e1niel P\u00e9ter Bir\u00f3: Mishpatim (Laws) - NEOS Music\",\"isPartOf\":{\"@id\":\"https:\\\/\\\/neos-music.com\\\/#website\"},\"primaryImageOfPage\":{\"@id\":\"https:\\\/\\\/neos-music.com\\\/product\\\/daniel-peter-biro-mishpatim-laws\\\/#primaryimage\"},\"image\":{\"@id\":\"https:\\\/\\\/neos-music.com\\\/product\\\/daniel-peter-biro-mishpatim-laws\\\/#primaryimage\"},\"thumbnailUrl\":\"https:\\\/\\\/i0.wp.com\\\/neos-music.com\\\/wp-content\\\/uploads\\\/2022\\\/11\\\/NEOS_11919-20_Biro.jpeg?fit=1648%2C1481&ssl=1\",\"datePublished\":\"2019-10-18T16:42:26+00:00\",\"dateModified\":\"2023-05-22T20:31:59+00:00\",\"breadcrumb\":{\"@id\":\"https:\\\/\\\/neos-music.com\\\/product\\\/daniel-peter-biro-mishpatim-laws\\\/#breadcrumb\"},\"inLanguage\":\"en-US\",\"potentialAction\":[{\"@type\":\"ReadAction\",\"target\":[\"https:\\\/\\\/neos-music.com\\\/product\\\/daniel-peter-biro-mishpatim-laws\\\/\"]}]},{\"@type\":\"ImageObject\",\"inLanguage\":\"en-US\",\"@id\":\"https:\\\/\\\/neos-music.com\\\/product\\\/daniel-peter-biro-mishpatim-laws\\\/#primaryimage\",\"url\":\"https:\\\/\\\/i0.wp.com\\\/neos-music.com\\\/wp-content\\\/uploads\\\/2022\\\/11\\\/NEOS_11919-20_Biro.jpeg?fit=1648%2C1481&ssl=1\",\"contentUrl\":\"https:\\\/\\\/i0.wp.com\\\/neos-music.com\\\/wp-content\\\/uploads\\\/2022\\\/11\\\/NEOS_11919-20_Biro.jpeg?fit=1648%2C1481&ssl=1\",\"width\":1648,\"height\":1481},{\"@type\":\"BreadcrumbList\",\"@id\":\"https:\\\/\\\/neos-music.com\\\/product\\\/daniel-peter-biro-mishpatim-laws\\\/#breadcrumb\",\"itemListElement\":[{\"@type\":\"ListItem\",\"position\":1,\"name\":\"Startseite\",\"item\":\"https:\\\/\\\/neos-music.com\\\/\"},{\"@type\":\"ListItem\",\"position\":2,\"name\":\"Produkte\",\"item\":\"https:\\\/\\\/neos-music.com\\\/shop__trashed\\\/\"},{\"@type\":\"ListItem\",\"position\":3,\"name\":\"D\u00e1niel P\u00e9ter Bir\u00f3: Mishpatim (Laws)\"}]},{\"@type\":\"WebSite\",\"@id\":\"https:\\\/\\\/neos-music.com\\\/#website\",\"url\":\"https:\\\/\\\/neos-music.com\\\/\",\"name\":\"NEOS Music\",\"description\":\"Dein Online Shop f\u00fcr zeitgen\u00f6ssische Musik, Jazz und Classics!\",\"publisher\":{\"@id\":\"https:\\\/\\\/neos-music.com\\\/#organization\"},\"potentialAction\":[{\"@type\":\"SearchAction\",\"target\":{\"@type\":\"EntryPoint\",\"urlTemplate\":\"https:\\\/\\\/neos-music.com\\\/?s={search_term_string}\"},\"query-input\":{\"@type\":\"PropertyValueSpecification\",\"valueRequired\":true,\"valueName\":\"search_term_string\"}}],\"inLanguage\":\"en-US\"},{\"@type\":\"Organization\",\"@id\":\"https:\\\/\\\/neos-music.com\\\/#organization\",\"name\":\"NEOS Music\",\"url\":\"https:\\\/\\\/neos-music.com\\\/\",\"logo\":{\"@type\":\"ImageObject\",\"inLanguage\":\"en-US\",\"@id\":\"https:\\\/\\\/neos-music.com\\\/#\\\/schema\\\/logo\\\/image\\\/\",\"url\":\"https:\\\/\\\/i0.wp.com\\\/neos-music.com\\\/wp-content\\\/uploads\\\/2025\\\/08\\\/NEOS-Logo-weiss.png?fit=800%2C203&ssl=1\",\"contentUrl\":\"https:\\\/\\\/i0.wp.com\\\/neos-music.com\\\/wp-content\\\/uploads\\\/2025\\\/08\\\/NEOS-Logo-weiss.png?fit=800%2C203&ssl=1\",\"width\":800,\"height\":203,\"caption\":\"NEOS Music\"},\"image\":{\"@id\":\"https:\\\/\\\/neos-music.com\\\/#\\\/schema\\\/logo\\\/image\\\/\"}}]}<\/script>\n<!-- \/ Yoast SEO plugin. -->","yoast_head_json":{"title":"D\u00e1niel P\u00e9ter Bir\u00f3: Mishpatim (Laws) - NEOS Music","robots":{"index":"index","follow":"follow","max-snippet":"max-snippet:-1","max-image-preview":"max-image-preview:large","max-video-preview":"max-video-preview:-1"},"canonical":"https:\/\/neos-music.com\/en_us\/product\/daniel-peter-biro-mishpatim-laws\/","og_locale":"en_US","og_type":"article","og_title":"D\u00e1niel P\u00e9ter Bir\u00f3: Mishpatim (Laws) - NEOS Music","og_description":"Programm: D\u00e1niel P\u00e9ter Bir\u00f3\u00a0(*1969) Mishpatim (Laws) Six-Part Composition Cycle (2003\u20132016) SACD 1 total playing time: 67:00 [01]\u00a0Mishpatim (Laws) Part I: Lo Tisa (Do Not Accept)\u00a014:19 for speaking percussionist, voices and ensemble (2003, rev. 2015\u2009\/\u20092016) [02]\u00a0Mishpatim (Laws) Part II: VeShesh Shanim (Six Years)\u00a017:08 for voices, speaking percussionist and ensemble (2005\u20132006, rev. 2015\u2009\/\u20092016) [03]\u00a0Mishpatim (Laws) Part III: [&hellip;]","og_url":"https:\/\/neos-music.com\/en_us\/product\/daniel-peter-biro-mishpatim-laws\/","og_site_name":"NEOS Music","article_modified_time":"2023-05-22T20:31:59+00:00","og_image":[{"width":1648,"height":1481,"url":"https:\/\/neos-music.com\/wp-content\/uploads\/2022\/11\/NEOS_11919-20_Biro.jpeg","type":"image\/jpeg"}],"twitter_card":"summary_large_image","twitter_misc":{"Est. reading time":"4 minutes"},"schema":{"@context":"https:\/\/schema.org","@graph":[{"@type":"WebPage","@id":"https:\/\/neos-music.com\/product\/daniel-peter-biro-mishpatim-laws\/","url":"https:\/\/neos-music.com\/product\/daniel-peter-biro-mishpatim-laws\/","name":"D\u00e1niel P\u00e9ter Bir\u00f3: Mishpatim (Laws) - NEOS Music","isPartOf":{"@id":"https:\/\/neos-music.com\/#website"},"primaryImageOfPage":{"@id":"https:\/\/neos-music.com\/product\/daniel-peter-biro-mishpatim-laws\/#primaryimage"},"image":{"@id":"https:\/\/neos-music.com\/product\/daniel-peter-biro-mishpatim-laws\/#primaryimage"},"thumbnailUrl":"https:\/\/i0.wp.com\/neos-music.com\/wp-content\/uploads\/2022\/11\/NEOS_11919-20_Biro.jpeg?fit=1648%2C1481&ssl=1","datePublished":"2019-10-18T16:42:26+00:00","dateModified":"2023-05-22T20:31:59+00:00","breadcrumb":{"@id":"https:\/\/neos-music.com\/product\/daniel-peter-biro-mishpatim-laws\/#breadcrumb"},"inLanguage":"en-US","potentialAction":[{"@type":"ReadAction","target":["https:\/\/neos-music.com\/product\/daniel-peter-biro-mishpatim-laws\/"]}]},{"@type":"ImageObject","inLanguage":"en-US","@id":"https:\/\/neos-music.com\/product\/daniel-peter-biro-mishpatim-laws\/#primaryimage","url":"https:\/\/i0.wp.com\/neos-music.com\/wp-content\/uploads\/2022\/11\/NEOS_11919-20_Biro.jpeg?fit=1648%2C1481&ssl=1","contentUrl":"https:\/\/i0.wp.com\/neos-music.com\/wp-content\/uploads\/2022\/11\/NEOS_11919-20_Biro.jpeg?fit=1648%2C1481&ssl=1","width":1648,"height":1481},{"@type":"BreadcrumbList","@id":"https:\/\/neos-music.com\/product\/daniel-peter-biro-mishpatim-laws\/#breadcrumb","itemListElement":[{"@type":"ListItem","position":1,"name":"Startseite","item":"https:\/\/neos-music.com\/"},{"@type":"ListItem","position":2,"name":"Produkte","item":"https:\/\/neos-music.com\/shop__trashed\/"},{"@type":"ListItem","position":3,"name":"D\u00e1niel P\u00e9ter Bir\u00f3: Mishpatim (Laws)"}]},{"@type":"WebSite","@id":"https:\/\/neos-music.com\/#website","url":"https:\/\/neos-music.com\/","name":"NEOS Music","description":"Dein Online Shop f\u00fcr zeitgen\u00f6ssische Musik, Jazz und Classics!","publisher":{"@id":"https:\/\/neos-music.com\/#organization"},"potentialAction":[{"@type":"SearchAction","target":{"@type":"EntryPoint","urlTemplate":"https:\/\/neos-music.com\/?s={search_term_string}"},"query-input":{"@type":"PropertyValueSpecification","valueRequired":true,"valueName":"search_term_string"}}],"inLanguage":"en-US"},{"@type":"Organization","@id":"https:\/\/neos-music.com\/#organization","name":"NEOS Music","url":"https:\/\/neos-music.com\/","logo":{"@type":"ImageObject","inLanguage":"en-US","@id":"https:\/\/neos-music.com\/#\/schema\/logo\/image\/","url":"https:\/\/i0.wp.com\/neos-music.com\/wp-content\/uploads\/2025\/08\/NEOS-Logo-weiss.png?fit=800%2C203&ssl=1","contentUrl":"https:\/\/i0.wp.com\/neos-music.com\/wp-content\/uploads\/2025\/08\/NEOS-Logo-weiss.png?fit=800%2C203&ssl=1","width":800,"height":203,"caption":"NEOS Music"},"image":{"@id":"https:\/\/neos-music.com\/#\/schema\/logo\/image\/"}}]}},"jetpack_sharing_enabled":true,"_links":{"self":[{"href":"https:\/\/neos-music.com\/en_us\/wp-json\/wp\/v2\/product\/2546","targetHints":{"allow":["GET"]}}],"collection":[{"href":"https:\/\/neos-music.com\/en_us\/wp-json\/wp\/v2\/product"}],"about":[{"href":"https:\/\/neos-music.com\/en_us\/wp-json\/wp\/v2\/types\/product"}],"version-history":[{"count":0,"href":"https:\/\/neos-music.com\/en_us\/wp-json\/wp\/v2\/product\/2546\/revisions"}],"wp:featuredmedia":[{"embeddable":true,"href":"https:\/\/neos-music.com\/en_us\/wp-json\/wp\/v2\/media\/2547"}],"wp:attachment":[{"href":"https:\/\/neos-music.com\/en_us\/wp-json\/wp\/v2\/media?parent=2546"}],"wp:term":[{"taxonomy":"product_brand","embeddable":true,"href":"https:\/\/neos-music.com\/en_us\/wp-json\/wp\/v2\/product_brand?post=2546"},{"taxonomy":"product_cat","embeddable":true,"href":"https:\/\/neos-music.com\/en_us\/wp-json\/wp\/v2\/product_cat?post=2546"},{"taxonomy":"product_tag","embeddable":true,"href":"https:\/\/neos-music.com\/en_us\/wp-json\/wp\/v2\/product_tag?post=2546"}],"curies":[{"name":"wp","href":"https:\/\/api.w.org\/{rel}","templated":true}]}}