{"id":2552,"date":"2019-08-23T16:54:52","date_gmt":"2019-08-23T16:54:52","guid":{"rendered":"https:\/\/neos-music.com\/?post_type=product&#038;p=2552"},"modified":"2022-11-16T16:57:27","modified_gmt":"2022-11-16T16:57:27","slug":"christian-ofenbauer-zwei-frankfurter-preludes","status":"publish","type":"product","link":"https:\/\/neos-music.com\/en_us\/product\/christian-ofenbauer-zwei-frankfurter-preludes\/","title":{"rendered":"Christian Ofenbauer: Zwei Frankfurter Pr\u00e9ludes"},"content":{"rendered":"<p>Infotext:<\/p>\n<table border=\"0\" width=\"100%\" rules=\"none\" cellspacing=\"0\" cellpadding=\"0\">\n<tbody>\n<tr>\n<td class=\"bigcontent2\">\n<div id=\"infotext\">\n<p><b>CHRISTIAN OFENBAUER \u00b7 ZWEI FRANKFURTER PR\u00c9LUDES<\/b><\/p>\n<p>Christian Ofenbauers\u00a0<i>Frankfurter Pr\u00e9ludes<\/i>\u00a0(1997\u2009\/\u20091998) sind Zeugnis eines stilistischen \u00dcbergangs. Aus einem Abstand von zwei Jahrzehnten verbl\u00fcfft heutige Ohren freilich, wie konsequent und stark sie eben diesen \u00dcbergang zu ihrem musikalischen Thema erkl\u00e4ren, den Wandel reflektieren, sich an ihm abarbeiten \u2013 st\u00e4rker noch, als es dem Publikum bei der Urauff\u00fchrung am 19. November 1999 bewusst gewesen sein konnte, dessen Mitschnitt auf der vorliegenden CD dokumentiert ist, und st\u00e4rker auch, als der Komponist es damals geahnt haben mag. Dieses Diptychon besteht aus betont ungleichen Teilen, die, von den verlangten instrumentalen Kr\u00e4ften einmal abgesehen, kaum etwas gemeinsam haben, ja nicht einmal ohne gro\u00dfe Konzertpause mit erheblichem Umbau dazwischen vom selben Orchester aufgef\u00fchrt werden k\u00f6nnen. Dennoch bleibt ihr innerer Zusammenhang auf merkw\u00fcrdige Weise f\u00fchlbar.<\/p>\n<p>Bis zur Mitte der 1990er-Jahre war Ofenbauers Musiksprache von einem Ausdruckswillen gepr\u00e4gt, der seine Kraft vor allem aus Kontrasten und Kollisionen bezog, aus dem Monumentalen, Bruchst\u00fcckhaften, Gestischen. Nach Abschluss seiner Oper\u00a0<i>Medea<\/i>\u00a0(1990\u201394) empfand der Komponist diese Phase jedoch als beendet und wollte bewusst zu neuen stilistischen Ufern aufbrechen. Nach einer einj\u00e4hrigen Schaffenspause machte das Gesteigerte, \u00dcberhitzte, Verdichtete immer mehr dem k\u00fchl und ruhig Flie\u00dfenden Platz, dem Abgekl\u00e4rten und Schmucklosen, dem Reduzierten, Leisen. Seither wirkt es, als sei sich Ofenbauers Musik auf einer h\u00f6heren Ebene der Zeit und ihres Verstreichens neu bewusst geworden \u2013 und als k\u00f6nnte sie, ohne sich an den Augenblick zu klammern, diesen doch zum Verweilen bringen.<\/p>\n<p>Im Auftrag des Hessischen Rundfunks entstanden, basieren die\u00a0<i>Frankfurter Pr\u00e9ludes<\/i>\u00a0auf einem engmaschig gekn\u00fcpften strukturellen Raster \u2013 auch wenn man diesen Umstand lieber zu jener \u00bbPrivatsache\u00ab des Komponisten erkl\u00e4ren m\u00f6chte, als die etwa Arnold Sch\u00f6nberg seine Zw\u00f6lftonmethode verstanden wissen wollte. Konkret hat Ofenbauer den beiden St\u00fccken einerseits ein rhythmisches Pattern zugrunde gelegt, eine quasi-serielle Dauernorganisation, andererseits auch einen vielstimmigen, viertelt\u00f6nigen harmonischen Grundriss mit gleichsam regelgerecht liegen bleibenden, gemeinsamen T\u00f6nen von einem Akkord zum n\u00e4chsten. Seine eigentliche Werkidee war jedoch eine andere. Man k\u00f6nnte sie mit dem Bild einer S\u00e4ule beschreiben: Ragt diese im\u00a0<i>1. Pr\u00e9lude<\/i>\u00a0schlank und intakt gen Himmel, ist sie im\u00a0<i>2. Pr\u00e9lude<\/i>\u00a0umgest\u00fcrzt, der L\u00e4nge nach in Segmente zerfallen \u2013 und es hat sich wohl auch die dabei entstandene Staubwolke noch nicht v\u00f6llig gelegt.<\/p>\n<p>In nur drei\u00dfig Takten und kaum mehr als anderthalb Minuten Spieldauer ereignet sich im\u00a0<i>1. Pr\u00e9lude<\/i>\u00a0eine w\u00f6rtlich auf die Spitze getriebene Verdichtung. Diese extreme Anlage spiegelt einen Gedanken Ofenbauers aus Gespr\u00e4chen mit Heinz-Klaus Metzger wider, der so zum Widmungstr\u00e4ger des St\u00fccks geworden ist: Zeitlich k\u00fchn komprimiert, da in der Partiturvertikale \u00fcbereinandergeschichtet, spricht ein gro\u00dfes Orchester den Inhalt eines abendf\u00fcllenden Werks auf einmal aus. F\u00fcnf inhomogene Instrumentengruppen f\u00fcllen, jede f\u00fcr sich, die Pausen zwischen einzelnen, ausfransenden Tutti-Schl\u00e4gen mit immer st\u00e4rkeren Wucherungen so weit aus, bis der Grad h\u00f6chster F\u00fclle erreicht ist und das St\u00fcck daraufhin abrei\u00dft.<\/p>\n<p>Im\u00a0<i>2. Pr\u00e9lude<\/i>\u00a0st\u00fcrzt diese d\u00fcnne S\u00e4ule um \u2013 in doppeltem Sinne. Zum einen f\u00e4deln sich die 84 Instrumente, wie in der Partitur festgelegt, entlang einer Diagonale durch den Auff\u00fchrungsraum auf, wobei sich eine Schlangenlinie mit sanften Kr\u00fcmmungen ergeben darf. Das ergibt f\u00fcr jeden Sitzplatz einen individuellen H\u00f6rwinkel mit teilweise n\u00e4chster N\u00e4he und weiter Ferne zu bestimmten Instrumenten, von denen jedes eine eigene Stimme ausf\u00fchrt. (Ofenbauer sorgt dabei abschnittsweise f\u00fcr eine m\u00f6glichst hohe Durchmischung von Holz, Blech, Streichern, Schlagwerk usw.) Zum anderen kippt auch das strukturelle Ger\u00fcst, \u00fcberschl\u00e4gt sich sogar, landet auf dem Kopf. Das bedeutet: Mit gewissen Freiheiten durchl\u00e4uft das\u00a0<i>2. Pr\u00e9lude<\/i>\u00a0die Entwicklung des\u00a0<i>1. Pr\u00e9lude<\/i>\u00a0nun in der Gegenrichtung, und zwar in der radikalen Dehnung auf 50 Minuten.<\/p>\n<p>Die langen Liegekl\u00e4nge, die aus diesem Konzept erwachsen und von zum Teil indeterminierten Einzelereignissen durchsetzt sind, werden vornehmlich durch Stoppuhren koordiniert. Der Dirigent organisiert die sich auff\u00e4chernde, expandierte Geographie des Klangs vorerst nur an wenigen neuralgischen Punkten. Genau in der Mitte des St\u00fccks (nach 25 Minuten) aber beginnt im\u00a0<i>ppp<\/i>\u00a0ein erster pr\u00e4zis taktierter Abschnitt, und zwar vom Dirigentenpult aus an der Peripherie, der dann jedoch auf den Nahbereich \u00fcbergeht, im Zentrum der Orchesterdiagonale seine Fortsetzung findet und dort, nach einem weiteren Ausflug zum Rand, vorerst auch wieder versandet. Eine l\u00f6chrige Pizzicato-Fl\u00e4che kippt in ein ger\u00e4uschhaftes Tremolo, bevor der zweite gro\u00dfe herk\u00f6mmlich dirigierte Abschnitt an den R\u00e4ndern beginnt, sich dann jedoch rasch auch auf die Mitte ausbreitet. Der H\u00f6hepunkt in der 47. Minute vereint s\u00e4mtliche Instrumente \u00bbso leise, wie nur irgend m\u00f6glich\u00ab in der engen Verzahnung von 84 rhythmisch selbst\u00e4ndigen Einzelstimmen. Doch diese unerh\u00f6rte Dichte beginnt bald auszud\u00fcnnen \u2013 ein letztes Wehen des ganzen Orchesters im\u00a0<i>ppp<\/i>\u00a0m\u00fcndet in einen\u00a0<i>morendo<\/i>-Klang der Fl\u00f6ten und Klarinetten, der schlie\u00dflich in einem zarten Crescendo des Schlagzeugs untergeht.<\/p>\n<p>Eine solche technische Beschreibung des Geschehens, die darlegt, dass das\u00a0<i>2. Pr\u00e9lude<\/i>\u00a0strukturell genau dort endet, wo das\u00a0<i>1. Pr\u00e9lude<\/i>\u00a0begonnen hat, verblasst freilich vor dem eigentlichen H\u00f6rerlebnis. Wie das\u00a0<i>2. Pr\u00e9lude<\/i>\u00a0einen graduell in seine Langsamkeit hineinzieht und darauf einstimmt, wie rhythmische Muster einrasten, aber auch wieder verschwinden, wie Bewegungen zusammensto\u00dfen oder auseinander hervorgehen, wie daraus eine Kette musikalischer Minidramen mit vor\u00fcbergehenden, kleine Eruptionen entsteht \u2013 kurz: Wie sehr es doch noch emotional brodeln mag in dieser Musik des \u00dcbergangs hin zum Loslassen, zu absichtsfreien, gewisserma\u00dfen reinen Kl\u00e4ngen, das will ganz pers\u00f6nlich erlauscht sein. Die Entwicklung scheint irgendwo zwischen nebelartig driftenden Akkorden und tr\u00f6pfelnden T\u00f6nen zu enden, in einer sanft bewegten Ruhe, gepr\u00e4gt von der Sch\u00f6nheit bereinigter Konflikte. Dass die Schlussgeste dann doch noch einmal eine kleine St\u00f6rung bedeutet, dass ein letztes Mal noch etwas Staub aufwirbelt, verweist vielleicht auf den Untertitel der\u00a0<i>Pr\u00e9ludes<\/i>:\u00a0<i>Zwei Kraniche und Wolken<\/i>\u00a0greift zur\u00fcck auf Dantes<i>\u00a0Divina Commedia<\/i>, in deren 5. Gesang der H\u00f6lle Dante \u00bbdie Opfer s\u00fcndiger Liebe von nie rastendem Sturmwinde ruhelos einhergejagt\u00ab (Friedrich von Falkenhausen) als Kraniche ziehen sieht. Ein auff\u00e4llig unzertrennliches Paar unter ihnen bilden Francesca da Rimini und Paolo Malatesta: Ihr Gatte Gianciotto habe seinen Bruder mit Francesca beim Ehebruch \u00fcberrascht und die beiden, so hei\u00dft es, mit einem einzigen Streich get\u00f6tet \u2013 das j\u00e4he Ende lie\u00df keine Zeit zur Reue und bedeutete die Strafen der H\u00f6lle. Verdammt zu ewiger Liebe, bereitet dem Paar die Erinnerung ans vergangene Gl\u00fcck ausgesuchte Qualen, denn ihr Flug kennt keine Rast. Bertolt Brecht f\u00fcgte 1928 in dem Gedicht\u00a0<i>Die Liebenden<\/i>\u00a0dem Bild der Kraniche noch Wolken hinzu, die \u00bbmit gleicher Eile\u00ab den Zug der V\u00f6gel begleiten, sodass sich ein statischer Zustand ergibt: ein Stillstand inmitten steter Bewegung. \u00bbSo scheint die Liebe Liebenden ein Halt.\u00ab<\/p>\n<p>Walter Weidringer<\/p>\n<p>Programm:<\/p>\n<table border=\"0\" width=\"100%\" rules=\"none\" cellspacing=\"0\" cellpadding=\"0\">\n<tbody>\n<tr>\n<td class=\"bigcontent2\">\n<div id=\"tracks\">\n<p><b>Zwei Frankfurter Pr\u00e9ludes<\/b>\u00a0for large orchestra (1997\/1998) 51:41<br \/>\n<i>Commissioned by Hessischer Rundfunk<\/i><\/p>\n<p>[01]\u00a0<b>1. \u201cZwei Kraniche und Wolken\u201d<\/b>\u00a0(1997)\u00a0<b>01:28<\/b><br \/>\nfor five orchestra groups<br \/>\n<i>Dedicated to Heinz-Klaus Metzger<\/i><\/p>\n<p>[02\u201314]<b>\u00a02. \u201cZwei Kraniche und Wolken\u2009\/\u2009Double\u201d<\/b>\u00a0(1998)\u00a0<b>50:03<br \/>\n<\/b>f\u00fcr 84 diagonal im Raum angeordnete Instrumente<br \/>\n<i>Dedicated to A.\u2009G.<\/i><\/p>\n<p>[02] 03:33<br \/>\n[03] 01:21<br \/>\n[04] 02:04<br \/>\n[05] 03:50<br \/>\n[06] 04:42<br \/>\n[07] 06:33<br \/>\n[08] 02:19<br \/>\n[09] 04:04<br \/>\n[10] 05:25<br \/>\n[11] 03:34<br \/>\n[12] 06:00<br \/>\n[13] 02:36<br \/>\n[14] 04:02<\/p>\n<p>hr Sinfonieorchester \/ Frankfurt Radio Symphony<br \/>\n<a class=\"arcoma_glossarylink\" href=\"https:\/\/neos-music.com\/output.php?content=Kuenstler\/Tamayo_Arturo.php&amp;treplace=english%2Cgerman\" target=\"_self\" rel=\"noopener\">Arturo Tamayo<\/a>, Dirigent<\/p>\n<p><i>Live-Aufnahme der Urauff\u00fchrung<\/i><\/p>\n<p>&nbsp;<\/p>\n<p><iframe src=\"https:\/\/w.soundcloud.com\/player\/?url=https%3A\/\/api.soundcloud.com\/playlists\/943098850&amp;color=%23ff5500&amp;auto_play=false&amp;hide_related=false&amp;show_comments=true&amp;show_user=true&amp;show_reposts=false&amp;show_teaser=true\" width=\"100%\" height=\"450\" frameborder=\"no\" scrolling=\"no\" data-mce-fragment=\"1\"><\/iframe><\/div>\n<\/td>\n<\/tr>\n<\/tbody>\n<\/table>\n<\/div>\n<\/td>\n<\/tr>\n<\/tbody>\n<\/table>\n","protected":false},"excerpt":{"rendered":"<p>Infotext: CHRISTIAN OFENBAUER \u00b7 ZWEI FRANKFURTER PR\u00c9LUDES Christian Ofenbauers\u00a0Frankfurter Pr\u00e9ludes\u00a0(1997\u2009\/\u20091998) sind Zeugnis eines stilistischen \u00dcbergangs. Aus einem Abstand von zwei Jahrzehnten verbl\u00fcfft heutige Ohren freilich, wie konsequent und stark sie eben diesen \u00dcbergang zu ihrem musikalischen Thema erkl\u00e4ren, den Wandel reflektieren, sich an ihm abarbeiten \u2013 st\u00e4rker noch, als es dem Publikum bei der Urauff\u00fchrung [&hellip;]<\/p>\n","protected":false},"featured_media":2553,"template":"","meta":{"site-sidebar-layout":"default","site-content-layout":"default","ast-site-content-layout":"default","site-content-style":"default","site-sidebar-style":"default","ast-global-header-display":"","ast-banner-title-visibility":"","ast-main-header-display":"","ast-hfb-above-header-display":"","ast-hfb-below-header-display":"","ast-hfb-mobile-header-display":"","site-post-title":"","ast-breadcrumbs-content":"","ast-featured-img":"","footer-sml-layout":"","theme-transparent-header-meta":"default","adv-header-id-meta":"","stick-header-meta":"","header-above-stick-meta":"","header-main-stick-meta":"","header-below-stick-meta":"","astra-migrate-meta-layouts":"default","ast-page-background-enabled":"default","ast-page-background-meta":{"desktop":{"background-color":"","background-image":"","background-repeat":"repeat","background-position":"center center","background-size":"auto","background-attachment":"scroll","background-type":"","background-media":"","overlay-type":"","overlay-color":"","overlay-opacity":"","overlay-gradient":""},"tablet":{"background-color":"","background-image":"","background-repeat":"repeat","background-position":"center center","background-size":"auto","background-attachment":"scroll","background-type":"","background-media":"","overlay-type":"","overlay-color":"","overlay-opacity":"","overlay-gradient":""},"mobile":{"background-color":"","background-image":"","background-repeat":"repeat","background-position":"center center","background-size":"auto","background-attachment":"scroll","background-type":"","background-media":"","overlay-type":"","overlay-color":"","overlay-opacity":"","overlay-gradient":""}},"ast-content-background-meta":{"desktop":{"background-color":"var(--ast-global-color-5)","background-image":"","background-repeat":"repeat","background-position":"center center","background-size":"auto","background-attachment":"scroll","background-type":"","background-media":"","overlay-type":"","overlay-color":"","overlay-opacity":"","overlay-gradient":""},"tablet":{"background-color":"var(--ast-global-color-5)","background-image":"","background-repeat":"repeat","background-position":"center center","background-size":"auto","background-attachment":"scroll","background-type":"","background-media":"","overlay-type":"","overlay-color":"","overlay-opacity":"","overlay-gradient":""},"mobile":{"background-color":"var(--ast-global-color-5)","background-image":"","background-repeat":"repeat","background-position":"center center","background-size":"auto","background-attachment":"scroll","background-type":"","background-media":"","overlay-type":"","overlay-color":"","overlay-opacity":"","overlay-gradient":""}}},"product_brand":[],"product_cat":[26],"product_tag":[],"class_list":{"0":"post-2552","1":"product","2":"type-product","3":"status-publish","4":"has-post-thumbnail","6":"product_cat-zeitgenossische-musik","7":"pa_artikelnummer-neos-11905","8":"pa_brand-neos-music","9":"pa_ean-170","10":"desktop-align-left","11":"tablet-align-left","12":"mobile-align-left","14":"first","15":"instock","16":"taxable","17":"shipping-taxable","18":"purchasable","19":"product-type-simple"},"yoast_head":"<!-- This site is optimized with the Yoast SEO plugin v27.3 - https:\/\/yoast.com\/product\/yoast-seo-wordpress\/ -->\n<title>Christian Ofenbauer: Zwei Frankfurter Pr\u00e9ludes - NEOS Music<\/title>\n<meta name=\"robots\" content=\"index, follow, max-snippet:-1, max-image-preview:large, max-video-preview:-1\" \/>\n<link rel=\"canonical\" href=\"https:\/\/neos-music.com\/en_us\/product\/christian-ofenbauer-zwei-frankfurter-preludes\/\" \/>\n<meta property=\"og:locale\" content=\"en_US\" \/>\n<meta property=\"og:type\" content=\"article\" \/>\n<meta property=\"og:title\" content=\"Christian Ofenbauer: Zwei Frankfurter Pr\u00e9ludes - NEOS Music\" \/>\n<meta property=\"og:description\" content=\"Infotext: CHRISTIAN OFENBAUER \u00b7 ZWEI FRANKFURTER PR\u00c9LUDES Christian Ofenbauers\u00a0Frankfurter Pr\u00e9ludes\u00a0(1997\u2009\/\u20091998) sind Zeugnis eines stilistischen \u00dcbergangs. Aus einem Abstand von zwei Jahrzehnten verbl\u00fcfft heutige Ohren freilich, wie konsequent und stark sie eben diesen \u00dcbergang zu ihrem musikalischen Thema erkl\u00e4ren, den Wandel reflektieren, sich an ihm abarbeiten \u2013 st\u00e4rker noch, als es dem Publikum bei der Urauff\u00fchrung [&hellip;]\" \/>\n<meta property=\"og:url\" content=\"https:\/\/neos-music.com\/en_us\/product\/christian-ofenbauer-zwei-frankfurter-preludes\/\" \/>\n<meta property=\"og:site_name\" content=\"NEOS Music\" \/>\n<meta property=\"article:modified_time\" content=\"2022-11-16T16:57:27+00:00\" \/>\n<meta property=\"og:image\" content=\"https:\/\/neos-music.com\/wp-content\/uploads\/2022\/11\/NEOS_11905_Ofenbauer.jpeg\" \/>\n\t<meta property=\"og:image:width\" content=\"1647\" \/>\n\t<meta property=\"og:image:height\" content=\"1476\" \/>\n\t<meta property=\"og:image:type\" content=\"image\/jpeg\" \/>\n<meta name=\"twitter:card\" content=\"summary_large_image\" \/>\n<meta name=\"twitter:label1\" content=\"Est. reading time\" \/>\n\t<meta name=\"twitter:data1\" content=\"6 minutes\" \/>\n<script type=\"application\/ld+json\" class=\"yoast-schema-graph\">{\"@context\":\"https:\\\/\\\/schema.org\",\"@graph\":[{\"@type\":\"WebPage\",\"@id\":\"https:\\\/\\\/neos-music.com\\\/product\\\/christian-ofenbauer-zwei-frankfurter-preludes\\\/\",\"url\":\"https:\\\/\\\/neos-music.com\\\/product\\\/christian-ofenbauer-zwei-frankfurter-preludes\\\/\",\"name\":\"Christian Ofenbauer: Zwei Frankfurter Pr\u00e9ludes - NEOS Music\",\"isPartOf\":{\"@id\":\"https:\\\/\\\/neos-music.com\\\/#website\"},\"primaryImageOfPage\":{\"@id\":\"https:\\\/\\\/neos-music.com\\\/product\\\/christian-ofenbauer-zwei-frankfurter-preludes\\\/#primaryimage\"},\"image\":{\"@id\":\"https:\\\/\\\/neos-music.com\\\/product\\\/christian-ofenbauer-zwei-frankfurter-preludes\\\/#primaryimage\"},\"thumbnailUrl\":\"https:\\\/\\\/i0.wp.com\\\/neos-music.com\\\/wp-content\\\/uploads\\\/2022\\\/11\\\/NEOS_11905_Ofenbauer.jpeg?fit=1647%2C1476&ssl=1\",\"datePublished\":\"2019-08-23T16:54:52+00:00\",\"dateModified\":\"2022-11-16T16:57:27+00:00\",\"breadcrumb\":{\"@id\":\"https:\\\/\\\/neos-music.com\\\/product\\\/christian-ofenbauer-zwei-frankfurter-preludes\\\/#breadcrumb\"},\"inLanguage\":\"en-US\",\"potentialAction\":[{\"@type\":\"ReadAction\",\"target\":[\"https:\\\/\\\/neos-music.com\\\/product\\\/christian-ofenbauer-zwei-frankfurter-preludes\\\/\"]}]},{\"@type\":\"ImageObject\",\"inLanguage\":\"en-US\",\"@id\":\"https:\\\/\\\/neos-music.com\\\/product\\\/christian-ofenbauer-zwei-frankfurter-preludes\\\/#primaryimage\",\"url\":\"https:\\\/\\\/i0.wp.com\\\/neos-music.com\\\/wp-content\\\/uploads\\\/2022\\\/11\\\/NEOS_11905_Ofenbauer.jpeg?fit=1647%2C1476&ssl=1\",\"contentUrl\":\"https:\\\/\\\/i0.wp.com\\\/neos-music.com\\\/wp-content\\\/uploads\\\/2022\\\/11\\\/NEOS_11905_Ofenbauer.jpeg?fit=1647%2C1476&ssl=1\",\"width\":1647,\"height\":1476},{\"@type\":\"BreadcrumbList\",\"@id\":\"https:\\\/\\\/neos-music.com\\\/product\\\/christian-ofenbauer-zwei-frankfurter-preludes\\\/#breadcrumb\",\"itemListElement\":[{\"@type\":\"ListItem\",\"position\":1,\"name\":\"Startseite\",\"item\":\"https:\\\/\\\/neos-music.com\\\/\"},{\"@type\":\"ListItem\",\"position\":2,\"name\":\"Produkte\",\"item\":\"https:\\\/\\\/neos-music.com\\\/shop__trashed\\\/\"},{\"@type\":\"ListItem\",\"position\":3,\"name\":\"Christian Ofenbauer: Zwei Frankfurter Pr\u00e9ludes\"}]},{\"@type\":\"WebSite\",\"@id\":\"https:\\\/\\\/neos-music.com\\\/#website\",\"url\":\"https:\\\/\\\/neos-music.com\\\/\",\"name\":\"NEOS Music\",\"description\":\"Dein Online Shop f\u00fcr zeitgen\u00f6ssische Musik, Jazz und Classics!\",\"publisher\":{\"@id\":\"https:\\\/\\\/neos-music.com\\\/#organization\"},\"potentialAction\":[{\"@type\":\"SearchAction\",\"target\":{\"@type\":\"EntryPoint\",\"urlTemplate\":\"https:\\\/\\\/neos-music.com\\\/?s={search_term_string}\"},\"query-input\":{\"@type\":\"PropertyValueSpecification\",\"valueRequired\":true,\"valueName\":\"search_term_string\"}}],\"inLanguage\":\"en-US\"},{\"@type\":\"Organization\",\"@id\":\"https:\\\/\\\/neos-music.com\\\/#organization\",\"name\":\"NEOS Music\",\"url\":\"https:\\\/\\\/neos-music.com\\\/\",\"logo\":{\"@type\":\"ImageObject\",\"inLanguage\":\"en-US\",\"@id\":\"https:\\\/\\\/neos-music.com\\\/#\\\/schema\\\/logo\\\/image\\\/\",\"url\":\"https:\\\/\\\/i0.wp.com\\\/neos-music.com\\\/wp-content\\\/uploads\\\/2025\\\/08\\\/NEOS-Logo-weiss.png?fit=800%2C203&ssl=1\",\"contentUrl\":\"https:\\\/\\\/i0.wp.com\\\/neos-music.com\\\/wp-content\\\/uploads\\\/2025\\\/08\\\/NEOS-Logo-weiss.png?fit=800%2C203&ssl=1\",\"width\":800,\"height\":203,\"caption\":\"NEOS Music\"},\"image\":{\"@id\":\"https:\\\/\\\/neos-music.com\\\/#\\\/schema\\\/logo\\\/image\\\/\"}}]}<\/script>\n<!-- \/ Yoast SEO plugin. -->","yoast_head_json":{"title":"Christian Ofenbauer: Zwei Frankfurter Pr\u00e9ludes - NEOS Music","robots":{"index":"index","follow":"follow","max-snippet":"max-snippet:-1","max-image-preview":"max-image-preview:large","max-video-preview":"max-video-preview:-1"},"canonical":"https:\/\/neos-music.com\/en_us\/product\/christian-ofenbauer-zwei-frankfurter-preludes\/","og_locale":"en_US","og_type":"article","og_title":"Christian Ofenbauer: Zwei Frankfurter Pr\u00e9ludes - NEOS Music","og_description":"Infotext: CHRISTIAN OFENBAUER \u00b7 ZWEI FRANKFURTER PR\u00c9LUDES Christian Ofenbauers\u00a0Frankfurter Pr\u00e9ludes\u00a0(1997\u2009\/\u20091998) sind Zeugnis eines stilistischen \u00dcbergangs. Aus einem Abstand von zwei Jahrzehnten verbl\u00fcfft heutige Ohren freilich, wie konsequent und stark sie eben diesen \u00dcbergang zu ihrem musikalischen Thema erkl\u00e4ren, den Wandel reflektieren, sich an ihm abarbeiten \u2013 st\u00e4rker noch, als es dem Publikum bei der Urauff\u00fchrung [&hellip;]","og_url":"https:\/\/neos-music.com\/en_us\/product\/christian-ofenbauer-zwei-frankfurter-preludes\/","og_site_name":"NEOS Music","article_modified_time":"2022-11-16T16:57:27+00:00","og_image":[{"width":1647,"height":1476,"url":"https:\/\/neos-music.com\/wp-content\/uploads\/2022\/11\/NEOS_11905_Ofenbauer.jpeg","type":"image\/jpeg"}],"twitter_card":"summary_large_image","twitter_misc":{"Est. reading time":"6 minutes"},"schema":{"@context":"https:\/\/schema.org","@graph":[{"@type":"WebPage","@id":"https:\/\/neos-music.com\/product\/christian-ofenbauer-zwei-frankfurter-preludes\/","url":"https:\/\/neos-music.com\/product\/christian-ofenbauer-zwei-frankfurter-preludes\/","name":"Christian Ofenbauer: Zwei Frankfurter Pr\u00e9ludes - NEOS Music","isPartOf":{"@id":"https:\/\/neos-music.com\/#website"},"primaryImageOfPage":{"@id":"https:\/\/neos-music.com\/product\/christian-ofenbauer-zwei-frankfurter-preludes\/#primaryimage"},"image":{"@id":"https:\/\/neos-music.com\/product\/christian-ofenbauer-zwei-frankfurter-preludes\/#primaryimage"},"thumbnailUrl":"https:\/\/i0.wp.com\/neos-music.com\/wp-content\/uploads\/2022\/11\/NEOS_11905_Ofenbauer.jpeg?fit=1647%2C1476&ssl=1","datePublished":"2019-08-23T16:54:52+00:00","dateModified":"2022-11-16T16:57:27+00:00","breadcrumb":{"@id":"https:\/\/neos-music.com\/product\/christian-ofenbauer-zwei-frankfurter-preludes\/#breadcrumb"},"inLanguage":"en-US","potentialAction":[{"@type":"ReadAction","target":["https:\/\/neos-music.com\/product\/christian-ofenbauer-zwei-frankfurter-preludes\/"]}]},{"@type":"ImageObject","inLanguage":"en-US","@id":"https:\/\/neos-music.com\/product\/christian-ofenbauer-zwei-frankfurter-preludes\/#primaryimage","url":"https:\/\/i0.wp.com\/neos-music.com\/wp-content\/uploads\/2022\/11\/NEOS_11905_Ofenbauer.jpeg?fit=1647%2C1476&ssl=1","contentUrl":"https:\/\/i0.wp.com\/neos-music.com\/wp-content\/uploads\/2022\/11\/NEOS_11905_Ofenbauer.jpeg?fit=1647%2C1476&ssl=1","width":1647,"height":1476},{"@type":"BreadcrumbList","@id":"https:\/\/neos-music.com\/product\/christian-ofenbauer-zwei-frankfurter-preludes\/#breadcrumb","itemListElement":[{"@type":"ListItem","position":1,"name":"Startseite","item":"https:\/\/neos-music.com\/"},{"@type":"ListItem","position":2,"name":"Produkte","item":"https:\/\/neos-music.com\/shop__trashed\/"},{"@type":"ListItem","position":3,"name":"Christian Ofenbauer: Zwei Frankfurter Pr\u00e9ludes"}]},{"@type":"WebSite","@id":"https:\/\/neos-music.com\/#website","url":"https:\/\/neos-music.com\/","name":"NEOS Music","description":"Dein Online Shop f\u00fcr zeitgen\u00f6ssische Musik, Jazz und Classics!","publisher":{"@id":"https:\/\/neos-music.com\/#organization"},"potentialAction":[{"@type":"SearchAction","target":{"@type":"EntryPoint","urlTemplate":"https:\/\/neos-music.com\/?s={search_term_string}"},"query-input":{"@type":"PropertyValueSpecification","valueRequired":true,"valueName":"search_term_string"}}],"inLanguage":"en-US"},{"@type":"Organization","@id":"https:\/\/neos-music.com\/#organization","name":"NEOS Music","url":"https:\/\/neos-music.com\/","logo":{"@type":"ImageObject","inLanguage":"en-US","@id":"https:\/\/neos-music.com\/#\/schema\/logo\/image\/","url":"https:\/\/i0.wp.com\/neos-music.com\/wp-content\/uploads\/2025\/08\/NEOS-Logo-weiss.png?fit=800%2C203&ssl=1","contentUrl":"https:\/\/i0.wp.com\/neos-music.com\/wp-content\/uploads\/2025\/08\/NEOS-Logo-weiss.png?fit=800%2C203&ssl=1","width":800,"height":203,"caption":"NEOS Music"},"image":{"@id":"https:\/\/neos-music.com\/#\/schema\/logo\/image\/"}}]}},"jetpack_sharing_enabled":true,"_links":{"self":[{"href":"https:\/\/neos-music.com\/en_us\/wp-json\/wp\/v2\/product\/2552","targetHints":{"allow":["GET"]}}],"collection":[{"href":"https:\/\/neos-music.com\/en_us\/wp-json\/wp\/v2\/product"}],"about":[{"href":"https:\/\/neos-music.com\/en_us\/wp-json\/wp\/v2\/types\/product"}],"version-history":[{"count":0,"href":"https:\/\/neos-music.com\/en_us\/wp-json\/wp\/v2\/product\/2552\/revisions"}],"wp:featuredmedia":[{"embeddable":true,"href":"https:\/\/neos-music.com\/en_us\/wp-json\/wp\/v2\/media\/2553"}],"wp:attachment":[{"href":"https:\/\/neos-music.com\/en_us\/wp-json\/wp\/v2\/media?parent=2552"}],"wp:term":[{"taxonomy":"product_brand","embeddable":true,"href":"https:\/\/neos-music.com\/en_us\/wp-json\/wp\/v2\/product_brand?post=2552"},{"taxonomy":"product_cat","embeddable":true,"href":"https:\/\/neos-music.com\/en_us\/wp-json\/wp\/v2\/product_cat?post=2552"},{"taxonomy":"product_tag","embeddable":true,"href":"https:\/\/neos-music.com\/en_us\/wp-json\/wp\/v2\/product_tag?post=2552"}],"curies":[{"name":"wp","href":"https:\/\/api.w.org\/{rel}","templated":true}]}}