{"id":2560,"date":"2019-07-05T17:37:28","date_gmt":"2019-07-05T17:37:28","guid":{"rendered":"https:\/\/neos-music.com\/?post_type=product&#038;p=2560"},"modified":"2022-11-16T17:39:26","modified_gmt":"2022-11-16T17:39:26","slug":"bach-today-stefan-keller-beda-ehrensperger-play-bach-and-beyond","status":"publish","type":"product","link":"https:\/\/neos-music.com\/en_us\/product\/bach-today-stefan-keller-beda-ehrensperger-play-bach-and-beyond\/","title":{"rendered":"Bach today: Stefan Keller &#038; Beda Ehrensperger play Bach and beyond"},"content":{"rendered":"<p>Infotext:<\/p>\n<table border=\"0\" width=\"100%\" rules=\"none\" cellspacing=\"0\" cellpadding=\"0\">\n<tbody>\n<tr>\n<td class=\"bigcontent2\">\n<div id=\"infotext\">\n<p><b>Bach today<\/b><br \/>\nBarocke Klassiker im groovigen Jazzgewand<\/p>\n<p>\u00bbBach today\u00ab beinhaltet ein farbiges, vielseitiges und facettenreiches Programm. Die bekannten Fl\u00f6tenwerke von J.S. Bach und dessen Sohn C.P\u2009E. Bach sind die Grundlage f\u00fcr diese CD. Die filigran-groovige Untermalung der hochvirtuosen Barockst\u00fccke durch den versierten Schlagzeuger, angereichert mit gekonnten Improvisationen, lassen die \u00bbbarocken Klassiker\u00ab in einem v\u00f6llig neuen Licht erscheinen und kommen sehr zeitgem\u00e4\u00df daher.<\/p>\n<p><b>Stefan Keller<\/b>\u00a0(*1961)<br \/>\nStefan Keller ist ein international t\u00e4tiger Fl\u00f6tist. Er pflegt ein breites Spektrum an Musikstilen und Instrumenten. Dies dr\u00fcckt sich in seinen unterschiedlichsten Projekten und den Einladungen zu Fl\u00f6tenfestivals aus. Grenz\u00fcberschreitende Darbietungen wie \u00bbunter Wasser\u00ab, \u00bbSchreinerei\u00ab, \u00bbFactory\u00ab etc. zeigen den weitgefassten Konzertbegriff des umtriebigen Fl\u00f6tisten. Es darf auch mal mit einem Jodelchor in einer Schreinerei, mit Computeranimationen in der Kirche, mit dem Schwei\u00dfer in der Fabrik oder im Hallenbad \u00bbunter Wasser\u00ab sein. Auch ungew\u00f6hnliche Kombinationen wie Fl\u00f6te mit Kontrabass, Fl\u00f6te mit Schlagzeug, Fl\u00f6te mit Live-Elektronik setzt der Musiker gerne in Szene. Kellers k\u00fcnstlerisches Schaffen wurde vom Aargauer Kuratorium mehrmals gro\u00dfz\u00fcgig unterst\u00fctzt. Er weilte in den Aargauer Ateliers in Paris und Berlin. Ein Spezialgebiet des Fl\u00f6tisten sind die tiefen und allertiefsten Fl\u00f6ten wie Alt, Bass, Kontra- und Subkontrabass.<\/p>\n<p><b>Beda Ehrensperger<\/b>\u00a0(*1980)<br \/>\nBereits im zarten Alter von f\u00fcnf Jahren bespielte Beda Ehrensperger die Kocht\u00f6pfe seiner Mutter. Bald schenkte ihm sein Onkel ein Schlagzeug, es folgte erster Unterricht und mit acht Jahren die erste Band. W\u00e4hrend des Musikstudiums an der Z\u00fcrcher Hochschule der K\u00fcnste verschrieb sich Ehrensperger dem Jazz, der ihm einen Link zu afrikanischen Rhythmen verschaffte. Es zog ihn nach Ghana, wo er sich bei Masterdummer Kofi Missiso und dem \u00bbGhana Cultural Ballet\u00ab afrikanische Musik einverleibte. Zur\u00fcck in Europa erspielte er sich mit \u00bbThe Dubby Conquerors\u00ab einen festen Platz in der europ\u00e4ischen Reggae-Szene und bewies seine Vielseitigkeit als rhythmischer Tausendsassa in Jazz- und Afroprojekten, Ch\u00f6ren, klassischen Ensembles, Improvisationen und Solost\u00fccken. Seinen Wohnsitz verlegt er nun nach Ghana, wo er seinen eigenen Kompositionen unter dem Namen \u00bbBeda Massive Tribe\u00ab nachgeht.<\/p>\n<p>Programm:<\/p>\n<table border=\"0\" width=\"100%\" rules=\"none\" cellspacing=\"0\" cellpadding=\"0\">\n<tbody>\n<tr>\n<td class=\"bigcontent2\">\n<div id=\"tracks\">\n<p><b>Bach today<br \/>\n<\/b>Stefan Keller &amp; Beda Ehrensperger play Bach and beyond<\/p>\n<p>[01]\u00a0<b>Allemande<\/b>\u00a0(J.S. Bach)<i>\u00a0Bfl\/Fl &amp; Drums<\/i><b>\u00a007:43<\/b><\/p>\n<p>[02]\u00a0<b>Sarabande<\/b>\u00a0(J.S. Bach)<i>\u00a0Afl \u2013 el &amp; Perc<\/i>\u00a0<b>06:19<\/b><\/p>\n<p>[03]\u00a0<b>Bourr\u00e9e anglaise<\/b>\u00a0(J.S. Bach)\u00a0<i>Fl &amp; Drums<\/i>\u00a0<b>04:39<\/b><\/p>\n<p>[04]<b>\u00a0Sorbet calm<\/b>\u00a0(S.B. Kehr)\u00a0<i>Afl \u2013 el &amp; Drums<\/i>\u00a0<b>04:44<\/b><\/p>\n<p>[05]\u00a0<b>Polonaise<\/b>\u00a0(J.S. Bach)\u00a0<i>Fl &amp; Drums<\/i><b>\u00a004:18<\/b><\/p>\n<p>[06]\u00a0<b>Menuett<\/b>\u00a0(J.S. Bach)\u00a0<i>Fl &amp; Drums<\/i>\u00a0<b>03:02<\/b><\/p>\n<p>[07]\u00a0<b>Badinerie<\/b>\u00a0(J.S. Bach)\u00a0<i>Fl &amp; Drums<\/i><b>\u00a005:15<\/b><\/p>\n<p>[08]\u00a0<b>Sorbet funky<\/b>\u00a0(S.B. Kehr)\u00a0<i>SKB &amp; Perc<\/i>\u00a0<b>02:16<\/b><\/p>\n<p>[09]\u00a0<b>Allegro 1<\/b>\u00a0(C.P.E. Bach)\u00a0<i>Afl &amp; Drums<\/i>\u00a0<b>06:09<\/b><\/p>\n<p>[10]\u00a0<b>Poco Adagio<\/b>\u00a0(C.P.E. Bach)\u00a0<i>Afl &amp; Drums<\/i>\u00a0<b>05:42<\/b><\/p>\n<p>[11]<b>\u00a0Allegro 2<\/b>\u00a0(C.P.E. Bach)\u00a0<i>Afl &amp; Drums<\/i>\u00a0<b>05:24<\/b><\/p>\n<p>[12]<b>\u00a0Space Sorbet<\/b>\u00a0(S.B. Kehr)\u00a0<i>Kbfl \u2013 el &amp; Drums<\/i>\u00a0<b>06:13<\/b><\/p>\n<p>total playing time: 63:07<\/p>\n<p>S.B. Kehr: Stefan Keller &amp; Beda Ehrensperger Impro<\/p>\n<p>Fl: Flute<br \/>\nAfl: Altoflute<br \/>\nBfl: Bassflute<br \/>\nKbfl: Contrabassflue<br \/>\nSKB: Subcontrabassflute<br \/>\nel: electronics<\/p>\n<p>Stefan Keller plays:<br \/>\nBrannen Cooper Kingma System Flute<br \/>\nMiyazawa Altoflute with BeBe Headjoint<br \/>\nKotato &amp; Fukushima Bass &amp; Contrabassflute<br \/>\nJelle Hogenhuis Subcontrabassflute with Inderbinen headjoint<br \/>\nLive electronics<\/p>\n<p>Beda Ehrensperger plays Giannini Swiss Drums<\/p>\n<p>Each track recorded in one take<\/p>\n<p>&nbsp;<\/p>\n<p><iframe src=\"https:\/\/w.soundcloud.com\/player\/?url=https%3A\/\/api.soundcloud.com\/playlists\/828249491&amp;color=%23a09a91&amp;auto_play=false&amp;hide_related=false&amp;show_comments=true&amp;show_user=true&amp;show_reposts=false&amp;show_teaser=true\" width=\"100%\" height=\"450\" frameborder=\"no\" scrolling=\"no\" data-mce-fragment=\"1\"><\/iframe><\/div>\n<\/td>\n<\/tr>\n<\/tbody>\n<\/table>\n<\/div>\n<\/td>\n<\/tr>\n<\/tbody>\n<\/table>\n","protected":false},"excerpt":{"rendered":"<p>Infotext: Bach today Barocke Klassiker im groovigen Jazzgewand \u00bbBach today\u00ab beinhaltet ein farbiges, vielseitiges und facettenreiches Programm. Die bekannten Fl\u00f6tenwerke von J.S. Bach und dessen Sohn C.P\u2009E. Bach sind die Grundlage f\u00fcr diese CD. Die filigran-groovige Untermalung der hochvirtuosen Barockst\u00fccke durch den versierten Schlagzeuger, angereichert mit gekonnten Improvisationen, lassen die \u00bbbarocken Klassiker\u00ab in einem v\u00f6llig [&hellip;]<\/p>\n","protected":false},"featured_media":2561,"template":"","meta":{"site-sidebar-layout":"default","site-content-layout":"default","ast-site-content-layout":"default","site-content-style":"default","site-sidebar-style":"default","ast-global-header-display":"","ast-banner-title-visibility":"","ast-main-header-display":"","ast-hfb-above-header-display":"","ast-hfb-below-header-display":"","ast-hfb-mobile-header-display":"","site-post-title":"","ast-breadcrumbs-content":"","ast-featured-img":"","footer-sml-layout":"","theme-transparent-header-meta":"default","adv-header-id-meta":"","stick-header-meta":"","header-above-stick-meta":"","header-main-stick-meta":"","header-below-stick-meta":"","astra-migrate-meta-layouts":"default","ast-page-background-enabled":"default","ast-page-background-meta":{"desktop":{"background-color":"","background-image":"","background-repeat":"repeat","background-position":"center center","background-size":"auto","background-attachment":"scroll","background-type":"","background-media":"","overlay-type":"","overlay-color":"","overlay-opacity":"","overlay-gradient":""},"tablet":{"background-color":"","background-image":"","background-repeat":"repeat","background-position":"center center","background-size":"auto","background-attachment":"scroll","background-type":"","background-media":"","overlay-type":"","overlay-color":"","overlay-opacity":"","overlay-gradient":""},"mobile":{"background-color":"","background-image":"","background-repeat":"repeat","background-position":"center center","background-size":"auto","background-attachment":"scroll","background-type":"","background-media":"","overlay-type":"","overlay-color":"","overlay-opacity":"","overlay-gradient":""}},"ast-content-background-meta":{"desktop":{"background-color":"var(--ast-global-color-5)","background-image":"","background-repeat":"repeat","background-position":"center center","background-size":"auto","background-attachment":"scroll","background-type":"","background-media":"","overlay-type":"","overlay-color":"","overlay-opacity":"","overlay-gradient":""},"tablet":{"background-color":"var(--ast-global-color-5)","background-image":"","background-repeat":"repeat","background-position":"center center","background-size":"auto","background-attachment":"scroll","background-type":"","background-media":"","overlay-type":"","overlay-color":"","overlay-opacity":"","overlay-gradient":""},"mobile":{"background-color":"var(--ast-global-color-5)","background-image":"","background-repeat":"repeat","background-position":"center center","background-size":"auto","background-attachment":"scroll","background-type":"","background-media":"","overlay-type":"","overlay-color":"","overlay-opacity":"","overlay-gradient":""}}},"product_brand":[],"product_cat":[27],"product_tag":[],"class_list":{"0":"post-2560","1":"product","2":"type-product","3":"status-publish","4":"has-post-thumbnail","6":"product_cat-jazz","7":"pa_artikelnummer-neos-41901","8":"pa_brand-neos-music","9":"pa_ean-178","10":"desktop-align-left","11":"tablet-align-left","12":"mobile-align-left","14":"first","15":"instock","16":"taxable","17":"shipping-taxable","18":"purchasable","19":"product-type-simple"},"yoast_head":"<!-- This site is optimized with the Yoast SEO plugin v27.5 - https:\/\/yoast.com\/product\/yoast-seo-wordpress\/ -->\n<title>Bach today: Stefan Keller &amp; Beda Ehrensperger play Bach and beyond - NEOS Music<\/title>\n<meta name=\"robots\" content=\"index, follow, max-snippet:-1, max-image-preview:large, max-video-preview:-1\" \/>\n<link rel=\"canonical\" href=\"https:\/\/neos-music.com\/en_us\/product\/bach-today-stefan-keller-beda-ehrensperger-play-bach-and-beyond\/\" \/>\n<meta property=\"og:locale\" content=\"en_US\" \/>\n<meta property=\"og:type\" content=\"article\" \/>\n<meta property=\"og:title\" content=\"Bach today: Stefan Keller &amp; Beda Ehrensperger play Bach and beyond - NEOS Music\" \/>\n<meta property=\"og:description\" content=\"Infotext: Bach today Barocke Klassiker im groovigen Jazzgewand \u00bbBach today\u00ab beinhaltet ein farbiges, vielseitiges und facettenreiches Programm. Die bekannten Fl\u00f6tenwerke von J.S. Bach und dessen Sohn C.P\u2009E. Bach sind die Grundlage f\u00fcr diese CD. Die filigran-groovige Untermalung der hochvirtuosen Barockst\u00fccke durch den versierten Schlagzeuger, angereichert mit gekonnten Improvisationen, lassen die \u00bbbarocken Klassiker\u00ab in einem v\u00f6llig [&hellip;]\" \/>\n<meta property=\"og:url\" content=\"https:\/\/neos-music.com\/en_us\/product\/bach-today-stefan-keller-beda-ehrensperger-play-bach-and-beyond\/\" \/>\n<meta property=\"og:site_name\" content=\"NEOS Music\" \/>\n<meta property=\"article:modified_time\" content=\"2022-11-16T17:39:26+00:00\" \/>\n<meta property=\"og:image\" content=\"https:\/\/neos-music.com\/wp-content\/uploads\/2022\/11\/NEOS_41901_Bach_today.jpeg\" \/>\n\t<meta property=\"og:image:width\" content=\"1649\" \/>\n\t<meta property=\"og:image:height\" content=\"1482\" \/>\n\t<meta property=\"og:image:type\" content=\"image\/jpeg\" \/>\n<meta name=\"twitter:card\" content=\"summary_large_image\" \/>\n<meta name=\"twitter:label1\" content=\"Est. reading time\" \/>\n\t<meta name=\"twitter:data1\" content=\"3 minutes\" \/>\n<script type=\"application\/ld+json\" class=\"yoast-schema-graph\">{\"@context\":\"https:\\\/\\\/schema.org\",\"@graph\":[{\"@type\":\"WebPage\",\"@id\":\"https:\\\/\\\/neos-music.com\\\/product\\\/bach-today-stefan-keller-beda-ehrensperger-play-bach-and-beyond\\\/\",\"url\":\"https:\\\/\\\/neos-music.com\\\/product\\\/bach-today-stefan-keller-beda-ehrensperger-play-bach-and-beyond\\\/\",\"name\":\"Bach today: Stefan Keller & Beda Ehrensperger play Bach and beyond - NEOS Music\",\"isPartOf\":{\"@id\":\"https:\\\/\\\/neos-music.com\\\/#website\"},\"primaryImageOfPage\":{\"@id\":\"https:\\\/\\\/neos-music.com\\\/product\\\/bach-today-stefan-keller-beda-ehrensperger-play-bach-and-beyond\\\/#primaryimage\"},\"image\":{\"@id\":\"https:\\\/\\\/neos-music.com\\\/product\\\/bach-today-stefan-keller-beda-ehrensperger-play-bach-and-beyond\\\/#primaryimage\"},\"thumbnailUrl\":\"https:\\\/\\\/i0.wp.com\\\/neos-music.com\\\/wp-content\\\/uploads\\\/2022\\\/11\\\/NEOS_41901_Bach_today.jpeg?fit=1649%2C1482&ssl=1\",\"datePublished\":\"2019-07-05T17:37:28+00:00\",\"dateModified\":\"2022-11-16T17:39:26+00:00\",\"breadcrumb\":{\"@id\":\"https:\\\/\\\/neos-music.com\\\/product\\\/bach-today-stefan-keller-beda-ehrensperger-play-bach-and-beyond\\\/#breadcrumb\"},\"inLanguage\":\"en-US\",\"potentialAction\":[{\"@type\":\"ReadAction\",\"target\":[\"https:\\\/\\\/neos-music.com\\\/product\\\/bach-today-stefan-keller-beda-ehrensperger-play-bach-and-beyond\\\/\"]}]},{\"@type\":\"ImageObject\",\"inLanguage\":\"en-US\",\"@id\":\"https:\\\/\\\/neos-music.com\\\/product\\\/bach-today-stefan-keller-beda-ehrensperger-play-bach-and-beyond\\\/#primaryimage\",\"url\":\"https:\\\/\\\/i0.wp.com\\\/neos-music.com\\\/wp-content\\\/uploads\\\/2022\\\/11\\\/NEOS_41901_Bach_today.jpeg?fit=1649%2C1482&ssl=1\",\"contentUrl\":\"https:\\\/\\\/i0.wp.com\\\/neos-music.com\\\/wp-content\\\/uploads\\\/2022\\\/11\\\/NEOS_41901_Bach_today.jpeg?fit=1649%2C1482&ssl=1\",\"width\":1649,\"height\":1482},{\"@type\":\"BreadcrumbList\",\"@id\":\"https:\\\/\\\/neos-music.com\\\/product\\\/bach-today-stefan-keller-beda-ehrensperger-play-bach-and-beyond\\\/#breadcrumb\",\"itemListElement\":[{\"@type\":\"ListItem\",\"position\":1,\"name\":\"Startseite\",\"item\":\"https:\\\/\\\/neos-music.com\\\/\"},{\"@type\":\"ListItem\",\"position\":2,\"name\":\"Produkte\",\"item\":\"https:\\\/\\\/neos-music.com\\\/shop__trashed\\\/\"},{\"@type\":\"ListItem\",\"position\":3,\"name\":\"Bach today: Stefan Keller &#038; Beda Ehrensperger play Bach and beyond\"}]},{\"@type\":\"WebSite\",\"@id\":\"https:\\\/\\\/neos-music.com\\\/#website\",\"url\":\"https:\\\/\\\/neos-music.com\\\/\",\"name\":\"NEOS Music\",\"description\":\"Dein Online Shop f\u00fcr zeitgen\u00f6ssische Musik, Jazz und Classics!\",\"publisher\":{\"@id\":\"https:\\\/\\\/neos-music.com\\\/#organization\"},\"potentialAction\":[{\"@type\":\"SearchAction\",\"target\":{\"@type\":\"EntryPoint\",\"urlTemplate\":\"https:\\\/\\\/neos-music.com\\\/?s={search_term_string}\"},\"query-input\":{\"@type\":\"PropertyValueSpecification\",\"valueRequired\":true,\"valueName\":\"search_term_string\"}}],\"inLanguage\":\"en-US\"},{\"@type\":\"Organization\",\"@id\":\"https:\\\/\\\/neos-music.com\\\/#organization\",\"name\":\"NEOS Music\",\"url\":\"https:\\\/\\\/neos-music.com\\\/\",\"logo\":{\"@type\":\"ImageObject\",\"inLanguage\":\"en-US\",\"@id\":\"https:\\\/\\\/neos-music.com\\\/#\\\/schema\\\/logo\\\/image\\\/\",\"url\":\"https:\\\/\\\/i0.wp.com\\\/neos-music.com\\\/wp-content\\\/uploads\\\/2025\\\/08\\\/NEOS-Logo-weiss.png?fit=800%2C203&ssl=1\",\"contentUrl\":\"https:\\\/\\\/i0.wp.com\\\/neos-music.com\\\/wp-content\\\/uploads\\\/2025\\\/08\\\/NEOS-Logo-weiss.png?fit=800%2C203&ssl=1\",\"width\":800,\"height\":203,\"caption\":\"NEOS Music\"},\"image\":{\"@id\":\"https:\\\/\\\/neos-music.com\\\/#\\\/schema\\\/logo\\\/image\\\/\"}}]}<\/script>\n<!-- \/ Yoast SEO plugin. -->","yoast_head_json":{"title":"Bach today: Stefan Keller & Beda Ehrensperger play Bach and beyond - NEOS Music","robots":{"index":"index","follow":"follow","max-snippet":"max-snippet:-1","max-image-preview":"max-image-preview:large","max-video-preview":"max-video-preview:-1"},"canonical":"https:\/\/neos-music.com\/en_us\/product\/bach-today-stefan-keller-beda-ehrensperger-play-bach-and-beyond\/","og_locale":"en_US","og_type":"article","og_title":"Bach today: Stefan Keller & Beda Ehrensperger play Bach and beyond - NEOS Music","og_description":"Infotext: Bach today Barocke Klassiker im groovigen Jazzgewand \u00bbBach today\u00ab beinhaltet ein farbiges, vielseitiges und facettenreiches Programm. Die bekannten Fl\u00f6tenwerke von J.S. Bach und dessen Sohn C.P\u2009E. Bach sind die Grundlage f\u00fcr diese CD. Die filigran-groovige Untermalung der hochvirtuosen Barockst\u00fccke durch den versierten Schlagzeuger, angereichert mit gekonnten Improvisationen, lassen die \u00bbbarocken Klassiker\u00ab in einem v\u00f6llig [&hellip;]","og_url":"https:\/\/neos-music.com\/en_us\/product\/bach-today-stefan-keller-beda-ehrensperger-play-bach-and-beyond\/","og_site_name":"NEOS Music","article_modified_time":"2022-11-16T17:39:26+00:00","og_image":[{"width":1649,"height":1482,"url":"https:\/\/neos-music.com\/wp-content\/uploads\/2022\/11\/NEOS_41901_Bach_today.jpeg","type":"image\/jpeg"}],"twitter_card":"summary_large_image","twitter_misc":{"Est. reading time":"3 minutes"},"schema":{"@context":"https:\/\/schema.org","@graph":[{"@type":"WebPage","@id":"https:\/\/neos-music.com\/product\/bach-today-stefan-keller-beda-ehrensperger-play-bach-and-beyond\/","url":"https:\/\/neos-music.com\/product\/bach-today-stefan-keller-beda-ehrensperger-play-bach-and-beyond\/","name":"Bach today: Stefan Keller & Beda Ehrensperger play Bach and beyond - NEOS Music","isPartOf":{"@id":"https:\/\/neos-music.com\/#website"},"primaryImageOfPage":{"@id":"https:\/\/neos-music.com\/product\/bach-today-stefan-keller-beda-ehrensperger-play-bach-and-beyond\/#primaryimage"},"image":{"@id":"https:\/\/neos-music.com\/product\/bach-today-stefan-keller-beda-ehrensperger-play-bach-and-beyond\/#primaryimage"},"thumbnailUrl":"https:\/\/i0.wp.com\/neos-music.com\/wp-content\/uploads\/2022\/11\/NEOS_41901_Bach_today.jpeg?fit=1649%2C1482&ssl=1","datePublished":"2019-07-05T17:37:28+00:00","dateModified":"2022-11-16T17:39:26+00:00","breadcrumb":{"@id":"https:\/\/neos-music.com\/product\/bach-today-stefan-keller-beda-ehrensperger-play-bach-and-beyond\/#breadcrumb"},"inLanguage":"en-US","potentialAction":[{"@type":"ReadAction","target":["https:\/\/neos-music.com\/product\/bach-today-stefan-keller-beda-ehrensperger-play-bach-and-beyond\/"]}]},{"@type":"ImageObject","inLanguage":"en-US","@id":"https:\/\/neos-music.com\/product\/bach-today-stefan-keller-beda-ehrensperger-play-bach-and-beyond\/#primaryimage","url":"https:\/\/i0.wp.com\/neos-music.com\/wp-content\/uploads\/2022\/11\/NEOS_41901_Bach_today.jpeg?fit=1649%2C1482&ssl=1","contentUrl":"https:\/\/i0.wp.com\/neos-music.com\/wp-content\/uploads\/2022\/11\/NEOS_41901_Bach_today.jpeg?fit=1649%2C1482&ssl=1","width":1649,"height":1482},{"@type":"BreadcrumbList","@id":"https:\/\/neos-music.com\/product\/bach-today-stefan-keller-beda-ehrensperger-play-bach-and-beyond\/#breadcrumb","itemListElement":[{"@type":"ListItem","position":1,"name":"Startseite","item":"https:\/\/neos-music.com\/"},{"@type":"ListItem","position":2,"name":"Produkte","item":"https:\/\/neos-music.com\/shop__trashed\/"},{"@type":"ListItem","position":3,"name":"Bach today: Stefan Keller &#038; Beda Ehrensperger play Bach and beyond"}]},{"@type":"WebSite","@id":"https:\/\/neos-music.com\/#website","url":"https:\/\/neos-music.com\/","name":"NEOS Music","description":"Dein Online Shop f\u00fcr zeitgen\u00f6ssische Musik, Jazz und Classics!","publisher":{"@id":"https:\/\/neos-music.com\/#organization"},"potentialAction":[{"@type":"SearchAction","target":{"@type":"EntryPoint","urlTemplate":"https:\/\/neos-music.com\/?s={search_term_string}"},"query-input":{"@type":"PropertyValueSpecification","valueRequired":true,"valueName":"search_term_string"}}],"inLanguage":"en-US"},{"@type":"Organization","@id":"https:\/\/neos-music.com\/#organization","name":"NEOS Music","url":"https:\/\/neos-music.com\/","logo":{"@type":"ImageObject","inLanguage":"en-US","@id":"https:\/\/neos-music.com\/#\/schema\/logo\/image\/","url":"https:\/\/i0.wp.com\/neos-music.com\/wp-content\/uploads\/2025\/08\/NEOS-Logo-weiss.png?fit=800%2C203&ssl=1","contentUrl":"https:\/\/i0.wp.com\/neos-music.com\/wp-content\/uploads\/2025\/08\/NEOS-Logo-weiss.png?fit=800%2C203&ssl=1","width":800,"height":203,"caption":"NEOS Music"},"image":{"@id":"https:\/\/neos-music.com\/#\/schema\/logo\/image\/"}}]}},"jetpack_sharing_enabled":true,"_links":{"self":[{"href":"https:\/\/neos-music.com\/en_us\/wp-json\/wp\/v2\/product\/2560","targetHints":{"allow":["GET"]}}],"collection":[{"href":"https:\/\/neos-music.com\/en_us\/wp-json\/wp\/v2\/product"}],"about":[{"href":"https:\/\/neos-music.com\/en_us\/wp-json\/wp\/v2\/types\/product"}],"version-history":[{"count":0,"href":"https:\/\/neos-music.com\/en_us\/wp-json\/wp\/v2\/product\/2560\/revisions"}],"wp:featuredmedia":[{"embeddable":true,"href":"https:\/\/neos-music.com\/en_us\/wp-json\/wp\/v2\/media\/2561"}],"wp:attachment":[{"href":"https:\/\/neos-music.com\/en_us\/wp-json\/wp\/v2\/media?parent=2560"}],"wp:term":[{"taxonomy":"product_brand","embeddable":true,"href":"https:\/\/neos-music.com\/en_us\/wp-json\/wp\/v2\/product_brand?post=2560"},{"taxonomy":"product_cat","embeddable":true,"href":"https:\/\/neos-music.com\/en_us\/wp-json\/wp\/v2\/product_cat?post=2560"},{"taxonomy":"product_tag","embeddable":true,"href":"https:\/\/neos-music.com\/en_us\/wp-json\/wp\/v2\/product_tag?post=2560"}],"curies":[{"name":"wp","href":"https:\/\/api.w.org\/{rel}","templated":true}]}}