{"id":2562,"date":"2019-06-07T17:40:05","date_gmt":"2019-06-07T17:40:05","guid":{"rendered":"https:\/\/neos-music.com\/?post_type=product&#038;p=2562"},"modified":"2022-11-16T17:42:55","modified_gmt":"2022-11-16T17:42:55","slug":"markus-schimpp-yearning-for-silence","status":"publish","type":"product","link":"https:\/\/neos-music.com\/en_us\/product\/markus-schimpp-yearning-for-silence\/","title":{"rendered":"Markus Schimpp: Yearning for Silence"},"content":{"rendered":"<p>Infotext:<\/p>\n<table border=\"0\" width=\"100%\" rules=\"none\" cellspacing=\"0\" cellpadding=\"0\">\n<tbody>\n<tr>\n<td class=\"bigcontent2\">\n<div id=\"infotext\">\n<p><b>YEARNING FOR SILENCE<br \/>\n<\/b>33 Ann\u00e4herungen an die Stille<\/p>\n<p>Die Idee zu den hier vorliegenden 33 Klavierst\u00fccken entstand durch einen Kompositionsauftrag f\u00fcr das von der Bonner Pianistin Susanne Kessel initiierte internationale Kompositionsprojekt \u00bb250 Piano Pieces for Beethoven\u00ab, anl\u00e4sslich des 250. Geburtstages von Ludwig van Beethoven im Jahr 2020. Dabei wurden 250 Komponisten aufgefordert, sich vom Leben und Werk Beethovens inspirieren zu lassen und dar\u00fcber ein kurzes Klavierst\u00fcck zu schreiben.<\/p>\n<p>Bei der erneuten Besch\u00e4ftigung mit diesem gro\u00dfen Komponisten fiel mir auf, wie sehr sich mein Interesse an seiner Musik von meiner Studienzeit bis heute gewandelt hat. Waren es fr\u00fcher die schnellen, virtuosen S\u00e4tze und gro\u00dfen Symphonien, sind es heute vor allem die leisen und schlichten Stellen gerade des Sp\u00e4twerkes, die mich faszinieren und tief ber\u00fchren. Beispielsweise h\u00f6re ich nach dem Schlusssatz der<i>\u00a0Klaviersonate Op. 111<\/i>\u00a0immer lange in die Stille, die durch Beethovens entr\u00fcckende Musik, durch pulsierende Terzen oder nicht enden wollende Triller entstanden ist. Ich h\u00f6rte oder spielte diese Stellen in Momenten, in denen ich mich nach einem heilsamen Gegensatz zum oft zeitlich durchgetakteten und mit medialen Reizen \u00fcberfluteten Alltagsleben sehnte.<\/p>\n<p>Aus einem inneren Bed\u00fcrfnis heraus begann ich, in diesem Sinne kurze Klavierst\u00fccke zu schreiben, die aus so wenig musikalischem Material wie m\u00f6glich bestehen sollten. Schlichte Gedanken, die, bevor sie sich manifestieren, schon wieder enden, um mit dem n\u00e4chsten St\u00fcck den H\u00f6rer in eine andere gedankliche Richtung zu schicken. Ich habe bewusst auf virtuose und schnelle Teile verzichtet, um eine kontemplative Stimmung zu erzeugen \u2013 quasi meine Idee eines wechselnden musikalischen Mantras, das im Idealfall beim H\u00f6ren auf eine positive Weise Gedankenverlorenheit erzeugt.<\/p>\n<p>Es entstanden so in zwei Arbeitsphasen \u00bb33 Ann\u00e4herungen an die Stille\u00ab, die ich in einen f\u00fcr mich sinnvollen Ablauf gestellt habe. Manche entwickeln sich aus einem Akkord heraus, der zu Beginn im Arpeggio wiederholend gespielt wird, bis sich durch einen zarten Basston neue harmonische M\u00f6glichkeiten ergeben. Andere bewegen sich auf einer Gratwanderung zwischen konventioneller Harmonie und im\u00a0<i>pp<\/i>\u00a0gespielten Dissonanzen, die durch deren leises Dazumischen eine sinnliche, geradezu harmonische F\u00e4rbung erzeugen. Reizvoll war f\u00fcr mich das Nachsp\u00fcren, nach wie vielen Repetitionen Gleichf\u00f6rmigkeit, ja Langeweile entsteht, und wie weit sich dieses Risiko ausreizen l\u00e4sst, ohne die Lust am Zuh\u00f6ren zu verlieren. Wann wird der H\u00f6rer mit einer kleinen Abweichung \u00fcberrascht, und welche Intensit\u00e4t und Geschwindigkeit ergibt sich daraus bei der Interpretation?<\/p>\n<p>Bei diesem Zyklus stand f\u00fcr mich das Weglassen, das Verzichten im Vordergrund, aber auch das Zulassen-K\u00f6nnen. Exemplarisch sei der Schlussakkord in Des-Dur der Nr. XXIII genannt. F\u00fcr manchen Fachmann vielleicht zu harmonisch, f\u00fcr mich jedoch ein inneres Bed\u00fcrfnis.<\/p>\n<p>W\u00e4hrend des Schreibens las ich einen Bericht \u00fcber Koreas Hauptstadt Seoul und die dortige Tradition, immer zum Jahreswechsel eine riesige Glocke 33 Mal schlagen zu lassen, da diese Zahl in Korea eine Gl\u00fcckszahl sei. So entschied ich spontan, mich auf diese Anzahl an St\u00fccken zu begrenzen. F\u00fcr mich ein sch\u00f6ner Gedanke, um \u00bbYearning for Silence\u00ab zus\u00e4tzlich unter einen guten Stern zu stellen.<\/p>\n<p>Markus Schimpp<\/p>\n<p>Programm:<\/p>\n<table border=\"0\" width=\"100%\" rules=\"none\" cellspacing=\"0\" cellpadding=\"0\">\n<tbody>\n<tr>\n<td class=\"bigcontent2\">\n<div id=\"tracks\">\n<p><b>Yearning for Silence<br \/>\n<\/b>33 Klavierst\u00fccke (2018)<\/p>\n<p>[01]\u00a0<b>I<\/b>\u00a002:06<br \/>\n[02]\u00a0<b>II<\/b>\u00a001:26<br \/>\n[03]\u00a0<b>III<\/b>\u00a001:40<br \/>\n[04]\u00a0<b>IV<\/b>\u00a001:37<br \/>\n[05]\u00a0<b>V<\/b>\u00a003:06<br \/>\n[06]\u00a0<b>VI<\/b>\u00a002:40<br \/>\n[07]\u00a0<b>VII<\/b>\u00a001:52<br \/>\n[08]\u00a0<b>VIII<\/b>\u00a001:18<br \/>\n[09]\u00a0<b>IX<\/b>\u00a002:29<br \/>\n[10]\u00a0<b>X<\/b>\u00a001:12<br \/>\n[11]\u00a0<b>XI<\/b>\u00a002:05<br \/>\n[12]\u00a0<b>XII<\/b>\u00a001:37<br \/>\n[13]\u00a0<b>XIII<\/b>\u00a001:00<br \/>\n[14]\u00a0<b>XIV<\/b>\u00a001:33<br \/>\n[15]\u00a0<b>XV<\/b>\u00a000:41<br \/>\n[16]\u00a0<b>XVI<\/b>\u00a001:05<br \/>\n[17]\u00a0<b>XVII<\/b>\u00a001:32<br \/>\n[18]\u00a0<b>XVIII<\/b>\u00a001:28<br \/>\n[19]\u00a0<b>XIX<\/b>\u00a001:24<br \/>\n[20]\u00a0<b>XX<\/b>\u00a001:58<br \/>\n[21]\u00a0<b>XXI<\/b>\u00a003:01<br \/>\n[22]\u00a0<b>XXII<\/b>\u00a002:21<br \/>\n[23]\u00a0<b>XXIII<\/b>\u00a001:32<br \/>\n[24]\u00a0<b>XXIV<\/b>\u00a002:32<br \/>\n[25]\u00a0<b>XXV<\/b>\u00a001:31<br \/>\n[26]\u00a0<b>XXVI<\/b>\u00a002:31<br \/>\n[27]\u00a0<b>XXVII<\/b>\u00a002:08<br \/>\n[28]\u00a0<b>XXVIII<\/b>\u00a001:56<br \/>\n[29]\u00a0<b>XXIX<\/b>\u00a001:47<br \/>\n[30]\u00a0<b>XXX<\/b>\u00a001:39<br \/>\n[31]\u00a0<b>XXXI<\/b>\u00a001:57<br \/>\n[32]\u00a0<b>XXXII<\/b>\u00a002:10<br \/>\n[33]\u00a0<b>XXXIII<\/b>\u00a002:26<\/p>\n<p>Gesamtspielzeit: 61:38<\/p>\n<p><a class=\"arcoma_glossarylink\" href=\"https:\/\/neos-music.com\/output.php?content=Kuenstler\/Schimpp_Markus.php&amp;treplace=english%2Cgerman\" target=\"_self\" rel=\"noopener\">Markus Schimpp<\/a>, Klavier<\/p>\n<p><i>Ersteinspielungen<\/i><\/p>\n<p>&nbsp;<\/p>\n<p><iframe src=\"https:\/\/w.soundcloud.com\/player\/?url=https%3A\/\/api.soundcloud.com\/playlists\/943663609&amp;color=%23ff5500&amp;auto_play=false&amp;hide_related=false&amp;show_comments=true&amp;show_user=true&amp;show_reposts=false&amp;show_teaser=true\" width=\"100%\" height=\"450\" frameborder=\"no\" scrolling=\"no\" data-mce-fragment=\"1\"><\/iframe><\/div>\n<\/td>\n<\/tr>\n<\/tbody>\n<\/table>\n<\/div>\n<\/td>\n<\/tr>\n<\/tbody>\n<\/table>\n","protected":false},"excerpt":{"rendered":"<p>Infotext: YEARNING FOR SILENCE 33 Ann\u00e4herungen an die Stille Die Idee zu den hier vorliegenden 33 Klavierst\u00fccken entstand durch einen Kompositionsauftrag f\u00fcr das von der Bonner Pianistin Susanne Kessel initiierte internationale Kompositionsprojekt \u00bb250 Piano Pieces for Beethoven\u00ab, anl\u00e4sslich des 250. Geburtstages von Ludwig van Beethoven im Jahr 2020. Dabei wurden 250 Komponisten aufgefordert, sich vom [&hellip;]<\/p>\n","protected":false},"featured_media":2563,"template":"","meta":{"site-sidebar-layout":"default","site-content-layout":"default","ast-site-content-layout":"default","site-content-style":"default","site-sidebar-style":"default","ast-global-header-display":"","ast-banner-title-visibility":"","ast-main-header-display":"","ast-hfb-above-header-display":"","ast-hfb-below-header-display":"","ast-hfb-mobile-header-display":"","site-post-title":"","ast-breadcrumbs-content":"","ast-featured-img":"","footer-sml-layout":"","theme-transparent-header-meta":"default","adv-header-id-meta":"","stick-header-meta":"","header-above-stick-meta":"","header-main-stick-meta":"","header-below-stick-meta":"","astra-migrate-meta-layouts":"default","ast-page-background-enabled":"default","ast-page-background-meta":{"desktop":{"background-color":"","background-image":"","background-repeat":"repeat","background-position":"center center","background-size":"auto","background-attachment":"scroll","background-type":"","background-media":"","overlay-type":"","overlay-color":"","overlay-opacity":"","overlay-gradient":""},"tablet":{"background-color":"","background-image":"","background-repeat":"repeat","background-position":"center center","background-size":"auto","background-attachment":"scroll","background-type":"","background-media":"","overlay-type":"","overlay-color":"","overlay-opacity":"","overlay-gradient":""},"mobile":{"background-color":"","background-image":"","background-repeat":"repeat","background-position":"center center","background-size":"auto","background-attachment":"scroll","background-type":"","background-media":"","overlay-type":"","overlay-color":"","overlay-opacity":"","overlay-gradient":""}},"ast-content-background-meta":{"desktop":{"background-color":"var(--ast-global-color-5)","background-image":"","background-repeat":"repeat","background-position":"center center","background-size":"auto","background-attachment":"scroll","background-type":"","background-media":"","overlay-type":"","overlay-color":"","overlay-opacity":"","overlay-gradient":""},"tablet":{"background-color":"var(--ast-global-color-5)","background-image":"","background-repeat":"repeat","background-position":"center center","background-size":"auto","background-attachment":"scroll","background-type":"","background-media":"","overlay-type":"","overlay-color":"","overlay-opacity":"","overlay-gradient":""},"mobile":{"background-color":"var(--ast-global-color-5)","background-image":"","background-repeat":"repeat","background-position":"center center","background-size":"auto","background-attachment":"scroll","background-type":"","background-media":"","overlay-type":"","overlay-color":"","overlay-opacity":"","overlay-gradient":""}}},"product_brand":[],"product_cat":[26],"product_tag":[],"class_list":{"0":"post-2562","1":"product","2":"type-product","3":"status-publish","4":"has-post-thumbnail","6":"product_cat-zeitgenossische-musik","7":"pa_artikelnummer-neos-11913","8":"pa_brand-neos-music","9":"pa_ean-180","10":"desktop-align-left","11":"tablet-align-left","12":"mobile-align-left","14":"first","15":"instock","16":"taxable","17":"shipping-taxable","18":"purchasable","19":"product-type-simple"},"yoast_head":"<!-- This site is optimized with the Yoast SEO plugin v27.3 - https:\/\/yoast.com\/product\/yoast-seo-wordpress\/ -->\n<title>Markus Schimpp: Yearning for Silence - NEOS Music<\/title>\n<meta name=\"robots\" content=\"index, follow, max-snippet:-1, max-image-preview:large, max-video-preview:-1\" \/>\n<link rel=\"canonical\" href=\"https:\/\/neos-music.com\/en_us\/product\/markus-schimpp-yearning-for-silence\/\" \/>\n<meta property=\"og:locale\" content=\"en_US\" \/>\n<meta property=\"og:type\" content=\"article\" \/>\n<meta property=\"og:title\" content=\"Markus Schimpp: Yearning for Silence - NEOS Music\" \/>\n<meta property=\"og:description\" content=\"Infotext: YEARNING FOR SILENCE 33 Ann\u00e4herungen an die Stille Die Idee zu den hier vorliegenden 33 Klavierst\u00fccken entstand durch einen Kompositionsauftrag f\u00fcr das von der Bonner Pianistin Susanne Kessel initiierte internationale Kompositionsprojekt \u00bb250 Piano Pieces for Beethoven\u00ab, anl\u00e4sslich des 250. Geburtstages von Ludwig van Beethoven im Jahr 2020. Dabei wurden 250 Komponisten aufgefordert, sich vom [&hellip;]\" \/>\n<meta property=\"og:url\" content=\"https:\/\/neos-music.com\/en_us\/product\/markus-schimpp-yearning-for-silence\/\" \/>\n<meta property=\"og:site_name\" content=\"NEOS Music\" \/>\n<meta property=\"article:modified_time\" content=\"2022-11-16T17:42:55+00:00\" \/>\n<meta property=\"og:image\" content=\"https:\/\/neos-music.com\/wp-content\/uploads\/2022\/11\/NEOS_11913_Schimpp.jpeg\" \/>\n\t<meta property=\"og:image:width\" content=\"1649\" \/>\n\t<meta property=\"og:image:height\" content=\"1477\" \/>\n\t<meta property=\"og:image:type\" content=\"image\/jpeg\" \/>\n<meta name=\"twitter:card\" content=\"summary_large_image\" \/>\n<meta name=\"twitter:label1\" content=\"Est. reading time\" \/>\n\t<meta name=\"twitter:data1\" content=\"3 minutes\" \/>\n<script type=\"application\/ld+json\" class=\"yoast-schema-graph\">{\"@context\":\"https:\\\/\\\/schema.org\",\"@graph\":[{\"@type\":\"WebPage\",\"@id\":\"https:\\\/\\\/neos-music.com\\\/product\\\/markus-schimpp-yearning-for-silence\\\/\",\"url\":\"https:\\\/\\\/neos-music.com\\\/product\\\/markus-schimpp-yearning-for-silence\\\/\",\"name\":\"Markus Schimpp: Yearning for Silence - NEOS Music\",\"isPartOf\":{\"@id\":\"https:\\\/\\\/neos-music.com\\\/#website\"},\"primaryImageOfPage\":{\"@id\":\"https:\\\/\\\/neos-music.com\\\/product\\\/markus-schimpp-yearning-for-silence\\\/#primaryimage\"},\"image\":{\"@id\":\"https:\\\/\\\/neos-music.com\\\/product\\\/markus-schimpp-yearning-for-silence\\\/#primaryimage\"},\"thumbnailUrl\":\"https:\\\/\\\/i0.wp.com\\\/neos-music.com\\\/wp-content\\\/uploads\\\/2022\\\/11\\\/NEOS_11913_Schimpp.jpeg?fit=1649%2C1477&ssl=1\",\"datePublished\":\"2019-06-07T17:40:05+00:00\",\"dateModified\":\"2022-11-16T17:42:55+00:00\",\"breadcrumb\":{\"@id\":\"https:\\\/\\\/neos-music.com\\\/product\\\/markus-schimpp-yearning-for-silence\\\/#breadcrumb\"},\"inLanguage\":\"en-US\",\"potentialAction\":[{\"@type\":\"ReadAction\",\"target\":[\"https:\\\/\\\/neos-music.com\\\/product\\\/markus-schimpp-yearning-for-silence\\\/\"]}]},{\"@type\":\"ImageObject\",\"inLanguage\":\"en-US\",\"@id\":\"https:\\\/\\\/neos-music.com\\\/product\\\/markus-schimpp-yearning-for-silence\\\/#primaryimage\",\"url\":\"https:\\\/\\\/i0.wp.com\\\/neos-music.com\\\/wp-content\\\/uploads\\\/2022\\\/11\\\/NEOS_11913_Schimpp.jpeg?fit=1649%2C1477&ssl=1\",\"contentUrl\":\"https:\\\/\\\/i0.wp.com\\\/neos-music.com\\\/wp-content\\\/uploads\\\/2022\\\/11\\\/NEOS_11913_Schimpp.jpeg?fit=1649%2C1477&ssl=1\",\"width\":1649,\"height\":1477},{\"@type\":\"BreadcrumbList\",\"@id\":\"https:\\\/\\\/neos-music.com\\\/product\\\/markus-schimpp-yearning-for-silence\\\/#breadcrumb\",\"itemListElement\":[{\"@type\":\"ListItem\",\"position\":1,\"name\":\"Startseite\",\"item\":\"https:\\\/\\\/neos-music.com\\\/\"},{\"@type\":\"ListItem\",\"position\":2,\"name\":\"Produkte\",\"item\":\"https:\\\/\\\/neos-music.com\\\/shop__trashed\\\/\"},{\"@type\":\"ListItem\",\"position\":3,\"name\":\"Markus Schimpp: Yearning for Silence\"}]},{\"@type\":\"WebSite\",\"@id\":\"https:\\\/\\\/neos-music.com\\\/#website\",\"url\":\"https:\\\/\\\/neos-music.com\\\/\",\"name\":\"NEOS Music\",\"description\":\"Dein Online Shop f\u00fcr zeitgen\u00f6ssische Musik, Jazz und Classics!\",\"publisher\":{\"@id\":\"https:\\\/\\\/neos-music.com\\\/#organization\"},\"potentialAction\":[{\"@type\":\"SearchAction\",\"target\":{\"@type\":\"EntryPoint\",\"urlTemplate\":\"https:\\\/\\\/neos-music.com\\\/?s={search_term_string}\"},\"query-input\":{\"@type\":\"PropertyValueSpecification\",\"valueRequired\":true,\"valueName\":\"search_term_string\"}}],\"inLanguage\":\"en-US\"},{\"@type\":\"Organization\",\"@id\":\"https:\\\/\\\/neos-music.com\\\/#organization\",\"name\":\"NEOS Music\",\"url\":\"https:\\\/\\\/neos-music.com\\\/\",\"logo\":{\"@type\":\"ImageObject\",\"inLanguage\":\"en-US\",\"@id\":\"https:\\\/\\\/neos-music.com\\\/#\\\/schema\\\/logo\\\/image\\\/\",\"url\":\"https:\\\/\\\/i0.wp.com\\\/neos-music.com\\\/wp-content\\\/uploads\\\/2025\\\/08\\\/NEOS-Logo-weiss.png?fit=800%2C203&ssl=1\",\"contentUrl\":\"https:\\\/\\\/i0.wp.com\\\/neos-music.com\\\/wp-content\\\/uploads\\\/2025\\\/08\\\/NEOS-Logo-weiss.png?fit=800%2C203&ssl=1\",\"width\":800,\"height\":203,\"caption\":\"NEOS Music\"},\"image\":{\"@id\":\"https:\\\/\\\/neos-music.com\\\/#\\\/schema\\\/logo\\\/image\\\/\"}}]}<\/script>\n<!-- \/ Yoast SEO plugin. -->","yoast_head_json":{"title":"Markus Schimpp: Yearning for Silence - NEOS Music","robots":{"index":"index","follow":"follow","max-snippet":"max-snippet:-1","max-image-preview":"max-image-preview:large","max-video-preview":"max-video-preview:-1"},"canonical":"https:\/\/neos-music.com\/en_us\/product\/markus-schimpp-yearning-for-silence\/","og_locale":"en_US","og_type":"article","og_title":"Markus Schimpp: Yearning for Silence - NEOS Music","og_description":"Infotext: YEARNING FOR SILENCE 33 Ann\u00e4herungen an die Stille Die Idee zu den hier vorliegenden 33 Klavierst\u00fccken entstand durch einen Kompositionsauftrag f\u00fcr das von der Bonner Pianistin Susanne Kessel initiierte internationale Kompositionsprojekt \u00bb250 Piano Pieces for Beethoven\u00ab, anl\u00e4sslich des 250. Geburtstages von Ludwig van Beethoven im Jahr 2020. Dabei wurden 250 Komponisten aufgefordert, sich vom [&hellip;]","og_url":"https:\/\/neos-music.com\/en_us\/product\/markus-schimpp-yearning-for-silence\/","og_site_name":"NEOS Music","article_modified_time":"2022-11-16T17:42:55+00:00","og_image":[{"width":1649,"height":1477,"url":"https:\/\/neos-music.com\/wp-content\/uploads\/2022\/11\/NEOS_11913_Schimpp.jpeg","type":"image\/jpeg"}],"twitter_card":"summary_large_image","twitter_misc":{"Est. reading time":"3 minutes"},"schema":{"@context":"https:\/\/schema.org","@graph":[{"@type":"WebPage","@id":"https:\/\/neos-music.com\/product\/markus-schimpp-yearning-for-silence\/","url":"https:\/\/neos-music.com\/product\/markus-schimpp-yearning-for-silence\/","name":"Markus Schimpp: Yearning for Silence - NEOS Music","isPartOf":{"@id":"https:\/\/neos-music.com\/#website"},"primaryImageOfPage":{"@id":"https:\/\/neos-music.com\/product\/markus-schimpp-yearning-for-silence\/#primaryimage"},"image":{"@id":"https:\/\/neos-music.com\/product\/markus-schimpp-yearning-for-silence\/#primaryimage"},"thumbnailUrl":"https:\/\/i0.wp.com\/neos-music.com\/wp-content\/uploads\/2022\/11\/NEOS_11913_Schimpp.jpeg?fit=1649%2C1477&ssl=1","datePublished":"2019-06-07T17:40:05+00:00","dateModified":"2022-11-16T17:42:55+00:00","breadcrumb":{"@id":"https:\/\/neos-music.com\/product\/markus-schimpp-yearning-for-silence\/#breadcrumb"},"inLanguage":"en-US","potentialAction":[{"@type":"ReadAction","target":["https:\/\/neos-music.com\/product\/markus-schimpp-yearning-for-silence\/"]}]},{"@type":"ImageObject","inLanguage":"en-US","@id":"https:\/\/neos-music.com\/product\/markus-schimpp-yearning-for-silence\/#primaryimage","url":"https:\/\/i0.wp.com\/neos-music.com\/wp-content\/uploads\/2022\/11\/NEOS_11913_Schimpp.jpeg?fit=1649%2C1477&ssl=1","contentUrl":"https:\/\/i0.wp.com\/neos-music.com\/wp-content\/uploads\/2022\/11\/NEOS_11913_Schimpp.jpeg?fit=1649%2C1477&ssl=1","width":1649,"height":1477},{"@type":"BreadcrumbList","@id":"https:\/\/neos-music.com\/product\/markus-schimpp-yearning-for-silence\/#breadcrumb","itemListElement":[{"@type":"ListItem","position":1,"name":"Startseite","item":"https:\/\/neos-music.com\/"},{"@type":"ListItem","position":2,"name":"Produkte","item":"https:\/\/neos-music.com\/shop__trashed\/"},{"@type":"ListItem","position":3,"name":"Markus Schimpp: Yearning for Silence"}]},{"@type":"WebSite","@id":"https:\/\/neos-music.com\/#website","url":"https:\/\/neos-music.com\/","name":"NEOS Music","description":"Dein Online Shop f\u00fcr zeitgen\u00f6ssische Musik, Jazz und Classics!","publisher":{"@id":"https:\/\/neos-music.com\/#organization"},"potentialAction":[{"@type":"SearchAction","target":{"@type":"EntryPoint","urlTemplate":"https:\/\/neos-music.com\/?s={search_term_string}"},"query-input":{"@type":"PropertyValueSpecification","valueRequired":true,"valueName":"search_term_string"}}],"inLanguage":"en-US"},{"@type":"Organization","@id":"https:\/\/neos-music.com\/#organization","name":"NEOS Music","url":"https:\/\/neos-music.com\/","logo":{"@type":"ImageObject","inLanguage":"en-US","@id":"https:\/\/neos-music.com\/#\/schema\/logo\/image\/","url":"https:\/\/i0.wp.com\/neos-music.com\/wp-content\/uploads\/2025\/08\/NEOS-Logo-weiss.png?fit=800%2C203&ssl=1","contentUrl":"https:\/\/i0.wp.com\/neos-music.com\/wp-content\/uploads\/2025\/08\/NEOS-Logo-weiss.png?fit=800%2C203&ssl=1","width":800,"height":203,"caption":"NEOS Music"},"image":{"@id":"https:\/\/neos-music.com\/#\/schema\/logo\/image\/"}}]}},"jetpack_sharing_enabled":true,"_links":{"self":[{"href":"https:\/\/neos-music.com\/en_us\/wp-json\/wp\/v2\/product\/2562","targetHints":{"allow":["GET"]}}],"collection":[{"href":"https:\/\/neos-music.com\/en_us\/wp-json\/wp\/v2\/product"}],"about":[{"href":"https:\/\/neos-music.com\/en_us\/wp-json\/wp\/v2\/types\/product"}],"version-history":[{"count":0,"href":"https:\/\/neos-music.com\/en_us\/wp-json\/wp\/v2\/product\/2562\/revisions"}],"wp:featuredmedia":[{"embeddable":true,"href":"https:\/\/neos-music.com\/en_us\/wp-json\/wp\/v2\/media\/2563"}],"wp:attachment":[{"href":"https:\/\/neos-music.com\/en_us\/wp-json\/wp\/v2\/media?parent=2562"}],"wp:term":[{"taxonomy":"product_brand","embeddable":true,"href":"https:\/\/neos-music.com\/en_us\/wp-json\/wp\/v2\/product_brand?post=2562"},{"taxonomy":"product_cat","embeddable":true,"href":"https:\/\/neos-music.com\/en_us\/wp-json\/wp\/v2\/product_cat?post=2562"},{"taxonomy":"product_tag","embeddable":true,"href":"https:\/\/neos-music.com\/en_us\/wp-json\/wp\/v2\/product_tag?post=2562"}],"curies":[{"name":"wp","href":"https:\/\/api.w.org\/{rel}","templated":true}]}}