{"id":2566,"date":"2019-05-24T17:46:59","date_gmt":"2019-05-24T17:46:59","guid":{"rendered":"https:\/\/neos-music.com\/?post_type=product&#038;p=2566"},"modified":"2023-05-22T20:51:40","modified_gmt":"2023-05-22T20:51:40","slug":"peter-ruzicka-musica-viva-vol-33-loop-inseln-randlos-fuenf-bruchstuecke-flucht","status":"publish","type":"product","link":"https:\/\/neos-music.com\/en_us\/product\/peter-ruzicka-musica-viva-vol-33-loop-inseln-randlos-fuenf-bruchstuecke-flucht\/","title":{"rendered":"Peter Ruzicka: musica viva vol. 33 &#8211; LOOP \/ &#8230; INSELN, RANDLOS &#8230; \/ F\u00dcNF BRUCHST\u00dcCKE \/ FLUCHT"},"content":{"rendered":"<p>Programm:<\/p>\n<p><b><a class=\"arcoma_glossarylink\" href=\"https:\/\/neos-music.com\/output.php?content=Kuenstler\/Ruzicka_Peter.php&amp;treplace=english%2Cgerman\" target=\"_self\" rel=\"noopener\">Peter Ruzicka<\/a><\/b>\u00a0(*1948)<\/p>\n<p>[01]\u00a0<b>LOOP<\/b>\u00a0(2017)\u00a0<b>16:13<br \/>\n<\/b>f\u00fcr Trompete (Fl\u00fcgelhorn), Piccolo Trompete und Orchester<\/p>\n<p><i>Auftragswerk der\u00a0musica viva \/ Bayerischer Rundfunk<\/p>\n<p>Urauff\u00fchrung<\/i><\/p>\n<p>[02]\u00a0<b>\u2026 INSELN, RANDLOS\u2026<\/b>\u00a0(1994\/1995)\u00a0<b>23:48<\/b><br \/>\nf\u00fcr Violine, Kammerchor und Orchester<\/p>\n<p><b>F\u00dcNF BRUCHST\u00dcCKE<\/b>\u00a0(1984\u20131987)\u00a0<b>12:48<br \/>\n<\/b>F\u00fcr Orchester<\/p>\n<p>[03]\u00a0<b>Nr. 1<\/b>\u00a002:18<br \/>\n[04]<b>\u00a0Nr. 2<\/b>\u00a002:00<br \/>\n[05]\u00a0<b>Nr. 3<\/b>\u00a003:18<br \/>\n[06]<b>\u00a0Nr. 4<\/b>\u00a003:16<br \/>\n[07]\u00a0<b>Nr. 5<\/b>\u00a001:56<\/p>\n<p><b>FLUCHT<\/b>\u00a0(2014)<b>\u00a017:18<\/b><br \/>\nSechs Passagen f\u00fcr Orchester<\/p>\n<p>[08]\u00a0<b>Passage 1<\/b>\u00a002:26<br \/>\n[09]\u00a0<b>Passage 2<\/b>\u00a002:44<br \/>\n[10]\u00a0<b>Passage 3<\/b>\u00a003:30<br \/>\n[11]\u00a0<b>Passage 4<\/b>\u00a003:34<br \/>\n[12]\u00a0<b>Passage 5<\/b>\u00a002:18<br \/>\n[13]\u00a0<b>Passage 6<\/b>\u00a002:46<\/p>\n<p>&nbsp;<\/p>\n<p>Gesamtspielzeit:\u00a071:00<\/p>\n<p>Carolin Widmann, Violine<br \/>\nSergei Nakariakov, Trompete<br \/>\nGiuliano Sommerhalder, Piccolo Trompete<br \/>\nVocalconsort Berlin<br \/>\nEinstudierung von\u00a0Ralf Sochaczewsky<\/p>\n<p>Symphonieorchester des Bayerischen Rundfunks<br \/>\nunter der Leitung von\u00a0Peter Ruzicka<\/p>\n<p>&nbsp;<\/p>\n<p>&nbsp;<\/p>\n<p><iframe src=\"https:\/\/w.soundcloud.com\/player\/?url=https%3A\/\/api.soundcloud.com\/playlists\/795816432&amp;color=%23a09a91&amp;auto_play=false&amp;hide_related=false&amp;show_comments=true&amp;show_user=true&amp;show_reposts=false&amp;show_teaser=true\" width=\"100%\" height=\"450\" frameborder=\"no\" scrolling=\"no\" data-mce-fragment=\"1\"><\/iframe><\/p>\n<p>Pressestimmen:<\/p>\n<p><img data-recalc-dims=\"1\" decoding=\"async\" src=\"https:\/\/i0.wp.com\/neos-music.com\/wp-content\/uploads\/2023\/05\/logo_mundoclasico2.gif?ssl=1\" alt=\"\" \/><br \/>\nOn 21 October 2019 Paco Y\u00e1\u00f1ez wrote:<\/p>\n<p>[&#8230;]<br \/>\nLas tomas de sonido, como ya hemos avanzado a lo largo de esta rese\u00f1a, son estupendas, de una calidad impresionante por su naturalidad, detalle en la captaci\u00f3n de los rangos din\u00e1micos de cada instrumento y espacializaci\u00f3n, adem\u00e1s de que se recupera (como en buena parte de la serie Ruzicka en NEOS) el formato dual SACD\/CD. La edici\u00f3n es, en esta ocasi\u00f3n, m\u00e1s parca en materiales gr\u00e1ficos, centr\u00e1ndose en las notas, nuevamente, a cargo del experto ruzickiano Habakuk Traber, adem\u00e1s de en las biograf\u00edas de los int\u00e9rpretes aqu\u00ed reunidos, incorporando, a mayores, el poema de Paul Celan en el que se basa &#8230; INSELN, RANDLOS&#8230;<\/p>\n<p>&nbsp;<\/p>\n<p><img data-recalc-dims=\"1\" decoding=\"async\" src=\"https:\/\/i0.wp.com\/neos-music.com\/wp-content\/uploads\/2023\/05\/logo_FonoForum.gif?ssl=1\" alt=\"\" \/><\/p>\n<p>Dirk Wieschollek schrieb in der Ausgabe Oktober\u00a02019:<\/p>\n<p>[&#8230;] Die 33. musica-viva-Folge dokumentiert ein fulminant gespieltes Konzert mit herausragenden Orchesterwerken j\u00fcngeren und \u00e4lteren Datums, mit Ruzicka selbst am Pult. Es beinhaltet die Urauff\u00fchrung von &#8222;Loop&#8220; (2017), einem latent routiniert wirkenden Doppelkonzert f\u00fcr Trompete und Piccolotrompete, das von unruhig vorw\u00e4rtstreibenden Bewegungsverl\u00e4ufen gepr\u00e4gt ist. Kein Vergleich zur aufregenden Vielschichtigkeit von &#8222;&#8230; Inseln, Randlos &#8230;&#8220; (1994\/95), hier mit einer fabelhaften Carolin Widmann. Die unterschiedlichen Klangsph\u00e4ren von Solovioline, Chor und Orchester durchdringen sich sublim oder sto\u00dfen sich heftig ab in den unterschiedlichsten Farbgebungen und stilistischen Idiomen. Auch in den furiosen &#8222;F\u00fcnf Bruchst\u00fccken&#8220; (1984\/97) begegnen abgr\u00fcndige Traditionsreflexionen, die nicht nur im Adagio-Ton des dritten St\u00fccks Gustav Mahler auf den Plan rufen. [&#8230;]<\/p>\n","protected":false},"excerpt":{"rendered":"<p>Programm: Peter Ruzicka\u00a0(*1948) [01]\u00a0LOOP\u00a0(2017)\u00a016:13 f\u00fcr Trompete (Fl\u00fcgelhorn), Piccolo Trompete und Orchester Auftragswerk der\u00a0musica viva \/ Bayerischer Rundfunk Urauff\u00fchrung [02]\u00a0\u2026 INSELN, RANDLOS\u2026\u00a0(1994\/1995)\u00a023:48 f\u00fcr Violine, Kammerchor und Orchester F\u00dcNF BRUCHST\u00dcCKE\u00a0(1984\u20131987)\u00a012:48 F\u00fcr Orchester [03]\u00a0Nr. 1\u00a002:18 [04]\u00a0Nr. 2\u00a002:00 [05]\u00a0Nr. 3\u00a003:18 [06]\u00a0Nr. 4\u00a003:16 [07]\u00a0Nr. 5\u00a001:56 FLUCHT\u00a0(2014)\u00a017:18 Sechs Passagen f\u00fcr Orchester [08]\u00a0Passage 1\u00a002:26 [09]\u00a0Passage 2\u00a002:44 [10]\u00a0Passage 3\u00a003:30 [11]\u00a0Passage 4\u00a003:34 [12]\u00a0Passage 5\u00a002:18 [&hellip;]<\/p>\n","protected":false},"featured_media":2568,"template":"","meta":{"site-sidebar-layout":"default","site-content-layout":"default","ast-site-content-layout":"default","site-content-style":"default","site-sidebar-style":"default","ast-global-header-display":"","ast-banner-title-visibility":"","ast-main-header-display":"","ast-hfb-above-header-display":"","ast-hfb-below-header-display":"","ast-hfb-mobile-header-display":"","site-post-title":"","ast-breadcrumbs-content":"","ast-featured-img":"","footer-sml-layout":"","theme-transparent-header-meta":"default","adv-header-id-meta":"","stick-header-meta":"","header-above-stick-meta":"","header-main-stick-meta":"","header-below-stick-meta":"","astra-migrate-meta-layouts":"default","ast-page-background-enabled":"default","ast-page-background-meta":{"desktop":{"background-color":"","background-image":"","background-repeat":"repeat","background-position":"center center","background-size":"auto","background-attachment":"scroll","background-type":"","background-media":"","overlay-type":"","overlay-color":"","overlay-opacity":"","overlay-gradient":""},"tablet":{"background-color":"","background-image":"","background-repeat":"repeat","background-position":"center center","background-size":"auto","background-attachment":"scroll","background-type":"","background-media":"","overlay-type":"","overlay-color":"","overlay-opacity":"","overlay-gradient":""},"mobile":{"background-color":"","background-image":"","background-repeat":"repeat","background-position":"center center","background-size":"auto","background-attachment":"scroll","background-type":"","background-media":"","overlay-type":"","overlay-color":"","overlay-opacity":"","overlay-gradient":""}},"ast-content-background-meta":{"desktop":{"background-color":"var(--ast-global-color-5)","background-image":"","background-repeat":"repeat","background-position":"center center","background-size":"auto","background-attachment":"scroll","background-type":"","background-media":"","overlay-type":"","overlay-color":"","overlay-opacity":"","overlay-gradient":""},"tablet":{"background-color":"var(--ast-global-color-5)","background-image":"","background-repeat":"repeat","background-position":"center center","background-size":"auto","background-attachment":"scroll","background-type":"","background-media":"","overlay-type":"","overlay-color":"","overlay-opacity":"","overlay-gradient":""},"mobile":{"background-color":"var(--ast-global-color-5)","background-image":"","background-repeat":"repeat","background-position":"center center","background-size":"auto","background-attachment":"scroll","background-type":"","background-media":"","overlay-type":"","overlay-color":"","overlay-opacity":"","overlay-gradient":""}}},"product_brand":[],"product_cat":[26],"product_tag":[],"class_list":{"0":"post-2566","1":"product","2":"type-product","3":"status-publish","4":"has-post-thumbnail","6":"product_cat-zeitgenossische-musik","7":"pa_artikelnummer-neos-11933","8":"pa_brand-neos-music","9":"pa_ean-184","10":"desktop-align-left","11":"tablet-align-left","12":"mobile-align-left","14":"first","15":"instock","16":"taxable","17":"shipping-taxable","18":"purchasable","19":"product-type-simple"},"yoast_head":"<!-- This site is optimized with the Yoast SEO plugin v27.4 - https:\/\/yoast.com\/product\/yoast-seo-wordpress\/ -->\n<title>Peter Ruzicka: musica viva vol. 33 - LOOP \/ ... INSELN, RANDLOS ... \/ F\u00dcNF BRUCHST\u00dcCKE \/ FLUCHT - NEOS Music<\/title>\n<meta name=\"robots\" content=\"index, follow, max-snippet:-1, max-image-preview:large, max-video-preview:-1\" \/>\n<link rel=\"canonical\" href=\"https:\/\/neos-music.com\/en_us\/product\/peter-ruzicka-musica-viva-vol-33-loop-inseln-randlos-fuenf-bruchstuecke-flucht\/\" \/>\n<meta property=\"og:locale\" content=\"en_US\" \/>\n<meta property=\"og:type\" content=\"article\" \/>\n<meta property=\"og:title\" content=\"Peter Ruzicka: musica viva vol. 33 - LOOP \/ ... INSELN, RANDLOS ... \/ F\u00dcNF BRUCHST\u00dcCKE \/ FLUCHT - NEOS Music\" \/>\n<meta property=\"og:description\" content=\"Programm: Peter Ruzicka\u00a0(*1948) [01]\u00a0LOOP\u00a0(2017)\u00a016:13 f\u00fcr Trompete (Fl\u00fcgelhorn), Piccolo Trompete und Orchester Auftragswerk der\u00a0musica viva \/ Bayerischer Rundfunk Urauff\u00fchrung [02]\u00a0\u2026 INSELN, RANDLOS\u2026\u00a0(1994\/1995)\u00a023:48 f\u00fcr Violine, Kammerchor und Orchester F\u00dcNF BRUCHST\u00dcCKE\u00a0(1984\u20131987)\u00a012:48 F\u00fcr Orchester [03]\u00a0Nr. 1\u00a002:18 [04]\u00a0Nr. 2\u00a002:00 [05]\u00a0Nr. 3\u00a003:18 [06]\u00a0Nr. 4\u00a003:16 [07]\u00a0Nr. 5\u00a001:56 FLUCHT\u00a0(2014)\u00a017:18 Sechs Passagen f\u00fcr Orchester [08]\u00a0Passage 1\u00a002:26 [09]\u00a0Passage 2\u00a002:44 [10]\u00a0Passage 3\u00a003:30 [11]\u00a0Passage 4\u00a003:34 [12]\u00a0Passage 5\u00a002:18 [&hellip;]\" \/>\n<meta property=\"og:url\" content=\"https:\/\/neos-music.com\/en_us\/product\/peter-ruzicka-musica-viva-vol-33-loop-inseln-randlos-fuenf-bruchstuecke-flucht\/\" \/>\n<meta property=\"og:site_name\" content=\"NEOS Music\" \/>\n<meta property=\"article:modified_time\" content=\"2023-05-22T20:51:40+00:00\" \/>\n<meta property=\"og:image\" content=\"https:\/\/neos-music.com\/wp-content\/uploads\/2022\/11\/NEOS_11933_mv33_Ruzicka.jpeg\" \/>\n\t<meta property=\"og:image:width\" content=\"1647\" \/>\n\t<meta property=\"og:image:height\" content=\"1482\" \/>\n\t<meta property=\"og:image:type\" content=\"image\/jpeg\" \/>\n<meta name=\"twitter:card\" content=\"summary_large_image\" \/>\n<meta name=\"twitter:label1\" content=\"Est. reading time\" \/>\n\t<meta name=\"twitter:data1\" content=\"3 minutes\" \/>\n<script type=\"application\/ld+json\" class=\"yoast-schema-graph\">{\"@context\":\"https:\\\/\\\/schema.org\",\"@graph\":[{\"@type\":\"WebPage\",\"@id\":\"https:\\\/\\\/neos-music.com\\\/product\\\/peter-ruzicka-musica-viva-vol-33-loop-inseln-randlos-fuenf-bruchstuecke-flucht\\\/\",\"url\":\"https:\\\/\\\/neos-music.com\\\/product\\\/peter-ruzicka-musica-viva-vol-33-loop-inseln-randlos-fuenf-bruchstuecke-flucht\\\/\",\"name\":\"Peter Ruzicka: musica viva vol. 33 - LOOP \\\/ ... INSELN, RANDLOS ... \\\/ F\u00dcNF BRUCHST\u00dcCKE \\\/ FLUCHT - NEOS Music\",\"isPartOf\":{\"@id\":\"https:\\\/\\\/neos-music.com\\\/#website\"},\"primaryImageOfPage\":{\"@id\":\"https:\\\/\\\/neos-music.com\\\/product\\\/peter-ruzicka-musica-viva-vol-33-loop-inseln-randlos-fuenf-bruchstuecke-flucht\\\/#primaryimage\"},\"image\":{\"@id\":\"https:\\\/\\\/neos-music.com\\\/product\\\/peter-ruzicka-musica-viva-vol-33-loop-inseln-randlos-fuenf-bruchstuecke-flucht\\\/#primaryimage\"},\"thumbnailUrl\":\"https:\\\/\\\/i0.wp.com\\\/neos-music.com\\\/wp-content\\\/uploads\\\/2022\\\/11\\\/NEOS_11933_mv33_Ruzicka.jpeg?fit=1647%2C1482&ssl=1\",\"datePublished\":\"2019-05-24T17:46:59+00:00\",\"dateModified\":\"2023-05-22T20:51:40+00:00\",\"breadcrumb\":{\"@id\":\"https:\\\/\\\/neos-music.com\\\/product\\\/peter-ruzicka-musica-viva-vol-33-loop-inseln-randlos-fuenf-bruchstuecke-flucht\\\/#breadcrumb\"},\"inLanguage\":\"en-US\",\"potentialAction\":[{\"@type\":\"ReadAction\",\"target\":[\"https:\\\/\\\/neos-music.com\\\/product\\\/peter-ruzicka-musica-viva-vol-33-loop-inseln-randlos-fuenf-bruchstuecke-flucht\\\/\"]}]},{\"@type\":\"ImageObject\",\"inLanguage\":\"en-US\",\"@id\":\"https:\\\/\\\/neos-music.com\\\/product\\\/peter-ruzicka-musica-viva-vol-33-loop-inseln-randlos-fuenf-bruchstuecke-flucht\\\/#primaryimage\",\"url\":\"https:\\\/\\\/i0.wp.com\\\/neos-music.com\\\/wp-content\\\/uploads\\\/2022\\\/11\\\/NEOS_11933_mv33_Ruzicka.jpeg?fit=1647%2C1482&ssl=1\",\"contentUrl\":\"https:\\\/\\\/i0.wp.com\\\/neos-music.com\\\/wp-content\\\/uploads\\\/2022\\\/11\\\/NEOS_11933_mv33_Ruzicka.jpeg?fit=1647%2C1482&ssl=1\",\"width\":1647,\"height\":1482},{\"@type\":\"BreadcrumbList\",\"@id\":\"https:\\\/\\\/neos-music.com\\\/product\\\/peter-ruzicka-musica-viva-vol-33-loop-inseln-randlos-fuenf-bruchstuecke-flucht\\\/#breadcrumb\",\"itemListElement\":[{\"@type\":\"ListItem\",\"position\":1,\"name\":\"Startseite\",\"item\":\"https:\\\/\\\/neos-music.com\\\/\"},{\"@type\":\"ListItem\",\"position\":2,\"name\":\"Produkte\",\"item\":\"https:\\\/\\\/neos-music.com\\\/shop__trashed\\\/\"},{\"@type\":\"ListItem\",\"position\":3,\"name\":\"Peter Ruzicka: musica viva vol. 33 &#8211; LOOP \\\/ &#8230; INSELN, RANDLOS &#8230; \\\/ F\u00dcNF BRUCHST\u00dcCKE \\\/ FLUCHT\"}]},{\"@type\":\"WebSite\",\"@id\":\"https:\\\/\\\/neos-music.com\\\/#website\",\"url\":\"https:\\\/\\\/neos-music.com\\\/\",\"name\":\"NEOS Music\",\"description\":\"Dein Online Shop f\u00fcr zeitgen\u00f6ssische Musik, Jazz und Classics!\",\"publisher\":{\"@id\":\"https:\\\/\\\/neos-music.com\\\/#organization\"},\"potentialAction\":[{\"@type\":\"SearchAction\",\"target\":{\"@type\":\"EntryPoint\",\"urlTemplate\":\"https:\\\/\\\/neos-music.com\\\/?s={search_term_string}\"},\"query-input\":{\"@type\":\"PropertyValueSpecification\",\"valueRequired\":true,\"valueName\":\"search_term_string\"}}],\"inLanguage\":\"en-US\"},{\"@type\":\"Organization\",\"@id\":\"https:\\\/\\\/neos-music.com\\\/#organization\",\"name\":\"NEOS Music\",\"url\":\"https:\\\/\\\/neos-music.com\\\/\",\"logo\":{\"@type\":\"ImageObject\",\"inLanguage\":\"en-US\",\"@id\":\"https:\\\/\\\/neos-music.com\\\/#\\\/schema\\\/logo\\\/image\\\/\",\"url\":\"https:\\\/\\\/i0.wp.com\\\/neos-music.com\\\/wp-content\\\/uploads\\\/2025\\\/08\\\/NEOS-Logo-weiss.png?fit=800%2C203&ssl=1\",\"contentUrl\":\"https:\\\/\\\/i0.wp.com\\\/neos-music.com\\\/wp-content\\\/uploads\\\/2025\\\/08\\\/NEOS-Logo-weiss.png?fit=800%2C203&ssl=1\",\"width\":800,\"height\":203,\"caption\":\"NEOS Music\"},\"image\":{\"@id\":\"https:\\\/\\\/neos-music.com\\\/#\\\/schema\\\/logo\\\/image\\\/\"}}]}<\/script>\n<!-- \/ Yoast SEO plugin. -->","yoast_head_json":{"title":"Peter Ruzicka: musica viva vol. 33 - LOOP \/ ... INSELN, RANDLOS ... \/ F\u00dcNF BRUCHST\u00dcCKE \/ FLUCHT - NEOS Music","robots":{"index":"index","follow":"follow","max-snippet":"max-snippet:-1","max-image-preview":"max-image-preview:large","max-video-preview":"max-video-preview:-1"},"canonical":"https:\/\/neos-music.com\/en_us\/product\/peter-ruzicka-musica-viva-vol-33-loop-inseln-randlos-fuenf-bruchstuecke-flucht\/","og_locale":"en_US","og_type":"article","og_title":"Peter Ruzicka: musica viva vol. 33 - LOOP \/ ... INSELN, RANDLOS ... \/ F\u00dcNF BRUCHST\u00dcCKE \/ FLUCHT - NEOS Music","og_description":"Programm: Peter Ruzicka\u00a0(*1948) [01]\u00a0LOOP\u00a0(2017)\u00a016:13 f\u00fcr Trompete (Fl\u00fcgelhorn), Piccolo Trompete und Orchester Auftragswerk der\u00a0musica viva \/ Bayerischer Rundfunk Urauff\u00fchrung [02]\u00a0\u2026 INSELN, RANDLOS\u2026\u00a0(1994\/1995)\u00a023:48 f\u00fcr Violine, Kammerchor und Orchester F\u00dcNF BRUCHST\u00dcCKE\u00a0(1984\u20131987)\u00a012:48 F\u00fcr Orchester [03]\u00a0Nr. 1\u00a002:18 [04]\u00a0Nr. 2\u00a002:00 [05]\u00a0Nr. 3\u00a003:18 [06]\u00a0Nr. 4\u00a003:16 [07]\u00a0Nr. 5\u00a001:56 FLUCHT\u00a0(2014)\u00a017:18 Sechs Passagen f\u00fcr Orchester [08]\u00a0Passage 1\u00a002:26 [09]\u00a0Passage 2\u00a002:44 [10]\u00a0Passage 3\u00a003:30 [11]\u00a0Passage 4\u00a003:34 [12]\u00a0Passage 5\u00a002:18 [&hellip;]","og_url":"https:\/\/neos-music.com\/en_us\/product\/peter-ruzicka-musica-viva-vol-33-loop-inseln-randlos-fuenf-bruchstuecke-flucht\/","og_site_name":"NEOS Music","article_modified_time":"2023-05-22T20:51:40+00:00","og_image":[{"width":1647,"height":1482,"url":"https:\/\/neos-music.com\/wp-content\/uploads\/2022\/11\/NEOS_11933_mv33_Ruzicka.jpeg","type":"image\/jpeg"}],"twitter_card":"summary_large_image","twitter_misc":{"Est. reading time":"3 minutes"},"schema":{"@context":"https:\/\/schema.org","@graph":[{"@type":"WebPage","@id":"https:\/\/neos-music.com\/product\/peter-ruzicka-musica-viva-vol-33-loop-inseln-randlos-fuenf-bruchstuecke-flucht\/","url":"https:\/\/neos-music.com\/product\/peter-ruzicka-musica-viva-vol-33-loop-inseln-randlos-fuenf-bruchstuecke-flucht\/","name":"Peter Ruzicka: musica viva vol. 33 - LOOP \/ ... INSELN, RANDLOS ... \/ F\u00dcNF BRUCHST\u00dcCKE \/ FLUCHT - NEOS Music","isPartOf":{"@id":"https:\/\/neos-music.com\/#website"},"primaryImageOfPage":{"@id":"https:\/\/neos-music.com\/product\/peter-ruzicka-musica-viva-vol-33-loop-inseln-randlos-fuenf-bruchstuecke-flucht\/#primaryimage"},"image":{"@id":"https:\/\/neos-music.com\/product\/peter-ruzicka-musica-viva-vol-33-loop-inseln-randlos-fuenf-bruchstuecke-flucht\/#primaryimage"},"thumbnailUrl":"https:\/\/i0.wp.com\/neos-music.com\/wp-content\/uploads\/2022\/11\/NEOS_11933_mv33_Ruzicka.jpeg?fit=1647%2C1482&ssl=1","datePublished":"2019-05-24T17:46:59+00:00","dateModified":"2023-05-22T20:51:40+00:00","breadcrumb":{"@id":"https:\/\/neos-music.com\/product\/peter-ruzicka-musica-viva-vol-33-loop-inseln-randlos-fuenf-bruchstuecke-flucht\/#breadcrumb"},"inLanguage":"en-US","potentialAction":[{"@type":"ReadAction","target":["https:\/\/neos-music.com\/product\/peter-ruzicka-musica-viva-vol-33-loop-inseln-randlos-fuenf-bruchstuecke-flucht\/"]}]},{"@type":"ImageObject","inLanguage":"en-US","@id":"https:\/\/neos-music.com\/product\/peter-ruzicka-musica-viva-vol-33-loop-inseln-randlos-fuenf-bruchstuecke-flucht\/#primaryimage","url":"https:\/\/i0.wp.com\/neos-music.com\/wp-content\/uploads\/2022\/11\/NEOS_11933_mv33_Ruzicka.jpeg?fit=1647%2C1482&ssl=1","contentUrl":"https:\/\/i0.wp.com\/neos-music.com\/wp-content\/uploads\/2022\/11\/NEOS_11933_mv33_Ruzicka.jpeg?fit=1647%2C1482&ssl=1","width":1647,"height":1482},{"@type":"BreadcrumbList","@id":"https:\/\/neos-music.com\/product\/peter-ruzicka-musica-viva-vol-33-loop-inseln-randlos-fuenf-bruchstuecke-flucht\/#breadcrumb","itemListElement":[{"@type":"ListItem","position":1,"name":"Startseite","item":"https:\/\/neos-music.com\/"},{"@type":"ListItem","position":2,"name":"Produkte","item":"https:\/\/neos-music.com\/shop__trashed\/"},{"@type":"ListItem","position":3,"name":"Peter Ruzicka: musica viva vol. 33 &#8211; LOOP \/ &#8230; INSELN, RANDLOS &#8230; \/ F\u00dcNF BRUCHST\u00dcCKE \/ FLUCHT"}]},{"@type":"WebSite","@id":"https:\/\/neos-music.com\/#website","url":"https:\/\/neos-music.com\/","name":"NEOS Music","description":"Dein Online Shop f\u00fcr zeitgen\u00f6ssische Musik, Jazz und Classics!","publisher":{"@id":"https:\/\/neos-music.com\/#organization"},"potentialAction":[{"@type":"SearchAction","target":{"@type":"EntryPoint","urlTemplate":"https:\/\/neos-music.com\/?s={search_term_string}"},"query-input":{"@type":"PropertyValueSpecification","valueRequired":true,"valueName":"search_term_string"}}],"inLanguage":"en-US"},{"@type":"Organization","@id":"https:\/\/neos-music.com\/#organization","name":"NEOS Music","url":"https:\/\/neos-music.com\/","logo":{"@type":"ImageObject","inLanguage":"en-US","@id":"https:\/\/neos-music.com\/#\/schema\/logo\/image\/","url":"https:\/\/i0.wp.com\/neos-music.com\/wp-content\/uploads\/2025\/08\/NEOS-Logo-weiss.png?fit=800%2C203&ssl=1","contentUrl":"https:\/\/i0.wp.com\/neos-music.com\/wp-content\/uploads\/2025\/08\/NEOS-Logo-weiss.png?fit=800%2C203&ssl=1","width":800,"height":203,"caption":"NEOS Music"},"image":{"@id":"https:\/\/neos-music.com\/#\/schema\/logo\/image\/"}}]}},"jetpack_sharing_enabled":true,"_links":{"self":[{"href":"https:\/\/neos-music.com\/en_us\/wp-json\/wp\/v2\/product\/2566","targetHints":{"allow":["GET"]}}],"collection":[{"href":"https:\/\/neos-music.com\/en_us\/wp-json\/wp\/v2\/product"}],"about":[{"href":"https:\/\/neos-music.com\/en_us\/wp-json\/wp\/v2\/types\/product"}],"version-history":[{"count":0,"href":"https:\/\/neos-music.com\/en_us\/wp-json\/wp\/v2\/product\/2566\/revisions"}],"wp:featuredmedia":[{"embeddable":true,"href":"https:\/\/neos-music.com\/en_us\/wp-json\/wp\/v2\/media\/2568"}],"wp:attachment":[{"href":"https:\/\/neos-music.com\/en_us\/wp-json\/wp\/v2\/media?parent=2566"}],"wp:term":[{"taxonomy":"product_brand","embeddable":true,"href":"https:\/\/neos-music.com\/en_us\/wp-json\/wp\/v2\/product_brand?post=2566"},{"taxonomy":"product_cat","embeddable":true,"href":"https:\/\/neos-music.com\/en_us\/wp-json\/wp\/v2\/product_cat?post=2566"},{"taxonomy":"product_tag","embeddable":true,"href":"https:\/\/neos-music.com\/en_us\/wp-json\/wp\/v2\/product_tag?post=2566"}],"curies":[{"name":"wp","href":"https:\/\/api.w.org\/{rel}","templated":true}]}}