{"id":2569,"date":"2019-05-17T17:50:51","date_gmt":"2019-05-17T17:50:51","guid":{"rendered":"https:\/\/neos-music.com\/?post_type=product&#038;p=2569"},"modified":"2023-05-22T21:00:46","modified_gmt":"2023-05-22T21:00:46","slug":"claus-steffen-mahnkopf-vocal-music","status":"publish","type":"product","link":"https:\/\/neos-music.com\/en_us\/product\/claus-steffen-mahnkopf-vocal-music\/","title":{"rendered":"Claus-Steffen: Mahnkopf Vocal Music"},"content":{"rendered":"<p>Infotext:<\/p>\n<table border=\"0\" width=\"100%\" rules=\"none\" cellspacing=\"0\" cellpadding=\"0\">\n<tbody>\n<tr>\n<td class=\"bigcontent2\">\n<div id=\"infotext\">\n<p>VOKALMUSIK<\/p>\n<p>Die Stimme ist das schwierigste \u00bbMusikinstrument\u00ab. Einerseits ist sie ganz nat\u00fcrlich, weil jeder Mensch \u00fcber sie verf\u00fcgt und singen und sprechen kann. Sie ist Teil des K\u00f6rpers und externalisiert die Klangproduktion nicht an ein \u00e4u\u00dferes Instrument. Andererseits ist sie das komplizierteste, denn ihre Vielseitigkeit ist grenzenlos. F\u00fcr das Komponieren f\u00fcr Stimme bedeutet das mir, die Frage zu beantworten, wie ich notiere, so dass die S\u00e4nger exakt das ausf\u00fchren werden, was ich beabsichtige. Die andere fundamentale Frage ist das Verh\u00e4ltnis zwischen Text und Musik. Was steht im Vordergrund, worauf soll ich h\u00f6ren? Untermalt die Musik lediglich den Text oder ist dieser eine Best\u00e4tigung der Musik? Wie kann eine gl\u00fcckliche Alliance gelingen? Aufgrund dieser Schwierigkeiten begann ist erst sp\u00e4t, f\u00fcr die Stimme zu komponieren, mit Mitte 30. Dem ging eine monatelange Recherche \u00fcber die klanglichen M\u00f6glichkeiten der Stimme, \u00fcber die Notation und die Geschichte der modernen Stimmbehandlung voran.<\/p>\n<p><i>Mon c\u0153ur mis \u00e0 nu<\/i>\u00a0f\u00fcr vier Stimmen (S-Mez-T-B), ist eine Abfolge von 15 Miniaturen, welche die verschiedenen Kombinationen von Solo bis Quartett durchspielt. Jede Miniatur ist ein Mini-Madrigal mit eigenem Charakter, hinter dem ein Text von Charles Baudelaire \u2013 aus den<i>\u00a0Journaux intimes<\/i>\u00a0\u2013 steht, der nicht vertont wird, dessen Phonetik aber den Ausgangspunkt f\u00fcr das musikalische Material bildet und dessen Semantik in die autonome Musiksprache \u00fcberf\u00fchrt wird. Die Aufteilung in 15 (sich teilweise \u00fcberlappenden) Abschnitten erlaubt eine Einteilung des \u00fcberreichen stimmlichen Materials. Damit fand ich eine Form \u2013 und Dramaturgie \u2013, mit der sich f\u00fcr das \u00bbSuper\u00ab-Instrument Stimme \u00bbmusikalische Vokabeln\u00ab gewinnen lie\u00dfen, die nicht aus der Instrumentalmusik kommend gedacht sind, sondern diesem spezifischen Medium erwuchsen. Ein Beispiel: Das Sopransolo \u00bbvertont\u00ab 14 Definitionen der Frau, weswegen ich zu jedem dieser Charakteristika die entsprechende musikalische Figur finden musste.<\/p>\n<p>W\u00e4hrend ich den 1990er-Jahren radikal auf Text-Nichtverst\u00e4ndlichkeit setzte, tat ich mit dem Werken der 2000er-Jahre das genaue Gegenteil. F\u00fcr das Chorwerk (24 solistische Stimmen; 6-6-6-6)\u00a0<i>voiced void<\/i>\u00a0vertonte ich in der Originalsprache einen Text von Moses Maimonides \u00fcber die Figur des Messias in der j\u00fcdischen Tradition. In seiner\u00a0<i>Mischne Tora<\/i>, Kapitel\u00a0<i>Hilchot Melachim<\/i>, im 11. und 12 Abschnitt wird eine Interpretation des Messias geboten, wonach dieser keine religi\u00f6se Figur, sondern ein politischer F\u00fchrer ist, der einer gerechten Regierung vorsteht und die messianischen Tage der Menschheit \u2013 ein Zustand ohne Krieg und Hunger, ohne Missgunst und Zwietracht \u2013 vorbereitet. W\u00e4hrend die Doppelch\u00f6rigkeit mit zwei gleichzeitigen Texten deren Verst\u00e4ndlichkeit entgegensteht, habe ich umgekehrt Schl\u00fcsselw\u00f6rter (z.\u2009B. \u00bbhammelech\u00ab [\u00bbder K\u00f6nig\u00ab], \u00bbhammashiach\u00ab [\u00bbder Gesalbte\u00ab], \u00bbjisrael\u00ab etc.) homophon gesetzt, wie in einer Kadenzfloskel. Dabei wird der konsonantische Anteil der Sprache eigens betont, um den Charakter der hebr\u00e4ischen Sprache bzw. Schrift gerecht zu werden. Die im Maimonidestext zitierten Bibelzitate werden gesprochen; ihm \u00fcberlagert werden, \u00e4hnlich einem Psalmodieren, S\u00e4tze aus dem Talmud zum Messias (teilweise aram\u00e4isch). Im Intermezzo vor dem letzten Abschnitt singen die Soprane \u2013 in einem sechsstimmigen Krebskanon \u2013 f\u00fcnf S\u00e4tze aus dem Buch\u00a0<i>Difficile libert\u00e9. Essais sur le juda\u00efsme<\/i>\u00a0von Emmanuel L\u00e9vinas, worin der Philosoph seine Deutung des Messias vornimmt, der ich mich anschlie\u00dfe.\u00a0<i>voiced void<\/i>\u00a0ist kein religi\u00f6ses Werk, sondern eines des Glaubens im Sinne einer unverr\u00fcckbaren Grund\u00fcberzeugung. Insofern haben die Texte f\u00fcr mich etwas von der Strenge eines Gesetzestextes; in gewisser Weise erh\u00e4lt damit diese Musik etwas Alttestamentarisches. Der Introitus fl\u00fcstert die Worte \u00bbDie Geburtswehen des Messias\u00ab (\u00bbchevlo shel mashiach\u00ab), der Exodus \u00bbWiederherstellung der Welt\u00ab (\u00bbtiqqun ha\u2019olam\u00ab).<\/p>\n<p>Das Thema meines Vokalsextetts (S-S-M-T-Bar-B)\u00a0<i>void \u2013 un delitto italiano. Un epitaffio<\/i>\u00a0ist das Portr\u00e4t von Pier Paolo Pasolini mit dem Schwerpunkt auf seine grausame Ermordung in der Nacht auf den 2. November 1975. Ich nehme hierbei Bezug auf den Film und das Buch<i>\u00a0Pasolini. Un delitto italiano<\/i>\u00a0von Marco Tullio Giordana. Pasolinis \u00bbHinrichtung\u00ab wird von einer Vertonung zahlreicher Sentenzen aus seinen Gedichten gleichsam umkleidet. Mit ganz unterschiedlichen Texten (von gesprochen bis gesungen) wird nicht nur eine poetische, streckenweise madrigaleske Gegenwelt, sondern zugleich ein Panorama des Pasolinischen Denkens geschaffen. Ich teilte die Texte in sechs thematische Gruppen ein: Negatives, Tod, Hoffnung\u2009\/\u2009Positives, Pasolini \u00fcber sich, \u00c4sthetisches\u2009\/\u2009Ethik und Schweigen. Diese Texte werden \u00fcber die gesamte Form so verteilt, dass sich eine Narration ergibt. Man k\u00f6nnte das Werk wie ein Textbuch lesen, gleichsam als ein poetisches Libretto, mit sechs vollst\u00e4ndigen Gedichten und unz\u00e4hligen Fragmenten. Es besteht aus sechs Abschnitten mit \u00bbbel canto\u00ab, gesungener\u2009\/\u2009erstickter Stimme, onomatopoetisch (Schrei, injektive Aktion, Mehrklang), mit gepresster Stimme, mit Endprodukten der Stimme (Schlucken, Halszupressen, Knarrstimme) und einem Abgesang, der peu \u00e0 peu immer phonetischer wird. Dar\u00fcber sind Texte gesprochen oder gefl\u00fcstert eingestreut. Musikalisches (lontano-\u00bbCh\u00f6re\u00ab, homophoner \u00bbChoral\u00ab, Terzette, Soli, Madrigalismen etc.) und Textliches, sozusagen Theatralisches (wenn auch unsichtbar) verbinden sich zu einer kleinen \u00bbOpern\u00ab-Szene. Am Ende wird der Name Pasolinis mit der Knarrstimme der Frauen angedeutet \u2013 eine Grabinschrift, ein Epitaph. In gewisser Weise ist dieses Werk meine \u00bbHommage \u00e0 Pier Paolo Pasolini\u00ab.<\/p>\n<p>F\u00fcr den in New York City ans\u00e4ssigen S\u00e4nger Jeffrey Gavett (Bariton, auch Falsett) komponierte ich das Solo\u00a0<i>Es\u0117 apie vandenis<\/i>\u00a0(litauisch: \u00bbVersuch \u00fcber die Wasser\u00ab) nach dem Gedicht von Anja Kampmann\u00a0<i>Versuch \u00fcber das Meer<\/i>. Der Text erscheint auf deutsch (Falsettlage) und englisch (normale Baritonlage); zus\u00e4tzlich sind ca. 50 verschiedene \u00dcbersetzungen des Wortes \u00bbWasser\u00ab und lautmalerische Elemente verstreut, so dass sich das Werk auf zwei Haupt- und zwei Nebenebenen abspielt.<\/p>\n<p>Inzwischen habe ich viel f\u00fcr Stimmen komponiert.<i>\u00a0Angela Nova<\/i>\u00a0und\u00a0<i>Angela Nova 2<\/i>\u00a0sind auf der CD 3 (NEOS 11211-12) erschienen.\u00a0<i>Finite Jest<\/i>\u00a0f\u00fcr Fl\u00f6te und Sopran wird auf der CD 9 erscheinen,\u00a0<i>Dov\u2019\u00e8?<\/i>\u00a0f\u00fcr 5 Stimmen und Orchester auf der CD 10. Meine Vokalmusik w\u00e4re nicht in der Welt ohne die Hingabe der S\u00e4ngerinnen und S\u00e4nger und der Dirigenten. Ich bin ihnen f\u00fcr ihre grandiose Arbeit zu gro\u00dfem Dank verpflichtet.<\/p>\n<p>Claus-Steffen Mahnkopf<\/p>\n<p>Literatur: Ferdinand Zehentreiter,\u00a0<i>Der Dandy als Strukturalist \u2013 Mahnkopf komponiert Baudelaire<\/i>,<br \/>\nin: ders. (Hg.),\u00a0<i>Die Musik von Claus-Steffen Mahnkopf<\/i>, Hofheim 2012<br \/>\nClaus-Steffen Mahnkopf,\u00a0<i>\u00dcberblick \u00fcber meine Vokalmusik<\/i>, in: Darmst\u00e4dter Beitr\u00e4ge zur Neuen Musik,<br \/>\nBd. 22, hg. v. Michael Rebhahn und Thomas Sch\u00e4fer, Mainz 2014<\/p>\n<p>Programm:<\/p>\n<p>[01]<b>\u00a0Mon c\u0153ur mis \u00e0 nu<\/b>\u00a0f\u00fcr vier Stimmen(1997)\u00a0<b>16:07<\/b><\/p>\n<p>ExVoCo<br \/>\n(Monika Meier-Schmid, Hanna Aurbacher, Berthold Schmid, Ewald Liska)<\/p>\n<p><i>Live-Aufnahme<\/i><\/p>\n<p>[02]\u00a0<b>voiced void<\/b>\u00a0f\u00fcr 24 Stimmen (2008)<b>\u00a031:06<\/b><\/p>\n<p><a class=\"arcoma_glossarylink\" href=\"https:\/\/neos-music.com\/output.php?content=Kuenstler\/SWR_Vokalensemble_Stuttgart.php&amp;treplace=english%2Cgerman\" target=\"_self\" rel=\"noopener\">Vokalensemble Stuttgart<\/a><br \/>\n<a class=\"arcoma_glossarylink\" href=\"https:\/\/neos-music.com\/output.php?content=Kuenstler\/Rupert_Huber.php&amp;treplace=english%2Cgerman\" target=\"_self\" rel=\"noopener\">Rupert Huber<\/a>, Dirigent<\/p>\n<p>[03]\u00a0<b>void \u2013 un delitto italiano<\/b>\u00a0Un epitaffio for 6 voices (2009)\u00a0<b>17:15<\/b><\/p>\n<p>Neue Vocalsolisten<br \/>\n(Johanna Zimmer, Susanne Leitz-Lorey, Truike van der Poel, Martin Nagy, Guillermo Anzorena, Andreas Fischer)<\/p>\n<p>[04]\u00a0<b>Es\u0117 apie vandenis<\/b>\u00a0f\u00fcr M\u00e4nnerstimme (Bariton) (2015)\u00a0<b>14:06<\/b><\/p>\n<p>Jeffrey Gavett, Bariton<\/p>\n<p>Gesamtspielzeit: 79:08<\/p>\n<p><i>Ersteinspielungen<\/i><\/p>\n<p>Pressestimmen:<\/p>\n<p><img data-recalc-dims=\"1\" decoding=\"async\" src=\"https:\/\/i0.wp.com\/neos-music.com\/wp-content\/uploads\/2023\/05\/logo_FonoForum-300.png?ssl=1\" alt=\"\" \/><\/p>\n<p>Februar 2020<\/p>\n<p>(&#8230;) &#8222;Mon c\u0153ur mis \u00e0 nu&#8220; von Claus-Steffen Mahnkopf\u00a0f\u00fcr vier Stimmen beruht auf den &#8222;Journaux\u00a0intimes&#8220; von Charles Baudelaire. Aber Mahnkopf verweigert eine Vertonung \u2013 vielmehr geht es ihm um Laute, die allenfalls phonetisch von Baudelaire angeregt sind und die menschliche Stimme nicht als &#8222;Instrument&#8220; kenntlich machen, sondern als eigenst\u00e4ndiges Medium. (&#8230;)<\/p>\n<p>Tilman Urbach<\/p>\n<p>&nbsp;<\/p>\n<p><img data-recalc-dims=\"1\" decoding=\"async\" src=\"https:\/\/i0.wp.com\/neos-music.com\/wp-content\/uploads\/2023\/05\/logo_NeueZeitschriftMusik_NEU.jpg?ssl=1\" alt=\"\" \/><\/p>\n<p>#5_2019<\/p>\n<p>(&#8230;) Mit allerfeinster Ironie hat Claus-Steffen Mahnkopf Textfragmente aus Charles Baudelaires Tageb\u00fcchern\u00a0phonetisch zu 15 Madrigalen verarbeitet.\u00a0<i>Mon c\u0153ur mis \u00e0 nu<\/i>\u00a0(1997) hei\u00dft der Zyklus, entstanden in einer Phase, da der Komponist noch Wert auf Textunverst\u00e4ndlichkeit legte. Tats\u00e4chlich taucht Vokalmusik erst relativ sp\u00e4t im \u0152uvre Mahnkopfs auf. Ein Grund, nun diesem Genre ein Album zu widmen. (&#8230;)\u00a0Mit\u00a0<i>void \u2013 un delitto italiano<\/i>\u00a0(2009) hat Mahnkopf dem 1975 ermordeten Filmemacher Pier Paolo Pasolini ein Epitaph gewidmet. Die Neuen Vocalsolisten bew\u00e4ltigen die heikle Aufgabe, den Schmerzpunkt des Werks \u2013 die verst\u00f6rend erinnerte Bestialit\u00e4t des Verbrechens \u2013 mit poetischen Sequenzen aus Pasolinis Gedichten zu umh\u00fcllen, mit Emphase und Sensibilit\u00e4t: ein lyrisch bis opernhaftes Sextett, tr\u00f6stlich in den zarten Trauerges\u00e4ngen.<\/p>\n<p>Den Reigen dieser Ersteinspielungen beschlie\u00dft ein Opus von 2015,\u00a0<i>Es\u0117 apie vandenis<\/i>\u00a0(&#8222;Versuch \u00fcber des Wasser&#8220;),f\u00fcr M\u00e4nnerstimme nach einem Gedicht von Anja Kampmann. Ein vokalakrobatisches Solo: James Gavett artikuliert Lautmalereien, singt den englischen Text im Bariton, den deutschen im Falsett und verbindet alles zu einem bizarr auf- und abwogenden Kontinuum \u2013 bravour\u00f6s. (&#8230;)<\/p>\n<p><i>Otto Paul Burkhardt<\/i><\/p>\n<\/div>\n<\/td>\n<\/tr>\n<\/tbody>\n<\/table>\n","protected":false},"excerpt":{"rendered":"<p>Infotext: VOKALMUSIK Die Stimme ist das schwierigste \u00bbMusikinstrument\u00ab. Einerseits ist sie ganz nat\u00fcrlich, weil jeder Mensch \u00fcber sie verf\u00fcgt und singen und sprechen kann. Sie ist Teil des K\u00f6rpers und externalisiert die Klangproduktion nicht an ein \u00e4u\u00dferes Instrument. Andererseits ist sie das komplizierteste, denn ihre Vielseitigkeit ist grenzenlos. F\u00fcr das Komponieren f\u00fcr Stimme bedeutet das [&hellip;]<\/p>\n","protected":false},"featured_media":2570,"template":"","meta":{"site-sidebar-layout":"default","site-content-layout":"default","ast-site-content-layout":"default","site-content-style":"default","site-sidebar-style":"default","ast-global-header-display":"","ast-banner-title-visibility":"","ast-main-header-display":"","ast-hfb-above-header-display":"","ast-hfb-below-header-display":"","ast-hfb-mobile-header-display":"","site-post-title":"","ast-breadcrumbs-content":"","ast-featured-img":"","footer-sml-layout":"","theme-transparent-header-meta":"default","adv-header-id-meta":"","stick-header-meta":"","header-above-stick-meta":"","header-main-stick-meta":"","header-below-stick-meta":"","astra-migrate-meta-layouts":"default","ast-page-background-enabled":"default","ast-page-background-meta":{"desktop":{"background-color":"","background-image":"","background-repeat":"repeat","background-position":"center center","background-size":"auto","background-attachment":"scroll","background-type":"","background-media":"","overlay-type":"","overlay-color":"","overlay-opacity":"","overlay-gradient":""},"tablet":{"background-color":"","background-image":"","background-repeat":"repeat","background-position":"center center","background-size":"auto","background-attachment":"scroll","background-type":"","background-media":"","overlay-type":"","overlay-color":"","overlay-opacity":"","overlay-gradient":""},"mobile":{"background-color":"","background-image":"","background-repeat":"repeat","background-position":"center center","background-size":"auto","background-attachment":"scroll","background-type":"","background-media":"","overlay-type":"","overlay-color":"","overlay-opacity":"","overlay-gradient":""}},"ast-content-background-meta":{"desktop":{"background-color":"var(--ast-global-color-5)","background-image":"","background-repeat":"repeat","background-position":"center center","background-size":"auto","background-attachment":"scroll","background-type":"","background-media":"","overlay-type":"","overlay-color":"","overlay-opacity":"","overlay-gradient":""},"tablet":{"background-color":"var(--ast-global-color-5)","background-image":"","background-repeat":"repeat","background-position":"center center","background-size":"auto","background-attachment":"scroll","background-type":"","background-media":"","overlay-type":"","overlay-color":"","overlay-opacity":"","overlay-gradient":""},"mobile":{"background-color":"var(--ast-global-color-5)","background-image":"","background-repeat":"repeat","background-position":"center center","background-size":"auto","background-attachment":"scroll","background-type":"","background-media":"","overlay-type":"","overlay-color":"","overlay-opacity":"","overlay-gradient":""}}},"product_brand":[],"product_cat":[26],"product_tag":[],"class_list":{"0":"post-2569","1":"product","2":"type-product","3":"status-publish","4":"has-post-thumbnail","6":"product_cat-zeitgenossische-musik","7":"pa_artikelnummer-neos-11928","8":"pa_brand-neos-music","9":"pa_ean-186","10":"desktop-align-left","11":"tablet-align-left","12":"mobile-align-left","14":"first","15":"instock","16":"taxable","17":"shipping-taxable","18":"purchasable","19":"product-type-simple"},"yoast_head":"<!-- This site is optimized with the Yoast SEO plugin v27.3 - https:\/\/yoast.com\/product\/yoast-seo-wordpress\/ -->\n<title>Claus-Steffen: Mahnkopf Vocal Music - NEOS Music<\/title>\n<meta name=\"robots\" content=\"index, follow, max-snippet:-1, max-image-preview:large, max-video-preview:-1\" \/>\n<link rel=\"canonical\" href=\"https:\/\/neos-music.com\/en_us\/product\/claus-steffen-mahnkopf-vocal-music\/\" \/>\n<meta property=\"og:locale\" content=\"en_US\" \/>\n<meta property=\"og:type\" content=\"article\" \/>\n<meta property=\"og:title\" content=\"Claus-Steffen: Mahnkopf Vocal Music - NEOS Music\" \/>\n<meta property=\"og:description\" content=\"Infotext: VOKALMUSIK Die Stimme ist das schwierigste \u00bbMusikinstrument\u00ab. Einerseits ist sie ganz nat\u00fcrlich, weil jeder Mensch \u00fcber sie verf\u00fcgt und singen und sprechen kann. Sie ist Teil des K\u00f6rpers und externalisiert die Klangproduktion nicht an ein \u00e4u\u00dferes Instrument. Andererseits ist sie das komplizierteste, denn ihre Vielseitigkeit ist grenzenlos. F\u00fcr das Komponieren f\u00fcr Stimme bedeutet das [&hellip;]\" \/>\n<meta property=\"og:url\" content=\"https:\/\/neos-music.com\/en_us\/product\/claus-steffen-mahnkopf-vocal-music\/\" \/>\n<meta property=\"og:site_name\" content=\"NEOS Music\" \/>\n<meta property=\"article:modified_time\" content=\"2023-05-22T21:00:46+00:00\" \/>\n<meta property=\"og:image\" content=\"https:\/\/neos-music.com\/wp-content\/uploads\/2022\/11\/NEOS_11928_Mahnkopf.jpeg\" \/>\n\t<meta property=\"og:image:width\" content=\"1648\" \/>\n\t<meta property=\"og:image:height\" content=\"1484\" \/>\n\t<meta property=\"og:image:type\" content=\"image\/jpeg\" \/>\n<meta name=\"twitter:card\" content=\"summary_large_image\" \/>\n<meta name=\"twitter:label1\" content=\"Est. reading time\" \/>\n\t<meta name=\"twitter:data1\" content=\"8 minutes\" \/>\n<script type=\"application\/ld+json\" class=\"yoast-schema-graph\">{\"@context\":\"https:\\\/\\\/schema.org\",\"@graph\":[{\"@type\":\"WebPage\",\"@id\":\"https:\\\/\\\/neos-music.com\\\/product\\\/claus-steffen-mahnkopf-vocal-music\\\/\",\"url\":\"https:\\\/\\\/neos-music.com\\\/product\\\/claus-steffen-mahnkopf-vocal-music\\\/\",\"name\":\"Claus-Steffen: Mahnkopf Vocal Music - NEOS Music\",\"isPartOf\":{\"@id\":\"https:\\\/\\\/neos-music.com\\\/#website\"},\"primaryImageOfPage\":{\"@id\":\"https:\\\/\\\/neos-music.com\\\/product\\\/claus-steffen-mahnkopf-vocal-music\\\/#primaryimage\"},\"image\":{\"@id\":\"https:\\\/\\\/neos-music.com\\\/product\\\/claus-steffen-mahnkopf-vocal-music\\\/#primaryimage\"},\"thumbnailUrl\":\"https:\\\/\\\/i0.wp.com\\\/neos-music.com\\\/wp-content\\\/uploads\\\/2022\\\/11\\\/NEOS_11928_Mahnkopf.jpeg?fit=1648%2C1484&ssl=1\",\"datePublished\":\"2019-05-17T17:50:51+00:00\",\"dateModified\":\"2023-05-22T21:00:46+00:00\",\"breadcrumb\":{\"@id\":\"https:\\\/\\\/neos-music.com\\\/product\\\/claus-steffen-mahnkopf-vocal-music\\\/#breadcrumb\"},\"inLanguage\":\"en-US\",\"potentialAction\":[{\"@type\":\"ReadAction\",\"target\":[\"https:\\\/\\\/neos-music.com\\\/product\\\/claus-steffen-mahnkopf-vocal-music\\\/\"]}]},{\"@type\":\"ImageObject\",\"inLanguage\":\"en-US\",\"@id\":\"https:\\\/\\\/neos-music.com\\\/product\\\/claus-steffen-mahnkopf-vocal-music\\\/#primaryimage\",\"url\":\"https:\\\/\\\/i0.wp.com\\\/neos-music.com\\\/wp-content\\\/uploads\\\/2022\\\/11\\\/NEOS_11928_Mahnkopf.jpeg?fit=1648%2C1484&ssl=1\",\"contentUrl\":\"https:\\\/\\\/i0.wp.com\\\/neos-music.com\\\/wp-content\\\/uploads\\\/2022\\\/11\\\/NEOS_11928_Mahnkopf.jpeg?fit=1648%2C1484&ssl=1\",\"width\":1648,\"height\":1484},{\"@type\":\"BreadcrumbList\",\"@id\":\"https:\\\/\\\/neos-music.com\\\/product\\\/claus-steffen-mahnkopf-vocal-music\\\/#breadcrumb\",\"itemListElement\":[{\"@type\":\"ListItem\",\"position\":1,\"name\":\"Startseite\",\"item\":\"https:\\\/\\\/neos-music.com\\\/\"},{\"@type\":\"ListItem\",\"position\":2,\"name\":\"Produkte\",\"item\":\"https:\\\/\\\/neos-music.com\\\/shop__trashed\\\/\"},{\"@type\":\"ListItem\",\"position\":3,\"name\":\"Claus-Steffen: Mahnkopf Vocal Music\"}]},{\"@type\":\"WebSite\",\"@id\":\"https:\\\/\\\/neos-music.com\\\/#website\",\"url\":\"https:\\\/\\\/neos-music.com\\\/\",\"name\":\"NEOS Music\",\"description\":\"Dein Online Shop f\u00fcr zeitgen\u00f6ssische Musik, Jazz und Classics!\",\"publisher\":{\"@id\":\"https:\\\/\\\/neos-music.com\\\/#organization\"},\"potentialAction\":[{\"@type\":\"SearchAction\",\"target\":{\"@type\":\"EntryPoint\",\"urlTemplate\":\"https:\\\/\\\/neos-music.com\\\/?s={search_term_string}\"},\"query-input\":{\"@type\":\"PropertyValueSpecification\",\"valueRequired\":true,\"valueName\":\"search_term_string\"}}],\"inLanguage\":\"en-US\"},{\"@type\":\"Organization\",\"@id\":\"https:\\\/\\\/neos-music.com\\\/#organization\",\"name\":\"NEOS Music\",\"url\":\"https:\\\/\\\/neos-music.com\\\/\",\"logo\":{\"@type\":\"ImageObject\",\"inLanguage\":\"en-US\",\"@id\":\"https:\\\/\\\/neos-music.com\\\/#\\\/schema\\\/logo\\\/image\\\/\",\"url\":\"https:\\\/\\\/i0.wp.com\\\/neos-music.com\\\/wp-content\\\/uploads\\\/2025\\\/08\\\/NEOS-Logo-weiss.png?fit=800%2C203&ssl=1\",\"contentUrl\":\"https:\\\/\\\/i0.wp.com\\\/neos-music.com\\\/wp-content\\\/uploads\\\/2025\\\/08\\\/NEOS-Logo-weiss.png?fit=800%2C203&ssl=1\",\"width\":800,\"height\":203,\"caption\":\"NEOS Music\"},\"image\":{\"@id\":\"https:\\\/\\\/neos-music.com\\\/#\\\/schema\\\/logo\\\/image\\\/\"}}]}<\/script>\n<!-- \/ Yoast SEO plugin. -->","yoast_head_json":{"title":"Claus-Steffen: Mahnkopf Vocal Music - NEOS Music","robots":{"index":"index","follow":"follow","max-snippet":"max-snippet:-1","max-image-preview":"max-image-preview:large","max-video-preview":"max-video-preview:-1"},"canonical":"https:\/\/neos-music.com\/en_us\/product\/claus-steffen-mahnkopf-vocal-music\/","og_locale":"en_US","og_type":"article","og_title":"Claus-Steffen: Mahnkopf Vocal Music - NEOS Music","og_description":"Infotext: VOKALMUSIK Die Stimme ist das schwierigste \u00bbMusikinstrument\u00ab. Einerseits ist sie ganz nat\u00fcrlich, weil jeder Mensch \u00fcber sie verf\u00fcgt und singen und sprechen kann. Sie ist Teil des K\u00f6rpers und externalisiert die Klangproduktion nicht an ein \u00e4u\u00dferes Instrument. Andererseits ist sie das komplizierteste, denn ihre Vielseitigkeit ist grenzenlos. F\u00fcr das Komponieren f\u00fcr Stimme bedeutet das [&hellip;]","og_url":"https:\/\/neos-music.com\/en_us\/product\/claus-steffen-mahnkopf-vocal-music\/","og_site_name":"NEOS Music","article_modified_time":"2023-05-22T21:00:46+00:00","og_image":[{"width":1648,"height":1484,"url":"https:\/\/neos-music.com\/wp-content\/uploads\/2022\/11\/NEOS_11928_Mahnkopf.jpeg","type":"image\/jpeg"}],"twitter_card":"summary_large_image","twitter_misc":{"Est. reading time":"8 minutes"},"schema":{"@context":"https:\/\/schema.org","@graph":[{"@type":"WebPage","@id":"https:\/\/neos-music.com\/product\/claus-steffen-mahnkopf-vocal-music\/","url":"https:\/\/neos-music.com\/product\/claus-steffen-mahnkopf-vocal-music\/","name":"Claus-Steffen: Mahnkopf Vocal Music - NEOS Music","isPartOf":{"@id":"https:\/\/neos-music.com\/#website"},"primaryImageOfPage":{"@id":"https:\/\/neos-music.com\/product\/claus-steffen-mahnkopf-vocal-music\/#primaryimage"},"image":{"@id":"https:\/\/neos-music.com\/product\/claus-steffen-mahnkopf-vocal-music\/#primaryimage"},"thumbnailUrl":"https:\/\/i0.wp.com\/neos-music.com\/wp-content\/uploads\/2022\/11\/NEOS_11928_Mahnkopf.jpeg?fit=1648%2C1484&ssl=1","datePublished":"2019-05-17T17:50:51+00:00","dateModified":"2023-05-22T21:00:46+00:00","breadcrumb":{"@id":"https:\/\/neos-music.com\/product\/claus-steffen-mahnkopf-vocal-music\/#breadcrumb"},"inLanguage":"en-US","potentialAction":[{"@type":"ReadAction","target":["https:\/\/neos-music.com\/product\/claus-steffen-mahnkopf-vocal-music\/"]}]},{"@type":"ImageObject","inLanguage":"en-US","@id":"https:\/\/neos-music.com\/product\/claus-steffen-mahnkopf-vocal-music\/#primaryimage","url":"https:\/\/i0.wp.com\/neos-music.com\/wp-content\/uploads\/2022\/11\/NEOS_11928_Mahnkopf.jpeg?fit=1648%2C1484&ssl=1","contentUrl":"https:\/\/i0.wp.com\/neos-music.com\/wp-content\/uploads\/2022\/11\/NEOS_11928_Mahnkopf.jpeg?fit=1648%2C1484&ssl=1","width":1648,"height":1484},{"@type":"BreadcrumbList","@id":"https:\/\/neos-music.com\/product\/claus-steffen-mahnkopf-vocal-music\/#breadcrumb","itemListElement":[{"@type":"ListItem","position":1,"name":"Startseite","item":"https:\/\/neos-music.com\/"},{"@type":"ListItem","position":2,"name":"Produkte","item":"https:\/\/neos-music.com\/shop__trashed\/"},{"@type":"ListItem","position":3,"name":"Claus-Steffen: Mahnkopf Vocal Music"}]},{"@type":"WebSite","@id":"https:\/\/neos-music.com\/#website","url":"https:\/\/neos-music.com\/","name":"NEOS Music","description":"Dein Online Shop f\u00fcr zeitgen\u00f6ssische Musik, Jazz und Classics!","publisher":{"@id":"https:\/\/neos-music.com\/#organization"},"potentialAction":[{"@type":"SearchAction","target":{"@type":"EntryPoint","urlTemplate":"https:\/\/neos-music.com\/?s={search_term_string}"},"query-input":{"@type":"PropertyValueSpecification","valueRequired":true,"valueName":"search_term_string"}}],"inLanguage":"en-US"},{"@type":"Organization","@id":"https:\/\/neos-music.com\/#organization","name":"NEOS Music","url":"https:\/\/neos-music.com\/","logo":{"@type":"ImageObject","inLanguage":"en-US","@id":"https:\/\/neos-music.com\/#\/schema\/logo\/image\/","url":"https:\/\/i0.wp.com\/neos-music.com\/wp-content\/uploads\/2025\/08\/NEOS-Logo-weiss.png?fit=800%2C203&ssl=1","contentUrl":"https:\/\/i0.wp.com\/neos-music.com\/wp-content\/uploads\/2025\/08\/NEOS-Logo-weiss.png?fit=800%2C203&ssl=1","width":800,"height":203,"caption":"NEOS Music"},"image":{"@id":"https:\/\/neos-music.com\/#\/schema\/logo\/image\/"}}]}},"jetpack_sharing_enabled":true,"_links":{"self":[{"href":"https:\/\/neos-music.com\/en_us\/wp-json\/wp\/v2\/product\/2569","targetHints":{"allow":["GET"]}}],"collection":[{"href":"https:\/\/neos-music.com\/en_us\/wp-json\/wp\/v2\/product"}],"about":[{"href":"https:\/\/neos-music.com\/en_us\/wp-json\/wp\/v2\/types\/product"}],"version-history":[{"count":0,"href":"https:\/\/neos-music.com\/en_us\/wp-json\/wp\/v2\/product\/2569\/revisions"}],"wp:featuredmedia":[{"embeddable":true,"href":"https:\/\/neos-music.com\/en_us\/wp-json\/wp\/v2\/media\/2570"}],"wp:attachment":[{"href":"https:\/\/neos-music.com\/en_us\/wp-json\/wp\/v2\/media?parent=2569"}],"wp:term":[{"taxonomy":"product_brand","embeddable":true,"href":"https:\/\/neos-music.com\/en_us\/wp-json\/wp\/v2\/product_brand?post=2569"},{"taxonomy":"product_cat","embeddable":true,"href":"https:\/\/neos-music.com\/en_us\/wp-json\/wp\/v2\/product_cat?post=2569"},{"taxonomy":"product_tag","embeddable":true,"href":"https:\/\/neos-music.com\/en_us\/wp-json\/wp\/v2\/product_tag?post=2569"}],"curies":[{"name":"wp","href":"https:\/\/api.w.org\/{rel}","templated":true}]}}