{"id":2587,"date":"2019-01-25T18:34:06","date_gmt":"2019-01-25T18:34:06","guid":{"rendered":"https:\/\/neos-music.com\/?post_type=product&#038;p=2587"},"modified":"2022-11-16T18:36:16","modified_gmt":"2022-11-16T18:36:16","slug":"laurie-altman-quiet-stone","status":"publish","type":"product","link":"https:\/\/neos-music.com\/en_us\/product\/laurie-altman-quiet-stone\/","title":{"rendered":"Laurie Altman: Quiet Stone"},"content":{"rendered":"<p>Infotext:<\/p>\n<table border=\"0\" width=\"100%\" rules=\"none\" cellspacing=\"0\" cellpadding=\"0\">\n<tbody>\n<tr>\n<td class=\"bigcontent2\">\n<div id=\"infotext\">\n<p>QUIET STONE \u00b7 MUSIK VON LAURIE ALTMAN<\/p>\n<p>Jedes neue musikalische Werk strebt eine Form von Pr\u00e4zision an; vielleicht klarer ausgedr\u00fcckt, eine Pr\u00e4zision von Empfindung und Substanz. Im Rahmen solch einer Entdeckungsreise ergibt sich eine eigenwillige wie zugleich sorgf\u00e4ltige Wahl sowohl instrumentaler F\u00e4rbungen als auch eines musikalischen und stilistischen Ausdrucks, der daf\u00fcr notwendig ist, genau das in seiner G\u00e4nze zu sagen, was gesagt werden soll. F\u00fcr mich (als Komponist dieser Musik) erscheint \u00bbQuiet Stone\u00ab (Stein der Ruhe) als eine CD, die vom Tonfall her nicht so offenkundig \u00bbklassisch\u00ab klingt wie meine anderen drei Produktionen bei NEOS: Die Kompositionen auf dieser CD sind merklich k\u00fcrzer und weniger ausgefeilt; so eignen sich die Werke, um improvisierte Passagen und spontanere Gesten miteinzubeziehen.<\/p>\n<p>W\u00e4hrend meiner Zeit als Komponist kam ich in Ber\u00fchrung mit einem breiten Spektrum an musikalischen Farben, Stilen und Einzigartigkeiten, die wissentlich oder sogar unwissentlich als Textur wie auch als unterliegende Struktur neuer Werke empordringen. Vielleicht reflektiert \u00bbQuiet Stone\u00ab solche Einfl\u00fcsse.<\/p>\n<p>Das erste St\u00fcck,\u00a0<i><b>Winter\u2019s Passage<\/b><\/i>, stellt bildhaft einen Wintertag dar, der mich \u2013 trotz des kalten Windes \u2013 gewisserma\u00dfen mit einer W\u00e4rme ber\u00fchrt und mich erstaunt hat. In dem Werk wirkt Andreas K\u00fchnrichs eindringliches Cello mit; eine windgepeitschte Stimme, die ihre eigene Geschichte erz\u00e4hlt.<\/p>\n<p><b><i>La Musique des Troubadours<\/i><\/b>\u00a0verkn\u00fcpft eine Vergangenheit mit einer Gegenwart: Ein Gedicht aus dem 12. Jahrhundert von Guiraut Riquier und dessen (kraftvolle Ausma\u00dfe annehmendes) Empfinden unterst\u00fctzen Isabel Pfefferkorns von antiken Gesangsformen inspirierten Vortrag. Dazu tr\u00e4gt auch eine Ausdrucksform bei, die sich karge und d\u00fcnne Texturen zu Nutzen macht.<\/p>\n<p>Die\u00a0<b><i>Three Miniatures<\/i><\/b>\u00a0sind auf den 11. September 2001 datiert. Es muss nichts erkl\u00e4rt werden. Der Rest ist \u2013 traurige \u2013 Geschichte.<\/p>\n<p><b><i>Standard Twists<\/i><\/b>\u00a0n\u00e4hert sich drei amerikanischen Standards in einer durchaus unorthodoxen Herangehensweise an, indem es deren herrlichen Texten eine vollkommen andere melodische Kontur und Form verleiht. Ich fand heraus, dass die Bereitstellung von verschiedenartigen melodischen Alternativen nur dazu beitr\u00e4gt, die Intensit\u00e4t und Genauigkeit der Texte zu erh\u00f6hen, weil diese nicht mehr an die Melodien gebunden waren, an deren H\u00f6reindruck sich so viele von uns gew\u00f6hnt haben.<\/p>\n<p>Anders Miolins 13-saitige Gitarre verleiht\u00a0<b><i>Eyes Light<\/i><\/b>\u00a0einen einzigartigen Klangcharakter und akustische Sch\u00e4rfe. Anders Miolin gibt diesem, urspr\u00fcnglich f\u00fcr Klavier komponierten Werk, das er f\u00fcr sein Instrument neu erfunden hat, eine zarte und wehm\u00fctige Wirkung.<\/p>\n<p>Die\u00a0<b><i>Japanese Suite<\/i><\/b>\u00a0zieht ihre Inspiration aus einer Reise nach Japan vor drei Jahren, zusammen mit meiner Frau Jeannine. Ich suchte in diesen vier Werken nach einer Bandbreite von Farben: vom Filigranen bis zum Fieberhaften, vom R\u00e4umlichen zum Komplexen, mit Improvisationen als wesentliche Strukturkomponente.<\/p>\n<p><b><i>Prelude # 17<\/i><\/b>, das letzte St\u00fcck meiner Klavierpr\u00e4ludien, steckt in seiner kurzen Zeitspanne einen jazzigen, bezwingenden und energetischen Rahmen ab. Dass es das letzte St\u00fcck der Reihe war, schien seine Vervollst\u00e4ndigung zum endg\u00fcltigen Ende hin in atemloser und teilnahmsvoller Weise voranzutreiben.<\/p>\n<p><b><i>J\u2019s Way<\/i><\/b>\u00a0portr\u00e4tiert meine Frau Jeannine als die Muse, die sie mir an dem Tag war, als ich das Werk komponierte. Ihre Inspiration w\u00e4hrt ewig, und ich begebe mich weiterhin auf die Suche nach verschiedenen Klangkombinationen und Strukturen, um meiner Liebe und meiner Faszination f\u00fcr ihre stetige Pr\u00e4senz in unserem gemeinsamen Leben Ausdruck zu verleihen.<\/p>\n<p><b><i>Persona<\/i><\/b>\u00a0ist eine Hommage an den gro\u00dfartigen schwedischen Regisseur Ingmar Bergman und seinen gleichnamigen Film. Als intensive pers\u00f6nliche Studie der menschlichen Psyche reflektiert der Film, so wie auch meine Musik, \u00fcber menschliche Stille (Elizabeth, eine Schauspielerin, h\u00f6rte eines Nachts, mitten in ihrer Auff\u00fchrung, zu sprechen auf und blieb seitdem stumm) und verleiht dem St\u00fcck seinen Raum und den sehr unaufgel\u00f6sten Charakter, der dem musikalischen Zusammenspiel zwischen Gitarre und Klavier innewohnt.<\/p>\n<p><i><b>50 MM<\/b><\/i>\u00a0ist ein Geschenk f\u00fcr meinen Freund Matthias Mueller zu seinem 50. Geburtstag. Frei, locker, spontan und interaktiv \u2026 mit anderer Intensit\u00e4t und anderem Charakter als die restlichen Werke der CD. Dennoch reflektiert das Werk die Art und Weise, wie sich ein Musikst\u00fcck sowohl innerhalb als auch au\u00dferhalb von sich selbst bewegt, w\u00e4hrend es seinen Weg zur\u00fcckfindet, von wo es begann, oder vielleicht dorthin, von wo es nie angefangen hat.<\/p>\n<p>Laurie Altman<br \/>\n<i>\u00dcbersetzung: Oliver Fraenzke<\/i><\/p>\n<p>Programm:<\/p>\n<table border=\"0\" width=\"100%\" rules=\"none\" cellspacing=\"0\" cellpadding=\"0\">\n<tbody>\n<tr>\n<td class=\"bigcontent2\">\n<div id=\"tracks\">\n<p>[01]\u00a0<b>Winter\u2019s Passage<\/b>\u00a0for cello and piano (2016)\u00a0<b>06:31<\/b><\/p>\n<p>Andreas K\u00fchnrich, cello<br \/>\n<a class=\"arcoma_glossarylink\" href=\"https:\/\/neos-music.com\/output.php?content=Kuenstler\/Altman_Laurie.php&amp;treplace=english%2Cgerman\" target=\"_self\" rel=\"noopener\">Laurie Altman<\/a>, piano<\/p>\n<p>[02]<b>\u00a0La Musique des Troubadours<\/b>\u00a0for clarinet, 13-string guitar, cello and mezzo-soprano (2016)\u00a0<b>06:40<\/b><\/p>\n<p>Nedyalko Petkov, clarinet<br \/>\nAnders Miolin, 13-string guitar<br \/>\nAndreas K\u00fchnrich, cello<br \/>\nIsabel Pfefferkorn, mezzo-soprano<\/p>\n<p>[03]<b>\u00a0Three Miniatures<\/b>\u00a0for piano (2001)\u00a0<b>04:00<\/b><\/p>\n<p><a class=\"arcoma_glossarylink\" href=\"https:\/\/neos-music.com\/output.php?content=Kuenstler\/Altman_Laurie.php&amp;treplace=english%2Cgerman\" target=\"_self\" rel=\"noopener\">Laurie Altman<\/a>, piano<\/p>\n<p>[04]\u00a0<b>Standard Twists<\/b>\u00a0for mezzo-soprano, cello and piano (2016)<b>\u00a010:19<\/b><\/p>\n<p>Isabel Pfefferkorn, mezzo-soprano<br \/>\nAndreas K\u00fchnrich, cello<br \/>\n<a class=\"arcoma_glossarylink\" href=\"https:\/\/neos-music.com\/output.php?content=Kuenstler\/Altman_Laurie.php&amp;treplace=english%2Cgerman\" target=\"_self\" rel=\"noopener\">Laurie Altman<\/a>, piano<\/p>\n<p>[05]\u00a0<b>Eyes Light<\/b>\u00a0for 13-string guitar (1979\/2016)\u00a0<i>a reimagining by Anders Miolin<\/i>\u00a0<b>04:25<\/b><\/p>\n<p><b><\/b>Anders Miolin, 13-string guitar<\/p>\n<p><b>Japanese Suite<\/b>\u00a0for 13-string guitar and piano (2016)\u00a0<b>21:20<\/b><br \/>\n[06]\u00a0<b># 1 Imperial Palace<\/b>\u00a006:52<br \/>\n[07]<b>\u00a0# 2 Takashi Station<\/b>\u00a003:19<br \/>\n[08]<b>\u00a0# 3 Quiet Stone<\/b>\u00a005:11<br \/>\n[09]<b>\u00a0# 4 Passages in Kyosan<\/b>\u00a005:58<\/p>\n<p>Anders Miolin, 13-string guitar<br \/>\n<a class=\"arcoma_glossarylink\" href=\"https:\/\/neos-music.com\/output.php?content=Kuenstler\/Altman_Laurie.php&amp;treplace=english%2Cgerman\" target=\"_self\" rel=\"noopener\">Laurie Altman<\/a>, piano<\/p>\n<p>[10]<b>\u00a0Prelude # 17<\/b>\u00a0for piano (1985)\u00a0<b>03:06<\/b><\/p>\n<p><a class=\"arcoma_glossarylink\" href=\"https:\/\/neos-music.com\/output.php?content=Kuenstler\/Altman_Laurie.php&amp;treplace=english%2Cgerman\" target=\"_self\" rel=\"noopener\">Laurie Altman<\/a>, piano<\/p>\n<p>[11]\u00a0<b>J\u2019s Way<\/b>\u00a0for 13-string guitar, cello and piano (2016)\u00a0<b>10:40<\/b><\/p>\n<p>Anders Miolin, 13-string guitar<br \/>\nAndreas K\u00fchnrich, cello<br \/>\n<a class=\"arcoma_glossarylink\" href=\"https:\/\/neos-music.com\/output.php?content=Kuenstler\/Altman_Laurie.php&amp;treplace=english%2Cgerman\" target=\"_self\" rel=\"noopener\">Laurie Altman<\/a>, piano<\/p>\n<p>[12]\u00a0<b>Persona<\/b>\u00a0for 13-string guitar and piano (1978)\u00a0<b>05:24<\/b><\/p>\n<p>Anders Miolin, 13-string guitar<br \/>\n<a class=\"arcoma_glossarylink\" href=\"https:\/\/neos-music.com\/output.php?content=Kuenstler\/Altman_Laurie.php&amp;treplace=english%2Cgerman\" target=\"_self\" rel=\"noopener\">Laurie Altman<\/a>, piano<\/p>\n<p>[13]\u00a0<b>50 MM<\/b>\u00a0for clarinet, 13-string guitar, cello and piano (2016)\u00a0<b>05:59<\/b><\/p>\n<p><a class=\"arcoma_glossarylink\" href=\"https:\/\/neos-music.com\/output.php?content=Kuenstler\/Mueller_Matthias.php&amp;treplace=english%2Cgerman\" target=\"_self\" rel=\"noopener\">Matthias Mueller<\/a>, clarinet<br \/>\nAnders Miolin, 13-string guitar<br \/>\nAndreas K\u00fchnrich, cello<br \/>\n<a class=\"arcoma_glossarylink\" href=\"https:\/\/neos-music.com\/output.php?content=Kuenstler\/Altman_Laurie.php&amp;treplace=english%2Cgerman\" target=\"_self\" rel=\"noopener\">Laurie Altman<\/a>, piano<\/p>\n<p>total playing time: 78:59<\/p>\n<\/div>\n<\/td>\n<\/tr>\n<\/tbody>\n<\/table>\n<\/div>\n<\/td>\n<\/tr>\n<\/tbody>\n<\/table>\n","protected":false},"excerpt":{"rendered":"<p>Infotext: QUIET STONE \u00b7 MUSIK VON LAURIE ALTMAN Jedes neue musikalische Werk strebt eine Form von Pr\u00e4zision an; vielleicht klarer ausgedr\u00fcckt, eine Pr\u00e4zision von Empfindung und Substanz. Im Rahmen solch einer Entdeckungsreise ergibt sich eine eigenwillige wie zugleich sorgf\u00e4ltige Wahl sowohl instrumentaler F\u00e4rbungen als auch eines musikalischen und stilistischen Ausdrucks, der daf\u00fcr notwendig ist, genau [&hellip;]<\/p>\n","protected":false},"featured_media":2588,"template":"","meta":{"site-sidebar-layout":"default","site-content-layout":"default","ast-site-content-layout":"default","site-content-style":"default","site-sidebar-style":"default","ast-global-header-display":"","ast-banner-title-visibility":"","ast-main-header-display":"","ast-hfb-above-header-display":"","ast-hfb-below-header-display":"","ast-hfb-mobile-header-display":"","site-post-title":"","ast-breadcrumbs-content":"","ast-featured-img":"","footer-sml-layout":"","theme-transparent-header-meta":"default","adv-header-id-meta":"","stick-header-meta":"","header-above-stick-meta":"","header-main-stick-meta":"","header-below-stick-meta":"","astra-migrate-meta-layouts":"default","ast-page-background-enabled":"default","ast-page-background-meta":{"desktop":{"background-color":"","background-image":"","background-repeat":"repeat","background-position":"center center","background-size":"auto","background-attachment":"scroll","background-type":"","background-media":"","overlay-type":"","overlay-color":"","overlay-opacity":"","overlay-gradient":""},"tablet":{"background-color":"","background-image":"","background-repeat":"repeat","background-position":"center center","background-size":"auto","background-attachment":"scroll","background-type":"","background-media":"","overlay-type":"","overlay-color":"","overlay-opacity":"","overlay-gradient":""},"mobile":{"background-color":"","background-image":"","background-repeat":"repeat","background-position":"center center","background-size":"auto","background-attachment":"scroll","background-type":"","background-media":"","overlay-type":"","overlay-color":"","overlay-opacity":"","overlay-gradient":""}},"ast-content-background-meta":{"desktop":{"background-color":"var(--ast-global-color-5)","background-image":"","background-repeat":"repeat","background-position":"center center","background-size":"auto","background-attachment":"scroll","background-type":"","background-media":"","overlay-type":"","overlay-color":"","overlay-opacity":"","overlay-gradient":""},"tablet":{"background-color":"var(--ast-global-color-5)","background-image":"","background-repeat":"repeat","background-position":"center center","background-size":"auto","background-attachment":"scroll","background-type":"","background-media":"","overlay-type":"","overlay-color":"","overlay-opacity":"","overlay-gradient":""},"mobile":{"background-color":"var(--ast-global-color-5)","background-image":"","background-repeat":"repeat","background-position":"center center","background-size":"auto","background-attachment":"scroll","background-type":"","background-media":"","overlay-type":"","overlay-color":"","overlay-opacity":"","overlay-gradient":""}}},"product_brand":[],"product_cat":[26],"product_tag":[],"class_list":{"0":"post-2587","1":"product","2":"type-product","3":"status-publish","4":"has-post-thumbnail","6":"product_cat-zeitgenossische-musik","7":"pa_artikelnummer-neos-11907","8":"pa_brand-neos-music","9":"pa_ean-204","10":"desktop-align-left","11":"tablet-align-left","12":"mobile-align-left","14":"first","15":"instock","16":"taxable","17":"shipping-taxable","18":"purchasable","19":"product-type-simple"},"yoast_head":"<!-- This site is optimized with the Yoast SEO plugin v27.3 - https:\/\/yoast.com\/product\/yoast-seo-wordpress\/ -->\n<title>Laurie Altman: Quiet Stone - NEOS Music<\/title>\n<meta name=\"robots\" content=\"index, follow, max-snippet:-1, max-image-preview:large, max-video-preview:-1\" \/>\n<link rel=\"canonical\" href=\"https:\/\/neos-music.com\/en_us\/product\/laurie-altman-quiet-stone\/\" \/>\n<meta property=\"og:locale\" content=\"en_US\" \/>\n<meta property=\"og:type\" content=\"article\" \/>\n<meta property=\"og:title\" content=\"Laurie Altman: Quiet Stone - NEOS Music\" \/>\n<meta property=\"og:description\" content=\"Infotext: QUIET STONE \u00b7 MUSIK VON LAURIE ALTMAN Jedes neue musikalische Werk strebt eine Form von Pr\u00e4zision an; vielleicht klarer ausgedr\u00fcckt, eine Pr\u00e4zision von Empfindung und Substanz. Im Rahmen solch einer Entdeckungsreise ergibt sich eine eigenwillige wie zugleich sorgf\u00e4ltige Wahl sowohl instrumentaler F\u00e4rbungen als auch eines musikalischen und stilistischen Ausdrucks, der daf\u00fcr notwendig ist, genau [&hellip;]\" \/>\n<meta property=\"og:url\" content=\"https:\/\/neos-music.com\/en_us\/product\/laurie-altman-quiet-stone\/\" \/>\n<meta property=\"og:site_name\" content=\"NEOS Music\" \/>\n<meta property=\"article:modified_time\" content=\"2022-11-16T18:36:16+00:00\" \/>\n<meta property=\"og:image\" content=\"https:\/\/neos-music.com\/wp-content\/uploads\/2022\/11\/NEOS_11907_Quiet_Stone.jpeg\" \/>\n\t<meta property=\"og:image:width\" content=\"1649\" \/>\n\t<meta property=\"og:image:height\" content=\"1477\" \/>\n\t<meta property=\"og:image:type\" content=\"image\/jpeg\" \/>\n<meta name=\"twitter:card\" content=\"summary_large_image\" \/>\n<meta name=\"twitter:label1\" content=\"Est. reading time\" \/>\n\t<meta name=\"twitter:data1\" content=\"4 minutes\" \/>\n<script type=\"application\/ld+json\" class=\"yoast-schema-graph\">{\"@context\":\"https:\\\/\\\/schema.org\",\"@graph\":[{\"@type\":\"WebPage\",\"@id\":\"https:\\\/\\\/neos-music.com\\\/product\\\/laurie-altman-quiet-stone\\\/\",\"url\":\"https:\\\/\\\/neos-music.com\\\/product\\\/laurie-altman-quiet-stone\\\/\",\"name\":\"Laurie Altman: Quiet Stone - NEOS Music\",\"isPartOf\":{\"@id\":\"https:\\\/\\\/neos-music.com\\\/#website\"},\"primaryImageOfPage\":{\"@id\":\"https:\\\/\\\/neos-music.com\\\/product\\\/laurie-altman-quiet-stone\\\/#primaryimage\"},\"image\":{\"@id\":\"https:\\\/\\\/neos-music.com\\\/product\\\/laurie-altman-quiet-stone\\\/#primaryimage\"},\"thumbnailUrl\":\"https:\\\/\\\/i0.wp.com\\\/neos-music.com\\\/wp-content\\\/uploads\\\/2022\\\/11\\\/NEOS_11907_Quiet_Stone.jpeg?fit=1649%2C1477&ssl=1\",\"datePublished\":\"2019-01-25T18:34:06+00:00\",\"dateModified\":\"2022-11-16T18:36:16+00:00\",\"breadcrumb\":{\"@id\":\"https:\\\/\\\/neos-music.com\\\/product\\\/laurie-altman-quiet-stone\\\/#breadcrumb\"},\"inLanguage\":\"en-US\",\"potentialAction\":[{\"@type\":\"ReadAction\",\"target\":[\"https:\\\/\\\/neos-music.com\\\/product\\\/laurie-altman-quiet-stone\\\/\"]}]},{\"@type\":\"ImageObject\",\"inLanguage\":\"en-US\",\"@id\":\"https:\\\/\\\/neos-music.com\\\/product\\\/laurie-altman-quiet-stone\\\/#primaryimage\",\"url\":\"https:\\\/\\\/i0.wp.com\\\/neos-music.com\\\/wp-content\\\/uploads\\\/2022\\\/11\\\/NEOS_11907_Quiet_Stone.jpeg?fit=1649%2C1477&ssl=1\",\"contentUrl\":\"https:\\\/\\\/i0.wp.com\\\/neos-music.com\\\/wp-content\\\/uploads\\\/2022\\\/11\\\/NEOS_11907_Quiet_Stone.jpeg?fit=1649%2C1477&ssl=1\",\"width\":1649,\"height\":1477},{\"@type\":\"BreadcrumbList\",\"@id\":\"https:\\\/\\\/neos-music.com\\\/product\\\/laurie-altman-quiet-stone\\\/#breadcrumb\",\"itemListElement\":[{\"@type\":\"ListItem\",\"position\":1,\"name\":\"Startseite\",\"item\":\"https:\\\/\\\/neos-music.com\\\/\"},{\"@type\":\"ListItem\",\"position\":2,\"name\":\"Produkte\",\"item\":\"https:\\\/\\\/neos-music.com\\\/shop__trashed\\\/\"},{\"@type\":\"ListItem\",\"position\":3,\"name\":\"Laurie Altman: Quiet Stone\"}]},{\"@type\":\"WebSite\",\"@id\":\"https:\\\/\\\/neos-music.com\\\/#website\",\"url\":\"https:\\\/\\\/neos-music.com\\\/\",\"name\":\"NEOS Music\",\"description\":\"Dein Online Shop f\u00fcr zeitgen\u00f6ssische Musik, Jazz und Classics!\",\"publisher\":{\"@id\":\"https:\\\/\\\/neos-music.com\\\/#organization\"},\"potentialAction\":[{\"@type\":\"SearchAction\",\"target\":{\"@type\":\"EntryPoint\",\"urlTemplate\":\"https:\\\/\\\/neos-music.com\\\/?s={search_term_string}\"},\"query-input\":{\"@type\":\"PropertyValueSpecification\",\"valueRequired\":true,\"valueName\":\"search_term_string\"}}],\"inLanguage\":\"en-US\"},{\"@type\":\"Organization\",\"@id\":\"https:\\\/\\\/neos-music.com\\\/#organization\",\"name\":\"NEOS Music\",\"url\":\"https:\\\/\\\/neos-music.com\\\/\",\"logo\":{\"@type\":\"ImageObject\",\"inLanguage\":\"en-US\",\"@id\":\"https:\\\/\\\/neos-music.com\\\/#\\\/schema\\\/logo\\\/image\\\/\",\"url\":\"https:\\\/\\\/i0.wp.com\\\/neos-music.com\\\/wp-content\\\/uploads\\\/2025\\\/08\\\/NEOS-Logo-weiss.png?fit=800%2C203&ssl=1\",\"contentUrl\":\"https:\\\/\\\/i0.wp.com\\\/neos-music.com\\\/wp-content\\\/uploads\\\/2025\\\/08\\\/NEOS-Logo-weiss.png?fit=800%2C203&ssl=1\",\"width\":800,\"height\":203,\"caption\":\"NEOS Music\"},\"image\":{\"@id\":\"https:\\\/\\\/neos-music.com\\\/#\\\/schema\\\/logo\\\/image\\\/\"}}]}<\/script>\n<!-- \/ Yoast SEO plugin. -->","yoast_head_json":{"title":"Laurie Altman: Quiet Stone - NEOS Music","robots":{"index":"index","follow":"follow","max-snippet":"max-snippet:-1","max-image-preview":"max-image-preview:large","max-video-preview":"max-video-preview:-1"},"canonical":"https:\/\/neos-music.com\/en_us\/product\/laurie-altman-quiet-stone\/","og_locale":"en_US","og_type":"article","og_title":"Laurie Altman: Quiet Stone - NEOS Music","og_description":"Infotext: QUIET STONE \u00b7 MUSIK VON LAURIE ALTMAN Jedes neue musikalische Werk strebt eine Form von Pr\u00e4zision an; vielleicht klarer ausgedr\u00fcckt, eine Pr\u00e4zision von Empfindung und Substanz. Im Rahmen solch einer Entdeckungsreise ergibt sich eine eigenwillige wie zugleich sorgf\u00e4ltige Wahl sowohl instrumentaler F\u00e4rbungen als auch eines musikalischen und stilistischen Ausdrucks, der daf\u00fcr notwendig ist, genau [&hellip;]","og_url":"https:\/\/neos-music.com\/en_us\/product\/laurie-altman-quiet-stone\/","og_site_name":"NEOS Music","article_modified_time":"2022-11-16T18:36:16+00:00","og_image":[{"width":1649,"height":1477,"url":"https:\/\/neos-music.com\/wp-content\/uploads\/2022\/11\/NEOS_11907_Quiet_Stone.jpeg","type":"image\/jpeg"}],"twitter_card":"summary_large_image","twitter_misc":{"Est. reading time":"4 minutes"},"schema":{"@context":"https:\/\/schema.org","@graph":[{"@type":"WebPage","@id":"https:\/\/neos-music.com\/product\/laurie-altman-quiet-stone\/","url":"https:\/\/neos-music.com\/product\/laurie-altman-quiet-stone\/","name":"Laurie Altman: Quiet Stone - NEOS Music","isPartOf":{"@id":"https:\/\/neos-music.com\/#website"},"primaryImageOfPage":{"@id":"https:\/\/neos-music.com\/product\/laurie-altman-quiet-stone\/#primaryimage"},"image":{"@id":"https:\/\/neos-music.com\/product\/laurie-altman-quiet-stone\/#primaryimage"},"thumbnailUrl":"https:\/\/i0.wp.com\/neos-music.com\/wp-content\/uploads\/2022\/11\/NEOS_11907_Quiet_Stone.jpeg?fit=1649%2C1477&ssl=1","datePublished":"2019-01-25T18:34:06+00:00","dateModified":"2022-11-16T18:36:16+00:00","breadcrumb":{"@id":"https:\/\/neos-music.com\/product\/laurie-altman-quiet-stone\/#breadcrumb"},"inLanguage":"en-US","potentialAction":[{"@type":"ReadAction","target":["https:\/\/neos-music.com\/product\/laurie-altman-quiet-stone\/"]}]},{"@type":"ImageObject","inLanguage":"en-US","@id":"https:\/\/neos-music.com\/product\/laurie-altman-quiet-stone\/#primaryimage","url":"https:\/\/i0.wp.com\/neos-music.com\/wp-content\/uploads\/2022\/11\/NEOS_11907_Quiet_Stone.jpeg?fit=1649%2C1477&ssl=1","contentUrl":"https:\/\/i0.wp.com\/neos-music.com\/wp-content\/uploads\/2022\/11\/NEOS_11907_Quiet_Stone.jpeg?fit=1649%2C1477&ssl=1","width":1649,"height":1477},{"@type":"BreadcrumbList","@id":"https:\/\/neos-music.com\/product\/laurie-altman-quiet-stone\/#breadcrumb","itemListElement":[{"@type":"ListItem","position":1,"name":"Startseite","item":"https:\/\/neos-music.com\/"},{"@type":"ListItem","position":2,"name":"Produkte","item":"https:\/\/neos-music.com\/shop__trashed\/"},{"@type":"ListItem","position":3,"name":"Laurie Altman: Quiet Stone"}]},{"@type":"WebSite","@id":"https:\/\/neos-music.com\/#website","url":"https:\/\/neos-music.com\/","name":"NEOS Music","description":"Dein Online Shop f\u00fcr zeitgen\u00f6ssische Musik, Jazz und Classics!","publisher":{"@id":"https:\/\/neos-music.com\/#organization"},"potentialAction":[{"@type":"SearchAction","target":{"@type":"EntryPoint","urlTemplate":"https:\/\/neos-music.com\/?s={search_term_string}"},"query-input":{"@type":"PropertyValueSpecification","valueRequired":true,"valueName":"search_term_string"}}],"inLanguage":"en-US"},{"@type":"Organization","@id":"https:\/\/neos-music.com\/#organization","name":"NEOS Music","url":"https:\/\/neos-music.com\/","logo":{"@type":"ImageObject","inLanguage":"en-US","@id":"https:\/\/neos-music.com\/#\/schema\/logo\/image\/","url":"https:\/\/i0.wp.com\/neos-music.com\/wp-content\/uploads\/2025\/08\/NEOS-Logo-weiss.png?fit=800%2C203&ssl=1","contentUrl":"https:\/\/i0.wp.com\/neos-music.com\/wp-content\/uploads\/2025\/08\/NEOS-Logo-weiss.png?fit=800%2C203&ssl=1","width":800,"height":203,"caption":"NEOS Music"},"image":{"@id":"https:\/\/neos-music.com\/#\/schema\/logo\/image\/"}}]}},"jetpack_sharing_enabled":true,"_links":{"self":[{"href":"https:\/\/neos-music.com\/en_us\/wp-json\/wp\/v2\/product\/2587","targetHints":{"allow":["GET"]}}],"collection":[{"href":"https:\/\/neos-music.com\/en_us\/wp-json\/wp\/v2\/product"}],"about":[{"href":"https:\/\/neos-music.com\/en_us\/wp-json\/wp\/v2\/types\/product"}],"version-history":[{"count":0,"href":"https:\/\/neos-music.com\/en_us\/wp-json\/wp\/v2\/product\/2587\/revisions"}],"wp:featuredmedia":[{"embeddable":true,"href":"https:\/\/neos-music.com\/en_us\/wp-json\/wp\/v2\/media\/2588"}],"wp:attachment":[{"href":"https:\/\/neos-music.com\/en_us\/wp-json\/wp\/v2\/media?parent=2587"}],"wp:term":[{"taxonomy":"product_brand","embeddable":true,"href":"https:\/\/neos-music.com\/en_us\/wp-json\/wp\/v2\/product_brand?post=2587"},{"taxonomy":"product_cat","embeddable":true,"href":"https:\/\/neos-music.com\/en_us\/wp-json\/wp\/v2\/product_cat?post=2587"},{"taxonomy":"product_tag","embeddable":true,"href":"https:\/\/neos-music.com\/en_us\/wp-json\/wp\/v2\/product_tag?post=2587"}],"curies":[{"name":"wp","href":"https:\/\/api.w.org\/{rel}","templated":true}]}}