{"id":2595,"date":"2018-11-24T18:42:25","date_gmt":"2018-11-24T18:42:25","guid":{"rendered":"https:\/\/neos-music.com\/?post_type=product&#038;p=2595"},"modified":"2023-05-22T21:23:31","modified_gmt":"2023-05-22T21:23:31","slug":"uros-rojko-iris-ter-schiphorst-luka-juhart-works-for-clarinet-and-accordion","status":"publish","type":"product","link":"https:\/\/neos-music.com\/en_us\/product\/uros-rojko-iris-ter-schiphorst-luka-juhart-works-for-clarinet-and-accordion\/","title":{"rendered":"Uro\u0161 Rojko &#8211; Iris ter Schiphorst &#8211; Luka Juhart: Works for Clarinet and Accordion"},"content":{"rendered":"<p>Infotext:<\/p>\n<table border=\"0\" width=\"100%\" rules=\"none\" cellspacing=\"0\" cellpadding=\"0\">\n<tbody>\n<tr>\n<td class=\"bigcontent2\">\n<div id=\"infotext\">\n<p><b>WERKE F\u00dcR KLARINETTE UND AKKORDEON<br \/>\n<\/b>Uro\u0161 Rojko \u00b7 Luka Juhart \u00b7 Iris ter Schiphorst<\/p>\n<p><b>Uro\u0161 Rojko<br \/>\nVOX<\/b>\u00a0(2001)<\/p>\n<p><i>VOX<\/i>\u00a0f\u00fcr Klarinette und Akkordeon \u00bbsucht\u00ab die Ber\u00fchrung mit dem intimsten Inneren des menschlichen Wesens. Die \u00e4u\u00dferste Reduzierung des Materials, auf den Ursprung allein, auf den Grundton und dessen Spektrum, ist die notwendige Voraussetzung f\u00fcr das Erwecken der richtigen Vibrationen. Der Dialog zwischen der menschlichen Stimme und deren Nachklingen im akustischen Rohr des Instruments (der Klarinette), die Herstellung sensibler Kommunikation mit dem Akkordeon, die Verwendung nur weniger spezi\ufb01scher Klangeffekte, Spieltechniken und Griffe \u2013 wobei all dies auch f\u00fcr die Improvisationsmomente gilt \u2013 versuchen das Bewusstsein des Zuh\u00f6rers in den Zustand gr\u00f6\u00dftm\u00f6glicher innerer Konzentration zu leiten.<\/p>\n<p>Die Komposition entstand im Jahr 2001 als Auftrag der Stadt Digne-les-Bains (Frankreich), wo sie ein Jahr sp\u00e4ter vom prominenten Schweizer Akkordeonisten, Komponisten und Architekten Prof. Hugo Noth, einem der Begr\u00fcnder des modernen Akkordeonspiels, und dem Komponisten uraufgef\u00fchrt wurde.<\/p>\n<p><b>Uro\u0161 Rojko<br \/>\nIm Zeichen des Erf\u00fchlens<\/b>\u00a0(2007)<\/p>\n<p><i>Im Zeichen des Erf\u00fchlens<\/i>\u00a0entstand urspr\u00fcnglich f\u00fcr Horn und Akkordeon. Anlass war das Abschiedskonzert zweier Professoren an der Hochschule f\u00fcr Musik Trossingen: Hugo Noth, der angesehene Pionier und Begr\u00fcnder des modernen Akkordeonspiels und sein Kollege, Professor f\u00fcr Horn. Als Letzterer kurzfristig absagte, musste die Auff\u00fchrung entfallen. Auf Wunsch von Hugo Noth, dem das Werk gewidmet war, arbeitete ich es f\u00fcr Klarinette und Akkordeon um. Bei seiner feierlichen Verabschiedung in den Ruhestand spielten wir die Urauff\u00fchrung. Die \u00fcberwiegend mikrotonale Komposition gibt einige Aspekte der Wahrnehmung von Zust\u00e4nden und Prozessen in unserem Dasein wieder, Eigenschaften wie Geduld, Ausdauer, Akzeptanz und Nachsicht.<\/p>\n<p><b>Uro\u0161 Rojko<br \/>\nQuasi neoliberamente<\/b>\u00a0(2016)<\/p>\n<p>JAZ! JAZ!<br \/>\nJ<sub>AZ<\/sub>, J<sub>AZ<\/sub>, J<sub>AZ<\/sub>, J<sub>AZ<\/sub>, J<sub>AZ<\/sub>, J<sub>AZ<\/sub>, J<sub>AZ<\/sub>, J<sub>AZ<\/sub>, J<sub>AZ<\/sub>,<br \/>\nJ<sub>AZ<\/sub>, J<sub>AZ<\/sub>, J<sub>AZ<\/sub>, J<sub>AZ<\/sub>, J<sub>AZ<\/sub>, J<sub>AZ<\/sub>, J<sub>AZ<\/sub>, J<sub>AZ<\/sub>, ICH!<br \/>\nI, I, I, I,\u00a0<sub>IO<\/sub>! __ I, I, I, I, I, I, I, I, I, I, I, I, I, I, I, I, I, I, I, I, I, I!<br \/>\nJ<sub>A<\/sub>Z, J<sub>A<\/sub>Z, J<sub>A<\/sub>Z, J<sub>A<\/sub>Z, J<sub>A<\/sub>Z, J<sub>A<\/sub>Z, J<sub>A<\/sub>Z, J<sub>A<\/sub>Z, J<sub>A<\/sub>Z, J<sub>A<\/sub>Z! __ J<sub>AZ<\/sub>! J<sub>AZ<\/sub>!<br \/>\n\u0160<sub>E VE\u010c<\/sub>! \u0160<sub>E VE\u010c<\/sub>! __ V<sub>E\u010c<\/sub>! V<sub>E\u010c<\/sub>! __ \u0160<sub>E VE\u010c<\/sub>! \u0160<sub>E VE\u010c<\/sub>!<br \/>\nV<sub>SE<\/sub>! V<sub>SE<\/sub>! V<sub>SE<\/sub>! V<sub>SE<\/sub>! __ \u0160<sub>E<\/sub>! \u0160<sub>E<\/sub>! __ V<sub>E\u010c<\/sub>! V<sub>E\u010c<\/sub>! V<sub>E\u010c<\/sub>! V<sub>E\u010c<\/sub>!<br \/>\nV<sub>SE<\/sub>! V<sub>SE<\/sub>! V<sub>SE<\/sub>! V<sub>SE<\/sub>! V<sub>SE<\/sub>! V<sub>SE<\/sub>! __ V<sub>SE<\/sub>! V<sub>SE<\/sub>! V<sub>SE<\/sub>!<br \/>\n\u0160<sub>E VE\u010c<\/sub>! \u0160<sub>E VE\u010c<\/sub>! __ V<sub>SE<\/sub>! V<sub>SE<\/sub>! V<sub>SE<\/sub>! V<sub>SE<\/sub>!<br \/>\nJ<sub>A<\/sub>Z! J<sub>A<\/sub>Z! J<sub>A<\/sub>Z! __ V<sub>SE<\/sub>! V<sub>SE<\/sub>! V<sub>SE<\/sub>! V<sub>SE<\/sub>! V<sub>SE<\/sub>!<\/p>\n<p>(JAZ \u2013 I<sub>CH<\/sub>; I<sub>O<\/sub>\u00a0\u2013 I<sub>CH<\/sub>; \u0160<sub>E VE\u010c<\/sub>\u2013 M<sub>EHR NOCH<\/sub>; V<sub>E\u010c<\/sub>\u00a0\u2013 M<sub>EHR<\/sub>,\u00a0<sub>VSE \u2013 ALLES<\/sub>)<\/p>\n<p><i>Uro\u0161 Rojko<\/i><\/p>\n<p>&nbsp;<\/p>\n<p><b>Luka Juhart<br \/>\nUnleashed<\/b>\u00a0(2015)<\/p>\n<p><i>Unleashed<\/i>\u00a0ist meinem Freund Uro\u0161 Rojko gewidmet und wurde von Uro\u0161 und mir 2015 in Triest uraufgef\u00fchrt. Die Komposition kann, obwohl ich sie als eigenst\u00e4ndiges Werk schrieb, ebenso als zweiter Satz zu Rojkos\u00a0<i>VOX<\/i>\u00a0verwendet werden. Beim renommierten International Rostrum of Composers 2018 wurde\u00a0<i>Unleashed<\/i>\u00a0in die Liste der \u00bbempfohlenen Werke\u00ab aufgenommen. Als ich\u00a0<i>Unleashed<\/i>\u00a0komponierte, wurde ich von Sre\u010dko Kosovels Gedicht\u00a0<i>Moja pesem<\/i>\u00a0(Mein Gedicht) inspiriert:<\/p>\n<p><i>MEIN GEDICHT (Sre\u010dko Kosovel)<br \/>\n\u00dcbersetzung: Darja Mar\u010di\u010d<\/i><\/p>\n<p><i>Mein Gedicht ist Explosion,<br \/>\nwilde Zerrissenheit. Disharmonie.<br \/>\nMein Gedicht: es will nicht zu euch,<br \/>\ndie ihr nach Gottes Vorsehung, Willen,<br \/>\ntote \u00c4stheten seid, Motten im Museum,<br \/>\nmein Gedicht ist mein Gesicht.<\/i><\/p>\n<p><i>Luka Juhart<\/i><\/p>\n<p>&nbsp;<\/p>\n<p><b>Iris ter Schiphorst<br \/>\nMiniaturen f\u00fcr Klarinette und Akkordeon<\/b>\u00a0(2008)<\/p>\n<p>In meiner Jugend war ich ein gro\u00dfer Schumann-Fan. Werke wie\u00a0<i>Carnaval<\/i>,\u00a0<i>Kreisleriana<\/i>\u00a0oder auch\u00a0<i>Papillons<\/i>\u00a0geh\u00f6rten (und geh\u00f6ren!) zu meinen Lieblingsst\u00fccken. Fasziniert hat mich u.\u2009a. ihre Form, diese kurzen aneinandergereihten expressiven St\u00fccke, die doch zusammengeh\u00f6ren.<\/p>\n<p>Die\u00a0<i>Miniaturen f\u00fcr Klarinette und Akkordeon<\/i>\u00a0sind von dieser \u00bbalten Liebe\u00ab inspiriert \u2026\u00a0<i>Miniaturen f\u00fcr Klarinette und Akkordeon<\/i>\u00a0verdanken sich einem Kompositionsauftrag der Klangwerkstatt Kreuzberg (Berlin) und wurden urspr\u00fcnglich f\u00fcr das Duo Nancy Laufer und J\u00fcrgen Kupke geschrieben.<\/p>\n<p><i>Iris ter Schiphorst<\/i><\/p>\n<p>Programm:<\/p>\n<table border=\"0\" width=\"100%\" rules=\"none\" cellspacing=\"0\" cellpadding=\"0\">\n<tbody>\n<tr>\n<td class=\"bigcontent2\">\n<div id=\"tracks\">\n<p><b>Uro\u0161 Rojko<\/b><br \/>\n[01]\u00a0<b>VOX<\/b>\u00a0(2001)\u00a0<b>13:19<\/b><\/p>\n<p><b><\/b><b><br \/>\n<a class=\"arcoma_glossarylink\" href=\"https:\/\/neos-music.com\/output.php?content=Kuenstler\/Juhart_Luka.php&amp;treplace=english%2Cgerman\" target=\"_self\" rel=\"noopener\">Luka Juhart<\/a><br \/>\n<\/b>[02]\u00a0<b>Unleashed<\/b>\u00a0(2015)\u00a0<b>10:34<\/b><br \/>\n<b><\/b><\/p>\n<p><b><br \/>\nIris ter Schiphorst<br \/>\nMiniaturen<\/b>\u00a0(2008)\u00a0<b>15:34<br \/>\n<\/b>[03]\u00a0<b>I.<\/b>\u00a0<b>03:05<br \/>\n<\/b>[04]\u00a0<b>II.<\/b>\u00a0<b>01:27<br \/>\n<\/b>[05]\u00a0<b>III.<\/b>\u00a0<b>01:24<br \/>\n<\/b>[06]\u00a0<b>IV.<\/b>\u00a0<b>01:10<br \/>\n<\/b>[07]\u00a0<b>V.<\/b>\u00a0<b>01:42<br \/>\n<\/b>[08]\u00a0<b>VI.<\/b>\u00a0<b>00:43<br \/>\n<\/b>[09]\u00a0<b>VII.<\/b>\u00a0<b>01:32<br \/>\n<\/b>[10]\u00a0<b>VIII.<\/b>\u00a0<b>00:42<br \/>\n<\/b>[11]\u00a0<b>IX.<\/b>\u00a0<b>01:00<br \/>\n<\/b>[12]<b>\u00a0X.<\/b>\u00a0<b>02:49<\/b><\/p>\n<p><b><br \/>\nUro\u0161 Rojko<\/b><br \/>\n[13]\u00a0<b>In Zeichen des Erf\u00fchlens<\/b>\u00a0(2007)\u00a0<b>09:35<\/b><\/p>\n<p><b>Uro\u0161 Rojko<\/b><br \/>\n[14]\u00a0<b>Quasi neoliberamente<\/b>\u00a0(2016)\u00a0<b>11:55<\/b><\/p>\n<p><b><\/b><b><br \/>\n<\/b>total playing time: 61:16<\/p>\n<p>&nbsp;<\/p>\n<p>Uro\u0161 Rojko, clarinet<br \/>\nLuka Juhart, accordion<\/p>\n<p>Pressestimmen:<\/p>\n<table border=\"0\" width=\"100%\" rules=\"none\" cellspacing=\"0\" cellpadding=\"0\">\n<tbody>\n<tr>\n<td class=\"bigcontent2\">\n<div id=\"press\">\n<p><img data-recalc-dims=\"1\" decoding=\"async\" src=\"https:\/\/i0.wp.com\/neos-music.com\/wp-content\/uploads\/2023\/05\/logo_NeueZeitschriftMusik_NEU.jpg?ssl=1\" alt=\"\" \/><\/p>\n<p>In der Ausgabe #3_2019 schreibt Rainer Nonnenmann:<\/p>\n<p>In der Musik von Uro\u0161 Rojko scheinen Material, Formverlauf und H\u00f6rerfahrung identisch zu sein. Die Eigenschaften und Entwicklungen der Kl\u00e4nge strukturieren ebenso die Komposition wie das Musikerleben. So ist der H\u00f6rende stets aktuell mitten im Geschehen. (&#8230;) Zusammen mit dem Akkordeonisten Luka Juhart ist Uro\u0161 Rojko auf dieser CD auch in den \u00fcbrigen Einspielungen als Klarinettist zu erleben. Beide Musiker stammen aus Slowenien, studierten dort in Ljubljana und lehren heute dort selber an der Musikakademie. (&#8230;) Man h\u00f6rt den St\u00fccken an, dass sie auf der Grundlage von eigenem Spielen, empirischem Ausprobieren und Aush\u00f6ren entstanden sind. Das gilt auch f\u00fcr Juharts gleichsam als zweiter Satz zu Rojkos\u00a0<i>VOX<\/i>\u00a0komponiertem\u00a0<i>Unleashed<\/i>, das \u00e4hnliche Klangmittel kontrastierend ins Wilde, Laute, Ger\u00e4uschhafte und Perkussive fortsetzt. (&#8230;)<\/p>\n<\/div>\n<\/td>\n<\/tr>\n<\/tbody>\n<\/table>\n<\/div>\n<\/td>\n<\/tr>\n<\/tbody>\n<\/table>\n<\/div>\n<\/td>\n<\/tr>\n<\/tbody>\n<\/table>\n","protected":false},"excerpt":{"rendered":"<p>Infotext: WERKE F\u00dcR KLARINETTE UND AKKORDEON Uro\u0161 Rojko \u00b7 Luka Juhart \u00b7 Iris ter Schiphorst Uro\u0161 Rojko VOX\u00a0(2001) VOX\u00a0f\u00fcr Klarinette und Akkordeon \u00bbsucht\u00ab die Ber\u00fchrung mit dem intimsten Inneren des menschlichen Wesens. Die \u00e4u\u00dferste Reduzierung des Materials, auf den Ursprung allein, auf den Grundton und dessen Spektrum, ist die notwendige Voraussetzung f\u00fcr das Erwecken der [&hellip;]<\/p>\n","protected":false},"featured_media":2596,"template":"","meta":{"site-sidebar-layout":"default","site-content-layout":"default","ast-site-content-layout":"default","site-content-style":"default","site-sidebar-style":"default","ast-global-header-display":"","ast-banner-title-visibility":"","ast-main-header-display":"","ast-hfb-above-header-display":"","ast-hfb-below-header-display":"","ast-hfb-mobile-header-display":"","site-post-title":"","ast-breadcrumbs-content":"","ast-featured-img":"","footer-sml-layout":"","theme-transparent-header-meta":"default","adv-header-id-meta":"","stick-header-meta":"","header-above-stick-meta":"","header-main-stick-meta":"","header-below-stick-meta":"","astra-migrate-meta-layouts":"default","ast-page-background-enabled":"default","ast-page-background-meta":{"desktop":{"background-color":"","background-image":"","background-repeat":"repeat","background-position":"center center","background-size":"auto","background-attachment":"scroll","background-type":"","background-media":"","overlay-type":"","overlay-color":"","overlay-opacity":"","overlay-gradient":""},"tablet":{"background-color":"","background-image":"","background-repeat":"repeat","background-position":"center center","background-size":"auto","background-attachment":"scroll","background-type":"","background-media":"","overlay-type":"","overlay-color":"","overlay-opacity":"","overlay-gradient":""},"mobile":{"background-color":"","background-image":"","background-repeat":"repeat","background-position":"center center","background-size":"auto","background-attachment":"scroll","background-type":"","background-media":"","overlay-type":"","overlay-color":"","overlay-opacity":"","overlay-gradient":""}},"ast-content-background-meta":{"desktop":{"background-color":"var(--ast-global-color-5)","background-image":"","background-repeat":"repeat","background-position":"center center","background-size":"auto","background-attachment":"scroll","background-type":"","background-media":"","overlay-type":"","overlay-color":"","overlay-opacity":"","overlay-gradient":""},"tablet":{"background-color":"var(--ast-global-color-5)","background-image":"","background-repeat":"repeat","background-position":"center center","background-size":"auto","background-attachment":"scroll","background-type":"","background-media":"","overlay-type":"","overlay-color":"","overlay-opacity":"","overlay-gradient":""},"mobile":{"background-color":"var(--ast-global-color-5)","background-image":"","background-repeat":"repeat","background-position":"center center","background-size":"auto","background-attachment":"scroll","background-type":"","background-media":"","overlay-type":"","overlay-color":"","overlay-opacity":"","overlay-gradient":""}}},"product_brand":[],"product_cat":[26],"product_tag":[],"class_list":{"0":"post-2595","1":"product","2":"type-product","3":"status-publish","4":"has-post-thumbnail","6":"product_cat-zeitgenossische-musik","7":"pa_artikelnummer-neos-11816","8":"pa_brand-neos-music","9":"pa_ean-212","10":"desktop-align-left","11":"tablet-align-left","12":"mobile-align-left","14":"first","15":"instock","16":"taxable","17":"shipping-taxable","18":"purchasable","19":"product-type-simple"},"yoast_head":"<!-- This site is optimized with the Yoast SEO plugin v27.3 - https:\/\/yoast.com\/product\/yoast-seo-wordpress\/ -->\n<title>Uro\u0161 Rojko - Iris ter Schiphorst - Luka Juhart: Works for Clarinet and Accordion - NEOS Music<\/title>\n<meta name=\"robots\" content=\"index, follow, max-snippet:-1, max-image-preview:large, max-video-preview:-1\" \/>\n<link rel=\"canonical\" href=\"https:\/\/neos-music.com\/en_us\/product\/uros-rojko-iris-ter-schiphorst-luka-juhart-works-for-clarinet-and-accordion\/\" \/>\n<meta property=\"og:locale\" content=\"en_US\" \/>\n<meta property=\"og:type\" content=\"article\" \/>\n<meta property=\"og:title\" content=\"Uro\u0161 Rojko - Iris ter Schiphorst - Luka Juhart: Works for Clarinet and Accordion - NEOS Music\" \/>\n<meta property=\"og:description\" content=\"Infotext: WERKE F\u00dcR KLARINETTE UND AKKORDEON Uro\u0161 Rojko \u00b7 Luka Juhart \u00b7 Iris ter Schiphorst Uro\u0161 Rojko VOX\u00a0(2001) VOX\u00a0f\u00fcr Klarinette und Akkordeon \u00bbsucht\u00ab die Ber\u00fchrung mit dem intimsten Inneren des menschlichen Wesens. Die \u00e4u\u00dferste Reduzierung des Materials, auf den Ursprung allein, auf den Grundton und dessen Spektrum, ist die notwendige Voraussetzung f\u00fcr das Erwecken der [&hellip;]\" \/>\n<meta property=\"og:url\" content=\"https:\/\/neos-music.com\/en_us\/product\/uros-rojko-iris-ter-schiphorst-luka-juhart-works-for-clarinet-and-accordion\/\" \/>\n<meta property=\"og:site_name\" content=\"NEOS Music\" \/>\n<meta property=\"article:modified_time\" content=\"2023-05-22T21:23:31+00:00\" \/>\n<meta property=\"og:image\" content=\"https:\/\/neos-music.com\/wp-content\/uploads\/2022\/11\/NEOS_11816_Rojko_Schiphorst_Juhart.jpeg\" \/>\n\t<meta property=\"og:image:width\" content=\"1648\" \/>\n\t<meta property=\"og:image:height\" content=\"1484\" \/>\n\t<meta property=\"og:image:type\" content=\"image\/jpeg\" \/>\n<meta name=\"twitter:card\" content=\"summary_large_image\" \/>\n<meta name=\"twitter:label1\" content=\"Est. reading time\" \/>\n\t<meta name=\"twitter:data1\" content=\"6 minutes\" \/>\n<script type=\"application\/ld+json\" class=\"yoast-schema-graph\">{\"@context\":\"https:\\\/\\\/schema.org\",\"@graph\":[{\"@type\":\"WebPage\",\"@id\":\"https:\\\/\\\/neos-music.com\\\/product\\\/uros-rojko-iris-ter-schiphorst-luka-juhart-works-for-clarinet-and-accordion\\\/\",\"url\":\"https:\\\/\\\/neos-music.com\\\/product\\\/uros-rojko-iris-ter-schiphorst-luka-juhart-works-for-clarinet-and-accordion\\\/\",\"name\":\"Uro\u0161 Rojko - Iris ter Schiphorst - Luka Juhart: Works for Clarinet and Accordion - NEOS Music\",\"isPartOf\":{\"@id\":\"https:\\\/\\\/neos-music.com\\\/#website\"},\"primaryImageOfPage\":{\"@id\":\"https:\\\/\\\/neos-music.com\\\/product\\\/uros-rojko-iris-ter-schiphorst-luka-juhart-works-for-clarinet-and-accordion\\\/#primaryimage\"},\"image\":{\"@id\":\"https:\\\/\\\/neos-music.com\\\/product\\\/uros-rojko-iris-ter-schiphorst-luka-juhart-works-for-clarinet-and-accordion\\\/#primaryimage\"},\"thumbnailUrl\":\"https:\\\/\\\/i0.wp.com\\\/neos-music.com\\\/wp-content\\\/uploads\\\/2022\\\/11\\\/NEOS_11816_Rojko_Schiphorst_Juhart.jpeg?fit=1648%2C1484&ssl=1\",\"datePublished\":\"2018-11-24T18:42:25+00:00\",\"dateModified\":\"2023-05-22T21:23:31+00:00\",\"breadcrumb\":{\"@id\":\"https:\\\/\\\/neos-music.com\\\/product\\\/uros-rojko-iris-ter-schiphorst-luka-juhart-works-for-clarinet-and-accordion\\\/#breadcrumb\"},\"inLanguage\":\"en-US\",\"potentialAction\":[{\"@type\":\"ReadAction\",\"target\":[\"https:\\\/\\\/neos-music.com\\\/product\\\/uros-rojko-iris-ter-schiphorst-luka-juhart-works-for-clarinet-and-accordion\\\/\"]}]},{\"@type\":\"ImageObject\",\"inLanguage\":\"en-US\",\"@id\":\"https:\\\/\\\/neos-music.com\\\/product\\\/uros-rojko-iris-ter-schiphorst-luka-juhart-works-for-clarinet-and-accordion\\\/#primaryimage\",\"url\":\"https:\\\/\\\/i0.wp.com\\\/neos-music.com\\\/wp-content\\\/uploads\\\/2022\\\/11\\\/NEOS_11816_Rojko_Schiphorst_Juhart.jpeg?fit=1648%2C1484&ssl=1\",\"contentUrl\":\"https:\\\/\\\/i0.wp.com\\\/neos-music.com\\\/wp-content\\\/uploads\\\/2022\\\/11\\\/NEOS_11816_Rojko_Schiphorst_Juhart.jpeg?fit=1648%2C1484&ssl=1\",\"width\":1648,\"height\":1484},{\"@type\":\"BreadcrumbList\",\"@id\":\"https:\\\/\\\/neos-music.com\\\/product\\\/uros-rojko-iris-ter-schiphorst-luka-juhart-works-for-clarinet-and-accordion\\\/#breadcrumb\",\"itemListElement\":[{\"@type\":\"ListItem\",\"position\":1,\"name\":\"Startseite\",\"item\":\"https:\\\/\\\/neos-music.com\\\/\"},{\"@type\":\"ListItem\",\"position\":2,\"name\":\"Produkte\",\"item\":\"https:\\\/\\\/neos-music.com\\\/shop__trashed\\\/\"},{\"@type\":\"ListItem\",\"position\":3,\"name\":\"Uro\u0161 Rojko &#8211; Iris ter Schiphorst &#8211; Luka Juhart: Works for Clarinet and Accordion\"}]},{\"@type\":\"WebSite\",\"@id\":\"https:\\\/\\\/neos-music.com\\\/#website\",\"url\":\"https:\\\/\\\/neos-music.com\\\/\",\"name\":\"NEOS Music\",\"description\":\"Dein Online Shop f\u00fcr zeitgen\u00f6ssische Musik, Jazz und Classics!\",\"publisher\":{\"@id\":\"https:\\\/\\\/neos-music.com\\\/#organization\"},\"potentialAction\":[{\"@type\":\"SearchAction\",\"target\":{\"@type\":\"EntryPoint\",\"urlTemplate\":\"https:\\\/\\\/neos-music.com\\\/?s={search_term_string}\"},\"query-input\":{\"@type\":\"PropertyValueSpecification\",\"valueRequired\":true,\"valueName\":\"search_term_string\"}}],\"inLanguage\":\"en-US\"},{\"@type\":\"Organization\",\"@id\":\"https:\\\/\\\/neos-music.com\\\/#organization\",\"name\":\"NEOS Music\",\"url\":\"https:\\\/\\\/neos-music.com\\\/\",\"logo\":{\"@type\":\"ImageObject\",\"inLanguage\":\"en-US\",\"@id\":\"https:\\\/\\\/neos-music.com\\\/#\\\/schema\\\/logo\\\/image\\\/\",\"url\":\"https:\\\/\\\/i0.wp.com\\\/neos-music.com\\\/wp-content\\\/uploads\\\/2025\\\/08\\\/NEOS-Logo-weiss.png?fit=800%2C203&ssl=1\",\"contentUrl\":\"https:\\\/\\\/i0.wp.com\\\/neos-music.com\\\/wp-content\\\/uploads\\\/2025\\\/08\\\/NEOS-Logo-weiss.png?fit=800%2C203&ssl=1\",\"width\":800,\"height\":203,\"caption\":\"NEOS Music\"},\"image\":{\"@id\":\"https:\\\/\\\/neos-music.com\\\/#\\\/schema\\\/logo\\\/image\\\/\"}}]}<\/script>\n<!-- \/ Yoast SEO plugin. -->","yoast_head_json":{"title":"Uro\u0161 Rojko - Iris ter Schiphorst - Luka Juhart: Works for Clarinet and Accordion - NEOS Music","robots":{"index":"index","follow":"follow","max-snippet":"max-snippet:-1","max-image-preview":"max-image-preview:large","max-video-preview":"max-video-preview:-1"},"canonical":"https:\/\/neos-music.com\/en_us\/product\/uros-rojko-iris-ter-schiphorst-luka-juhart-works-for-clarinet-and-accordion\/","og_locale":"en_US","og_type":"article","og_title":"Uro\u0161 Rojko - Iris ter Schiphorst - Luka Juhart: Works for Clarinet and Accordion - NEOS Music","og_description":"Infotext: WERKE F\u00dcR KLARINETTE UND AKKORDEON Uro\u0161 Rojko \u00b7 Luka Juhart \u00b7 Iris ter Schiphorst Uro\u0161 Rojko VOX\u00a0(2001) VOX\u00a0f\u00fcr Klarinette und Akkordeon \u00bbsucht\u00ab die Ber\u00fchrung mit dem intimsten Inneren des menschlichen Wesens. Die \u00e4u\u00dferste Reduzierung des Materials, auf den Ursprung allein, auf den Grundton und dessen Spektrum, ist die notwendige Voraussetzung f\u00fcr das Erwecken der [&hellip;]","og_url":"https:\/\/neos-music.com\/en_us\/product\/uros-rojko-iris-ter-schiphorst-luka-juhart-works-for-clarinet-and-accordion\/","og_site_name":"NEOS Music","article_modified_time":"2023-05-22T21:23:31+00:00","og_image":[{"width":1648,"height":1484,"url":"https:\/\/neos-music.com\/wp-content\/uploads\/2022\/11\/NEOS_11816_Rojko_Schiphorst_Juhart.jpeg","type":"image\/jpeg"}],"twitter_card":"summary_large_image","twitter_misc":{"Est. reading time":"6 minutes"},"schema":{"@context":"https:\/\/schema.org","@graph":[{"@type":"WebPage","@id":"https:\/\/neos-music.com\/product\/uros-rojko-iris-ter-schiphorst-luka-juhart-works-for-clarinet-and-accordion\/","url":"https:\/\/neos-music.com\/product\/uros-rojko-iris-ter-schiphorst-luka-juhart-works-for-clarinet-and-accordion\/","name":"Uro\u0161 Rojko - Iris ter Schiphorst - Luka Juhart: Works for Clarinet and Accordion - NEOS Music","isPartOf":{"@id":"https:\/\/neos-music.com\/#website"},"primaryImageOfPage":{"@id":"https:\/\/neos-music.com\/product\/uros-rojko-iris-ter-schiphorst-luka-juhart-works-for-clarinet-and-accordion\/#primaryimage"},"image":{"@id":"https:\/\/neos-music.com\/product\/uros-rojko-iris-ter-schiphorst-luka-juhart-works-for-clarinet-and-accordion\/#primaryimage"},"thumbnailUrl":"https:\/\/i0.wp.com\/neos-music.com\/wp-content\/uploads\/2022\/11\/NEOS_11816_Rojko_Schiphorst_Juhart.jpeg?fit=1648%2C1484&ssl=1","datePublished":"2018-11-24T18:42:25+00:00","dateModified":"2023-05-22T21:23:31+00:00","breadcrumb":{"@id":"https:\/\/neos-music.com\/product\/uros-rojko-iris-ter-schiphorst-luka-juhart-works-for-clarinet-and-accordion\/#breadcrumb"},"inLanguage":"en-US","potentialAction":[{"@type":"ReadAction","target":["https:\/\/neos-music.com\/product\/uros-rojko-iris-ter-schiphorst-luka-juhart-works-for-clarinet-and-accordion\/"]}]},{"@type":"ImageObject","inLanguage":"en-US","@id":"https:\/\/neos-music.com\/product\/uros-rojko-iris-ter-schiphorst-luka-juhart-works-for-clarinet-and-accordion\/#primaryimage","url":"https:\/\/i0.wp.com\/neos-music.com\/wp-content\/uploads\/2022\/11\/NEOS_11816_Rojko_Schiphorst_Juhart.jpeg?fit=1648%2C1484&ssl=1","contentUrl":"https:\/\/i0.wp.com\/neos-music.com\/wp-content\/uploads\/2022\/11\/NEOS_11816_Rojko_Schiphorst_Juhart.jpeg?fit=1648%2C1484&ssl=1","width":1648,"height":1484},{"@type":"BreadcrumbList","@id":"https:\/\/neos-music.com\/product\/uros-rojko-iris-ter-schiphorst-luka-juhart-works-for-clarinet-and-accordion\/#breadcrumb","itemListElement":[{"@type":"ListItem","position":1,"name":"Startseite","item":"https:\/\/neos-music.com\/"},{"@type":"ListItem","position":2,"name":"Produkte","item":"https:\/\/neos-music.com\/shop__trashed\/"},{"@type":"ListItem","position":3,"name":"Uro\u0161 Rojko &#8211; Iris ter Schiphorst &#8211; Luka Juhart: Works for Clarinet and Accordion"}]},{"@type":"WebSite","@id":"https:\/\/neos-music.com\/#website","url":"https:\/\/neos-music.com\/","name":"NEOS Music","description":"Dein Online Shop f\u00fcr zeitgen\u00f6ssische Musik, Jazz und Classics!","publisher":{"@id":"https:\/\/neos-music.com\/#organization"},"potentialAction":[{"@type":"SearchAction","target":{"@type":"EntryPoint","urlTemplate":"https:\/\/neos-music.com\/?s={search_term_string}"},"query-input":{"@type":"PropertyValueSpecification","valueRequired":true,"valueName":"search_term_string"}}],"inLanguage":"en-US"},{"@type":"Organization","@id":"https:\/\/neos-music.com\/#organization","name":"NEOS Music","url":"https:\/\/neos-music.com\/","logo":{"@type":"ImageObject","inLanguage":"en-US","@id":"https:\/\/neos-music.com\/#\/schema\/logo\/image\/","url":"https:\/\/i0.wp.com\/neos-music.com\/wp-content\/uploads\/2025\/08\/NEOS-Logo-weiss.png?fit=800%2C203&ssl=1","contentUrl":"https:\/\/i0.wp.com\/neos-music.com\/wp-content\/uploads\/2025\/08\/NEOS-Logo-weiss.png?fit=800%2C203&ssl=1","width":800,"height":203,"caption":"NEOS Music"},"image":{"@id":"https:\/\/neos-music.com\/#\/schema\/logo\/image\/"}}]}},"jetpack_sharing_enabled":true,"_links":{"self":[{"href":"https:\/\/neos-music.com\/en_us\/wp-json\/wp\/v2\/product\/2595","targetHints":{"allow":["GET"]}}],"collection":[{"href":"https:\/\/neos-music.com\/en_us\/wp-json\/wp\/v2\/product"}],"about":[{"href":"https:\/\/neos-music.com\/en_us\/wp-json\/wp\/v2\/types\/product"}],"version-history":[{"count":0,"href":"https:\/\/neos-music.com\/en_us\/wp-json\/wp\/v2\/product\/2595\/revisions"}],"wp:featuredmedia":[{"embeddable":true,"href":"https:\/\/neos-music.com\/en_us\/wp-json\/wp\/v2\/media\/2596"}],"wp:attachment":[{"href":"https:\/\/neos-music.com\/en_us\/wp-json\/wp\/v2\/media?parent=2595"}],"wp:term":[{"taxonomy":"product_brand","embeddable":true,"href":"https:\/\/neos-music.com\/en_us\/wp-json\/wp\/v2\/product_brand?post=2595"},{"taxonomy":"product_cat","embeddable":true,"href":"https:\/\/neos-music.com\/en_us\/wp-json\/wp\/v2\/product_cat?post=2595"},{"taxonomy":"product_tag","embeddable":true,"href":"https:\/\/neos-music.com\/en_us\/wp-json\/wp\/v2\/product_tag?post=2595"}],"curies":[{"name":"wp","href":"https:\/\/api.w.org\/{rel}","templated":true}]}}