{"id":2606,"date":"2018-10-19T19:30:23","date_gmt":"2018-10-19T19:30:23","guid":{"rendered":"https:\/\/neos-music.com\/?post_type=product&#038;p=2606"},"modified":"2023-05-25T09:42:59","modified_gmt":"2023-05-25T09:42:59","slug":"emmanuel-nunes-eivind-buene-andreas-dohmen-marton-illes-chaya-czernowin-donaueschinger-musiktage-2017","status":"publish","type":"product","link":"https:\/\/neos-music.com\/en_us\/product\/emmanuel-nunes-eivind-buene-andreas-dohmen-marton-illes-chaya-czernowin-donaueschinger-musiktage-2017\/","title":{"rendered":"Emmanuel Nunes, Eivind Buene, Andreas Dohmen, M\u00e1rton Ill\u00e9s, Chaya Czernowin: Donaueschinger Musiktage 2017"},"content":{"rendered":"<p>Programm:<\/p>\n<table border=\"0\" width=\"100%\" rules=\"none\" cellspacing=\"0\" cellpadding=\"0\">\n<tbody>\n<tr>\n<td class=\"bigcontent2\">\n<div id=\"tracks\">\n<p><b>SACD 1<br \/>\n<\/b>total playing time: 73:22<\/p>\n<p><b>Emmanuel Nunes<\/b>\u00a0(1941\u20132012)<br \/>\n<b>Un calendrier r\u00e9volu<\/b>\u00a0for 14 instruments (1968\u2009\/\u20091969)<b>\u00a051:23<\/b><\/p>\n<p>[01]\u00a0<b>Partie I<\/b>\u00a020:16<br \/>\n[02]\u00a0<b>Partie II<\/b>\u00a031:07<\/p>\n<p><i>World premiere \u00b7 Live recording<\/i><\/p>\n<p>Remix Ensemble Casa da M\u00fasica<br \/>\n<a class=\"arcoma_glossarylink\" href=\"https:\/\/neos-music.com\/output.php?content=Kuenstler\/Pomarico_Emilio.php&amp;treplace=english%2Cgerman\" target=\"_self\" rel=\"noopener\">Emilio Pom\u00e0rico<\/a>, conductor<\/p>\n<p><b>Eivind Buene<\/b>\u00a0(*1973)<br \/>\n<b>Lessons in Darkness<\/b>\u00a0for ensemble (2017)\u00a0<b>21:57<\/b><\/p>\n<p>[03]\u00a0<b>First Lesson<\/b>\u00a005:22<br \/>\n[04]<b>\u00a0Second Lesson<\/b>\u00a006:49<br \/>\n[05]\u00a0<b>Third Lesson<\/b>\u00a009:46<\/p>\n<p><i>World premiere \u00b7 Live recording<br \/>\nCommissioned by SWR and The Norwegian Composers\u2019 Fund<br \/>\nfor Campus Musikfabrik with support from Kunststiftung NRW<\/i><\/p>\n<p>Ensemble Musikfabrik (Enno Poppe, rehearsals)<\/p>\n<p>&nbsp;<\/p>\n<p><b>SACD 2<br \/>\n<\/b>total playing time: 71:41<\/p>\n<p><b>Andreas Dohmen<\/b>\u00a0(*1962)<br \/>\n[01]\u00a0<b>a doppio movimento<\/b>\u00a0for electric guitar, harp, piano and large orchestra (2016\u2009\/\u20092017)\u00a0<b>22:35<\/b><\/p>\n<p><i>World premiere \u00b7 Live recording \u00b7 Commissioned by SWR<\/i><\/p>\n<p>Yaron Deutsch, electric guitar<br \/>\nAndreas Mildner, harp<br \/>\n<a class=\"arcoma_glossarylink\" href=\"https:\/\/neos-music.com\/output.php?content=Kuenstler\/Nicolas_Hodges.php&amp;treplace=english%2Cgerman\" target=\"_self\" rel=\"noopener\">Nicolas Hodges<\/a>, piano<br \/>\nSWR Symphonieorchester<br \/>\nIlan Volkov, conductor<\/p>\n<p><b>M\u00e1rton Ill\u00e9s<\/b>\u00a0(*1975)<br \/>\n<b>Ez-t\u00e9r (Es-Raum)<\/b>\u00a0for orchestra (2014\u2009\/\u20092017)<b>\u00a017:40<\/b><\/p>\n<p>02\u00a0<b>I<\/b>\u00a003:32<br \/>\n03\u00a0<b>II<\/b>\u00a004:07<br \/>\n04\u00a0<b>III<\/b>\u00a006:44<br \/>\n05\u00a0<b>IV<\/b>\u00a003:17<\/p>\n<p><i>World premiere \u00b7 Commissioned by SWR<\/i><\/p>\n<p>SWR Symphonieorchester<br \/>\nPablo Rus Broseta, conductor<\/p>\n<p><b><a class=\"arcoma_glossarylink\" href=\"https:\/\/neos-music.com\/output.php?content=Kuenstler\/Czernowin_Chaya.php&amp;treplace=english%2Cgerman\" target=\"_self\" rel=\"noopener\">Chaya Czernowin<\/a><\/b>\u00a0(*1957)<\/p>\n<p>06\u00a0<b>Guardian<\/b>\u00a0for violoncello and orchestra (2017)\u00a0<b>31:23<\/b><\/p>\n<p><i>World premiere \u00b7 Live recording<br \/>\nCommissioned by SWR, Philharmonie Luxembourg and Orchestre Philharmonique du Luxembourg<\/i><\/p>\n<p>S\u00e9verine Ballon, violoncello<br \/>\nSWR Symphonieorchester<br \/>\nPablo Rus Broseta, conductor<\/p>\n<p>Pressestimmen:<\/p>\n<table border=\"0\" width=\"100%\" rules=\"none\" cellspacing=\"0\" cellpadding=\"0\">\n<tbody>\n<tr>\n<td class=\"bigcontent2\">\n<div id=\"press\">\n<p><img data-recalc-dims=\"1\" decoding=\"async\" src=\"https:\/\/i0.wp.com\/neos-music.com\/wp-content\/uploads\/2023\/05\/logo_mundoclasico2.gif?ssl=1\" alt=\"\" \/><\/p>\n<p>31 Dec 2018<\/p>\n<p>Ya que el fin de a\u00f1o es un momento propicio para la reflexi\u00f3n y la consulta a los arcanos sobre cu\u00e1l ser\u00e1 nuestro futuro devenir, en Mundoclasico.com cerramos la secci\u00f3n discogr\u00e1fica en 2018 invocando al or\u00e1culo de las Donaueschinger Musiktage para preguntarnos por d\u00f3nde transcurrir\u00e1n los derroteros (que esperamos no derrotados) de la m\u00fasica en los pr\u00f3ximos a\u00f1os: interrogante que de forma recurrente se ha planteado, desde su fundaci\u00f3n en 1921, el que es uno de los principales y m\u00e1s antiguos festivales europeos de m\u00fasica contempor\u00e1nea&#8230;\u00a0<a class=\"arcoma_editor_link\" href=\"https:\/\/neos-music.com\/output.php?template=german-album-details.php&amp;content=Alben\/11826-27.php#\" target=\"_blank\" rel=\"noopener\">[read the full article here]<\/a><\/p>\n<p>Paco Y\u00e1\u00f1ez<\/p>\n<\/div>\n<\/td>\n<\/tr>\n<\/tbody>\n<\/table>\n<\/div>\n<\/td>\n<\/tr>\n<\/tbody>\n<\/table>\n","protected":false},"excerpt":{"rendered":"<p>Programm: SACD 1 total playing time: 73:22 Emmanuel Nunes\u00a0(1941\u20132012) Un calendrier r\u00e9volu\u00a0for 14 instruments (1968\u2009\/\u20091969)\u00a051:23 [01]\u00a0Partie I\u00a020:16 [02]\u00a0Partie II\u00a031:07 World premiere \u00b7 Live recording Remix Ensemble Casa da M\u00fasica Emilio Pom\u00e0rico, conductor Eivind Buene\u00a0(*1973) Lessons in Darkness\u00a0for ensemble (2017)\u00a021:57 [03]\u00a0First Lesson\u00a005:22 [04]\u00a0Second Lesson\u00a006:49 [05]\u00a0Third Lesson\u00a009:46 World premiere \u00b7 Live recording Commissioned by SWR and The [&hellip;]<\/p>\n","protected":false},"featured_media":2607,"template":"","meta":{"site-sidebar-layout":"default","site-content-layout":"default","ast-site-content-layout":"default","site-content-style":"default","site-sidebar-style":"default","ast-global-header-display":"","ast-banner-title-visibility":"","ast-main-header-display":"","ast-hfb-above-header-display":"","ast-hfb-below-header-display":"","ast-hfb-mobile-header-display":"","site-post-title":"","ast-breadcrumbs-content":"","ast-featured-img":"","footer-sml-layout":"","theme-transparent-header-meta":"default","adv-header-id-meta":"","stick-header-meta":"","header-above-stick-meta":"","header-main-stick-meta":"","header-below-stick-meta":"","astra-migrate-meta-layouts":"default","ast-page-background-enabled":"default","ast-page-background-meta":{"desktop":{"background-color":"","background-image":"","background-repeat":"repeat","background-position":"center center","background-size":"auto","background-attachment":"scroll","background-type":"","background-media":"","overlay-type":"","overlay-color":"","overlay-opacity":"","overlay-gradient":""},"tablet":{"background-color":"","background-image":"","background-repeat":"repeat","background-position":"center center","background-size":"auto","background-attachment":"scroll","background-type":"","background-media":"","overlay-type":"","overlay-color":"","overlay-opacity":"","overlay-gradient":""},"mobile":{"background-color":"","background-image":"","background-repeat":"repeat","background-position":"center center","background-size":"auto","background-attachment":"scroll","background-type":"","background-media":"","overlay-type":"","overlay-color":"","overlay-opacity":"","overlay-gradient":""}},"ast-content-background-meta":{"desktop":{"background-color":"var(--ast-global-color-5)","background-image":"","background-repeat":"repeat","background-position":"center center","background-size":"auto","background-attachment":"scroll","background-type":"","background-media":"","overlay-type":"","overlay-color":"","overlay-opacity":"","overlay-gradient":""},"tablet":{"background-color":"var(--ast-global-color-5)","background-image":"","background-repeat":"repeat","background-position":"center center","background-size":"auto","background-attachment":"scroll","background-type":"","background-media":"","overlay-type":"","overlay-color":"","overlay-opacity":"","overlay-gradient":""},"mobile":{"background-color":"var(--ast-global-color-5)","background-image":"","background-repeat":"repeat","background-position":"center center","background-size":"auto","background-attachment":"scroll","background-type":"","background-media":"","overlay-type":"","overlay-color":"","overlay-opacity":"","overlay-gradient":""}}},"product_brand":[],"product_cat":[878,26],"product_tag":[],"class_list":{"0":"post-2606","1":"product","2":"type-product","3":"status-publish","4":"has-post-thumbnail","6":"product_cat-streichquartett","7":"product_cat-zeitgenossische-musik","8":"pa_artikelnummer-neos-11826-27","9":"pa_brand-neos-music","10":"pa_ean-222","11":"desktop-align-left","12":"tablet-align-left","13":"mobile-align-left","15":"first","16":"instock","17":"taxable","18":"shipping-taxable","19":"purchasable","20":"product-type-simple"},"yoast_head":"<!-- This site is optimized with the Yoast SEO plugin v27.4 - https:\/\/yoast.com\/product\/yoast-seo-wordpress\/ -->\n<title>Emmanuel Nunes, Eivind Buene, Andreas Dohmen, M\u00e1rton Ill\u00e9s, Chaya Czernowin: Donaueschinger Musiktage 2017 - NEOS Music<\/title>\n<meta name=\"robots\" content=\"index, follow, max-snippet:-1, max-image-preview:large, max-video-preview:-1\" \/>\n<link rel=\"canonical\" href=\"https:\/\/neos-music.com\/en_us\/product\/emmanuel-nunes-eivind-buene-andreas-dohmen-marton-illes-chaya-czernowin-donaueschinger-musiktage-2017\/\" \/>\n<meta property=\"og:locale\" content=\"en_US\" \/>\n<meta property=\"og:type\" content=\"article\" \/>\n<meta property=\"og:title\" content=\"Emmanuel Nunes, Eivind Buene, Andreas Dohmen, M\u00e1rton Ill\u00e9s, Chaya Czernowin: Donaueschinger Musiktage 2017 - NEOS Music\" \/>\n<meta property=\"og:description\" content=\"Programm: SACD 1 total playing time: 73:22 Emmanuel Nunes\u00a0(1941\u20132012) Un calendrier r\u00e9volu\u00a0for 14 instruments (1968\u2009\/\u20091969)\u00a051:23 [01]\u00a0Partie I\u00a020:16 [02]\u00a0Partie II\u00a031:07 World premiere \u00b7 Live recording Remix Ensemble Casa da M\u00fasica Emilio Pom\u00e0rico, conductor Eivind Buene\u00a0(*1973) Lessons in Darkness\u00a0for ensemble (2017)\u00a021:57 [03]\u00a0First Lesson\u00a005:22 [04]\u00a0Second Lesson\u00a006:49 [05]\u00a0Third Lesson\u00a009:46 World premiere \u00b7 Live recording Commissioned by SWR and The [&hellip;]\" \/>\n<meta property=\"og:url\" content=\"https:\/\/neos-music.com\/en_us\/product\/emmanuel-nunes-eivind-buene-andreas-dohmen-marton-illes-chaya-czernowin-donaueschinger-musiktage-2017\/\" \/>\n<meta property=\"og:site_name\" content=\"NEOS Music\" \/>\n<meta property=\"article:modified_time\" content=\"2023-05-25T09:42:59+00:00\" \/>\n<meta property=\"og:image\" content=\"https:\/\/neos-music.com\/wp-content\/uploads\/2022\/11\/NEOS_11826-27_DMT2017.jpeg\" \/>\n\t<meta property=\"og:image:width\" content=\"1647\" \/>\n\t<meta property=\"og:image:height\" content=\"1482\" \/>\n\t<meta property=\"og:image:type\" content=\"image\/jpeg\" \/>\n<meta name=\"twitter:card\" content=\"summary_large_image\" \/>\n<meta name=\"twitter:label1\" content=\"Est. reading time\" \/>\n\t<meta name=\"twitter:data1\" content=\"2 minutes\" \/>\n<script type=\"application\/ld+json\" class=\"yoast-schema-graph\">{\"@context\":\"https:\\\/\\\/schema.org\",\"@graph\":[{\"@type\":\"WebPage\",\"@id\":\"https:\\\/\\\/neos-music.com\\\/product\\\/emmanuel-nunes-eivind-buene-andreas-dohmen-marton-illes-chaya-czernowin-donaueschinger-musiktage-2017\\\/\",\"url\":\"https:\\\/\\\/neos-music.com\\\/product\\\/emmanuel-nunes-eivind-buene-andreas-dohmen-marton-illes-chaya-czernowin-donaueschinger-musiktage-2017\\\/\",\"name\":\"Emmanuel Nunes, Eivind Buene, Andreas Dohmen, M\u00e1rton Ill\u00e9s, Chaya Czernowin: Donaueschinger Musiktage 2017 - NEOS Music\",\"isPartOf\":{\"@id\":\"https:\\\/\\\/neos-music.com\\\/#website\"},\"primaryImageOfPage\":{\"@id\":\"https:\\\/\\\/neos-music.com\\\/product\\\/emmanuel-nunes-eivind-buene-andreas-dohmen-marton-illes-chaya-czernowin-donaueschinger-musiktage-2017\\\/#primaryimage\"},\"image\":{\"@id\":\"https:\\\/\\\/neos-music.com\\\/product\\\/emmanuel-nunes-eivind-buene-andreas-dohmen-marton-illes-chaya-czernowin-donaueschinger-musiktage-2017\\\/#primaryimage\"},\"thumbnailUrl\":\"https:\\\/\\\/i0.wp.com\\\/neos-music.com\\\/wp-content\\\/uploads\\\/2022\\\/11\\\/NEOS_11826-27_DMT2017.jpeg?fit=1647%2C1482&ssl=1\",\"datePublished\":\"2018-10-19T19:30:23+00:00\",\"dateModified\":\"2023-05-25T09:42:59+00:00\",\"breadcrumb\":{\"@id\":\"https:\\\/\\\/neos-music.com\\\/product\\\/emmanuel-nunes-eivind-buene-andreas-dohmen-marton-illes-chaya-czernowin-donaueschinger-musiktage-2017\\\/#breadcrumb\"},\"inLanguage\":\"en-US\",\"potentialAction\":[{\"@type\":\"ReadAction\",\"target\":[\"https:\\\/\\\/neos-music.com\\\/product\\\/emmanuel-nunes-eivind-buene-andreas-dohmen-marton-illes-chaya-czernowin-donaueschinger-musiktage-2017\\\/\"]}]},{\"@type\":\"ImageObject\",\"inLanguage\":\"en-US\",\"@id\":\"https:\\\/\\\/neos-music.com\\\/product\\\/emmanuel-nunes-eivind-buene-andreas-dohmen-marton-illes-chaya-czernowin-donaueschinger-musiktage-2017\\\/#primaryimage\",\"url\":\"https:\\\/\\\/i0.wp.com\\\/neos-music.com\\\/wp-content\\\/uploads\\\/2022\\\/11\\\/NEOS_11826-27_DMT2017.jpeg?fit=1647%2C1482&ssl=1\",\"contentUrl\":\"https:\\\/\\\/i0.wp.com\\\/neos-music.com\\\/wp-content\\\/uploads\\\/2022\\\/11\\\/NEOS_11826-27_DMT2017.jpeg?fit=1647%2C1482&ssl=1\",\"width\":1647,\"height\":1482},{\"@type\":\"BreadcrumbList\",\"@id\":\"https:\\\/\\\/neos-music.com\\\/product\\\/emmanuel-nunes-eivind-buene-andreas-dohmen-marton-illes-chaya-czernowin-donaueschinger-musiktage-2017\\\/#breadcrumb\",\"itemListElement\":[{\"@type\":\"ListItem\",\"position\":1,\"name\":\"Startseite\",\"item\":\"https:\\\/\\\/neos-music.com\\\/\"},{\"@type\":\"ListItem\",\"position\":2,\"name\":\"Produkte\",\"item\":\"https:\\\/\\\/neos-music.com\\\/shop__trashed\\\/\"},{\"@type\":\"ListItem\",\"position\":3,\"name\":\"Emmanuel Nunes, Eivind Buene, Andreas Dohmen, M\u00e1rton Ill\u00e9s, Chaya Czernowin: Donaueschinger Musiktage 2017\"}]},{\"@type\":\"WebSite\",\"@id\":\"https:\\\/\\\/neos-music.com\\\/#website\",\"url\":\"https:\\\/\\\/neos-music.com\\\/\",\"name\":\"NEOS Music\",\"description\":\"Dein Online Shop f\u00fcr zeitgen\u00f6ssische Musik, Jazz und Classics!\",\"publisher\":{\"@id\":\"https:\\\/\\\/neos-music.com\\\/#organization\"},\"potentialAction\":[{\"@type\":\"SearchAction\",\"target\":{\"@type\":\"EntryPoint\",\"urlTemplate\":\"https:\\\/\\\/neos-music.com\\\/?s={search_term_string}\"},\"query-input\":{\"@type\":\"PropertyValueSpecification\",\"valueRequired\":true,\"valueName\":\"search_term_string\"}}],\"inLanguage\":\"en-US\"},{\"@type\":\"Organization\",\"@id\":\"https:\\\/\\\/neos-music.com\\\/#organization\",\"name\":\"NEOS Music\",\"url\":\"https:\\\/\\\/neos-music.com\\\/\",\"logo\":{\"@type\":\"ImageObject\",\"inLanguage\":\"en-US\",\"@id\":\"https:\\\/\\\/neos-music.com\\\/#\\\/schema\\\/logo\\\/image\\\/\",\"url\":\"https:\\\/\\\/i0.wp.com\\\/neos-music.com\\\/wp-content\\\/uploads\\\/2025\\\/08\\\/NEOS-Logo-weiss.png?fit=800%2C203&ssl=1\",\"contentUrl\":\"https:\\\/\\\/i0.wp.com\\\/neos-music.com\\\/wp-content\\\/uploads\\\/2025\\\/08\\\/NEOS-Logo-weiss.png?fit=800%2C203&ssl=1\",\"width\":800,\"height\":203,\"caption\":\"NEOS Music\"},\"image\":{\"@id\":\"https:\\\/\\\/neos-music.com\\\/#\\\/schema\\\/logo\\\/image\\\/\"}}]}<\/script>\n<!-- \/ Yoast SEO plugin. -->","yoast_head_json":{"title":"Emmanuel Nunes, Eivind Buene, Andreas Dohmen, M\u00e1rton Ill\u00e9s, Chaya Czernowin: Donaueschinger Musiktage 2017 - NEOS Music","robots":{"index":"index","follow":"follow","max-snippet":"max-snippet:-1","max-image-preview":"max-image-preview:large","max-video-preview":"max-video-preview:-1"},"canonical":"https:\/\/neos-music.com\/en_us\/product\/emmanuel-nunes-eivind-buene-andreas-dohmen-marton-illes-chaya-czernowin-donaueschinger-musiktage-2017\/","og_locale":"en_US","og_type":"article","og_title":"Emmanuel Nunes, Eivind Buene, Andreas Dohmen, M\u00e1rton Ill\u00e9s, Chaya Czernowin: Donaueschinger Musiktage 2017 - NEOS Music","og_description":"Programm: SACD 1 total playing time: 73:22 Emmanuel Nunes\u00a0(1941\u20132012) Un calendrier r\u00e9volu\u00a0for 14 instruments (1968\u2009\/\u20091969)\u00a051:23 [01]\u00a0Partie I\u00a020:16 [02]\u00a0Partie II\u00a031:07 World premiere \u00b7 Live recording Remix Ensemble Casa da M\u00fasica Emilio Pom\u00e0rico, conductor Eivind Buene\u00a0(*1973) Lessons in Darkness\u00a0for ensemble (2017)\u00a021:57 [03]\u00a0First Lesson\u00a005:22 [04]\u00a0Second Lesson\u00a006:49 [05]\u00a0Third Lesson\u00a009:46 World premiere \u00b7 Live recording Commissioned by SWR and The [&hellip;]","og_url":"https:\/\/neos-music.com\/en_us\/product\/emmanuel-nunes-eivind-buene-andreas-dohmen-marton-illes-chaya-czernowin-donaueschinger-musiktage-2017\/","og_site_name":"NEOS Music","article_modified_time":"2023-05-25T09:42:59+00:00","og_image":[{"width":1647,"height":1482,"url":"https:\/\/neos-music.com\/wp-content\/uploads\/2022\/11\/NEOS_11826-27_DMT2017.jpeg","type":"image\/jpeg"}],"twitter_card":"summary_large_image","twitter_misc":{"Est. reading time":"2 minutes"},"schema":{"@context":"https:\/\/schema.org","@graph":[{"@type":"WebPage","@id":"https:\/\/neos-music.com\/product\/emmanuel-nunes-eivind-buene-andreas-dohmen-marton-illes-chaya-czernowin-donaueschinger-musiktage-2017\/","url":"https:\/\/neos-music.com\/product\/emmanuel-nunes-eivind-buene-andreas-dohmen-marton-illes-chaya-czernowin-donaueschinger-musiktage-2017\/","name":"Emmanuel Nunes, Eivind Buene, Andreas Dohmen, M\u00e1rton Ill\u00e9s, Chaya Czernowin: Donaueschinger Musiktage 2017 - NEOS Music","isPartOf":{"@id":"https:\/\/neos-music.com\/#website"},"primaryImageOfPage":{"@id":"https:\/\/neos-music.com\/product\/emmanuel-nunes-eivind-buene-andreas-dohmen-marton-illes-chaya-czernowin-donaueschinger-musiktage-2017\/#primaryimage"},"image":{"@id":"https:\/\/neos-music.com\/product\/emmanuel-nunes-eivind-buene-andreas-dohmen-marton-illes-chaya-czernowin-donaueschinger-musiktage-2017\/#primaryimage"},"thumbnailUrl":"https:\/\/i0.wp.com\/neos-music.com\/wp-content\/uploads\/2022\/11\/NEOS_11826-27_DMT2017.jpeg?fit=1647%2C1482&ssl=1","datePublished":"2018-10-19T19:30:23+00:00","dateModified":"2023-05-25T09:42:59+00:00","breadcrumb":{"@id":"https:\/\/neos-music.com\/product\/emmanuel-nunes-eivind-buene-andreas-dohmen-marton-illes-chaya-czernowin-donaueschinger-musiktage-2017\/#breadcrumb"},"inLanguage":"en-US","potentialAction":[{"@type":"ReadAction","target":["https:\/\/neos-music.com\/product\/emmanuel-nunes-eivind-buene-andreas-dohmen-marton-illes-chaya-czernowin-donaueschinger-musiktage-2017\/"]}]},{"@type":"ImageObject","inLanguage":"en-US","@id":"https:\/\/neos-music.com\/product\/emmanuel-nunes-eivind-buene-andreas-dohmen-marton-illes-chaya-czernowin-donaueschinger-musiktage-2017\/#primaryimage","url":"https:\/\/i0.wp.com\/neos-music.com\/wp-content\/uploads\/2022\/11\/NEOS_11826-27_DMT2017.jpeg?fit=1647%2C1482&ssl=1","contentUrl":"https:\/\/i0.wp.com\/neos-music.com\/wp-content\/uploads\/2022\/11\/NEOS_11826-27_DMT2017.jpeg?fit=1647%2C1482&ssl=1","width":1647,"height":1482},{"@type":"BreadcrumbList","@id":"https:\/\/neos-music.com\/product\/emmanuel-nunes-eivind-buene-andreas-dohmen-marton-illes-chaya-czernowin-donaueschinger-musiktage-2017\/#breadcrumb","itemListElement":[{"@type":"ListItem","position":1,"name":"Startseite","item":"https:\/\/neos-music.com\/"},{"@type":"ListItem","position":2,"name":"Produkte","item":"https:\/\/neos-music.com\/shop__trashed\/"},{"@type":"ListItem","position":3,"name":"Emmanuel Nunes, Eivind Buene, Andreas Dohmen, M\u00e1rton Ill\u00e9s, Chaya Czernowin: Donaueschinger Musiktage 2017"}]},{"@type":"WebSite","@id":"https:\/\/neos-music.com\/#website","url":"https:\/\/neos-music.com\/","name":"NEOS Music","description":"Dein Online Shop f\u00fcr zeitgen\u00f6ssische Musik, Jazz und Classics!","publisher":{"@id":"https:\/\/neos-music.com\/#organization"},"potentialAction":[{"@type":"SearchAction","target":{"@type":"EntryPoint","urlTemplate":"https:\/\/neos-music.com\/?s={search_term_string}"},"query-input":{"@type":"PropertyValueSpecification","valueRequired":true,"valueName":"search_term_string"}}],"inLanguage":"en-US"},{"@type":"Organization","@id":"https:\/\/neos-music.com\/#organization","name":"NEOS Music","url":"https:\/\/neos-music.com\/","logo":{"@type":"ImageObject","inLanguage":"en-US","@id":"https:\/\/neos-music.com\/#\/schema\/logo\/image\/","url":"https:\/\/i0.wp.com\/neos-music.com\/wp-content\/uploads\/2025\/08\/NEOS-Logo-weiss.png?fit=800%2C203&ssl=1","contentUrl":"https:\/\/i0.wp.com\/neos-music.com\/wp-content\/uploads\/2025\/08\/NEOS-Logo-weiss.png?fit=800%2C203&ssl=1","width":800,"height":203,"caption":"NEOS Music"},"image":{"@id":"https:\/\/neos-music.com\/#\/schema\/logo\/image\/"}}]}},"jetpack_sharing_enabled":true,"_links":{"self":[{"href":"https:\/\/neos-music.com\/en_us\/wp-json\/wp\/v2\/product\/2606","targetHints":{"allow":["GET"]}}],"collection":[{"href":"https:\/\/neos-music.com\/en_us\/wp-json\/wp\/v2\/product"}],"about":[{"href":"https:\/\/neos-music.com\/en_us\/wp-json\/wp\/v2\/types\/product"}],"version-history":[{"count":0,"href":"https:\/\/neos-music.com\/en_us\/wp-json\/wp\/v2\/product\/2606\/revisions"}],"wp:featuredmedia":[{"embeddable":true,"href":"https:\/\/neos-music.com\/en_us\/wp-json\/wp\/v2\/media\/2607"}],"wp:attachment":[{"href":"https:\/\/neos-music.com\/en_us\/wp-json\/wp\/v2\/media?parent=2606"}],"wp:term":[{"taxonomy":"product_brand","embeddable":true,"href":"https:\/\/neos-music.com\/en_us\/wp-json\/wp\/v2\/product_brand?post=2606"},{"taxonomy":"product_cat","embeddable":true,"href":"https:\/\/neos-music.com\/en_us\/wp-json\/wp\/v2\/product_cat?post=2606"},{"taxonomy":"product_tag","embeddable":true,"href":"https:\/\/neos-music.com\/en_us\/wp-json\/wp\/v2\/product_tag?post=2606"}],"curies":[{"name":"wp","href":"https:\/\/api.w.org\/{rel}","templated":true}]}}