{"id":2608,"date":"2018-10-19T19:32:52","date_gmt":"2018-10-19T19:32:52","guid":{"rendered":"https:\/\/neos-music.com\/?post_type=product&#038;p=2608"},"modified":"2023-05-22T21:26:53","modified_gmt":"2023-05-22T21:26:53","slug":"ars-nova-new-music-guillaume-de-machaut-wolfgang-von-schweinitz-philippe-de-vitry","status":"publish","type":"product","link":"https:\/\/neos-music.com\/en_us\/product\/ars-nova-new-music-guillaume-de-machaut-wolfgang-von-schweinitz-philippe-de-vitry\/","title":{"rendered":"Ars Nova &#8211; New Music: Guillaume de Machaut, Wolfgang von Schweinitz, Philippe de Vitry"},"content":{"rendered":"<p>Programm:<\/p>\n<table border=\"0\" width=\"100%\" rules=\"none\" cellspacing=\"0\" cellpadding=\"0\">\n<tbody>\n<tr>\n<td class=\"bigcontent2\">\n<div id=\"tracks\">\n<p><b>Guillaume de Machaut<\/b>\u00a0(c. 1300\u20131377)<br \/>\n<b>Lais, Ballads, Virelais, Rondeau<\/b><br \/>\nAdapted for violin and double bass in Pythagorean 3-limit Just Intonation<\/p>\n<p>[01]<b>\u00a0Lai No. 1 &#8211; Loyaut\u00e9, que point ne delay<\/b>\u00a001:24<br \/>\n[02]<b>\u00a0Ballad No. 8 &#8211; De desconfort<\/b>\u00a003:46<br \/>\n[03]<b>\u00a0Ballad No. 6 &#8211; Doulz amis<\/b>\u00a001:28<br \/>\n[04]\u00a0<b>Ballad No. 24 &#8211; Tres douce dame<\/b>\u00a002:15<br \/>\n[05]\u00a0<b>Virelai No. 26\u2009\/\u200929 &#8211; Mors sui, se je ne vous voy<\/b>\u00a001:55<br \/>\n[06]\u00a0<b>Ballad No. 15 &#8211; Se je me pleing<\/b>\u00a001:42<br \/>\n[07]\u00a0<b>Virelai No. 13 &#8211; Quant je sui mis au retour<\/b>\u00a000:46<br \/>\n[08]\u00a0<b>Virelai No. 24\u2009\/\u200927 &#8211; En mon cuer a un descort<\/b>\u00a001:18<br \/>\n[09]\u00a0<b>Virelai No. 25\u2009\/\u200928 &#8211; Tuit mi penser<\/b>\u00a000:53<br \/>\n[10]\u00a0<b>Ballad No. 1 &#8211; S\u2019Amours ne fait par sa grace adoucir<\/b>\u00a003:15<br \/>\n[11]\u00a0<b>Virelai No. 30\u2009\/\u200936 &#8211; Se je souspir parfondement<\/b>\u00a000:39<br \/>\n[12]<b>\u00a0Rondeau No. 2 &#8211; Helas!<\/b>\u00a001:15<br \/>\n[13]\u00a0<b>Ballad No. 9 &#8211; Dame, regarde pas<\/b>\u00a002:00<br \/>\n[14]\u00a0<b>Ballad No. 5 &#8211; Riches d\u2019amours<\/b>\u00a003:17<br \/>\n[15]<b>\u00a0Ballad No. 13 &#8211;\u00a0 Esperance qui m\u2019assure<\/b>\u00a001:17<br \/>\n[16]\u00a0<b>Virelai No. 4 &#8211; Douce dame jolie<\/b>\u00a001:06<br \/>\n[17]\u00a0<b>Ballad No. 16 &#8211; Dame, comment qu\u2019amez<\/b>\u00a003:02<br \/>\n[18]\u00a0<b>Virelai No. 5 &#8211; Comment qu\u2019a moy lonteinne<\/b>\u00a001:01<br \/>\n[19]\u00a0<b>Virelai No. 31\u2009\/\u200937 &#8211; Moult sui de bonne heure nee<\/b>\u00a001:39<br \/>\n[20]<b>\u00a0Lai No. 7 &#8211; Amours doucement me tente<\/b>\u00a0 07:15<\/p>\n<p><b><a class=\"arcoma_glossarylink\" href=\"https:\/\/neos-music.com\/output.php?content=Kuenstler\/Wolfgang_von_Schweinitz.php&amp;treplace=english%2Cgerman\" target=\"_self\" rel=\"noopener\">Wolfgang von Schweinitz<\/a><\/b>\u00a0(*1953)<br \/>\n[21]\u00a0<b>Plainsound Study No.I op. 61a<\/b>\u00a0(2015) 09:26<br \/>\nThe Two Diatonic Divisions of the Major Third<br \/>\nPresented in the Dorian Mode<br \/>\n<i>World premiere recording<\/i><\/p>\n<p><b>Philippe de Vitry<\/b>\u00a0(1291\u20131361)<br \/>\n<b>Motets from \u201cRoman de Fauvel\u201d<\/b><br \/>\nAdapted for violin and double bass in Pythagorean 3-limit Just Intonation<\/p>\n<p>[22]<b>\u00a0Motet No. 31 &#8211; Scrutator Alme Cordium<\/b>\u00a001:32<br \/>\n[23]\u00a0<b>Motet No. 1 &#8211; Favellandi vicium<\/b>\u00a000:58<br \/>\n[24]\u00a0<b>Motet No. 2 &#8211; Mundus a mundicia<\/b>\u00a001:03<br \/>\n[25]\u00a0<b>Motet No. 3 &#8211; Quare fremuerunt<\/b>\u00a000:54<br \/>\n[26]\u00a0<b>Motet No. 6 &#8211; In mari miserere<\/b>\u00a001:06<br \/>\n[27]<b>\u00a0Motet No. 7 &#8211; Ad solitum vomitum<\/b>\u00a001:38<br \/>\n[28]\u00a0<b>Motet No. 19 &#8211; Veritas Arpie<\/b>\u00a001:30<br \/>\n[29]\u00a0<b>Motet No. 20 &#8211; Ade costa dormientis<\/b>\u00a001:18<br \/>\n[30]\u00a0<b>Motet No. 22 &#8211; Inter amenitatis tripudia<\/b>\u00a001:13<\/p>\n<p>total playing time: 61:47<\/p>\n<p><a class=\"arcoma_glossarylink\" href=\"https:\/\/neos-music.com\/output.php?content=Kuenstler\/Helge_Slaatto.php&amp;treplace=english%2Cgerman\" target=\"_self\" rel=\"noopener\">Helge Slaatto<\/a>, violin<br \/>\n<a class=\"arcoma_glossarylink\" href=\"https:\/\/neos-music.com\/output.php?content=Kuenstler\/Frank_Reinecke.php&amp;treplace=english%2Cgerman\" target=\"_self\" rel=\"noopener\">Frank Reinecke<\/a>, double bass<\/p>\n<p>Pressestimmen:<\/p>\n<table border=\"0\" width=\"100%\" rules=\"none\" cellspacing=\"0\" cellpadding=\"0\">\n<tbody>\n<tr>\n<td class=\"bigcontent2\">\n<div id=\"press\">\n<p><img data-recalc-dims=\"1\" decoding=\"async\" src=\"https:\/\/i0.wp.com\/neos-music.com\/wp-content\/uploads\/2023\/05\/logo_musiktexte.jpg?ssl=1\" alt=\"\" \/><br \/>\nNr. 160 | Februar 2019<\/p>\n<p>Neue Musik gibt es bekanntlich nicht erst seit hundert, sondern seit siebenhundert Jahren. 1322 ver\u00f6ffentlichte Philippe de Vitry, Bischof, Komponist\u00a0und Musiktheoretiker, seinen Traktat &#8222;Ars nova&#8220;, in dem er durch neue Notationsprinzipien die weltliche \u00d6ffnung der Musik vorantrieb und die gegen\u00fcber der Naturtonstimmung zu gro\u00dfe pythagoreische Terz gegen den Willen des Papstes salonf\u00e4hig machte. Der Geiger Helge Slaatto und der Kontrabassist Frank Reinecke haben zweistimmige Motetten und Chansons von Vitry und seinem kongenialen Glaubensbruder Guillaume de Machaut in pythagoreischer Stimmung eingespielt, und hier ist die verruchte, leicht scharf klingende Terz zu h\u00f6ren. Die instrumentale Reduktion zeigt die Vokalwerke in Feinzeichnung und zeitloser Frische; vertrackte Rhythmen und eine konstruktive, f\u00fcr uns kaum durchschaubare innere Logik machen die St\u00fccke zu einer Entdeckungsreise. Das verbindet sie mit &#8222;Plainsound Study Nr. 1&#8220; von Wolfgang von Schweinitz. Das Trennende ist die Stimmung, denn diese mit bew\u00e4hrter Schweinitzscher Akribie gearbeitete harmonische Studie basiert auf der Naturtonleiter. Das klingt ber\u00fcckend sch\u00f6n, und der Aufstieg in die h\u00f6chsten Flageolettlagen ist atemberaubend. Der Br\u00fcckenschlag \u00fcber sieben Jahrhunderte befreit das Wort &#8222;neu&#8220; vom Marketinggeruch.<\/p>\n<p><i>Max Nyffeler<\/i><\/p>\n<p>&nbsp;<\/p>\n<\/div>\n<\/td>\n<\/tr>\n<\/tbody>\n<\/table>\n<\/div>\n<\/td>\n<\/tr>\n<\/tbody>\n<\/table>\n","protected":false},"excerpt":{"rendered":"<p>Programm: Guillaume de Machaut\u00a0(c. 1300\u20131377) Lais, Ballads, Virelais, Rondeau Adapted for violin and double bass in Pythagorean 3-limit Just Intonation [01]\u00a0Lai No. 1 &#8211; Loyaut\u00e9, que point ne delay\u00a001:24 [02]\u00a0Ballad No. 8 &#8211; De desconfort\u00a003:46 [03]\u00a0Ballad No. 6 &#8211; Doulz amis\u00a001:28 [04]\u00a0Ballad No. 24 &#8211; Tres douce dame\u00a002:15 [05]\u00a0Virelai No. 26\u2009\/\u200929 &#8211; Mors sui, se [&hellip;]<\/p>\n","protected":false},"featured_media":2609,"template":"","meta":{"site-sidebar-layout":"default","site-content-layout":"default","ast-site-content-layout":"default","site-content-style":"default","site-sidebar-style":"default","ast-global-header-display":"","ast-banner-title-visibility":"","ast-main-header-display":"","ast-hfb-above-header-display":"","ast-hfb-below-header-display":"","ast-hfb-mobile-header-display":"","site-post-title":"","ast-breadcrumbs-content":"","ast-featured-img":"","footer-sml-layout":"","theme-transparent-header-meta":"default","adv-header-id-meta":"","stick-header-meta":"","header-above-stick-meta":"","header-main-stick-meta":"","header-below-stick-meta":"","astra-migrate-meta-layouts":"default","ast-page-background-enabled":"default","ast-page-background-meta":{"desktop":{"background-color":"","background-image":"","background-repeat":"repeat","background-position":"center center","background-size":"auto","background-attachment":"scroll","background-type":"","background-media":"","overlay-type":"","overlay-color":"","overlay-opacity":"","overlay-gradient":""},"tablet":{"background-color":"","background-image":"","background-repeat":"repeat","background-position":"center center","background-size":"auto","background-attachment":"scroll","background-type":"","background-media":"","overlay-type":"","overlay-color":"","overlay-opacity":"","overlay-gradient":""},"mobile":{"background-color":"","background-image":"","background-repeat":"repeat","background-position":"center center","background-size":"auto","background-attachment":"scroll","background-type":"","background-media":"","overlay-type":"","overlay-color":"","overlay-opacity":"","overlay-gradient":""}},"ast-content-background-meta":{"desktop":{"background-color":"var(--ast-global-color-5)","background-image":"","background-repeat":"repeat","background-position":"center center","background-size":"auto","background-attachment":"scroll","background-type":"","background-media":"","overlay-type":"","overlay-color":"","overlay-opacity":"","overlay-gradient":""},"tablet":{"background-color":"var(--ast-global-color-5)","background-image":"","background-repeat":"repeat","background-position":"center center","background-size":"auto","background-attachment":"scroll","background-type":"","background-media":"","overlay-type":"","overlay-color":"","overlay-opacity":"","overlay-gradient":""},"mobile":{"background-color":"var(--ast-global-color-5)","background-image":"","background-repeat":"repeat","background-position":"center center","background-size":"auto","background-attachment":"scroll","background-type":"","background-media":"","overlay-type":"","overlay-color":"","overlay-opacity":"","overlay-gradient":""}}},"product_brand":[],"product_cat":[881,883,26],"product_tag":[],"class_list":{"0":"post-2608","1":"product","2":"type-product","3":"status-publish","4":"has-post-thumbnail","6":"product_cat-klarinette","7":"product_cat-orchester","8":"product_cat-zeitgenossische-musik","9":"pa_artikelnummer-neos-21802","10":"pa_brand-neos-music","11":"pa_ean-224","12":"desktop-align-left","13":"tablet-align-left","14":"mobile-align-left","16":"first","17":"instock","18":"taxable","19":"shipping-taxable","20":"purchasable","21":"product-type-simple"},"yoast_head":"<!-- This site is optimized with the Yoast SEO plugin v27.3 - https:\/\/yoast.com\/product\/yoast-seo-wordpress\/ -->\n<title>Ars Nova - New Music: Guillaume de Machaut, Wolfgang von Schweinitz, Philippe de Vitry - NEOS Music<\/title>\n<meta name=\"robots\" content=\"index, follow, max-snippet:-1, max-image-preview:large, max-video-preview:-1\" \/>\n<link rel=\"canonical\" href=\"https:\/\/neos-music.com\/en_us\/product\/ars-nova-new-music-guillaume-de-machaut-wolfgang-von-schweinitz-philippe-de-vitry\/\" \/>\n<meta property=\"og:locale\" content=\"en_US\" \/>\n<meta property=\"og:type\" content=\"article\" \/>\n<meta property=\"og:title\" content=\"Ars Nova - New Music: Guillaume de Machaut, Wolfgang von Schweinitz, Philippe de Vitry - NEOS Music\" \/>\n<meta property=\"og:description\" content=\"Programm: Guillaume de Machaut\u00a0(c. 1300\u20131377) Lais, Ballads, Virelais, Rondeau Adapted for violin and double bass in Pythagorean 3-limit Just Intonation [01]\u00a0Lai No. 1 &#8211; Loyaut\u00e9, que point ne delay\u00a001:24 [02]\u00a0Ballad No. 8 &#8211; De desconfort\u00a003:46 [03]\u00a0Ballad No. 6 &#8211; Doulz amis\u00a001:28 [04]\u00a0Ballad No. 24 &#8211; Tres douce dame\u00a002:15 [05]\u00a0Virelai No. 26\u2009\/\u200929 &#8211; Mors sui, se [&hellip;]\" \/>\n<meta property=\"og:url\" content=\"https:\/\/neos-music.com\/en_us\/product\/ars-nova-new-music-guillaume-de-machaut-wolfgang-von-schweinitz-philippe-de-vitry\/\" \/>\n<meta property=\"og:site_name\" content=\"NEOS Music\" \/>\n<meta property=\"article:modified_time\" content=\"2023-05-22T21:26:53+00:00\" \/>\n<meta property=\"og:image\" content=\"https:\/\/neos-music.com\/wp-content\/uploads\/2022\/11\/NEOS_21802_Ars_Nova.jpeg\" \/>\n\t<meta property=\"og:image:width\" content=\"1646\" \/>\n\t<meta property=\"og:image:height\" content=\"1483\" \/>\n\t<meta property=\"og:image:type\" content=\"image\/jpeg\" \/>\n<meta name=\"twitter:card\" content=\"summary_large_image\" \/>\n<meta name=\"twitter:label1\" content=\"Est. reading time\" \/>\n\t<meta name=\"twitter:data1\" content=\"4 minutes\" \/>\n<script type=\"application\/ld+json\" class=\"yoast-schema-graph\">{\"@context\":\"https:\\\/\\\/schema.org\",\"@graph\":[{\"@type\":\"WebPage\",\"@id\":\"https:\\\/\\\/neos-music.com\\\/product\\\/ars-nova-new-music-guillaume-de-machaut-wolfgang-von-schweinitz-philippe-de-vitry\\\/\",\"url\":\"https:\\\/\\\/neos-music.com\\\/product\\\/ars-nova-new-music-guillaume-de-machaut-wolfgang-von-schweinitz-philippe-de-vitry\\\/\",\"name\":\"Ars Nova - New Music: Guillaume de Machaut, Wolfgang von Schweinitz, Philippe de Vitry - NEOS Music\",\"isPartOf\":{\"@id\":\"https:\\\/\\\/neos-music.com\\\/#website\"},\"primaryImageOfPage\":{\"@id\":\"https:\\\/\\\/neos-music.com\\\/product\\\/ars-nova-new-music-guillaume-de-machaut-wolfgang-von-schweinitz-philippe-de-vitry\\\/#primaryimage\"},\"image\":{\"@id\":\"https:\\\/\\\/neos-music.com\\\/product\\\/ars-nova-new-music-guillaume-de-machaut-wolfgang-von-schweinitz-philippe-de-vitry\\\/#primaryimage\"},\"thumbnailUrl\":\"https:\\\/\\\/i0.wp.com\\\/neos-music.com\\\/wp-content\\\/uploads\\\/2022\\\/11\\\/NEOS_21802_Ars_Nova.jpeg?fit=1646%2C1483&ssl=1\",\"datePublished\":\"2018-10-19T19:32:52+00:00\",\"dateModified\":\"2023-05-22T21:26:53+00:00\",\"breadcrumb\":{\"@id\":\"https:\\\/\\\/neos-music.com\\\/product\\\/ars-nova-new-music-guillaume-de-machaut-wolfgang-von-schweinitz-philippe-de-vitry\\\/#breadcrumb\"},\"inLanguage\":\"en-US\",\"potentialAction\":[{\"@type\":\"ReadAction\",\"target\":[\"https:\\\/\\\/neos-music.com\\\/product\\\/ars-nova-new-music-guillaume-de-machaut-wolfgang-von-schweinitz-philippe-de-vitry\\\/\"]}]},{\"@type\":\"ImageObject\",\"inLanguage\":\"en-US\",\"@id\":\"https:\\\/\\\/neos-music.com\\\/product\\\/ars-nova-new-music-guillaume-de-machaut-wolfgang-von-schweinitz-philippe-de-vitry\\\/#primaryimage\",\"url\":\"https:\\\/\\\/i0.wp.com\\\/neos-music.com\\\/wp-content\\\/uploads\\\/2022\\\/11\\\/NEOS_21802_Ars_Nova.jpeg?fit=1646%2C1483&ssl=1\",\"contentUrl\":\"https:\\\/\\\/i0.wp.com\\\/neos-music.com\\\/wp-content\\\/uploads\\\/2022\\\/11\\\/NEOS_21802_Ars_Nova.jpeg?fit=1646%2C1483&ssl=1\",\"width\":1646,\"height\":1483},{\"@type\":\"BreadcrumbList\",\"@id\":\"https:\\\/\\\/neos-music.com\\\/product\\\/ars-nova-new-music-guillaume-de-machaut-wolfgang-von-schweinitz-philippe-de-vitry\\\/#breadcrumb\",\"itemListElement\":[{\"@type\":\"ListItem\",\"position\":1,\"name\":\"Startseite\",\"item\":\"https:\\\/\\\/neos-music.com\\\/\"},{\"@type\":\"ListItem\",\"position\":2,\"name\":\"Produkte\",\"item\":\"https:\\\/\\\/neos-music.com\\\/shop__trashed\\\/\"},{\"@type\":\"ListItem\",\"position\":3,\"name\":\"Ars Nova &#8211; New Music: Guillaume de Machaut, Wolfgang von Schweinitz, Philippe de Vitry\"}]},{\"@type\":\"WebSite\",\"@id\":\"https:\\\/\\\/neos-music.com\\\/#website\",\"url\":\"https:\\\/\\\/neos-music.com\\\/\",\"name\":\"NEOS Music\",\"description\":\"Dein Online Shop f\u00fcr zeitgen\u00f6ssische Musik, Jazz und Classics!\",\"publisher\":{\"@id\":\"https:\\\/\\\/neos-music.com\\\/#organization\"},\"potentialAction\":[{\"@type\":\"SearchAction\",\"target\":{\"@type\":\"EntryPoint\",\"urlTemplate\":\"https:\\\/\\\/neos-music.com\\\/?s={search_term_string}\"},\"query-input\":{\"@type\":\"PropertyValueSpecification\",\"valueRequired\":true,\"valueName\":\"search_term_string\"}}],\"inLanguage\":\"en-US\"},{\"@type\":\"Organization\",\"@id\":\"https:\\\/\\\/neos-music.com\\\/#organization\",\"name\":\"NEOS Music\",\"url\":\"https:\\\/\\\/neos-music.com\\\/\",\"logo\":{\"@type\":\"ImageObject\",\"inLanguage\":\"en-US\",\"@id\":\"https:\\\/\\\/neos-music.com\\\/#\\\/schema\\\/logo\\\/image\\\/\",\"url\":\"https:\\\/\\\/i0.wp.com\\\/neos-music.com\\\/wp-content\\\/uploads\\\/2025\\\/08\\\/NEOS-Logo-weiss.png?fit=800%2C203&ssl=1\",\"contentUrl\":\"https:\\\/\\\/i0.wp.com\\\/neos-music.com\\\/wp-content\\\/uploads\\\/2025\\\/08\\\/NEOS-Logo-weiss.png?fit=800%2C203&ssl=1\",\"width\":800,\"height\":203,\"caption\":\"NEOS Music\"},\"image\":{\"@id\":\"https:\\\/\\\/neos-music.com\\\/#\\\/schema\\\/logo\\\/image\\\/\"}}]}<\/script>\n<!-- \/ Yoast SEO plugin. -->","yoast_head_json":{"title":"Ars Nova - New Music: Guillaume de Machaut, Wolfgang von Schweinitz, Philippe de Vitry - NEOS Music","robots":{"index":"index","follow":"follow","max-snippet":"max-snippet:-1","max-image-preview":"max-image-preview:large","max-video-preview":"max-video-preview:-1"},"canonical":"https:\/\/neos-music.com\/en_us\/product\/ars-nova-new-music-guillaume-de-machaut-wolfgang-von-schweinitz-philippe-de-vitry\/","og_locale":"en_US","og_type":"article","og_title":"Ars Nova - New Music: Guillaume de Machaut, Wolfgang von Schweinitz, Philippe de Vitry - NEOS Music","og_description":"Programm: Guillaume de Machaut\u00a0(c. 1300\u20131377) Lais, Ballads, Virelais, Rondeau Adapted for violin and double bass in Pythagorean 3-limit Just Intonation [01]\u00a0Lai No. 1 &#8211; Loyaut\u00e9, que point ne delay\u00a001:24 [02]\u00a0Ballad No. 8 &#8211; De desconfort\u00a003:46 [03]\u00a0Ballad No. 6 &#8211; Doulz amis\u00a001:28 [04]\u00a0Ballad No. 24 &#8211; Tres douce dame\u00a002:15 [05]\u00a0Virelai No. 26\u2009\/\u200929 &#8211; Mors sui, se [&hellip;]","og_url":"https:\/\/neos-music.com\/en_us\/product\/ars-nova-new-music-guillaume-de-machaut-wolfgang-von-schweinitz-philippe-de-vitry\/","og_site_name":"NEOS Music","article_modified_time":"2023-05-22T21:26:53+00:00","og_image":[{"width":1646,"height":1483,"url":"https:\/\/neos-music.com\/wp-content\/uploads\/2022\/11\/NEOS_21802_Ars_Nova.jpeg","type":"image\/jpeg"}],"twitter_card":"summary_large_image","twitter_misc":{"Est. reading time":"4 minutes"},"schema":{"@context":"https:\/\/schema.org","@graph":[{"@type":"WebPage","@id":"https:\/\/neos-music.com\/product\/ars-nova-new-music-guillaume-de-machaut-wolfgang-von-schweinitz-philippe-de-vitry\/","url":"https:\/\/neos-music.com\/product\/ars-nova-new-music-guillaume-de-machaut-wolfgang-von-schweinitz-philippe-de-vitry\/","name":"Ars Nova - New Music: Guillaume de Machaut, Wolfgang von Schweinitz, Philippe de Vitry - NEOS Music","isPartOf":{"@id":"https:\/\/neos-music.com\/#website"},"primaryImageOfPage":{"@id":"https:\/\/neos-music.com\/product\/ars-nova-new-music-guillaume-de-machaut-wolfgang-von-schweinitz-philippe-de-vitry\/#primaryimage"},"image":{"@id":"https:\/\/neos-music.com\/product\/ars-nova-new-music-guillaume-de-machaut-wolfgang-von-schweinitz-philippe-de-vitry\/#primaryimage"},"thumbnailUrl":"https:\/\/i0.wp.com\/neos-music.com\/wp-content\/uploads\/2022\/11\/NEOS_21802_Ars_Nova.jpeg?fit=1646%2C1483&ssl=1","datePublished":"2018-10-19T19:32:52+00:00","dateModified":"2023-05-22T21:26:53+00:00","breadcrumb":{"@id":"https:\/\/neos-music.com\/product\/ars-nova-new-music-guillaume-de-machaut-wolfgang-von-schweinitz-philippe-de-vitry\/#breadcrumb"},"inLanguage":"en-US","potentialAction":[{"@type":"ReadAction","target":["https:\/\/neos-music.com\/product\/ars-nova-new-music-guillaume-de-machaut-wolfgang-von-schweinitz-philippe-de-vitry\/"]}]},{"@type":"ImageObject","inLanguage":"en-US","@id":"https:\/\/neos-music.com\/product\/ars-nova-new-music-guillaume-de-machaut-wolfgang-von-schweinitz-philippe-de-vitry\/#primaryimage","url":"https:\/\/i0.wp.com\/neos-music.com\/wp-content\/uploads\/2022\/11\/NEOS_21802_Ars_Nova.jpeg?fit=1646%2C1483&ssl=1","contentUrl":"https:\/\/i0.wp.com\/neos-music.com\/wp-content\/uploads\/2022\/11\/NEOS_21802_Ars_Nova.jpeg?fit=1646%2C1483&ssl=1","width":1646,"height":1483},{"@type":"BreadcrumbList","@id":"https:\/\/neos-music.com\/product\/ars-nova-new-music-guillaume-de-machaut-wolfgang-von-schweinitz-philippe-de-vitry\/#breadcrumb","itemListElement":[{"@type":"ListItem","position":1,"name":"Startseite","item":"https:\/\/neos-music.com\/"},{"@type":"ListItem","position":2,"name":"Produkte","item":"https:\/\/neos-music.com\/shop__trashed\/"},{"@type":"ListItem","position":3,"name":"Ars Nova &#8211; New Music: Guillaume de Machaut, Wolfgang von Schweinitz, Philippe de Vitry"}]},{"@type":"WebSite","@id":"https:\/\/neos-music.com\/#website","url":"https:\/\/neos-music.com\/","name":"NEOS Music","description":"Dein Online Shop f\u00fcr zeitgen\u00f6ssische Musik, Jazz und Classics!","publisher":{"@id":"https:\/\/neos-music.com\/#organization"},"potentialAction":[{"@type":"SearchAction","target":{"@type":"EntryPoint","urlTemplate":"https:\/\/neos-music.com\/?s={search_term_string}"},"query-input":{"@type":"PropertyValueSpecification","valueRequired":true,"valueName":"search_term_string"}}],"inLanguage":"en-US"},{"@type":"Organization","@id":"https:\/\/neos-music.com\/#organization","name":"NEOS Music","url":"https:\/\/neos-music.com\/","logo":{"@type":"ImageObject","inLanguage":"en-US","@id":"https:\/\/neos-music.com\/#\/schema\/logo\/image\/","url":"https:\/\/i0.wp.com\/neos-music.com\/wp-content\/uploads\/2025\/08\/NEOS-Logo-weiss.png?fit=800%2C203&ssl=1","contentUrl":"https:\/\/i0.wp.com\/neos-music.com\/wp-content\/uploads\/2025\/08\/NEOS-Logo-weiss.png?fit=800%2C203&ssl=1","width":800,"height":203,"caption":"NEOS Music"},"image":{"@id":"https:\/\/neos-music.com\/#\/schema\/logo\/image\/"}}]}},"jetpack_sharing_enabled":true,"_links":{"self":[{"href":"https:\/\/neos-music.com\/en_us\/wp-json\/wp\/v2\/product\/2608","targetHints":{"allow":["GET"]}}],"collection":[{"href":"https:\/\/neos-music.com\/en_us\/wp-json\/wp\/v2\/product"}],"about":[{"href":"https:\/\/neos-music.com\/en_us\/wp-json\/wp\/v2\/types\/product"}],"version-history":[{"count":0,"href":"https:\/\/neos-music.com\/en_us\/wp-json\/wp\/v2\/product\/2608\/revisions"}],"wp:featuredmedia":[{"embeddable":true,"href":"https:\/\/neos-music.com\/en_us\/wp-json\/wp\/v2\/media\/2609"}],"wp:attachment":[{"href":"https:\/\/neos-music.com\/en_us\/wp-json\/wp\/v2\/media?parent=2608"}],"wp:term":[{"taxonomy":"product_brand","embeddable":true,"href":"https:\/\/neos-music.com\/en_us\/wp-json\/wp\/v2\/product_brand?post=2608"},{"taxonomy":"product_cat","embeddable":true,"href":"https:\/\/neos-music.com\/en_us\/wp-json\/wp\/v2\/product_cat?post=2608"},{"taxonomy":"product_tag","embeddable":true,"href":"https:\/\/neos-music.com\/en_us\/wp-json\/wp\/v2\/product_tag?post=2608"}],"curies":[{"name":"wp","href":"https:\/\/api.w.org\/{rel}","templated":true}]}}