{"id":2620,"date":"2018-07-03T20:14:42","date_gmt":"2018-07-03T20:14:42","guid":{"rendered":"https:\/\/neos-music.com\/?post_type=product&#038;p=2620"},"modified":"2023-05-22T21:59:44","modified_gmt":"2023-05-22T21:59:44","slug":"philipp-maintz-orchestra-works-vol-1","status":"publish","type":"product","link":"https:\/\/neos-music.com\/en_us\/product\/philipp-maintz-orchestra-works-vol-1\/","title":{"rendered":"Philipp Maintz: Orchestra Works &#8211; Vol. 1"},"content":{"rendered":"<p>Infotext:<\/p>\n<table border=\"0\" width=\"100%\" rules=\"none\" cellspacing=\"0\" cellpadding=\"0\">\n<tbody>\n<tr>\n<td class=\"bigcontent2\">\n<div id=\"infotext\">\n<p><b>F\u00c4DEN UND H\u00c4NGENDE G\u00c4RTEN<\/b><\/p>\n<p>Bekanntlich geh\u00f6ren sowohl \u00bbHedera helix\u00ab als auch die \u00bbCampsis tagliabuana\u00ab, die \u00bbHydrangea petiolaris\u00ab und auch der \u00bbEuonymus fortunei\u00ab zur Gattung der Kletter- und Schlingpflanzen. Pflanzen, die keine st\u00fctzenden Strukturen ausbilden und die \u2013 das verbindet sie miteinander \u2013 an verschiedensten Achsen entlang wachsen k\u00f6nnen, sich dabei winden und F\u00e4den ziehen. Jene Pflanzen scheinen nur ein Ziel zu verfolgen: immer weiter, immer wilder. Sie schrauben sich mal links-, mal rechtsherum \u2013 und manchmal kehren sie sogar um und wachsen gewisserma\u00dfen zu sich zur\u00fcck.<\/p>\n<p>Dieser zun\u00e4chst vielleicht merkw\u00fcrdig anmutende Ausflug in die Botanik ist kein Zufall: \u00bbEs bilden sich richtige Schlingpflanzen\u2026\u00ab schreibt Philipp Maintz bez\u00fcglich der formalen Disposition seines 2017 in der Berliner Philharmonie durch das Deutsche Symphonie-Orchester Berlin unter der Leitung von Christoph Eschenbach, der auch der Widmungstr\u00e4ger des Werkes ist, uraufgef\u00fchrten Orchesterwerkes<i>\u00a0h\u00e4ngende g\u00e4rten<\/i>\u00a0und deutet somit ein vortreffliches Assoziationsfeld an, das einen sogleich fesselt und die Fantasie anregt.<\/p>\n<p>Nicht nur die Tempi und formalen Dispositionen sind ineinander verschlungen und lassen den H\u00f6rer einen stets in unterschiedliche Richtungen wuchernden Formplan ahnen, auch das unmittelbare klangliche Ereignis hat durch seine zahlreichen, h\u00e4ufig winzig ver\u00e4stelten Linienf\u00fchrungen etwas von pflanzlichen Wucherungen. Allerdings wuchern, um im Bild zu bleiben, hier kein weitgehend einfarbiges Gestr\u00fcpp, sondern stets bunte, prachtvolle und wilde Gew\u00e4chse \u2013 nicht von ungef\u00e4hr spielt der Titel auf eines der sieben antiken Weltwunder an: die sagenumwobenen und von zahlreichen antiken Dichtern besungenen h\u00e4ngenden G\u00e4rten der legend\u00e4ren assyrischen K\u00f6nigin Semiramis. \u00bbGenau dieses Bild\u00ab, so der Komponist, \u00bbpasste f\u00fcr mich am besten zum Gedanken dieses Orchesterst\u00fcckes: einerseits als eine Anlage, in der man Pflanzen setzen, beg\u00e4rtnern, pflegen und wachsen sehen kann (ja, eigentlich \u203aMusik aus Musik\u2039 schreiben) \u2013 andererseits aber auch ein \u203aSehnsuchtsgarten\u2039, in dem es sch\u00f6n bl\u00fchen, aber auch wuchern soll.\u00ab Maintz hat in vorangegangen Werken h\u00e4ufig mit derlei formalen und motivischen Wucherungen sowie zarten Linien gearbeitet, die gelegentlich und nur f\u00fcr kurze Zeit in den polyphonen Geflechten aufscheinen, bevor sie sich schon wieder in eine andere musikalische Gestalt verwandelt haben.<\/p>\n<p>In\u00a0<i>h\u00e4ngende g\u00e4rten<\/i>\u00a0arbeitet Maintz ebenso versessen, ja fast besessen an Details: Paradigmatisch herausgegriffen sei die Harfenstimme der ersten beiden Takte. Maintz notiert hier sieben T\u00f6ne, die sich bei n\u00e4herer Betrachtung als jeweils unterschiedliche F\u00e4rbung lediglich einer Tonh\u00f6he (f1) in vier unterschiedlichen Varianten (als Oktavflageoletts oder als chromatische Verwechslung) entpuppen. Hinzu kommt, dass jede Tonh\u00f6henvariante auch eine Entsprechung in der Gestaltung der Dynamik hat \u2013 und so auf k\u00fcrzestem Raum die zarte Pflanze \u00bbf\u00ab von unterschiedlichsten Seiten gehegt und gepflegt wird. Doch aus manch zarter Linie kann auch eine gewaltige Kraft hervorgehen, wenn sich etwa aus einem fast beil\u00e4ufigen Bassklarinettensolo einige T\u00f6ne abspalten, sich ins Tutti des gro\u00dfbesetzten Orchesters verlagern und es zu unvorhersehbaren und stark rhythmisch gepr\u00e4gten, fast gefr\u00e4\u00dfigen Passagen kommt. Jene h\u00e4ngenden G\u00e4rten sind ganz offenbar nicht nur zart und bunt, in ihnen lauert stets die Gefahr: Auch der giftige \u00bbSchmerzwurz\u00ab ist eine Schlingpflanze, und jener treibt selbst in den sch\u00f6nsten G\u00e4rten sein struppiges Unwesen.<\/p>\n<p>Die drei der S\u00e4ngerin Marisol Montalvo und dem Dirigenten Christoph Eschenbach gewidmeten Orchesterlieder des\u00a0<i>tr\u00edptico vertical<\/i>\u00a0basieren auf dem\u00a0<i>Quinto tr\u00edptico vertical<\/i>\u00a0des argentinischen Dichters Roberto Juarroz (1925\u20131995), dessen Werk in Europa gegenw\u00e4rtig noch verh\u00e4ltnism\u00e4\u00dfig wenig rezipiert wird. Maintz berichtet, dass der Pianist und Liedspezialist Axel Bauni ihn auf Juarroz aufmerksam gemacht hatte: \u00bbWenn Gedichte gleich bei der ersten Begegnung etwas in mir zum Klingen bringen, sind die Voraussetzungen ideal.\u00ab<\/p>\n<p>Die fast r\u00fccksichtslose Hinwendung zur gleicherma\u00dfen lyrischen wie expressiven melodischen Linie erscheint in\u00a0<i>tr\u00edptico vertical<\/i>\u00a0noch deutlicher als in\u00a0<i>h\u00e4ngende g\u00e4rten<\/i>, da Maintz hier sich ganz und gar auf die Entfaltungsm\u00f6glichkeiten der Stimme Marisol Montalvos konzentriert, der das Werk im Wortsinne auf den Leib geschrieben wurde. Das Orchester, h\u00e4ufig \u00e4u\u00dferst sparsam und kammermusikalisch gehalten, reagiert \u2013 fast seismographisch \u2013 auf die feinsten inhaltlichen wie sprachlichen Schattierungen des Textes. Auch hier sei exemplarisch der Beginn herausgegriffen.<\/p>\n<p>In Juarroz\u2019 Text hei\u00dft es: \u00bbNo tener m\u00e1s objetivos \/ que las manos abiertas \u2013 Keine weiteren Ziele haben \/ als die offenen H\u00e4nde\u00ab. Die Stimme beginnt, zun\u00e4chst in recht tiefer Lage, mit einer ebenso schlichten wie introvertierten melodischen Linie. Die Idee der \u00bboffenen H\u00e4nde\u00ab hat sowohl ein klangliches als auch ein strukturelles Echo, denn ganz offen beginnt auch das Werk: Noch hat sich kein festes Tempo oder gar ein Metrum etabliert \u2013 die Passage ist beinahe improvisatorisch zu singen \u2013 \u00bblibero\u00ab hei\u00dft es in der Partitur. Und auch die Orchesterbegleitung muss erst aus der Offenheit des Nichts entstehen: Neben wenigen, kaum h\u00f6rbaren Schlagzeugkl\u00e4ngen spielen einige Streicher einen tonlosen, nur gehauchten Klang auf dem Steg \u2013 die Stimme hat gewisserma\u00dfen eine instrumentale Lunge um sich herum, die Luft gibt, aber zugleich auch Luft und Raum l\u00e4sst und stets gemeinsam mit den Andeutungen des Textes atmet. Und w\u00e4hrend die Stimme sich immer weiter entfaltet, dauert es im Orchester einige Zeit, bis auch dort endlich klare Tonh\u00f6hen hervortreten. Im dritten Lied geht Maintz dar\u00fcber hinaus und l\u00e4sst der Stimme einen noch viel weiteren Raum, sich zun\u00e4chst unbegleitet entfalten zu k\u00f6nnen. Das Nichts des Orchesters ist hier die zun\u00e4chst leere B\u00fchne f\u00fcr die Stimme: \u00bbHilos que se desprenden de la ausencia, m\u00ednimas fluctuaciones del vac\u00edo \u2013 F\u00e4den, die sich von der Abwesenheit l\u00f6sen, kleinste Schwankungen der Leere\u2026\u00ab<\/p>\n<p>F\u00e4den und kleinste Schwankungen: Mit solchen Metaphern lie\u00dfen sich, auch das verdeutlicht die intime Verwandtschaft der beiden auf dieser CD versammelten Werke jenseits der Besetzung oder der gro\u00dfformatigen Anlage, ebenfalls die wilden Wucherungen in\u00a0<i>h\u00e4ngende g\u00e4rten<\/i>\u00a0beschreiben. Und so wird offenkundig, dass Maintz in<i>\u00a0tr\u00edptico vertical<\/i>\u00a0nicht blo\u00df einen Text im traditionellen Sinne vertont, sondern im Umgang mit ihm vielmehr auch Auskunft \u00fcber grundlegende \u00e4sthetische Positionen gibt, die weit \u00fcber das konkrete Werk hinausreichen: Maintz komponiert F\u00e4den, die stets unter Hochspannung zu stehen scheinen. Dabei ist das Ohr fortw\u00e4hrend auf der Hut, denn wann die F\u00e4den rei\u00dfen \u2013 das bleibt ungewiss.<\/p>\n<p>Gordon Kampe<\/p>\n<p>Programm:<\/p>\n<p>[01]<b>\u00a0h\u00e4ngende g\u00e4rten<\/b>\u00a0for large orchestra (2016\/2017)<b>\u00a021:19<br \/>\n<\/b><i>Commissioned by Deutsches Symphonie-Orchester Berlin and Basel Sinfonietta<\/i><\/p>\n<p><b><a class=\"arcoma_glossarylink\" href=\"https:\/\/neos-music.com\/output.php?content=Kuenstler\/Deutsches_Symphonie-Orchester_Berlin.php&amp;treplace=english%2Cgerman\" target=\"_self\" rel=\"noopener\">Deutsches Symphonie-Orchester Berlin<\/a><br \/>\n<a class=\"arcoma_glossarylink\" href=\"https:\/\/neos-music.com\/output.php?content=Kuenstler\/Eschenbach_Christoph.php&amp;treplace=english%2Cgerman\" target=\"_self\" rel=\"noopener\">Christoph Eschenbach<\/a><\/b>, conductor<\/p>\n<p>[02]<b>\u00a0tr\u00edptico vertical<\/b>\u00a0music for soprano and large orchestra (2012\/2014)\u00a0<b>26:16<\/b><br \/>\non poems by Roberto Juarroz<\/p>\n<p><i>Commissioned by M\u00fcnchner Philharmoniker<br \/>\nLive Recording<\/i><\/p>\n<p><b><a class=\"arcoma_glossarylink\" href=\"https:\/\/neos-music.com\/output.php?content=Kuenstler\/Montalvo_Marisol.php&amp;treplace=english%2Cgerman\" target=\"_self\" rel=\"noopener\">Marisol Montalvo<\/a><\/b>, soprano<br \/>\n<b>M\u00fcnchner Philharmoniker<br \/>\n<a class=\"arcoma_glossarylink\" href=\"https:\/\/neos-music.com\/output.php?content=Kuenstler\/Eschenbach_Christoph.php&amp;treplace=english%2Cgerman\" target=\"_self\" rel=\"noopener\">Christoph Eschenbach<\/a><\/b>, conductor<\/p>\n<p>&nbsp;<\/p>\n<p>total playing time: 47:40<\/p>\n<p>&nbsp;<\/p>\n<p><i>World Premiere Recordings<\/i><\/p>\n<p>Pressestimmen:<\/p>\n<p><img data-recalc-dims=\"1\" decoding=\"async\" src=\"https:\/\/i0.wp.com\/neos-music.com\/wp-content\/uploads\/2023\/05\/logo_NeueZeitschriftMusik_NEU.jpg?ssl=1\" alt=\"\" \/><\/p>\n<p>#6_2018<\/p>\n<p>(&#8230;) &#8230; widmet sich Philipp Maintz in den drei zusammenh\u00e4ngenden Liedern des tr\u00edptico vertical &#8230; vor allem der Gestaltung von wechselnden Atmosph\u00e4ren: Im Mittelpunkt steht eine st\u00e4ndig neu ansetzende, aus Einzelphrasen zusammengef\u00fcgte Gesangslinie der Sopranistin, die sich, von Marisol Montalvo dynamisch ausgefeilt und mit feinsten Vibratoschattierungen\u00a0vorgetragen, geschmeidig durch den Tonraum bewegt und immer wieder auch von gezackten Koloraturen durchzogen ist. (&#8230;) Hinter all dem steht &#8211; durch die hervorragende Klangqualit\u00e4t der Produktion unterstrichen &#8211; unverkennbar die Vorliebe f\u00fcr das Melos, die Maintz&#8216; Musik manchmal sympathisch altmodisch wirken l\u00e4sst.<\/p>\n<p>Stefan Drees<\/p>\n<p>&nbsp;<\/p>\n<p><img data-recalc-dims=\"1\" decoding=\"async\" src=\"https:\/\/i0.wp.com\/neos-music.com\/wp-content\/uploads\/2023\/05\/logo_FonoForum.gif?ssl=1\" alt=\"\" \/><\/p>\n<p>Januar 2019<\/p>\n<p>Treffend vergleicht Philipp Maintz seine Orchestermusik mit Kletter- und Schlingpflanzen, die &#8222;keine st\u00fctzenden Strukturen ausbilden und an verschiedenen Achsen entlang wachsen, sich dabei winden und F\u00e4den ziehen. Manchmal kehren sie sogar um du wachsen in sich zur\u00fcck&#8220;. (&#8230;) Maintz&#8216; Musik ist stark rhythmisch betont. Er staffelt den Orchesterapparat auf. So ergeben sich Schichtungen, die permanent\u00a0ineinander- und auseinanderlaufen. Ganz anders &#8222;triptico vertical&#8220;: In den Liedern nach Gedichten des argentinischen Dichters Roberto Juarroz steht der Sopran von Marisol Montalvo dem eher begleitenden Orchester vor. (&#8230;) Teilweise muss die Sopranistin Passagen allein meistern. Sie tut es mit Bravour.<\/p>\n<p>Tilman Urbach<\/p>\n<\/div>\n<\/td>\n<\/tr>\n<\/tbody>\n<\/table>\n","protected":false},"excerpt":{"rendered":"<p>Infotext: F\u00c4DEN UND H\u00c4NGENDE G\u00c4RTEN Bekanntlich geh\u00f6ren sowohl \u00bbHedera helix\u00ab als auch die \u00bbCampsis tagliabuana\u00ab, die \u00bbHydrangea petiolaris\u00ab und auch der \u00bbEuonymus fortunei\u00ab zur Gattung der Kletter- und Schlingpflanzen. Pflanzen, die keine st\u00fctzenden Strukturen ausbilden und die \u2013 das verbindet sie miteinander \u2013 an verschiedensten Achsen entlang wachsen k\u00f6nnen, sich dabei winden und F\u00e4den ziehen. [&hellip;]<\/p>\n","protected":false},"featured_media":2621,"template":"","meta":{"site-sidebar-layout":"default","site-content-layout":"default","ast-site-content-layout":"default","site-content-style":"default","site-sidebar-style":"default","ast-global-header-display":"","ast-banner-title-visibility":"","ast-main-header-display":"","ast-hfb-above-header-display":"","ast-hfb-below-header-display":"","ast-hfb-mobile-header-display":"","site-post-title":"","ast-breadcrumbs-content":"","ast-featured-img":"","footer-sml-layout":"","theme-transparent-header-meta":"default","adv-header-id-meta":"","stick-header-meta":"","header-above-stick-meta":"","header-main-stick-meta":"","header-below-stick-meta":"","astra-migrate-meta-layouts":"default","ast-page-background-enabled":"default","ast-page-background-meta":{"desktop":{"background-color":"","background-image":"","background-repeat":"repeat","background-position":"center center","background-size":"auto","background-attachment":"scroll","background-type":"","background-media":"","overlay-type":"","overlay-color":"","overlay-opacity":"","overlay-gradient":""},"tablet":{"background-color":"","background-image":"","background-repeat":"repeat","background-position":"center center","background-size":"auto","background-attachment":"scroll","background-type":"","background-media":"","overlay-type":"","overlay-color":"","overlay-opacity":"","overlay-gradient":""},"mobile":{"background-color":"","background-image":"","background-repeat":"repeat","background-position":"center center","background-size":"auto","background-attachment":"scroll","background-type":"","background-media":"","overlay-type":"","overlay-color":"","overlay-opacity":"","overlay-gradient":""}},"ast-content-background-meta":{"desktop":{"background-color":"var(--ast-global-color-5)","background-image":"","background-repeat":"repeat","background-position":"center center","background-size":"auto","background-attachment":"scroll","background-type":"","background-media":"","overlay-type":"","overlay-color":"","overlay-opacity":"","overlay-gradient":""},"tablet":{"background-color":"var(--ast-global-color-5)","background-image":"","background-repeat":"repeat","background-position":"center center","background-size":"auto","background-attachment":"scroll","background-type":"","background-media":"","overlay-type":"","overlay-color":"","overlay-opacity":"","overlay-gradient":""},"mobile":{"background-color":"var(--ast-global-color-5)","background-image":"","background-repeat":"repeat","background-position":"center center","background-size":"auto","background-attachment":"scroll","background-type":"","background-media":"","overlay-type":"","overlay-color":"","overlay-opacity":"","overlay-gradient":""}}},"product_brand":[],"product_cat":[26],"product_tag":[],"class_list":{"0":"post-2620","1":"product","2":"type-product","3":"status-publish","4":"has-post-thumbnail","6":"product_cat-zeitgenossische-musik","7":"pa_artikelnummer-neos-11712","8":"pa_brand-neos-music","9":"pa_ean-236","10":"desktop-align-left","11":"tablet-align-left","12":"mobile-align-left","14":"first","15":"instock","16":"taxable","17":"shipping-taxable","18":"purchasable","19":"product-type-simple"},"yoast_head":"<!-- This site is optimized with the Yoast SEO plugin v27.4 - https:\/\/yoast.com\/product\/yoast-seo-wordpress\/ -->\n<title>Philipp Maintz: Orchestra Works - Vol. 1 - NEOS Music<\/title>\n<meta name=\"robots\" content=\"index, follow, max-snippet:-1, max-image-preview:large, max-video-preview:-1\" \/>\n<link rel=\"canonical\" href=\"https:\/\/neos-music.com\/en_us\/product\/philipp-maintz-orchestra-works-vol-1\/\" \/>\n<meta property=\"og:locale\" content=\"en_US\" \/>\n<meta property=\"og:type\" content=\"article\" \/>\n<meta property=\"og:title\" content=\"Philipp Maintz: Orchestra Works - Vol. 1 - NEOS Music\" \/>\n<meta property=\"og:description\" content=\"Infotext: F\u00c4DEN UND H\u00c4NGENDE G\u00c4RTEN Bekanntlich geh\u00f6ren sowohl \u00bbHedera helix\u00ab als auch die \u00bbCampsis tagliabuana\u00ab, die \u00bbHydrangea petiolaris\u00ab und auch der \u00bbEuonymus fortunei\u00ab zur Gattung der Kletter- und Schlingpflanzen. Pflanzen, die keine st\u00fctzenden Strukturen ausbilden und die \u2013 das verbindet sie miteinander \u2013 an verschiedensten Achsen entlang wachsen k\u00f6nnen, sich dabei winden und F\u00e4den ziehen. [&hellip;]\" \/>\n<meta property=\"og:url\" content=\"https:\/\/neos-music.com\/en_us\/product\/philipp-maintz-orchestra-works-vol-1\/\" \/>\n<meta property=\"og:site_name\" content=\"NEOS Music\" \/>\n<meta property=\"article:modified_time\" content=\"2023-05-22T21:59:44+00:00\" \/>\n<meta property=\"og:image\" content=\"https:\/\/neos-music.com\/wp-content\/uploads\/2022\/11\/NEOS_11712_Maintz.jpeg\" \/>\n\t<meta property=\"og:image:width\" content=\"1650\" \/>\n\t<meta property=\"og:image:height\" content=\"1477\" \/>\n\t<meta property=\"og:image:type\" content=\"image\/jpeg\" \/>\n<meta name=\"twitter:card\" content=\"summary_large_image\" \/>\n<meta name=\"twitter:label1\" content=\"Est. reading time\" \/>\n\t<meta name=\"twitter:data1\" content=\"8 minutes\" \/>\n<script type=\"application\/ld+json\" class=\"yoast-schema-graph\">{\"@context\":\"https:\\\/\\\/schema.org\",\"@graph\":[{\"@type\":\"WebPage\",\"@id\":\"https:\\\/\\\/neos-music.com\\\/product\\\/philipp-maintz-orchestra-works-vol-1\\\/\",\"url\":\"https:\\\/\\\/neos-music.com\\\/product\\\/philipp-maintz-orchestra-works-vol-1\\\/\",\"name\":\"Philipp Maintz: Orchestra Works - Vol. 1 - NEOS Music\",\"isPartOf\":{\"@id\":\"https:\\\/\\\/neos-music.com\\\/#website\"},\"primaryImageOfPage\":{\"@id\":\"https:\\\/\\\/neos-music.com\\\/product\\\/philipp-maintz-orchestra-works-vol-1\\\/#primaryimage\"},\"image\":{\"@id\":\"https:\\\/\\\/neos-music.com\\\/product\\\/philipp-maintz-orchestra-works-vol-1\\\/#primaryimage\"},\"thumbnailUrl\":\"https:\\\/\\\/i0.wp.com\\\/neos-music.com\\\/wp-content\\\/uploads\\\/2022\\\/11\\\/NEOS_11712_Maintz.jpeg?fit=1650%2C1477&ssl=1\",\"datePublished\":\"2018-07-03T20:14:42+00:00\",\"dateModified\":\"2023-05-22T21:59:44+00:00\",\"breadcrumb\":{\"@id\":\"https:\\\/\\\/neos-music.com\\\/product\\\/philipp-maintz-orchestra-works-vol-1\\\/#breadcrumb\"},\"inLanguage\":\"en-US\",\"potentialAction\":[{\"@type\":\"ReadAction\",\"target\":[\"https:\\\/\\\/neos-music.com\\\/product\\\/philipp-maintz-orchestra-works-vol-1\\\/\"]}]},{\"@type\":\"ImageObject\",\"inLanguage\":\"en-US\",\"@id\":\"https:\\\/\\\/neos-music.com\\\/product\\\/philipp-maintz-orchestra-works-vol-1\\\/#primaryimage\",\"url\":\"https:\\\/\\\/i0.wp.com\\\/neos-music.com\\\/wp-content\\\/uploads\\\/2022\\\/11\\\/NEOS_11712_Maintz.jpeg?fit=1650%2C1477&ssl=1\",\"contentUrl\":\"https:\\\/\\\/i0.wp.com\\\/neos-music.com\\\/wp-content\\\/uploads\\\/2022\\\/11\\\/NEOS_11712_Maintz.jpeg?fit=1650%2C1477&ssl=1\",\"width\":1650,\"height\":1477},{\"@type\":\"BreadcrumbList\",\"@id\":\"https:\\\/\\\/neos-music.com\\\/product\\\/philipp-maintz-orchestra-works-vol-1\\\/#breadcrumb\",\"itemListElement\":[{\"@type\":\"ListItem\",\"position\":1,\"name\":\"Startseite\",\"item\":\"https:\\\/\\\/neos-music.com\\\/\"},{\"@type\":\"ListItem\",\"position\":2,\"name\":\"Produkte\",\"item\":\"https:\\\/\\\/neos-music.com\\\/shop__trashed\\\/\"},{\"@type\":\"ListItem\",\"position\":3,\"name\":\"Philipp Maintz: Orchestra Works &#8211; Vol. 1\"}]},{\"@type\":\"WebSite\",\"@id\":\"https:\\\/\\\/neos-music.com\\\/#website\",\"url\":\"https:\\\/\\\/neos-music.com\\\/\",\"name\":\"NEOS Music\",\"description\":\"Dein Online Shop f\u00fcr zeitgen\u00f6ssische Musik, Jazz und Classics!\",\"publisher\":{\"@id\":\"https:\\\/\\\/neos-music.com\\\/#organization\"},\"potentialAction\":[{\"@type\":\"SearchAction\",\"target\":{\"@type\":\"EntryPoint\",\"urlTemplate\":\"https:\\\/\\\/neos-music.com\\\/?s={search_term_string}\"},\"query-input\":{\"@type\":\"PropertyValueSpecification\",\"valueRequired\":true,\"valueName\":\"search_term_string\"}}],\"inLanguage\":\"en-US\"},{\"@type\":\"Organization\",\"@id\":\"https:\\\/\\\/neos-music.com\\\/#organization\",\"name\":\"NEOS Music\",\"url\":\"https:\\\/\\\/neos-music.com\\\/\",\"logo\":{\"@type\":\"ImageObject\",\"inLanguage\":\"en-US\",\"@id\":\"https:\\\/\\\/neos-music.com\\\/#\\\/schema\\\/logo\\\/image\\\/\",\"url\":\"https:\\\/\\\/i0.wp.com\\\/neos-music.com\\\/wp-content\\\/uploads\\\/2025\\\/08\\\/NEOS-Logo-weiss.png?fit=800%2C203&ssl=1\",\"contentUrl\":\"https:\\\/\\\/i0.wp.com\\\/neos-music.com\\\/wp-content\\\/uploads\\\/2025\\\/08\\\/NEOS-Logo-weiss.png?fit=800%2C203&ssl=1\",\"width\":800,\"height\":203,\"caption\":\"NEOS Music\"},\"image\":{\"@id\":\"https:\\\/\\\/neos-music.com\\\/#\\\/schema\\\/logo\\\/image\\\/\"}}]}<\/script>\n<!-- \/ Yoast SEO plugin. -->","yoast_head_json":{"title":"Philipp Maintz: Orchestra Works - Vol. 1 - NEOS Music","robots":{"index":"index","follow":"follow","max-snippet":"max-snippet:-1","max-image-preview":"max-image-preview:large","max-video-preview":"max-video-preview:-1"},"canonical":"https:\/\/neos-music.com\/en_us\/product\/philipp-maintz-orchestra-works-vol-1\/","og_locale":"en_US","og_type":"article","og_title":"Philipp Maintz: Orchestra Works - Vol. 1 - NEOS Music","og_description":"Infotext: F\u00c4DEN UND H\u00c4NGENDE G\u00c4RTEN Bekanntlich geh\u00f6ren sowohl \u00bbHedera helix\u00ab als auch die \u00bbCampsis tagliabuana\u00ab, die \u00bbHydrangea petiolaris\u00ab und auch der \u00bbEuonymus fortunei\u00ab zur Gattung der Kletter- und Schlingpflanzen. Pflanzen, die keine st\u00fctzenden Strukturen ausbilden und die \u2013 das verbindet sie miteinander \u2013 an verschiedensten Achsen entlang wachsen k\u00f6nnen, sich dabei winden und F\u00e4den ziehen. [&hellip;]","og_url":"https:\/\/neos-music.com\/en_us\/product\/philipp-maintz-orchestra-works-vol-1\/","og_site_name":"NEOS Music","article_modified_time":"2023-05-22T21:59:44+00:00","og_image":[{"width":1650,"height":1477,"url":"https:\/\/neos-music.com\/wp-content\/uploads\/2022\/11\/NEOS_11712_Maintz.jpeg","type":"image\/jpeg"}],"twitter_card":"summary_large_image","twitter_misc":{"Est. reading time":"8 minutes"},"schema":{"@context":"https:\/\/schema.org","@graph":[{"@type":"WebPage","@id":"https:\/\/neos-music.com\/product\/philipp-maintz-orchestra-works-vol-1\/","url":"https:\/\/neos-music.com\/product\/philipp-maintz-orchestra-works-vol-1\/","name":"Philipp Maintz: Orchestra Works - Vol. 1 - NEOS Music","isPartOf":{"@id":"https:\/\/neos-music.com\/#website"},"primaryImageOfPage":{"@id":"https:\/\/neos-music.com\/product\/philipp-maintz-orchestra-works-vol-1\/#primaryimage"},"image":{"@id":"https:\/\/neos-music.com\/product\/philipp-maintz-orchestra-works-vol-1\/#primaryimage"},"thumbnailUrl":"https:\/\/i0.wp.com\/neos-music.com\/wp-content\/uploads\/2022\/11\/NEOS_11712_Maintz.jpeg?fit=1650%2C1477&ssl=1","datePublished":"2018-07-03T20:14:42+00:00","dateModified":"2023-05-22T21:59:44+00:00","breadcrumb":{"@id":"https:\/\/neos-music.com\/product\/philipp-maintz-orchestra-works-vol-1\/#breadcrumb"},"inLanguage":"en-US","potentialAction":[{"@type":"ReadAction","target":["https:\/\/neos-music.com\/product\/philipp-maintz-orchestra-works-vol-1\/"]}]},{"@type":"ImageObject","inLanguage":"en-US","@id":"https:\/\/neos-music.com\/product\/philipp-maintz-orchestra-works-vol-1\/#primaryimage","url":"https:\/\/i0.wp.com\/neos-music.com\/wp-content\/uploads\/2022\/11\/NEOS_11712_Maintz.jpeg?fit=1650%2C1477&ssl=1","contentUrl":"https:\/\/i0.wp.com\/neos-music.com\/wp-content\/uploads\/2022\/11\/NEOS_11712_Maintz.jpeg?fit=1650%2C1477&ssl=1","width":1650,"height":1477},{"@type":"BreadcrumbList","@id":"https:\/\/neos-music.com\/product\/philipp-maintz-orchestra-works-vol-1\/#breadcrumb","itemListElement":[{"@type":"ListItem","position":1,"name":"Startseite","item":"https:\/\/neos-music.com\/"},{"@type":"ListItem","position":2,"name":"Produkte","item":"https:\/\/neos-music.com\/shop__trashed\/"},{"@type":"ListItem","position":3,"name":"Philipp Maintz: Orchestra Works &#8211; Vol. 1"}]},{"@type":"WebSite","@id":"https:\/\/neos-music.com\/#website","url":"https:\/\/neos-music.com\/","name":"NEOS Music","description":"Dein Online Shop f\u00fcr zeitgen\u00f6ssische Musik, Jazz und Classics!","publisher":{"@id":"https:\/\/neos-music.com\/#organization"},"potentialAction":[{"@type":"SearchAction","target":{"@type":"EntryPoint","urlTemplate":"https:\/\/neos-music.com\/?s={search_term_string}"},"query-input":{"@type":"PropertyValueSpecification","valueRequired":true,"valueName":"search_term_string"}}],"inLanguage":"en-US"},{"@type":"Organization","@id":"https:\/\/neos-music.com\/#organization","name":"NEOS Music","url":"https:\/\/neos-music.com\/","logo":{"@type":"ImageObject","inLanguage":"en-US","@id":"https:\/\/neos-music.com\/#\/schema\/logo\/image\/","url":"https:\/\/i0.wp.com\/neos-music.com\/wp-content\/uploads\/2025\/08\/NEOS-Logo-weiss.png?fit=800%2C203&ssl=1","contentUrl":"https:\/\/i0.wp.com\/neos-music.com\/wp-content\/uploads\/2025\/08\/NEOS-Logo-weiss.png?fit=800%2C203&ssl=1","width":800,"height":203,"caption":"NEOS Music"},"image":{"@id":"https:\/\/neos-music.com\/#\/schema\/logo\/image\/"}}]}},"jetpack_sharing_enabled":true,"_links":{"self":[{"href":"https:\/\/neos-music.com\/en_us\/wp-json\/wp\/v2\/product\/2620","targetHints":{"allow":["GET"]}}],"collection":[{"href":"https:\/\/neos-music.com\/en_us\/wp-json\/wp\/v2\/product"}],"about":[{"href":"https:\/\/neos-music.com\/en_us\/wp-json\/wp\/v2\/types\/product"}],"version-history":[{"count":0,"href":"https:\/\/neos-music.com\/en_us\/wp-json\/wp\/v2\/product\/2620\/revisions"}],"wp:featuredmedia":[{"embeddable":true,"href":"https:\/\/neos-music.com\/en_us\/wp-json\/wp\/v2\/media\/2621"}],"wp:attachment":[{"href":"https:\/\/neos-music.com\/en_us\/wp-json\/wp\/v2\/media?parent=2620"}],"wp:term":[{"taxonomy":"product_brand","embeddable":true,"href":"https:\/\/neos-music.com\/en_us\/wp-json\/wp\/v2\/product_brand?post=2620"},{"taxonomy":"product_cat","embeddable":true,"href":"https:\/\/neos-music.com\/en_us\/wp-json\/wp\/v2\/product_cat?post=2620"},{"taxonomy":"product_tag","embeddable":true,"href":"https:\/\/neos-music.com\/en_us\/wp-json\/wp\/v2\/product_tag?post=2620"}],"curies":[{"name":"wp","href":"https:\/\/api.w.org\/{rel}","templated":true}]}}