{"id":2683,"date":"2018-05-18T14:06:06","date_gmt":"2018-05-18T14:06:06","guid":{"rendered":"https:\/\/neos-music.com\/?post_type=product&#038;p=2683"},"modified":"2022-11-17T14:08:00","modified_gmt":"2022-11-17T14:08:00","slug":"andreas-pflueger-works-for-violin-and-piano","status":"publish","type":"product","link":"https:\/\/neos-music.com\/en_us\/product\/andreas-pflueger-works-for-violin-and-piano\/","title":{"rendered":"Andreas Pfl\u00fcger: Works for Violin and Piano"},"content":{"rendered":"<p>Infotext:<\/p>\n<table border=\"0\" width=\"100%\" rules=\"none\" cellspacing=\"0\" cellpadding=\"0\">\n<tbody>\n<tr>\n<td class=\"bigcontent2\">\n<div id=\"infotext\">\n<p><b>ANDREAS PFL\u00dcGER \u2013 WERKE F\u00dcR VIOLINE UND KLAVIER<\/b><\/p>\n<p><i><b><br \/>\nF\u00fcnf St\u00fccke<\/b>\u00a0f\u00fcr zwei Violinen und Klavier (2012\u2009\/\u20092013)<br \/>\n<\/i>Das Werk, ein Kompositionsauftrag der Konzertreihe \u00bbmusica viva Basel\u00ab, wurde 2013 anl\u00e4sslich eines Portraitkonzerts uraufgef\u00fchrt, bei dem ausschlie\u00dflich Kammermusikwerke von Andreas Pfl\u00fcger erklangen. Es handelt sich um f\u00fcnf kurze S\u00e4tze: In allen entwickeln sich aus kleinen Klang- und \/ oder Rhythmuszellen \u2013 einer Art \u00bbmusikalischer Nuclei\u00ab, die auch aus nur einem Ton bestehen k\u00f6nnen \u2013 zusammenh\u00e4ngende, komplexere musikalische Abl\u00e4ufe, die sich entweder entfalten oder wieder in die einfache Ausgangssituation zur\u00fcckfallen.<\/p>\n<p><b><i>1 \u2013 A\u2026<\/i><\/b><br \/>\nBei diesem St\u00fcck ist der Nucleus ein einzelner Ton. Ein dreigestrichenes, sich rhythmisch st\u00e4ndig verschiebendes, stark akzentuiertes A l\u00f6st einen komplexeren harmonisch-melodischen Ablauf in Form einer lyrischen Sequenz aus, der vom dominanten A immer mehr gest\u00f6rt und zerst\u00f6rt wird.<br \/>\n<b><i>2 \u2013 Fluktuationen<br \/>\n<\/i><\/b>Hier l\u00f6sen die drei T\u00f6ne<i>\u00a0gis\u2019\u2019\u2019\u2009\/\u2009h\u2019\u2019\u2009\/\u2009g\u2019\u2019<\/i>\u00a0geisterhafte, verwischte Tonsequenzen aus, die sich gegenseitig durchdringen, verst\u00e4rken, aufbauschen oder auch ausl\u00f6schen.<br \/>\n<b><i>3 \u2013 Walzer oder so was\u2026<br \/>\n<\/i><\/b>Ein Walzerrhythmus pr\u00e4gt als stilistisches Element (oder eben Nucleus) den Ablauf dieses Satzes und erscheint immer wieder als eine Art \u00bbId\u00e9e fixe\u00ab.<br \/>\n<b><i>4 \u2013 Meditation<br \/>\n<\/i><\/b>Hier durchdringen sich langsam ineinandergreifende spektrale Klangfl\u00e4chen, die st\u00e4ndig neue Klangfarben und flie\u00dfende Akkorde erzeugen.<br \/>\n<b><i>5 \u2013 Rhythms<br \/>\n<\/i><\/b>Dieser Satz ist auf ein Verlagern der Betonungen bis hin zu dr\u00e4ngenden, obsessiven Impulsen einer fast durchgehenden Sechzehntelbewegung nach dem Algorithmus einer Fourierreihe aufgebaut.<\/p>\n<p><i><b>noch ein Wind<\/b>\u00a0f\u00fcr Violine und Klavier (1989)<br \/>\nnoch ein Wind<\/i>\u00a0ist das erste Kammermusikst\u00fcck, das Andreas Pfl\u00fcger f\u00fcr Katharina Schamb\u00f6ck komponierte. Sie spielte damals oft das ber\u00fchmte Capriccio f\u00fcr Violine solo\u00a0<i>Il vento<\/i>\u00a0(Der Wind) von Niccol\u00f2 Paganini, und Pfl\u00fcger nahm als Passivh\u00f6rer am stundenlangen \u00dcben nolens volens teil. Dabei entstand in ihm der Wunsch,\u00a0<i>noch ein Wind<\/i>\u00a0zu komponieren, aber mit einem der Violine ebenb\u00fcrtig virtuosen Klavierpart.<\/p>\n<p><i><b>Incontri<\/b>\u00a0f\u00fcr Violine und Klavier (1998)<br \/>\nIncontri<\/i>\u00a0wurde anl\u00e4sslich eines Kammermusikkonzerts im Kanton Aargau (Schweiz) komponiert. In ihm begegnen sich (ital. \u00bbincontrare\u00ab) als formgebende Elemente kontrastierende Musikstile: Ger\u00e4uschhafte Kl\u00e4nge gehen in lyrische, fast melodi\u00f6se Stellen \u00fcber, die durch jazzige Sequenzen unterbrochen und \u00fcberlagert werden.\u00a0<i>Incontri<\/i>\u00a0ist reich an ganz verschiedenen Ausdrucksm\u00f6glichkeiten. Auch dieses Werk ist Katharina Schamb\u00f6ck gewidmet.<\/p>\n<p><i><b>Sonate 1993<\/b>\u00a0f\u00fcr Violine und Klavier (1992\u2009\/\u20091993)<br \/>\n<\/i>Die\u00a0<i>Sonate 1993<\/i>\u00a0entstand in einer Phase der Erm\u00fcdung Andreas Pfl\u00fcgers von der sich immer wiederholenden und leicht in die Jahre gekommenen Avantgarde, die diesen Namen l\u00e4ngst nicht mehr verdiente, sondern sich in wiederkehrenden innovationslosen Klangstrukturen manifestierte. Diese Sonate ist in dem Sinne provokativ, als der Komponist auf Kompositionstechniken der \u00bbAvantgarde\u00ab verzichtet und als Experiment die klassische Sonatenhauptsatzform in direkter und reiner Tonsprache verwendet. Im Jahre 1996 instrumentierte Andreas Pfl\u00fcger den 2. Satz f\u00fcr Orchester und Solovioline im Auftrag von Aleph Films f\u00fcr die Produktion<i>\u00a0L\u2019isola dei morti<\/i>\u00a0(Die Toteninsel), einer transmedialen Video-Inszenierung nach dem gleichnamigen Gem\u00e4lde von Arnold B\u00f6cklin. Darin spielte Katharina Schamb\u00f6ck die im Bild auftretende Solovioline.<\/p>\n<p><i><b>\u2026Steine\u2026<\/b>\u00a0f\u00fcr Violine solo (1996)<br \/>\n<\/i>Dieses Virtuosenst\u00fcck hat Andreas Pfl\u00fcger ebenfalls f\u00fcr Katharina Schamb\u00f6ck komponiert. Darin werden, dem Wunsch der Auftraggeberin entsprechend, praktisch alle spieltechnischen M\u00f6glichkeiten der Violine ausgesch\u00f6pft:\u00a0<i>arco<\/i>\u00a0vor, auf und hinter dem Steg,\u00a0<i>pizzicato<\/i>\u00a0(auch mit der linken Hand), Flageoletts, improvisierte Ger\u00e4usche \u2026 Urspr\u00fcnglich hie\u00df das Werk\u00a0<i>Koprolit<\/i>\u00a0und ist das Resultat der k\u00fcnstlerischen Verarbeitung eines abgelehnten Projektfinanzierungsgesuchs.<\/p>\n<p>Andreas Pfl\u00fcger<\/p>\n<\/div>\n<\/td>\n<td><\/td>\n<\/tr>\n<\/tbody>\n<\/table>\n<p>Programm:<\/p>\n<table border=\"0\" width=\"100%\" rules=\"none\" cellspacing=\"0\" cellpadding=\"0\">\n<tbody>\n<tr>\n<td class=\"bigcontent2\">\n<div id=\"tracks\">\n<p><b>F\u00fcnf St\u00fccke<\/b>\u00a0for two violins and piano (2012\/2013)\u00a0<b>18:21<\/b><br \/>\n[01]\u00a0<b>A\u2026<\/b>\u00a003:04<br \/>\n[02]\u00a0<b>Fluktuationen<\/b>\u00a003:40<br \/>\n[03]\u00a0<b>Walzer oder so was\u2026<\/b>\u00a003:06<br \/>\n[04]<b>\u00a0Meditation<\/b>\u00a005:33<br \/>\n[05]\u00a0<b>Rhythms<\/b>\u00a002:58<\/p>\n<p>[06]\u00a0<b>noch ein Wind<\/b>\u00a0for violin and piano (1989)\u00a0<b>07:47<\/b><\/p>\n<p>[07]\u00a0<b>Incontri<\/b>\u00a0for violin and piano (1998)\u00a0<b>12:34<\/b><\/p>\n<p><b><br \/>\nSonate 1993<\/b>\u00a0for violin and piano (1992\/1993)\u00a0<b>21:17<br \/>\n<\/b>[08]\u00a0<b>I<\/b>\u00a008:04<br \/>\n[09]<b>\u00a0II<\/b>\u00a007:26<br \/>\n[10]<b>\u00a0III<\/b>\u00a005:47<\/p>\n<p>[11]\u00a0<b>\u2026Steine\u2026<\/b>\u00a0for violin solo (1996)<b>\u00a006:50<\/b><\/p>\n<p>total playing time: 67:10<\/p>\n<p><b><\/b><\/p>\n<p><b>Katharina Schamb\u00f6ck<\/b>\u00a0violin<br \/>\n<b>Nayoung Yoon<\/b>\u00a0violin [01\u201305]<br \/>\n<b>Gabriele Lucherini<\/b>\u00a0piano<\/p>\n<\/div>\n<\/td>\n<td><\/td>\n<\/tr>\n<\/tbody>\n<\/table>\n<p>&nbsp;<\/p>\n","protected":false},"excerpt":{"rendered":"<p>Infotext: ANDREAS PFL\u00dcGER \u2013 WERKE F\u00dcR VIOLINE UND KLAVIER F\u00fcnf St\u00fccke\u00a0f\u00fcr zwei Violinen und Klavier (2012\u2009\/\u20092013) Das Werk, ein Kompositionsauftrag der Konzertreihe \u00bbmusica viva Basel\u00ab, wurde 2013 anl\u00e4sslich eines Portraitkonzerts uraufgef\u00fchrt, bei dem ausschlie\u00dflich Kammermusikwerke von Andreas Pfl\u00fcger erklangen. Es handelt sich um f\u00fcnf kurze S\u00e4tze: In allen entwickeln sich aus kleinen Klang- und \/ [&hellip;]<\/p>\n","protected":false},"featured_media":2684,"template":"","meta":{"site-sidebar-layout":"default","site-content-layout":"default","ast-site-content-layout":"default","site-content-style":"default","site-sidebar-style":"default","ast-global-header-display":"","ast-banner-title-visibility":"","ast-main-header-display":"","ast-hfb-above-header-display":"","ast-hfb-below-header-display":"","ast-hfb-mobile-header-display":"","site-post-title":"","ast-breadcrumbs-content":"","ast-featured-img":"","footer-sml-layout":"","theme-transparent-header-meta":"default","adv-header-id-meta":"","stick-header-meta":"","header-above-stick-meta":"","header-main-stick-meta":"","header-below-stick-meta":"","astra-migrate-meta-layouts":"default","ast-page-background-enabled":"default","ast-page-background-meta":{"desktop":{"background-color":"","background-image":"","background-repeat":"repeat","background-position":"center center","background-size":"auto","background-attachment":"scroll","background-type":"","background-media":"","overlay-type":"","overlay-color":"","overlay-opacity":"","overlay-gradient":""},"tablet":{"background-color":"","background-image":"","background-repeat":"repeat","background-position":"center center","background-size":"auto","background-attachment":"scroll","background-type":"","background-media":"","overlay-type":"","overlay-color":"","overlay-opacity":"","overlay-gradient":""},"mobile":{"background-color":"","background-image":"","background-repeat":"repeat","background-position":"center center","background-size":"auto","background-attachment":"scroll","background-type":"","background-media":"","overlay-type":"","overlay-color":"","overlay-opacity":"","overlay-gradient":""}},"ast-content-background-meta":{"desktop":{"background-color":"var(--ast-global-color-5)","background-image":"","background-repeat":"repeat","background-position":"center center","background-size":"auto","background-attachment":"scroll","background-type":"","background-media":"","overlay-type":"","overlay-color":"","overlay-opacity":"","overlay-gradient":""},"tablet":{"background-color":"var(--ast-global-color-5)","background-image":"","background-repeat":"repeat","background-position":"center center","background-size":"auto","background-attachment":"scroll","background-type":"","background-media":"","overlay-type":"","overlay-color":"","overlay-opacity":"","overlay-gradient":""},"mobile":{"background-color":"var(--ast-global-color-5)","background-image":"","background-repeat":"repeat","background-position":"center center","background-size":"auto","background-attachment":"scroll","background-type":"","background-media":"","overlay-type":"","overlay-color":"","overlay-opacity":"","overlay-gradient":""}}},"product_brand":[],"product_cat":[26],"product_tag":[],"class_list":{"0":"post-2683","1":"product","2":"type-product","3":"status-publish","4":"has-post-thumbnail","6":"product_cat-zeitgenossische-musik","7":"pa_artikelnummer-neos-11707","8":"pa_brand-neos-music","9":"pa_ean-244","10":"desktop-align-left","11":"tablet-align-left","12":"mobile-align-left","14":"first","15":"instock","16":"taxable","17":"shipping-taxable","18":"purchasable","19":"product-type-simple"},"yoast_head":"<!-- This site is optimized with the Yoast SEO plugin v27.4 - https:\/\/yoast.com\/product\/yoast-seo-wordpress\/ -->\n<title>Andreas Pfl\u00fcger: Works for Violin and Piano - NEOS Music<\/title>\n<meta name=\"robots\" content=\"index, follow, max-snippet:-1, max-image-preview:large, max-video-preview:-1\" \/>\n<link rel=\"canonical\" href=\"https:\/\/neos-music.com\/en_us\/product\/andreas-pflueger-works-for-violin-and-piano\/\" \/>\n<meta property=\"og:locale\" content=\"en_US\" \/>\n<meta property=\"og:type\" content=\"article\" \/>\n<meta property=\"og:title\" content=\"Andreas Pfl\u00fcger: Works for Violin and Piano - NEOS Music\" \/>\n<meta property=\"og:description\" content=\"Infotext: ANDREAS PFL\u00dcGER \u2013 WERKE F\u00dcR VIOLINE UND KLAVIER F\u00fcnf St\u00fccke\u00a0f\u00fcr zwei Violinen und Klavier (2012\u2009\/\u20092013) Das Werk, ein Kompositionsauftrag der Konzertreihe \u00bbmusica viva Basel\u00ab, wurde 2013 anl\u00e4sslich eines Portraitkonzerts uraufgef\u00fchrt, bei dem ausschlie\u00dflich Kammermusikwerke von Andreas Pfl\u00fcger erklangen. Es handelt sich um f\u00fcnf kurze S\u00e4tze: In allen entwickeln sich aus kleinen Klang- und \/ [&hellip;]\" \/>\n<meta property=\"og:url\" content=\"https:\/\/neos-music.com\/en_us\/product\/andreas-pflueger-works-for-violin-and-piano\/\" \/>\n<meta property=\"og:site_name\" content=\"NEOS Music\" \/>\n<meta property=\"article:modified_time\" content=\"2022-11-17T14:08:00+00:00\" \/>\n<meta property=\"og:image\" content=\"https:\/\/neos-music.com\/wp-content\/uploads\/2022\/11\/NEOS_11707_Pflueger.jpeg\" \/>\n\t<meta property=\"og:image:width\" content=\"1649\" \/>\n\t<meta property=\"og:image:height\" content=\"1478\" \/>\n\t<meta property=\"og:image:type\" content=\"image\/jpeg\" \/>\n<meta name=\"twitter:card\" content=\"summary_large_image\" \/>\n<meta name=\"twitter:label1\" content=\"Est. reading time\" \/>\n\t<meta name=\"twitter:data1\" content=\"3 minutes\" \/>\n<script type=\"application\/ld+json\" class=\"yoast-schema-graph\">{\"@context\":\"https:\\\/\\\/schema.org\",\"@graph\":[{\"@type\":\"WebPage\",\"@id\":\"https:\\\/\\\/neos-music.com\\\/product\\\/andreas-pflueger-works-for-violin-and-piano\\\/\",\"url\":\"https:\\\/\\\/neos-music.com\\\/product\\\/andreas-pflueger-works-for-violin-and-piano\\\/\",\"name\":\"Andreas Pfl\u00fcger: Works for Violin and Piano - NEOS Music\",\"isPartOf\":{\"@id\":\"https:\\\/\\\/neos-music.com\\\/#website\"},\"primaryImageOfPage\":{\"@id\":\"https:\\\/\\\/neos-music.com\\\/product\\\/andreas-pflueger-works-for-violin-and-piano\\\/#primaryimage\"},\"image\":{\"@id\":\"https:\\\/\\\/neos-music.com\\\/product\\\/andreas-pflueger-works-for-violin-and-piano\\\/#primaryimage\"},\"thumbnailUrl\":\"https:\\\/\\\/i0.wp.com\\\/neos-music.com\\\/wp-content\\\/uploads\\\/2022\\\/11\\\/NEOS_11707_Pflueger.jpeg?fit=1649%2C1478&ssl=1\",\"datePublished\":\"2018-05-18T14:06:06+00:00\",\"dateModified\":\"2022-11-17T14:08:00+00:00\",\"breadcrumb\":{\"@id\":\"https:\\\/\\\/neos-music.com\\\/product\\\/andreas-pflueger-works-for-violin-and-piano\\\/#breadcrumb\"},\"inLanguage\":\"en-US\",\"potentialAction\":[{\"@type\":\"ReadAction\",\"target\":[\"https:\\\/\\\/neos-music.com\\\/product\\\/andreas-pflueger-works-for-violin-and-piano\\\/\"]}]},{\"@type\":\"ImageObject\",\"inLanguage\":\"en-US\",\"@id\":\"https:\\\/\\\/neos-music.com\\\/product\\\/andreas-pflueger-works-for-violin-and-piano\\\/#primaryimage\",\"url\":\"https:\\\/\\\/i0.wp.com\\\/neos-music.com\\\/wp-content\\\/uploads\\\/2022\\\/11\\\/NEOS_11707_Pflueger.jpeg?fit=1649%2C1478&ssl=1\",\"contentUrl\":\"https:\\\/\\\/i0.wp.com\\\/neos-music.com\\\/wp-content\\\/uploads\\\/2022\\\/11\\\/NEOS_11707_Pflueger.jpeg?fit=1649%2C1478&ssl=1\",\"width\":1649,\"height\":1478},{\"@type\":\"BreadcrumbList\",\"@id\":\"https:\\\/\\\/neos-music.com\\\/product\\\/andreas-pflueger-works-for-violin-and-piano\\\/#breadcrumb\",\"itemListElement\":[{\"@type\":\"ListItem\",\"position\":1,\"name\":\"Startseite\",\"item\":\"https:\\\/\\\/neos-music.com\\\/\"},{\"@type\":\"ListItem\",\"position\":2,\"name\":\"Produkte\",\"item\":\"https:\\\/\\\/neos-music.com\\\/shop__trashed\\\/\"},{\"@type\":\"ListItem\",\"position\":3,\"name\":\"Andreas Pfl\u00fcger: Works for Violin and Piano\"}]},{\"@type\":\"WebSite\",\"@id\":\"https:\\\/\\\/neos-music.com\\\/#website\",\"url\":\"https:\\\/\\\/neos-music.com\\\/\",\"name\":\"NEOS Music\",\"description\":\"Dein Online Shop f\u00fcr zeitgen\u00f6ssische Musik, Jazz und Classics!\",\"publisher\":{\"@id\":\"https:\\\/\\\/neos-music.com\\\/#organization\"},\"potentialAction\":[{\"@type\":\"SearchAction\",\"target\":{\"@type\":\"EntryPoint\",\"urlTemplate\":\"https:\\\/\\\/neos-music.com\\\/?s={search_term_string}\"},\"query-input\":{\"@type\":\"PropertyValueSpecification\",\"valueRequired\":true,\"valueName\":\"search_term_string\"}}],\"inLanguage\":\"en-US\"},{\"@type\":\"Organization\",\"@id\":\"https:\\\/\\\/neos-music.com\\\/#organization\",\"name\":\"NEOS Music\",\"url\":\"https:\\\/\\\/neos-music.com\\\/\",\"logo\":{\"@type\":\"ImageObject\",\"inLanguage\":\"en-US\",\"@id\":\"https:\\\/\\\/neos-music.com\\\/#\\\/schema\\\/logo\\\/image\\\/\",\"url\":\"https:\\\/\\\/i0.wp.com\\\/neos-music.com\\\/wp-content\\\/uploads\\\/2025\\\/08\\\/NEOS-Logo-weiss.png?fit=800%2C203&ssl=1\",\"contentUrl\":\"https:\\\/\\\/i0.wp.com\\\/neos-music.com\\\/wp-content\\\/uploads\\\/2025\\\/08\\\/NEOS-Logo-weiss.png?fit=800%2C203&ssl=1\",\"width\":800,\"height\":203,\"caption\":\"NEOS Music\"},\"image\":{\"@id\":\"https:\\\/\\\/neos-music.com\\\/#\\\/schema\\\/logo\\\/image\\\/\"}}]}<\/script>\n<!-- \/ Yoast SEO plugin. -->","yoast_head_json":{"title":"Andreas Pfl\u00fcger: Works for Violin and Piano - NEOS Music","robots":{"index":"index","follow":"follow","max-snippet":"max-snippet:-1","max-image-preview":"max-image-preview:large","max-video-preview":"max-video-preview:-1"},"canonical":"https:\/\/neos-music.com\/en_us\/product\/andreas-pflueger-works-for-violin-and-piano\/","og_locale":"en_US","og_type":"article","og_title":"Andreas Pfl\u00fcger: Works for Violin and Piano - NEOS Music","og_description":"Infotext: ANDREAS PFL\u00dcGER \u2013 WERKE F\u00dcR VIOLINE UND KLAVIER F\u00fcnf St\u00fccke\u00a0f\u00fcr zwei Violinen und Klavier (2012\u2009\/\u20092013) Das Werk, ein Kompositionsauftrag der Konzertreihe \u00bbmusica viva Basel\u00ab, wurde 2013 anl\u00e4sslich eines Portraitkonzerts uraufgef\u00fchrt, bei dem ausschlie\u00dflich Kammermusikwerke von Andreas Pfl\u00fcger erklangen. Es handelt sich um f\u00fcnf kurze S\u00e4tze: In allen entwickeln sich aus kleinen Klang- und \/ [&hellip;]","og_url":"https:\/\/neos-music.com\/en_us\/product\/andreas-pflueger-works-for-violin-and-piano\/","og_site_name":"NEOS Music","article_modified_time":"2022-11-17T14:08:00+00:00","og_image":[{"width":1649,"height":1478,"url":"https:\/\/neos-music.com\/wp-content\/uploads\/2022\/11\/NEOS_11707_Pflueger.jpeg","type":"image\/jpeg"}],"twitter_card":"summary_large_image","twitter_misc":{"Est. reading time":"3 minutes"},"schema":{"@context":"https:\/\/schema.org","@graph":[{"@type":"WebPage","@id":"https:\/\/neos-music.com\/product\/andreas-pflueger-works-for-violin-and-piano\/","url":"https:\/\/neos-music.com\/product\/andreas-pflueger-works-for-violin-and-piano\/","name":"Andreas Pfl\u00fcger: Works for Violin and Piano - NEOS Music","isPartOf":{"@id":"https:\/\/neos-music.com\/#website"},"primaryImageOfPage":{"@id":"https:\/\/neos-music.com\/product\/andreas-pflueger-works-for-violin-and-piano\/#primaryimage"},"image":{"@id":"https:\/\/neos-music.com\/product\/andreas-pflueger-works-for-violin-and-piano\/#primaryimage"},"thumbnailUrl":"https:\/\/i0.wp.com\/neos-music.com\/wp-content\/uploads\/2022\/11\/NEOS_11707_Pflueger.jpeg?fit=1649%2C1478&ssl=1","datePublished":"2018-05-18T14:06:06+00:00","dateModified":"2022-11-17T14:08:00+00:00","breadcrumb":{"@id":"https:\/\/neos-music.com\/product\/andreas-pflueger-works-for-violin-and-piano\/#breadcrumb"},"inLanguage":"en-US","potentialAction":[{"@type":"ReadAction","target":["https:\/\/neos-music.com\/product\/andreas-pflueger-works-for-violin-and-piano\/"]}]},{"@type":"ImageObject","inLanguage":"en-US","@id":"https:\/\/neos-music.com\/product\/andreas-pflueger-works-for-violin-and-piano\/#primaryimage","url":"https:\/\/i0.wp.com\/neos-music.com\/wp-content\/uploads\/2022\/11\/NEOS_11707_Pflueger.jpeg?fit=1649%2C1478&ssl=1","contentUrl":"https:\/\/i0.wp.com\/neos-music.com\/wp-content\/uploads\/2022\/11\/NEOS_11707_Pflueger.jpeg?fit=1649%2C1478&ssl=1","width":1649,"height":1478},{"@type":"BreadcrumbList","@id":"https:\/\/neos-music.com\/product\/andreas-pflueger-works-for-violin-and-piano\/#breadcrumb","itemListElement":[{"@type":"ListItem","position":1,"name":"Startseite","item":"https:\/\/neos-music.com\/"},{"@type":"ListItem","position":2,"name":"Produkte","item":"https:\/\/neos-music.com\/shop__trashed\/"},{"@type":"ListItem","position":3,"name":"Andreas Pfl\u00fcger: Works for Violin and Piano"}]},{"@type":"WebSite","@id":"https:\/\/neos-music.com\/#website","url":"https:\/\/neos-music.com\/","name":"NEOS Music","description":"Dein Online Shop f\u00fcr zeitgen\u00f6ssische Musik, Jazz und Classics!","publisher":{"@id":"https:\/\/neos-music.com\/#organization"},"potentialAction":[{"@type":"SearchAction","target":{"@type":"EntryPoint","urlTemplate":"https:\/\/neos-music.com\/?s={search_term_string}"},"query-input":{"@type":"PropertyValueSpecification","valueRequired":true,"valueName":"search_term_string"}}],"inLanguage":"en-US"},{"@type":"Organization","@id":"https:\/\/neos-music.com\/#organization","name":"NEOS Music","url":"https:\/\/neos-music.com\/","logo":{"@type":"ImageObject","inLanguage":"en-US","@id":"https:\/\/neos-music.com\/#\/schema\/logo\/image\/","url":"https:\/\/i0.wp.com\/neos-music.com\/wp-content\/uploads\/2025\/08\/NEOS-Logo-weiss.png?fit=800%2C203&ssl=1","contentUrl":"https:\/\/i0.wp.com\/neos-music.com\/wp-content\/uploads\/2025\/08\/NEOS-Logo-weiss.png?fit=800%2C203&ssl=1","width":800,"height":203,"caption":"NEOS Music"},"image":{"@id":"https:\/\/neos-music.com\/#\/schema\/logo\/image\/"}}]}},"jetpack_sharing_enabled":true,"_links":{"self":[{"href":"https:\/\/neos-music.com\/en_us\/wp-json\/wp\/v2\/product\/2683","targetHints":{"allow":["GET"]}}],"collection":[{"href":"https:\/\/neos-music.com\/en_us\/wp-json\/wp\/v2\/product"}],"about":[{"href":"https:\/\/neos-music.com\/en_us\/wp-json\/wp\/v2\/types\/product"}],"version-history":[{"count":0,"href":"https:\/\/neos-music.com\/en_us\/wp-json\/wp\/v2\/product\/2683\/revisions"}],"wp:featuredmedia":[{"embeddable":true,"href":"https:\/\/neos-music.com\/en_us\/wp-json\/wp\/v2\/media\/2684"}],"wp:attachment":[{"href":"https:\/\/neos-music.com\/en_us\/wp-json\/wp\/v2\/media?parent=2683"}],"wp:term":[{"taxonomy":"product_brand","embeddable":true,"href":"https:\/\/neos-music.com\/en_us\/wp-json\/wp\/v2\/product_brand?post=2683"},{"taxonomy":"product_cat","embeddable":true,"href":"https:\/\/neos-music.com\/en_us\/wp-json\/wp\/v2\/product_cat?post=2683"},{"taxonomy":"product_tag","embeddable":true,"href":"https:\/\/neos-music.com\/en_us\/wp-json\/wp\/v2\/product_tag?post=2683"}],"curies":[{"name":"wp","href":"https:\/\/api.w.org\/{rel}","templated":true}]}}