{"id":2685,"date":"2018-04-27T14:08:22","date_gmt":"2018-04-27T14:08:22","guid":{"rendered":"https:\/\/neos-music.com\/?post_type=product&#038;p=2685"},"modified":"2022-11-17T14:11:08","modified_gmt":"2022-11-17T14:11:08","slug":"claus-steffen-mahnkopf-music-for-oboe","status":"publish","type":"product","link":"https:\/\/neos-music.com\/en_us\/product\/claus-steffen-mahnkopf-music-for-oboe\/","title":{"rendered":"Claus-Steffen Mahnkopf: Music for Oboe"},"content":{"rendered":"<p>Infotext:<\/p>\n<table border=\"0\" width=\"100%\" rules=\"none\" cellspacing=\"0\" cellpadding=\"0\">\n<tbody>\n<tr>\n<td class=\"bigcontent2\">\n<div id=\"infotext\">\n<p>MUSIK F\u00dcR OBOE<\/p>\n<p>Diese CD blickt auf mehr als 25 Jahre zur\u00fcck. 1985\u2009\/\u200986 komponierte ich mein erstes Oboensolost\u00fcck,\u00a0<i>Monade<\/i>. (Dieses Werk ist auf dieser CD nicht vertreten.) Damit begann eine bis heute andauernde Freundschaft mit dem australischen Oboisten Peter Veale. 1987 fingen wir an, die Spieltechnik der Oboe systematisch zu untersuchen. Wir wollten buchst\u00e4blich alles wissen, was dieses Instrument hergibt, vor allem bei den Mehrkl\u00e4ngen, die zu dieser Zeit mit dem Computer auf ihren harmonischen Gehalt hin untersucht werden konnten. Die Arbeit dauerte sieben Jahre, 1994 kam endlich das Grundlagenwerk zur Spieltechnik der Oboe heraus, das bis heute sich weltweit gleichm\u00e4\u00dfig verkauft.<\/p>\n<p>Ende der 1980er-Jahre besa\u00df ich gleichsam ein Exklusivwissen. Und plante mein bis dahin gr\u00f6\u00dftes Werk:\u00a0<i>Medusa<\/i>\u00a0f\u00fcr Oboe und Kammerorchester, das nicht nur die neugewonnenen Kl\u00e4nge der Oboe einsetzen sollte, sondern zugleich meine Vorstellung von Polyphonie insofern radikalisiert, als weitere Subwerke in die Partitur integriert sind. (<i>Medusa<\/i>\u00a0ist auf meiner Portr\u00e4t-CD bei Wergo erschienen.) Der Oboenpart \u2013 abz\u00fcglich eines Mittelteils f\u00fcr Englischhorn \u2013 ist identisch mit\u00a0<i>Gorgoneion<\/i>, dem ersten St\u00fcck auf dieser CD. Gorgoneion ist der Name von Medusas gek\u00f6pftem Haupt, das Athene als Apotropaion auf ihrem Schild tr\u00e4gt. Medusa verk\u00f6rpert das Paradoxon von Sch\u00f6nheit und Zerst\u00f6rung. Die Gorgo Medusa zog den Betrachter an, versteinerte ihn aber durch ihren Blick. Diese Ambivalenz auszudr\u00fccken ist eine der Ideen dieses St\u00fccks, das gleichsam eine Symphonie f\u00fcr die Oboe ist.<\/p>\n<p><i>Illuminations du brouillard<\/i>\u00a0ist ein kleineres Duo f\u00fcr Oboe und Klavier, das ich in drei Fassungen komponierte, die \u00fcber einen Konzertabend verteilt aufgef\u00fchrt werden sollen. Die Oboe, die expressive Linien vortr\u00e4gt, bedient sich durchweg nicht-gew\u00f6hnlicher Klangfarben (mezza voce-Effekte, Farbgriffe und Unterblast\u00f6ne), und das Klavier verwebt die punktualistisch gedachten T\u00f6ne zu einem Pedal-Verschmelzungs-klang nach vorgeschriebenen Mustern. Die Tonh\u00f6henstruktur ist bei allen drei Versionen gleich, alle \u00fcbrigen Parameter (Dynamik, Klang-lichkeit, Pedalgebrauch etc.) aller-dings stets verschieden. Folge soll dabei sein, dass die harmonische F\u00e4rbung, neben der \u00bbemotionalen Aura\u00ab verschiedener Direktheitsgrade, durchweg eine andere sein wird, \u00e4hnlich unterschiedlich licht- und farbdurchfluteten Nebelschwaden. Der Titel bezieht sich auf diese anamorphotische Idee und sollte darum nicht mit der lyrischen Poetik des franz\u00f6sischen Symbolismus verwechselt werden.<\/p>\n<p>Der holl\u00e4ndische Oboist Ernest Rombout zeigte mir 1991 die Piccolooboe, die eine kleine Terz h\u00f6her klingt. Eine absolute Rarit\u00e4t, in die ich mich sofort verliebte wegen ihres s\u00fc\u00dfen, in der Tiefe nicht massiven und in der H\u00f6he nicht schrillen Klangs. So entstand das Solost\u00fcck\u00a0<i>Solitude-Nocturne<\/i>. Sp\u00e4ter schrieb ich eine Ensemblefassung:\u00a0<i>Solitude-S\u00e9r\u00e9nade<\/i>\u00a0(ver\u00f6ffentlicht auf der Mahnkopf Edition 3). Zwei literarische Quellen kommen in der\u00a0<i>Solitude-Nocturne<\/i>\u00a0(der Name bezieht sich auf das Schlo\u00df Solitude bei Stuttgart) zusammen; zum einen die psychoanalytisch-anthropologische Sicht Lou Andreas-Salom\u00e9s \u00fcber Erotik (\u00bb\u2026 und dass Zwei nur dann Eins sind, wenn sie Zwei bleiben\u00ab), zum anderen ein Aphorismus \u00fcber das Gl\u00fcck aus Adornos<i>\u00a0Minima Moralia<\/i>, wonach dem Zustand des Gl\u00fccks das Vergessen der Zeit, sowohl des Augenblicks wie des Hineingekommenseins und Herausfindens, innewohnt, so dass das Gl\u00fcck nur als dankbare Erinnerung bewusst werden kann.<\/p>\n<p>In meiner mehrj\u00e4hrigen Arbeit am EXPERIMENTALSTUDIO des SWR entstanden Werke aus dem Pynchon-Zyklus (Mahnkopf Edition 1), die gleichfalls der Oboe zuzuordnen sind:\u00a0<i>D.E.A.T.H.<\/i>\u00a0und<i>\u00a0W.A.S.T.E.<\/i>\u00a0Auf dieser CD erscheint\u00a0<i>W.A.S.T.E. 2<\/i>. Ausgangspunkt ist der Roman\u00a0<i>The Crying of Lot 49<\/i>\u00a0von Thomas Pynchon, mit dem mich vieles verbindet, vor allem die paranoide Weltsicht auf eine durch und durch amoralisierte und entb\u00fcrgerlichte Gesellschaft, wie sie sich in den Megametropolen von heute zeigt. In bewusster Absetzung von den anderen Zyklen \u2013 so zu Gy\u00f6rgy Kurt\u00e1g (Mahnkopf Edition 4) \u2013 geht es mir im Pynchon-Zyklus um H\u00e4rte, fast Brutalit\u00e4t, um die Konsequentialit\u00e4t von letztlich sinnlosen Prozeduren, die alles mit allem zu vermitteln scheinen, ohne dabei Bedeutung stiften zu k\u00f6nnen. Auf solche H\u00e4rte antwortet das von mir bewusst als \u00bbh\u00e4sslich\u00ab gew\u00e4hlte Material; aber auch die kompositorischen und damit auch formalen Strategien sind an der Grenze dessen angesiedelt, was einem in guter europ\u00e4ischer Tradition ausgebildeten Komponisten an Verwerfungen und Verzerrungen m\u00f6glich ist. Jedes der Werke des Pynchon-Zyklus \u00fcbersetzt die narrative Struktur des oben genannten Romans (oder eines Ausschnitts daraus) in eine mechanische Folge von Zahlen und Proportionen, die auf m\u00f6glichst vielen Ebenen der Konstruktion angewandt werden. Die kalte Rationalit\u00e4t einer komplexen Vernetzung trifft sich auf diese Weise mit einer paranoischen Sinnleere. \u00bbW.A.S.T.E.\u00ab ist ein Akronym aus\u00a0<i>The Crying of Lot 49<\/i>\u00a0und hei\u00dft dort: \u00bbWe Await Silent Tristero\u2019s Empire\u00ab.<\/p>\n<p>Schlussendlich reifte mit der Zeit die Idee, ein Werk der Oboe und Peter Veale zu widmen. Die\u00a0<i>Hommage au hautbois. Ein musikalischer Ostrakismus<\/i>\u00a0ist auch eine an Peter Veale, der die Urauff\u00fchrung bestritt. Die Kammerbesetzung ist eigent\u00fcmlich, besitzt aber eine gewisse Logik: zwei gleiche Instrumente (Klarinette, auch Bassklarinette), zwei Instrument der gleichen Familie (Trompete und Posaune) und zwei Instrumente, die als Sonderinstrumente im Orchester gelten k\u00f6nnen: E-Gitarre und Schlagzeug. Die Oboe steht allein. Man k\u00f6nnte sagen: drei P\u00e4rchen und ein Single, man stelle sich die Gruppensituation auf einer gemeinsamen Reise vor. Die P\u00e4rchen spielen in bald sehr klaren, bald eher versteckten Kanons. Sie bestimmen das Geschehen. Die Oboe tritt mehrmals versp\u00e4tet auf und wird dann von den \u00fcbrigen abgeschnitten. Dabei verlieren diese aber ihre Energie und versinken buchst\u00e4blich in immer tieferer Lage, w\u00e4hrend die Oboe ihre brillante H\u00f6he beh\u00e4lt. Am Ende sind die sechs Musiker ersch\u00f6pft, und die Oboe spielt ein gro\u00dfes Schluss-Solo. In gewisser Weise gewinnt sie, steht aber allein, was jedoch musikalisch ein Vorteil ist. In der griechischen Polis, so im antiken Athen, gab es das Scherbengericht, den Ostrakismos. Auf Antrag konnten die B\u00fcrger eine unliebsame Person verbannen, denjenigen, der die meisten Nennungen auf Tonscherben erhielt. Es ist die Oboe, die in meinem St\u00fcck verbannt wird. Aber wie gesagt, musikalisch ist das ein Sieg.<\/p>\n<p>Claus-Steffen Mahnkopf<\/p>\n<\/div>\n<\/td>\n<td><\/td>\n<\/tr>\n<\/tbody>\n<\/table>\n<p>Programm:<\/p>\n<p>[01]\u00a0<b>Gorgoneion<\/b>\u00a0for oboe solo [1990]\u00a0<b>17:33<br \/>\n<\/b>[02]\u00a0<b>Illuminations du brouillard I<\/b>\u00a0for oboe and piano [1992\/93]<b>\u00a002:51<\/b><br \/>\n[03]\u00a0<b>Solitude-Nocturne<\/b>\u00a0for piccolo oboe [1992\/93]\u00a0<b>15:14<br \/>\n<\/b>[04]\u00a0<b>Illuminations du brouillard II<\/b>\u00a0for oboe and piano [1992\/93]\u00a0<b>02:46<br \/>\n<\/b>[05]\u00a0<b>W.A.S.T.E. 2<\/b>\u00a0for oboe and tape [2002]\u00a0<b>18:06<br \/>\n<\/b>[06]<b>\u00a0Illuminations du brouillard III<\/b>\u00a0for oboe and piano [1992\/93]<b>\u00a002:56<br \/>\n<\/b>[07]\u00a0<b>Hommage au hautbois<\/b>\u00a0A musical ostracism for oboe obbligato and ensemble [2013]\u00a0<b>16:25<\/b><\/p>\n<p>total playing time: 76:50<\/p>\n<p>&nbsp;<\/p>\n<p><a class=\"arcoma_glossarylink\" href=\"https:\/\/neos-music.com\/output.php?content=Kuenstler\/Vearle_Peter.php&amp;treplace=english%2Cgerman\" target=\"_self\" rel=\"noopener\">Peter Veale<\/a>, oboe [01, 02, 04, 05, 06, 07]<br \/>\nErnest Rombout, piccolo oboe [03]<br \/>\nSven Thomas Kiebler, piano [02, 04, 06]<br \/>\nELISION<br \/>\nEugene Ughetti, conductor [07]<\/p>\n","protected":false},"excerpt":{"rendered":"<p>Infotext: MUSIK F\u00dcR OBOE Diese CD blickt auf mehr als 25 Jahre zur\u00fcck. 1985\u2009\/\u200986 komponierte ich mein erstes Oboensolost\u00fcck,\u00a0Monade. (Dieses Werk ist auf dieser CD nicht vertreten.) Damit begann eine bis heute andauernde Freundschaft mit dem australischen Oboisten Peter Veale. 1987 fingen wir an, die Spieltechnik der Oboe systematisch zu untersuchen. Wir wollten buchst\u00e4blich alles [&hellip;]<\/p>\n","protected":false},"featured_media":2687,"template":"","meta":{"site-sidebar-layout":"default","site-content-layout":"default","ast-site-content-layout":"default","site-content-style":"default","site-sidebar-style":"default","ast-global-header-display":"","ast-banner-title-visibility":"","ast-main-header-display":"","ast-hfb-above-header-display":"","ast-hfb-below-header-display":"","ast-hfb-mobile-header-display":"","site-post-title":"","ast-breadcrumbs-content":"","ast-featured-img":"","footer-sml-layout":"","theme-transparent-header-meta":"default","adv-header-id-meta":"","stick-header-meta":"","header-above-stick-meta":"","header-main-stick-meta":"","header-below-stick-meta":"","astra-migrate-meta-layouts":"default","ast-page-background-enabled":"default","ast-page-background-meta":{"desktop":{"background-color":"","background-image":"","background-repeat":"repeat","background-position":"center center","background-size":"auto","background-attachment":"scroll","background-type":"","background-media":"","overlay-type":"","overlay-color":"","overlay-opacity":"","overlay-gradient":""},"tablet":{"background-color":"","background-image":"","background-repeat":"repeat","background-position":"center center","background-size":"auto","background-attachment":"scroll","background-type":"","background-media":"","overlay-type":"","overlay-color":"","overlay-opacity":"","overlay-gradient":""},"mobile":{"background-color":"","background-image":"","background-repeat":"repeat","background-position":"center center","background-size":"auto","background-attachment":"scroll","background-type":"","background-media":"","overlay-type":"","overlay-color":"","overlay-opacity":"","overlay-gradient":""}},"ast-content-background-meta":{"desktop":{"background-color":"var(--ast-global-color-5)","background-image":"","background-repeat":"repeat","background-position":"center center","background-size":"auto","background-attachment":"scroll","background-type":"","background-media":"","overlay-type":"","overlay-color":"","overlay-opacity":"","overlay-gradient":""},"tablet":{"background-color":"var(--ast-global-color-5)","background-image":"","background-repeat":"repeat","background-position":"center center","background-size":"auto","background-attachment":"scroll","background-type":"","background-media":"","overlay-type":"","overlay-color":"","overlay-opacity":"","overlay-gradient":""},"mobile":{"background-color":"var(--ast-global-color-5)","background-image":"","background-repeat":"repeat","background-position":"center center","background-size":"auto","background-attachment":"scroll","background-type":"","background-media":"","overlay-type":"","overlay-color":"","overlay-opacity":"","overlay-gradient":""}}},"product_brand":[],"product_cat":[26],"product_tag":[],"class_list":{"0":"post-2685","1":"product","2":"type-product","3":"status-publish","4":"has-post-thumbnail","6":"product_cat-zeitgenossische-musik","7":"pa_artikelnummer-neos-11813","8":"pa_brand-neos-music","9":"pa_ean-246","10":"desktop-align-left","11":"tablet-align-left","12":"mobile-align-left","14":"first","15":"instock","16":"taxable","17":"shipping-taxable","18":"purchasable","19":"product-type-simple"},"yoast_head":"<!-- This site is optimized with the Yoast SEO plugin v27.5 - https:\/\/yoast.com\/product\/yoast-seo-wordpress\/ -->\n<title>Claus-Steffen Mahnkopf: Music for Oboe - NEOS Music<\/title>\n<meta name=\"robots\" content=\"index, follow, max-snippet:-1, max-image-preview:large, max-video-preview:-1\" \/>\n<link rel=\"canonical\" href=\"https:\/\/neos-music.com\/en_us\/product\/claus-steffen-mahnkopf-music-for-oboe\/\" \/>\n<meta property=\"og:locale\" content=\"en_US\" \/>\n<meta property=\"og:type\" content=\"article\" \/>\n<meta property=\"og:title\" content=\"Claus-Steffen Mahnkopf: Music for Oboe - NEOS Music\" \/>\n<meta property=\"og:description\" content=\"Infotext: MUSIK F\u00dcR OBOE Diese CD blickt auf mehr als 25 Jahre zur\u00fcck. 1985\u2009\/\u200986 komponierte ich mein erstes Oboensolost\u00fcck,\u00a0Monade. (Dieses Werk ist auf dieser CD nicht vertreten.) Damit begann eine bis heute andauernde Freundschaft mit dem australischen Oboisten Peter Veale. 1987 fingen wir an, die Spieltechnik der Oboe systematisch zu untersuchen. Wir wollten buchst\u00e4blich alles [&hellip;]\" \/>\n<meta property=\"og:url\" content=\"https:\/\/neos-music.com\/en_us\/product\/claus-steffen-mahnkopf-music-for-oboe\/\" \/>\n<meta property=\"og:site_name\" content=\"NEOS Music\" \/>\n<meta property=\"article:modified_time\" content=\"2022-11-17T14:11:08+00:00\" \/>\n<meta property=\"og:image\" content=\"https:\/\/neos-music.com\/wp-content\/uploads\/2022\/11\/NEOS-11813-Mahnkopf-Cover.jpeg\" \/>\n\t<meta property=\"og:image:width\" content=\"1648\" \/>\n\t<meta property=\"og:image:height\" content=\"1481\" \/>\n\t<meta property=\"og:image:type\" content=\"image\/jpeg\" \/>\n<meta name=\"twitter:card\" content=\"summary_large_image\" \/>\n<meta name=\"twitter:label1\" content=\"Est. reading time\" \/>\n\t<meta name=\"twitter:data1\" content=\"5 minutes\" \/>\n<script type=\"application\/ld+json\" class=\"yoast-schema-graph\">{\"@context\":\"https:\\\/\\\/schema.org\",\"@graph\":[{\"@type\":\"WebPage\",\"@id\":\"https:\\\/\\\/neos-music.com\\\/product\\\/claus-steffen-mahnkopf-music-for-oboe\\\/\",\"url\":\"https:\\\/\\\/neos-music.com\\\/product\\\/claus-steffen-mahnkopf-music-for-oboe\\\/\",\"name\":\"Claus-Steffen Mahnkopf: Music for Oboe - NEOS Music\",\"isPartOf\":{\"@id\":\"https:\\\/\\\/neos-music.com\\\/#website\"},\"primaryImageOfPage\":{\"@id\":\"https:\\\/\\\/neos-music.com\\\/product\\\/claus-steffen-mahnkopf-music-for-oboe\\\/#primaryimage\"},\"image\":{\"@id\":\"https:\\\/\\\/neos-music.com\\\/product\\\/claus-steffen-mahnkopf-music-for-oboe\\\/#primaryimage\"},\"thumbnailUrl\":\"https:\\\/\\\/i0.wp.com\\\/neos-music.com\\\/wp-content\\\/uploads\\\/2022\\\/11\\\/NEOS-11813-Mahnkopf-Cover.jpeg?fit=1648%2C1481&ssl=1\",\"datePublished\":\"2018-04-27T14:08:22+00:00\",\"dateModified\":\"2022-11-17T14:11:08+00:00\",\"breadcrumb\":{\"@id\":\"https:\\\/\\\/neos-music.com\\\/product\\\/claus-steffen-mahnkopf-music-for-oboe\\\/#breadcrumb\"},\"inLanguage\":\"en-US\",\"potentialAction\":[{\"@type\":\"ReadAction\",\"target\":[\"https:\\\/\\\/neos-music.com\\\/product\\\/claus-steffen-mahnkopf-music-for-oboe\\\/\"]}]},{\"@type\":\"ImageObject\",\"inLanguage\":\"en-US\",\"@id\":\"https:\\\/\\\/neos-music.com\\\/product\\\/claus-steffen-mahnkopf-music-for-oboe\\\/#primaryimage\",\"url\":\"https:\\\/\\\/i0.wp.com\\\/neos-music.com\\\/wp-content\\\/uploads\\\/2022\\\/11\\\/NEOS-11813-Mahnkopf-Cover.jpeg?fit=1648%2C1481&ssl=1\",\"contentUrl\":\"https:\\\/\\\/i0.wp.com\\\/neos-music.com\\\/wp-content\\\/uploads\\\/2022\\\/11\\\/NEOS-11813-Mahnkopf-Cover.jpeg?fit=1648%2C1481&ssl=1\",\"width\":1648,\"height\":1481},{\"@type\":\"BreadcrumbList\",\"@id\":\"https:\\\/\\\/neos-music.com\\\/product\\\/claus-steffen-mahnkopf-music-for-oboe\\\/#breadcrumb\",\"itemListElement\":[{\"@type\":\"ListItem\",\"position\":1,\"name\":\"Startseite\",\"item\":\"https:\\\/\\\/neos-music.com\\\/\"},{\"@type\":\"ListItem\",\"position\":2,\"name\":\"Produkte\",\"item\":\"https:\\\/\\\/neos-music.com\\\/shop__trashed\\\/\"},{\"@type\":\"ListItem\",\"position\":3,\"name\":\"Claus-Steffen Mahnkopf: Music for Oboe\"}]},{\"@type\":\"WebSite\",\"@id\":\"https:\\\/\\\/neos-music.com\\\/#website\",\"url\":\"https:\\\/\\\/neos-music.com\\\/\",\"name\":\"NEOS Music\",\"description\":\"Dein Online Shop f\u00fcr zeitgen\u00f6ssische Musik, Jazz und Classics!\",\"publisher\":{\"@id\":\"https:\\\/\\\/neos-music.com\\\/#organization\"},\"potentialAction\":[{\"@type\":\"SearchAction\",\"target\":{\"@type\":\"EntryPoint\",\"urlTemplate\":\"https:\\\/\\\/neos-music.com\\\/?s={search_term_string}\"},\"query-input\":{\"@type\":\"PropertyValueSpecification\",\"valueRequired\":true,\"valueName\":\"search_term_string\"}}],\"inLanguage\":\"en-US\"},{\"@type\":\"Organization\",\"@id\":\"https:\\\/\\\/neos-music.com\\\/#organization\",\"name\":\"NEOS Music\",\"url\":\"https:\\\/\\\/neos-music.com\\\/\",\"logo\":{\"@type\":\"ImageObject\",\"inLanguage\":\"en-US\",\"@id\":\"https:\\\/\\\/neos-music.com\\\/#\\\/schema\\\/logo\\\/image\\\/\",\"url\":\"https:\\\/\\\/i0.wp.com\\\/neos-music.com\\\/wp-content\\\/uploads\\\/2025\\\/08\\\/NEOS-Logo-weiss.png?fit=800%2C203&ssl=1\",\"contentUrl\":\"https:\\\/\\\/i0.wp.com\\\/neos-music.com\\\/wp-content\\\/uploads\\\/2025\\\/08\\\/NEOS-Logo-weiss.png?fit=800%2C203&ssl=1\",\"width\":800,\"height\":203,\"caption\":\"NEOS Music\"},\"image\":{\"@id\":\"https:\\\/\\\/neos-music.com\\\/#\\\/schema\\\/logo\\\/image\\\/\"}}]}<\/script>\n<!-- \/ Yoast SEO plugin. -->","yoast_head_json":{"title":"Claus-Steffen Mahnkopf: Music for Oboe - NEOS Music","robots":{"index":"index","follow":"follow","max-snippet":"max-snippet:-1","max-image-preview":"max-image-preview:large","max-video-preview":"max-video-preview:-1"},"canonical":"https:\/\/neos-music.com\/en_us\/product\/claus-steffen-mahnkopf-music-for-oboe\/","og_locale":"en_US","og_type":"article","og_title":"Claus-Steffen Mahnkopf: Music for Oboe - NEOS Music","og_description":"Infotext: MUSIK F\u00dcR OBOE Diese CD blickt auf mehr als 25 Jahre zur\u00fcck. 1985\u2009\/\u200986 komponierte ich mein erstes Oboensolost\u00fcck,\u00a0Monade. (Dieses Werk ist auf dieser CD nicht vertreten.) Damit begann eine bis heute andauernde Freundschaft mit dem australischen Oboisten Peter Veale. 1987 fingen wir an, die Spieltechnik der Oboe systematisch zu untersuchen. Wir wollten buchst\u00e4blich alles [&hellip;]","og_url":"https:\/\/neos-music.com\/en_us\/product\/claus-steffen-mahnkopf-music-for-oboe\/","og_site_name":"NEOS Music","article_modified_time":"2022-11-17T14:11:08+00:00","og_image":[{"width":1648,"height":1481,"url":"https:\/\/neos-music.com\/wp-content\/uploads\/2022\/11\/NEOS-11813-Mahnkopf-Cover.jpeg","type":"image\/jpeg"}],"twitter_card":"summary_large_image","twitter_misc":{"Est. reading time":"5 minutes"},"schema":{"@context":"https:\/\/schema.org","@graph":[{"@type":"WebPage","@id":"https:\/\/neos-music.com\/product\/claus-steffen-mahnkopf-music-for-oboe\/","url":"https:\/\/neos-music.com\/product\/claus-steffen-mahnkopf-music-for-oboe\/","name":"Claus-Steffen Mahnkopf: Music for Oboe - NEOS Music","isPartOf":{"@id":"https:\/\/neos-music.com\/#website"},"primaryImageOfPage":{"@id":"https:\/\/neos-music.com\/product\/claus-steffen-mahnkopf-music-for-oboe\/#primaryimage"},"image":{"@id":"https:\/\/neos-music.com\/product\/claus-steffen-mahnkopf-music-for-oboe\/#primaryimage"},"thumbnailUrl":"https:\/\/i0.wp.com\/neos-music.com\/wp-content\/uploads\/2022\/11\/NEOS-11813-Mahnkopf-Cover.jpeg?fit=1648%2C1481&ssl=1","datePublished":"2018-04-27T14:08:22+00:00","dateModified":"2022-11-17T14:11:08+00:00","breadcrumb":{"@id":"https:\/\/neos-music.com\/product\/claus-steffen-mahnkopf-music-for-oboe\/#breadcrumb"},"inLanguage":"en-US","potentialAction":[{"@type":"ReadAction","target":["https:\/\/neos-music.com\/product\/claus-steffen-mahnkopf-music-for-oboe\/"]}]},{"@type":"ImageObject","inLanguage":"en-US","@id":"https:\/\/neos-music.com\/product\/claus-steffen-mahnkopf-music-for-oboe\/#primaryimage","url":"https:\/\/i0.wp.com\/neos-music.com\/wp-content\/uploads\/2022\/11\/NEOS-11813-Mahnkopf-Cover.jpeg?fit=1648%2C1481&ssl=1","contentUrl":"https:\/\/i0.wp.com\/neos-music.com\/wp-content\/uploads\/2022\/11\/NEOS-11813-Mahnkopf-Cover.jpeg?fit=1648%2C1481&ssl=1","width":1648,"height":1481},{"@type":"BreadcrumbList","@id":"https:\/\/neos-music.com\/product\/claus-steffen-mahnkopf-music-for-oboe\/#breadcrumb","itemListElement":[{"@type":"ListItem","position":1,"name":"Startseite","item":"https:\/\/neos-music.com\/"},{"@type":"ListItem","position":2,"name":"Produkte","item":"https:\/\/neos-music.com\/shop__trashed\/"},{"@type":"ListItem","position":3,"name":"Claus-Steffen Mahnkopf: Music for Oboe"}]},{"@type":"WebSite","@id":"https:\/\/neos-music.com\/#website","url":"https:\/\/neos-music.com\/","name":"NEOS Music","description":"Dein Online Shop f\u00fcr zeitgen\u00f6ssische Musik, Jazz und Classics!","publisher":{"@id":"https:\/\/neos-music.com\/#organization"},"potentialAction":[{"@type":"SearchAction","target":{"@type":"EntryPoint","urlTemplate":"https:\/\/neos-music.com\/?s={search_term_string}"},"query-input":{"@type":"PropertyValueSpecification","valueRequired":true,"valueName":"search_term_string"}}],"inLanguage":"en-US"},{"@type":"Organization","@id":"https:\/\/neos-music.com\/#organization","name":"NEOS Music","url":"https:\/\/neos-music.com\/","logo":{"@type":"ImageObject","inLanguage":"en-US","@id":"https:\/\/neos-music.com\/#\/schema\/logo\/image\/","url":"https:\/\/i0.wp.com\/neos-music.com\/wp-content\/uploads\/2025\/08\/NEOS-Logo-weiss.png?fit=800%2C203&ssl=1","contentUrl":"https:\/\/i0.wp.com\/neos-music.com\/wp-content\/uploads\/2025\/08\/NEOS-Logo-weiss.png?fit=800%2C203&ssl=1","width":800,"height":203,"caption":"NEOS Music"},"image":{"@id":"https:\/\/neos-music.com\/#\/schema\/logo\/image\/"}}]}},"jetpack_sharing_enabled":true,"_links":{"self":[{"href":"https:\/\/neos-music.com\/en_us\/wp-json\/wp\/v2\/product\/2685","targetHints":{"allow":["GET"]}}],"collection":[{"href":"https:\/\/neos-music.com\/en_us\/wp-json\/wp\/v2\/product"}],"about":[{"href":"https:\/\/neos-music.com\/en_us\/wp-json\/wp\/v2\/types\/product"}],"version-history":[{"count":0,"href":"https:\/\/neos-music.com\/en_us\/wp-json\/wp\/v2\/product\/2685\/revisions"}],"wp:featuredmedia":[{"embeddable":true,"href":"https:\/\/neos-music.com\/en_us\/wp-json\/wp\/v2\/media\/2687"}],"wp:attachment":[{"href":"https:\/\/neos-music.com\/en_us\/wp-json\/wp\/v2\/media?parent=2685"}],"wp:term":[{"taxonomy":"product_brand","embeddable":true,"href":"https:\/\/neos-music.com\/en_us\/wp-json\/wp\/v2\/product_brand?post=2685"},{"taxonomy":"product_cat","embeddable":true,"href":"https:\/\/neos-music.com\/en_us\/wp-json\/wp\/v2\/product_cat?post=2685"},{"taxonomy":"product_tag","embeddable":true,"href":"https:\/\/neos-music.com\/en_us\/wp-json\/wp\/v2\/product_tag?post=2685"}],"curies":[{"name":"wp","href":"https:\/\/api.w.org\/{rel}","templated":true}]}}