{"id":2692,"date":"2018-03-30T14:17:39","date_gmt":"2018-03-30T14:17:39","guid":{"rendered":"https:\/\/neos-music.com\/?post_type=product&#038;p=2692"},"modified":"2023-05-22T22:15:49","modified_gmt":"2023-05-22T22:15:49","slug":"rupert-huber-ru%e1%b8%a5-i-gulab-%c2%b7-mein-venedig","status":"publish","type":"product","link":"https:\/\/neos-music.com\/en_us\/product\/rupert-huber-ru%e1%b8%a5-i-gulab-%c2%b7-mein-venedig\/","title":{"rendered":"Rupert Huber: r\u016b\u1e25-i-gul\u0101b \u00b7 Mein Venedig"},"content":{"rendered":"<p>Programm:<\/p>\n<table border=\"0\" width=\"100%\" rules=\"none\" cellspacing=\"0\" cellpadding=\"0\">\n<tbody>\n<tr>\n<td class=\"bigcontent2\">\n<div id=\"tracks\">\n<p><b>r\u016b\u1e25-i-gul\u0101b<\/b>\u00a0\u201cDie Seele der Rose\u201d (2006)\u00a0<b>45:36<\/b><br \/>\nModem for five-part mixed choir, Egyptian Mad\u012b\u1e25 Ensemble and ten bowl-bells, based on a poem by \u011eal\u0101l-ad-Din R\u016bm\u012b (translated by Friedrich R\u00fcckert) and part of the \u201cPoem of the Mantle\u201d by Sharaf al-Din al-B\u016bs\u012br\u012b<br \/>\n<i>Commissioned by Westdeutscher Rundfunk<\/i><\/p>\n<p>[01]\u00a0<b>A<\/b>\u00a004:49<br \/>\n[02]\u00a0<b>B: \u201cDer Tag ist hie\u201d<\/b>\u00a002:26<br \/>\n[03]\u00a0<b>B: \u201cDie Liebe war des Rosenbeetes G\u00e4rtner\u201d<\/b>\u00a002:56<br \/>\n[04]\u00a0<b>B: \u201cAls Kunde scholl: die Rose naht!\u201d<\/b>\u00a002:12<br \/>\n[05]\u00a0<b>B: \u201cDie Tulpe schwieg\u201d<\/b>\u00a002:27<br \/>\n[06]\u00a0<b>B: \u201cZum Epheu fl\u00fcsterte Cypress\u201d<\/b>\u00a002:29<br \/>\n[07]\u00a0<b>B: \u201cDie Nachtigall, sie gellt in tausend N\u00e4chten\u201d<\/b>\u00a002:16<br \/>\n[08]\u00a0<b>B: \u201cDer Himmel kann der Rose Bild nicht fassen\u201d<\/b>\u00a002:16<br \/>\n[09]\u00a0<b>C: I<\/b>\u00a006:47<br \/>\n[10]\u00a0<b>C: II<\/b>\u00a007:46<br \/>\n[11]\u00a0<b>C: III<\/b>\u00a003:10<br \/>\n[12]\u00a0<b>D: \u201cDie Ros\u2019 ein Bote kommt vom Seelengarten\u201d<\/b>\u00a004:00<br \/>\n[13]\u00a0<b>E<\/b>\u00a002:02<\/p>\n<p><b>Mad\u012b\u1e25 Ensemble<\/b><br \/>\nSheikh Arabi Farag, singing \u00b7 Ahmad Arnab, kawala \u00b7 Roman Bunka, \u016bd<br \/>\nFikri El-Qin\u0101w\u012b, rab\u0101b\u0101 \u00b7 Issam El-Mallah, frame drums<br \/>\n<b>Doris Huber<\/b>\u00a0bowl-bells<br \/>\n<b>Chor des Bayerischen Rundfunks<br \/>\n<a class=\"arcoma_glossarylink\" href=\"https:\/\/neos-music.com\/output.php?content=Kuenstler\/Rupert_Huber.php&amp;treplace=english%2Cgerman\" target=\"_self\" rel=\"noopener\">Rupert Huber<\/a><\/b>\u00a0conductor<\/p>\n<p>[14]\u00a0<b>Mein Venedig<\/b>\u00a0(2009) 14:40<br \/>\nModem for mixed choir, bowl-bells, ocarinas and pipes, based on the poem of the same title by Rose Ausl\u00e4nder<br \/>\n<i>Commissioned by Bayerischer Rundfunk<\/i><\/p>\n<p><b>Chor des Bayerischen Rundfunks<br \/>\n<a class=\"arcoma_glossarylink\" href=\"https:\/\/neos-music.com\/output.php?content=Kuenstler\/Rupert_Huber.php&amp;treplace=english%2Cgerman\" target=\"_self\" rel=\"noopener\">Rupert Huber<\/a><\/b>\u00a0conductor<\/p>\n<p>total playing time: 60:15<\/p>\n<\/div>\n<\/td>\n<td><\/td>\n<\/tr>\n<\/tbody>\n<\/table>\n<p>Pressestimmen:<\/p>\n<table border=\"0\" width=\"100%\" rules=\"none\" cellspacing=\"0\" cellpadding=\"0\">\n<tbody>\n<tr>\n<td class=\"bigcontent2\">\n<div id=\"press\">\n<p><img data-recalc-dims=\"1\" decoding=\"async\" src=\"https:\/\/i0.wp.com\/neos-music.com\/wp-content\/uploads\/2023\/05\/logo_musiktexte.jpg?ssl=1\" alt=\"\" \/><\/p>\n<p>In der\u00a0Novemberausgabe 2018 besch\u00e4ftigt sich Manfred Karallus unter dem Titel &#8222;Was hei\u00dft eigent\u00fcmlich?&#8220; mit vier Neueditionen von NEOS.<\/p>\n<p>&#8222;Noch bis weit ins zwanzigste Jahrhundert stand in der T\u00fcrkei die Weitergabe geistigen Eigentums, selbst eines einfachen M\u00e4rchens, unter schwerer Strafe. F\u00fcr den allzu freiz\u00fcgigen Umgang mit Information konnte einer sogar seinen Kopf verlieren, und zwar g\u00e4nzlich.<\/p>\n<p>Rupert Huber, Tatmensch, rastloser musikalischer Handlungsreisender und Expeditionsunternehmer zwischen Fernost und Nahebei, tr\u00e4gt den Kopf noch fest auf den Schultern, l\u00e4sst sich gut gen\u00e4hrt mit einem kapitalen Hecht in den Armen auf der Innenseite der CD abbilden und sieht nicht aus wie einer, der \u00fcber seine Taten allzu viele Skrupel hat.&#8220; (&#8230;)<\/p>\n<p><a class=\"arcoma_editor_link\" href=\"https:\/\/neos-music.com\/output.php?template=german-album-details.php&amp;content=Alben\/11606.php#\" target=\"_blank\" rel=\"noopener\">Lesen Sie hier den vollst\u00e4ndigen Artikel von Manfred Karallus.<\/a><\/p>\n<p>&nbsp;<\/p>\n<\/div>\n<\/td>\n<td><\/td>\n<\/tr>\n<\/tbody>\n<\/table>\n<p>&nbsp;<\/p>\n","protected":false},"excerpt":{"rendered":"<p>Programm: r\u016b\u1e25-i-gul\u0101b\u00a0\u201cDie Seele der Rose\u201d (2006)\u00a045:36 Modem for five-part mixed choir, Egyptian Mad\u012b\u1e25 Ensemble and ten bowl-bells, based on a poem by \u011eal\u0101l-ad-Din R\u016bm\u012b (translated by Friedrich R\u00fcckert) and part of the \u201cPoem of the Mantle\u201d by Sharaf al-Din al-B\u016bs\u012br\u012b Commissioned by Westdeutscher Rundfunk [01]\u00a0A\u00a004:49 [02]\u00a0B: \u201cDer Tag ist hie\u201d\u00a002:26 [03]\u00a0B: \u201cDie Liebe war des [&hellip;]<\/p>\n","protected":false},"featured_media":2693,"template":"","meta":{"site-sidebar-layout":"default","site-content-layout":"default","ast-site-content-layout":"default","site-content-style":"default","site-sidebar-style":"default","ast-global-header-display":"","ast-banner-title-visibility":"","ast-main-header-display":"","ast-hfb-above-header-display":"","ast-hfb-below-header-display":"","ast-hfb-mobile-header-display":"","site-post-title":"","ast-breadcrumbs-content":"","ast-featured-img":"","footer-sml-layout":"","theme-transparent-header-meta":"default","adv-header-id-meta":"","stick-header-meta":"","header-above-stick-meta":"","header-main-stick-meta":"","header-below-stick-meta":"","astra-migrate-meta-layouts":"default","ast-page-background-enabled":"default","ast-page-background-meta":{"desktop":{"background-color":"","background-image":"","background-repeat":"repeat","background-position":"center center","background-size":"auto","background-attachment":"scroll","background-type":"","background-media":"","overlay-type":"","overlay-color":"","overlay-opacity":"","overlay-gradient":""},"tablet":{"background-color":"","background-image":"","background-repeat":"repeat","background-position":"center center","background-size":"auto","background-attachment":"scroll","background-type":"","background-media":"","overlay-type":"","overlay-color":"","overlay-opacity":"","overlay-gradient":""},"mobile":{"background-color":"","background-image":"","background-repeat":"repeat","background-position":"center center","background-size":"auto","background-attachment":"scroll","background-type":"","background-media":"","overlay-type":"","overlay-color":"","overlay-opacity":"","overlay-gradient":""}},"ast-content-background-meta":{"desktop":{"background-color":"var(--ast-global-color-5)","background-image":"","background-repeat":"repeat","background-position":"center center","background-size":"auto","background-attachment":"scroll","background-type":"","background-media":"","overlay-type":"","overlay-color":"","overlay-opacity":"","overlay-gradient":""},"tablet":{"background-color":"var(--ast-global-color-5)","background-image":"","background-repeat":"repeat","background-position":"center center","background-size":"auto","background-attachment":"scroll","background-type":"","background-media":"","overlay-type":"","overlay-color":"","overlay-opacity":"","overlay-gradient":""},"mobile":{"background-color":"var(--ast-global-color-5)","background-image":"","background-repeat":"repeat","background-position":"center center","background-size":"auto","background-attachment":"scroll","background-type":"","background-media":"","overlay-type":"","overlay-color":"","overlay-opacity":"","overlay-gradient":""}}},"product_brand":[],"product_cat":[26],"product_tag":[],"class_list":{"0":"post-2692","1":"product","2":"type-product","3":"status-publish","4":"has-post-thumbnail","6":"product_cat-zeitgenossische-musik","7":"pa_artikelnummer-neos-11606","8":"pa_brand-neos-music","9":"pa_ean-252","10":"desktop-align-left","11":"tablet-align-left","12":"mobile-align-left","14":"first","15":"instock","16":"taxable","17":"shipping-taxable","18":"purchasable","19":"product-type-simple"},"yoast_head":"<!-- This site is optimized with the Yoast SEO plugin v27.3 - https:\/\/yoast.com\/product\/yoast-seo-wordpress\/ -->\n<title>Rupert Huber: r\u016b\u1e25-i-gul\u0101b \u00b7 Mein Venedig - NEOS Music<\/title>\n<meta name=\"robots\" content=\"index, follow, max-snippet:-1, max-image-preview:large, max-video-preview:-1\" \/>\n<link rel=\"canonical\" href=\"https:\/\/neos-music.com\/en_us\/product\/rupert-huber-ru\u1e25-i-gulab-\u00b7-mein-venedig\/\" \/>\n<meta property=\"og:locale\" content=\"en_US\" \/>\n<meta property=\"og:type\" content=\"article\" \/>\n<meta property=\"og:title\" content=\"Rupert Huber: r\u016b\u1e25-i-gul\u0101b \u00b7 Mein Venedig - NEOS Music\" \/>\n<meta property=\"og:description\" content=\"Programm: r\u016b\u1e25-i-gul\u0101b\u00a0\u201cDie Seele der Rose\u201d (2006)\u00a045:36 Modem for five-part mixed choir, Egyptian Mad\u012b\u1e25 Ensemble and ten bowl-bells, based on a poem by \u011eal\u0101l-ad-Din R\u016bm\u012b (translated by Friedrich R\u00fcckert) and part of the \u201cPoem of the Mantle\u201d by Sharaf al-Din al-B\u016bs\u012br\u012b Commissioned by Westdeutscher Rundfunk [01]\u00a0A\u00a004:49 [02]\u00a0B: \u201cDer Tag ist hie\u201d\u00a002:26 [03]\u00a0B: \u201cDie Liebe war des [&hellip;]\" \/>\n<meta property=\"og:url\" content=\"https:\/\/neos-music.com\/en_us\/product\/rupert-huber-ru\u1e25-i-gulab-\u00b7-mein-venedig\/\" \/>\n<meta property=\"og:site_name\" content=\"NEOS Music\" \/>\n<meta property=\"article:modified_time\" content=\"2023-05-22T22:15:49+00:00\" \/>\n<meta property=\"og:image\" content=\"https:\/\/neos-music.com\/wp-content\/uploads\/2022\/11\/NEOS_11606_Huber.jpeg\" \/>\n\t<meta property=\"og:image:width\" content=\"1648\" \/>\n\t<meta property=\"og:image:height\" content=\"1482\" \/>\n\t<meta property=\"og:image:type\" content=\"image\/jpeg\" \/>\n<meta name=\"twitter:card\" content=\"summary_large_image\" \/>\n<meta name=\"twitter:label1\" content=\"Est. reading time\" \/>\n\t<meta name=\"twitter:data1\" content=\"2 minutes\" \/>\n<script type=\"application\/ld+json\" class=\"yoast-schema-graph\">{\"@context\":\"https:\\\/\\\/schema.org\",\"@graph\":[{\"@type\":\"WebPage\",\"@id\":\"https:\\\/\\\/neos-music.com\\\/product\\\/rupert-huber-ru%e1%b8%a5-i-gulab-%c2%b7-mein-venedig\\\/\",\"url\":\"https:\\\/\\\/neos-music.com\\\/product\\\/rupert-huber-ru%e1%b8%a5-i-gulab-%c2%b7-mein-venedig\\\/\",\"name\":\"Rupert Huber: r\u016b\u1e25-i-gul\u0101b \u00b7 Mein Venedig - NEOS Music\",\"isPartOf\":{\"@id\":\"https:\\\/\\\/neos-music.com\\\/#website\"},\"primaryImageOfPage\":{\"@id\":\"https:\\\/\\\/neos-music.com\\\/product\\\/rupert-huber-ru%e1%b8%a5-i-gulab-%c2%b7-mein-venedig\\\/#primaryimage\"},\"image\":{\"@id\":\"https:\\\/\\\/neos-music.com\\\/product\\\/rupert-huber-ru%e1%b8%a5-i-gulab-%c2%b7-mein-venedig\\\/#primaryimage\"},\"thumbnailUrl\":\"https:\\\/\\\/i0.wp.com\\\/neos-music.com\\\/wp-content\\\/uploads\\\/2022\\\/11\\\/NEOS_11606_Huber.jpeg?fit=1648%2C1482&ssl=1\",\"datePublished\":\"2018-03-30T14:17:39+00:00\",\"dateModified\":\"2023-05-22T22:15:49+00:00\",\"breadcrumb\":{\"@id\":\"https:\\\/\\\/neos-music.com\\\/product\\\/rupert-huber-ru%e1%b8%a5-i-gulab-%c2%b7-mein-venedig\\\/#breadcrumb\"},\"inLanguage\":\"en-US\",\"potentialAction\":[{\"@type\":\"ReadAction\",\"target\":[\"https:\\\/\\\/neos-music.com\\\/product\\\/rupert-huber-ru%e1%b8%a5-i-gulab-%c2%b7-mein-venedig\\\/\"]}]},{\"@type\":\"ImageObject\",\"inLanguage\":\"en-US\",\"@id\":\"https:\\\/\\\/neos-music.com\\\/product\\\/rupert-huber-ru%e1%b8%a5-i-gulab-%c2%b7-mein-venedig\\\/#primaryimage\",\"url\":\"https:\\\/\\\/i0.wp.com\\\/neos-music.com\\\/wp-content\\\/uploads\\\/2022\\\/11\\\/NEOS_11606_Huber.jpeg?fit=1648%2C1482&ssl=1\",\"contentUrl\":\"https:\\\/\\\/i0.wp.com\\\/neos-music.com\\\/wp-content\\\/uploads\\\/2022\\\/11\\\/NEOS_11606_Huber.jpeg?fit=1648%2C1482&ssl=1\",\"width\":1648,\"height\":1482},{\"@type\":\"BreadcrumbList\",\"@id\":\"https:\\\/\\\/neos-music.com\\\/product\\\/rupert-huber-ru%e1%b8%a5-i-gulab-%c2%b7-mein-venedig\\\/#breadcrumb\",\"itemListElement\":[{\"@type\":\"ListItem\",\"position\":1,\"name\":\"Startseite\",\"item\":\"https:\\\/\\\/neos-music.com\\\/\"},{\"@type\":\"ListItem\",\"position\":2,\"name\":\"Produkte\",\"item\":\"https:\\\/\\\/neos-music.com\\\/shop__trashed\\\/\"},{\"@type\":\"ListItem\",\"position\":3,\"name\":\"Rupert Huber: r\u016b\u1e25-i-gul\u0101b \u00b7 Mein Venedig\"}]},{\"@type\":\"WebSite\",\"@id\":\"https:\\\/\\\/neos-music.com\\\/#website\",\"url\":\"https:\\\/\\\/neos-music.com\\\/\",\"name\":\"NEOS Music\",\"description\":\"Dein Online Shop f\u00fcr zeitgen\u00f6ssische Musik, Jazz und Classics!\",\"publisher\":{\"@id\":\"https:\\\/\\\/neos-music.com\\\/#organization\"},\"potentialAction\":[{\"@type\":\"SearchAction\",\"target\":{\"@type\":\"EntryPoint\",\"urlTemplate\":\"https:\\\/\\\/neos-music.com\\\/?s={search_term_string}\"},\"query-input\":{\"@type\":\"PropertyValueSpecification\",\"valueRequired\":true,\"valueName\":\"search_term_string\"}}],\"inLanguage\":\"en-US\"},{\"@type\":\"Organization\",\"@id\":\"https:\\\/\\\/neos-music.com\\\/#organization\",\"name\":\"NEOS Music\",\"url\":\"https:\\\/\\\/neos-music.com\\\/\",\"logo\":{\"@type\":\"ImageObject\",\"inLanguage\":\"en-US\",\"@id\":\"https:\\\/\\\/neos-music.com\\\/#\\\/schema\\\/logo\\\/image\\\/\",\"url\":\"https:\\\/\\\/i0.wp.com\\\/neos-music.com\\\/wp-content\\\/uploads\\\/2025\\\/08\\\/NEOS-Logo-weiss.png?fit=800%2C203&ssl=1\",\"contentUrl\":\"https:\\\/\\\/i0.wp.com\\\/neos-music.com\\\/wp-content\\\/uploads\\\/2025\\\/08\\\/NEOS-Logo-weiss.png?fit=800%2C203&ssl=1\",\"width\":800,\"height\":203,\"caption\":\"NEOS Music\"},\"image\":{\"@id\":\"https:\\\/\\\/neos-music.com\\\/#\\\/schema\\\/logo\\\/image\\\/\"}}]}<\/script>\n<!-- \/ Yoast SEO plugin. -->","yoast_head_json":{"title":"Rupert Huber: r\u016b\u1e25-i-gul\u0101b \u00b7 Mein Venedig - NEOS Music","robots":{"index":"index","follow":"follow","max-snippet":"max-snippet:-1","max-image-preview":"max-image-preview:large","max-video-preview":"max-video-preview:-1"},"canonical":"https:\/\/neos-music.com\/en_us\/product\/rupert-huber-ru\u1e25-i-gulab-\u00b7-mein-venedig\/","og_locale":"en_US","og_type":"article","og_title":"Rupert Huber: r\u016b\u1e25-i-gul\u0101b \u00b7 Mein Venedig - NEOS Music","og_description":"Programm: r\u016b\u1e25-i-gul\u0101b\u00a0\u201cDie Seele der Rose\u201d (2006)\u00a045:36 Modem for five-part mixed choir, Egyptian Mad\u012b\u1e25 Ensemble and ten bowl-bells, based on a poem by \u011eal\u0101l-ad-Din R\u016bm\u012b (translated by Friedrich R\u00fcckert) and part of the \u201cPoem of the Mantle\u201d by Sharaf al-Din al-B\u016bs\u012br\u012b Commissioned by Westdeutscher Rundfunk [01]\u00a0A\u00a004:49 [02]\u00a0B: \u201cDer Tag ist hie\u201d\u00a002:26 [03]\u00a0B: \u201cDie Liebe war des [&hellip;]","og_url":"https:\/\/neos-music.com\/en_us\/product\/rupert-huber-ru\u1e25-i-gulab-\u00b7-mein-venedig\/","og_site_name":"NEOS Music","article_modified_time":"2023-05-22T22:15:49+00:00","og_image":[{"width":1648,"height":1482,"url":"https:\/\/neos-music.com\/wp-content\/uploads\/2022\/11\/NEOS_11606_Huber.jpeg","type":"image\/jpeg"}],"twitter_card":"summary_large_image","twitter_misc":{"Est. reading time":"2 minutes"},"schema":{"@context":"https:\/\/schema.org","@graph":[{"@type":"WebPage","@id":"https:\/\/neos-music.com\/product\/rupert-huber-ru%e1%b8%a5-i-gulab-%c2%b7-mein-venedig\/","url":"https:\/\/neos-music.com\/product\/rupert-huber-ru%e1%b8%a5-i-gulab-%c2%b7-mein-venedig\/","name":"Rupert Huber: r\u016b\u1e25-i-gul\u0101b \u00b7 Mein Venedig - NEOS Music","isPartOf":{"@id":"https:\/\/neos-music.com\/#website"},"primaryImageOfPage":{"@id":"https:\/\/neos-music.com\/product\/rupert-huber-ru%e1%b8%a5-i-gulab-%c2%b7-mein-venedig\/#primaryimage"},"image":{"@id":"https:\/\/neos-music.com\/product\/rupert-huber-ru%e1%b8%a5-i-gulab-%c2%b7-mein-venedig\/#primaryimage"},"thumbnailUrl":"https:\/\/i0.wp.com\/neos-music.com\/wp-content\/uploads\/2022\/11\/NEOS_11606_Huber.jpeg?fit=1648%2C1482&ssl=1","datePublished":"2018-03-30T14:17:39+00:00","dateModified":"2023-05-22T22:15:49+00:00","breadcrumb":{"@id":"https:\/\/neos-music.com\/product\/rupert-huber-ru%e1%b8%a5-i-gulab-%c2%b7-mein-venedig\/#breadcrumb"},"inLanguage":"en-US","potentialAction":[{"@type":"ReadAction","target":["https:\/\/neos-music.com\/product\/rupert-huber-ru%e1%b8%a5-i-gulab-%c2%b7-mein-venedig\/"]}]},{"@type":"ImageObject","inLanguage":"en-US","@id":"https:\/\/neos-music.com\/product\/rupert-huber-ru%e1%b8%a5-i-gulab-%c2%b7-mein-venedig\/#primaryimage","url":"https:\/\/i0.wp.com\/neos-music.com\/wp-content\/uploads\/2022\/11\/NEOS_11606_Huber.jpeg?fit=1648%2C1482&ssl=1","contentUrl":"https:\/\/i0.wp.com\/neos-music.com\/wp-content\/uploads\/2022\/11\/NEOS_11606_Huber.jpeg?fit=1648%2C1482&ssl=1","width":1648,"height":1482},{"@type":"BreadcrumbList","@id":"https:\/\/neos-music.com\/product\/rupert-huber-ru%e1%b8%a5-i-gulab-%c2%b7-mein-venedig\/#breadcrumb","itemListElement":[{"@type":"ListItem","position":1,"name":"Startseite","item":"https:\/\/neos-music.com\/"},{"@type":"ListItem","position":2,"name":"Produkte","item":"https:\/\/neos-music.com\/shop__trashed\/"},{"@type":"ListItem","position":3,"name":"Rupert Huber: r\u016b\u1e25-i-gul\u0101b \u00b7 Mein Venedig"}]},{"@type":"WebSite","@id":"https:\/\/neos-music.com\/#website","url":"https:\/\/neos-music.com\/","name":"NEOS Music","description":"Dein Online Shop f\u00fcr zeitgen\u00f6ssische Musik, Jazz und Classics!","publisher":{"@id":"https:\/\/neos-music.com\/#organization"},"potentialAction":[{"@type":"SearchAction","target":{"@type":"EntryPoint","urlTemplate":"https:\/\/neos-music.com\/?s={search_term_string}"},"query-input":{"@type":"PropertyValueSpecification","valueRequired":true,"valueName":"search_term_string"}}],"inLanguage":"en-US"},{"@type":"Organization","@id":"https:\/\/neos-music.com\/#organization","name":"NEOS Music","url":"https:\/\/neos-music.com\/","logo":{"@type":"ImageObject","inLanguage":"en-US","@id":"https:\/\/neos-music.com\/#\/schema\/logo\/image\/","url":"https:\/\/i0.wp.com\/neos-music.com\/wp-content\/uploads\/2025\/08\/NEOS-Logo-weiss.png?fit=800%2C203&ssl=1","contentUrl":"https:\/\/i0.wp.com\/neos-music.com\/wp-content\/uploads\/2025\/08\/NEOS-Logo-weiss.png?fit=800%2C203&ssl=1","width":800,"height":203,"caption":"NEOS Music"},"image":{"@id":"https:\/\/neos-music.com\/#\/schema\/logo\/image\/"}}]}},"jetpack_sharing_enabled":true,"_links":{"self":[{"href":"https:\/\/neos-music.com\/en_us\/wp-json\/wp\/v2\/product\/2692","targetHints":{"allow":["GET"]}}],"collection":[{"href":"https:\/\/neos-music.com\/en_us\/wp-json\/wp\/v2\/product"}],"about":[{"href":"https:\/\/neos-music.com\/en_us\/wp-json\/wp\/v2\/types\/product"}],"version-history":[{"count":0,"href":"https:\/\/neos-music.com\/en_us\/wp-json\/wp\/v2\/product\/2692\/revisions"}],"wp:featuredmedia":[{"embeddable":true,"href":"https:\/\/neos-music.com\/en_us\/wp-json\/wp\/v2\/media\/2693"}],"wp:attachment":[{"href":"https:\/\/neos-music.com\/en_us\/wp-json\/wp\/v2\/media?parent=2692"}],"wp:term":[{"taxonomy":"product_brand","embeddable":true,"href":"https:\/\/neos-music.com\/en_us\/wp-json\/wp\/v2\/product_brand?post=2692"},{"taxonomy":"product_cat","embeddable":true,"href":"https:\/\/neos-music.com\/en_us\/wp-json\/wp\/v2\/product_cat?post=2692"},{"taxonomy":"product_tag","embeddable":true,"href":"https:\/\/neos-music.com\/en_us\/wp-json\/wp\/v2\/product_tag?post=2692"}],"curies":[{"name":"wp","href":"https:\/\/api.w.org\/{rel}","templated":true}]}}