{"id":2701,"date":"2017-10-20T14:29:09","date_gmt":"2017-10-20T14:29:09","guid":{"rendered":"https:\/\/neos-music.com\/?post_type=product&#038;p=2701"},"modified":"2023-05-22T22:32:07","modified_gmt":"2023-05-22T22:32:07","slug":"ladislav-kubik-vocal-music","status":"publish","type":"product","link":"https:\/\/neos-music.com\/en_us\/product\/ladislav-kubik-vocal-music\/","title":{"rendered":"Ladislav Kub\u00edk: Vocal Music"},"content":{"rendered":"<p>Programm:<\/p>\n<table border=\"0\" width=\"100%\" rules=\"none\" cellspacing=\"0\" cellpadding=\"0\">\n<tbody>\n<tr>\n<td class=\"bigcontent2\">\n<div id=\"tracks\">\n<p><b>24 Haiku<\/b>\u00a0(2016) for mezzo-soprano and piano, on Japanese poems\u00a0<b>27:14<\/b><\/p>\n<p>[01]\u00a0<b>1.<\/b>\u00a000:53<br \/>\n[02]\u00a0<b>2.<\/b>\u00a000:49<br \/>\n[03]\u00a0<b>3.<\/b>\u00a001:05<br \/>\n[04]\u00a0<b>4.<\/b>\u00a000:49<br \/>\n[05]\u00a0<b>5.<\/b>\u00a001:06<br \/>\n[06]\u00a0<b>6.<\/b>\u00a000:59<br \/>\n[07]\u00a0<b>7.<\/b>\u00a001:55<br \/>\n[08]\u00a0<b>8.<\/b>\u00a001:18<br \/>\n[09]\u00a0<b>9.<\/b>\u00a000:55<br \/>\n[10]\u00a0<b>10.<\/b>\u00a000:58<br \/>\n[11]\u00a0<b>11.<\/b>\u00a001:06<br \/>\n[12]\u00a0<b>12.<\/b>\u00a001:18<br \/>\n[13]\u00a0<b>13.<\/b>\u00a000:42<br \/>\n[14]\u00a0<b>14.<\/b>\u00a001:23<br \/>\n[15]\u00a0<b>15.<\/b>\u00a000:59<br \/>\n[16]\u00a0<b>16.<\/b>\u00a000:53<br \/>\n[17]<b>\u00a017.<\/b>\u00a001:03<br \/>\n[18]\u00a0<b>18.<\/b>\u00a001:30<br \/>\n[19]\u00a0<b>19.<\/b>\u00a000:54<br \/>\n[20]<b>\u00a020.<\/b>\u00a001:06<br \/>\n[21]\u00a0<b>21.<\/b>\u00a001:16<br \/>\n[22]\u00a0<b>22.<\/b>\u00a001:09<br \/>\n[23]\u00a0<b>23.<\/b>\u00a000:34<br \/>\n[24]\u00a0<b>24.<\/b>\u00a002:34<\/p>\n<p>[25]\u00a0<b>Magdalene<\/b>\u00a0(2012) for mezzo-soprano and piano, on a poem by Boris Pasternak\u00a0<b>07:03<\/b><\/p>\n<p>[26]\u00a0<b>Gong<\/b>\u00a0(2016) for mezzo-soprano, alto flute, piano, and electronics (fixed media), on a poem by Rainer Maria Rilke\u00a0<b>06:37<\/b><\/p>\n<p><b>To Be a Poet<\/b>\u00a0(2016) for mezzo-soprano and viola, on Czech and Slovak poetry\u00a0<b>15:48<\/b><\/p>\n<p>[27]\u00a0<b>I. Words (Ji\u0159\u00ed \u017d\u00e1\u010dek)<\/b>\u00a003:34<br \/>\n[28]\u00a0<b>II. Quietly (Milan R\u00fafus)<\/b>\u00a003:17<br \/>\n[29]\u00a0<b>III. To Be a Poet (Jaroslav Seifert)<\/b>\u00a006:09<br \/>\n[30]\u00a0<b>IV. Song (Miroslav Florian)<\/b>\u00a002:48<\/p>\n<p>[31]\u00a0<b>River in Spring<\/b>\u00a0(1996)\u00a0<b>12:46<\/b><\/p>\n<p>total playing time: 69:47<\/p>\n<p>&nbsp;<\/p>\n<p><b>Phyllis Pancella<\/b>\u00a0mezzo-soprano<br \/>\n<b>Hui-Ting Yang<\/b>\u00a0piano<br \/>\n<b>Hana Bro\u017eov\u00e1<\/b>\u00a0alto flute<br \/>\n<b>Jitka Hosprov\u00e1<\/b>\u00a0viola<br \/>\n<b>Florida State University Percussion Ensemble<br \/>\nAlexander Jim\u00e9nez<\/b>\u00a0conductor<\/p>\n<\/div>\n<\/td>\n<td><\/td>\n<\/tr>\n<\/tbody>\n<\/table>\n<p>Pressestimmen:<\/p>\n<table border=\"0\" width=\"100%\" rules=\"none\" cellspacing=\"0\" cellpadding=\"0\">\n<tbody>\n<tr>\n<td class=\"bigcontent2\">\n<div id=\"press\">\n<p><img data-recalc-dims=\"1\" decoding=\"async\" src=\"https:\/\/i0.wp.com\/neos-music.com\/wp-content\/uploads\/2023\/05\/logo_diapason.jpg?ssl=1\" alt=\"\" \/><\/p>\n<p>Juli 2018<\/p>\n<p><img data-recalc-dims=\"1\" decoding=\"async\" src=\"https:\/\/i0.wp.com\/neos-music.com\/wp-content\/uploads\/2023\/05\/11703_kubik_diapason1.jpg?ssl=1\" alt=\"\" \/><\/p>\n<p><img data-recalc-dims=\"1\" decoding=\"async\" src=\"https:\/\/i0.wp.com\/neos-music.com\/wp-content\/uploads\/2023\/05\/11703_kubik_diapason.jpg?ssl=1\" alt=\"\" \/>\n<\/div>\n<\/td>\n<td><\/td>\n<\/tr>\n<\/tbody>\n<\/table>\n<p>&nbsp;<\/p>\n","protected":false},"excerpt":{"rendered":"<p>Programm: 24 Haiku\u00a0(2016) for mezzo-soprano and piano, on Japanese poems\u00a027:14 [01]\u00a01.\u00a000:53 [02]\u00a02.\u00a000:49 [03]\u00a03.\u00a001:05 [04]\u00a04.\u00a000:49 [05]\u00a05.\u00a001:06 [06]\u00a06.\u00a000:59 [07]\u00a07.\u00a001:55 [08]\u00a08.\u00a001:18 [09]\u00a09.\u00a000:55 [10]\u00a010.\u00a000:58 [11]\u00a011.\u00a001:06 [12]\u00a012.\u00a001:18 [13]\u00a013.\u00a000:42 [14]\u00a014.\u00a001:23 [15]\u00a015.\u00a000:59 [16]\u00a016.\u00a000:53 [17]\u00a017.\u00a001:03 [18]\u00a018.\u00a001:30 [19]\u00a019.\u00a000:54 [20]\u00a020.\u00a001:06 [21]\u00a021.\u00a001:16 [22]\u00a022.\u00a001:09 [23]\u00a023.\u00a000:34 [24]\u00a024.\u00a002:34 [25]\u00a0Magdalene\u00a0(2012) for mezzo-soprano and piano, on a poem by Boris Pasternak\u00a007:03 [26]\u00a0Gong\u00a0(2016) for mezzo-soprano, alto flute, piano, and electronics (fixed media), [&hellip;]<\/p>\n","protected":false},"featured_media":2702,"template":"","meta":{"site-sidebar-layout":"default","site-content-layout":"default","ast-site-content-layout":"default","site-content-style":"default","site-sidebar-style":"default","ast-global-header-display":"","ast-banner-title-visibility":"","ast-main-header-display":"","ast-hfb-above-header-display":"","ast-hfb-below-header-display":"","ast-hfb-mobile-header-display":"","site-post-title":"","ast-breadcrumbs-content":"","ast-featured-img":"","footer-sml-layout":"","theme-transparent-header-meta":"default","adv-header-id-meta":"","stick-header-meta":"","header-above-stick-meta":"","header-main-stick-meta":"","header-below-stick-meta":"","astra-migrate-meta-layouts":"default","ast-page-background-enabled":"default","ast-page-background-meta":{"desktop":{"background-color":"","background-image":"","background-repeat":"repeat","background-position":"center center","background-size":"auto","background-attachment":"scroll","background-type":"","background-media":"","overlay-type":"","overlay-color":"","overlay-opacity":"","overlay-gradient":""},"tablet":{"background-color":"","background-image":"","background-repeat":"repeat","background-position":"center center","background-size":"auto","background-attachment":"scroll","background-type":"","background-media":"","overlay-type":"","overlay-color":"","overlay-opacity":"","overlay-gradient":""},"mobile":{"background-color":"","background-image":"","background-repeat":"repeat","background-position":"center center","background-size":"auto","background-attachment":"scroll","background-type":"","background-media":"","overlay-type":"","overlay-color":"","overlay-opacity":"","overlay-gradient":""}},"ast-content-background-meta":{"desktop":{"background-color":"var(--ast-global-color-5)","background-image":"","background-repeat":"repeat","background-position":"center center","background-size":"auto","background-attachment":"scroll","background-type":"","background-media":"","overlay-type":"","overlay-color":"","overlay-opacity":"","overlay-gradient":""},"tablet":{"background-color":"var(--ast-global-color-5)","background-image":"","background-repeat":"repeat","background-position":"center center","background-size":"auto","background-attachment":"scroll","background-type":"","background-media":"","overlay-type":"","overlay-color":"","overlay-opacity":"","overlay-gradient":""},"mobile":{"background-color":"var(--ast-global-color-5)","background-image":"","background-repeat":"repeat","background-position":"center center","background-size":"auto","background-attachment":"scroll","background-type":"","background-media":"","overlay-type":"","overlay-color":"","overlay-opacity":"","overlay-gradient":""}}},"product_brand":[],"product_cat":[26],"product_tag":[],"class_list":{"0":"post-2701","1":"product","2":"type-product","3":"status-publish","4":"has-post-thumbnail","6":"product_cat-zeitgenossische-musik","7":"pa_artikelnummer-neos-11703","8":"pa_brand-neos-music","9":"pa_ean-262","10":"desktop-align-left","11":"tablet-align-left","12":"mobile-align-left","14":"first","15":"instock","16":"taxable","17":"shipping-taxable","18":"purchasable","19":"product-type-simple"},"yoast_head":"<!-- This site is optimized with the Yoast SEO plugin v27.4 - https:\/\/yoast.com\/product\/yoast-seo-wordpress\/ -->\n<title>Ladislav Kub\u00edk: Vocal Music - NEOS Music<\/title>\n<meta name=\"robots\" content=\"index, follow, max-snippet:-1, max-image-preview:large, max-video-preview:-1\" \/>\n<link rel=\"canonical\" href=\"https:\/\/neos-music.com\/en_us\/product\/ladislav-kubik-vocal-music\/\" \/>\n<meta property=\"og:locale\" content=\"en_US\" \/>\n<meta property=\"og:type\" content=\"article\" \/>\n<meta property=\"og:title\" content=\"Ladislav Kub\u00edk: Vocal Music - NEOS Music\" \/>\n<meta property=\"og:description\" content=\"Programm: 24 Haiku\u00a0(2016) for mezzo-soprano and piano, on Japanese poems\u00a027:14 [01]\u00a01.\u00a000:53 [02]\u00a02.\u00a000:49 [03]\u00a03.\u00a001:05 [04]\u00a04.\u00a000:49 [05]\u00a05.\u00a001:06 [06]\u00a06.\u00a000:59 [07]\u00a07.\u00a001:55 [08]\u00a08.\u00a001:18 [09]\u00a09.\u00a000:55 [10]\u00a010.\u00a000:58 [11]\u00a011.\u00a001:06 [12]\u00a012.\u00a001:18 [13]\u00a013.\u00a000:42 [14]\u00a014.\u00a001:23 [15]\u00a015.\u00a000:59 [16]\u00a016.\u00a000:53 [17]\u00a017.\u00a001:03 [18]\u00a018.\u00a001:30 [19]\u00a019.\u00a000:54 [20]\u00a020.\u00a001:06 [21]\u00a021.\u00a001:16 [22]\u00a022.\u00a001:09 [23]\u00a023.\u00a000:34 [24]\u00a024.\u00a002:34 [25]\u00a0Magdalene\u00a0(2012) for mezzo-soprano and piano, on a poem by Boris Pasternak\u00a007:03 [26]\u00a0Gong\u00a0(2016) for mezzo-soprano, alto flute, piano, and electronics (fixed media), [&hellip;]\" \/>\n<meta property=\"og:url\" content=\"https:\/\/neos-music.com\/en_us\/product\/ladislav-kubik-vocal-music\/\" \/>\n<meta property=\"og:site_name\" content=\"NEOS Music\" \/>\n<meta property=\"article:modified_time\" content=\"2023-05-22T22:32:07+00:00\" \/>\n<meta property=\"og:image\" content=\"https:\/\/neos-music.com\/wp-content\/uploads\/2022\/11\/NEOS_11703_Kubik_Vocal_Music.jpeg\" \/>\n\t<meta property=\"og:image:width\" content=\"1648\" \/>\n\t<meta property=\"og:image:height\" content=\"1475\" \/>\n\t<meta property=\"og:image:type\" content=\"image\/jpeg\" \/>\n<meta name=\"twitter:card\" content=\"summary_large_image\" \/>\n<meta name=\"twitter:label1\" content=\"Est. reading time\" \/>\n\t<meta name=\"twitter:data1\" content=\"2 minutes\" \/>\n<script type=\"application\/ld+json\" class=\"yoast-schema-graph\">{\"@context\":\"https:\\\/\\\/schema.org\",\"@graph\":[{\"@type\":\"WebPage\",\"@id\":\"https:\\\/\\\/neos-music.com\\\/product\\\/ladislav-kubik-vocal-music\\\/\",\"url\":\"https:\\\/\\\/neos-music.com\\\/product\\\/ladislav-kubik-vocal-music\\\/\",\"name\":\"Ladislav Kub\u00edk: Vocal Music - NEOS Music\",\"isPartOf\":{\"@id\":\"https:\\\/\\\/neos-music.com\\\/#website\"},\"primaryImageOfPage\":{\"@id\":\"https:\\\/\\\/neos-music.com\\\/product\\\/ladislav-kubik-vocal-music\\\/#primaryimage\"},\"image\":{\"@id\":\"https:\\\/\\\/neos-music.com\\\/product\\\/ladislav-kubik-vocal-music\\\/#primaryimage\"},\"thumbnailUrl\":\"https:\\\/\\\/i0.wp.com\\\/neos-music.com\\\/wp-content\\\/uploads\\\/2022\\\/11\\\/NEOS_11703_Kubik_Vocal_Music.jpeg?fit=1648%2C1475&ssl=1\",\"datePublished\":\"2017-10-20T14:29:09+00:00\",\"dateModified\":\"2023-05-22T22:32:07+00:00\",\"breadcrumb\":{\"@id\":\"https:\\\/\\\/neos-music.com\\\/product\\\/ladislav-kubik-vocal-music\\\/#breadcrumb\"},\"inLanguage\":\"en-US\",\"potentialAction\":[{\"@type\":\"ReadAction\",\"target\":[\"https:\\\/\\\/neos-music.com\\\/product\\\/ladislav-kubik-vocal-music\\\/\"]}]},{\"@type\":\"ImageObject\",\"inLanguage\":\"en-US\",\"@id\":\"https:\\\/\\\/neos-music.com\\\/product\\\/ladislav-kubik-vocal-music\\\/#primaryimage\",\"url\":\"https:\\\/\\\/i0.wp.com\\\/neos-music.com\\\/wp-content\\\/uploads\\\/2022\\\/11\\\/NEOS_11703_Kubik_Vocal_Music.jpeg?fit=1648%2C1475&ssl=1\",\"contentUrl\":\"https:\\\/\\\/i0.wp.com\\\/neos-music.com\\\/wp-content\\\/uploads\\\/2022\\\/11\\\/NEOS_11703_Kubik_Vocal_Music.jpeg?fit=1648%2C1475&ssl=1\",\"width\":1648,\"height\":1475},{\"@type\":\"BreadcrumbList\",\"@id\":\"https:\\\/\\\/neos-music.com\\\/product\\\/ladislav-kubik-vocal-music\\\/#breadcrumb\",\"itemListElement\":[{\"@type\":\"ListItem\",\"position\":1,\"name\":\"Startseite\",\"item\":\"https:\\\/\\\/neos-music.com\\\/\"},{\"@type\":\"ListItem\",\"position\":2,\"name\":\"Produkte\",\"item\":\"https:\\\/\\\/neos-music.com\\\/shop__trashed\\\/\"},{\"@type\":\"ListItem\",\"position\":3,\"name\":\"Ladislav Kub\u00edk: Vocal Music\"}]},{\"@type\":\"WebSite\",\"@id\":\"https:\\\/\\\/neos-music.com\\\/#website\",\"url\":\"https:\\\/\\\/neos-music.com\\\/\",\"name\":\"NEOS Music\",\"description\":\"Dein Online Shop f\u00fcr zeitgen\u00f6ssische Musik, Jazz und Classics!\",\"publisher\":{\"@id\":\"https:\\\/\\\/neos-music.com\\\/#organization\"},\"potentialAction\":[{\"@type\":\"SearchAction\",\"target\":{\"@type\":\"EntryPoint\",\"urlTemplate\":\"https:\\\/\\\/neos-music.com\\\/?s={search_term_string}\"},\"query-input\":{\"@type\":\"PropertyValueSpecification\",\"valueRequired\":true,\"valueName\":\"search_term_string\"}}],\"inLanguage\":\"en-US\"},{\"@type\":\"Organization\",\"@id\":\"https:\\\/\\\/neos-music.com\\\/#organization\",\"name\":\"NEOS Music\",\"url\":\"https:\\\/\\\/neos-music.com\\\/\",\"logo\":{\"@type\":\"ImageObject\",\"inLanguage\":\"en-US\",\"@id\":\"https:\\\/\\\/neos-music.com\\\/#\\\/schema\\\/logo\\\/image\\\/\",\"url\":\"https:\\\/\\\/i0.wp.com\\\/neos-music.com\\\/wp-content\\\/uploads\\\/2025\\\/08\\\/NEOS-Logo-weiss.png?fit=800%2C203&ssl=1\",\"contentUrl\":\"https:\\\/\\\/i0.wp.com\\\/neos-music.com\\\/wp-content\\\/uploads\\\/2025\\\/08\\\/NEOS-Logo-weiss.png?fit=800%2C203&ssl=1\",\"width\":800,\"height\":203,\"caption\":\"NEOS Music\"},\"image\":{\"@id\":\"https:\\\/\\\/neos-music.com\\\/#\\\/schema\\\/logo\\\/image\\\/\"}}]}<\/script>\n<!-- \/ Yoast SEO plugin. -->","yoast_head_json":{"title":"Ladislav Kub\u00edk: Vocal Music - NEOS Music","robots":{"index":"index","follow":"follow","max-snippet":"max-snippet:-1","max-image-preview":"max-image-preview:large","max-video-preview":"max-video-preview:-1"},"canonical":"https:\/\/neos-music.com\/en_us\/product\/ladislav-kubik-vocal-music\/","og_locale":"en_US","og_type":"article","og_title":"Ladislav Kub\u00edk: Vocal Music - NEOS Music","og_description":"Programm: 24 Haiku\u00a0(2016) for mezzo-soprano and piano, on Japanese poems\u00a027:14 [01]\u00a01.\u00a000:53 [02]\u00a02.\u00a000:49 [03]\u00a03.\u00a001:05 [04]\u00a04.\u00a000:49 [05]\u00a05.\u00a001:06 [06]\u00a06.\u00a000:59 [07]\u00a07.\u00a001:55 [08]\u00a08.\u00a001:18 [09]\u00a09.\u00a000:55 [10]\u00a010.\u00a000:58 [11]\u00a011.\u00a001:06 [12]\u00a012.\u00a001:18 [13]\u00a013.\u00a000:42 [14]\u00a014.\u00a001:23 [15]\u00a015.\u00a000:59 [16]\u00a016.\u00a000:53 [17]\u00a017.\u00a001:03 [18]\u00a018.\u00a001:30 [19]\u00a019.\u00a000:54 [20]\u00a020.\u00a001:06 [21]\u00a021.\u00a001:16 [22]\u00a022.\u00a001:09 [23]\u00a023.\u00a000:34 [24]\u00a024.\u00a002:34 [25]\u00a0Magdalene\u00a0(2012) for mezzo-soprano and piano, on a poem by Boris Pasternak\u00a007:03 [26]\u00a0Gong\u00a0(2016) for mezzo-soprano, alto flute, piano, and electronics (fixed media), [&hellip;]","og_url":"https:\/\/neos-music.com\/en_us\/product\/ladislav-kubik-vocal-music\/","og_site_name":"NEOS Music","article_modified_time":"2023-05-22T22:32:07+00:00","og_image":[{"width":1648,"height":1475,"url":"https:\/\/neos-music.com\/wp-content\/uploads\/2022\/11\/NEOS_11703_Kubik_Vocal_Music.jpeg","type":"image\/jpeg"}],"twitter_card":"summary_large_image","twitter_misc":{"Est. reading time":"2 minutes"},"schema":{"@context":"https:\/\/schema.org","@graph":[{"@type":"WebPage","@id":"https:\/\/neos-music.com\/product\/ladislav-kubik-vocal-music\/","url":"https:\/\/neos-music.com\/product\/ladislav-kubik-vocal-music\/","name":"Ladislav Kub\u00edk: Vocal Music - NEOS Music","isPartOf":{"@id":"https:\/\/neos-music.com\/#website"},"primaryImageOfPage":{"@id":"https:\/\/neos-music.com\/product\/ladislav-kubik-vocal-music\/#primaryimage"},"image":{"@id":"https:\/\/neos-music.com\/product\/ladislav-kubik-vocal-music\/#primaryimage"},"thumbnailUrl":"https:\/\/i0.wp.com\/neos-music.com\/wp-content\/uploads\/2022\/11\/NEOS_11703_Kubik_Vocal_Music.jpeg?fit=1648%2C1475&ssl=1","datePublished":"2017-10-20T14:29:09+00:00","dateModified":"2023-05-22T22:32:07+00:00","breadcrumb":{"@id":"https:\/\/neos-music.com\/product\/ladislav-kubik-vocal-music\/#breadcrumb"},"inLanguage":"en-US","potentialAction":[{"@type":"ReadAction","target":["https:\/\/neos-music.com\/product\/ladislav-kubik-vocal-music\/"]}]},{"@type":"ImageObject","inLanguage":"en-US","@id":"https:\/\/neos-music.com\/product\/ladislav-kubik-vocal-music\/#primaryimage","url":"https:\/\/i0.wp.com\/neos-music.com\/wp-content\/uploads\/2022\/11\/NEOS_11703_Kubik_Vocal_Music.jpeg?fit=1648%2C1475&ssl=1","contentUrl":"https:\/\/i0.wp.com\/neos-music.com\/wp-content\/uploads\/2022\/11\/NEOS_11703_Kubik_Vocal_Music.jpeg?fit=1648%2C1475&ssl=1","width":1648,"height":1475},{"@type":"BreadcrumbList","@id":"https:\/\/neos-music.com\/product\/ladislav-kubik-vocal-music\/#breadcrumb","itemListElement":[{"@type":"ListItem","position":1,"name":"Startseite","item":"https:\/\/neos-music.com\/"},{"@type":"ListItem","position":2,"name":"Produkte","item":"https:\/\/neos-music.com\/shop__trashed\/"},{"@type":"ListItem","position":3,"name":"Ladislav Kub\u00edk: Vocal Music"}]},{"@type":"WebSite","@id":"https:\/\/neos-music.com\/#website","url":"https:\/\/neos-music.com\/","name":"NEOS Music","description":"Dein Online Shop f\u00fcr zeitgen\u00f6ssische Musik, Jazz und Classics!","publisher":{"@id":"https:\/\/neos-music.com\/#organization"},"potentialAction":[{"@type":"SearchAction","target":{"@type":"EntryPoint","urlTemplate":"https:\/\/neos-music.com\/?s={search_term_string}"},"query-input":{"@type":"PropertyValueSpecification","valueRequired":true,"valueName":"search_term_string"}}],"inLanguage":"en-US"},{"@type":"Organization","@id":"https:\/\/neos-music.com\/#organization","name":"NEOS Music","url":"https:\/\/neos-music.com\/","logo":{"@type":"ImageObject","inLanguage":"en-US","@id":"https:\/\/neos-music.com\/#\/schema\/logo\/image\/","url":"https:\/\/i0.wp.com\/neos-music.com\/wp-content\/uploads\/2025\/08\/NEOS-Logo-weiss.png?fit=800%2C203&ssl=1","contentUrl":"https:\/\/i0.wp.com\/neos-music.com\/wp-content\/uploads\/2025\/08\/NEOS-Logo-weiss.png?fit=800%2C203&ssl=1","width":800,"height":203,"caption":"NEOS Music"},"image":{"@id":"https:\/\/neos-music.com\/#\/schema\/logo\/image\/"}}]}},"jetpack_sharing_enabled":true,"_links":{"self":[{"href":"https:\/\/neos-music.com\/en_us\/wp-json\/wp\/v2\/product\/2701","targetHints":{"allow":["GET"]}}],"collection":[{"href":"https:\/\/neos-music.com\/en_us\/wp-json\/wp\/v2\/product"}],"about":[{"href":"https:\/\/neos-music.com\/en_us\/wp-json\/wp\/v2\/types\/product"}],"version-history":[{"count":0,"href":"https:\/\/neos-music.com\/en_us\/wp-json\/wp\/v2\/product\/2701\/revisions"}],"wp:featuredmedia":[{"embeddable":true,"href":"https:\/\/neos-music.com\/en_us\/wp-json\/wp\/v2\/media\/2702"}],"wp:attachment":[{"href":"https:\/\/neos-music.com\/en_us\/wp-json\/wp\/v2\/media?parent=2701"}],"wp:term":[{"taxonomy":"product_brand","embeddable":true,"href":"https:\/\/neos-music.com\/en_us\/wp-json\/wp\/v2\/product_brand?post=2701"},{"taxonomy":"product_cat","embeddable":true,"href":"https:\/\/neos-music.com\/en_us\/wp-json\/wp\/v2\/product_cat?post=2701"},{"taxonomy":"product_tag","embeddable":true,"href":"https:\/\/neos-music.com\/en_us\/wp-json\/wp\/v2\/product_tag?post=2701"}],"curies":[{"name":"wp","href":"https:\/\/api.w.org\/{rel}","templated":true}]}}