{"id":2709,"date":"2017-10-20T14:37:14","date_gmt":"2017-10-20T14:37:14","guid":{"rendered":"https:\/\/neos-music.com\/?post_type=product&#038;p=2709"},"modified":"2023-05-22T22:26:11","modified_gmt":"2023-05-22T22:26:11","slug":"rene-wohlhauser-vocis-imago","status":"publish","type":"product","link":"https:\/\/neos-music.com\/en_us\/product\/rene-wohlhauser-vocis-imago\/","title":{"rendered":"Ren\u00e9 Wohlhauser: vocis imago"},"content":{"rendered":"<p>Programm:<\/p>\n<table border=\"0\" width=\"100%\" rules=\"none\" cellspacing=\"0\" cellpadding=\"0\">\n<tbody>\n<tr>\n<td class=\"bigcontent2\">\n<div id=\"tracks\">\n<p>Works for various ensemble combinations, performed by the\u00a0<a class=\"arcoma_glossarylink\" href=\"https:\/\/neos-music.com\/output.php?content=Kuenstler\/Ensemble_Polysono.php&amp;treplace=english%2Cgerman\" target=\"_self\" rel=\"noopener\">Ensemble Polysono<\/a>, Egidius Streiff, the Duo Simolka\u2013Wohlhauser and the Treiber\u2013Sont\u00f2n Caflisch\u2013M\u00fcllenbach Trio<\/p>\n<p>[01]\u00a0<b>Uom Rasw\u00e9kje Nadak<\/b>\u00a0for soprano, baritone, flute, clarinet, percussion, piano, violin and violoncello (2012)\u00a0<b>19:46<\/b><\/p>\n<p>[02]\u00a0<b>vocis imago<\/b>\u00a0version for violin solo (1993\u20131995) (free interpretation)\u00a0<b>13:48<\/b><\/p>\n<p><b>Doste Raif<\/b>\u00a0for soprano, baritone and percussion (2016)\u00a0<b>07:59<\/b><\/p>\n<p>[03]<b>\u00a0I. Duo 1<\/b>\u00a0for soprano and baritone 01:10<br \/>\n[04]\u00a0<b>II. Soprano solo<\/b>\u00a001:17<br \/>\n[05]\u00a0<b>III. Duo 2<\/b>\u00a0for soprano and baritone 01:10<br \/>\n[06]\u00a0<b>IV. Percussion solo<\/b>\u00a000:57<br \/>\n[07]<b>\u00a0V. Trio 1<\/b>\u00a0for soprano, baritone and percussion 01:12<br \/>\n[08]\u00a0<b>VI. Duo 3<\/b>\u00a0for baritone and percussion 01:06<br \/>\n[09]\u00a0<b>VII. Trio 2<\/b>\u00a0for soprano, baritone and percussion 01:07<\/p>\n<p>[10]\u00a0<b>String Trio<\/b>\u00a0for violin, viola and violoncello (2007) 10:24<\/p>\n<p>[11]\u00a0<b>vocis imago<\/b>\u00a0for flute, clarinet, percussion, piano, violin and violoncello (1993\u20131995) 21:18<\/p>\n<p>&nbsp;<\/p>\n<p>total playing time: 73:22<\/p>\n<p>&nbsp;<\/p>\n<p><i>World Premiere Recordings<\/i><\/p>\n<\/div>\n<\/td>\n<td><\/td>\n<\/tr>\n<\/tbody>\n<\/table>\n<p>Pressestimmen:<\/p>\n<table border=\"0\" width=\"100%\" rules=\"none\" cellspacing=\"0\" cellpadding=\"0\">\n<tbody>\n<tr>\n<td class=\"bigcontent2\">\n<div id=\"press\">\n<p><img data-recalc-dims=\"1\" decoding=\"async\" src=\"https:\/\/i0.wp.com\/neos-music.com\/wp-content\/uploads\/2023\/05\/klassikcom.gif?ssl=1\" alt=\"\" \/><\/p>\n<p>Im April 2018 schrieb Dr. J\u00fcrgen Schaarw\u00e4chter auf\u00a0<a class=\"arcoma_editor_link\" href=\"https:\/\/neos-music.com\/output.php?template=german-album-details.php&amp;content=Alben\/117192.php#\" target=\"_self\" rel=\"noopener\">klassik.com<\/a>:<\/p>\n<p>&#8222;Die gegenseitige Befruchtung von Instrumental- und Vokalkl\u00e4ngen f\u00fchrt im vorliegenden Fall zu interessanten Neuentdeckungen. (&#8230;) Wohlhauser ist in den vorliegenden vier Werken (einem davon in zwei verschiedenen Emanationen) den M\u00f6glichkeiten des Klanges der menschlichen Stimme und anderer Klangerzeuger auf der Spur. Es wird gezischt, gefl\u00fcstert, gesummt, flageolettiert, verschiedene Perkussionsinstrumente kommen zum Einsatz, Stimmen und Kl\u00e4nge wachsen zu einem klanglichen Gesamtbild zusammen. (&#8230;) Trotz der unterschiedlichen Ausgangslagen sind die Singstimmen auch hier als erweiterter klanglicher Aspekt des Instrumentalen verstanden \u2013 eine Vorstellung, die nat\u00fcrlich eine sehr lange Tradition hat. Die M\u00f6glichkeiten von Mikrotonalit\u00e4ten und -metrik werden gleicherma\u00dfen erkundet, dennoch eignet der Musik etwas ungemein Spontanes, Lebendiges.&#8220;<\/p>\n<p><a class=\"arcoma_editor_link\" href=\"https:\/\/neos-music.com\/output.php?template=german-album-details.php&amp;content=Alben\/117192.php#\" target=\"_self\" rel=\"noopener\">Lesen Sie hier die vollst\u00e4ndige Rezension.<\/a><\/p>\n<p>&nbsp;<\/p>\n<p><img data-recalc-dims=\"1\" decoding=\"async\" src=\"https:\/\/i0.wp.com\/neos-music.com\/wp-content\/uploads\/2023\/05\/logo_Basler_Zeitung.png?ssl=1\" alt=\"\" \/><\/p>\n<p>&nbsp;<\/p>\n<p><img data-recalc-dims=\"1\" decoding=\"async\" src=\"https:\/\/i0.wp.com\/neos-music.com\/wp-content\/uploads\/2023\/05\/11719_wohlhauser_Basler-Zeitung.jpg?ssl=1\" alt=\"\" \/><\/p>\n<p>&nbsp;<\/p>\n<p><img data-recalc-dims=\"1\" decoding=\"async\" src=\"https:\/\/i0.wp.com\/neos-music.com\/wp-content\/uploads\/2023\/05\/logo_Tages-Anzeiger.png?ssl=1\" alt=\"\" \/><\/p>\n<p>Z\u00fcricher Tages-Anzeiger<\/p>\n<p><img data-recalc-dims=\"1\" decoding=\"async\" src=\"https:\/\/i0.wp.com\/neos-music.com\/wp-content\/uploads\/2023\/05\/11719_wohlhauser_zuerichertagesanzeiger.jpg?ssl=1\" alt=\"\" \/><\/p>\n<\/div>\n<\/td>\n<td><\/td>\n<\/tr>\n<\/tbody>\n<\/table>\n<p>&nbsp;<\/p>\n","protected":false},"excerpt":{"rendered":"<p>Programm: Works for various ensemble combinations, performed by the\u00a0Ensemble Polysono, Egidius Streiff, the Duo Simolka\u2013Wohlhauser and the Treiber\u2013Sont\u00f2n Caflisch\u2013M\u00fcllenbach Trio [01]\u00a0Uom Rasw\u00e9kje Nadak\u00a0for soprano, baritone, flute, clarinet, percussion, piano, violin and violoncello (2012)\u00a019:46 [02]\u00a0vocis imago\u00a0version for violin solo (1993\u20131995) (free interpretation)\u00a013:48 Doste Raif\u00a0for soprano, baritone and percussion (2016)\u00a007:59 [03]\u00a0I. Duo 1\u00a0for soprano and baritone 01:10 [&hellip;]<\/p>\n","protected":false},"featured_media":2710,"template":"","meta":{"site-sidebar-layout":"default","site-content-layout":"default","ast-site-content-layout":"default","site-content-style":"default","site-sidebar-style":"default","ast-global-header-display":"","ast-banner-title-visibility":"","ast-main-header-display":"","ast-hfb-above-header-display":"","ast-hfb-below-header-display":"","ast-hfb-mobile-header-display":"","site-post-title":"","ast-breadcrumbs-content":"","ast-featured-img":"","footer-sml-layout":"","theme-transparent-header-meta":"default","adv-header-id-meta":"","stick-header-meta":"","header-above-stick-meta":"","header-main-stick-meta":"","header-below-stick-meta":"","astra-migrate-meta-layouts":"default","ast-page-background-enabled":"default","ast-page-background-meta":{"desktop":{"background-color":"","background-image":"","background-repeat":"repeat","background-position":"center center","background-size":"auto","background-attachment":"scroll","background-type":"","background-media":"","overlay-type":"","overlay-color":"","overlay-opacity":"","overlay-gradient":""},"tablet":{"background-color":"","background-image":"","background-repeat":"repeat","background-position":"center center","background-size":"auto","background-attachment":"scroll","background-type":"","background-media":"","overlay-type":"","overlay-color":"","overlay-opacity":"","overlay-gradient":""},"mobile":{"background-color":"","background-image":"","background-repeat":"repeat","background-position":"center center","background-size":"auto","background-attachment":"scroll","background-type":"","background-media":"","overlay-type":"","overlay-color":"","overlay-opacity":"","overlay-gradient":""}},"ast-content-background-meta":{"desktop":{"background-color":"var(--ast-global-color-5)","background-image":"","background-repeat":"repeat","background-position":"center center","background-size":"auto","background-attachment":"scroll","background-type":"","background-media":"","overlay-type":"","overlay-color":"","overlay-opacity":"","overlay-gradient":""},"tablet":{"background-color":"var(--ast-global-color-5)","background-image":"","background-repeat":"repeat","background-position":"center center","background-size":"auto","background-attachment":"scroll","background-type":"","background-media":"","overlay-type":"","overlay-color":"","overlay-opacity":"","overlay-gradient":""},"mobile":{"background-color":"var(--ast-global-color-5)","background-image":"","background-repeat":"repeat","background-position":"center center","background-size":"auto","background-attachment":"scroll","background-type":"","background-media":"","overlay-type":"","overlay-color":"","overlay-opacity":"","overlay-gradient":""}}},"product_brand":[],"product_cat":[26],"product_tag":[],"class_list":{"0":"post-2709","1":"product","2":"type-product","3":"status-publish","4":"has-post-thumbnail","6":"product_cat-zeitgenossische-musik","7":"pa_artikelnummer-neos-11719","8":"pa_brand-neos-music","9":"pa_ean-270","10":"desktop-align-left","11":"tablet-align-left","12":"mobile-align-left","14":"first","15":"instock","16":"taxable","17":"shipping-taxable","18":"purchasable","19":"product-type-simple"},"yoast_head":"<!-- This site is optimized with the Yoast SEO plugin v27.3 - https:\/\/yoast.com\/product\/yoast-seo-wordpress\/ -->\n<title>Ren\u00e9 Wohlhauser: vocis imago - NEOS Music<\/title>\n<meta name=\"robots\" content=\"index, follow, max-snippet:-1, max-image-preview:large, max-video-preview:-1\" \/>\n<link rel=\"canonical\" href=\"https:\/\/neos-music.com\/en_us\/product\/rene-wohlhauser-vocis-imago\/\" \/>\n<meta property=\"og:locale\" content=\"en_US\" \/>\n<meta property=\"og:type\" content=\"article\" \/>\n<meta property=\"og:title\" content=\"Ren\u00e9 Wohlhauser: vocis imago - NEOS Music\" \/>\n<meta property=\"og:description\" content=\"Programm: Works for various ensemble combinations, performed by the\u00a0Ensemble Polysono, Egidius Streiff, the Duo Simolka\u2013Wohlhauser and the Treiber\u2013Sont\u00f2n Caflisch\u2013M\u00fcllenbach Trio [01]\u00a0Uom Rasw\u00e9kje Nadak\u00a0for soprano, baritone, flute, clarinet, percussion, piano, violin and violoncello (2012)\u00a019:46 [02]\u00a0vocis imago\u00a0version for violin solo (1993\u20131995) (free interpretation)\u00a013:48 Doste Raif\u00a0for soprano, baritone and percussion (2016)\u00a007:59 [03]\u00a0I. Duo 1\u00a0for soprano and baritone 01:10 [&hellip;]\" \/>\n<meta property=\"og:url\" content=\"https:\/\/neos-music.com\/en_us\/product\/rene-wohlhauser-vocis-imago\/\" \/>\n<meta property=\"og:site_name\" content=\"NEOS Music\" \/>\n<meta property=\"article:modified_time\" content=\"2023-05-22T22:26:11+00:00\" \/>\n<meta property=\"og:image\" content=\"https:\/\/neos-music.com\/wp-content\/uploads\/2022\/11\/NEOS_11717_Wohlhauser.jpeg\" \/>\n\t<meta property=\"og:image:width\" content=\"1648\" \/>\n\t<meta property=\"og:image:height\" content=\"1484\" \/>\n\t<meta property=\"og:image:type\" content=\"image\/jpeg\" \/>\n<meta name=\"twitter:card\" content=\"summary_large_image\" \/>\n<meta name=\"twitter:label1\" content=\"Est. reading time\" \/>\n\t<meta name=\"twitter:data1\" content=\"3 minutes\" \/>\n<script type=\"application\/ld+json\" class=\"yoast-schema-graph\">{\"@context\":\"https:\\\/\\\/schema.org\",\"@graph\":[{\"@type\":\"WebPage\",\"@id\":\"https:\\\/\\\/neos-music.com\\\/product\\\/rene-wohlhauser-vocis-imago\\\/\",\"url\":\"https:\\\/\\\/neos-music.com\\\/product\\\/rene-wohlhauser-vocis-imago\\\/\",\"name\":\"Ren\u00e9 Wohlhauser: vocis imago - NEOS Music\",\"isPartOf\":{\"@id\":\"https:\\\/\\\/neos-music.com\\\/#website\"},\"primaryImageOfPage\":{\"@id\":\"https:\\\/\\\/neos-music.com\\\/product\\\/rene-wohlhauser-vocis-imago\\\/#primaryimage\"},\"image\":{\"@id\":\"https:\\\/\\\/neos-music.com\\\/product\\\/rene-wohlhauser-vocis-imago\\\/#primaryimage\"},\"thumbnailUrl\":\"https:\\\/\\\/i0.wp.com\\\/neos-music.com\\\/wp-content\\\/uploads\\\/2022\\\/11\\\/NEOS_11717_Wohlhauser.jpeg?fit=1648%2C1484&ssl=1\",\"datePublished\":\"2017-10-20T14:37:14+00:00\",\"dateModified\":\"2023-05-22T22:26:11+00:00\",\"breadcrumb\":{\"@id\":\"https:\\\/\\\/neos-music.com\\\/product\\\/rene-wohlhauser-vocis-imago\\\/#breadcrumb\"},\"inLanguage\":\"en-US\",\"potentialAction\":[{\"@type\":\"ReadAction\",\"target\":[\"https:\\\/\\\/neos-music.com\\\/product\\\/rene-wohlhauser-vocis-imago\\\/\"]}]},{\"@type\":\"ImageObject\",\"inLanguage\":\"en-US\",\"@id\":\"https:\\\/\\\/neos-music.com\\\/product\\\/rene-wohlhauser-vocis-imago\\\/#primaryimage\",\"url\":\"https:\\\/\\\/i0.wp.com\\\/neos-music.com\\\/wp-content\\\/uploads\\\/2022\\\/11\\\/NEOS_11717_Wohlhauser.jpeg?fit=1648%2C1484&ssl=1\",\"contentUrl\":\"https:\\\/\\\/i0.wp.com\\\/neos-music.com\\\/wp-content\\\/uploads\\\/2022\\\/11\\\/NEOS_11717_Wohlhauser.jpeg?fit=1648%2C1484&ssl=1\",\"width\":1648,\"height\":1484},{\"@type\":\"BreadcrumbList\",\"@id\":\"https:\\\/\\\/neos-music.com\\\/product\\\/rene-wohlhauser-vocis-imago\\\/#breadcrumb\",\"itemListElement\":[{\"@type\":\"ListItem\",\"position\":1,\"name\":\"Startseite\",\"item\":\"https:\\\/\\\/neos-music.com\\\/\"},{\"@type\":\"ListItem\",\"position\":2,\"name\":\"Produkte\",\"item\":\"https:\\\/\\\/neos-music.com\\\/shop__trashed\\\/\"},{\"@type\":\"ListItem\",\"position\":3,\"name\":\"Ren\u00e9 Wohlhauser: vocis imago\"}]},{\"@type\":\"WebSite\",\"@id\":\"https:\\\/\\\/neos-music.com\\\/#website\",\"url\":\"https:\\\/\\\/neos-music.com\\\/\",\"name\":\"NEOS Music\",\"description\":\"Dein Online Shop f\u00fcr zeitgen\u00f6ssische Musik, Jazz und Classics!\",\"publisher\":{\"@id\":\"https:\\\/\\\/neos-music.com\\\/#organization\"},\"potentialAction\":[{\"@type\":\"SearchAction\",\"target\":{\"@type\":\"EntryPoint\",\"urlTemplate\":\"https:\\\/\\\/neos-music.com\\\/?s={search_term_string}\"},\"query-input\":{\"@type\":\"PropertyValueSpecification\",\"valueRequired\":true,\"valueName\":\"search_term_string\"}}],\"inLanguage\":\"en-US\"},{\"@type\":\"Organization\",\"@id\":\"https:\\\/\\\/neos-music.com\\\/#organization\",\"name\":\"NEOS Music\",\"url\":\"https:\\\/\\\/neos-music.com\\\/\",\"logo\":{\"@type\":\"ImageObject\",\"inLanguage\":\"en-US\",\"@id\":\"https:\\\/\\\/neos-music.com\\\/#\\\/schema\\\/logo\\\/image\\\/\",\"url\":\"https:\\\/\\\/i0.wp.com\\\/neos-music.com\\\/wp-content\\\/uploads\\\/2025\\\/08\\\/NEOS-Logo-weiss.png?fit=800%2C203&ssl=1\",\"contentUrl\":\"https:\\\/\\\/i0.wp.com\\\/neos-music.com\\\/wp-content\\\/uploads\\\/2025\\\/08\\\/NEOS-Logo-weiss.png?fit=800%2C203&ssl=1\",\"width\":800,\"height\":203,\"caption\":\"NEOS Music\"},\"image\":{\"@id\":\"https:\\\/\\\/neos-music.com\\\/#\\\/schema\\\/logo\\\/image\\\/\"}}]}<\/script>\n<!-- \/ Yoast SEO plugin. -->","yoast_head_json":{"title":"Ren\u00e9 Wohlhauser: vocis imago - NEOS Music","robots":{"index":"index","follow":"follow","max-snippet":"max-snippet:-1","max-image-preview":"max-image-preview:large","max-video-preview":"max-video-preview:-1"},"canonical":"https:\/\/neos-music.com\/en_us\/product\/rene-wohlhauser-vocis-imago\/","og_locale":"en_US","og_type":"article","og_title":"Ren\u00e9 Wohlhauser: vocis imago - NEOS Music","og_description":"Programm: Works for various ensemble combinations, performed by the\u00a0Ensemble Polysono, Egidius Streiff, the Duo Simolka\u2013Wohlhauser and the Treiber\u2013Sont\u00f2n Caflisch\u2013M\u00fcllenbach Trio [01]\u00a0Uom Rasw\u00e9kje Nadak\u00a0for soprano, baritone, flute, clarinet, percussion, piano, violin and violoncello (2012)\u00a019:46 [02]\u00a0vocis imago\u00a0version for violin solo (1993\u20131995) (free interpretation)\u00a013:48 Doste Raif\u00a0for soprano, baritone and percussion (2016)\u00a007:59 [03]\u00a0I. Duo 1\u00a0for soprano and baritone 01:10 [&hellip;]","og_url":"https:\/\/neos-music.com\/en_us\/product\/rene-wohlhauser-vocis-imago\/","og_site_name":"NEOS Music","article_modified_time":"2023-05-22T22:26:11+00:00","og_image":[{"width":1648,"height":1484,"url":"https:\/\/neos-music.com\/wp-content\/uploads\/2022\/11\/NEOS_11717_Wohlhauser.jpeg","type":"image\/jpeg"}],"twitter_card":"summary_large_image","twitter_misc":{"Est. reading time":"3 minutes"},"schema":{"@context":"https:\/\/schema.org","@graph":[{"@type":"WebPage","@id":"https:\/\/neos-music.com\/product\/rene-wohlhauser-vocis-imago\/","url":"https:\/\/neos-music.com\/product\/rene-wohlhauser-vocis-imago\/","name":"Ren\u00e9 Wohlhauser: vocis imago - NEOS Music","isPartOf":{"@id":"https:\/\/neos-music.com\/#website"},"primaryImageOfPage":{"@id":"https:\/\/neos-music.com\/product\/rene-wohlhauser-vocis-imago\/#primaryimage"},"image":{"@id":"https:\/\/neos-music.com\/product\/rene-wohlhauser-vocis-imago\/#primaryimage"},"thumbnailUrl":"https:\/\/i0.wp.com\/neos-music.com\/wp-content\/uploads\/2022\/11\/NEOS_11717_Wohlhauser.jpeg?fit=1648%2C1484&ssl=1","datePublished":"2017-10-20T14:37:14+00:00","dateModified":"2023-05-22T22:26:11+00:00","breadcrumb":{"@id":"https:\/\/neos-music.com\/product\/rene-wohlhauser-vocis-imago\/#breadcrumb"},"inLanguage":"en-US","potentialAction":[{"@type":"ReadAction","target":["https:\/\/neos-music.com\/product\/rene-wohlhauser-vocis-imago\/"]}]},{"@type":"ImageObject","inLanguage":"en-US","@id":"https:\/\/neos-music.com\/product\/rene-wohlhauser-vocis-imago\/#primaryimage","url":"https:\/\/i0.wp.com\/neos-music.com\/wp-content\/uploads\/2022\/11\/NEOS_11717_Wohlhauser.jpeg?fit=1648%2C1484&ssl=1","contentUrl":"https:\/\/i0.wp.com\/neos-music.com\/wp-content\/uploads\/2022\/11\/NEOS_11717_Wohlhauser.jpeg?fit=1648%2C1484&ssl=1","width":1648,"height":1484},{"@type":"BreadcrumbList","@id":"https:\/\/neos-music.com\/product\/rene-wohlhauser-vocis-imago\/#breadcrumb","itemListElement":[{"@type":"ListItem","position":1,"name":"Startseite","item":"https:\/\/neos-music.com\/"},{"@type":"ListItem","position":2,"name":"Produkte","item":"https:\/\/neos-music.com\/shop__trashed\/"},{"@type":"ListItem","position":3,"name":"Ren\u00e9 Wohlhauser: vocis imago"}]},{"@type":"WebSite","@id":"https:\/\/neos-music.com\/#website","url":"https:\/\/neos-music.com\/","name":"NEOS Music","description":"Dein Online Shop f\u00fcr zeitgen\u00f6ssische Musik, Jazz und Classics!","publisher":{"@id":"https:\/\/neos-music.com\/#organization"},"potentialAction":[{"@type":"SearchAction","target":{"@type":"EntryPoint","urlTemplate":"https:\/\/neos-music.com\/?s={search_term_string}"},"query-input":{"@type":"PropertyValueSpecification","valueRequired":true,"valueName":"search_term_string"}}],"inLanguage":"en-US"},{"@type":"Organization","@id":"https:\/\/neos-music.com\/#organization","name":"NEOS Music","url":"https:\/\/neos-music.com\/","logo":{"@type":"ImageObject","inLanguage":"en-US","@id":"https:\/\/neos-music.com\/#\/schema\/logo\/image\/","url":"https:\/\/i0.wp.com\/neos-music.com\/wp-content\/uploads\/2025\/08\/NEOS-Logo-weiss.png?fit=800%2C203&ssl=1","contentUrl":"https:\/\/i0.wp.com\/neos-music.com\/wp-content\/uploads\/2025\/08\/NEOS-Logo-weiss.png?fit=800%2C203&ssl=1","width":800,"height":203,"caption":"NEOS Music"},"image":{"@id":"https:\/\/neos-music.com\/#\/schema\/logo\/image\/"}}]}},"jetpack_sharing_enabled":true,"_links":{"self":[{"href":"https:\/\/neos-music.com\/en_us\/wp-json\/wp\/v2\/product\/2709","targetHints":{"allow":["GET"]}}],"collection":[{"href":"https:\/\/neos-music.com\/en_us\/wp-json\/wp\/v2\/product"}],"about":[{"href":"https:\/\/neos-music.com\/en_us\/wp-json\/wp\/v2\/types\/product"}],"version-history":[{"count":0,"href":"https:\/\/neos-music.com\/en_us\/wp-json\/wp\/v2\/product\/2709\/revisions"}],"wp:featuredmedia":[{"embeddable":true,"href":"https:\/\/neos-music.com\/en_us\/wp-json\/wp\/v2\/media\/2710"}],"wp:attachment":[{"href":"https:\/\/neos-music.com\/en_us\/wp-json\/wp\/v2\/media?parent=2709"}],"wp:term":[{"taxonomy":"product_brand","embeddable":true,"href":"https:\/\/neos-music.com\/en_us\/wp-json\/wp\/v2\/product_brand?post=2709"},{"taxonomy":"product_cat","embeddable":true,"href":"https:\/\/neos-music.com\/en_us\/wp-json\/wp\/v2\/product_cat?post=2709"},{"taxonomy":"product_tag","embeddable":true,"href":"https:\/\/neos-music.com\/en_us\/wp-json\/wp\/v2\/product_tag?post=2709"}],"curies":[{"name":"wp","href":"https:\/\/api.w.org\/{rel}","templated":true}]}}