{"id":2711,"date":"2017-09-22T14:39:06","date_gmt":"2017-09-22T14:39:06","guid":{"rendered":"https:\/\/neos-music.com\/?post_type=product&#038;p=2711"},"modified":"2023-05-22T22:33:03","modified_gmt":"2023-05-22T22:33:03","slug":"alberto-posadas-poetics-of-the-gaze","status":"publish","type":"product","link":"https:\/\/neos-music.com\/en_us\/product\/alberto-posadas-poetics-of-the-gaze\/","title":{"rendered":"Alberto Posadas: Poetics of the Gaze"},"content":{"rendered":"<p>Programm:<\/p>\n<p>[01]\u00a0<b>Anamorfosis<\/b>\u00a0(2006)<b><\/b>\u00a0for Ensemble\u00a0<b>20:47<\/b><\/p>\n<p>[02]\u00a0<b>Tratado de lo inasible<\/b>\u00a0(2013)*\u00a0<b>17:06<\/b><br \/>\nfor baritone saxophone (or soprano saxophone), double bass clarinet (or bass clarinet), accordion, cello and double bass<\/p>\n<p><b>Tres pinturas imaginarias<\/b>\u00a0(2014)*\u00a0for ensemble\u00a0<b>17:05<\/b><br \/>\n[03]<b>\u00a0I \u2013 Sfumato<\/b>\u00a006:23<br \/>\n[04]\u00a0<b>II \u2013 Variaciones perforadas sobre un tema de Mondrian<\/b>\u00a005:15<br \/>\n[05]\u00a0<b>III \u2013 Tachisme<\/b>\u00a005:27<\/p>\n<p>[06]\u00a0<b>La lumi\u00e8re du Noir<\/b>\u00a0(2017)*\u00a0for ensemble 17:17<\/p>\n<p>total playing time 72:14<\/p>\n<p>&nbsp;<\/p>\n<p><i>* World Premiere Recordings<br \/>\n<\/i><\/p>\n<p>&nbsp;<\/p>\n<p><b><a class=\"arcoma_glossarylink\" href=\"https:\/\/neos-music.com\/output.php?content=Kuenstler\/Klangforum_Wien.php&amp;treplace=english%2Cgerman\" target=\"_self\" rel=\"noopener\">Klangforum Wien<\/a><\/b><br \/>\nVera Fischer, flute \u00b7 Markus Deuter\u2009\/\u2009Markus Sepperer, oboe<br \/>\nOlivier Vivar\u00e9s\u2009\/\u2009Arnold Plankensteiner, clarinet \u00b7 Loic Chevandier, bassoon<br \/>\nMatthew Smith, bassoon, contrabassoon \u00b7 Gerald Preinfalk, saxophone<br \/>\nChristoph Walder, horn \u00b7 Anders Nyqvist, trumpet \u00b7 Stephen Menotti, trombone<br \/>\nMirko Jevtovic, accordion \u00b7 Bj\u00f6rn Wilker\u2009\/\u2009Lukas Schiske\u2009\/\u2009Berndt Thuner, percussion<br \/>\nJoonas Ahonen, piano \u00b7 Gunde J\u00e4ch-Micko\u2009\/\u2009Annelie Gahl, violin \u00b7 Rafal Zalech, viola<br \/>\nAndreas Lindenbaum, cello \u00b7 Alexandra Dienz\u2009\/\u2009Joachim Tinnefeld, double bass<\/p>\n<p><b>Nacho de Paz<\/b>, conductor<\/p>\n<p>Pressestimmen:<\/p>\n<p><img data-recalc-dims=\"1\" decoding=\"async\" src=\"https:\/\/i0.wp.com\/neos-music.com\/wp-content\/uploads\/2023\/05\/logo_NeueZeitschriftMusik_NEU.jpg?ssl=1\" alt=\"\" \/><\/p>\n<p># 2_2018<\/p>\n<p>(&#8230;)\u00a0Die spektakul\u00e4re Klangphysis und Sinnlichkeit\u00a0von Posadas&#8216;\u00a0Musik mag dazu beigetragen haben, dass Armin K\u00f6hler im Laufe\u00a0seiner Zeit\u00a0insgesamt drei Werke bei dem spanischen Komponisten f\u00fcr Donaueschingen bestellte; die\u00a0<i>Tries pinturas imaginaris<\/i>\u00a0(2014) sind\u00a0ihm gewidmet.\u00a0(&#8230;) Das Klangforum Wien offenbart hier geradezu alchemistische F\u00e4higkeiten in der Ausdifferenzierung vielschichtiger klanglicher Aggregatszust\u00e4nde und Massenbewegungen, die Posadas&#8216; Wurzeln in der Klangkomposition der fr\u00fchen 1960er Jahre ebenso verraten wie die Beeinflussung durch den franz\u00f6sischen Spektralismus. (&#8230;)<\/p>\n<p>Dirk Wieschollek<\/p>\n<p>&nbsp;<\/p>\n<p><img data-recalc-dims=\"1\" decoding=\"async\" src=\"https:\/\/i0.wp.com\/neos-music.com\/wp-content\/uploads\/2023\/05\/logo_mundoclasico2.gif?ssl=1\" alt=\"\" \/><\/p>\n<p>November 2018, Paco Y\u00e1\u00f1ez<\/p>\n<p>Si la pasada semana visitaba nuestra secci\u00f3n discogr\u00e1fica Arturo Tamayo, con su soberbio monogr\u00e1fico dedicado a la obra orquestal de Iannis Xenakis en el sello mode (299), diez d\u00edas despu\u00e9s es al disc\u00edpulo m\u00e1s aventajado del director madrile\u00f1o, el ovetense Nacho de Paz, a quien nos encontramos al frente de este fant\u00e1stico compacto publicado por el sello NEOS con cuatro partituras firmadas por uno de los mejores compositores espa\u00f1oles y europeos de nuestro tiempo, el castellano Alberto Posadas (Valladolid, 1967). De este modo, podemos sumar en 2018 este nuevo disco a nuestra rese\u00f1a del pasado mes de marzo en la que dimos cuenta del lanzamiento en na\u00efve (V 5442) del ciclo Sombras (2010-12), partitura de Posadas que entonces conocimos por medio de una estupenda versi\u00f3n de la soprano Sarah Maria Sun, el clarinetista Carl Rosman y el tan posadiano Quatuor Diotima. [&#8230;]<\/p>\n<p>read the full article here<\/p>\n","protected":false},"excerpt":{"rendered":"<p>Programm: [01]\u00a0Anamorfosis\u00a0(2006)\u00a0for Ensemble\u00a020:47 [02]\u00a0Tratado de lo inasible\u00a0(2013)*\u00a017:06 for baritone saxophone (or soprano saxophone), double bass clarinet (or bass clarinet), accordion, cello and double bass Tres pinturas imaginarias\u00a0(2014)*\u00a0for ensemble\u00a017:05 [03]\u00a0I \u2013 Sfumato\u00a006:23 [04]\u00a0II \u2013 Variaciones perforadas sobre un tema de Mondrian\u00a005:15 [05]\u00a0III \u2013 Tachisme\u00a005:27 [06]\u00a0La lumi\u00e8re du Noir\u00a0(2017)*\u00a0for ensemble 17:17 total playing time 72:14 &nbsp; * [&hellip;]<\/p>\n","protected":false},"featured_media":2712,"template":"","meta":{"site-sidebar-layout":"default","site-content-layout":"default","ast-site-content-layout":"default","site-content-style":"default","site-sidebar-style":"default","ast-global-header-display":"","ast-banner-title-visibility":"","ast-main-header-display":"","ast-hfb-above-header-display":"","ast-hfb-below-header-display":"","ast-hfb-mobile-header-display":"","site-post-title":"","ast-breadcrumbs-content":"","ast-featured-img":"","footer-sml-layout":"","theme-transparent-header-meta":"default","adv-header-id-meta":"","stick-header-meta":"","header-above-stick-meta":"","header-main-stick-meta":"","header-below-stick-meta":"","astra-migrate-meta-layouts":"default","ast-page-background-enabled":"default","ast-page-background-meta":{"desktop":{"background-color":"","background-image":"","background-repeat":"repeat","background-position":"center center","background-size":"auto","background-attachment":"scroll","background-type":"","background-media":"","overlay-type":"","overlay-color":"","overlay-opacity":"","overlay-gradient":""},"tablet":{"background-color":"","background-image":"","background-repeat":"repeat","background-position":"center center","background-size":"auto","background-attachment":"scroll","background-type":"","background-media":"","overlay-type":"","overlay-color":"","overlay-opacity":"","overlay-gradient":""},"mobile":{"background-color":"","background-image":"","background-repeat":"repeat","background-position":"center center","background-size":"auto","background-attachment":"scroll","background-type":"","background-media":"","overlay-type":"","overlay-color":"","overlay-opacity":"","overlay-gradient":""}},"ast-content-background-meta":{"desktop":{"background-color":"var(--ast-global-color-5)","background-image":"","background-repeat":"repeat","background-position":"center center","background-size":"auto","background-attachment":"scroll","background-type":"","background-media":"","overlay-type":"","overlay-color":"","overlay-opacity":"","overlay-gradient":""},"tablet":{"background-color":"var(--ast-global-color-5)","background-image":"","background-repeat":"repeat","background-position":"center center","background-size":"auto","background-attachment":"scroll","background-type":"","background-media":"","overlay-type":"","overlay-color":"","overlay-opacity":"","overlay-gradient":""},"mobile":{"background-color":"var(--ast-global-color-5)","background-image":"","background-repeat":"repeat","background-position":"center center","background-size":"auto","background-attachment":"scroll","background-type":"","background-media":"","overlay-type":"","overlay-color":"","overlay-opacity":"","overlay-gradient":""}}},"product_brand":[],"product_cat":[26],"product_tag":[],"class_list":{"0":"post-2711","1":"product","2":"type-product","3":"status-publish","4":"has-post-thumbnail","6":"product_cat-zeitgenossische-musik","7":"pa_artikelnummer-neos-11715","8":"pa_brand-neos-music","9":"pa_ean-272","10":"desktop-align-left","11":"tablet-align-left","12":"mobile-align-left","14":"first","15":"instock","16":"taxable","17":"shipping-taxable","18":"purchasable","19":"product-type-simple"},"yoast_head":"<!-- This site is optimized with the Yoast SEO plugin v27.3 - https:\/\/yoast.com\/product\/yoast-seo-wordpress\/ -->\n<title>Alberto Posadas: Poetics of the Gaze - NEOS Music<\/title>\n<meta name=\"robots\" content=\"index, follow, max-snippet:-1, max-image-preview:large, max-video-preview:-1\" \/>\n<link rel=\"canonical\" href=\"https:\/\/neos-music.com\/en_us\/product\/alberto-posadas-poetics-of-the-gaze\/\" \/>\n<meta property=\"og:locale\" content=\"en_US\" \/>\n<meta property=\"og:type\" content=\"article\" \/>\n<meta property=\"og:title\" content=\"Alberto Posadas: Poetics of the Gaze - NEOS Music\" \/>\n<meta property=\"og:description\" content=\"Programm: [01]\u00a0Anamorfosis\u00a0(2006)\u00a0for Ensemble\u00a020:47 [02]\u00a0Tratado de lo inasible\u00a0(2013)*\u00a017:06 for baritone saxophone (or soprano saxophone), double bass clarinet (or bass clarinet), accordion, cello and double bass Tres pinturas imaginarias\u00a0(2014)*\u00a0for ensemble\u00a017:05 [03]\u00a0I \u2013 Sfumato\u00a006:23 [04]\u00a0II \u2013 Variaciones perforadas sobre un tema de Mondrian\u00a005:15 [05]\u00a0III \u2013 Tachisme\u00a005:27 [06]\u00a0La lumi\u00e8re du Noir\u00a0(2017)*\u00a0for ensemble 17:17 total playing time 72:14 &nbsp; * [&hellip;]\" \/>\n<meta property=\"og:url\" content=\"https:\/\/neos-music.com\/en_us\/product\/alberto-posadas-poetics-of-the-gaze\/\" \/>\n<meta property=\"og:site_name\" content=\"NEOS Music\" \/>\n<meta property=\"article:modified_time\" content=\"2023-05-22T22:33:03+00:00\" \/>\n<meta property=\"og:image\" content=\"https:\/\/neos-music.com\/wp-content\/uploads\/2022\/11\/NEOS_11715_Posadas.jpeg\" \/>\n\t<meta property=\"og:image:width\" content=\"1649\" \/>\n\t<meta property=\"og:image:height\" content=\"1484\" \/>\n\t<meta property=\"og:image:type\" content=\"image\/jpeg\" \/>\n<meta name=\"twitter:card\" content=\"summary_large_image\" \/>\n<meta name=\"twitter:label1\" content=\"Est. reading time\" \/>\n\t<meta name=\"twitter:data1\" content=\"3 minutes\" \/>\n<script type=\"application\/ld+json\" class=\"yoast-schema-graph\">{\"@context\":\"https:\\\/\\\/schema.org\",\"@graph\":[{\"@type\":\"WebPage\",\"@id\":\"https:\\\/\\\/neos-music.com\\\/product\\\/alberto-posadas-poetics-of-the-gaze\\\/\",\"url\":\"https:\\\/\\\/neos-music.com\\\/product\\\/alberto-posadas-poetics-of-the-gaze\\\/\",\"name\":\"Alberto Posadas: Poetics of the Gaze - NEOS Music\",\"isPartOf\":{\"@id\":\"https:\\\/\\\/neos-music.com\\\/#website\"},\"primaryImageOfPage\":{\"@id\":\"https:\\\/\\\/neos-music.com\\\/product\\\/alberto-posadas-poetics-of-the-gaze\\\/#primaryimage\"},\"image\":{\"@id\":\"https:\\\/\\\/neos-music.com\\\/product\\\/alberto-posadas-poetics-of-the-gaze\\\/#primaryimage\"},\"thumbnailUrl\":\"https:\\\/\\\/i0.wp.com\\\/neos-music.com\\\/wp-content\\\/uploads\\\/2022\\\/11\\\/NEOS_11715_Posadas.jpeg?fit=1649%2C1484&ssl=1\",\"datePublished\":\"2017-09-22T14:39:06+00:00\",\"dateModified\":\"2023-05-22T22:33:03+00:00\",\"breadcrumb\":{\"@id\":\"https:\\\/\\\/neos-music.com\\\/product\\\/alberto-posadas-poetics-of-the-gaze\\\/#breadcrumb\"},\"inLanguage\":\"en-US\",\"potentialAction\":[{\"@type\":\"ReadAction\",\"target\":[\"https:\\\/\\\/neos-music.com\\\/product\\\/alberto-posadas-poetics-of-the-gaze\\\/\"]}]},{\"@type\":\"ImageObject\",\"inLanguage\":\"en-US\",\"@id\":\"https:\\\/\\\/neos-music.com\\\/product\\\/alberto-posadas-poetics-of-the-gaze\\\/#primaryimage\",\"url\":\"https:\\\/\\\/i0.wp.com\\\/neos-music.com\\\/wp-content\\\/uploads\\\/2022\\\/11\\\/NEOS_11715_Posadas.jpeg?fit=1649%2C1484&ssl=1\",\"contentUrl\":\"https:\\\/\\\/i0.wp.com\\\/neos-music.com\\\/wp-content\\\/uploads\\\/2022\\\/11\\\/NEOS_11715_Posadas.jpeg?fit=1649%2C1484&ssl=1\",\"width\":1649,\"height\":1484},{\"@type\":\"BreadcrumbList\",\"@id\":\"https:\\\/\\\/neos-music.com\\\/product\\\/alberto-posadas-poetics-of-the-gaze\\\/#breadcrumb\",\"itemListElement\":[{\"@type\":\"ListItem\",\"position\":1,\"name\":\"Startseite\",\"item\":\"https:\\\/\\\/neos-music.com\\\/\"},{\"@type\":\"ListItem\",\"position\":2,\"name\":\"Produkte\",\"item\":\"https:\\\/\\\/neos-music.com\\\/shop__trashed\\\/\"},{\"@type\":\"ListItem\",\"position\":3,\"name\":\"Alberto Posadas: Poetics of the Gaze\"}]},{\"@type\":\"WebSite\",\"@id\":\"https:\\\/\\\/neos-music.com\\\/#website\",\"url\":\"https:\\\/\\\/neos-music.com\\\/\",\"name\":\"NEOS Music\",\"description\":\"Dein Online Shop f\u00fcr zeitgen\u00f6ssische Musik, Jazz und Classics!\",\"publisher\":{\"@id\":\"https:\\\/\\\/neos-music.com\\\/#organization\"},\"potentialAction\":[{\"@type\":\"SearchAction\",\"target\":{\"@type\":\"EntryPoint\",\"urlTemplate\":\"https:\\\/\\\/neos-music.com\\\/?s={search_term_string}\"},\"query-input\":{\"@type\":\"PropertyValueSpecification\",\"valueRequired\":true,\"valueName\":\"search_term_string\"}}],\"inLanguage\":\"en-US\"},{\"@type\":\"Organization\",\"@id\":\"https:\\\/\\\/neos-music.com\\\/#organization\",\"name\":\"NEOS Music\",\"url\":\"https:\\\/\\\/neos-music.com\\\/\",\"logo\":{\"@type\":\"ImageObject\",\"inLanguage\":\"en-US\",\"@id\":\"https:\\\/\\\/neos-music.com\\\/#\\\/schema\\\/logo\\\/image\\\/\",\"url\":\"https:\\\/\\\/i0.wp.com\\\/neos-music.com\\\/wp-content\\\/uploads\\\/2025\\\/08\\\/NEOS-Logo-weiss.png?fit=800%2C203&ssl=1\",\"contentUrl\":\"https:\\\/\\\/i0.wp.com\\\/neos-music.com\\\/wp-content\\\/uploads\\\/2025\\\/08\\\/NEOS-Logo-weiss.png?fit=800%2C203&ssl=1\",\"width\":800,\"height\":203,\"caption\":\"NEOS Music\"},\"image\":{\"@id\":\"https:\\\/\\\/neos-music.com\\\/#\\\/schema\\\/logo\\\/image\\\/\"}}]}<\/script>\n<!-- \/ Yoast SEO plugin. -->","yoast_head_json":{"title":"Alberto Posadas: Poetics of the Gaze - NEOS Music","robots":{"index":"index","follow":"follow","max-snippet":"max-snippet:-1","max-image-preview":"max-image-preview:large","max-video-preview":"max-video-preview:-1"},"canonical":"https:\/\/neos-music.com\/en_us\/product\/alberto-posadas-poetics-of-the-gaze\/","og_locale":"en_US","og_type":"article","og_title":"Alberto Posadas: Poetics of the Gaze - NEOS Music","og_description":"Programm: [01]\u00a0Anamorfosis\u00a0(2006)\u00a0for Ensemble\u00a020:47 [02]\u00a0Tratado de lo inasible\u00a0(2013)*\u00a017:06 for baritone saxophone (or soprano saxophone), double bass clarinet (or bass clarinet), accordion, cello and double bass Tres pinturas imaginarias\u00a0(2014)*\u00a0for ensemble\u00a017:05 [03]\u00a0I \u2013 Sfumato\u00a006:23 [04]\u00a0II \u2013 Variaciones perforadas sobre un tema de Mondrian\u00a005:15 [05]\u00a0III \u2013 Tachisme\u00a005:27 [06]\u00a0La lumi\u00e8re du Noir\u00a0(2017)*\u00a0for ensemble 17:17 total playing time 72:14 &nbsp; * [&hellip;]","og_url":"https:\/\/neos-music.com\/en_us\/product\/alberto-posadas-poetics-of-the-gaze\/","og_site_name":"NEOS Music","article_modified_time":"2023-05-22T22:33:03+00:00","og_image":[{"width":1649,"height":1484,"url":"https:\/\/neos-music.com\/wp-content\/uploads\/2022\/11\/NEOS_11715_Posadas.jpeg","type":"image\/jpeg"}],"twitter_card":"summary_large_image","twitter_misc":{"Est. reading time":"3 minutes"},"schema":{"@context":"https:\/\/schema.org","@graph":[{"@type":"WebPage","@id":"https:\/\/neos-music.com\/product\/alberto-posadas-poetics-of-the-gaze\/","url":"https:\/\/neos-music.com\/product\/alberto-posadas-poetics-of-the-gaze\/","name":"Alberto Posadas: Poetics of the Gaze - NEOS Music","isPartOf":{"@id":"https:\/\/neos-music.com\/#website"},"primaryImageOfPage":{"@id":"https:\/\/neos-music.com\/product\/alberto-posadas-poetics-of-the-gaze\/#primaryimage"},"image":{"@id":"https:\/\/neos-music.com\/product\/alberto-posadas-poetics-of-the-gaze\/#primaryimage"},"thumbnailUrl":"https:\/\/i0.wp.com\/neos-music.com\/wp-content\/uploads\/2022\/11\/NEOS_11715_Posadas.jpeg?fit=1649%2C1484&ssl=1","datePublished":"2017-09-22T14:39:06+00:00","dateModified":"2023-05-22T22:33:03+00:00","breadcrumb":{"@id":"https:\/\/neos-music.com\/product\/alberto-posadas-poetics-of-the-gaze\/#breadcrumb"},"inLanguage":"en-US","potentialAction":[{"@type":"ReadAction","target":["https:\/\/neos-music.com\/product\/alberto-posadas-poetics-of-the-gaze\/"]}]},{"@type":"ImageObject","inLanguage":"en-US","@id":"https:\/\/neos-music.com\/product\/alberto-posadas-poetics-of-the-gaze\/#primaryimage","url":"https:\/\/i0.wp.com\/neos-music.com\/wp-content\/uploads\/2022\/11\/NEOS_11715_Posadas.jpeg?fit=1649%2C1484&ssl=1","contentUrl":"https:\/\/i0.wp.com\/neos-music.com\/wp-content\/uploads\/2022\/11\/NEOS_11715_Posadas.jpeg?fit=1649%2C1484&ssl=1","width":1649,"height":1484},{"@type":"BreadcrumbList","@id":"https:\/\/neos-music.com\/product\/alberto-posadas-poetics-of-the-gaze\/#breadcrumb","itemListElement":[{"@type":"ListItem","position":1,"name":"Startseite","item":"https:\/\/neos-music.com\/"},{"@type":"ListItem","position":2,"name":"Produkte","item":"https:\/\/neos-music.com\/shop__trashed\/"},{"@type":"ListItem","position":3,"name":"Alberto Posadas: Poetics of the Gaze"}]},{"@type":"WebSite","@id":"https:\/\/neos-music.com\/#website","url":"https:\/\/neos-music.com\/","name":"NEOS Music","description":"Dein Online Shop f\u00fcr zeitgen\u00f6ssische Musik, Jazz und Classics!","publisher":{"@id":"https:\/\/neos-music.com\/#organization"},"potentialAction":[{"@type":"SearchAction","target":{"@type":"EntryPoint","urlTemplate":"https:\/\/neos-music.com\/?s={search_term_string}"},"query-input":{"@type":"PropertyValueSpecification","valueRequired":true,"valueName":"search_term_string"}}],"inLanguage":"en-US"},{"@type":"Organization","@id":"https:\/\/neos-music.com\/#organization","name":"NEOS Music","url":"https:\/\/neos-music.com\/","logo":{"@type":"ImageObject","inLanguage":"en-US","@id":"https:\/\/neos-music.com\/#\/schema\/logo\/image\/","url":"https:\/\/i0.wp.com\/neos-music.com\/wp-content\/uploads\/2025\/08\/NEOS-Logo-weiss.png?fit=800%2C203&ssl=1","contentUrl":"https:\/\/i0.wp.com\/neos-music.com\/wp-content\/uploads\/2025\/08\/NEOS-Logo-weiss.png?fit=800%2C203&ssl=1","width":800,"height":203,"caption":"NEOS Music"},"image":{"@id":"https:\/\/neos-music.com\/#\/schema\/logo\/image\/"}}]}},"jetpack_sharing_enabled":true,"_links":{"self":[{"href":"https:\/\/neos-music.com\/en_us\/wp-json\/wp\/v2\/product\/2711","targetHints":{"allow":["GET"]}}],"collection":[{"href":"https:\/\/neos-music.com\/en_us\/wp-json\/wp\/v2\/product"}],"about":[{"href":"https:\/\/neos-music.com\/en_us\/wp-json\/wp\/v2\/types\/product"}],"version-history":[{"count":0,"href":"https:\/\/neos-music.com\/en_us\/wp-json\/wp\/v2\/product\/2711\/revisions"}],"wp:featuredmedia":[{"embeddable":true,"href":"https:\/\/neos-music.com\/en_us\/wp-json\/wp\/v2\/media\/2712"}],"wp:attachment":[{"href":"https:\/\/neos-music.com\/en_us\/wp-json\/wp\/v2\/media?parent=2711"}],"wp:term":[{"taxonomy":"product_brand","embeddable":true,"href":"https:\/\/neos-music.com\/en_us\/wp-json\/wp\/v2\/product_brand?post=2711"},{"taxonomy":"product_cat","embeddable":true,"href":"https:\/\/neos-music.com\/en_us\/wp-json\/wp\/v2\/product_cat?post=2711"},{"taxonomy":"product_tag","embeddable":true,"href":"https:\/\/neos-music.com\/en_us\/wp-json\/wp\/v2\/product_tag?post=2711"}],"curies":[{"name":"wp","href":"https:\/\/api.w.org\/{rel}","templated":true}]}}