{"id":2713,"date":"2017-09-15T14:41:31","date_gmt":"2017-09-15T14:41:31","guid":{"rendered":"https:\/\/neos-music.com\/?post_type=product&#038;p=2713"},"modified":"2023-01-09T19:23:37","modified_gmt":"2023-01-09T19:23:37","slug":"tatsiana-zelianko-piano-works","status":"publish","type":"product","link":"https:\/\/neos-music.com\/en_us\/product\/tatsiana-zelianko-piano-works\/","title":{"rendered":"Tatsiana Zelianko:   Piano Works"},"content":{"rendered":"<p>Infotext:<\/p>\n<table border=\"0\" width=\"100%\" rules=\"none\" cellspacing=\"0\" cellpadding=\"0\">\n<tbody>\n<tr>\n<td class=\"bigcontent2\">\n<div id=\"infotext\">\n<p><b>TATSIANA ZELIANKO \u2013 KLAVIERWERKE<\/b><\/p>\n<p><b>Huit pr\u00e9ludes<\/b>\u00a0f\u00fcr Klavier op. 4 (2009)<\/p>\n<p>Meine zwischen den Jahren 2005 und 2009 entstandenen\u00a0<i>Pr\u00e9ludes<\/i>\u00a0sind eine Sammlung von 10 St\u00fccken. Nur die\u00a0<i>Pr\u00e9ludes N\u00b0 3<\/i>\u00a0und\u00a0<i>N\u00b0 9<\/i>\u00a0sind in der vorliegenden Einspielung nicht enthalten. Die Komposition dieser St\u00fccke ist eng mit zwei verschiedenen Phasen meines Lebens verbunden. Ich unterteile sie daher nach chronologischer Reihenfolge in zwei Gruppen.<\/p>\n<p>Die erste Gruppe besteht aus den\u00a0<i>Pr\u00e9ludes Nos 1, 2, 5<\/i>\u00a0und\u00a0<i>6<\/i>. Sie sind meine ersten Kompositionsversuche aus meinem letzten Studienjahr in Wei\u00dfrussland. Einige Jahre sp\u00e4ter ist die Kompositionstechnik dieser St\u00fccke komplexer geworden, ohne dass sich das jedoch auf die musikalische Grundidee der einzelnen St\u00fccke ausgewirkt h\u00e4tte.<\/p>\n<p>Die zweite Gruppe umfasst die\u00a0<i>Pr\u00e9ludes Nos 3, 4, 7, 8, 9<\/i>\u00a0und\u00a0<i>10<\/i>. Sie entstanden zu Beginn meines Studiums am Conservatoire de la Ville de Luxembourg unter der Obhut des Luxemburger Pianisten, Komponisten und Dirigenten Alexander M\u00fcllenbach.<\/p>\n<p>Die\u00a0<i>Pr\u00e9ludes<\/i>\u00a0sind eine Hommage an das Genre des romantischen Pr\u00e4ludiums und an die Improvisationskunst am Klavier, und sie rufen beim H\u00f6rer poetische, leidenschaftliche bzw. trostlose Bilder hervor, die jeden das sehen lassen, was zu ihm passt und ihn begeistert.<\/p>\n<p><b>Illusioni<\/b>\u00a0f\u00fcr Klavier (2016)<\/p>\n<p>Das St\u00fcck, ein Auftrag des Centre culturel de rencontre Abbaye de Neum\u00fcnster in Luxemburg, ist der russischen Pianistin Alexandra Matvievskaya gewidmet.<\/p>\n<p><i>Illusioni<\/i>\u00a0ist ein Zyklus aus sechs Miniaturen mit postimpressionistischen Farben und Einfl\u00fcssen der Postmoderne, der die Befreiung des harmonischen Klangs in der \u00c4sthetik meiner Musiksprache symbolisiert. Das Material beruht auf einer imagin\u00e4ren Folklore, die nicht nur daraus besteht, \u00bbein paar volkst\u00fcmliche Melodien zu erfinden\u00ab, wie B\u00e9la Bart\u00f3k es nannte, sondern auch verschiedene Musiken zu erschaffen, die aus unterschiedlichen Kulturen kommen.<\/p>\n<p>Die \u00c4sthetik der imagin\u00e4ren Folklore, die ich im Zyklus\u00a0<i>Illusioni<\/i>\u00a0gesucht habe, hat ihre Wurzeln in meiner eigenen Kultur: in den von der modernen Stilistik der europ\u00e4ischen zeitgen\u00f6ssischen Musik des 21. Jahrhunderts beeinflussten russischen, wei\u00dfrussischen und polnischen Volksmusiken. So versuche ich mich an neuen, reineren, transparenten und manchmal tonalen Klangstrukturen, die auf dem Prinzip der Variation basieren. Die Motive werden einer Vielzahl von Ver\u00e4nderungen, von Modulationen unterzogen und ergeben dadurch eine eigene rhythmische Akzentuierung. Als musikalische Idee wird der Zyklus zu einer inneren Reise durch die Volksmusiken, die meine musikalische Welt formten.<\/p>\n<p><i>N\u00b0 1<\/i>: Die bedr\u00fcckende Verschlossenheit eines feierlichen Themas, gleich einem einsamen, erbarmungslos skandierten Choral, k\u00fcndigt vor dem Hintergrund eines rhythmischen Motivs in der linken Hand einen wilden, unaufhaltsamen Abstieg zu Gedanken an, die in den Bann ziehen und in den Bann gezogen werden. Die Konturen des Themas bleiben in ihrem Charakter einf\u00f6rmig und unwandelbar, wie ein Wiegenlied, das mich zum Unendlichen hintreibt. Auf seinem H\u00f6hepunkt eine willk\u00fcrliche, aber hypnotisch wirkende Woge: Die Trag\u00f6die offenbart sich niemals im Stillen.<\/p>\n<p><i>N\u00b0 2<\/i>: Ich h\u00f6re eine melancholisch klingende Ballade, die an slawische Guslis erinnert. Das Bild des ersten Abschnitts nimmt vor meinen Augen immer klarer Gestalt an und versetzt mich in die mythische Epoche der \u00bbKiewer Rus\u00ab. Der Klang ist weich und wogt hin und her. Die schillernden Arpeggi k\u00fcndigen auch kaum sp\u00fcrbar eine drohende Qual an. Im zweiten Abschnitt l\u00e4sst mich ein st\u00fcrmischer Ritt mit seinen ungeduldigen, unerbittlichen Akkorden in beharrlichem, immer lauter werdendem Rhythmus zusammenzucken, bis der H\u00f6hepunkt erreicht ist.<\/p>\n<p><i>N\u00b0 3<\/i>: Ein architektonisches Tempo, ein ekstatisches Prestissimo: die Kadenz, aufgeladen mit einer frenetischen Melodie, die sich auf Verzierungen auswirkt, welche in den schnellen, absteigenden Passagen als 1\/32tel Sextolen versteckt sind. Die Entspannung w\u00e4hrt nur kurz, und das\u00a0<i>a piacere<\/i>\u00a0ist wie ein Funke knapp vor dem Verl\u00f6schen. Meine Aufmerksamkeit folgt den expressiven Ver\u00e4nderungen in der rechten Hand, die die der Qual und des Schmerzes einer Klarinettenstimme in der Klezmer-Tradition sind.<\/p>\n<p><i>N\u00b0 4<\/i>: Ein solistischer Gesang voll zarter Nostalgie zerst\u00f6rt meine Seelenruhe:<br \/>\n<i>I bear it in my living soul<br \/>\nLike a torch-flame ever bright for me,<br \/>\nThat through deaf darkness to my goal,<br \/>\nMidst vandals it may lighten me.<br \/>\nWith it lives my thought-family.<br \/>\nBringing dreams of sincerity.<br \/>\nAnd its name, all-in-all must be<br \/>\nMy native land, my heritage.<br \/>\n<\/i>[Yanka Kuala, Auszug aus dem Gedicht From Forebears\u2019 Ages, Long Since Gone]<\/p>\n<p><i>N\u00b0 5<\/i>: Elektrokardiogramm als Grundrhythmus, das Herz erwacht wieder zum Leben \u2026 Die Rolle der wiederholten Note in diesem \u00bbIntermezzo\u00ab beschr\u00e4nkt sich nicht auf die der Begleitung, sondern ist ganz eins mit den \u00bbheroischen Rufen\u00ab der Stimme in der Melodie. Diese Verschmelzung stellt eine Art Spannung her. Vor\u00fcbergehende Gelassenheit: Das Crescendo in den Noten l\u00e4sst Fragen aufkommen. Das St\u00fcck ist so komponiert, dass das Klavier wie eines der sch\u00f6nsten traditionellen wei\u00dfrussischen Instrumente klingt \u2013 das\u00a0<i>tsimbali<\/i>.<\/p>\n<p><i>N\u00b0 6<\/i>: In dieser transparenten, unverstellten Musik gebe ich ein feierliches Hochgef\u00fchl wieder, um das Gef\u00fchl von Liebe und Ruhm auszudr\u00fccken. Zusammen mit unendlich oft aneinandergereihten und pl\u00f6tzlich aufwirbelnden Noten f\u00fchrt das zu Hell-Dunkel-Kontrasten. Indem sie Sterne oder auch Blitze in die Luft schreiben, haben diese Illusionen die bes\u00e4nftigende Wirkung von Frauenstimmen. Aber ist die letzte Illusion schlussendlich nicht die, zu glauben, dass man sie alle verloren hat?<\/p>\n<p><b>Frida Kahlo \u00bbThe Frame\u00ab Berc\u00e9e par le gouffre<\/b>\u00a0f\u00fcr Klavier (2013)<\/p>\n<p>Das St\u00fcck entstand im Auftrag des Dritten Internationalen Symposiums f\u00fcr Outsider-Kunst in Luxemburg 2013 in Zusammenarbeit mit dem Centre Kompass Luxembourg.<\/p>\n<p>Die Komposition ist von dem Gem\u00e4lde\u00a0<i>The Frame<\/i>\u00a0(\u00bbDer Rahmen\u00ab, Selbstportr\u00e4t, 1938) der Malerin Frida Kahlo inspiriert. Die Musik versucht einen Blick auf eine Seite im Werk Frida Kahlos zu werfen, die als Tagebuch ihrer gepeinigten Seele dargestellt wird und dabei die Gef\u00fchle durch einen eigenen musikalischen Ausdruck widerspiegelt. Der Untertitel\u00a0<i>Berc\u00e9e par le gouffre<\/i>\u00a0(Vom Abgrund eingelullt) wurde von mir hinzugef\u00fcgt, um damit die dunkle Seite der musikalischen Idee zu betonen. In dem in freier Form konstruierten St\u00fcck tauchen nacheinander drei musikalische Elemente auf:<br \/>\n1. ein harmonisches<br \/>\n2. ein rhythmisches<br \/>\n3. ein melodisches.<\/p>\n<p>Das St\u00fcck beginnt mit einem Auftakt\u00a0<i>sul cordiera<\/i>, gefolgt vom ersten Element, das ich \u00bboiseaux criants\u00ab nenne (\u00bbSchreiende V\u00f6gel\u00ab; das Bild des Papageis inspiriert Frida Kahlo ihr ganzes Leben lang und taucht auch in ihrem Gem\u00e4lde\u00a0<i>The Frame<\/i>\u00a0auf). Dieses Motiv entwickelt sich durch eine Abfolge pulsierender, schneller Passagen weiter, die das Gef\u00fchl drohender Angst ausdr\u00fcckt (Takt 1\u20135).<\/p>\n<p>Die erste Idee mit ihrem er\u00f6ffnenden Charakter endet mit extremer Intensit\u00e4t in einer\u00a0<i>molto accel.<\/i>\u00a0Stelle und geht in Register \u00fcber, die im Gegensatz zu Takt 5 stehen. Darauf folgt ein zweites Element in Takt 6, dargestellt durch eine rhythmische, synkopische Formel mit pulsierendem, nerv\u00f6sem Charakter. Sie taucht im St\u00fcck sp\u00e4ter in Form eines rhythmischen Ostinatos, der f\u00fcr die physischen Leiden der Malerin steht, wieder auf.<\/p>\n<p>Ab Takt 10 l\u00e4dt sich die Musik mit einer immer gr\u00f6\u00dfer werdenden Spannung auf, verwebt dabei die beiden ersten Elemente unaufh\u00f6rlich miteinander und entwickelt sie weiter. Gegen Ende von Takt 12 beruhigt sich diese neu entstandene Struktur jedoch wieder, und in Takt 13,\u00a0<i>\u00bbLugubre\u00ab<\/i>\u00a0(d\u00fcster), taucht das dritte Element auf. Dieses ist eine bedeutsame, aber kaum erkennbare Reminiszenz an den<i>\u00a0Marche fun\u00e8bre<\/i>\u00a0aus der<i>\u00a0Klaviersonate Nr. 2 op. 35<\/i>\u00a0von Fr\u00e9d\u00e9ric Chopin, ein bedeutsamer Satz mit einem der ergreifendsten Bilder der Verzweiflung.<\/p>\n<p>Tatsiana Zelianko<br \/>\n<i>\u00dcbersetzung: Monika Kalitzke<\/i><\/p>\n<\/div>\n<\/td>\n<td><\/td>\n<\/tr>\n<\/tbody>\n<\/table>\n<p>Programm:<\/p>\n<div id=\"tracks\">\n<p><b>Huit pr\u00e9ludes<\/b>\u00a0pour piano op. 4 (2009)<b>\u00a023:20<\/b><\/p>\n<p>[01]\u00a0<b>N\u00b0 1<\/b>\u00a003:17<br \/>\n[02]\u00a0<b>N\u00b0 2<\/b>\u00a001:15<br \/>\n[03]\u00a0<b>N\u00b0 4<\/b>\u00a005:07<br \/>\n[04]\u00a0<b>N\u00b0 5<\/b>\u00a002:35<br \/>\n[05]\u00a0<b>N\u00b0 6<\/b>\u00a001:03<br \/>\n[06]<b>\u00a0N\u00b0 7<\/b>\u00a003:51<br \/>\n[07]\u00a0<b>N\u00b0 8<\/b>\u00a002:55<br \/>\n[08]\u00a0<b>N\u00b0 10<\/b>\u00a003:17<\/p>\n<p>[09]\u00a0<b>Frida Kahlo \u201cThe Frame\u201d Berc\u00e9e par le gouffre<\/b>\u00a0pour piano (2013)\u00a0<b>06:43<\/b><\/p>\n<p><b>Illusioni<\/b>\u00a0pour piano (2016)\u00a0<b>27:39<\/b><\/p>\n<p>[10]\u00a0<b>I<\/b>\u00a006:24<br \/>\n[11]\u00a0<b>II<\/b>\u00a005:30<br \/>\n[12]\u00a0<b>III<\/b>\u00a004:22<br \/>\n[13]\u00a0<b>IV<\/b>\u00a005:04<br \/>\n[14]\u00a0<b>V<\/b>\u00a001:41<br \/>\n[15]\u00a0<b>VI<\/b>\u00a004:38<\/p>\n<p>total playing time: 58:08<\/p>\n<p>&nbsp;<\/p>\n<p>Alexandra Matvievskaya, piano<\/p>\n<p>&nbsp;<\/p>\n<p><i>World Premiere Recordings<\/i><\/p>\n<\/div>\n<p>&nbsp;<\/p>\n","protected":false},"excerpt":{"rendered":"<p>Infotext: TATSIANA ZELIANKO \u2013 KLAVIERWERKE Huit pr\u00e9ludes\u00a0f\u00fcr Klavier op. 4 (2009) Meine zwischen den Jahren 2005 und 2009 entstandenen\u00a0Pr\u00e9ludes\u00a0sind eine Sammlung von 10 St\u00fccken. Nur die\u00a0Pr\u00e9ludes N\u00b0 3\u00a0und\u00a0N\u00b0 9\u00a0sind in der vorliegenden Einspielung nicht enthalten. Die Komposition dieser St\u00fccke ist eng mit zwei verschiedenen Phasen meines Lebens verbunden. Ich unterteile sie daher nach chronologischer Reihenfolge [&hellip;]<\/p>\n","protected":false},"featured_media":2714,"template":"","meta":{"site-sidebar-layout":"default","site-content-layout":"default","ast-site-content-layout":"default","site-content-style":"default","site-sidebar-style":"default","ast-global-header-display":"","ast-banner-title-visibility":"","ast-main-header-display":"","ast-hfb-above-header-display":"","ast-hfb-below-header-display":"","ast-hfb-mobile-header-display":"","site-post-title":"","ast-breadcrumbs-content":"","ast-featured-img":"","footer-sml-layout":"","theme-transparent-header-meta":"default","adv-header-id-meta":"","stick-header-meta":"","header-above-stick-meta":"","header-main-stick-meta":"","header-below-stick-meta":"","astra-migrate-meta-layouts":"default","ast-page-background-enabled":"default","ast-page-background-meta":{"desktop":{"background-color":"","background-image":"","background-repeat":"repeat","background-position":"center center","background-size":"auto","background-attachment":"scroll","background-type":"","background-media":"","overlay-type":"","overlay-color":"","overlay-opacity":"","overlay-gradient":""},"tablet":{"background-color":"","background-image":"","background-repeat":"repeat","background-position":"center center","background-size":"auto","background-attachment":"scroll","background-type":"","background-media":"","overlay-type":"","overlay-color":"","overlay-opacity":"","overlay-gradient":""},"mobile":{"background-color":"","background-image":"","background-repeat":"repeat","background-position":"center center","background-size":"auto","background-attachment":"scroll","background-type":"","background-media":"","overlay-type":"","overlay-color":"","overlay-opacity":"","overlay-gradient":""}},"ast-content-background-meta":{"desktop":{"background-color":"var(--ast-global-color-5)","background-image":"","background-repeat":"repeat","background-position":"center center","background-size":"auto","background-attachment":"scroll","background-type":"","background-media":"","overlay-type":"","overlay-color":"","overlay-opacity":"","overlay-gradient":""},"tablet":{"background-color":"var(--ast-global-color-5)","background-image":"","background-repeat":"repeat","background-position":"center center","background-size":"auto","background-attachment":"scroll","background-type":"","background-media":"","overlay-type":"","overlay-color":"","overlay-opacity":"","overlay-gradient":""},"mobile":{"background-color":"var(--ast-global-color-5)","background-image":"","background-repeat":"repeat","background-position":"center center","background-size":"auto","background-attachment":"scroll","background-type":"","background-media":"","overlay-type":"","overlay-color":"","overlay-opacity":"","overlay-gradient":""}}},"product_brand":[],"product_cat":[882,26],"product_tag":[],"class_list":{"0":"post-2713","1":"product","2":"type-product","3":"status-publish","4":"has-post-thumbnail","6":"product_cat-klavier","7":"product_cat-zeitgenossische-musik","8":"pa_artikelnummer-neos-11718","9":"pa_brand-neos-music","10":"pa_ean-274","11":"desktop-align-left","12":"tablet-align-left","13":"mobile-align-left","15":"first","16":"instock","17":"taxable","18":"shipping-taxable","19":"purchasable","20":"product-type-simple"},"yoast_head":"<!-- This site is optimized with the Yoast SEO plugin v27.3 - https:\/\/yoast.com\/product\/yoast-seo-wordpress\/ -->\n<title>Tatsiana Zelianko:  Piano Works - NEOS Music<\/title>\n<meta name=\"robots\" content=\"index, follow, max-snippet:-1, max-image-preview:large, max-video-preview:-1\" \/>\n<link rel=\"canonical\" href=\"https:\/\/neos-music.com\/en_us\/product\/tatsiana-zelianko-piano-works\/\" \/>\n<meta property=\"og:locale\" content=\"en_US\" \/>\n<meta property=\"og:type\" content=\"article\" \/>\n<meta property=\"og:title\" content=\"Tatsiana Zelianko:  Piano Works - NEOS Music\" \/>\n<meta property=\"og:description\" content=\"Infotext: TATSIANA ZELIANKO \u2013 KLAVIERWERKE Huit pr\u00e9ludes\u00a0f\u00fcr Klavier op. 4 (2009) Meine zwischen den Jahren 2005 und 2009 entstandenen\u00a0Pr\u00e9ludes\u00a0sind eine Sammlung von 10 St\u00fccken. Nur die\u00a0Pr\u00e9ludes N\u00b0 3\u00a0und\u00a0N\u00b0 9\u00a0sind in der vorliegenden Einspielung nicht enthalten. Die Komposition dieser St\u00fccke ist eng mit zwei verschiedenen Phasen meines Lebens verbunden. Ich unterteile sie daher nach chronologischer Reihenfolge [&hellip;]\" \/>\n<meta property=\"og:url\" content=\"https:\/\/neos-music.com\/en_us\/product\/tatsiana-zelianko-piano-works\/\" \/>\n<meta property=\"og:site_name\" content=\"NEOS Music\" \/>\n<meta property=\"article:modified_time\" content=\"2023-01-09T19:23:37+00:00\" \/>\n<meta property=\"og:image\" content=\"https:\/\/neos-music.com\/wp-content\/uploads\/2022\/11\/NEOS_11718_Zelianko.jpeg\" \/>\n\t<meta property=\"og:image:width\" content=\"1648\" \/>\n\t<meta property=\"og:image:height\" content=\"1475\" \/>\n\t<meta property=\"og:image:type\" content=\"image\/jpeg\" \/>\n<meta name=\"twitter:card\" content=\"summary_large_image\" \/>\n<meta name=\"twitter:label1\" content=\"Est. reading time\" \/>\n\t<meta name=\"twitter:data1\" content=\"6 minutes\" \/>\n<script type=\"application\/ld+json\" class=\"yoast-schema-graph\">{\"@context\":\"https:\\\/\\\/schema.org\",\"@graph\":[{\"@type\":\"WebPage\",\"@id\":\"https:\\\/\\\/neos-music.com\\\/product\\\/tatsiana-zelianko-piano-works\\\/\",\"url\":\"https:\\\/\\\/neos-music.com\\\/product\\\/tatsiana-zelianko-piano-works\\\/\",\"name\":\"Tatsiana Zelianko: Piano Works - NEOS Music\",\"isPartOf\":{\"@id\":\"https:\\\/\\\/neos-music.com\\\/#website\"},\"primaryImageOfPage\":{\"@id\":\"https:\\\/\\\/neos-music.com\\\/product\\\/tatsiana-zelianko-piano-works\\\/#primaryimage\"},\"image\":{\"@id\":\"https:\\\/\\\/neos-music.com\\\/product\\\/tatsiana-zelianko-piano-works\\\/#primaryimage\"},\"thumbnailUrl\":\"https:\\\/\\\/i0.wp.com\\\/neos-music.com\\\/wp-content\\\/uploads\\\/2022\\\/11\\\/NEOS_11718_Zelianko.jpeg?fit=1648%2C1475&ssl=1\",\"datePublished\":\"2017-09-15T14:41:31+00:00\",\"dateModified\":\"2023-01-09T19:23:37+00:00\",\"breadcrumb\":{\"@id\":\"https:\\\/\\\/neos-music.com\\\/product\\\/tatsiana-zelianko-piano-works\\\/#breadcrumb\"},\"inLanguage\":\"en-US\",\"potentialAction\":[{\"@type\":\"ReadAction\",\"target\":[\"https:\\\/\\\/neos-music.com\\\/product\\\/tatsiana-zelianko-piano-works\\\/\"]}]},{\"@type\":\"ImageObject\",\"inLanguage\":\"en-US\",\"@id\":\"https:\\\/\\\/neos-music.com\\\/product\\\/tatsiana-zelianko-piano-works\\\/#primaryimage\",\"url\":\"https:\\\/\\\/i0.wp.com\\\/neos-music.com\\\/wp-content\\\/uploads\\\/2022\\\/11\\\/NEOS_11718_Zelianko.jpeg?fit=1648%2C1475&ssl=1\",\"contentUrl\":\"https:\\\/\\\/i0.wp.com\\\/neos-music.com\\\/wp-content\\\/uploads\\\/2022\\\/11\\\/NEOS_11718_Zelianko.jpeg?fit=1648%2C1475&ssl=1\",\"width\":1648,\"height\":1475},{\"@type\":\"BreadcrumbList\",\"@id\":\"https:\\\/\\\/neos-music.com\\\/product\\\/tatsiana-zelianko-piano-works\\\/#breadcrumb\",\"itemListElement\":[{\"@type\":\"ListItem\",\"position\":1,\"name\":\"Startseite\",\"item\":\"https:\\\/\\\/neos-music.com\\\/\"},{\"@type\":\"ListItem\",\"position\":2,\"name\":\"Produkte\",\"item\":\"https:\\\/\\\/neos-music.com\\\/shop__trashed\\\/\"},{\"@type\":\"ListItem\",\"position\":3,\"name\":\"Tatsiana Zelianko: Piano Works\"}]},{\"@type\":\"WebSite\",\"@id\":\"https:\\\/\\\/neos-music.com\\\/#website\",\"url\":\"https:\\\/\\\/neos-music.com\\\/\",\"name\":\"NEOS Music\",\"description\":\"Dein Online Shop f\u00fcr zeitgen\u00f6ssische Musik, Jazz und Classics!\",\"publisher\":{\"@id\":\"https:\\\/\\\/neos-music.com\\\/#organization\"},\"potentialAction\":[{\"@type\":\"SearchAction\",\"target\":{\"@type\":\"EntryPoint\",\"urlTemplate\":\"https:\\\/\\\/neos-music.com\\\/?s={search_term_string}\"},\"query-input\":{\"@type\":\"PropertyValueSpecification\",\"valueRequired\":true,\"valueName\":\"search_term_string\"}}],\"inLanguage\":\"en-US\"},{\"@type\":\"Organization\",\"@id\":\"https:\\\/\\\/neos-music.com\\\/#organization\",\"name\":\"NEOS Music\",\"url\":\"https:\\\/\\\/neos-music.com\\\/\",\"logo\":{\"@type\":\"ImageObject\",\"inLanguage\":\"en-US\",\"@id\":\"https:\\\/\\\/neos-music.com\\\/#\\\/schema\\\/logo\\\/image\\\/\",\"url\":\"https:\\\/\\\/i0.wp.com\\\/neos-music.com\\\/wp-content\\\/uploads\\\/2025\\\/08\\\/NEOS-Logo-weiss.png?fit=800%2C203&ssl=1\",\"contentUrl\":\"https:\\\/\\\/i0.wp.com\\\/neos-music.com\\\/wp-content\\\/uploads\\\/2025\\\/08\\\/NEOS-Logo-weiss.png?fit=800%2C203&ssl=1\",\"width\":800,\"height\":203,\"caption\":\"NEOS Music\"},\"image\":{\"@id\":\"https:\\\/\\\/neos-music.com\\\/#\\\/schema\\\/logo\\\/image\\\/\"}}]}<\/script>\n<!-- \/ Yoast SEO plugin. -->","yoast_head_json":{"title":"Tatsiana Zelianko:  Piano Works - NEOS Music","robots":{"index":"index","follow":"follow","max-snippet":"max-snippet:-1","max-image-preview":"max-image-preview:large","max-video-preview":"max-video-preview:-1"},"canonical":"https:\/\/neos-music.com\/en_us\/product\/tatsiana-zelianko-piano-works\/","og_locale":"en_US","og_type":"article","og_title":"Tatsiana Zelianko:  Piano Works - NEOS Music","og_description":"Infotext: TATSIANA ZELIANKO \u2013 KLAVIERWERKE Huit pr\u00e9ludes\u00a0f\u00fcr Klavier op. 4 (2009) Meine zwischen den Jahren 2005 und 2009 entstandenen\u00a0Pr\u00e9ludes\u00a0sind eine Sammlung von 10 St\u00fccken. Nur die\u00a0Pr\u00e9ludes N\u00b0 3\u00a0und\u00a0N\u00b0 9\u00a0sind in der vorliegenden Einspielung nicht enthalten. Die Komposition dieser St\u00fccke ist eng mit zwei verschiedenen Phasen meines Lebens verbunden. Ich unterteile sie daher nach chronologischer Reihenfolge [&hellip;]","og_url":"https:\/\/neos-music.com\/en_us\/product\/tatsiana-zelianko-piano-works\/","og_site_name":"NEOS Music","article_modified_time":"2023-01-09T19:23:37+00:00","og_image":[{"width":1648,"height":1475,"url":"https:\/\/neos-music.com\/wp-content\/uploads\/2022\/11\/NEOS_11718_Zelianko.jpeg","type":"image\/jpeg"}],"twitter_card":"summary_large_image","twitter_misc":{"Est. reading time":"6 minutes"},"schema":{"@context":"https:\/\/schema.org","@graph":[{"@type":"WebPage","@id":"https:\/\/neos-music.com\/product\/tatsiana-zelianko-piano-works\/","url":"https:\/\/neos-music.com\/product\/tatsiana-zelianko-piano-works\/","name":"Tatsiana Zelianko: Piano Works - NEOS Music","isPartOf":{"@id":"https:\/\/neos-music.com\/#website"},"primaryImageOfPage":{"@id":"https:\/\/neos-music.com\/product\/tatsiana-zelianko-piano-works\/#primaryimage"},"image":{"@id":"https:\/\/neos-music.com\/product\/tatsiana-zelianko-piano-works\/#primaryimage"},"thumbnailUrl":"https:\/\/i0.wp.com\/neos-music.com\/wp-content\/uploads\/2022\/11\/NEOS_11718_Zelianko.jpeg?fit=1648%2C1475&ssl=1","datePublished":"2017-09-15T14:41:31+00:00","dateModified":"2023-01-09T19:23:37+00:00","breadcrumb":{"@id":"https:\/\/neos-music.com\/product\/tatsiana-zelianko-piano-works\/#breadcrumb"},"inLanguage":"en-US","potentialAction":[{"@type":"ReadAction","target":["https:\/\/neos-music.com\/product\/tatsiana-zelianko-piano-works\/"]}]},{"@type":"ImageObject","inLanguage":"en-US","@id":"https:\/\/neos-music.com\/product\/tatsiana-zelianko-piano-works\/#primaryimage","url":"https:\/\/i0.wp.com\/neos-music.com\/wp-content\/uploads\/2022\/11\/NEOS_11718_Zelianko.jpeg?fit=1648%2C1475&ssl=1","contentUrl":"https:\/\/i0.wp.com\/neos-music.com\/wp-content\/uploads\/2022\/11\/NEOS_11718_Zelianko.jpeg?fit=1648%2C1475&ssl=1","width":1648,"height":1475},{"@type":"BreadcrumbList","@id":"https:\/\/neos-music.com\/product\/tatsiana-zelianko-piano-works\/#breadcrumb","itemListElement":[{"@type":"ListItem","position":1,"name":"Startseite","item":"https:\/\/neos-music.com\/"},{"@type":"ListItem","position":2,"name":"Produkte","item":"https:\/\/neos-music.com\/shop__trashed\/"},{"@type":"ListItem","position":3,"name":"Tatsiana Zelianko: Piano Works"}]},{"@type":"WebSite","@id":"https:\/\/neos-music.com\/#website","url":"https:\/\/neos-music.com\/","name":"NEOS Music","description":"Dein Online Shop f\u00fcr zeitgen\u00f6ssische Musik, Jazz und Classics!","publisher":{"@id":"https:\/\/neos-music.com\/#organization"},"potentialAction":[{"@type":"SearchAction","target":{"@type":"EntryPoint","urlTemplate":"https:\/\/neos-music.com\/?s={search_term_string}"},"query-input":{"@type":"PropertyValueSpecification","valueRequired":true,"valueName":"search_term_string"}}],"inLanguage":"en-US"},{"@type":"Organization","@id":"https:\/\/neos-music.com\/#organization","name":"NEOS Music","url":"https:\/\/neos-music.com\/","logo":{"@type":"ImageObject","inLanguage":"en-US","@id":"https:\/\/neos-music.com\/#\/schema\/logo\/image\/","url":"https:\/\/i0.wp.com\/neos-music.com\/wp-content\/uploads\/2025\/08\/NEOS-Logo-weiss.png?fit=800%2C203&ssl=1","contentUrl":"https:\/\/i0.wp.com\/neos-music.com\/wp-content\/uploads\/2025\/08\/NEOS-Logo-weiss.png?fit=800%2C203&ssl=1","width":800,"height":203,"caption":"NEOS Music"},"image":{"@id":"https:\/\/neos-music.com\/#\/schema\/logo\/image\/"}}]}},"jetpack_sharing_enabled":true,"_links":{"self":[{"href":"https:\/\/neos-music.com\/en_us\/wp-json\/wp\/v2\/product\/2713","targetHints":{"allow":["GET"]}}],"collection":[{"href":"https:\/\/neos-music.com\/en_us\/wp-json\/wp\/v2\/product"}],"about":[{"href":"https:\/\/neos-music.com\/en_us\/wp-json\/wp\/v2\/types\/product"}],"version-history":[{"count":0,"href":"https:\/\/neos-music.com\/en_us\/wp-json\/wp\/v2\/product\/2713\/revisions"}],"wp:featuredmedia":[{"embeddable":true,"href":"https:\/\/neos-music.com\/en_us\/wp-json\/wp\/v2\/media\/2714"}],"wp:attachment":[{"href":"https:\/\/neos-music.com\/en_us\/wp-json\/wp\/v2\/media?parent=2713"}],"wp:term":[{"taxonomy":"product_brand","embeddable":true,"href":"https:\/\/neos-music.com\/en_us\/wp-json\/wp\/v2\/product_brand?post=2713"},{"taxonomy":"product_cat","embeddable":true,"href":"https:\/\/neos-music.com\/en_us\/wp-json\/wp\/v2\/product_cat?post=2713"},{"taxonomy":"product_tag","embeddable":true,"href":"https:\/\/neos-music.com\/en_us\/wp-json\/wp\/v2\/product_tag?post=2713"}],"curies":[{"name":"wp","href":"https:\/\/api.w.org\/{rel}","templated":true}]}}