{"id":2715,"date":"2017-08-25T14:43:25","date_gmt":"2017-08-25T14:43:25","guid":{"rendered":"https:\/\/neos-music.com\/?post_type=product&#038;p=2715"},"modified":"2023-05-22T22:33:55","modified_gmt":"2023-05-22T22:33:55","slug":"nikolaus-brass-works-for-piano-solo","status":"publish","type":"product","link":"https:\/\/neos-music.com\/en_us\/product\/nikolaus-brass-works-for-piano-solo\/","title":{"rendered":"Nikolaus Brass: Works for Piano Solo"},"content":{"rendered":"<p>Programm:<\/p>\n<table border=\"0\" width=\"100%\" rules=\"none\" cellspacing=\"0\" cellpadding=\"0\">\n<tbody>\n<tr>\n<td class=\"bigcontent2\">\n<div id=\"tracks\">\n<p><b>St\u00fccke f\u00fcr leere H\u00e4nde \u2013 11 Benediktionen<\/b>\u00a0(2011)\u00a0<b>16:03<\/b><br \/>\n[01]\u00a0\u00a0<b>Er\u00f6ffnung<\/b>\u00a000:18<br \/>\n[02]\u00a0<b>1 Aria<\/b>\u00a001:04<br \/>\n[03]\u00a0<b>2<\/b>\u00a0 01:10<br \/>\n[04]\u00a0<b>3 schnell<\/b>\u00a000:20<br \/>\n[05]\u00a0<b>4 Viertel = 72<\/b>\u00a001:11<br \/>\n[06]\u00a0<b>5<\/b>\u00a0 01:30<br \/>\n[07]\u00a0<b>6 Nachtst\u00fcck<\/b>\u00a001:24<br \/>\n[08]<b>\u00a07 Lachrymosa<\/b>\u00a002:09<br \/>\n[09]\u00a0<b>8 maestoso<\/b>\u00a001:55<br \/>\n[10]\u00a0<b>9 ruhig<\/b>\u00a002:15<br \/>\n[11]\u00a0<b>10 Aria<\/b>\u00a001:34<br \/>\n[12]\u00a0<b>11 schnell<\/b>\u00a000:23<br \/>\n[13]\u00a0<b>Schluss<\/b>\u00a000:49<\/p>\n<p>[14]\u00a0<b>Lieder auf der Flucht \u2013 Klaviermusik II<\/b>\u00a0(1983)\u00a0<b>15:45<\/b><\/p>\n<p>[15]\u00a0<b>VOID<\/b>\u00a0(1999)\u00a0<b>14:09<\/b><\/p>\n<p>[16]\u00a0<b>Undine geht<\/b>\u00a0(2014)\u00a0<b>07:46<\/b><\/p>\n<p><b><br \/>\nDialoghi d\u2019amore V<\/b>\u00a0(2010\u2009\/\u20092011)\u00a0<b>25:58<\/b><br \/>\n[17]\u00a0<b>1 intim, still<\/b>\u00a003:05<br \/>\n[18]\u00a0<b>2 sublim, ruhig, in der Klangzeit atmend<\/b>\u00a003:25<br \/>\n[19]\u00a0<b>3 gegenw\u00e4rtig<\/b>\u00a002:50<br \/>\n[20]\u00a0<b>4 flie\u00dfend, schwebend, singend<\/b>\u00a015:02<br \/>\n[21] 5<b>\u00a0anwesend, leicht<\/b>\u00a001:31<\/p>\n<p>total playing time 79:59<\/p>\n<p>&nbsp;<\/p>\n<p><a class=\"arcoma_glossarylink\" href=\"https:\/\/neos-music.com\/output.php?content=Kuenstler\/Schulze_Jan_Philip.php&amp;treplace=english%2Cgerman\" target=\"_self\" rel=\"noopener\">Jan Philip Schulze<\/a>, piano<\/p>\n<p>&nbsp;<\/p>\n<p><i>World Premiere Recording<\/i><\/p>\n<\/div>\n<\/td>\n<td><\/td>\n<\/tr>\n<\/tbody>\n<\/table>\n<p>Pressestimmen:<\/p>\n<table border=\"0\" width=\"100%\" rules=\"none\" cellspacing=\"0\" cellpadding=\"0\">\n<tbody>\n<tr>\n<td class=\"bigcontent2\">\n<div id=\"press\">\n<p><img data-recalc-dims=\"1\" decoding=\"async\" src=\"https:\/\/i0.wp.com\/neos-music.com\/wp-content\/uploads\/2023\/05\/logo_NeueZeitschriftMusik_NEU.jpg?ssl=1\" alt=\"\" \/><\/p>\n<p>#3_2018<\/p>\n<p>[&#8230;] Belohnt wird der H\u00f6rer mit Tiefgang, mit oft zarter Skepsis, durchaus auch mit ruhenden Gebilden, denen das musikalische Nachdenken, das Sinnieren \u00fcber Klangwelten impr\u00e4gniert ist. [&#8230;] Jedes Ereignis scheint die Frage nach dem Fortgang mit sich zu f\u00fchren. Jedes Verklingen wird zum spannenden Moment. Mit ausgepr\u00e4gtem Klangsinn unterstreicht Schulz die Offenheit, die Lebendigkeit. [&#8230;]\u00a0Und den erfahrenen BR-Tontechnikern des Bayerischen Rundfunks gelang eine angemessen trockene Aufnahme, der kein noch so kleines Detail verlorengeht.<\/p>\n<p>Mit dieser wunderbar-abwechslungsreichen CD pr\u00e4sentiert das Label NEOS in gewohnt schicker Kartonierung einen Klavierkosmos, dessen durchgehend hohes Niveau seinesgleichen sucht.<\/p>\n<p>Torsten M\u00f6ller<\/p>\n<p>&nbsp;<\/p>\n<p><img data-recalc-dims=\"1\" decoding=\"async\" src=\"https:\/\/i0.wp.com\/neos-music.com\/wp-content\/uploads\/2023\/05\/logo_neue_musikzeitung.jpg?ssl=1\" alt=\"\" \/><\/p>\n<p>M\u00e4rz 2018<\/p>\n<p>Jan Philip Schulze hat mit kristalliner Sch\u00e4rfe Nikolaus Brass&#8216; komplettes Klavierwerk eingespielt, darunter so manches Kleinod kompositorischer Introvertiertheit. Die &#8222;St\u00fccke f\u00fcr leere H\u00e4nde \u2013 11 Benediktionen&#8220; (2011) beinhalten nur Splitter musikalischer Gestalten in losen Zusammenh\u00e4ngen, ein Mosaik aus fl\u00fcchtigen Klang-Zeichen. Kein Wort zu viel auch in den raumgreifenden 2dialoghi d&#8217;amore V&#8220; (2010\/11), kompositorische Kalligrafie, die ihren Vortragsanweisungen alle Ehre macht: &#8222;intim-sublim-schwebend&#8220;. &#8222;VOID&#8220; (1999) hingegen reflektiert Momente von Stillstand und Leere mit tr\u00fcbe schimmernder Chromatik und tr\u00e4gen Akkordrepetitionen, als w\u00e4re Morton Feldman zu Besuch.<\/p>\n<p>Dirk Wieschollek<\/p>\n<\/div>\n<\/td>\n<td><\/td>\n<\/tr>\n<\/tbody>\n<\/table>\n<p>&nbsp;<\/p>\n","protected":false},"excerpt":{"rendered":"<p>Programm: St\u00fccke f\u00fcr leere H\u00e4nde \u2013 11 Benediktionen\u00a0(2011)\u00a016:03 [01]\u00a0\u00a0Er\u00f6ffnung\u00a000:18 [02]\u00a01 Aria\u00a001:04 [03]\u00a02\u00a0 01:10 [04]\u00a03 schnell\u00a000:20 [05]\u00a04 Viertel = 72\u00a001:11 [06]\u00a05\u00a0 01:30 [07]\u00a06 Nachtst\u00fcck\u00a001:24 [08]\u00a07 Lachrymosa\u00a002:09 [09]\u00a08 maestoso\u00a001:55 [10]\u00a09 ruhig\u00a002:15 [11]\u00a010 Aria\u00a001:34 [12]\u00a011 schnell\u00a000:23 [13]\u00a0Schluss\u00a000:49 [14]\u00a0Lieder auf der Flucht \u2013 Klaviermusik II\u00a0(1983)\u00a015:45 [15]\u00a0VOID\u00a0(1999)\u00a014:09 [16]\u00a0Undine geht\u00a0(2014)\u00a007:46 Dialoghi d\u2019amore V\u00a0(2010\u2009\/\u20092011)\u00a025:58 [17]\u00a01 intim, still\u00a003:05 [18]\u00a02 sublim, ruhig, in der [&hellip;]<\/p>\n","protected":false},"featured_media":2716,"template":"","meta":{"site-sidebar-layout":"default","site-content-layout":"default","ast-site-content-layout":"default","site-content-style":"default","site-sidebar-style":"default","ast-global-header-display":"","ast-banner-title-visibility":"","ast-main-header-display":"","ast-hfb-above-header-display":"","ast-hfb-below-header-display":"","ast-hfb-mobile-header-display":"","site-post-title":"","ast-breadcrumbs-content":"","ast-featured-img":"","footer-sml-layout":"","theme-transparent-header-meta":"default","adv-header-id-meta":"","stick-header-meta":"","header-above-stick-meta":"","header-main-stick-meta":"","header-below-stick-meta":"","astra-migrate-meta-layouts":"default","ast-page-background-enabled":"default","ast-page-background-meta":{"desktop":{"background-color":"","background-image":"","background-repeat":"repeat","background-position":"center center","background-size":"auto","background-attachment":"scroll","background-type":"","background-media":"","overlay-type":"","overlay-color":"","overlay-opacity":"","overlay-gradient":""},"tablet":{"background-color":"","background-image":"","background-repeat":"repeat","background-position":"center center","background-size":"auto","background-attachment":"scroll","background-type":"","background-media":"","overlay-type":"","overlay-color":"","overlay-opacity":"","overlay-gradient":""},"mobile":{"background-color":"","background-image":"","background-repeat":"repeat","background-position":"center center","background-size":"auto","background-attachment":"scroll","background-type":"","background-media":"","overlay-type":"","overlay-color":"","overlay-opacity":"","overlay-gradient":""}},"ast-content-background-meta":{"desktop":{"background-color":"var(--ast-global-color-5)","background-image":"","background-repeat":"repeat","background-position":"center center","background-size":"auto","background-attachment":"scroll","background-type":"","background-media":"","overlay-type":"","overlay-color":"","overlay-opacity":"","overlay-gradient":""},"tablet":{"background-color":"var(--ast-global-color-5)","background-image":"","background-repeat":"repeat","background-position":"center center","background-size":"auto","background-attachment":"scroll","background-type":"","background-media":"","overlay-type":"","overlay-color":"","overlay-opacity":"","overlay-gradient":""},"mobile":{"background-color":"var(--ast-global-color-5)","background-image":"","background-repeat":"repeat","background-position":"center center","background-size":"auto","background-attachment":"scroll","background-type":"","background-media":"","overlay-type":"","overlay-color":"","overlay-opacity":"","overlay-gradient":""}}},"product_brand":[],"product_cat":[882,26],"product_tag":[],"class_list":{"0":"post-2715","1":"product","2":"type-product","3":"status-publish","4":"has-post-thumbnail","6":"product_cat-klavier","7":"product_cat-zeitgenossische-musik","8":"pa_artikelnummer-neos-11601","9":"pa_brand-neos-music","10":"pa_ean-276","11":"desktop-align-left","12":"tablet-align-left","13":"mobile-align-left","15":"first","16":"instock","17":"taxable","18":"shipping-taxable","19":"purchasable","20":"product-type-simple"},"yoast_head":"<!-- This site is optimized with the Yoast SEO plugin v27.3 - https:\/\/yoast.com\/product\/yoast-seo-wordpress\/ -->\n<title>Nikolaus Brass: Works for Piano Solo - NEOS Music<\/title>\n<meta name=\"robots\" content=\"index, follow, max-snippet:-1, max-image-preview:large, max-video-preview:-1\" \/>\n<link rel=\"canonical\" href=\"https:\/\/neos-music.com\/en_us\/product\/nikolaus-brass-works-for-piano-solo\/\" \/>\n<meta property=\"og:locale\" content=\"en_US\" \/>\n<meta property=\"og:type\" content=\"article\" \/>\n<meta property=\"og:title\" content=\"Nikolaus Brass: Works for Piano Solo - NEOS Music\" \/>\n<meta property=\"og:description\" content=\"Programm: St\u00fccke f\u00fcr leere H\u00e4nde \u2013 11 Benediktionen\u00a0(2011)\u00a016:03 [01]\u00a0\u00a0Er\u00f6ffnung\u00a000:18 [02]\u00a01 Aria\u00a001:04 [03]\u00a02\u00a0 01:10 [04]\u00a03 schnell\u00a000:20 [05]\u00a04 Viertel = 72\u00a001:11 [06]\u00a05\u00a0 01:30 [07]\u00a06 Nachtst\u00fcck\u00a001:24 [08]\u00a07 Lachrymosa\u00a002:09 [09]\u00a08 maestoso\u00a001:55 [10]\u00a09 ruhig\u00a002:15 [11]\u00a010 Aria\u00a001:34 [12]\u00a011 schnell\u00a000:23 [13]\u00a0Schluss\u00a000:49 [14]\u00a0Lieder auf der Flucht \u2013 Klaviermusik II\u00a0(1983)\u00a015:45 [15]\u00a0VOID\u00a0(1999)\u00a014:09 [16]\u00a0Undine geht\u00a0(2014)\u00a007:46 Dialoghi d\u2019amore V\u00a0(2010\u2009\/\u20092011)\u00a025:58 [17]\u00a01 intim, still\u00a003:05 [18]\u00a02 sublim, ruhig, in der [&hellip;]\" \/>\n<meta property=\"og:url\" content=\"https:\/\/neos-music.com\/en_us\/product\/nikolaus-brass-works-for-piano-solo\/\" \/>\n<meta property=\"og:site_name\" content=\"NEOS Music\" \/>\n<meta property=\"article:modified_time\" content=\"2023-05-22T22:33:55+00:00\" \/>\n<meta property=\"og:image\" content=\"https:\/\/neos-music.com\/wp-content\/uploads\/2022\/11\/NEOS_11601_Brass.jpeg\" \/>\n\t<meta property=\"og:image:width\" content=\"1647\" \/>\n\t<meta property=\"og:image:height\" content=\"1482\" \/>\n\t<meta property=\"og:image:type\" content=\"image\/jpeg\" \/>\n<meta name=\"twitter:card\" content=\"summary_large_image\" \/>\n<meta name=\"twitter:label1\" content=\"Est. reading time\" \/>\n\t<meta name=\"twitter:data1\" content=\"3 minutes\" \/>\n<script type=\"application\/ld+json\" class=\"yoast-schema-graph\">{\"@context\":\"https:\\\/\\\/schema.org\",\"@graph\":[{\"@type\":\"WebPage\",\"@id\":\"https:\\\/\\\/neos-music.com\\\/product\\\/nikolaus-brass-works-for-piano-solo\\\/\",\"url\":\"https:\\\/\\\/neos-music.com\\\/product\\\/nikolaus-brass-works-for-piano-solo\\\/\",\"name\":\"Nikolaus Brass: Works for Piano Solo - NEOS Music\",\"isPartOf\":{\"@id\":\"https:\\\/\\\/neos-music.com\\\/#website\"},\"primaryImageOfPage\":{\"@id\":\"https:\\\/\\\/neos-music.com\\\/product\\\/nikolaus-brass-works-for-piano-solo\\\/#primaryimage\"},\"image\":{\"@id\":\"https:\\\/\\\/neos-music.com\\\/product\\\/nikolaus-brass-works-for-piano-solo\\\/#primaryimage\"},\"thumbnailUrl\":\"https:\\\/\\\/i0.wp.com\\\/neos-music.com\\\/wp-content\\\/uploads\\\/2022\\\/11\\\/NEOS_11601_Brass.jpeg?fit=1647%2C1482&ssl=1\",\"datePublished\":\"2017-08-25T14:43:25+00:00\",\"dateModified\":\"2023-05-22T22:33:55+00:00\",\"breadcrumb\":{\"@id\":\"https:\\\/\\\/neos-music.com\\\/product\\\/nikolaus-brass-works-for-piano-solo\\\/#breadcrumb\"},\"inLanguage\":\"en-US\",\"potentialAction\":[{\"@type\":\"ReadAction\",\"target\":[\"https:\\\/\\\/neos-music.com\\\/product\\\/nikolaus-brass-works-for-piano-solo\\\/\"]}]},{\"@type\":\"ImageObject\",\"inLanguage\":\"en-US\",\"@id\":\"https:\\\/\\\/neos-music.com\\\/product\\\/nikolaus-brass-works-for-piano-solo\\\/#primaryimage\",\"url\":\"https:\\\/\\\/i0.wp.com\\\/neos-music.com\\\/wp-content\\\/uploads\\\/2022\\\/11\\\/NEOS_11601_Brass.jpeg?fit=1647%2C1482&ssl=1\",\"contentUrl\":\"https:\\\/\\\/i0.wp.com\\\/neos-music.com\\\/wp-content\\\/uploads\\\/2022\\\/11\\\/NEOS_11601_Brass.jpeg?fit=1647%2C1482&ssl=1\",\"width\":1647,\"height\":1482},{\"@type\":\"BreadcrumbList\",\"@id\":\"https:\\\/\\\/neos-music.com\\\/product\\\/nikolaus-brass-works-for-piano-solo\\\/#breadcrumb\",\"itemListElement\":[{\"@type\":\"ListItem\",\"position\":1,\"name\":\"Startseite\",\"item\":\"https:\\\/\\\/neos-music.com\\\/\"},{\"@type\":\"ListItem\",\"position\":2,\"name\":\"Produkte\",\"item\":\"https:\\\/\\\/neos-music.com\\\/shop__trashed\\\/\"},{\"@type\":\"ListItem\",\"position\":3,\"name\":\"Nikolaus Brass: Works for Piano Solo\"}]},{\"@type\":\"WebSite\",\"@id\":\"https:\\\/\\\/neos-music.com\\\/#website\",\"url\":\"https:\\\/\\\/neos-music.com\\\/\",\"name\":\"NEOS Music\",\"description\":\"Dein Online Shop f\u00fcr zeitgen\u00f6ssische Musik, Jazz und Classics!\",\"publisher\":{\"@id\":\"https:\\\/\\\/neos-music.com\\\/#organization\"},\"potentialAction\":[{\"@type\":\"SearchAction\",\"target\":{\"@type\":\"EntryPoint\",\"urlTemplate\":\"https:\\\/\\\/neos-music.com\\\/?s={search_term_string}\"},\"query-input\":{\"@type\":\"PropertyValueSpecification\",\"valueRequired\":true,\"valueName\":\"search_term_string\"}}],\"inLanguage\":\"en-US\"},{\"@type\":\"Organization\",\"@id\":\"https:\\\/\\\/neos-music.com\\\/#organization\",\"name\":\"NEOS Music\",\"url\":\"https:\\\/\\\/neos-music.com\\\/\",\"logo\":{\"@type\":\"ImageObject\",\"inLanguage\":\"en-US\",\"@id\":\"https:\\\/\\\/neos-music.com\\\/#\\\/schema\\\/logo\\\/image\\\/\",\"url\":\"https:\\\/\\\/i0.wp.com\\\/neos-music.com\\\/wp-content\\\/uploads\\\/2025\\\/08\\\/NEOS-Logo-weiss.png?fit=800%2C203&ssl=1\",\"contentUrl\":\"https:\\\/\\\/i0.wp.com\\\/neos-music.com\\\/wp-content\\\/uploads\\\/2025\\\/08\\\/NEOS-Logo-weiss.png?fit=800%2C203&ssl=1\",\"width\":800,\"height\":203,\"caption\":\"NEOS Music\"},\"image\":{\"@id\":\"https:\\\/\\\/neos-music.com\\\/#\\\/schema\\\/logo\\\/image\\\/\"}}]}<\/script>\n<!-- \/ Yoast SEO plugin. -->","yoast_head_json":{"title":"Nikolaus Brass: Works for Piano Solo - NEOS Music","robots":{"index":"index","follow":"follow","max-snippet":"max-snippet:-1","max-image-preview":"max-image-preview:large","max-video-preview":"max-video-preview:-1"},"canonical":"https:\/\/neos-music.com\/en_us\/product\/nikolaus-brass-works-for-piano-solo\/","og_locale":"en_US","og_type":"article","og_title":"Nikolaus Brass: Works for Piano Solo - NEOS Music","og_description":"Programm: St\u00fccke f\u00fcr leere H\u00e4nde \u2013 11 Benediktionen\u00a0(2011)\u00a016:03 [01]\u00a0\u00a0Er\u00f6ffnung\u00a000:18 [02]\u00a01 Aria\u00a001:04 [03]\u00a02\u00a0 01:10 [04]\u00a03 schnell\u00a000:20 [05]\u00a04 Viertel = 72\u00a001:11 [06]\u00a05\u00a0 01:30 [07]\u00a06 Nachtst\u00fcck\u00a001:24 [08]\u00a07 Lachrymosa\u00a002:09 [09]\u00a08 maestoso\u00a001:55 [10]\u00a09 ruhig\u00a002:15 [11]\u00a010 Aria\u00a001:34 [12]\u00a011 schnell\u00a000:23 [13]\u00a0Schluss\u00a000:49 [14]\u00a0Lieder auf der Flucht \u2013 Klaviermusik II\u00a0(1983)\u00a015:45 [15]\u00a0VOID\u00a0(1999)\u00a014:09 [16]\u00a0Undine geht\u00a0(2014)\u00a007:46 Dialoghi d\u2019amore V\u00a0(2010\u2009\/\u20092011)\u00a025:58 [17]\u00a01 intim, still\u00a003:05 [18]\u00a02 sublim, ruhig, in der [&hellip;]","og_url":"https:\/\/neos-music.com\/en_us\/product\/nikolaus-brass-works-for-piano-solo\/","og_site_name":"NEOS Music","article_modified_time":"2023-05-22T22:33:55+00:00","og_image":[{"width":1647,"height":1482,"url":"https:\/\/neos-music.com\/wp-content\/uploads\/2022\/11\/NEOS_11601_Brass.jpeg","type":"image\/jpeg"}],"twitter_card":"summary_large_image","twitter_misc":{"Est. reading time":"3 minutes"},"schema":{"@context":"https:\/\/schema.org","@graph":[{"@type":"WebPage","@id":"https:\/\/neos-music.com\/product\/nikolaus-brass-works-for-piano-solo\/","url":"https:\/\/neos-music.com\/product\/nikolaus-brass-works-for-piano-solo\/","name":"Nikolaus Brass: Works for Piano Solo - NEOS Music","isPartOf":{"@id":"https:\/\/neos-music.com\/#website"},"primaryImageOfPage":{"@id":"https:\/\/neos-music.com\/product\/nikolaus-brass-works-for-piano-solo\/#primaryimage"},"image":{"@id":"https:\/\/neos-music.com\/product\/nikolaus-brass-works-for-piano-solo\/#primaryimage"},"thumbnailUrl":"https:\/\/i0.wp.com\/neos-music.com\/wp-content\/uploads\/2022\/11\/NEOS_11601_Brass.jpeg?fit=1647%2C1482&ssl=1","datePublished":"2017-08-25T14:43:25+00:00","dateModified":"2023-05-22T22:33:55+00:00","breadcrumb":{"@id":"https:\/\/neos-music.com\/product\/nikolaus-brass-works-for-piano-solo\/#breadcrumb"},"inLanguage":"en-US","potentialAction":[{"@type":"ReadAction","target":["https:\/\/neos-music.com\/product\/nikolaus-brass-works-for-piano-solo\/"]}]},{"@type":"ImageObject","inLanguage":"en-US","@id":"https:\/\/neos-music.com\/product\/nikolaus-brass-works-for-piano-solo\/#primaryimage","url":"https:\/\/i0.wp.com\/neos-music.com\/wp-content\/uploads\/2022\/11\/NEOS_11601_Brass.jpeg?fit=1647%2C1482&ssl=1","contentUrl":"https:\/\/i0.wp.com\/neos-music.com\/wp-content\/uploads\/2022\/11\/NEOS_11601_Brass.jpeg?fit=1647%2C1482&ssl=1","width":1647,"height":1482},{"@type":"BreadcrumbList","@id":"https:\/\/neos-music.com\/product\/nikolaus-brass-works-for-piano-solo\/#breadcrumb","itemListElement":[{"@type":"ListItem","position":1,"name":"Startseite","item":"https:\/\/neos-music.com\/"},{"@type":"ListItem","position":2,"name":"Produkte","item":"https:\/\/neos-music.com\/shop__trashed\/"},{"@type":"ListItem","position":3,"name":"Nikolaus Brass: Works for Piano Solo"}]},{"@type":"WebSite","@id":"https:\/\/neos-music.com\/#website","url":"https:\/\/neos-music.com\/","name":"NEOS Music","description":"Dein Online Shop f\u00fcr zeitgen\u00f6ssische Musik, Jazz und Classics!","publisher":{"@id":"https:\/\/neos-music.com\/#organization"},"potentialAction":[{"@type":"SearchAction","target":{"@type":"EntryPoint","urlTemplate":"https:\/\/neos-music.com\/?s={search_term_string}"},"query-input":{"@type":"PropertyValueSpecification","valueRequired":true,"valueName":"search_term_string"}}],"inLanguage":"en-US"},{"@type":"Organization","@id":"https:\/\/neos-music.com\/#organization","name":"NEOS Music","url":"https:\/\/neos-music.com\/","logo":{"@type":"ImageObject","inLanguage":"en-US","@id":"https:\/\/neos-music.com\/#\/schema\/logo\/image\/","url":"https:\/\/i0.wp.com\/neos-music.com\/wp-content\/uploads\/2025\/08\/NEOS-Logo-weiss.png?fit=800%2C203&ssl=1","contentUrl":"https:\/\/i0.wp.com\/neos-music.com\/wp-content\/uploads\/2025\/08\/NEOS-Logo-weiss.png?fit=800%2C203&ssl=1","width":800,"height":203,"caption":"NEOS Music"},"image":{"@id":"https:\/\/neos-music.com\/#\/schema\/logo\/image\/"}}]}},"jetpack_sharing_enabled":true,"_links":{"self":[{"href":"https:\/\/neos-music.com\/en_us\/wp-json\/wp\/v2\/product\/2715","targetHints":{"allow":["GET"]}}],"collection":[{"href":"https:\/\/neos-music.com\/en_us\/wp-json\/wp\/v2\/product"}],"about":[{"href":"https:\/\/neos-music.com\/en_us\/wp-json\/wp\/v2\/types\/product"}],"version-history":[{"count":0,"href":"https:\/\/neos-music.com\/en_us\/wp-json\/wp\/v2\/product\/2715\/revisions"}],"wp:featuredmedia":[{"embeddable":true,"href":"https:\/\/neos-music.com\/en_us\/wp-json\/wp\/v2\/media\/2716"}],"wp:attachment":[{"href":"https:\/\/neos-music.com\/en_us\/wp-json\/wp\/v2\/media?parent=2715"}],"wp:term":[{"taxonomy":"product_brand","embeddable":true,"href":"https:\/\/neos-music.com\/en_us\/wp-json\/wp\/v2\/product_brand?post=2715"},{"taxonomy":"product_cat","embeddable":true,"href":"https:\/\/neos-music.com\/en_us\/wp-json\/wp\/v2\/product_cat?post=2715"},{"taxonomy":"product_tag","embeddable":true,"href":"https:\/\/neos-music.com\/en_us\/wp-json\/wp\/v2\/product_tag?post=2715"}],"curies":[{"name":"wp","href":"https:\/\/api.w.org\/{rel}","templated":true}]}}