{"id":2717,"date":"2017-08-21T14:45:18","date_gmt":"2017-08-21T14:45:18","guid":{"rendered":"https:\/\/neos-music.com\/?post_type=product&#038;p=2717"},"modified":"2023-05-22T22:34:46","modified_gmt":"2023-05-22T22:34:46","slug":"anders-eliasson-complete-works-for-piano-and-harpsichord","status":"publish","type":"product","link":"https:\/\/neos-music.com\/en_us\/product\/anders-eliasson-complete-works-for-piano-and-harpsichord\/","title":{"rendered":"Anders Eliasson: Complete Works for Piano and Harpsichord"},"content":{"rendered":"<p>Programm:<\/p>\n<p>[01]\u00a0<b>Versione<\/b>\u00a0f\u00fcr Soloklavier (1973)\u00a0<b>08:58<\/b><\/p>\n<p>[02]\u00a0<b>Disegno per pianoforte<\/b>\u00a0(1984)*<b>\u00a009:48<\/b><\/p>\n<p>[03]\u00a0<b>Disegno 2<\/b><b><\/b>\u00a0f\u00fcr Soloklavier (1987)\u00a0<b>04:55<\/b><\/p>\n<p>[04]\u00a0<b>Disegno 3 (Carosello<\/b><b><\/b>\u00a0f\u00fcr Soloklavier (2005)*\u00a0<b>08:13<\/b><\/p>\n<p>[05]\u00a0<b>Suolo<\/b><b><\/b>\u00a0f\u00fcr Soloklavier (1983)*\u00a0<b>15:01<\/b><\/p>\n<p>[06]\u00a0<b>Disegno per clavicembalo<\/b>\u00a0(1982)\u00a0<b>07:35<\/b><\/p>\n<p>&nbsp;<\/p>\n<p>total playing time: 55:05<\/p>\n<p><b><a class=\"arcoma_glossarylink\" href=\"https:\/\/neos-music.com\/output.php?content=Kuenstler\/Andreas_Skouras.php&amp;treplace=english%2Cgerman\" target=\"_self\" rel=\"noopener\">Andreas Skouras<\/a>,<\/b>\u00a0Klavier &amp; Cembalo<\/p>\n<p><i>* Ersteinspielungen<\/i><\/p>\n<p>Pressestimmen:<\/p>\n<p><img data-recalc-dims=\"1\" decoding=\"async\" src=\"https:\/\/i0.wp.com\/neos-music.com\/wp-content\/uploads\/2023\/05\/logo_FonoForum.gif?ssl=1\" alt=\"\" \/><\/p>\n<p>April 2018 | Dirk Wieschollek<\/p>\n<p>Der griechische Pianist Andreas Skouras hat ein H\u00e4ndchen f\u00fcr Ausgrabungen, auch was das skandinavische Repertoire betrifft. Nach der bemerkenswerten Aufnahme des wenig bekannten Klavierwerks von Kalevi Aho widmet er sich nun den pianistischen Eingebungen des Schweden Anders Eliasson (1947-2013) in einer Gesamteinspielung der Werke f\u00fcr Tasteninstrumente Solo. [&#8230;] Andreas Skouras pflegt bei Eliasson bisherige Tugenden: Er agiert rhythmisch \u00e4u\u00dferst pr\u00e4gnant, spielt mit skulpturaler Klangpr\u00e4senz und intellektueller Tiefensch\u00e4rfe gleicherma\u00dfen und macht aus diesem markanten Klavierwerk eine echte Entdeckung!<\/p>\n<p>&nbsp;<\/p>\n<p><b>The New Listener<\/b><\/p>\n<p>Dezember 2017,\u00a0<a class=\"arcoma_editor_link\" href=\"https:\/\/neos-music.com\/output.php?template=german-album-details.php&amp;content=Alben\/10831.php#\" target=\"_blank\" rel=\"noopener\">http:\/\/www.the-new-listener.de\/<\/a><\/p>\n<p>Anders Eliasson war einer der enorm bedeutenden, wenngleich nicht gerade einer der einflussreichsten Komponisten des 20. und 21. Jh. Nun fragt man sich: Wie kann einer bedeutend sein, wenn er nicht einflussreich war? Dabei ist die Musikgeschichte reich an \u201eF\u00e4llen\u201c wie diesem. Egal wohin man sieht: Anton Bruckner, Gustav Mahler, Franz Schubert und viele viele mehr \u2013 sie alle wurden zu Lebzeiten eher als musikalische Sonderlinge betrachtet, und ihre musikhistorische Bedeutung wurde erst Jahrzehnte nach ihrem Tod verstanden. Somit waren sie in der Nachschau sehr bedeutend, waren aber zu ihren Lebzeiten wenig einflussreich.<\/p>\n<p>Ebenso, davon bin nicht nur ich \u00fcberzeugt, wird es Anders Eliasson gehen. Schon jetzt, wenige Jahre nach dem tragischen Tod des schwedischen Komponisten, mehren sich die CD-Einspielungen seiner Werke, mehren sich die Stimmen derer, die Eliasson f\u00fcr eine der gro\u00dfen \u201eEntdeckungen\u201c in der Musik des letzten Jahrhunderts halten.<\/p>\n<p>Beim M\u00fcnchner Label NEOS ist nun eine faszinierende CD erschienen, die in Form von Eliassons Klavierwerk einen eigentlich optimalen Einstieg in das Werk des Schweden erlaubt. Eliasson war ein Komponist, der zwar auch f\u00fcr gro\u00dfe, ja, gigantische Besetzungen geschrieben hat. Doch seine musikalischen Keimzellen beruhen auf einem System, das im Grunde durch eine Reduktion musikalischer Querbez\u00fcge nach festgelegten Regeln eine erstaunliche, im besten Sinne unerh\u00f6rte harmonische Freiheit gibt, die ganz anders funktioniert als das System der Serialisten und Dodekaphonen aber ebenso modern, eigentlich wesentlich progressiver ist.<\/p>\n<p>Eliasson hat lediglich ein schmales \u0152uvre f\u00fcr Klavier und Cembalo hinterlassen, das bequem auf ein CD-Album passt. Die Auseinandersetzung mit dieser \u201eMusik im kinetischen Schwebezustand\u201c, wie der Booklettext sehr eindr\u00fccklich formuliert, wird jedoch lang anhaltend sein. Traditionelle Formen sucht man in Eliassons Klavierschaffen vergebens. Stattdessen gruppierte der Komponist seine Klavierwerke \u00fcberwiegend in von ihm so benannte \u201eDisegnos\u201c (\u201eZeichnungen\u201c). Da kommen vom Titel her erst einmal Erinnerungen an Debussys \u201eImages\u201c auf. Doch die musikalische Wirkung ist ganz anders. Konnte man Debussys \u201eImages\u201c einerseits in Anlehnung an die impressionistischen Maler verstehen und hatte der Komponist andererseits unverhohlen programmatische Titel vergeben, betont der Begriff \u201eDisegno\u201c im Werk Eliassons eher eine Art von Skizzenhaftigkeit. Das wiederum soll nicht bedeuten, dass es sich um musikalische Skizzen, gewisserma\u00dfen nicht auskomponierte Werke, handeln w\u00fcrde. Es ist vielmehr ein klanglicher Eindruck. W\u00e4hrend man sich Debussys Musik als \u00d6lgem\u00e4lde vorstellt, ist Eliassons Klavierschaffen eher eine kunstvoll reduzierte Kohlezeichnung auf B\u00fcttenpapier.<\/p>\n<p>Andreas Skouras, der Pianist dieser Aufnahme, ist neben seiner Bet\u00e4tigung im Bereich des sogenannten Standardrepertoires ein ausgesprochener Fachmann f\u00fcr Neue Musik und ein begehrter Urauff\u00fchrungspianist, der schon Werke von u.a. Wuorinen, Bolcom und Eliasson aus der Taufe hob. Auf CD legte er u.a. Einspielungen der Musik von Neut\u00f6nern wie Isang Yun, Bernd Alois Zimmermann oder Kalevi Aho vor, und bewies dadurch Geschmack.<\/p>\n<p>Vorliegende, in einer leider etwas k\u00fchl und vor allem zu d\u00fcnn klingenden Akustik eingefangene Aufnahme (der Kammermusiksaal des Deutschlandfunks hat auf anderen Aufnahmen schon einmal besser geklungen, muss man leider sagen) ist ein wichtiger Beitrag zur Neuen Musik und eine bedeutende Repertoireerweiterung. Ob Skouras auch immer den richtigen Zugriff zur Musik findet, da bin ich mir hingegen nicht immer sicher. Gerade die zweifellos vorhandenen lyrischen Aspekte in Eliassons Musik und die dynamischen Abstufungen w\u00fcrde zumindest ich mir feiner (darf man sagen: empfundener?) w\u00fcnschen.<\/p>\n<p>[Grete Catus]<\/p>\n","protected":false},"excerpt":{"rendered":"<p>Programm: [01]\u00a0Versione\u00a0f\u00fcr Soloklavier (1973)\u00a008:58 [02]\u00a0Disegno per pianoforte\u00a0(1984)*\u00a009:48 [03]\u00a0Disegno 2\u00a0f\u00fcr Soloklavier (1987)\u00a004:55 [04]\u00a0Disegno 3 (Carosello\u00a0f\u00fcr Soloklavier (2005)*\u00a008:13 [05]\u00a0Suolo\u00a0f\u00fcr Soloklavier (1983)*\u00a015:01 [06]\u00a0Disegno per clavicembalo\u00a0(1982)\u00a007:35 &nbsp; total playing time: 55:05 Andreas Skouras,\u00a0Klavier &amp; Cembalo * Ersteinspielungen Pressestimmen: April 2018 | Dirk Wieschollek Der griechische Pianist Andreas Skouras hat ein H\u00e4ndchen f\u00fcr Ausgrabungen, auch was das skandinavische Repertoire betrifft. [&hellip;]<\/p>\n","protected":false},"featured_media":2718,"template":"","meta":{"site-sidebar-layout":"default","site-content-layout":"default","ast-site-content-layout":"default","site-content-style":"default","site-sidebar-style":"default","ast-global-header-display":"","ast-banner-title-visibility":"","ast-main-header-display":"","ast-hfb-above-header-display":"","ast-hfb-below-header-display":"","ast-hfb-mobile-header-display":"","site-post-title":"","ast-breadcrumbs-content":"","ast-featured-img":"","footer-sml-layout":"","theme-transparent-header-meta":"default","adv-header-id-meta":"","stick-header-meta":"","header-above-stick-meta":"","header-main-stick-meta":"","header-below-stick-meta":"","astra-migrate-meta-layouts":"default","ast-page-background-enabled":"default","ast-page-background-meta":{"desktop":{"background-color":"","background-image":"","background-repeat":"repeat","background-position":"center center","background-size":"auto","background-attachment":"scroll","background-type":"","background-media":"","overlay-type":"","overlay-color":"","overlay-opacity":"","overlay-gradient":""},"tablet":{"background-color":"","background-image":"","background-repeat":"repeat","background-position":"center center","background-size":"auto","background-attachment":"scroll","background-type":"","background-media":"","overlay-type":"","overlay-color":"","overlay-opacity":"","overlay-gradient":""},"mobile":{"background-color":"","background-image":"","background-repeat":"repeat","background-position":"center center","background-size":"auto","background-attachment":"scroll","background-type":"","background-media":"","overlay-type":"","overlay-color":"","overlay-opacity":"","overlay-gradient":""}},"ast-content-background-meta":{"desktop":{"background-color":"var(--ast-global-color-5)","background-image":"","background-repeat":"repeat","background-position":"center center","background-size":"auto","background-attachment":"scroll","background-type":"","background-media":"","overlay-type":"","overlay-color":"","overlay-opacity":"","overlay-gradient":""},"tablet":{"background-color":"var(--ast-global-color-5)","background-image":"","background-repeat":"repeat","background-position":"center center","background-size":"auto","background-attachment":"scroll","background-type":"","background-media":"","overlay-type":"","overlay-color":"","overlay-opacity":"","overlay-gradient":""},"mobile":{"background-color":"var(--ast-global-color-5)","background-image":"","background-repeat":"repeat","background-position":"center center","background-size":"auto","background-attachment":"scroll","background-type":"","background-media":"","overlay-type":"","overlay-color":"","overlay-opacity":"","overlay-gradient":""}}},"product_brand":[],"product_cat":[882,26],"product_tag":[],"class_list":{"0":"post-2717","1":"product","2":"type-product","3":"status-publish","4":"has-post-thumbnail","6":"product_cat-klavier","7":"product_cat-zeitgenossische-musik","8":"pa_artikelnummer-neos-10831","9":"pa_brand-neos-music","10":"pa_ean-278","11":"desktop-align-left","12":"tablet-align-left","13":"mobile-align-left","15":"first","16":"instock","17":"taxable","18":"shipping-taxable","19":"purchasable","20":"product-type-simple"},"yoast_head":"<!-- This site is optimized with the Yoast SEO plugin v27.4 - https:\/\/yoast.com\/product\/yoast-seo-wordpress\/ -->\n<title>Anders Eliasson: Complete Works for Piano and Harpsichord - NEOS Music<\/title>\n<meta name=\"robots\" content=\"index, follow, max-snippet:-1, max-image-preview:large, max-video-preview:-1\" \/>\n<link rel=\"canonical\" href=\"https:\/\/neos-music.com\/en_us\/product\/anders-eliasson-complete-works-for-piano-and-harpsichord\/\" \/>\n<meta property=\"og:locale\" content=\"en_US\" \/>\n<meta property=\"og:type\" content=\"article\" \/>\n<meta property=\"og:title\" content=\"Anders Eliasson: Complete Works for Piano and Harpsichord - NEOS Music\" \/>\n<meta property=\"og:description\" content=\"Programm: [01]\u00a0Versione\u00a0f\u00fcr Soloklavier (1973)\u00a008:58 [02]\u00a0Disegno per pianoforte\u00a0(1984)*\u00a009:48 [03]\u00a0Disegno 2\u00a0f\u00fcr Soloklavier (1987)\u00a004:55 [04]\u00a0Disegno 3 (Carosello\u00a0f\u00fcr Soloklavier (2005)*\u00a008:13 [05]\u00a0Suolo\u00a0f\u00fcr Soloklavier (1983)*\u00a015:01 [06]\u00a0Disegno per clavicembalo\u00a0(1982)\u00a007:35 &nbsp; total playing time: 55:05 Andreas Skouras,\u00a0Klavier &amp; Cembalo * Ersteinspielungen Pressestimmen: April 2018 | Dirk Wieschollek Der griechische Pianist Andreas Skouras hat ein H\u00e4ndchen f\u00fcr Ausgrabungen, auch was das skandinavische Repertoire betrifft. [&hellip;]\" \/>\n<meta property=\"og:url\" content=\"https:\/\/neos-music.com\/en_us\/product\/anders-eliasson-complete-works-for-piano-and-harpsichord\/\" \/>\n<meta property=\"og:site_name\" content=\"NEOS Music\" \/>\n<meta property=\"article:modified_time\" content=\"2023-05-22T22:34:46+00:00\" \/>\n<meta property=\"og:image\" content=\"https:\/\/neos-music.com\/wp-content\/uploads\/2022\/11\/NEOS_10831_Eliasson.jpeg\" \/>\n\t<meta property=\"og:image:width\" content=\"1648\" \/>\n\t<meta property=\"og:image:height\" content=\"1484\" \/>\n\t<meta property=\"og:image:type\" content=\"image\/jpeg\" \/>\n<meta name=\"twitter:card\" content=\"summary_large_image\" \/>\n<meta name=\"twitter:label1\" content=\"Est. reading time\" \/>\n\t<meta name=\"twitter:data1\" content=\"4 minutes\" \/>\n<script type=\"application\/ld+json\" class=\"yoast-schema-graph\">{\"@context\":\"https:\\\/\\\/schema.org\",\"@graph\":[{\"@type\":\"WebPage\",\"@id\":\"https:\\\/\\\/neos-music.com\\\/product\\\/anders-eliasson-complete-works-for-piano-and-harpsichord\\\/\",\"url\":\"https:\\\/\\\/neos-music.com\\\/product\\\/anders-eliasson-complete-works-for-piano-and-harpsichord\\\/\",\"name\":\"Anders Eliasson: Complete Works for Piano and Harpsichord - NEOS Music\",\"isPartOf\":{\"@id\":\"https:\\\/\\\/neos-music.com\\\/#website\"},\"primaryImageOfPage\":{\"@id\":\"https:\\\/\\\/neos-music.com\\\/product\\\/anders-eliasson-complete-works-for-piano-and-harpsichord\\\/#primaryimage\"},\"image\":{\"@id\":\"https:\\\/\\\/neos-music.com\\\/product\\\/anders-eliasson-complete-works-for-piano-and-harpsichord\\\/#primaryimage\"},\"thumbnailUrl\":\"https:\\\/\\\/i0.wp.com\\\/neos-music.com\\\/wp-content\\\/uploads\\\/2022\\\/11\\\/NEOS_10831_Eliasson.jpeg?fit=1648%2C1484&ssl=1\",\"datePublished\":\"2017-08-21T14:45:18+00:00\",\"dateModified\":\"2023-05-22T22:34:46+00:00\",\"breadcrumb\":{\"@id\":\"https:\\\/\\\/neos-music.com\\\/product\\\/anders-eliasson-complete-works-for-piano-and-harpsichord\\\/#breadcrumb\"},\"inLanguage\":\"en-US\",\"potentialAction\":[{\"@type\":\"ReadAction\",\"target\":[\"https:\\\/\\\/neos-music.com\\\/product\\\/anders-eliasson-complete-works-for-piano-and-harpsichord\\\/\"]}]},{\"@type\":\"ImageObject\",\"inLanguage\":\"en-US\",\"@id\":\"https:\\\/\\\/neos-music.com\\\/product\\\/anders-eliasson-complete-works-for-piano-and-harpsichord\\\/#primaryimage\",\"url\":\"https:\\\/\\\/i0.wp.com\\\/neos-music.com\\\/wp-content\\\/uploads\\\/2022\\\/11\\\/NEOS_10831_Eliasson.jpeg?fit=1648%2C1484&ssl=1\",\"contentUrl\":\"https:\\\/\\\/i0.wp.com\\\/neos-music.com\\\/wp-content\\\/uploads\\\/2022\\\/11\\\/NEOS_10831_Eliasson.jpeg?fit=1648%2C1484&ssl=1\",\"width\":1648,\"height\":1484},{\"@type\":\"BreadcrumbList\",\"@id\":\"https:\\\/\\\/neos-music.com\\\/product\\\/anders-eliasson-complete-works-for-piano-and-harpsichord\\\/#breadcrumb\",\"itemListElement\":[{\"@type\":\"ListItem\",\"position\":1,\"name\":\"Startseite\",\"item\":\"https:\\\/\\\/neos-music.com\\\/\"},{\"@type\":\"ListItem\",\"position\":2,\"name\":\"Produkte\",\"item\":\"https:\\\/\\\/neos-music.com\\\/shop__trashed\\\/\"},{\"@type\":\"ListItem\",\"position\":3,\"name\":\"Anders Eliasson: Complete Works for Piano and Harpsichord\"}]},{\"@type\":\"WebSite\",\"@id\":\"https:\\\/\\\/neos-music.com\\\/#website\",\"url\":\"https:\\\/\\\/neos-music.com\\\/\",\"name\":\"NEOS Music\",\"description\":\"Dein Online Shop f\u00fcr zeitgen\u00f6ssische Musik, Jazz und Classics!\",\"publisher\":{\"@id\":\"https:\\\/\\\/neos-music.com\\\/#organization\"},\"potentialAction\":[{\"@type\":\"SearchAction\",\"target\":{\"@type\":\"EntryPoint\",\"urlTemplate\":\"https:\\\/\\\/neos-music.com\\\/?s={search_term_string}\"},\"query-input\":{\"@type\":\"PropertyValueSpecification\",\"valueRequired\":true,\"valueName\":\"search_term_string\"}}],\"inLanguage\":\"en-US\"},{\"@type\":\"Organization\",\"@id\":\"https:\\\/\\\/neos-music.com\\\/#organization\",\"name\":\"NEOS Music\",\"url\":\"https:\\\/\\\/neos-music.com\\\/\",\"logo\":{\"@type\":\"ImageObject\",\"inLanguage\":\"en-US\",\"@id\":\"https:\\\/\\\/neos-music.com\\\/#\\\/schema\\\/logo\\\/image\\\/\",\"url\":\"https:\\\/\\\/i0.wp.com\\\/neos-music.com\\\/wp-content\\\/uploads\\\/2025\\\/08\\\/NEOS-Logo-weiss.png?fit=800%2C203&ssl=1\",\"contentUrl\":\"https:\\\/\\\/i0.wp.com\\\/neos-music.com\\\/wp-content\\\/uploads\\\/2025\\\/08\\\/NEOS-Logo-weiss.png?fit=800%2C203&ssl=1\",\"width\":800,\"height\":203,\"caption\":\"NEOS Music\"},\"image\":{\"@id\":\"https:\\\/\\\/neos-music.com\\\/#\\\/schema\\\/logo\\\/image\\\/\"}}]}<\/script>\n<!-- \/ Yoast SEO plugin. -->","yoast_head_json":{"title":"Anders Eliasson: Complete Works for Piano and Harpsichord - NEOS Music","robots":{"index":"index","follow":"follow","max-snippet":"max-snippet:-1","max-image-preview":"max-image-preview:large","max-video-preview":"max-video-preview:-1"},"canonical":"https:\/\/neos-music.com\/en_us\/product\/anders-eliasson-complete-works-for-piano-and-harpsichord\/","og_locale":"en_US","og_type":"article","og_title":"Anders Eliasson: Complete Works for Piano and Harpsichord - NEOS Music","og_description":"Programm: [01]\u00a0Versione\u00a0f\u00fcr Soloklavier (1973)\u00a008:58 [02]\u00a0Disegno per pianoforte\u00a0(1984)*\u00a009:48 [03]\u00a0Disegno 2\u00a0f\u00fcr Soloklavier (1987)\u00a004:55 [04]\u00a0Disegno 3 (Carosello\u00a0f\u00fcr Soloklavier (2005)*\u00a008:13 [05]\u00a0Suolo\u00a0f\u00fcr Soloklavier (1983)*\u00a015:01 [06]\u00a0Disegno per clavicembalo\u00a0(1982)\u00a007:35 &nbsp; total playing time: 55:05 Andreas Skouras,\u00a0Klavier &amp; Cembalo * Ersteinspielungen Pressestimmen: April 2018 | Dirk Wieschollek Der griechische Pianist Andreas Skouras hat ein H\u00e4ndchen f\u00fcr Ausgrabungen, auch was das skandinavische Repertoire betrifft. [&hellip;]","og_url":"https:\/\/neos-music.com\/en_us\/product\/anders-eliasson-complete-works-for-piano-and-harpsichord\/","og_site_name":"NEOS Music","article_modified_time":"2023-05-22T22:34:46+00:00","og_image":[{"width":1648,"height":1484,"url":"https:\/\/neos-music.com\/wp-content\/uploads\/2022\/11\/NEOS_10831_Eliasson.jpeg","type":"image\/jpeg"}],"twitter_card":"summary_large_image","twitter_misc":{"Est. reading time":"4 minutes"},"schema":{"@context":"https:\/\/schema.org","@graph":[{"@type":"WebPage","@id":"https:\/\/neos-music.com\/product\/anders-eliasson-complete-works-for-piano-and-harpsichord\/","url":"https:\/\/neos-music.com\/product\/anders-eliasson-complete-works-for-piano-and-harpsichord\/","name":"Anders Eliasson: Complete Works for Piano and Harpsichord - NEOS Music","isPartOf":{"@id":"https:\/\/neos-music.com\/#website"},"primaryImageOfPage":{"@id":"https:\/\/neos-music.com\/product\/anders-eliasson-complete-works-for-piano-and-harpsichord\/#primaryimage"},"image":{"@id":"https:\/\/neos-music.com\/product\/anders-eliasson-complete-works-for-piano-and-harpsichord\/#primaryimage"},"thumbnailUrl":"https:\/\/i0.wp.com\/neos-music.com\/wp-content\/uploads\/2022\/11\/NEOS_10831_Eliasson.jpeg?fit=1648%2C1484&ssl=1","datePublished":"2017-08-21T14:45:18+00:00","dateModified":"2023-05-22T22:34:46+00:00","breadcrumb":{"@id":"https:\/\/neos-music.com\/product\/anders-eliasson-complete-works-for-piano-and-harpsichord\/#breadcrumb"},"inLanguage":"en-US","potentialAction":[{"@type":"ReadAction","target":["https:\/\/neos-music.com\/product\/anders-eliasson-complete-works-for-piano-and-harpsichord\/"]}]},{"@type":"ImageObject","inLanguage":"en-US","@id":"https:\/\/neos-music.com\/product\/anders-eliasson-complete-works-for-piano-and-harpsichord\/#primaryimage","url":"https:\/\/i0.wp.com\/neos-music.com\/wp-content\/uploads\/2022\/11\/NEOS_10831_Eliasson.jpeg?fit=1648%2C1484&ssl=1","contentUrl":"https:\/\/i0.wp.com\/neos-music.com\/wp-content\/uploads\/2022\/11\/NEOS_10831_Eliasson.jpeg?fit=1648%2C1484&ssl=1","width":1648,"height":1484},{"@type":"BreadcrumbList","@id":"https:\/\/neos-music.com\/product\/anders-eliasson-complete-works-for-piano-and-harpsichord\/#breadcrumb","itemListElement":[{"@type":"ListItem","position":1,"name":"Startseite","item":"https:\/\/neos-music.com\/"},{"@type":"ListItem","position":2,"name":"Produkte","item":"https:\/\/neos-music.com\/shop__trashed\/"},{"@type":"ListItem","position":3,"name":"Anders Eliasson: Complete Works for Piano and Harpsichord"}]},{"@type":"WebSite","@id":"https:\/\/neos-music.com\/#website","url":"https:\/\/neos-music.com\/","name":"NEOS Music","description":"Dein Online Shop f\u00fcr zeitgen\u00f6ssische Musik, Jazz und Classics!","publisher":{"@id":"https:\/\/neos-music.com\/#organization"},"potentialAction":[{"@type":"SearchAction","target":{"@type":"EntryPoint","urlTemplate":"https:\/\/neos-music.com\/?s={search_term_string}"},"query-input":{"@type":"PropertyValueSpecification","valueRequired":true,"valueName":"search_term_string"}}],"inLanguage":"en-US"},{"@type":"Organization","@id":"https:\/\/neos-music.com\/#organization","name":"NEOS Music","url":"https:\/\/neos-music.com\/","logo":{"@type":"ImageObject","inLanguage":"en-US","@id":"https:\/\/neos-music.com\/#\/schema\/logo\/image\/","url":"https:\/\/i0.wp.com\/neos-music.com\/wp-content\/uploads\/2025\/08\/NEOS-Logo-weiss.png?fit=800%2C203&ssl=1","contentUrl":"https:\/\/i0.wp.com\/neos-music.com\/wp-content\/uploads\/2025\/08\/NEOS-Logo-weiss.png?fit=800%2C203&ssl=1","width":800,"height":203,"caption":"NEOS Music"},"image":{"@id":"https:\/\/neos-music.com\/#\/schema\/logo\/image\/"}}]}},"jetpack_sharing_enabled":true,"_links":{"self":[{"href":"https:\/\/neos-music.com\/en_us\/wp-json\/wp\/v2\/product\/2717","targetHints":{"allow":["GET"]}}],"collection":[{"href":"https:\/\/neos-music.com\/en_us\/wp-json\/wp\/v2\/product"}],"about":[{"href":"https:\/\/neos-music.com\/en_us\/wp-json\/wp\/v2\/types\/product"}],"version-history":[{"count":0,"href":"https:\/\/neos-music.com\/en_us\/wp-json\/wp\/v2\/product\/2717\/revisions"}],"wp:featuredmedia":[{"embeddable":true,"href":"https:\/\/neos-music.com\/en_us\/wp-json\/wp\/v2\/media\/2718"}],"wp:attachment":[{"href":"https:\/\/neos-music.com\/en_us\/wp-json\/wp\/v2\/media?parent=2717"}],"wp:term":[{"taxonomy":"product_brand","embeddable":true,"href":"https:\/\/neos-music.com\/en_us\/wp-json\/wp\/v2\/product_brand?post=2717"},{"taxonomy":"product_cat","embeddable":true,"href":"https:\/\/neos-music.com\/en_us\/wp-json\/wp\/v2\/product_cat?post=2717"},{"taxonomy":"product_tag","embeddable":true,"href":"https:\/\/neos-music.com\/en_us\/wp-json\/wp\/v2\/product_tag?post=2717"}],"curies":[{"name":"wp","href":"https:\/\/api.w.org\/{rel}","templated":true}]}}