{"id":2719,"date":"2017-08-12T14:47:02","date_gmt":"2017-08-12T14:47:02","guid":{"rendered":"https:\/\/neos-music.com\/?post_type=product&#038;p=2719"},"modified":"2023-05-22T22:36:03","modified_gmt":"2023-05-22T22:36:03","slug":"das-klarinettenduo-beate-zelinsky-david-smeyers-atli-ingolfsson-adriana-hoelszky-nikolaus-brass","status":"publish","type":"product","link":"https:\/\/neos-music.com\/en_us\/product\/das-klarinettenduo-beate-zelinsky-david-smeyers-atli-ingolfsson-adriana-hoelszky-nikolaus-brass\/","title":{"rendered":"Das Klarinettenduo Beate Zelinsky | David Smeyers: Atli Ing\u00f3lfsson, Adriana H\u00f6lszky, Nikolaus Brass"},"content":{"rendered":"<p>Programm:<\/p>\n<table border=\"0\" width=\"100%\" rules=\"none\" cellspacing=\"0\" cellpadding=\"0\">\n<tbody>\n<tr>\n<td class=\"bigcontent2\">\n<div id=\"tracks\">\n<p><b>Atli Ing\u00f3lfsson<\/b>\u00a0(*1962)<\/p>\n<p>[01]\u00a0<b>Orgoras Speaks<\/b>\u00a0f\u00fcr zwei Klarinettisten und Ensemble (2009)\u00a0<b>11:51<\/b><\/p>\n<p><a class=\"arcoma_glossarylink\" href=\"https:\/\/neos-music.com\/output.php?content=Kuenstler\/Das_Klarinettenduo_ZelinskyundNr8201_undNr8201_Smeyers.php&amp;treplace=english%2Cgerman\" target=\"_self\" rel=\"noopener\">Das Klarinettenduo Beate Zelinsky | David Smeyers<\/a><br \/>\nCaput Ensemble<br \/>\nGu\u00f0ni Franzson, Dirigent<\/p>\n<p>&nbsp;<\/p>\n<p><b><a class=\"arcoma_glossarylink\" href=\"https:\/\/neos-music.com\/output.php?content=Kuenstler\/Hoelszky_Adriana.php&amp;treplace=english%2Cgerman\" target=\"_self\" rel=\"noopener\">Adriana H\u00f6lszky<\/a><\/b>\u00a0(*1953)<\/p>\n<p>[02]\u00a0<b>Flugman\u00f6ver<\/b>\u00a0f\u00fcr zwei Klarinetten und Orchester(2006)\u00a0<b>15:40<\/b><br \/>\n<i>Live-Aufnahme der Welturauff\u00fchrung, Donaueschinger Musiktage 2006<\/i><\/p>\n<p><a class=\"arcoma_glossarylink\" href=\"https:\/\/neos-music.com\/output.php?content=Kuenstler\/Das_Klarinettenduo_ZelinskyundNr8201_undNr8201_Smeyers.php&amp;treplace=english%2Cgerman\" target=\"_self\" rel=\"noopener\">Das Klarinettenduo Beate Zelinsky | David Smeyers<\/a><br \/>\nSWR Sinfonieorchester Baden-Baden und Freiburg<br \/>\n<a class=\"arcoma_glossarylink\" href=\"https:\/\/neos-music.com\/output.php?content=Kuenstler\/Tamayo_Arturo.php&amp;treplace=english%2Cgerman\" target=\"_self\" rel=\"noopener\">Arturo Tamayo<\/a>, Dirigent<\/p>\n<p>&nbsp;<\/p>\n<p><b><a class=\"arcoma_glossarylink\" href=\"https:\/\/neos-music.com\/output.php?content=Kuenstler\/Nikolaus_Brass.php&amp;treplace=english%2Cgerman\" target=\"_self\" rel=\"noopener\">Nikolaus Brass<\/a><\/b>\u00a0(*1949)<\/p>\n<p>[03]\u00a0<b>Zeit im Grund<\/b>\u00a0Konzert f\u00fcr zwei Klarinetten und Streicher\u00a0(2008)\u00a0<b>37:41<\/b><\/p>\n<p><a class=\"arcoma_glossarylink\" href=\"https:\/\/neos-music.com\/output.php?content=Kuenstler\/Das_Klarinettenduo_ZelinskyundNr8201_undNr8201_Smeyers.php&amp;treplace=english%2Cgerman\" target=\"_self\" rel=\"noopener\">Das Klarinettenduo Beate Zelinsky | David Smeyers<\/a><br \/>\n<a class=\"arcoma_glossarylink\" href=\"https:\/\/neos-music.com\/output.php?content=Kuenstler\/Muenchener_Kammerorchester.php&amp;treplace=english%2Cgerman\" target=\"_self\" rel=\"noopener\">M\u00fcnchener Kammerorchester<\/a><br \/>\n<a class=\"arcoma_glossarylink\" href=\"https:\/\/neos-music.com\/output.php?content=Kuenstler\/Liebreich_Alexander.php&amp;treplace=english%2Cgerman\" target=\"_self\" rel=\"noopener\">Alexander Liebreich<\/a>, Dirigent<\/p>\n<p>&nbsp;<\/p>\n<p>Gesamtspielzeit: 65:12<\/p>\n<p>&nbsp;<\/p>\n<p><i>Alle Werke auf dieser CD wurden f\u00fcr Beate Zelinsky und David Smeyers komponiert, sind ihnen gewidmet und wurden von ihnen uraufgef\u00fchrt.<\/i><\/p>\n<\/div>\n<\/td>\n<td><\/td>\n<\/tr>\n<\/tbody>\n<\/table>\n<p>Pressestimmen:<\/p>\n<table border=\"0\" width=\"100%\" rules=\"none\" cellspacing=\"0\" cellpadding=\"0\">\n<tbody>\n<tr>\n<td class=\"bigcontent2\">\n<div id=\"press\">\n<p><img data-recalc-dims=\"1\" decoding=\"async\" src=\"https:\/\/i0.wp.com\/neos-music.com\/wp-content\/uploads\/2023\/05\/logo_theclarinetonline.jpg?ssl=1\" alt=\"\" \/><\/p>\n<p>December 2018, by Derek Emch<\/p>\n<p>This album by Beate Zelinsky and David Smeyers, together known as Das Klarinettenduo, is a challenging yet rewarding collection of three double concertos that explore the possibilities of spectralism in concert works for clarinet. Accompanying the recording is a wonderfully detailed collection of liner notes written by Ingo Dorfm\u00fcller in German, English and French. (&#8230;) Concluding the album is a 37-minute double concerto by Nikolaus Brass titled Zeit im Grund (Time Grounded). As is implied by the title, this work explores temporal flow within music as it relates to motivic repetition and development. Brass\u2019s selected motives have been stripped bare: single repeated pitches, a repeated leap of a seventh, and clashing minor seconds between the basset horn and bass clarinet of Zelinsky and Smeyers. Slowly, these simple motives swirl and circle around each other, combine, break up and reform. (&#8230;) In sum, this is a well-executed album, with a diverse yet complementary selection of spectral repertoire and informative liner notes, which should be most helpful to those who are interested in spectral music for clarinet but may be unsure where to begin.<\/p>\n<p><a class=\"arcoma_editor_link\" href=\"https:\/\/neos-music.com\/output.php?template=german-album-details.php&amp;content=Alben\/11718.php#\" target=\"_blank\" rel=\"noopener\">read the full article here<\/a><\/p>\n<p>&nbsp;<\/p>\n<p><img data-recalc-dims=\"1\" decoding=\"async\" src=\"https:\/\/i0.wp.com\/neos-music.com\/wp-content\/uploads\/2023\/05\/klassikcom.gif?ssl=1\" alt=\"\" \/><\/p>\n<p>von Prof. Dr. Stefan Drees, 23.3.2018<\/p>\n<p>Den H\u00f6hepunkt der Ver\u00f6ffentlichung bildet das Doppelkonzert &#8218;Zeit im Grund&#8216; f\u00fcr zwei Klarinetten und Streicher (2008) von Nikolaus Brass, dessen auf 38 Minuten gedehnter Verlauf in der Wiedergabe mit dem M\u00fcnchener Kammerorchester unter Leitung von Alexander Liebreich \u00fcberraschend kurzweilig wirkt. [&#8230;] Insgesamt \u00fcberrascht die CD durch einen abwechslungsreichen Umgang mit der kompositorischen Problemstellung, dem solitisch agierenden Klarinettenduo ein ausgedehnteres Musikerkollektiv gegen\u00fcberzustellen. Zelinsky und Smeyers erwiesen sich den ihnen anvertrauten Aufgabenstellung in allen drei F\u00e4llen gewachsen und tragen mit ihrem facettenreichen Zugang zu den Werken zur rundum gelungenen Konzeption dieses Portr\u00e4ts bei. Und schlie\u00dflich erm\u00f6glichen die drei kurzen, jeweils mit einer Abbildung von Partiturseiten oder Skizzen versehenen Einf\u00fchrungstexte im Booklet einen sehr guten Einstieg in die \u00e4sthetisch so unterschiedlichen Welten von Ing\u00f3lfsson, H\u00f6lszky und Brass.<\/p>\n<p>Lesen sie die vollst\u00e4ndige Rezension\u00a0<a class=\"arcoma_editor_link\" href=\"https:\/\/neos-music.com\/output.php?template=german-album-details.php&amp;content=Alben\/11718.php#\" target=\"_blank\" rel=\"noopener\">hier.<\/a><\/p>\n<p>&nbsp;<\/p>\n<p><img data-recalc-dims=\"1\" decoding=\"async\" src=\"https:\/\/i0.wp.com\/neos-music.com\/wp-content\/uploads\/2023\/05\/logo_FonoForum.gif?ssl=1\" alt=\"\" \/><\/p>\n<p>Feb. 2018<\/p>\n<p>(&#8230;) Auch Adriana H\u00f6lszkys &#8222;Flugman\u00e4ver&#8220; ist f\u00fcr zwei Klarinetten geschrieben. Ein gewaltiges Sinfonieorchester (hier das SWR Sinfonieorchester Baden Baden und Freiburg unter Arturo Tamayo) baut sich klanglich auf, r\u00fcckt dem schreiend schnatternden Klarinetten-Duo von Beate Zelinsky und David Smeyers auf den Pelz. (&#8230;) Dabei treibt H\u00f6lszky den Solisten das klassische Sch\u00f6nspielen radikal aus. Wieder anders \u2013 quasi als radikaler Gegenentwurf \u2013 f\u00fcgt sich ein drittes Klarinettenwerk ein: Nikolaus Brass&#8216; &#8222;Zeit im Grund&#8220; \u2013 hier vorgef\u00fchrt von den Streichern des M\u00fcnchner Kammerorchesters unter Alexander Liebreich. (&#8230;) Kleine Bewegungen, Reminiszenzen fast, scheuer Wohlklang. (&#8230;) Wunderbar tauchen Motive aus dem Nichts auf, verschwinden wieder. Das hat hier aber \u2013 das spricht f\u00fcr dieses Orchester und seine beiden Solisten\u00a0\u2013 nichts vorl\u00e4ufiges, sondern etwas atmend Erz\u00e4hlerisches. Eines wird an dieser sch\u00f6nen CD deutlich: Ein &#8222;Bruder Leichtfu\u00df&#8220;, als der die Klarinette lange galt, will das Instrument in der Gegenwart nicht mehr sein.<\/p>\n<p>(Tilman Urbach)<\/p>\n<\/div>\n<\/td>\n<td><\/td>\n<\/tr>\n<\/tbody>\n<\/table>\n<p>&nbsp;<\/p>\n","protected":false},"excerpt":{"rendered":"<p>Programm: Atli Ing\u00f3lfsson\u00a0(*1962) [01]\u00a0Orgoras Speaks\u00a0f\u00fcr zwei Klarinettisten und Ensemble (2009)\u00a011:51 Das Klarinettenduo Beate Zelinsky | David Smeyers Caput Ensemble Gu\u00f0ni Franzson, Dirigent &nbsp; Adriana H\u00f6lszky\u00a0(*1953) [02]\u00a0Flugman\u00f6ver\u00a0f\u00fcr zwei Klarinetten und Orchester(2006)\u00a015:40 Live-Aufnahme der Welturauff\u00fchrung, Donaueschinger Musiktage 2006 Das Klarinettenduo Beate Zelinsky | David Smeyers SWR Sinfonieorchester Baden-Baden und Freiburg Arturo Tamayo, Dirigent &nbsp; Nikolaus Brass\u00a0(*1949) [03]\u00a0Zeit [&hellip;]<\/p>\n","protected":false},"featured_media":2720,"template":"","meta":{"site-sidebar-layout":"default","site-content-layout":"default","ast-site-content-layout":"default","site-content-style":"default","site-sidebar-style":"default","ast-global-header-display":"","ast-banner-title-visibility":"","ast-main-header-display":"","ast-hfb-above-header-display":"","ast-hfb-below-header-display":"","ast-hfb-mobile-header-display":"","site-post-title":"","ast-breadcrumbs-content":"","ast-featured-img":"","footer-sml-layout":"","theme-transparent-header-meta":"default","adv-header-id-meta":"","stick-header-meta":"","header-above-stick-meta":"","header-main-stick-meta":"","header-below-stick-meta":"","astra-migrate-meta-layouts":"default","ast-page-background-enabled":"default","ast-page-background-meta":{"desktop":{"background-color":"","background-image":"","background-repeat":"repeat","background-position":"center center","background-size":"auto","background-attachment":"scroll","background-type":"","background-media":"","overlay-type":"","overlay-color":"","overlay-opacity":"","overlay-gradient":""},"tablet":{"background-color":"","background-image":"","background-repeat":"repeat","background-position":"center center","background-size":"auto","background-attachment":"scroll","background-type":"","background-media":"","overlay-type":"","overlay-color":"","overlay-opacity":"","overlay-gradient":""},"mobile":{"background-color":"","background-image":"","background-repeat":"repeat","background-position":"center center","background-size":"auto","background-attachment":"scroll","background-type":"","background-media":"","overlay-type":"","overlay-color":"","overlay-opacity":"","overlay-gradient":""}},"ast-content-background-meta":{"desktop":{"background-color":"var(--ast-global-color-5)","background-image":"","background-repeat":"repeat","background-position":"center center","background-size":"auto","background-attachment":"scroll","background-type":"","background-media":"","overlay-type":"","overlay-color":"","overlay-opacity":"","overlay-gradient":""},"tablet":{"background-color":"var(--ast-global-color-5)","background-image":"","background-repeat":"repeat","background-position":"center center","background-size":"auto","background-attachment":"scroll","background-type":"","background-media":"","overlay-type":"","overlay-color":"","overlay-opacity":"","overlay-gradient":""},"mobile":{"background-color":"var(--ast-global-color-5)","background-image":"","background-repeat":"repeat","background-position":"center center","background-size":"auto","background-attachment":"scroll","background-type":"","background-media":"","overlay-type":"","overlay-color":"","overlay-opacity":"","overlay-gradient":""}}},"product_brand":[],"product_cat":[882,883,26],"product_tag":[],"class_list":{"0":"post-2719","1":"product","2":"type-product","3":"status-publish","4":"has-post-thumbnail","6":"product_cat-klavier","7":"product_cat-orchester","8":"product_cat-zeitgenossische-musik","9":"pa_artikelnummer-neos-11708","10":"pa_brand-neos-music","11":"pa_ean-280","12":"desktop-align-left","13":"tablet-align-left","14":"mobile-align-left","16":"first","17":"instock","18":"taxable","19":"shipping-taxable","20":"purchasable","21":"product-type-simple"},"yoast_head":"<!-- This site is optimized with the Yoast SEO plugin v27.3 - https:\/\/yoast.com\/product\/yoast-seo-wordpress\/ -->\n<title>Das Klarinettenduo Beate Zelinsky | David Smeyers: Atli Ing\u00f3lfsson, Adriana H\u00f6lszky, Nikolaus Brass - NEOS Music<\/title>\n<meta name=\"robots\" content=\"index, follow, max-snippet:-1, max-image-preview:large, max-video-preview:-1\" \/>\n<link rel=\"canonical\" href=\"https:\/\/neos-music.com\/en_us\/product\/das-klarinettenduo-beate-zelinsky-david-smeyers-atli-ingolfsson-adriana-hoelszky-nikolaus-brass\/\" \/>\n<meta property=\"og:locale\" content=\"en_US\" \/>\n<meta property=\"og:type\" content=\"article\" \/>\n<meta property=\"og:title\" content=\"Das Klarinettenduo Beate Zelinsky | David Smeyers: Atli Ing\u00f3lfsson, Adriana H\u00f6lszky, Nikolaus Brass - NEOS Music\" \/>\n<meta property=\"og:description\" content=\"Programm: Atli Ing\u00f3lfsson\u00a0(*1962) [01]\u00a0Orgoras Speaks\u00a0f\u00fcr zwei Klarinettisten und Ensemble (2009)\u00a011:51 Das Klarinettenduo Beate Zelinsky | David Smeyers Caput Ensemble Gu\u00f0ni Franzson, Dirigent &nbsp; Adriana H\u00f6lszky\u00a0(*1953) [02]\u00a0Flugman\u00f6ver\u00a0f\u00fcr zwei Klarinetten und Orchester(2006)\u00a015:40 Live-Aufnahme der Welturauff\u00fchrung, Donaueschinger Musiktage 2006 Das Klarinettenduo Beate Zelinsky | David Smeyers SWR Sinfonieorchester Baden-Baden und Freiburg Arturo Tamayo, Dirigent &nbsp; Nikolaus Brass\u00a0(*1949) [03]\u00a0Zeit [&hellip;]\" \/>\n<meta property=\"og:url\" content=\"https:\/\/neos-music.com\/en_us\/product\/das-klarinettenduo-beate-zelinsky-david-smeyers-atli-ingolfsson-adriana-hoelszky-nikolaus-brass\/\" \/>\n<meta property=\"og:site_name\" content=\"NEOS Music\" \/>\n<meta property=\"article:modified_time\" content=\"2023-05-22T22:36:03+00:00\" \/>\n<meta property=\"og:image\" content=\"https:\/\/neos-music.com\/wp-content\/uploads\/2022\/11\/NEOS_11708_Das_Klarinettenduo.jpeg\" \/>\n\t<meta property=\"og:image:width\" content=\"1649\" \/>\n\t<meta property=\"og:image:height\" content=\"1483\" \/>\n\t<meta property=\"og:image:type\" content=\"image\/jpeg\" \/>\n<meta name=\"twitter:card\" content=\"summary_large_image\" \/>\n<meta name=\"twitter:label1\" content=\"Est. reading time\" \/>\n\t<meta name=\"twitter:data1\" content=\"4 minutes\" \/>\n<script type=\"application\/ld+json\" class=\"yoast-schema-graph\">{\"@context\":\"https:\\\/\\\/schema.org\",\"@graph\":[{\"@type\":\"WebPage\",\"@id\":\"https:\\\/\\\/neos-music.com\\\/product\\\/das-klarinettenduo-beate-zelinsky-david-smeyers-atli-ingolfsson-adriana-hoelszky-nikolaus-brass\\\/\",\"url\":\"https:\\\/\\\/neos-music.com\\\/product\\\/das-klarinettenduo-beate-zelinsky-david-smeyers-atli-ingolfsson-adriana-hoelszky-nikolaus-brass\\\/\",\"name\":\"Das Klarinettenduo Beate Zelinsky | David Smeyers: Atli Ing\u00f3lfsson, Adriana H\u00f6lszky, Nikolaus Brass - NEOS Music\",\"isPartOf\":{\"@id\":\"https:\\\/\\\/neos-music.com\\\/#website\"},\"primaryImageOfPage\":{\"@id\":\"https:\\\/\\\/neos-music.com\\\/product\\\/das-klarinettenduo-beate-zelinsky-david-smeyers-atli-ingolfsson-adriana-hoelszky-nikolaus-brass\\\/#primaryimage\"},\"image\":{\"@id\":\"https:\\\/\\\/neos-music.com\\\/product\\\/das-klarinettenduo-beate-zelinsky-david-smeyers-atli-ingolfsson-adriana-hoelszky-nikolaus-brass\\\/#primaryimage\"},\"thumbnailUrl\":\"https:\\\/\\\/i0.wp.com\\\/neos-music.com\\\/wp-content\\\/uploads\\\/2022\\\/11\\\/NEOS_11708_Das_Klarinettenduo.jpeg?fit=1649%2C1483&ssl=1\",\"datePublished\":\"2017-08-12T14:47:02+00:00\",\"dateModified\":\"2023-05-22T22:36:03+00:00\",\"breadcrumb\":{\"@id\":\"https:\\\/\\\/neos-music.com\\\/product\\\/das-klarinettenduo-beate-zelinsky-david-smeyers-atli-ingolfsson-adriana-hoelszky-nikolaus-brass\\\/#breadcrumb\"},\"inLanguage\":\"en-US\",\"potentialAction\":[{\"@type\":\"ReadAction\",\"target\":[\"https:\\\/\\\/neos-music.com\\\/product\\\/das-klarinettenduo-beate-zelinsky-david-smeyers-atli-ingolfsson-adriana-hoelszky-nikolaus-brass\\\/\"]}]},{\"@type\":\"ImageObject\",\"inLanguage\":\"en-US\",\"@id\":\"https:\\\/\\\/neos-music.com\\\/product\\\/das-klarinettenduo-beate-zelinsky-david-smeyers-atli-ingolfsson-adriana-hoelszky-nikolaus-brass\\\/#primaryimage\",\"url\":\"https:\\\/\\\/i0.wp.com\\\/neos-music.com\\\/wp-content\\\/uploads\\\/2022\\\/11\\\/NEOS_11708_Das_Klarinettenduo.jpeg?fit=1649%2C1483&ssl=1\",\"contentUrl\":\"https:\\\/\\\/i0.wp.com\\\/neos-music.com\\\/wp-content\\\/uploads\\\/2022\\\/11\\\/NEOS_11708_Das_Klarinettenduo.jpeg?fit=1649%2C1483&ssl=1\",\"width\":1649,\"height\":1483},{\"@type\":\"BreadcrumbList\",\"@id\":\"https:\\\/\\\/neos-music.com\\\/product\\\/das-klarinettenduo-beate-zelinsky-david-smeyers-atli-ingolfsson-adriana-hoelszky-nikolaus-brass\\\/#breadcrumb\",\"itemListElement\":[{\"@type\":\"ListItem\",\"position\":1,\"name\":\"Startseite\",\"item\":\"https:\\\/\\\/neos-music.com\\\/\"},{\"@type\":\"ListItem\",\"position\":2,\"name\":\"Produkte\",\"item\":\"https:\\\/\\\/neos-music.com\\\/shop__trashed\\\/\"},{\"@type\":\"ListItem\",\"position\":3,\"name\":\"Das Klarinettenduo Beate Zelinsky | David Smeyers: Atli Ing\u00f3lfsson, Adriana H\u00f6lszky, Nikolaus Brass\"}]},{\"@type\":\"WebSite\",\"@id\":\"https:\\\/\\\/neos-music.com\\\/#website\",\"url\":\"https:\\\/\\\/neos-music.com\\\/\",\"name\":\"NEOS Music\",\"description\":\"Dein Online Shop f\u00fcr zeitgen\u00f6ssische Musik, Jazz und Classics!\",\"publisher\":{\"@id\":\"https:\\\/\\\/neos-music.com\\\/#organization\"},\"potentialAction\":[{\"@type\":\"SearchAction\",\"target\":{\"@type\":\"EntryPoint\",\"urlTemplate\":\"https:\\\/\\\/neos-music.com\\\/?s={search_term_string}\"},\"query-input\":{\"@type\":\"PropertyValueSpecification\",\"valueRequired\":true,\"valueName\":\"search_term_string\"}}],\"inLanguage\":\"en-US\"},{\"@type\":\"Organization\",\"@id\":\"https:\\\/\\\/neos-music.com\\\/#organization\",\"name\":\"NEOS Music\",\"url\":\"https:\\\/\\\/neos-music.com\\\/\",\"logo\":{\"@type\":\"ImageObject\",\"inLanguage\":\"en-US\",\"@id\":\"https:\\\/\\\/neos-music.com\\\/#\\\/schema\\\/logo\\\/image\\\/\",\"url\":\"https:\\\/\\\/i0.wp.com\\\/neos-music.com\\\/wp-content\\\/uploads\\\/2025\\\/08\\\/NEOS-Logo-weiss.png?fit=800%2C203&ssl=1\",\"contentUrl\":\"https:\\\/\\\/i0.wp.com\\\/neos-music.com\\\/wp-content\\\/uploads\\\/2025\\\/08\\\/NEOS-Logo-weiss.png?fit=800%2C203&ssl=1\",\"width\":800,\"height\":203,\"caption\":\"NEOS Music\"},\"image\":{\"@id\":\"https:\\\/\\\/neos-music.com\\\/#\\\/schema\\\/logo\\\/image\\\/\"}}]}<\/script>\n<!-- \/ Yoast SEO plugin. -->","yoast_head_json":{"title":"Das Klarinettenduo Beate Zelinsky | David Smeyers: Atli Ing\u00f3lfsson, Adriana H\u00f6lszky, Nikolaus Brass - NEOS Music","robots":{"index":"index","follow":"follow","max-snippet":"max-snippet:-1","max-image-preview":"max-image-preview:large","max-video-preview":"max-video-preview:-1"},"canonical":"https:\/\/neos-music.com\/en_us\/product\/das-klarinettenduo-beate-zelinsky-david-smeyers-atli-ingolfsson-adriana-hoelszky-nikolaus-brass\/","og_locale":"en_US","og_type":"article","og_title":"Das Klarinettenduo Beate Zelinsky | David Smeyers: Atli Ing\u00f3lfsson, Adriana H\u00f6lszky, Nikolaus Brass - NEOS Music","og_description":"Programm: Atli Ing\u00f3lfsson\u00a0(*1962) [01]\u00a0Orgoras Speaks\u00a0f\u00fcr zwei Klarinettisten und Ensemble (2009)\u00a011:51 Das Klarinettenduo Beate Zelinsky | David Smeyers Caput Ensemble Gu\u00f0ni Franzson, Dirigent &nbsp; Adriana H\u00f6lszky\u00a0(*1953) [02]\u00a0Flugman\u00f6ver\u00a0f\u00fcr zwei Klarinetten und Orchester(2006)\u00a015:40 Live-Aufnahme der Welturauff\u00fchrung, Donaueschinger Musiktage 2006 Das Klarinettenduo Beate Zelinsky | David Smeyers SWR Sinfonieorchester Baden-Baden und Freiburg Arturo Tamayo, Dirigent &nbsp; Nikolaus Brass\u00a0(*1949) [03]\u00a0Zeit [&hellip;]","og_url":"https:\/\/neos-music.com\/en_us\/product\/das-klarinettenduo-beate-zelinsky-david-smeyers-atli-ingolfsson-adriana-hoelszky-nikolaus-brass\/","og_site_name":"NEOS Music","article_modified_time":"2023-05-22T22:36:03+00:00","og_image":[{"width":1649,"height":1483,"url":"https:\/\/neos-music.com\/wp-content\/uploads\/2022\/11\/NEOS_11708_Das_Klarinettenduo.jpeg","type":"image\/jpeg"}],"twitter_card":"summary_large_image","twitter_misc":{"Est. reading time":"4 minutes"},"schema":{"@context":"https:\/\/schema.org","@graph":[{"@type":"WebPage","@id":"https:\/\/neos-music.com\/product\/das-klarinettenduo-beate-zelinsky-david-smeyers-atli-ingolfsson-adriana-hoelszky-nikolaus-brass\/","url":"https:\/\/neos-music.com\/product\/das-klarinettenduo-beate-zelinsky-david-smeyers-atli-ingolfsson-adriana-hoelszky-nikolaus-brass\/","name":"Das Klarinettenduo Beate Zelinsky | David Smeyers: Atli Ing\u00f3lfsson, Adriana H\u00f6lszky, Nikolaus Brass - NEOS Music","isPartOf":{"@id":"https:\/\/neos-music.com\/#website"},"primaryImageOfPage":{"@id":"https:\/\/neos-music.com\/product\/das-klarinettenduo-beate-zelinsky-david-smeyers-atli-ingolfsson-adriana-hoelszky-nikolaus-brass\/#primaryimage"},"image":{"@id":"https:\/\/neos-music.com\/product\/das-klarinettenduo-beate-zelinsky-david-smeyers-atli-ingolfsson-adriana-hoelszky-nikolaus-brass\/#primaryimage"},"thumbnailUrl":"https:\/\/i0.wp.com\/neos-music.com\/wp-content\/uploads\/2022\/11\/NEOS_11708_Das_Klarinettenduo.jpeg?fit=1649%2C1483&ssl=1","datePublished":"2017-08-12T14:47:02+00:00","dateModified":"2023-05-22T22:36:03+00:00","breadcrumb":{"@id":"https:\/\/neos-music.com\/product\/das-klarinettenduo-beate-zelinsky-david-smeyers-atli-ingolfsson-adriana-hoelszky-nikolaus-brass\/#breadcrumb"},"inLanguage":"en-US","potentialAction":[{"@type":"ReadAction","target":["https:\/\/neos-music.com\/product\/das-klarinettenduo-beate-zelinsky-david-smeyers-atli-ingolfsson-adriana-hoelszky-nikolaus-brass\/"]}]},{"@type":"ImageObject","inLanguage":"en-US","@id":"https:\/\/neos-music.com\/product\/das-klarinettenduo-beate-zelinsky-david-smeyers-atli-ingolfsson-adriana-hoelszky-nikolaus-brass\/#primaryimage","url":"https:\/\/i0.wp.com\/neos-music.com\/wp-content\/uploads\/2022\/11\/NEOS_11708_Das_Klarinettenduo.jpeg?fit=1649%2C1483&ssl=1","contentUrl":"https:\/\/i0.wp.com\/neos-music.com\/wp-content\/uploads\/2022\/11\/NEOS_11708_Das_Klarinettenduo.jpeg?fit=1649%2C1483&ssl=1","width":1649,"height":1483},{"@type":"BreadcrumbList","@id":"https:\/\/neos-music.com\/product\/das-klarinettenduo-beate-zelinsky-david-smeyers-atli-ingolfsson-adriana-hoelszky-nikolaus-brass\/#breadcrumb","itemListElement":[{"@type":"ListItem","position":1,"name":"Startseite","item":"https:\/\/neos-music.com\/"},{"@type":"ListItem","position":2,"name":"Produkte","item":"https:\/\/neos-music.com\/shop__trashed\/"},{"@type":"ListItem","position":3,"name":"Das Klarinettenduo Beate Zelinsky | David Smeyers: Atli Ing\u00f3lfsson, Adriana H\u00f6lszky, Nikolaus Brass"}]},{"@type":"WebSite","@id":"https:\/\/neos-music.com\/#website","url":"https:\/\/neos-music.com\/","name":"NEOS Music","description":"Dein Online Shop f\u00fcr zeitgen\u00f6ssische Musik, Jazz und Classics!","publisher":{"@id":"https:\/\/neos-music.com\/#organization"},"potentialAction":[{"@type":"SearchAction","target":{"@type":"EntryPoint","urlTemplate":"https:\/\/neos-music.com\/?s={search_term_string}"},"query-input":{"@type":"PropertyValueSpecification","valueRequired":true,"valueName":"search_term_string"}}],"inLanguage":"en-US"},{"@type":"Organization","@id":"https:\/\/neos-music.com\/#organization","name":"NEOS Music","url":"https:\/\/neos-music.com\/","logo":{"@type":"ImageObject","inLanguage":"en-US","@id":"https:\/\/neos-music.com\/#\/schema\/logo\/image\/","url":"https:\/\/i0.wp.com\/neos-music.com\/wp-content\/uploads\/2025\/08\/NEOS-Logo-weiss.png?fit=800%2C203&ssl=1","contentUrl":"https:\/\/i0.wp.com\/neos-music.com\/wp-content\/uploads\/2025\/08\/NEOS-Logo-weiss.png?fit=800%2C203&ssl=1","width":800,"height":203,"caption":"NEOS Music"},"image":{"@id":"https:\/\/neos-music.com\/#\/schema\/logo\/image\/"}}]}},"jetpack_sharing_enabled":true,"_links":{"self":[{"href":"https:\/\/neos-music.com\/en_us\/wp-json\/wp\/v2\/product\/2719","targetHints":{"allow":["GET"]}}],"collection":[{"href":"https:\/\/neos-music.com\/en_us\/wp-json\/wp\/v2\/product"}],"about":[{"href":"https:\/\/neos-music.com\/en_us\/wp-json\/wp\/v2\/types\/product"}],"version-history":[{"count":0,"href":"https:\/\/neos-music.com\/en_us\/wp-json\/wp\/v2\/product\/2719\/revisions"}],"wp:featuredmedia":[{"embeddable":true,"href":"https:\/\/neos-music.com\/en_us\/wp-json\/wp\/v2\/media\/2720"}],"wp:attachment":[{"href":"https:\/\/neos-music.com\/en_us\/wp-json\/wp\/v2\/media?parent=2719"}],"wp:term":[{"taxonomy":"product_brand","embeddable":true,"href":"https:\/\/neos-music.com\/en_us\/wp-json\/wp\/v2\/product_brand?post=2719"},{"taxonomy":"product_cat","embeddable":true,"href":"https:\/\/neos-music.com\/en_us\/wp-json\/wp\/v2\/product_cat?post=2719"},{"taxonomy":"product_tag","embeddable":true,"href":"https:\/\/neos-music.com\/en_us\/wp-json\/wp\/v2\/product_tag?post=2719"}],"curies":[{"name":"wp","href":"https:\/\/api.w.org\/{rel}","templated":true}]}}