{"id":2721,"date":"2017-07-08T14:50:26","date_gmt":"2017-07-08T14:50:26","guid":{"rendered":"https:\/\/neos-music.com\/?post_type=product&#038;p=2721"},"modified":"2023-05-22T22:37:07","modified_gmt":"2023-05-22T22:37:07","slug":"matthias-mueller-wolfgang-amade-mozart-piccolo-concerto-grosso","status":"publish","type":"product","link":"https:\/\/neos-music.com\/en_us\/product\/matthias-mueller-wolfgang-amade-mozart-piccolo-concerto-grosso\/","title":{"rendered":"Matthias Mueller &#8211; Wolfgang Amad\u00e9 Mozart: Piccolo Concerto Grosso"},"content":{"rendered":"<p>Programm:<\/p>\n<table border=\"0\" width=\"100%\" rules=\"none\" cellspacing=\"0\" cellpadding=\"0\">\n<tbody>\n<tr>\n<td class=\"bigcontent2\">\n<div id=\"tracks\">\n<p><b>Wolfgang Amad\u00e9 Mozart<\/b>\u00a0(1756\u20131791)<\/p>\n<p><b>Clarinet Concerto in A major, K. 622<\/b>\u00a0(1791)\u00a0<b>29:32<\/b><\/p>\n<p>[01]\u00a0<b>Allegro<\/b>\u00a012:59<br \/>\n[02]\u00a0<b>Adagio<\/b>\u00a007:06<br \/>\n[03]\u00a0<b>Allegro<\/b>\u00a009:24<\/p>\n<p>&nbsp;<\/p>\n<p><b>Matthias Mueller<\/b>\u00a0(*1966)<\/p>\n<p><b>Octet<\/b>\u00a0(2014)\u00a0<b>17:38<\/b><br \/>\n[04]\u00a0<b>Lento<\/b>\u00a002:06<br \/>\n[05]\u00a0<b>Presto assai<\/b>\u00a003:26<br \/>\n[06]\u00a0<b>Allegretto ritmico<\/b>\u00a002:06<br \/>\n[07]\u00a0<b>Veloce e intenso<\/b>\u00a003:24<br \/>\n[08]\u00a0<b>Lento non troppo. Adagio<\/b>\u00a004:30<br \/>\n[09]\u00a0<b>Presto assai<\/b>\u00a002:23<\/p>\n<p><b><br \/>\nPiccolo Concerto Grosso<\/b>\u00a0f\u00fcr zwei Bassettklarinetten und Orchester(2016\u2009\/17)\u00a0<b>18:39<\/b><\/p>\n<p>[10]\u00a0<b>Ouverture. Allegro moderato<\/b>\u00a002:40<br \/>\n[11]\u00a0<b>Elegia. Andante molto<\/b>\u00a003:32<br \/>\n[12]\u00a0<b>Scherzettino. La Chasse<\/b>\u00a001:14<br \/>\n[13]\u00a0<b>Recitativo<\/b>\u00a002:52<br \/>\n[14]\u00a0<b>Tempo di Menuetto. Molto assai (in meantone temperament)<\/b>\u00a001:15<br \/>\n[15]<b>\u00a0Largo molto tranquillo<\/b>\u00a003:43<br \/>\n[16]\u00a0<b>Finale<\/b>\u00a003:20<\/p>\n<p>Gesamtspielzeit: 66:00<\/p>\n<p><b><a class=\"arcoma_glossarylink\" href=\"https:\/\/neos-music.com\/output.php?content=Kuenstler\/Mueller_Matthias.php&amp;treplace=english%2Cgerman\" target=\"_self\" rel=\"noopener\">Matthias Mueller<\/a><\/b>, Bassettklarinette<\/p>\n<p><b>Michael Collins<\/b>,Bassettklarinette[10\u201316]<\/p>\n<p><b>Zurich Chamber Orchestra<\/b>\u00a0[01\u201303 &amp; 10\u201316]<br \/>\nWilly Zimmermann, Konzertmeister<\/p>\n<p><b>ensemble remixed<\/b>\u00a0[04\u201309]<br \/>\nMatthias Mueller, Klarinette\u00b7 Giorgio Mandolesi, Fagott\u00b7 Tom\u00e1s Gallart, Horn<br \/>\nNo\u00ebmi Schindler &amp; Mateusz Szczepkowski, Violinen\u00b7 Frauke Tometten Molino, Viola<br \/>\nCobus Swanepoel, Violoncello \u00b7 Seon-Deok Baik, Kontrabass<\/p>\n<p>&nbsp;<\/p>\n<p>&nbsp;<\/p>\n<div id=\"ibb-widget-root-1294860875\"><\/div>\n<\/div>\n<\/td>\n<td><\/td>\n<\/tr>\n<\/tbody>\n<\/table>\n<p>Pressestimmen:<\/p>\n<table border=\"0\" width=\"100%\" rules=\"none\" cellspacing=\"0\" cellpadding=\"0\">\n<tbody>\n<tr>\n<td class=\"bigcontent2\">\n<div id=\"press\">\n<p><img data-recalc-dims=\"1\" decoding=\"async\" src=\"https:\/\/i0.wp.com\/neos-music.com\/wp-content\/uploads\/2023\/05\/logo_MusikTheater.gif?ssl=1\" alt=\"\" \/><\/p>\n<p>31.03.2018<br \/>\nCD-TIPP<\/p>\n<p><b>Vergn\u00fcglich<\/b><\/p>\n<p>Der Schweizer Klarinettist und Komponist Matthias Mueller stellt auf dieser vergn\u00fcglichen CD Mozarts Klarinettenkonzert neben seine eigenen Werke. Mit dem bestens vorbereiteten Z\u00fcrcher Kammerorchester spielt er Mozart \u00fcberaus emotional und lenkt mit seinem Octet auf das 2017 vollendete &#8222;Piccolo Concerto Grosso&#8220;. \u00dcber allem schwebt Mozarts Geist, der sich aber, kaum erkannt, sofort verfl\u00fcchtigt. Famos!<br \/>\nDie CD-Taufe findet am 9.\u00a0Juni in Z\u00fcrich statt.<\/p>\n<p><i>Christian Berzins<\/i><\/p>\n<p>&nbsp;<\/p>\n<p><img data-recalc-dims=\"1\" decoding=\"async\" src=\"https:\/\/i0.wp.com\/neos-music.com\/wp-content\/uploads\/2023\/05\/klassikcom.gif?ssl=1\" alt=\"\" \/><\/p>\n<p>Jasemin Khaleli, 30.09.2017<\/p>\n<p>Kreativ und geschichtsbewusst: In seiner Doppelfunktion als Interpret und Komponist hat der Klarinettist Matthias Mueller beim Label Neos eine hervorragende Referenzeinspielung vorgelegt.<\/p>\n<p>lesen Sie hier die komplette Rezension<\/p>\n<p>&nbsp;<\/p>\n<\/div>\n<\/td>\n<td><\/td>\n<\/tr>\n<\/tbody>\n<\/table>\n<p>&nbsp;<\/p>\n","protected":false},"excerpt":{"rendered":"<p>Programm: Wolfgang Amad\u00e9 Mozart\u00a0(1756\u20131791) Clarinet Concerto in A major, K. 622\u00a0(1791)\u00a029:32 [01]\u00a0Allegro\u00a012:59 [02]\u00a0Adagio\u00a007:06 [03]\u00a0Allegro\u00a009:24 &nbsp; Matthias Mueller\u00a0(*1966) Octet\u00a0(2014)\u00a017:38 [04]\u00a0Lento\u00a002:06 [05]\u00a0Presto assai\u00a003:26 [06]\u00a0Allegretto ritmico\u00a002:06 [07]\u00a0Veloce e intenso\u00a003:24 [08]\u00a0Lento non troppo. Adagio\u00a004:30 [09]\u00a0Presto assai\u00a002:23 Piccolo Concerto Grosso\u00a0f\u00fcr zwei Bassettklarinetten und Orchester(2016\u2009\/17)\u00a018:39 [10]\u00a0Ouverture. Allegro moderato\u00a002:40 [11]\u00a0Elegia. Andante molto\u00a003:32 [12]\u00a0Scherzettino. La Chasse\u00a001:14 [13]\u00a0Recitativo\u00a002:52 [14]\u00a0Tempo di Menuetto. Molto assai (in [&hellip;]<\/p>\n","protected":false},"featured_media":2722,"template":"","meta":{"site-sidebar-layout":"default","site-content-layout":"default","ast-site-content-layout":"default","site-content-style":"default","site-sidebar-style":"default","ast-global-header-display":"","ast-banner-title-visibility":"","ast-main-header-display":"","ast-hfb-above-header-display":"","ast-hfb-below-header-display":"","ast-hfb-mobile-header-display":"","site-post-title":"","ast-breadcrumbs-content":"","ast-featured-img":"","footer-sml-layout":"","theme-transparent-header-meta":"default","adv-header-id-meta":"","stick-header-meta":"","header-above-stick-meta":"","header-main-stick-meta":"","header-below-stick-meta":"","astra-migrate-meta-layouts":"default","ast-page-background-enabled":"default","ast-page-background-meta":{"desktop":{"background-color":"","background-image":"","background-repeat":"repeat","background-position":"center center","background-size":"auto","background-attachment":"scroll","background-type":"","background-media":"","overlay-type":"","overlay-color":"","overlay-opacity":"","overlay-gradient":""},"tablet":{"background-color":"","background-image":"","background-repeat":"repeat","background-position":"center center","background-size":"auto","background-attachment":"scroll","background-type":"","background-media":"","overlay-type":"","overlay-color":"","overlay-opacity":"","overlay-gradient":""},"mobile":{"background-color":"","background-image":"","background-repeat":"repeat","background-position":"center center","background-size":"auto","background-attachment":"scroll","background-type":"","background-media":"","overlay-type":"","overlay-color":"","overlay-opacity":"","overlay-gradient":""}},"ast-content-background-meta":{"desktop":{"background-color":"var(--ast-global-color-5)","background-image":"","background-repeat":"repeat","background-position":"center center","background-size":"auto","background-attachment":"scroll","background-type":"","background-media":"","overlay-type":"","overlay-color":"","overlay-opacity":"","overlay-gradient":""},"tablet":{"background-color":"var(--ast-global-color-5)","background-image":"","background-repeat":"repeat","background-position":"center center","background-size":"auto","background-attachment":"scroll","background-type":"","background-media":"","overlay-type":"","overlay-color":"","overlay-opacity":"","overlay-gradient":""},"mobile":{"background-color":"var(--ast-global-color-5)","background-image":"","background-repeat":"repeat","background-position":"center center","background-size":"auto","background-attachment":"scroll","background-type":"","background-media":"","overlay-type":"","overlay-color":"","overlay-opacity":"","overlay-gradient":""}}},"product_brand":[],"product_cat":[881,26],"product_tag":[],"class_list":{"0":"post-2721","1":"product","2":"type-product","3":"status-publish","4":"has-post-thumbnail","6":"product_cat-klarinette","7":"product_cat-zeitgenossische-musik","8":"pa_artikelnummer-neos-21704","9":"pa_brand-neos-music","10":"pa_ean-282","11":"desktop-align-left","12":"tablet-align-left","13":"mobile-align-left","15":"first","16":"instock","17":"taxable","18":"shipping-taxable","19":"purchasable","20":"product-type-simple"},"yoast_head":"<!-- This site is optimized with the Yoast SEO plugin v27.4 - https:\/\/yoast.com\/product\/yoast-seo-wordpress\/ -->\n<title>Matthias Mueller - Wolfgang Amad\u00e9 Mozart: Piccolo Concerto Grosso - NEOS Music<\/title>\n<meta name=\"robots\" content=\"index, follow, max-snippet:-1, max-image-preview:large, max-video-preview:-1\" \/>\n<link rel=\"canonical\" href=\"https:\/\/neos-music.com\/en_us\/product\/matthias-mueller-wolfgang-amade-mozart-piccolo-concerto-grosso\/\" \/>\n<meta property=\"og:locale\" content=\"en_US\" \/>\n<meta property=\"og:type\" content=\"article\" \/>\n<meta property=\"og:title\" content=\"Matthias Mueller - Wolfgang Amad\u00e9 Mozart: Piccolo Concerto Grosso - NEOS Music\" \/>\n<meta property=\"og:description\" content=\"Programm: Wolfgang Amad\u00e9 Mozart\u00a0(1756\u20131791) Clarinet Concerto in A major, K. 622\u00a0(1791)\u00a029:32 [01]\u00a0Allegro\u00a012:59 [02]\u00a0Adagio\u00a007:06 [03]\u00a0Allegro\u00a009:24 &nbsp; Matthias Mueller\u00a0(*1966) Octet\u00a0(2014)\u00a017:38 [04]\u00a0Lento\u00a002:06 [05]\u00a0Presto assai\u00a003:26 [06]\u00a0Allegretto ritmico\u00a002:06 [07]\u00a0Veloce e intenso\u00a003:24 [08]\u00a0Lento non troppo. Adagio\u00a004:30 [09]\u00a0Presto assai\u00a002:23 Piccolo Concerto Grosso\u00a0f\u00fcr zwei Bassettklarinetten und Orchester(2016\u2009\/17)\u00a018:39 [10]\u00a0Ouverture. Allegro moderato\u00a002:40 [11]\u00a0Elegia. Andante molto\u00a003:32 [12]\u00a0Scherzettino. La Chasse\u00a001:14 [13]\u00a0Recitativo\u00a002:52 [14]\u00a0Tempo di Menuetto. Molto assai (in [&hellip;]\" \/>\n<meta property=\"og:url\" content=\"https:\/\/neos-music.com\/en_us\/product\/matthias-mueller-wolfgang-amade-mozart-piccolo-concerto-grosso\/\" \/>\n<meta property=\"og:site_name\" content=\"NEOS Music\" \/>\n<meta property=\"article:modified_time\" content=\"2023-05-22T22:37:07+00:00\" \/>\n<meta property=\"og:image\" content=\"https:\/\/neos-music.com\/wp-content\/uploads\/2022\/11\/NEOS_21704_Piccolo_Concerto_Grosso.jpeg\" \/>\n\t<meta property=\"og:image:width\" content=\"1648\" \/>\n\t<meta property=\"og:image:height\" content=\"1484\" \/>\n\t<meta property=\"og:image:type\" content=\"image\/jpeg\" \/>\n<meta name=\"twitter:card\" content=\"summary_large_image\" \/>\n<meta name=\"twitter:label1\" content=\"Est. reading time\" \/>\n\t<meta name=\"twitter:data1\" content=\"2 minutes\" \/>\n<script type=\"application\/ld+json\" class=\"yoast-schema-graph\">{\"@context\":\"https:\\\/\\\/schema.org\",\"@graph\":[{\"@type\":\"WebPage\",\"@id\":\"https:\\\/\\\/neos-music.com\\\/product\\\/matthias-mueller-wolfgang-amade-mozart-piccolo-concerto-grosso\\\/\",\"url\":\"https:\\\/\\\/neos-music.com\\\/product\\\/matthias-mueller-wolfgang-amade-mozart-piccolo-concerto-grosso\\\/\",\"name\":\"Matthias Mueller - Wolfgang Amad\u00e9 Mozart: Piccolo Concerto Grosso - NEOS Music\",\"isPartOf\":{\"@id\":\"https:\\\/\\\/neos-music.com\\\/#website\"},\"primaryImageOfPage\":{\"@id\":\"https:\\\/\\\/neos-music.com\\\/product\\\/matthias-mueller-wolfgang-amade-mozart-piccolo-concerto-grosso\\\/#primaryimage\"},\"image\":{\"@id\":\"https:\\\/\\\/neos-music.com\\\/product\\\/matthias-mueller-wolfgang-amade-mozart-piccolo-concerto-grosso\\\/#primaryimage\"},\"thumbnailUrl\":\"https:\\\/\\\/i0.wp.com\\\/neos-music.com\\\/wp-content\\\/uploads\\\/2022\\\/11\\\/NEOS_21704_Piccolo_Concerto_Grosso.jpeg?fit=1648%2C1484&ssl=1\",\"datePublished\":\"2017-07-08T14:50:26+00:00\",\"dateModified\":\"2023-05-22T22:37:07+00:00\",\"breadcrumb\":{\"@id\":\"https:\\\/\\\/neos-music.com\\\/product\\\/matthias-mueller-wolfgang-amade-mozart-piccolo-concerto-grosso\\\/#breadcrumb\"},\"inLanguage\":\"en-US\",\"potentialAction\":[{\"@type\":\"ReadAction\",\"target\":[\"https:\\\/\\\/neos-music.com\\\/product\\\/matthias-mueller-wolfgang-amade-mozart-piccolo-concerto-grosso\\\/\"]}]},{\"@type\":\"ImageObject\",\"inLanguage\":\"en-US\",\"@id\":\"https:\\\/\\\/neos-music.com\\\/product\\\/matthias-mueller-wolfgang-amade-mozart-piccolo-concerto-grosso\\\/#primaryimage\",\"url\":\"https:\\\/\\\/i0.wp.com\\\/neos-music.com\\\/wp-content\\\/uploads\\\/2022\\\/11\\\/NEOS_21704_Piccolo_Concerto_Grosso.jpeg?fit=1648%2C1484&ssl=1\",\"contentUrl\":\"https:\\\/\\\/i0.wp.com\\\/neos-music.com\\\/wp-content\\\/uploads\\\/2022\\\/11\\\/NEOS_21704_Piccolo_Concerto_Grosso.jpeg?fit=1648%2C1484&ssl=1\",\"width\":1648,\"height\":1484},{\"@type\":\"BreadcrumbList\",\"@id\":\"https:\\\/\\\/neos-music.com\\\/product\\\/matthias-mueller-wolfgang-amade-mozart-piccolo-concerto-grosso\\\/#breadcrumb\",\"itemListElement\":[{\"@type\":\"ListItem\",\"position\":1,\"name\":\"Startseite\",\"item\":\"https:\\\/\\\/neos-music.com\\\/\"},{\"@type\":\"ListItem\",\"position\":2,\"name\":\"Produkte\",\"item\":\"https:\\\/\\\/neos-music.com\\\/shop__trashed\\\/\"},{\"@type\":\"ListItem\",\"position\":3,\"name\":\"Matthias Mueller &#8211; Wolfgang Amad\u00e9 Mozart: Piccolo Concerto Grosso\"}]},{\"@type\":\"WebSite\",\"@id\":\"https:\\\/\\\/neos-music.com\\\/#website\",\"url\":\"https:\\\/\\\/neos-music.com\\\/\",\"name\":\"NEOS Music\",\"description\":\"Dein Online Shop f\u00fcr zeitgen\u00f6ssische Musik, Jazz und Classics!\",\"publisher\":{\"@id\":\"https:\\\/\\\/neos-music.com\\\/#organization\"},\"potentialAction\":[{\"@type\":\"SearchAction\",\"target\":{\"@type\":\"EntryPoint\",\"urlTemplate\":\"https:\\\/\\\/neos-music.com\\\/?s={search_term_string}\"},\"query-input\":{\"@type\":\"PropertyValueSpecification\",\"valueRequired\":true,\"valueName\":\"search_term_string\"}}],\"inLanguage\":\"en-US\"},{\"@type\":\"Organization\",\"@id\":\"https:\\\/\\\/neos-music.com\\\/#organization\",\"name\":\"NEOS Music\",\"url\":\"https:\\\/\\\/neos-music.com\\\/\",\"logo\":{\"@type\":\"ImageObject\",\"inLanguage\":\"en-US\",\"@id\":\"https:\\\/\\\/neos-music.com\\\/#\\\/schema\\\/logo\\\/image\\\/\",\"url\":\"https:\\\/\\\/i0.wp.com\\\/neos-music.com\\\/wp-content\\\/uploads\\\/2025\\\/08\\\/NEOS-Logo-weiss.png?fit=800%2C203&ssl=1\",\"contentUrl\":\"https:\\\/\\\/i0.wp.com\\\/neos-music.com\\\/wp-content\\\/uploads\\\/2025\\\/08\\\/NEOS-Logo-weiss.png?fit=800%2C203&ssl=1\",\"width\":800,\"height\":203,\"caption\":\"NEOS Music\"},\"image\":{\"@id\":\"https:\\\/\\\/neos-music.com\\\/#\\\/schema\\\/logo\\\/image\\\/\"}}]}<\/script>\n<!-- \/ Yoast SEO plugin. -->","yoast_head_json":{"title":"Matthias Mueller - Wolfgang Amad\u00e9 Mozart: Piccolo Concerto Grosso - NEOS Music","robots":{"index":"index","follow":"follow","max-snippet":"max-snippet:-1","max-image-preview":"max-image-preview:large","max-video-preview":"max-video-preview:-1"},"canonical":"https:\/\/neos-music.com\/en_us\/product\/matthias-mueller-wolfgang-amade-mozart-piccolo-concerto-grosso\/","og_locale":"en_US","og_type":"article","og_title":"Matthias Mueller - Wolfgang Amad\u00e9 Mozart: Piccolo Concerto Grosso - NEOS Music","og_description":"Programm: Wolfgang Amad\u00e9 Mozart\u00a0(1756\u20131791) Clarinet Concerto in A major, K. 622\u00a0(1791)\u00a029:32 [01]\u00a0Allegro\u00a012:59 [02]\u00a0Adagio\u00a007:06 [03]\u00a0Allegro\u00a009:24 &nbsp; Matthias Mueller\u00a0(*1966) Octet\u00a0(2014)\u00a017:38 [04]\u00a0Lento\u00a002:06 [05]\u00a0Presto assai\u00a003:26 [06]\u00a0Allegretto ritmico\u00a002:06 [07]\u00a0Veloce e intenso\u00a003:24 [08]\u00a0Lento non troppo. Adagio\u00a004:30 [09]\u00a0Presto assai\u00a002:23 Piccolo Concerto Grosso\u00a0f\u00fcr zwei Bassettklarinetten und Orchester(2016\u2009\/17)\u00a018:39 [10]\u00a0Ouverture. Allegro moderato\u00a002:40 [11]\u00a0Elegia. Andante molto\u00a003:32 [12]\u00a0Scherzettino. La Chasse\u00a001:14 [13]\u00a0Recitativo\u00a002:52 [14]\u00a0Tempo di Menuetto. Molto assai (in [&hellip;]","og_url":"https:\/\/neos-music.com\/en_us\/product\/matthias-mueller-wolfgang-amade-mozart-piccolo-concerto-grosso\/","og_site_name":"NEOS Music","article_modified_time":"2023-05-22T22:37:07+00:00","og_image":[{"width":1648,"height":1484,"url":"https:\/\/neos-music.com\/wp-content\/uploads\/2022\/11\/NEOS_21704_Piccolo_Concerto_Grosso.jpeg","type":"image\/jpeg"}],"twitter_card":"summary_large_image","twitter_misc":{"Est. reading time":"2 minutes"},"schema":{"@context":"https:\/\/schema.org","@graph":[{"@type":"WebPage","@id":"https:\/\/neos-music.com\/product\/matthias-mueller-wolfgang-amade-mozart-piccolo-concerto-grosso\/","url":"https:\/\/neos-music.com\/product\/matthias-mueller-wolfgang-amade-mozart-piccolo-concerto-grosso\/","name":"Matthias Mueller - Wolfgang Amad\u00e9 Mozart: Piccolo Concerto Grosso - NEOS Music","isPartOf":{"@id":"https:\/\/neos-music.com\/#website"},"primaryImageOfPage":{"@id":"https:\/\/neos-music.com\/product\/matthias-mueller-wolfgang-amade-mozart-piccolo-concerto-grosso\/#primaryimage"},"image":{"@id":"https:\/\/neos-music.com\/product\/matthias-mueller-wolfgang-amade-mozart-piccolo-concerto-grosso\/#primaryimage"},"thumbnailUrl":"https:\/\/i0.wp.com\/neos-music.com\/wp-content\/uploads\/2022\/11\/NEOS_21704_Piccolo_Concerto_Grosso.jpeg?fit=1648%2C1484&ssl=1","datePublished":"2017-07-08T14:50:26+00:00","dateModified":"2023-05-22T22:37:07+00:00","breadcrumb":{"@id":"https:\/\/neos-music.com\/product\/matthias-mueller-wolfgang-amade-mozart-piccolo-concerto-grosso\/#breadcrumb"},"inLanguage":"en-US","potentialAction":[{"@type":"ReadAction","target":["https:\/\/neos-music.com\/product\/matthias-mueller-wolfgang-amade-mozart-piccolo-concerto-grosso\/"]}]},{"@type":"ImageObject","inLanguage":"en-US","@id":"https:\/\/neos-music.com\/product\/matthias-mueller-wolfgang-amade-mozart-piccolo-concerto-grosso\/#primaryimage","url":"https:\/\/i0.wp.com\/neos-music.com\/wp-content\/uploads\/2022\/11\/NEOS_21704_Piccolo_Concerto_Grosso.jpeg?fit=1648%2C1484&ssl=1","contentUrl":"https:\/\/i0.wp.com\/neos-music.com\/wp-content\/uploads\/2022\/11\/NEOS_21704_Piccolo_Concerto_Grosso.jpeg?fit=1648%2C1484&ssl=1","width":1648,"height":1484},{"@type":"BreadcrumbList","@id":"https:\/\/neos-music.com\/product\/matthias-mueller-wolfgang-amade-mozart-piccolo-concerto-grosso\/#breadcrumb","itemListElement":[{"@type":"ListItem","position":1,"name":"Startseite","item":"https:\/\/neos-music.com\/"},{"@type":"ListItem","position":2,"name":"Produkte","item":"https:\/\/neos-music.com\/shop__trashed\/"},{"@type":"ListItem","position":3,"name":"Matthias Mueller &#8211; Wolfgang Amad\u00e9 Mozart: Piccolo Concerto Grosso"}]},{"@type":"WebSite","@id":"https:\/\/neos-music.com\/#website","url":"https:\/\/neos-music.com\/","name":"NEOS Music","description":"Dein Online Shop f\u00fcr zeitgen\u00f6ssische Musik, Jazz und Classics!","publisher":{"@id":"https:\/\/neos-music.com\/#organization"},"potentialAction":[{"@type":"SearchAction","target":{"@type":"EntryPoint","urlTemplate":"https:\/\/neos-music.com\/?s={search_term_string}"},"query-input":{"@type":"PropertyValueSpecification","valueRequired":true,"valueName":"search_term_string"}}],"inLanguage":"en-US"},{"@type":"Organization","@id":"https:\/\/neos-music.com\/#organization","name":"NEOS Music","url":"https:\/\/neos-music.com\/","logo":{"@type":"ImageObject","inLanguage":"en-US","@id":"https:\/\/neos-music.com\/#\/schema\/logo\/image\/","url":"https:\/\/i0.wp.com\/neos-music.com\/wp-content\/uploads\/2025\/08\/NEOS-Logo-weiss.png?fit=800%2C203&ssl=1","contentUrl":"https:\/\/i0.wp.com\/neos-music.com\/wp-content\/uploads\/2025\/08\/NEOS-Logo-weiss.png?fit=800%2C203&ssl=1","width":800,"height":203,"caption":"NEOS Music"},"image":{"@id":"https:\/\/neos-music.com\/#\/schema\/logo\/image\/"}}]}},"jetpack_sharing_enabled":true,"_links":{"self":[{"href":"https:\/\/neos-music.com\/en_us\/wp-json\/wp\/v2\/product\/2721","targetHints":{"allow":["GET"]}}],"collection":[{"href":"https:\/\/neos-music.com\/en_us\/wp-json\/wp\/v2\/product"}],"about":[{"href":"https:\/\/neos-music.com\/en_us\/wp-json\/wp\/v2\/types\/product"}],"version-history":[{"count":0,"href":"https:\/\/neos-music.com\/en_us\/wp-json\/wp\/v2\/product\/2721\/revisions"}],"wp:featuredmedia":[{"embeddable":true,"href":"https:\/\/neos-music.com\/en_us\/wp-json\/wp\/v2\/media\/2722"}],"wp:attachment":[{"href":"https:\/\/neos-music.com\/en_us\/wp-json\/wp\/v2\/media?parent=2721"}],"wp:term":[{"taxonomy":"product_brand","embeddable":true,"href":"https:\/\/neos-music.com\/en_us\/wp-json\/wp\/v2\/product_brand?post=2721"},{"taxonomy":"product_cat","embeddable":true,"href":"https:\/\/neos-music.com\/en_us\/wp-json\/wp\/v2\/product_cat?post=2721"},{"taxonomy":"product_tag","embeddable":true,"href":"https:\/\/neos-music.com\/en_us\/wp-json\/wp\/v2\/product_tag?post=2721"}],"curies":[{"name":"wp","href":"https:\/\/api.w.org\/{rel}","templated":true}]}}