{"id":2727,"date":"2017-06-03T15:00:11","date_gmt":"2017-06-03T15:00:11","guid":{"rendered":"https:\/\/neos-music.com\/?post_type=product&#038;p=2727"},"modified":"2023-05-22T22:41:16","modified_gmt":"2023-05-22T22:41:16","slug":"georges-aperghis-musica-viva-vol-28-concerto-pour-accordeon-six-etudes","status":"publish","type":"product","link":"https:\/\/neos-music.com\/en_us\/product\/georges-aperghis-musica-viva-vol-28-concerto-pour-accordeon-six-etudes\/","title":{"rendered":"Georges Aperghis: musica viva vol. 28 &#8211; Concerto pour accord\u00e9on \/ Six \u00c9tudes"},"content":{"rendered":"<p>Programm:<\/p>\n<p><b><a class=\"arcoma_glossarylink\" href=\"https:\/\/neos-music.com\/output.php?content=Kuenstler\/Georges_Aperghis.php&amp;treplace=english%2Cgerman\" target=\"_self\" rel=\"noopener\">Georges Aperghis<\/a><\/b>\u00a0(*1945)<\/p>\n<p>[01]\u00a0<b>Concerto pour\u00a0accord\u00e9on<\/b>\u00a0(2014\/2015) f\u00fcr Akkordeon\u00a0<b>27:59<\/b><br \/>\n<i>Urauff\u00fchrung<\/i><\/p>\n<p><b><\/b><\/p>\n<p><b>Six \u00c9tudes<\/b>\u00a0(2012-2014) f\u00fcr gro\u00dfes Orchester<b>31:46<\/b><br \/>\n[02]\u00a0<b>\u00c9tude I<\/b>\u00a003:03<br \/>\n[03]\u00a0<b>\u00c9tude II<\/b>\u00a002:17<br \/>\n[04]\u00a0<b>\u00c9tude III<\/b>\u00a008:41<br \/>\n[05]\u00a0<b>\u00c9tude IV<\/b>\u00a005:54<br \/>\n[06]\u00a0<b>\u00c9tude\u00a0V<\/b>\u00a010:05<br \/>\n[07]\u00a0<b>\u00c9tude\u00a0VI<\/b>\u00a001:46<\/p>\n<p>&nbsp;<\/p>\n<p>Gesamtspielzeit:\u00a060:52<\/p>\n<p>&nbsp;<\/p>\n<p>Teodoro Anzellotti, Akkordeon<br \/>\nSymphonieorchester des Bayerischen Rundfunks<br \/>\n<a class=\"arcoma_glossarylink\" href=\"https:\/\/neos-music.com\/output.php?content=Kuenstler\/Pomarico_Emilio.php&amp;treplace=english%2Cgerman\" target=\"_self\" rel=\"noopener\">Emilio Pom\u00e0rico<\/a>, Dirigent<\/p>\n<p><i><\/i><\/p>\n<p><i>Live recordings<\/i><\/p>\n<p>Pressestimmen:<\/p>\n<p><img data-recalc-dims=\"1\" decoding=\"async\" src=\"https:\/\/i0.wp.com\/neos-music.com\/wp-content\/uploads\/2023\/05\/logo_NeueZeitschriftMusik_NEU.jpg?ssl=1\" alt=\"\" \/><\/p>\n<p>#1_2018<\/p>\n<p>(&#8230;) Dass Aperghis (auch) ein Mann des Musiktheaters ist, der mit kleinsten mitteln gro\u00dfe Wirkungen erzielen kann, ist in diesem Concerto eindringlich sp\u00fcrbar. Er nutzt den gro\u00dfen Apparat, er beherrscht ihn und bringt ihn fulminant zur Geltung, ohne ins Breitwandformat abzugleiten und sich verf\u00fchren zu lassen, die Mittel \u00fcber den Zweck zu stellen. Der Solist ist Theodoro Anzellotti, der wie kein anderer als Akkordeonist der Neuen Musik gilt und wesentlich dazu beitrug und -tr\u00e4gt, dass sein Instrument im Kontext des Zeitgen\u00f6ssischen nicht mehr wegzudenken ist.<\/p>\n<p>Sein Begleiter und Partner auf Augenh\u00f6he ist das Symphonieorchester des Bayerischen Rundfunks unter der Leitung von Emilio Pom\u00e0rico &#8211; und beide loten, wie Aperghis es formuliert, die Frage aus, wie das Orchester Akkordeon werden kann und umgekehrt.\u00a0(&#8230;)<\/p>\n<p>Egbert Hiller<\/p>\n<p>&nbsp;<\/p>\n<p><img data-recalc-dims=\"1\" decoding=\"async\" src=\"https:\/\/i0.wp.com\/neos-music.com\/wp-content\/uploads\/2023\/05\/logo_FonoForum.gif?ssl=1\" alt=\"\" \/><\/p>\n<p>12\/2017<\/p>\n<p>(&#8230;) Georges Aperghis ist einer der profiliertesten Schreiber Neuer Musik. Seine Werke zeichnen sich durch enorme Klangsinnlichkeit aus, ohne jemals in den Verdacht zu kommen, sentimental oder postromantisch zu wirken. Im Akkordeonkonzert bekommt Anzellotti zus\u00e4tzliche Sch\u00fctzenhilfe von der Orgel; das t\u00f6nt verwandtschaftlich, immerhin ziehen beide Instrumente ihre T\u00f6ne aus dem Luftstrom. Und immer tritt das Orchester farblich als Gegenpart an: Mit scharfkantigen Blechbl\u00e4sern oder perkussiven Eins\u00e4tzen. Auch die &#8222;Six\u00a0\u00e9tudes&#8220; f\u00fcr gro\u00dfes Orchester leben von ungew\u00f6hnlichen Klangallianzen, auch mit der Orgel. Dass es \u00fcberhaupt m\u00f6glich ist, einen solch traditionellen Apparat wie ein\u00a0Sinfonieorchester aus den Fu\u00dffallen der eigenen Klanglichkeit herauszuf\u00fchren, ist schon Verdienst genug!<\/p>\n<p><i>Tilman Urbach<\/i><\/p>\n","protected":false},"excerpt":{"rendered":"<p>Programm: Georges Aperghis\u00a0(*1945) [01]\u00a0Concerto pour\u00a0accord\u00e9on\u00a0(2014\/2015) f\u00fcr Akkordeon\u00a027:59 Urauff\u00fchrung Six \u00c9tudes\u00a0(2012-2014) f\u00fcr gro\u00dfes Orchester31:46 [02]\u00a0\u00c9tude I\u00a003:03 [03]\u00a0\u00c9tude II\u00a002:17 [04]\u00a0\u00c9tude III\u00a008:41 [05]\u00a0\u00c9tude IV\u00a005:54 [06]\u00a0\u00c9tude\u00a0V\u00a010:05 [07]\u00a0\u00c9tude\u00a0VI\u00a001:46 &nbsp; Gesamtspielzeit:\u00a060:52 &nbsp; Teodoro Anzellotti, Akkordeon Symphonieorchester des Bayerischen Rundfunks Emilio Pom\u00e0rico, Dirigent Live recordings Pressestimmen: #1_2018 (&#8230;) Dass Aperghis (auch) ein Mann des Musiktheaters ist, der mit kleinsten mitteln gro\u00dfe Wirkungen [&hellip;]<\/p>\n","protected":false},"featured_media":2728,"template":"","meta":{"site-sidebar-layout":"default","site-content-layout":"default","ast-site-content-layout":"default","site-content-style":"default","site-sidebar-style":"default","ast-global-header-display":"","ast-banner-title-visibility":"","ast-main-header-display":"","ast-hfb-above-header-display":"","ast-hfb-below-header-display":"","ast-hfb-mobile-header-display":"","site-post-title":"","ast-breadcrumbs-content":"","ast-featured-img":"","footer-sml-layout":"","theme-transparent-header-meta":"default","adv-header-id-meta":"","stick-header-meta":"","header-above-stick-meta":"","header-main-stick-meta":"","header-below-stick-meta":"","astra-migrate-meta-layouts":"default","ast-page-background-enabled":"default","ast-page-background-meta":{"desktop":{"background-color":"","background-image":"","background-repeat":"repeat","background-position":"center center","background-size":"auto","background-attachment":"scroll","background-type":"","background-media":"","overlay-type":"","overlay-color":"","overlay-opacity":"","overlay-gradient":""},"tablet":{"background-color":"","background-image":"","background-repeat":"repeat","background-position":"center center","background-size":"auto","background-attachment":"scroll","background-type":"","background-media":"","overlay-type":"","overlay-color":"","overlay-opacity":"","overlay-gradient":""},"mobile":{"background-color":"","background-image":"","background-repeat":"repeat","background-position":"center center","background-size":"auto","background-attachment":"scroll","background-type":"","background-media":"","overlay-type":"","overlay-color":"","overlay-opacity":"","overlay-gradient":""}},"ast-content-background-meta":{"desktop":{"background-color":"var(--ast-global-color-5)","background-image":"","background-repeat":"repeat","background-position":"center center","background-size":"auto","background-attachment":"scroll","background-type":"","background-media":"","overlay-type":"","overlay-color":"","overlay-opacity":"","overlay-gradient":""},"tablet":{"background-color":"var(--ast-global-color-5)","background-image":"","background-repeat":"repeat","background-position":"center center","background-size":"auto","background-attachment":"scroll","background-type":"","background-media":"","overlay-type":"","overlay-color":"","overlay-opacity":"","overlay-gradient":""},"mobile":{"background-color":"var(--ast-global-color-5)","background-image":"","background-repeat":"repeat","background-position":"center center","background-size":"auto","background-attachment":"scroll","background-type":"","background-media":"","overlay-type":"","overlay-color":"","overlay-opacity":"","overlay-gradient":""}}},"product_brand":[],"product_cat":[26],"product_tag":[],"class_list":{"0":"post-2727","1":"product","2":"type-product","3":"status-publish","4":"has-post-thumbnail","6":"product_cat-zeitgenossische-musik","7":"pa_artikelnummer-neos-11728","8":"pa_brand-neos-music","9":"pa_ean-288","10":"desktop-align-left","11":"tablet-align-left","12":"mobile-align-left","14":"first","15":"instock","16":"taxable","17":"shipping-taxable","18":"purchasable","19":"product-type-simple"},"yoast_head":"<!-- This site is optimized with the Yoast SEO plugin v27.3 - https:\/\/yoast.com\/product\/yoast-seo-wordpress\/ -->\n<title>Georges Aperghis: musica viva vol. 28 - Concerto pour accord\u00e9on \/ Six \u00c9tudes - NEOS Music<\/title>\n<meta name=\"robots\" content=\"index, follow, max-snippet:-1, max-image-preview:large, max-video-preview:-1\" \/>\n<link rel=\"canonical\" href=\"https:\/\/neos-music.com\/en_us\/product\/georges-aperghis-musica-viva-vol-28-concerto-pour-accordeon-six-etudes\/\" \/>\n<meta property=\"og:locale\" content=\"en_US\" \/>\n<meta property=\"og:type\" content=\"article\" \/>\n<meta property=\"og:title\" content=\"Georges Aperghis: musica viva vol. 28 - Concerto pour accord\u00e9on \/ Six \u00c9tudes - NEOS Music\" \/>\n<meta property=\"og:description\" content=\"Programm: Georges Aperghis\u00a0(*1945) [01]\u00a0Concerto pour\u00a0accord\u00e9on\u00a0(2014\/2015) f\u00fcr Akkordeon\u00a027:59 Urauff\u00fchrung Six \u00c9tudes\u00a0(2012-2014) f\u00fcr gro\u00dfes Orchester31:46 [02]\u00a0\u00c9tude I\u00a003:03 [03]\u00a0\u00c9tude II\u00a002:17 [04]\u00a0\u00c9tude III\u00a008:41 [05]\u00a0\u00c9tude IV\u00a005:54 [06]\u00a0\u00c9tude\u00a0V\u00a010:05 [07]\u00a0\u00c9tude\u00a0VI\u00a001:46 &nbsp; Gesamtspielzeit:\u00a060:52 &nbsp; Teodoro Anzellotti, Akkordeon Symphonieorchester des Bayerischen Rundfunks Emilio Pom\u00e0rico, Dirigent Live recordings Pressestimmen: #1_2018 (&#8230;) Dass Aperghis (auch) ein Mann des Musiktheaters ist, der mit kleinsten mitteln gro\u00dfe Wirkungen [&hellip;]\" \/>\n<meta property=\"og:url\" content=\"https:\/\/neos-music.com\/en_us\/product\/georges-aperghis-musica-viva-vol-28-concerto-pour-accordeon-six-etudes\/\" \/>\n<meta property=\"og:site_name\" content=\"NEOS Music\" \/>\n<meta property=\"article:modified_time\" content=\"2023-05-22T22:41:16+00:00\" \/>\n<meta property=\"og:image\" content=\"https:\/\/neos-music.com\/wp-content\/uploads\/2022\/11\/NEOS_11728_mv28_Aperghis.jpeg\" \/>\n\t<meta property=\"og:image:width\" content=\"1648\" \/>\n\t<meta property=\"og:image:height\" content=\"1483\" \/>\n\t<meta property=\"og:image:type\" content=\"image\/jpeg\" \/>\n<meta name=\"twitter:card\" content=\"summary_large_image\" \/>\n<meta name=\"twitter:label1\" content=\"Est. reading time\" \/>\n\t<meta name=\"twitter:data1\" content=\"3 minutes\" \/>\n<script type=\"application\/ld+json\" class=\"yoast-schema-graph\">{\"@context\":\"https:\\\/\\\/schema.org\",\"@graph\":[{\"@type\":\"WebPage\",\"@id\":\"https:\\\/\\\/neos-music.com\\\/product\\\/georges-aperghis-musica-viva-vol-28-concerto-pour-accordeon-six-etudes\\\/\",\"url\":\"https:\\\/\\\/neos-music.com\\\/product\\\/georges-aperghis-musica-viva-vol-28-concerto-pour-accordeon-six-etudes\\\/\",\"name\":\"Georges Aperghis: musica viva vol. 28 - Concerto pour accord\u00e9on \\\/ Six \u00c9tudes - NEOS Music\",\"isPartOf\":{\"@id\":\"https:\\\/\\\/neos-music.com\\\/#website\"},\"primaryImageOfPage\":{\"@id\":\"https:\\\/\\\/neos-music.com\\\/product\\\/georges-aperghis-musica-viva-vol-28-concerto-pour-accordeon-six-etudes\\\/#primaryimage\"},\"image\":{\"@id\":\"https:\\\/\\\/neos-music.com\\\/product\\\/georges-aperghis-musica-viva-vol-28-concerto-pour-accordeon-six-etudes\\\/#primaryimage\"},\"thumbnailUrl\":\"https:\\\/\\\/i0.wp.com\\\/neos-music.com\\\/wp-content\\\/uploads\\\/2022\\\/11\\\/NEOS_11728_mv28_Aperghis.jpeg?fit=1648%2C1483&ssl=1\",\"datePublished\":\"2017-06-03T15:00:11+00:00\",\"dateModified\":\"2023-05-22T22:41:16+00:00\",\"breadcrumb\":{\"@id\":\"https:\\\/\\\/neos-music.com\\\/product\\\/georges-aperghis-musica-viva-vol-28-concerto-pour-accordeon-six-etudes\\\/#breadcrumb\"},\"inLanguage\":\"en-US\",\"potentialAction\":[{\"@type\":\"ReadAction\",\"target\":[\"https:\\\/\\\/neos-music.com\\\/product\\\/georges-aperghis-musica-viva-vol-28-concerto-pour-accordeon-six-etudes\\\/\"]}]},{\"@type\":\"ImageObject\",\"inLanguage\":\"en-US\",\"@id\":\"https:\\\/\\\/neos-music.com\\\/product\\\/georges-aperghis-musica-viva-vol-28-concerto-pour-accordeon-six-etudes\\\/#primaryimage\",\"url\":\"https:\\\/\\\/i0.wp.com\\\/neos-music.com\\\/wp-content\\\/uploads\\\/2022\\\/11\\\/NEOS_11728_mv28_Aperghis.jpeg?fit=1648%2C1483&ssl=1\",\"contentUrl\":\"https:\\\/\\\/i0.wp.com\\\/neos-music.com\\\/wp-content\\\/uploads\\\/2022\\\/11\\\/NEOS_11728_mv28_Aperghis.jpeg?fit=1648%2C1483&ssl=1\",\"width\":1648,\"height\":1483},{\"@type\":\"BreadcrumbList\",\"@id\":\"https:\\\/\\\/neos-music.com\\\/product\\\/georges-aperghis-musica-viva-vol-28-concerto-pour-accordeon-six-etudes\\\/#breadcrumb\",\"itemListElement\":[{\"@type\":\"ListItem\",\"position\":1,\"name\":\"Startseite\",\"item\":\"https:\\\/\\\/neos-music.com\\\/\"},{\"@type\":\"ListItem\",\"position\":2,\"name\":\"Produkte\",\"item\":\"https:\\\/\\\/neos-music.com\\\/shop__trashed\\\/\"},{\"@type\":\"ListItem\",\"position\":3,\"name\":\"Georges Aperghis: musica viva vol. 28 &#8211; Concerto pour accord\u00e9on \\\/ Six \u00c9tudes\"}]},{\"@type\":\"WebSite\",\"@id\":\"https:\\\/\\\/neos-music.com\\\/#website\",\"url\":\"https:\\\/\\\/neos-music.com\\\/\",\"name\":\"NEOS Music\",\"description\":\"Dein Online Shop f\u00fcr zeitgen\u00f6ssische Musik, Jazz und Classics!\",\"publisher\":{\"@id\":\"https:\\\/\\\/neos-music.com\\\/#organization\"},\"potentialAction\":[{\"@type\":\"SearchAction\",\"target\":{\"@type\":\"EntryPoint\",\"urlTemplate\":\"https:\\\/\\\/neos-music.com\\\/?s={search_term_string}\"},\"query-input\":{\"@type\":\"PropertyValueSpecification\",\"valueRequired\":true,\"valueName\":\"search_term_string\"}}],\"inLanguage\":\"en-US\"},{\"@type\":\"Organization\",\"@id\":\"https:\\\/\\\/neos-music.com\\\/#organization\",\"name\":\"NEOS Music\",\"url\":\"https:\\\/\\\/neos-music.com\\\/\",\"logo\":{\"@type\":\"ImageObject\",\"inLanguage\":\"en-US\",\"@id\":\"https:\\\/\\\/neos-music.com\\\/#\\\/schema\\\/logo\\\/image\\\/\",\"url\":\"https:\\\/\\\/i0.wp.com\\\/neos-music.com\\\/wp-content\\\/uploads\\\/2025\\\/08\\\/NEOS-Logo-weiss.png?fit=800%2C203&ssl=1\",\"contentUrl\":\"https:\\\/\\\/i0.wp.com\\\/neos-music.com\\\/wp-content\\\/uploads\\\/2025\\\/08\\\/NEOS-Logo-weiss.png?fit=800%2C203&ssl=1\",\"width\":800,\"height\":203,\"caption\":\"NEOS Music\"},\"image\":{\"@id\":\"https:\\\/\\\/neos-music.com\\\/#\\\/schema\\\/logo\\\/image\\\/\"}}]}<\/script>\n<!-- \/ Yoast SEO plugin. -->","yoast_head_json":{"title":"Georges Aperghis: musica viva vol. 28 - Concerto pour accord\u00e9on \/ Six \u00c9tudes - NEOS Music","robots":{"index":"index","follow":"follow","max-snippet":"max-snippet:-1","max-image-preview":"max-image-preview:large","max-video-preview":"max-video-preview:-1"},"canonical":"https:\/\/neos-music.com\/en_us\/product\/georges-aperghis-musica-viva-vol-28-concerto-pour-accordeon-six-etudes\/","og_locale":"en_US","og_type":"article","og_title":"Georges Aperghis: musica viva vol. 28 - Concerto pour accord\u00e9on \/ Six \u00c9tudes - NEOS Music","og_description":"Programm: Georges Aperghis\u00a0(*1945) [01]\u00a0Concerto pour\u00a0accord\u00e9on\u00a0(2014\/2015) f\u00fcr Akkordeon\u00a027:59 Urauff\u00fchrung Six \u00c9tudes\u00a0(2012-2014) f\u00fcr gro\u00dfes Orchester31:46 [02]\u00a0\u00c9tude I\u00a003:03 [03]\u00a0\u00c9tude II\u00a002:17 [04]\u00a0\u00c9tude III\u00a008:41 [05]\u00a0\u00c9tude IV\u00a005:54 [06]\u00a0\u00c9tude\u00a0V\u00a010:05 [07]\u00a0\u00c9tude\u00a0VI\u00a001:46 &nbsp; Gesamtspielzeit:\u00a060:52 &nbsp; Teodoro Anzellotti, Akkordeon Symphonieorchester des Bayerischen Rundfunks Emilio Pom\u00e0rico, Dirigent Live recordings Pressestimmen: #1_2018 (&#8230;) Dass Aperghis (auch) ein Mann des Musiktheaters ist, der mit kleinsten mitteln gro\u00dfe Wirkungen [&hellip;]","og_url":"https:\/\/neos-music.com\/en_us\/product\/georges-aperghis-musica-viva-vol-28-concerto-pour-accordeon-six-etudes\/","og_site_name":"NEOS Music","article_modified_time":"2023-05-22T22:41:16+00:00","og_image":[{"width":1648,"height":1483,"url":"https:\/\/neos-music.com\/wp-content\/uploads\/2022\/11\/NEOS_11728_mv28_Aperghis.jpeg","type":"image\/jpeg"}],"twitter_card":"summary_large_image","twitter_misc":{"Est. reading time":"3 minutes"},"schema":{"@context":"https:\/\/schema.org","@graph":[{"@type":"WebPage","@id":"https:\/\/neos-music.com\/product\/georges-aperghis-musica-viva-vol-28-concerto-pour-accordeon-six-etudes\/","url":"https:\/\/neos-music.com\/product\/georges-aperghis-musica-viva-vol-28-concerto-pour-accordeon-six-etudes\/","name":"Georges Aperghis: musica viva vol. 28 - Concerto pour accord\u00e9on \/ Six \u00c9tudes - NEOS Music","isPartOf":{"@id":"https:\/\/neos-music.com\/#website"},"primaryImageOfPage":{"@id":"https:\/\/neos-music.com\/product\/georges-aperghis-musica-viva-vol-28-concerto-pour-accordeon-six-etudes\/#primaryimage"},"image":{"@id":"https:\/\/neos-music.com\/product\/georges-aperghis-musica-viva-vol-28-concerto-pour-accordeon-six-etudes\/#primaryimage"},"thumbnailUrl":"https:\/\/i0.wp.com\/neos-music.com\/wp-content\/uploads\/2022\/11\/NEOS_11728_mv28_Aperghis.jpeg?fit=1648%2C1483&ssl=1","datePublished":"2017-06-03T15:00:11+00:00","dateModified":"2023-05-22T22:41:16+00:00","breadcrumb":{"@id":"https:\/\/neos-music.com\/product\/georges-aperghis-musica-viva-vol-28-concerto-pour-accordeon-six-etudes\/#breadcrumb"},"inLanguage":"en-US","potentialAction":[{"@type":"ReadAction","target":["https:\/\/neos-music.com\/product\/georges-aperghis-musica-viva-vol-28-concerto-pour-accordeon-six-etudes\/"]}]},{"@type":"ImageObject","inLanguage":"en-US","@id":"https:\/\/neos-music.com\/product\/georges-aperghis-musica-viva-vol-28-concerto-pour-accordeon-six-etudes\/#primaryimage","url":"https:\/\/i0.wp.com\/neos-music.com\/wp-content\/uploads\/2022\/11\/NEOS_11728_mv28_Aperghis.jpeg?fit=1648%2C1483&ssl=1","contentUrl":"https:\/\/i0.wp.com\/neos-music.com\/wp-content\/uploads\/2022\/11\/NEOS_11728_mv28_Aperghis.jpeg?fit=1648%2C1483&ssl=1","width":1648,"height":1483},{"@type":"BreadcrumbList","@id":"https:\/\/neos-music.com\/product\/georges-aperghis-musica-viva-vol-28-concerto-pour-accordeon-six-etudes\/#breadcrumb","itemListElement":[{"@type":"ListItem","position":1,"name":"Startseite","item":"https:\/\/neos-music.com\/"},{"@type":"ListItem","position":2,"name":"Produkte","item":"https:\/\/neos-music.com\/shop__trashed\/"},{"@type":"ListItem","position":3,"name":"Georges Aperghis: musica viva vol. 28 &#8211; Concerto pour accord\u00e9on \/ Six \u00c9tudes"}]},{"@type":"WebSite","@id":"https:\/\/neos-music.com\/#website","url":"https:\/\/neos-music.com\/","name":"NEOS Music","description":"Dein Online Shop f\u00fcr zeitgen\u00f6ssische Musik, Jazz und Classics!","publisher":{"@id":"https:\/\/neos-music.com\/#organization"},"potentialAction":[{"@type":"SearchAction","target":{"@type":"EntryPoint","urlTemplate":"https:\/\/neos-music.com\/?s={search_term_string}"},"query-input":{"@type":"PropertyValueSpecification","valueRequired":true,"valueName":"search_term_string"}}],"inLanguage":"en-US"},{"@type":"Organization","@id":"https:\/\/neos-music.com\/#organization","name":"NEOS Music","url":"https:\/\/neos-music.com\/","logo":{"@type":"ImageObject","inLanguage":"en-US","@id":"https:\/\/neos-music.com\/#\/schema\/logo\/image\/","url":"https:\/\/i0.wp.com\/neos-music.com\/wp-content\/uploads\/2025\/08\/NEOS-Logo-weiss.png?fit=800%2C203&ssl=1","contentUrl":"https:\/\/i0.wp.com\/neos-music.com\/wp-content\/uploads\/2025\/08\/NEOS-Logo-weiss.png?fit=800%2C203&ssl=1","width":800,"height":203,"caption":"NEOS Music"},"image":{"@id":"https:\/\/neos-music.com\/#\/schema\/logo\/image\/"}}]}},"jetpack_sharing_enabled":true,"_links":{"self":[{"href":"https:\/\/neos-music.com\/en_us\/wp-json\/wp\/v2\/product\/2727","targetHints":{"allow":["GET"]}}],"collection":[{"href":"https:\/\/neos-music.com\/en_us\/wp-json\/wp\/v2\/product"}],"about":[{"href":"https:\/\/neos-music.com\/en_us\/wp-json\/wp\/v2\/types\/product"}],"version-history":[{"count":0,"href":"https:\/\/neos-music.com\/en_us\/wp-json\/wp\/v2\/product\/2727\/revisions"}],"wp:featuredmedia":[{"embeddable":true,"href":"https:\/\/neos-music.com\/en_us\/wp-json\/wp\/v2\/media\/2728"}],"wp:attachment":[{"href":"https:\/\/neos-music.com\/en_us\/wp-json\/wp\/v2\/media?parent=2727"}],"wp:term":[{"taxonomy":"product_brand","embeddable":true,"href":"https:\/\/neos-music.com\/en_us\/wp-json\/wp\/v2\/product_brand?post=2727"},{"taxonomy":"product_cat","embeddable":true,"href":"https:\/\/neos-music.com\/en_us\/wp-json\/wp\/v2\/product_cat?post=2727"},{"taxonomy":"product_tag","embeddable":true,"href":"https:\/\/neos-music.com\/en_us\/wp-json\/wp\/v2\/product_tag?post=2727"}],"curies":[{"name":"wp","href":"https:\/\/api.w.org\/{rel}","templated":true}]}}