{"id":2731,"date":"2017-03-25T15:04:46","date_gmt":"2017-03-25T15:04:46","guid":{"rendered":"https:\/\/neos-music.com\/?post_type=product&#038;p=2731"},"modified":"2023-05-22T22:49:19","modified_gmt":"2023-05-22T22:49:19","slug":"helmut-oehring-angelus-novus-ii","status":"publish","type":"product","link":"https:\/\/neos-music.com\/en_us\/product\/helmut-oehring-angelus-novus-ii\/","title":{"rendered":"Helmut Oehring: ANGELUS NOVUS II"},"content":{"rendered":"<p>Programm:<\/p>\n<table border=\"0\" width=\"100%\" rules=\"none\" cellspacing=\"0\" cellpadding=\"0\">\n<tbody>\n<tr>\n<td class=\"bigcontent2\">\n<div id=\"tracks\">\n<p>Helmut Oehring\u00a0(*1961)<br \/>\n<b>ANGELUS NOVUS II<br \/>\n<\/b>Collage instrumental-vocal mis-en-sc\u00e8ne (2014)<\/p>\n<p>[01]\u00a0<b>Intro (Insert 1: Musik &amp; Medienkunst)<\/b>\u00a000:48<br \/>\n[02]\u00a0<b>PROLOG \u2013 Ankunft \/\u2009Abschied<\/b>\u00a01 09:32<br \/>\n[03]\u00a0<b>Passage Ia Berlin 1921\u2009\/\u2009Ibiza 1933<\/b>\u00a001:15<br \/>\n[04]\u00a0<b>Abschiedskammer\u2009\/\u2009Dunkelkammer 1 (Insert 2: Karim Younis)<\/b>\u00a003:28<br \/>\n[05]\u00a0<b>Passage Ib Berlin 1921\u2009\/\u2009Ibiza 1933<\/b>\u00a025:58<br \/>\n[06]\u00a0<b>Passage II Marseille 1932\u2009\/\u2009Nizza 1933 (Insert 3: BOV: Michael Harenberg, Daniel Weissberg, Ernesto Molinari)<\/b>\u00a000:35<br \/>\n[07]\u00a0<b>Passage III Paris 1939\u2009\/\u2009Port Bou 1940<\/b>\u00a020:33<br \/>\n[08]\u00a0<b>EPILOG \u2013 Ankunft \/\u2009Abschied<\/b>\u00a02 03:21<\/p>\n<p>total playing time: 65:34<\/p>\n<p>&nbsp;<\/p>\n<p>VERTIGO Ensemble Hochschule der K\u00fcnste Bern<br \/>\nHelmut Oehring, composition<br \/>\nStefanie W\u00f6rdemann, concept &amp; libretto<br \/>\nLennart Dohms, conductor<br \/>\n<a class=\"arcoma_glossarylink\" href=\"https:\/\/neos-music.com\/output.php?content=Kuenstler\/Piccand_Benoit.php&amp;treplace=english%2Cgerman\" target=\"_self\" rel=\"noopener\">Beno\u00eet Piccand<\/a>, Beat M\u00fcller, Samuel Gfeller, live audio<br \/>\nMirella Weingarten, staging<br \/>\nAngela Koerfer-B\u00fcrger, stage direction<\/p>\n<p>A stream of the complete performance is available on\u00a0<a class=\"arcoma_editor_link\" href=\"https:\/\/neos-music.com\/output.php?template=german-album-details.php&amp;content=Alben\/11700.php#\" target=\"_blank\" rel=\"noopener\">helmutoehring.de<\/a>\u00a0and\u00a0<a class=\"arcoma_editor_link\" href=\"https:\/\/neos-music.com\/output.php?template=german-album-details.php&amp;content=Alben\/11700.php#\" target=\"_blank\" rel=\"noopener\">lowmusicproduction.com<\/a><\/p>\n<p>Recorded live at Dampfzentrale Bern, 24\u201325 January 2015<br \/>\nRecording engineer: Beno\u00eet Piccand<\/p>\n<\/div>\n<\/td>\n<td><\/td>\n<\/tr>\n<\/tbody>\n<\/table>\n<p>Pressestimmen:<\/p>\n<table border=\"0\" width=\"100%\" rules=\"none\" cellspacing=\"0\" cellpadding=\"0\">\n<tbody>\n<tr>\n<td class=\"bigcontent2\">\n<div id=\"press\">\n<p><img data-recalc-dims=\"1\" decoding=\"async\" src=\"https:\/\/i0.wp.com\/neos-music.com\/wp-content\/uploads\/2023\/05\/logo_neue_musikzeitung.jpg?ssl=1\" alt=\"\" \/><br \/>\n12 \/ 2018<\/p>\n<p>In der Rubrik\u00a0<b><u>Tontr\u00e4ger-Bilanz 2018<\/u><\/b>\u00a0unter der \u00dcberschrift &#8222;Jubilare, Rarit\u00e4ten und Archivsch\u00e4tze&#8220;\u00a0schreibt Hans Dieter Gr\u00fcnefeld:<\/p>\n<p>Vokalpartien, Kammerensemble, Rock- und Jazzband hat Helmut Oehring zur komplexen multimedialen Collage &#8222;Angelus Novus II&#8220; im Gedenken an die Flucht vor Nazi-Verfolgung und den Selbstmord des Philosophen Walter Benjamin inszeniert. Auch ohne Kulisse ist die Musik plastisch, denn deren Gestaltung konturiert durch einpr\u00e4gsame Wechsel von Klang- \/ Ger\u00e4usch-Mischungen, Groove und Improvisation und vor allem dynamische KOntraste die existentielle Not.<\/p>\n<p>&nbsp;<\/p>\n<p><img data-recalc-dims=\"1\" decoding=\"async\" src=\"https:\/\/i0.wp.com\/neos-music.com\/wp-content\/uploads\/2023\/05\/logo_neue_musikzeitung.jpg?ssl=1\" alt=\"\" \/><\/p>\n<p>09 \/ 2017<\/p>\n<p>&#8222;Jeder, der hier mittut, soll etwas suchen und versuchen, das er oder sie in seinem Leben m\u00f6glicherweise noch nicht gemacht hat. Um eben auch dieses Glatteis der Ersch\u00fctterung, des Neuen, des Zerbrechlichen zu betreten.&#8220; Jeder hei\u00dft in Bezug auf Helmut Oehrings &#8222;Angelus Novus II&#8220;: Studierende und Dozierende der Hochschule der K\u00fcnste Bern, das VERTIGO Ensemble, ein Jazz-Trio, Operns\u00e4nger, Kammerchor, Sprecher (u.a. David Moss), T\u00e4nzer und Medienk\u00fcnstler, die ein kollektiver Arbeitsprozess verband. Der visuelle Aspekt dieser um Walter Benjamin und Paul Klee gleicherma\u00dfen kreisenden &#8222;Collage instrumental-vocal mis-en-sc\u00e8ne&#8220; ger\u00e4t im Medium CD naturgem\u00e4\u00df ins Hintertreffen, die musikalische Intensit\u00e4t der UA aus der Dampfzentrale Bern (2015) befl\u00fcgelt jedoch umso mehr die eigenen Assoziationen. Eine eindringliche Ortlosigkeit schwebt \u00fcber diesen mit suggestiven Textfragmenten und O-T\u00f6nen best\u00fcckten Klangbildern.<\/p>\n<p>Dirk Wieschollek<\/p>\n<p>&nbsp;<\/p>\n<p><img data-recalc-dims=\"1\" decoding=\"async\" src=\"https:\/\/i0.wp.com\/neos-music.com\/wp-content\/uploads\/2023\/05\/logo_NeueZeitschriftMusik_NEU.jpg?ssl=1\" alt=\"\" \/><\/p>\n<p># 5 2017<\/p>\n<p>&#8222;\u00dcber weite Strecken hinweg entfaltet sich das Werk als ein der Radiokunst vergleichbarer Diskurs, der, zusammengehalten durch den roten Faden von Stefanie Wordemanns Librettocollage aus Texten Walter Benjamins sowie durch Solisten wie David Moss (Stimme), Kai Wessel (Gesang) und Matthias Bauer (Kontrabass) unterschiedliche instrumentale, vokale und elektronische Elemente zu einer mosaikartigen Gesamtheit aus ausnotierten und durchl\u00e4ssigen, f\u00fcr die Interpreten\u00a0offenen Teilen verbindet.. Da knistert es suggestiv, tasten Stimmen vorsichtig nach Worten, f\u00fcgen sich zu Klangwolken, erklingen manipuliert oder werden von instrumentalen Schichten \u00fcberwuchert, all dies umrankt von zartem musikalischen Flechtwerk oder zerschnitten von brachialen energetischen Klangkeilen.&#8220;<\/p>\n<p>Stefan\u00a0Drees<\/p>\n<\/div>\n<\/td>\n<td><\/td>\n<\/tr>\n<\/tbody>\n<\/table>\n<p>&nbsp;<\/p>\n","protected":false},"excerpt":{"rendered":"<p>Programm: Helmut Oehring\u00a0(*1961) ANGELUS NOVUS II Collage instrumental-vocal mis-en-sc\u00e8ne (2014) [01]\u00a0Intro (Insert 1: Musik &amp; Medienkunst)\u00a000:48 [02]\u00a0PROLOG \u2013 Ankunft \/\u2009Abschied\u00a01 09:32 [03]\u00a0Passage Ia Berlin 1921\u2009\/\u2009Ibiza 1933\u00a001:15 [04]\u00a0Abschiedskammer\u2009\/\u2009Dunkelkammer 1 (Insert 2: Karim Younis)\u00a003:28 [05]\u00a0Passage Ib Berlin 1921\u2009\/\u2009Ibiza 1933\u00a025:58 [06]\u00a0Passage II Marseille 1932\u2009\/\u2009Nizza 1933 (Insert 3: BOV: Michael Harenberg, Daniel Weissberg, Ernesto Molinari)\u00a000:35 [07]\u00a0Passage III Paris 1939\u2009\/\u2009Port [&hellip;]<\/p>\n","protected":false},"featured_media":2732,"template":"","meta":{"site-sidebar-layout":"default","site-content-layout":"default","ast-site-content-layout":"default","site-content-style":"default","site-sidebar-style":"default","ast-global-header-display":"","ast-banner-title-visibility":"","ast-main-header-display":"","ast-hfb-above-header-display":"","ast-hfb-below-header-display":"","ast-hfb-mobile-header-display":"","site-post-title":"","ast-breadcrumbs-content":"","ast-featured-img":"","footer-sml-layout":"","theme-transparent-header-meta":"default","adv-header-id-meta":"","stick-header-meta":"","header-above-stick-meta":"","header-main-stick-meta":"","header-below-stick-meta":"","astra-migrate-meta-layouts":"default","ast-page-background-enabled":"default","ast-page-background-meta":{"desktop":{"background-color":"","background-image":"","background-repeat":"repeat","background-position":"center center","background-size":"auto","background-attachment":"scroll","background-type":"","background-media":"","overlay-type":"","overlay-color":"","overlay-opacity":"","overlay-gradient":""},"tablet":{"background-color":"","background-image":"","background-repeat":"repeat","background-position":"center center","background-size":"auto","background-attachment":"scroll","background-type":"","background-media":"","overlay-type":"","overlay-color":"","overlay-opacity":"","overlay-gradient":""},"mobile":{"background-color":"","background-image":"","background-repeat":"repeat","background-position":"center center","background-size":"auto","background-attachment":"scroll","background-type":"","background-media":"","overlay-type":"","overlay-color":"","overlay-opacity":"","overlay-gradient":""}},"ast-content-background-meta":{"desktop":{"background-color":"var(--ast-global-color-5)","background-image":"","background-repeat":"repeat","background-position":"center center","background-size":"auto","background-attachment":"scroll","background-type":"","background-media":"","overlay-type":"","overlay-color":"","overlay-opacity":"","overlay-gradient":""},"tablet":{"background-color":"var(--ast-global-color-5)","background-image":"","background-repeat":"repeat","background-position":"center center","background-size":"auto","background-attachment":"scroll","background-type":"","background-media":"","overlay-type":"","overlay-color":"","overlay-opacity":"","overlay-gradient":""},"mobile":{"background-color":"var(--ast-global-color-5)","background-image":"","background-repeat":"repeat","background-position":"center center","background-size":"auto","background-attachment":"scroll","background-type":"","background-media":"","overlay-type":"","overlay-color":"","overlay-opacity":"","overlay-gradient":""}}},"product_brand":[],"product_cat":[26],"product_tag":[],"class_list":{"0":"post-2731","1":"product","2":"type-product","3":"status-publish","4":"has-post-thumbnail","6":"product_cat-zeitgenossische-musik","7":"pa_artikelnummer-neos-11700","8":"pa_brand-neos-music","9":"pa_ean-292","10":"desktop-align-left","11":"tablet-align-left","12":"mobile-align-left","14":"first","15":"instock","16":"taxable","17":"shipping-taxable","18":"purchasable","19":"product-type-simple"},"yoast_head":"<!-- This site is optimized with the Yoast SEO plugin v27.3 - https:\/\/yoast.com\/product\/yoast-seo-wordpress\/ -->\n<title>Helmut Oehring: ANGELUS NOVUS II - NEOS Music<\/title>\n<meta name=\"robots\" content=\"index, follow, max-snippet:-1, max-image-preview:large, max-video-preview:-1\" \/>\n<link rel=\"canonical\" href=\"https:\/\/neos-music.com\/en_us\/product\/helmut-oehring-angelus-novus-ii\/\" \/>\n<meta property=\"og:locale\" content=\"en_US\" \/>\n<meta property=\"og:type\" content=\"article\" \/>\n<meta property=\"og:title\" content=\"Helmut Oehring: ANGELUS NOVUS II - NEOS Music\" \/>\n<meta property=\"og:description\" content=\"Programm: Helmut Oehring\u00a0(*1961) ANGELUS NOVUS II Collage instrumental-vocal mis-en-sc\u00e8ne (2014) [01]\u00a0Intro (Insert 1: Musik &amp; Medienkunst)\u00a000:48 [02]\u00a0PROLOG \u2013 Ankunft \/\u2009Abschied\u00a01 09:32 [03]\u00a0Passage Ia Berlin 1921\u2009\/\u2009Ibiza 1933\u00a001:15 [04]\u00a0Abschiedskammer\u2009\/\u2009Dunkelkammer 1 (Insert 2: Karim Younis)\u00a003:28 [05]\u00a0Passage Ib Berlin 1921\u2009\/\u2009Ibiza 1933\u00a025:58 [06]\u00a0Passage II Marseille 1932\u2009\/\u2009Nizza 1933 (Insert 3: BOV: Michael Harenberg, Daniel Weissberg, Ernesto Molinari)\u00a000:35 [07]\u00a0Passage III Paris 1939\u2009\/\u2009Port [&hellip;]\" \/>\n<meta property=\"og:url\" content=\"https:\/\/neos-music.com\/en_us\/product\/helmut-oehring-angelus-novus-ii\/\" \/>\n<meta property=\"og:site_name\" content=\"NEOS Music\" \/>\n<meta property=\"article:modified_time\" content=\"2023-05-22T22:49:19+00:00\" \/>\n<meta property=\"og:image\" content=\"https:\/\/neos-music.com\/wp-content\/uploads\/2022\/11\/NEOS_11700_Oehring.jpeg\" \/>\n\t<meta property=\"og:image:width\" content=\"1649\" \/>\n\t<meta property=\"og:image:height\" content=\"1484\" \/>\n\t<meta property=\"og:image:type\" content=\"image\/jpeg\" \/>\n<meta name=\"twitter:card\" content=\"summary_large_image\" \/>\n<meta name=\"twitter:label1\" content=\"Est. reading time\" \/>\n\t<meta name=\"twitter:data1\" content=\"4 minutes\" \/>\n<script type=\"application\/ld+json\" class=\"yoast-schema-graph\">{\"@context\":\"https:\\\/\\\/schema.org\",\"@graph\":[{\"@type\":\"WebPage\",\"@id\":\"https:\\\/\\\/neos-music.com\\\/product\\\/helmut-oehring-angelus-novus-ii\\\/\",\"url\":\"https:\\\/\\\/neos-music.com\\\/product\\\/helmut-oehring-angelus-novus-ii\\\/\",\"name\":\"Helmut Oehring: ANGELUS NOVUS II - NEOS Music\",\"isPartOf\":{\"@id\":\"https:\\\/\\\/neos-music.com\\\/#website\"},\"primaryImageOfPage\":{\"@id\":\"https:\\\/\\\/neos-music.com\\\/product\\\/helmut-oehring-angelus-novus-ii\\\/#primaryimage\"},\"image\":{\"@id\":\"https:\\\/\\\/neos-music.com\\\/product\\\/helmut-oehring-angelus-novus-ii\\\/#primaryimage\"},\"thumbnailUrl\":\"https:\\\/\\\/i0.wp.com\\\/neos-music.com\\\/wp-content\\\/uploads\\\/2022\\\/11\\\/NEOS_11700_Oehring.jpeg?fit=1649%2C1484&ssl=1\",\"datePublished\":\"2017-03-25T15:04:46+00:00\",\"dateModified\":\"2023-05-22T22:49:19+00:00\",\"breadcrumb\":{\"@id\":\"https:\\\/\\\/neos-music.com\\\/product\\\/helmut-oehring-angelus-novus-ii\\\/#breadcrumb\"},\"inLanguage\":\"en-US\",\"potentialAction\":[{\"@type\":\"ReadAction\",\"target\":[\"https:\\\/\\\/neos-music.com\\\/product\\\/helmut-oehring-angelus-novus-ii\\\/\"]}]},{\"@type\":\"ImageObject\",\"inLanguage\":\"en-US\",\"@id\":\"https:\\\/\\\/neos-music.com\\\/product\\\/helmut-oehring-angelus-novus-ii\\\/#primaryimage\",\"url\":\"https:\\\/\\\/i0.wp.com\\\/neos-music.com\\\/wp-content\\\/uploads\\\/2022\\\/11\\\/NEOS_11700_Oehring.jpeg?fit=1649%2C1484&ssl=1\",\"contentUrl\":\"https:\\\/\\\/i0.wp.com\\\/neos-music.com\\\/wp-content\\\/uploads\\\/2022\\\/11\\\/NEOS_11700_Oehring.jpeg?fit=1649%2C1484&ssl=1\",\"width\":1649,\"height\":1484},{\"@type\":\"BreadcrumbList\",\"@id\":\"https:\\\/\\\/neos-music.com\\\/product\\\/helmut-oehring-angelus-novus-ii\\\/#breadcrumb\",\"itemListElement\":[{\"@type\":\"ListItem\",\"position\":1,\"name\":\"Startseite\",\"item\":\"https:\\\/\\\/neos-music.com\\\/\"},{\"@type\":\"ListItem\",\"position\":2,\"name\":\"Produkte\",\"item\":\"https:\\\/\\\/neos-music.com\\\/shop__trashed\\\/\"},{\"@type\":\"ListItem\",\"position\":3,\"name\":\"Helmut Oehring: ANGELUS NOVUS II\"}]},{\"@type\":\"WebSite\",\"@id\":\"https:\\\/\\\/neos-music.com\\\/#website\",\"url\":\"https:\\\/\\\/neos-music.com\\\/\",\"name\":\"NEOS Music\",\"description\":\"Dein Online Shop f\u00fcr zeitgen\u00f6ssische Musik, Jazz und Classics!\",\"publisher\":{\"@id\":\"https:\\\/\\\/neos-music.com\\\/#organization\"},\"potentialAction\":[{\"@type\":\"SearchAction\",\"target\":{\"@type\":\"EntryPoint\",\"urlTemplate\":\"https:\\\/\\\/neos-music.com\\\/?s={search_term_string}\"},\"query-input\":{\"@type\":\"PropertyValueSpecification\",\"valueRequired\":true,\"valueName\":\"search_term_string\"}}],\"inLanguage\":\"en-US\"},{\"@type\":\"Organization\",\"@id\":\"https:\\\/\\\/neos-music.com\\\/#organization\",\"name\":\"NEOS Music\",\"url\":\"https:\\\/\\\/neos-music.com\\\/\",\"logo\":{\"@type\":\"ImageObject\",\"inLanguage\":\"en-US\",\"@id\":\"https:\\\/\\\/neos-music.com\\\/#\\\/schema\\\/logo\\\/image\\\/\",\"url\":\"https:\\\/\\\/i0.wp.com\\\/neos-music.com\\\/wp-content\\\/uploads\\\/2025\\\/08\\\/NEOS-Logo-weiss.png?fit=800%2C203&ssl=1\",\"contentUrl\":\"https:\\\/\\\/i0.wp.com\\\/neos-music.com\\\/wp-content\\\/uploads\\\/2025\\\/08\\\/NEOS-Logo-weiss.png?fit=800%2C203&ssl=1\",\"width\":800,\"height\":203,\"caption\":\"NEOS Music\"},\"image\":{\"@id\":\"https:\\\/\\\/neos-music.com\\\/#\\\/schema\\\/logo\\\/image\\\/\"}}]}<\/script>\n<!-- \/ Yoast SEO plugin. -->","yoast_head_json":{"title":"Helmut Oehring: ANGELUS NOVUS II - NEOS Music","robots":{"index":"index","follow":"follow","max-snippet":"max-snippet:-1","max-image-preview":"max-image-preview:large","max-video-preview":"max-video-preview:-1"},"canonical":"https:\/\/neos-music.com\/en_us\/product\/helmut-oehring-angelus-novus-ii\/","og_locale":"en_US","og_type":"article","og_title":"Helmut Oehring: ANGELUS NOVUS II - NEOS Music","og_description":"Programm: Helmut Oehring\u00a0(*1961) ANGELUS NOVUS II Collage instrumental-vocal mis-en-sc\u00e8ne (2014) [01]\u00a0Intro (Insert 1: Musik &amp; Medienkunst)\u00a000:48 [02]\u00a0PROLOG \u2013 Ankunft \/\u2009Abschied\u00a01 09:32 [03]\u00a0Passage Ia Berlin 1921\u2009\/\u2009Ibiza 1933\u00a001:15 [04]\u00a0Abschiedskammer\u2009\/\u2009Dunkelkammer 1 (Insert 2: Karim Younis)\u00a003:28 [05]\u00a0Passage Ib Berlin 1921\u2009\/\u2009Ibiza 1933\u00a025:58 [06]\u00a0Passage II Marseille 1932\u2009\/\u2009Nizza 1933 (Insert 3: BOV: Michael Harenberg, Daniel Weissberg, Ernesto Molinari)\u00a000:35 [07]\u00a0Passage III Paris 1939\u2009\/\u2009Port [&hellip;]","og_url":"https:\/\/neos-music.com\/en_us\/product\/helmut-oehring-angelus-novus-ii\/","og_site_name":"NEOS Music","article_modified_time":"2023-05-22T22:49:19+00:00","og_image":[{"width":1649,"height":1484,"url":"https:\/\/neos-music.com\/wp-content\/uploads\/2022\/11\/NEOS_11700_Oehring.jpeg","type":"image\/jpeg"}],"twitter_card":"summary_large_image","twitter_misc":{"Est. reading time":"4 minutes"},"schema":{"@context":"https:\/\/schema.org","@graph":[{"@type":"WebPage","@id":"https:\/\/neos-music.com\/product\/helmut-oehring-angelus-novus-ii\/","url":"https:\/\/neos-music.com\/product\/helmut-oehring-angelus-novus-ii\/","name":"Helmut Oehring: ANGELUS NOVUS II - NEOS Music","isPartOf":{"@id":"https:\/\/neos-music.com\/#website"},"primaryImageOfPage":{"@id":"https:\/\/neos-music.com\/product\/helmut-oehring-angelus-novus-ii\/#primaryimage"},"image":{"@id":"https:\/\/neos-music.com\/product\/helmut-oehring-angelus-novus-ii\/#primaryimage"},"thumbnailUrl":"https:\/\/i0.wp.com\/neos-music.com\/wp-content\/uploads\/2022\/11\/NEOS_11700_Oehring.jpeg?fit=1649%2C1484&ssl=1","datePublished":"2017-03-25T15:04:46+00:00","dateModified":"2023-05-22T22:49:19+00:00","breadcrumb":{"@id":"https:\/\/neos-music.com\/product\/helmut-oehring-angelus-novus-ii\/#breadcrumb"},"inLanguage":"en-US","potentialAction":[{"@type":"ReadAction","target":["https:\/\/neos-music.com\/product\/helmut-oehring-angelus-novus-ii\/"]}]},{"@type":"ImageObject","inLanguage":"en-US","@id":"https:\/\/neos-music.com\/product\/helmut-oehring-angelus-novus-ii\/#primaryimage","url":"https:\/\/i0.wp.com\/neos-music.com\/wp-content\/uploads\/2022\/11\/NEOS_11700_Oehring.jpeg?fit=1649%2C1484&ssl=1","contentUrl":"https:\/\/i0.wp.com\/neos-music.com\/wp-content\/uploads\/2022\/11\/NEOS_11700_Oehring.jpeg?fit=1649%2C1484&ssl=1","width":1649,"height":1484},{"@type":"BreadcrumbList","@id":"https:\/\/neos-music.com\/product\/helmut-oehring-angelus-novus-ii\/#breadcrumb","itemListElement":[{"@type":"ListItem","position":1,"name":"Startseite","item":"https:\/\/neos-music.com\/"},{"@type":"ListItem","position":2,"name":"Produkte","item":"https:\/\/neos-music.com\/shop__trashed\/"},{"@type":"ListItem","position":3,"name":"Helmut Oehring: ANGELUS NOVUS II"}]},{"@type":"WebSite","@id":"https:\/\/neos-music.com\/#website","url":"https:\/\/neos-music.com\/","name":"NEOS Music","description":"Dein Online Shop f\u00fcr zeitgen\u00f6ssische Musik, Jazz und Classics!","publisher":{"@id":"https:\/\/neos-music.com\/#organization"},"potentialAction":[{"@type":"SearchAction","target":{"@type":"EntryPoint","urlTemplate":"https:\/\/neos-music.com\/?s={search_term_string}"},"query-input":{"@type":"PropertyValueSpecification","valueRequired":true,"valueName":"search_term_string"}}],"inLanguage":"en-US"},{"@type":"Organization","@id":"https:\/\/neos-music.com\/#organization","name":"NEOS Music","url":"https:\/\/neos-music.com\/","logo":{"@type":"ImageObject","inLanguage":"en-US","@id":"https:\/\/neos-music.com\/#\/schema\/logo\/image\/","url":"https:\/\/i0.wp.com\/neos-music.com\/wp-content\/uploads\/2025\/08\/NEOS-Logo-weiss.png?fit=800%2C203&ssl=1","contentUrl":"https:\/\/i0.wp.com\/neos-music.com\/wp-content\/uploads\/2025\/08\/NEOS-Logo-weiss.png?fit=800%2C203&ssl=1","width":800,"height":203,"caption":"NEOS Music"},"image":{"@id":"https:\/\/neos-music.com\/#\/schema\/logo\/image\/"}}]}},"jetpack_sharing_enabled":true,"_links":{"self":[{"href":"https:\/\/neos-music.com\/en_us\/wp-json\/wp\/v2\/product\/2731","targetHints":{"allow":["GET"]}}],"collection":[{"href":"https:\/\/neos-music.com\/en_us\/wp-json\/wp\/v2\/product"}],"about":[{"href":"https:\/\/neos-music.com\/en_us\/wp-json\/wp\/v2\/types\/product"}],"version-history":[{"count":0,"href":"https:\/\/neos-music.com\/en_us\/wp-json\/wp\/v2\/product\/2731\/revisions"}],"wp:featuredmedia":[{"embeddable":true,"href":"https:\/\/neos-music.com\/en_us\/wp-json\/wp\/v2\/media\/2732"}],"wp:attachment":[{"href":"https:\/\/neos-music.com\/en_us\/wp-json\/wp\/v2\/media?parent=2731"}],"wp:term":[{"taxonomy":"product_brand","embeddable":true,"href":"https:\/\/neos-music.com\/en_us\/wp-json\/wp\/v2\/product_brand?post=2731"},{"taxonomy":"product_cat","embeddable":true,"href":"https:\/\/neos-music.com\/en_us\/wp-json\/wp\/v2\/product_cat?post=2731"},{"taxonomy":"product_tag","embeddable":true,"href":"https:\/\/neos-music.com\/en_us\/wp-json\/wp\/v2\/product_tag?post=2731"}],"curies":[{"name":"wp","href":"https:\/\/api.w.org\/{rel}","templated":true}]}}