{"id":2735,"date":"2017-03-25T15:08:41","date_gmt":"2017-03-25T15:08:41","guid":{"rendered":"https:\/\/neos-music.com\/?post_type=product&#038;p=2735"},"modified":"2023-05-22T22:46:29","modified_gmt":"2023-05-22T22:46:29","slug":"aleph-gitarrenquartett-vol-2-nicolaus-a-huber-alberto-hortigueela-irene-galindo-quero-mathias-spahlinger","status":"publish","type":"product","link":"https:\/\/neos-music.com\/en_us\/product\/aleph-gitarrenquartett-vol-2-nicolaus-a-huber-alberto-hortigueela-irene-galindo-quero-mathias-spahlinger\/","title":{"rendered":"Aleph Gitarrenquartett Vol. 2: Nicolaus A. Huber &#8211; Alberto Hortig\u00fcela &#8211; Irene Galindo Quero &#8211; Mathias Spahlinger"},"content":{"rendered":"<p>Programm:<\/p>\n<p><b><a class=\"arcoma_glossarylink\" href=\"https:\/\/neos-music.com\/output.php?content=Kuenstler\/Huber_Nicolaus_A-.php&amp;treplace=english%2Cgerman\" target=\"_self\" rel=\"noopener\">Nicolaus A. Huber<\/a><\/b>\u00a0(*1939)<br \/>\n[01]\u00a0<b>Der entkommene Orpheus<\/b>\u00a0(2001) for guitar quartet\u00a0<b>14:02<\/b><\/p>\n<p><b><br \/>\nAlberto Hortig\u00fcela<\/b>\u00a0(*1969)<br \/>\n[02]\u00a0<b>Die Sprache ist die Strafe<\/b>\u00a0(2015) for guitar quartet\u00a0<b>08:35<\/b><\/p>\n<p><b><br \/>\nIrene Galindo Quero<\/b>\u00a0(*1985)<br \/>\n[03]\u00a0<b>Ziffer h Hut<\/b>\u00a0(2011) for guitar quartet\u00a0<b>10:13<\/b><\/p>\n<p><b><br \/>\n<a class=\"arcoma_glossarylink\" href=\"https:\/\/neos-music.com\/output.php?content=Kuenstler\/Mathias_Spahlinger.php&amp;treplace=english%2Cgerman\" target=\"_self\" rel=\"noopener\">Mathias Spahlinger<\/a><\/b>\u00a0(*1944)<br \/>\n[04]\u00a0<b>entfernte erg\u00e4nzung<\/b>\u00a0(2012) for four (or three or two) guitars\u00a0<b>14:26<\/b><\/p>\n<p>total playing time\u00a047:17<\/p>\n<p><i>World premiere recordings<\/i><\/p>\n<p><b><a class=\"arcoma_glossarylink\" href=\"https:\/\/neos-music.com\/output.php?content=Kuenstler\/Aleph_Gitarrenquartett.php&amp;treplace=english%2Cgerman\" target=\"_self\" rel=\"noopener\">Aleph Gitarrenquartett<\/a><br \/>\n<\/b>Andr\u00e9s Hern\u00e1ndez Alba\u00a0 \u00b7\u00a0 Tillmann Reinbeck<br \/>\nWolfgang Sehringer\u00a0 \u00b7\u00a0 Christian Wernicke<\/p>\n<p>Pressestimmen:<\/p>\n<p><img data-recalc-dims=\"1\" decoding=\"async\" src=\"https:\/\/i0.wp.com\/neos-music.com\/wp-content\/uploads\/2023\/05\/logo_NeueZeitschriftMusik_NEU.jpg?ssl=1\" alt=\"\" \/><\/p>\n<p>#6 2017<\/p>\n<p>Ein Gitarrenquartett ist nicht gerade ein Streichquartett \u2013 was das Charisma der\u00a0zur Verf\u00fcgung stehenden Literatur betrifft, wird das Klangpotential der akustischen Gitarre in der Regel doch kr\u00e4ftig untersch\u00e4tzt. Diesem Missstand arbeitet das Aleph Gitarrenquartett seit nun mehr als 20 Jahren erfolgreich entgegen und hat inzwischen ein ansehnliches Repertoire erarbeitet und zumeist selbst initiiert. (&#8230;) Andr\u00e9s\u00a0Hern\u00e1ndez Alba, Tillmann Reinbeck, Wolfgang Sehringer und Christian Wernicke spielen das alles auf vorderster Stuhlkante derma\u00dfen mikroskopisch und artikulationsreich, dass ein Streichquartett vor Neid erblassen w\u00fcrde.<\/p>\n<p>Dirk Wieschollek<\/p>\n<p>&nbsp;<\/p>\n<p><img data-recalc-dims=\"1\" decoding=\"async\" src=\"https:\/\/i0.wp.com\/neos-music.com\/wp-content\/uploads\/2023\/05\/logo_mundoclasico2.gif?ssl=1\" alt=\"\" \/><\/p>\n<p>Paco Y\u00e1\u00f1ez, 29.05.2017<\/p>\n<p>&#8222;Cuando en junio de 2014 rese\u00f1amos el primer volumen dedicado por el sello NEOS al Aleph Gitarrenquartett, nos referimos entonces a toda una reinvenci\u00f3n en veinticuatro cuerdas: las de un cuarteto de guitarras que se transitaba rutas est\u00e9ticas para muchos insospechadas en dicha formaci\u00f3n, dinamizada a\u00f1o tras a\u00f1o por el Aleph a trav\u00e9s de encargos e interpretaciones que dan nueva vida a partituras ya can\u00f3nicas en la m\u00fasica contempor\u00e1nea para guitarra.&#8220;<\/p>\n<p>Find the full article here.<\/p>\n<p>&nbsp;<\/p>\n<p><img data-recalc-dims=\"1\" decoding=\"async\" src=\"https:\/\/i0.wp.com\/neos-music.com\/wp-content\/uploads\/2023\/05\/logo_neue_musikzeitung.jpg?ssl=1\" alt=\"\" \/><\/p>\n<p>Ein Gitarrenquartett ist nicht gerade ein Streichquartett, was die zur Verf\u00fcgung stehende Literatur betrifft., wird das Klangpotential der akustischen Gitarre traditionell doch kr\u00e4ftig untersch\u00e4tzt. Diesem Missstand arbeitet das Aleph Gitarrenquartett schon seit \u00fcber 20 Jahren erfolgreich entgegen. Die j\u00fcngste Ver\u00f6ffentlichung beinhaltet (beinahe) durchweg spannende St\u00fccke von Nicolaus A. Huber, Alberto Hortig\u00fcela, Irene Galindo Quero und Mathias Spahlinger. Sie\u00a0machen sich die klangfarblichen und rhythmischen Qualit\u00e4ten des Instrumentes geist- und erfindungsreich zu Nutze.<\/p>\n<p>Dirk Wiescholek<\/p>\n","protected":false},"excerpt":{"rendered":"<p>Programm: Nicolaus A. Huber\u00a0(*1939) [01]\u00a0Der entkommene Orpheus\u00a0(2001) for guitar quartet\u00a014:02 Alberto Hortig\u00fcela\u00a0(*1969) [02]\u00a0Die Sprache ist die Strafe\u00a0(2015) for guitar quartet\u00a008:35 Irene Galindo Quero\u00a0(*1985) [03]\u00a0Ziffer h Hut\u00a0(2011) for guitar quartet\u00a010:13 Mathias Spahlinger\u00a0(*1944) [04]\u00a0entfernte erg\u00e4nzung\u00a0(2012) for four (or three or two) guitars\u00a014:26 total playing time\u00a047:17 World premiere recordings Aleph Gitarrenquartett Andr\u00e9s Hern\u00e1ndez Alba\u00a0 \u00b7\u00a0 Tillmann Reinbeck Wolfgang [&hellip;]<\/p>\n","protected":false},"featured_media":2736,"template":"","meta":{"site-sidebar-layout":"default","site-content-layout":"default","ast-site-content-layout":"default","site-content-style":"default","site-sidebar-style":"default","ast-global-header-display":"","ast-banner-title-visibility":"","ast-main-header-display":"","ast-hfb-above-header-display":"","ast-hfb-below-header-display":"","ast-hfb-mobile-header-display":"","site-post-title":"","ast-breadcrumbs-content":"","ast-featured-img":"","footer-sml-layout":"","theme-transparent-header-meta":"default","adv-header-id-meta":"","stick-header-meta":"","header-above-stick-meta":"","header-main-stick-meta":"","header-below-stick-meta":"","astra-migrate-meta-layouts":"default","ast-page-background-enabled":"default","ast-page-background-meta":{"desktop":{"background-color":"","background-image":"","background-repeat":"repeat","background-position":"center center","background-size":"auto","background-attachment":"scroll","background-type":"","background-media":"","overlay-type":"","overlay-color":"","overlay-opacity":"","overlay-gradient":""},"tablet":{"background-color":"","background-image":"","background-repeat":"repeat","background-position":"center center","background-size":"auto","background-attachment":"scroll","background-type":"","background-media":"","overlay-type":"","overlay-color":"","overlay-opacity":"","overlay-gradient":""},"mobile":{"background-color":"","background-image":"","background-repeat":"repeat","background-position":"center center","background-size":"auto","background-attachment":"scroll","background-type":"","background-media":"","overlay-type":"","overlay-color":"","overlay-opacity":"","overlay-gradient":""}},"ast-content-background-meta":{"desktop":{"background-color":"var(--ast-global-color-5)","background-image":"","background-repeat":"repeat","background-position":"center center","background-size":"auto","background-attachment":"scroll","background-type":"","background-media":"","overlay-type":"","overlay-color":"","overlay-opacity":"","overlay-gradient":""},"tablet":{"background-color":"var(--ast-global-color-5)","background-image":"","background-repeat":"repeat","background-position":"center center","background-size":"auto","background-attachment":"scroll","background-type":"","background-media":"","overlay-type":"","overlay-color":"","overlay-opacity":"","overlay-gradient":""},"mobile":{"background-color":"var(--ast-global-color-5)","background-image":"","background-repeat":"repeat","background-position":"center center","background-size":"auto","background-attachment":"scroll","background-type":"","background-media":"","overlay-type":"","overlay-color":"","overlay-opacity":"","overlay-gradient":""}}},"product_brand":[],"product_cat":[882,883,26],"product_tag":[],"class_list":{"0":"post-2735","1":"product","2":"type-product","3":"status-publish","4":"has-post-thumbnail","6":"product_cat-klavier","7":"product_cat-orchester","8":"product_cat-zeitgenossische-musik","9":"pa_artikelnummer-neos-11710","10":"pa_brand-neos-music","11":"pa_ean-296","12":"desktop-align-left","13":"tablet-align-left","14":"mobile-align-left","16":"first","17":"instock","18":"taxable","19":"shipping-taxable","20":"purchasable","21":"product-type-simple"},"yoast_head":"<!-- This site is optimized with the Yoast SEO plugin v27.3 - https:\/\/yoast.com\/product\/yoast-seo-wordpress\/ -->\n<title>Aleph Gitarrenquartett Vol. 2: Nicolaus A. Huber - Alberto Hortig\u00fcela - Irene Galindo Quero - Mathias Spahlinger - NEOS Music<\/title>\n<meta name=\"robots\" content=\"index, follow, max-snippet:-1, max-image-preview:large, max-video-preview:-1\" \/>\n<link rel=\"canonical\" href=\"https:\/\/neos-music.com\/en_us\/product\/aleph-gitarrenquartett-vol-2-nicolaus-a-huber-alberto-hortigueela-irene-galindo-quero-mathias-spahlinger\/\" \/>\n<meta property=\"og:locale\" content=\"en_US\" \/>\n<meta property=\"og:type\" content=\"article\" \/>\n<meta property=\"og:title\" content=\"Aleph Gitarrenquartett Vol. 2: Nicolaus A. Huber - Alberto Hortig\u00fcela - Irene Galindo Quero - Mathias Spahlinger - NEOS Music\" \/>\n<meta property=\"og:description\" content=\"Programm: Nicolaus A. Huber\u00a0(*1939) [01]\u00a0Der entkommene Orpheus\u00a0(2001) for guitar quartet\u00a014:02 Alberto Hortig\u00fcela\u00a0(*1969) [02]\u00a0Die Sprache ist die Strafe\u00a0(2015) for guitar quartet\u00a008:35 Irene Galindo Quero\u00a0(*1985) [03]\u00a0Ziffer h Hut\u00a0(2011) for guitar quartet\u00a010:13 Mathias Spahlinger\u00a0(*1944) [04]\u00a0entfernte erg\u00e4nzung\u00a0(2012) for four (or three or two) guitars\u00a014:26 total playing time\u00a047:17 World premiere recordings Aleph Gitarrenquartett Andr\u00e9s Hern\u00e1ndez Alba\u00a0 \u00b7\u00a0 Tillmann Reinbeck Wolfgang [&hellip;]\" \/>\n<meta property=\"og:url\" content=\"https:\/\/neos-music.com\/en_us\/product\/aleph-gitarrenquartett-vol-2-nicolaus-a-huber-alberto-hortigueela-irene-galindo-quero-mathias-spahlinger\/\" \/>\n<meta property=\"og:site_name\" content=\"NEOS Music\" \/>\n<meta property=\"article:modified_time\" content=\"2023-05-22T22:46:29+00:00\" \/>\n<meta property=\"og:image\" content=\"https:\/\/neos-music.com\/wp-content\/uploads\/2022\/11\/NEOS_11710_Aleph_Vol2.jpeg\" \/>\n\t<meta property=\"og:image:width\" content=\"1648\" \/>\n\t<meta property=\"og:image:height\" content=\"1484\" \/>\n\t<meta property=\"og:image:type\" content=\"image\/jpeg\" \/>\n<meta name=\"twitter:card\" content=\"summary_large_image\" \/>\n<meta name=\"twitter:label1\" content=\"Est. reading time\" \/>\n\t<meta name=\"twitter:data1\" content=\"3 minutes\" \/>\n<script type=\"application\/ld+json\" class=\"yoast-schema-graph\">{\"@context\":\"https:\\\/\\\/schema.org\",\"@graph\":[{\"@type\":\"WebPage\",\"@id\":\"https:\\\/\\\/neos-music.com\\\/product\\\/aleph-gitarrenquartett-vol-2-nicolaus-a-huber-alberto-hortigueela-irene-galindo-quero-mathias-spahlinger\\\/\",\"url\":\"https:\\\/\\\/neos-music.com\\\/product\\\/aleph-gitarrenquartett-vol-2-nicolaus-a-huber-alberto-hortigueela-irene-galindo-quero-mathias-spahlinger\\\/\",\"name\":\"Aleph Gitarrenquartett Vol. 2: Nicolaus A. Huber - Alberto Hortig\u00fcela - Irene Galindo Quero - Mathias Spahlinger - NEOS Music\",\"isPartOf\":{\"@id\":\"https:\\\/\\\/neos-music.com\\\/#website\"},\"primaryImageOfPage\":{\"@id\":\"https:\\\/\\\/neos-music.com\\\/product\\\/aleph-gitarrenquartett-vol-2-nicolaus-a-huber-alberto-hortigueela-irene-galindo-quero-mathias-spahlinger\\\/#primaryimage\"},\"image\":{\"@id\":\"https:\\\/\\\/neos-music.com\\\/product\\\/aleph-gitarrenquartett-vol-2-nicolaus-a-huber-alberto-hortigueela-irene-galindo-quero-mathias-spahlinger\\\/#primaryimage\"},\"thumbnailUrl\":\"https:\\\/\\\/i0.wp.com\\\/neos-music.com\\\/wp-content\\\/uploads\\\/2022\\\/11\\\/NEOS_11710_Aleph_Vol2.jpeg?fit=1648%2C1484&ssl=1\",\"datePublished\":\"2017-03-25T15:08:41+00:00\",\"dateModified\":\"2023-05-22T22:46:29+00:00\",\"breadcrumb\":{\"@id\":\"https:\\\/\\\/neos-music.com\\\/product\\\/aleph-gitarrenquartett-vol-2-nicolaus-a-huber-alberto-hortigueela-irene-galindo-quero-mathias-spahlinger\\\/#breadcrumb\"},\"inLanguage\":\"en-US\",\"potentialAction\":[{\"@type\":\"ReadAction\",\"target\":[\"https:\\\/\\\/neos-music.com\\\/product\\\/aleph-gitarrenquartett-vol-2-nicolaus-a-huber-alberto-hortigueela-irene-galindo-quero-mathias-spahlinger\\\/\"]}]},{\"@type\":\"ImageObject\",\"inLanguage\":\"en-US\",\"@id\":\"https:\\\/\\\/neos-music.com\\\/product\\\/aleph-gitarrenquartett-vol-2-nicolaus-a-huber-alberto-hortigueela-irene-galindo-quero-mathias-spahlinger\\\/#primaryimage\",\"url\":\"https:\\\/\\\/i0.wp.com\\\/neos-music.com\\\/wp-content\\\/uploads\\\/2022\\\/11\\\/NEOS_11710_Aleph_Vol2.jpeg?fit=1648%2C1484&ssl=1\",\"contentUrl\":\"https:\\\/\\\/i0.wp.com\\\/neos-music.com\\\/wp-content\\\/uploads\\\/2022\\\/11\\\/NEOS_11710_Aleph_Vol2.jpeg?fit=1648%2C1484&ssl=1\",\"width\":1648,\"height\":1484},{\"@type\":\"BreadcrumbList\",\"@id\":\"https:\\\/\\\/neos-music.com\\\/product\\\/aleph-gitarrenquartett-vol-2-nicolaus-a-huber-alberto-hortigueela-irene-galindo-quero-mathias-spahlinger\\\/#breadcrumb\",\"itemListElement\":[{\"@type\":\"ListItem\",\"position\":1,\"name\":\"Startseite\",\"item\":\"https:\\\/\\\/neos-music.com\\\/\"},{\"@type\":\"ListItem\",\"position\":2,\"name\":\"Produkte\",\"item\":\"https:\\\/\\\/neos-music.com\\\/shop__trashed\\\/\"},{\"@type\":\"ListItem\",\"position\":3,\"name\":\"Aleph Gitarrenquartett Vol. 2: Nicolaus A. Huber &#8211; Alberto Hortig\u00fcela &#8211; Irene Galindo Quero &#8211; Mathias Spahlinger\"}]},{\"@type\":\"WebSite\",\"@id\":\"https:\\\/\\\/neos-music.com\\\/#website\",\"url\":\"https:\\\/\\\/neos-music.com\\\/\",\"name\":\"NEOS Music\",\"description\":\"Dein Online Shop f\u00fcr zeitgen\u00f6ssische Musik, Jazz und Classics!\",\"publisher\":{\"@id\":\"https:\\\/\\\/neos-music.com\\\/#organization\"},\"potentialAction\":[{\"@type\":\"SearchAction\",\"target\":{\"@type\":\"EntryPoint\",\"urlTemplate\":\"https:\\\/\\\/neos-music.com\\\/?s={search_term_string}\"},\"query-input\":{\"@type\":\"PropertyValueSpecification\",\"valueRequired\":true,\"valueName\":\"search_term_string\"}}],\"inLanguage\":\"en-US\"},{\"@type\":\"Organization\",\"@id\":\"https:\\\/\\\/neos-music.com\\\/#organization\",\"name\":\"NEOS Music\",\"url\":\"https:\\\/\\\/neos-music.com\\\/\",\"logo\":{\"@type\":\"ImageObject\",\"inLanguage\":\"en-US\",\"@id\":\"https:\\\/\\\/neos-music.com\\\/#\\\/schema\\\/logo\\\/image\\\/\",\"url\":\"https:\\\/\\\/i0.wp.com\\\/neos-music.com\\\/wp-content\\\/uploads\\\/2025\\\/08\\\/NEOS-Logo-weiss.png?fit=800%2C203&ssl=1\",\"contentUrl\":\"https:\\\/\\\/i0.wp.com\\\/neos-music.com\\\/wp-content\\\/uploads\\\/2025\\\/08\\\/NEOS-Logo-weiss.png?fit=800%2C203&ssl=1\",\"width\":800,\"height\":203,\"caption\":\"NEOS Music\"},\"image\":{\"@id\":\"https:\\\/\\\/neos-music.com\\\/#\\\/schema\\\/logo\\\/image\\\/\"}}]}<\/script>\n<!-- \/ Yoast SEO plugin. -->","yoast_head_json":{"title":"Aleph Gitarrenquartett Vol. 2: Nicolaus A. Huber - Alberto Hortig\u00fcela - Irene Galindo Quero - Mathias Spahlinger - NEOS Music","robots":{"index":"index","follow":"follow","max-snippet":"max-snippet:-1","max-image-preview":"max-image-preview:large","max-video-preview":"max-video-preview:-1"},"canonical":"https:\/\/neos-music.com\/en_us\/product\/aleph-gitarrenquartett-vol-2-nicolaus-a-huber-alberto-hortigueela-irene-galindo-quero-mathias-spahlinger\/","og_locale":"en_US","og_type":"article","og_title":"Aleph Gitarrenquartett Vol. 2: Nicolaus A. Huber - Alberto Hortig\u00fcela - Irene Galindo Quero - Mathias Spahlinger - NEOS Music","og_description":"Programm: Nicolaus A. Huber\u00a0(*1939) [01]\u00a0Der entkommene Orpheus\u00a0(2001) for guitar quartet\u00a014:02 Alberto Hortig\u00fcela\u00a0(*1969) [02]\u00a0Die Sprache ist die Strafe\u00a0(2015) for guitar quartet\u00a008:35 Irene Galindo Quero\u00a0(*1985) [03]\u00a0Ziffer h Hut\u00a0(2011) for guitar quartet\u00a010:13 Mathias Spahlinger\u00a0(*1944) [04]\u00a0entfernte erg\u00e4nzung\u00a0(2012) for four (or three or two) guitars\u00a014:26 total playing time\u00a047:17 World premiere recordings Aleph Gitarrenquartett Andr\u00e9s Hern\u00e1ndez Alba\u00a0 \u00b7\u00a0 Tillmann Reinbeck Wolfgang [&hellip;]","og_url":"https:\/\/neos-music.com\/en_us\/product\/aleph-gitarrenquartett-vol-2-nicolaus-a-huber-alberto-hortigueela-irene-galindo-quero-mathias-spahlinger\/","og_site_name":"NEOS Music","article_modified_time":"2023-05-22T22:46:29+00:00","og_image":[{"width":1648,"height":1484,"url":"https:\/\/neos-music.com\/wp-content\/uploads\/2022\/11\/NEOS_11710_Aleph_Vol2.jpeg","type":"image\/jpeg"}],"twitter_card":"summary_large_image","twitter_misc":{"Est. reading time":"3 minutes"},"schema":{"@context":"https:\/\/schema.org","@graph":[{"@type":"WebPage","@id":"https:\/\/neos-music.com\/product\/aleph-gitarrenquartett-vol-2-nicolaus-a-huber-alberto-hortigueela-irene-galindo-quero-mathias-spahlinger\/","url":"https:\/\/neos-music.com\/product\/aleph-gitarrenquartett-vol-2-nicolaus-a-huber-alberto-hortigueela-irene-galindo-quero-mathias-spahlinger\/","name":"Aleph Gitarrenquartett Vol. 2: Nicolaus A. Huber - Alberto Hortig\u00fcela - Irene Galindo Quero - Mathias Spahlinger - NEOS Music","isPartOf":{"@id":"https:\/\/neos-music.com\/#website"},"primaryImageOfPage":{"@id":"https:\/\/neos-music.com\/product\/aleph-gitarrenquartett-vol-2-nicolaus-a-huber-alberto-hortigueela-irene-galindo-quero-mathias-spahlinger\/#primaryimage"},"image":{"@id":"https:\/\/neos-music.com\/product\/aleph-gitarrenquartett-vol-2-nicolaus-a-huber-alberto-hortigueela-irene-galindo-quero-mathias-spahlinger\/#primaryimage"},"thumbnailUrl":"https:\/\/i0.wp.com\/neos-music.com\/wp-content\/uploads\/2022\/11\/NEOS_11710_Aleph_Vol2.jpeg?fit=1648%2C1484&ssl=1","datePublished":"2017-03-25T15:08:41+00:00","dateModified":"2023-05-22T22:46:29+00:00","breadcrumb":{"@id":"https:\/\/neos-music.com\/product\/aleph-gitarrenquartett-vol-2-nicolaus-a-huber-alberto-hortigueela-irene-galindo-quero-mathias-spahlinger\/#breadcrumb"},"inLanguage":"en-US","potentialAction":[{"@type":"ReadAction","target":["https:\/\/neos-music.com\/product\/aleph-gitarrenquartett-vol-2-nicolaus-a-huber-alberto-hortigueela-irene-galindo-quero-mathias-spahlinger\/"]}]},{"@type":"ImageObject","inLanguage":"en-US","@id":"https:\/\/neos-music.com\/product\/aleph-gitarrenquartett-vol-2-nicolaus-a-huber-alberto-hortigueela-irene-galindo-quero-mathias-spahlinger\/#primaryimage","url":"https:\/\/i0.wp.com\/neos-music.com\/wp-content\/uploads\/2022\/11\/NEOS_11710_Aleph_Vol2.jpeg?fit=1648%2C1484&ssl=1","contentUrl":"https:\/\/i0.wp.com\/neos-music.com\/wp-content\/uploads\/2022\/11\/NEOS_11710_Aleph_Vol2.jpeg?fit=1648%2C1484&ssl=1","width":1648,"height":1484},{"@type":"BreadcrumbList","@id":"https:\/\/neos-music.com\/product\/aleph-gitarrenquartett-vol-2-nicolaus-a-huber-alberto-hortigueela-irene-galindo-quero-mathias-spahlinger\/#breadcrumb","itemListElement":[{"@type":"ListItem","position":1,"name":"Startseite","item":"https:\/\/neos-music.com\/"},{"@type":"ListItem","position":2,"name":"Produkte","item":"https:\/\/neos-music.com\/shop__trashed\/"},{"@type":"ListItem","position":3,"name":"Aleph Gitarrenquartett Vol. 2: Nicolaus A. Huber &#8211; Alberto Hortig\u00fcela &#8211; Irene Galindo Quero &#8211; Mathias Spahlinger"}]},{"@type":"WebSite","@id":"https:\/\/neos-music.com\/#website","url":"https:\/\/neos-music.com\/","name":"NEOS Music","description":"Dein Online Shop f\u00fcr zeitgen\u00f6ssische Musik, Jazz und Classics!","publisher":{"@id":"https:\/\/neos-music.com\/#organization"},"potentialAction":[{"@type":"SearchAction","target":{"@type":"EntryPoint","urlTemplate":"https:\/\/neos-music.com\/?s={search_term_string}"},"query-input":{"@type":"PropertyValueSpecification","valueRequired":true,"valueName":"search_term_string"}}],"inLanguage":"en-US"},{"@type":"Organization","@id":"https:\/\/neos-music.com\/#organization","name":"NEOS Music","url":"https:\/\/neos-music.com\/","logo":{"@type":"ImageObject","inLanguage":"en-US","@id":"https:\/\/neos-music.com\/#\/schema\/logo\/image\/","url":"https:\/\/i0.wp.com\/neos-music.com\/wp-content\/uploads\/2025\/08\/NEOS-Logo-weiss.png?fit=800%2C203&ssl=1","contentUrl":"https:\/\/i0.wp.com\/neos-music.com\/wp-content\/uploads\/2025\/08\/NEOS-Logo-weiss.png?fit=800%2C203&ssl=1","width":800,"height":203,"caption":"NEOS Music"},"image":{"@id":"https:\/\/neos-music.com\/#\/schema\/logo\/image\/"}}]}},"jetpack_sharing_enabled":true,"_links":{"self":[{"href":"https:\/\/neos-music.com\/en_us\/wp-json\/wp\/v2\/product\/2735","targetHints":{"allow":["GET"]}}],"collection":[{"href":"https:\/\/neos-music.com\/en_us\/wp-json\/wp\/v2\/product"}],"about":[{"href":"https:\/\/neos-music.com\/en_us\/wp-json\/wp\/v2\/types\/product"}],"version-history":[{"count":0,"href":"https:\/\/neos-music.com\/en_us\/wp-json\/wp\/v2\/product\/2735\/revisions"}],"wp:featuredmedia":[{"embeddable":true,"href":"https:\/\/neos-music.com\/en_us\/wp-json\/wp\/v2\/media\/2736"}],"wp:attachment":[{"href":"https:\/\/neos-music.com\/en_us\/wp-json\/wp\/v2\/media?parent=2735"}],"wp:term":[{"taxonomy":"product_brand","embeddable":true,"href":"https:\/\/neos-music.com\/en_us\/wp-json\/wp\/v2\/product_brand?post=2735"},{"taxonomy":"product_cat","embeddable":true,"href":"https:\/\/neos-music.com\/en_us\/wp-json\/wp\/v2\/product_cat?post=2735"},{"taxonomy":"product_tag","embeddable":true,"href":"https:\/\/neos-music.com\/en_us\/wp-json\/wp\/v2\/product_tag?post=2735"}],"curies":[{"name":"wp","href":"https:\/\/api.w.org\/{rel}","templated":true}]}}