{"id":2769,"date":"2016-09-01T16:04:17","date_gmt":"2016-09-01T16:04:17","guid":{"rendered":"https:\/\/neos-music.com\/?post_type=product&#038;p=2769"},"modified":"2023-05-22T23:22:12","modified_gmt":"2023-05-22T23:22:12","slug":"florian-bergmann-markus-wettstein-nuria-nunez-hierro-hanna-hartman-benedikt-bindewald-trio-transmitter-camera-obscura","status":"publish","type":"product","link":"https:\/\/neos-music.com\/en_us\/product\/florian-bergmann-markus-wettstein-nuria-nunez-hierro-hanna-hartman-benedikt-bindewald-trio-transmitter-camera-obscura\/","title":{"rendered":"Florian Bergmann, Markus Wettstein, Nuria N\u00fa\u00f1ez Hierro, Hanna Hartman, Benedikt Bindewald: Trio Transmitter | camera obscura"},"content":{"rendered":"<p>Programm:<\/p>\n<table border=\"0\" width=\"100%\" rules=\"none\" cellspacing=\"0\" cellpadding=\"0\">\n<tbody>\n<tr>\n<td class=\"bigcontent2\">\n<div id=\"tracks\">\n<p><b>Florian Bergmann<\/b>\u00a0(*1984)<br \/>\n<b>Knots<\/b>\u00a0for bass clarinet, violin, piano and computer sample on texts by Ronald D. Laing \u201cKnots\u201d\u00a0(2014)\u00a0<b>12:12<br \/>\n<\/b>[01]\u00a0<b>Knots I\u00a0<\/b>03:36<br \/>\n[02]\u00a0<b>Knots II\u00a0<\/b>04:31<br \/>\n[03]\u00a0<b>Knots III\u00a0<\/b>04:05<\/p>\n<p>&nbsp;<\/p>\n<p><b>Markus Wettstein<\/b>\u00a0(*1963)<br \/>\n[04]\u00a0<b>fenster<\/b>\u00a0for bass clarinet, viola and piano (2014)\u00a0<b>09:42<\/b><\/p>\n<p>&nbsp;<\/p>\n<p><b>Nuria N\u00fa\u00f1ez Hierro<\/b>\u00a0(*1980)<br \/>\n[05]\u00a0<b>Treffpunkt<\/b>\u00a0for bass clarinet, violin, piano and two record players (2013)\u00a0<b>10:00<\/b><\/p>\n<p><b>Hanna Hartman<\/b>\u00a0(*1961)<br \/>\n[06]\u00a0<b>Apricots<\/b>\u00a0for bass clarinet, violin, and piano (2015)\u00a0<b>08:06<\/b><\/p>\n<p>&nbsp;<\/p>\n<p><b>Benedikt Bindewald<\/b>\u00a0(*1981)<br \/>\n[07]\u00a0<b>CCTV in operation<\/b>\u00a0for bass clarinet, violin, piano and binoculars (2014)<b>\u00a006:28<\/b><\/p>\n<p>&nbsp;<\/p>\n<p>total playing time: 46:30<\/p>\n<p>Florian Bergmann, bass clarinet<br \/>\nBenedikt Bindewald, violin &amp; viola<br \/>\nAlba Gentili-Tedeschi, piano<\/p>\n<p>Jonathan Sheratte \/ Rilli Willow, voices [01]<br \/>\nSarah Saviet \/ Benoit Pitre, voices [01 &amp; 02]<br \/>\nGeorg Bochow, countertenor [03]<\/p>\n<\/div>\n<\/td>\n<td><\/td>\n<\/tr>\n<\/tbody>\n<\/table>\n<p>Pressestimmen:<\/p>\n<table border=\"0\" width=\"100%\" rules=\"none\" cellspacing=\"0\" cellpadding=\"0\">\n<tbody>\n<tr>\n<td class=\"bigcontent2\">\n<div id=\"press\">\n<p><img data-recalc-dims=\"1\" decoding=\"async\" src=\"https:\/\/i0.wp.com\/neos-music.com\/wp-content\/uploads\/2023\/05\/logo_FonoForum.gif?ssl=1\" alt=\"\" \/><\/p>\n<p>01\/2017<\/p>\n<p>&#8222;Das Trio Transmitter [&#8230;] stellt St\u00fccke vor, die die Grenzen von Musik thematisieren. Motive werden eher seziert als vollt\u00f6nend ausgef\u00fchrt. Vielfach kommen externe Schallquellen wie Plattenspieler, Megaphon oder Zuspielungen hinzu. [&#8230;] Akustische und elektronische Signale treten im Klang-Parcours an, um sich zu vermischen. [&#8230;] Hanna Hartmanns &#8218;Apricots&#8216; mutet wie ein durchdrehendes Uhrwerk aus einem Zauberland an.&#8220; (Tilman Urbach)<\/p>\n<\/div>\n<\/td>\n<td><\/td>\n<\/tr>\n<\/tbody>\n<\/table>\n<p>&nbsp;<\/p>\n","protected":false},"excerpt":{"rendered":"<p>Programm: Florian Bergmann\u00a0(*1984) Knots\u00a0for bass clarinet, violin, piano and computer sample on texts by Ronald D. Laing \u201cKnots\u201d\u00a0(2014)\u00a012:12 [01]\u00a0Knots I\u00a003:36 [02]\u00a0Knots II\u00a004:31 [03]\u00a0Knots III\u00a004:05 &nbsp; Markus Wettstein\u00a0(*1963) [04]\u00a0fenster\u00a0for bass clarinet, viola and piano (2014)\u00a009:42 &nbsp; Nuria N\u00fa\u00f1ez Hierro\u00a0(*1980) [05]\u00a0Treffpunkt\u00a0for bass clarinet, violin, piano and two record players (2013)\u00a010:00 Hanna Hartman\u00a0(*1961) [06]\u00a0Apricots\u00a0for bass clarinet, violin, and [&hellip;]<\/p>\n","protected":false},"featured_media":2770,"template":"","meta":{"site-sidebar-layout":"default","site-content-layout":"default","ast-site-content-layout":"default","site-content-style":"default","site-sidebar-style":"default","ast-global-header-display":"","ast-banner-title-visibility":"","ast-main-header-display":"","ast-hfb-above-header-display":"","ast-hfb-below-header-display":"","ast-hfb-mobile-header-display":"","site-post-title":"","ast-breadcrumbs-content":"","ast-featured-img":"","footer-sml-layout":"","theme-transparent-header-meta":"default","adv-header-id-meta":"","stick-header-meta":"","header-above-stick-meta":"","header-main-stick-meta":"","header-below-stick-meta":"","astra-migrate-meta-layouts":"default","ast-page-background-enabled":"default","ast-page-background-meta":{"desktop":{"background-color":"","background-image":"","background-repeat":"repeat","background-position":"center center","background-size":"auto","background-attachment":"scroll","background-type":"","background-media":"","overlay-type":"","overlay-color":"","overlay-opacity":"","overlay-gradient":""},"tablet":{"background-color":"","background-image":"","background-repeat":"repeat","background-position":"center center","background-size":"auto","background-attachment":"scroll","background-type":"","background-media":"","overlay-type":"","overlay-color":"","overlay-opacity":"","overlay-gradient":""},"mobile":{"background-color":"","background-image":"","background-repeat":"repeat","background-position":"center center","background-size":"auto","background-attachment":"scroll","background-type":"","background-media":"","overlay-type":"","overlay-color":"","overlay-opacity":"","overlay-gradient":""}},"ast-content-background-meta":{"desktop":{"background-color":"var(--ast-global-color-5)","background-image":"","background-repeat":"repeat","background-position":"center center","background-size":"auto","background-attachment":"scroll","background-type":"","background-media":"","overlay-type":"","overlay-color":"","overlay-opacity":"","overlay-gradient":""},"tablet":{"background-color":"var(--ast-global-color-5)","background-image":"","background-repeat":"repeat","background-position":"center center","background-size":"auto","background-attachment":"scroll","background-type":"","background-media":"","overlay-type":"","overlay-color":"","overlay-opacity":"","overlay-gradient":""},"mobile":{"background-color":"var(--ast-global-color-5)","background-image":"","background-repeat":"repeat","background-position":"center center","background-size":"auto","background-attachment":"scroll","background-type":"","background-media":"","overlay-type":"","overlay-color":"","overlay-opacity":"","overlay-gradient":""}}},"product_brand":[],"product_cat":[26],"product_tag":[],"class_list":{"0":"post-2769","1":"product","2":"type-product","3":"status-publish","4":"has-post-thumbnail","6":"product_cat-zeitgenossische-musik","7":"pa_artikelnummer-neos-11617","8":"pa_brand-neos-music","9":"pa_ean-328","10":"desktop-align-left","11":"tablet-align-left","12":"mobile-align-left","14":"first","15":"instock","16":"taxable","17":"shipping-taxable","18":"purchasable","19":"product-type-simple"},"yoast_head":"<!-- This site is optimized with the Yoast SEO plugin v27.3 - https:\/\/yoast.com\/product\/yoast-seo-wordpress\/ -->\n<title>Florian Bergmann, Markus Wettstein, Nuria N\u00fa\u00f1ez Hierro, Hanna Hartman, Benedikt Bindewald: Trio Transmitter | camera obscura - NEOS Music<\/title>\n<meta name=\"robots\" content=\"index, follow, max-snippet:-1, max-image-preview:large, max-video-preview:-1\" \/>\n<link rel=\"canonical\" href=\"https:\/\/neos-music.com\/en_us\/product\/florian-bergmann-markus-wettstein-nuria-nunez-hierro-hanna-hartman-benedikt-bindewald-trio-transmitter-camera-obscura\/\" \/>\n<meta property=\"og:locale\" content=\"en_US\" \/>\n<meta property=\"og:type\" content=\"article\" \/>\n<meta property=\"og:title\" content=\"Florian Bergmann, Markus Wettstein, Nuria N\u00fa\u00f1ez Hierro, Hanna Hartman, Benedikt Bindewald: Trio Transmitter | camera obscura - NEOS Music\" \/>\n<meta property=\"og:description\" content=\"Programm: Florian Bergmann\u00a0(*1984) Knots\u00a0for bass clarinet, violin, piano and computer sample on texts by Ronald D. Laing \u201cKnots\u201d\u00a0(2014)\u00a012:12 [01]\u00a0Knots I\u00a003:36 [02]\u00a0Knots II\u00a004:31 [03]\u00a0Knots III\u00a004:05 &nbsp; Markus Wettstein\u00a0(*1963) [04]\u00a0fenster\u00a0for bass clarinet, viola and piano (2014)\u00a009:42 &nbsp; Nuria N\u00fa\u00f1ez Hierro\u00a0(*1980) [05]\u00a0Treffpunkt\u00a0for bass clarinet, violin, piano and two record players (2013)\u00a010:00 Hanna Hartman\u00a0(*1961) [06]\u00a0Apricots\u00a0for bass clarinet, violin, and [&hellip;]\" \/>\n<meta property=\"og:url\" content=\"https:\/\/neos-music.com\/en_us\/product\/florian-bergmann-markus-wettstein-nuria-nunez-hierro-hanna-hartman-benedikt-bindewald-trio-transmitter-camera-obscura\/\" \/>\n<meta property=\"og:site_name\" content=\"NEOS Music\" \/>\n<meta property=\"article:modified_time\" content=\"2023-05-22T23:22:12+00:00\" \/>\n<meta property=\"og:image\" content=\"https:\/\/neos-music.com\/wp-content\/uploads\/2022\/11\/NEOS_11617_Trio_Transmitter.jpeg\" \/>\n\t<meta property=\"og:image:width\" content=\"1650\" \/>\n\t<meta property=\"og:image:height\" content=\"1484\" \/>\n\t<meta property=\"og:image:type\" content=\"image\/jpeg\" \/>\n<meta name=\"twitter:card\" content=\"summary_large_image\" \/>\n<meta name=\"twitter:label1\" content=\"Est. reading time\" \/>\n\t<meta name=\"twitter:data1\" content=\"2 minutes\" \/>\n<script type=\"application\/ld+json\" class=\"yoast-schema-graph\">{\"@context\":\"https:\\\/\\\/schema.org\",\"@graph\":[{\"@type\":\"WebPage\",\"@id\":\"https:\\\/\\\/neos-music.com\\\/product\\\/florian-bergmann-markus-wettstein-nuria-nunez-hierro-hanna-hartman-benedikt-bindewald-trio-transmitter-camera-obscura\\\/\",\"url\":\"https:\\\/\\\/neos-music.com\\\/product\\\/florian-bergmann-markus-wettstein-nuria-nunez-hierro-hanna-hartman-benedikt-bindewald-trio-transmitter-camera-obscura\\\/\",\"name\":\"Florian Bergmann, Markus Wettstein, Nuria N\u00fa\u00f1ez Hierro, Hanna Hartman, Benedikt Bindewald: Trio Transmitter | camera obscura - NEOS Music\",\"isPartOf\":{\"@id\":\"https:\\\/\\\/neos-music.com\\\/#website\"},\"primaryImageOfPage\":{\"@id\":\"https:\\\/\\\/neos-music.com\\\/product\\\/florian-bergmann-markus-wettstein-nuria-nunez-hierro-hanna-hartman-benedikt-bindewald-trio-transmitter-camera-obscura\\\/#primaryimage\"},\"image\":{\"@id\":\"https:\\\/\\\/neos-music.com\\\/product\\\/florian-bergmann-markus-wettstein-nuria-nunez-hierro-hanna-hartman-benedikt-bindewald-trio-transmitter-camera-obscura\\\/#primaryimage\"},\"thumbnailUrl\":\"https:\\\/\\\/i0.wp.com\\\/neos-music.com\\\/wp-content\\\/uploads\\\/2022\\\/11\\\/NEOS_11617_Trio_Transmitter.jpeg?fit=1650%2C1484&ssl=1\",\"datePublished\":\"2016-09-01T16:04:17+00:00\",\"dateModified\":\"2023-05-22T23:22:12+00:00\",\"breadcrumb\":{\"@id\":\"https:\\\/\\\/neos-music.com\\\/product\\\/florian-bergmann-markus-wettstein-nuria-nunez-hierro-hanna-hartman-benedikt-bindewald-trio-transmitter-camera-obscura\\\/#breadcrumb\"},\"inLanguage\":\"en-US\",\"potentialAction\":[{\"@type\":\"ReadAction\",\"target\":[\"https:\\\/\\\/neos-music.com\\\/product\\\/florian-bergmann-markus-wettstein-nuria-nunez-hierro-hanna-hartman-benedikt-bindewald-trio-transmitter-camera-obscura\\\/\"]}]},{\"@type\":\"ImageObject\",\"inLanguage\":\"en-US\",\"@id\":\"https:\\\/\\\/neos-music.com\\\/product\\\/florian-bergmann-markus-wettstein-nuria-nunez-hierro-hanna-hartman-benedikt-bindewald-trio-transmitter-camera-obscura\\\/#primaryimage\",\"url\":\"https:\\\/\\\/i0.wp.com\\\/neos-music.com\\\/wp-content\\\/uploads\\\/2022\\\/11\\\/NEOS_11617_Trio_Transmitter.jpeg?fit=1650%2C1484&ssl=1\",\"contentUrl\":\"https:\\\/\\\/i0.wp.com\\\/neos-music.com\\\/wp-content\\\/uploads\\\/2022\\\/11\\\/NEOS_11617_Trio_Transmitter.jpeg?fit=1650%2C1484&ssl=1\",\"width\":1650,\"height\":1484},{\"@type\":\"BreadcrumbList\",\"@id\":\"https:\\\/\\\/neos-music.com\\\/product\\\/florian-bergmann-markus-wettstein-nuria-nunez-hierro-hanna-hartman-benedikt-bindewald-trio-transmitter-camera-obscura\\\/#breadcrumb\",\"itemListElement\":[{\"@type\":\"ListItem\",\"position\":1,\"name\":\"Startseite\",\"item\":\"https:\\\/\\\/neos-music.com\\\/\"},{\"@type\":\"ListItem\",\"position\":2,\"name\":\"Produkte\",\"item\":\"https:\\\/\\\/neos-music.com\\\/shop__trashed\\\/\"},{\"@type\":\"ListItem\",\"position\":3,\"name\":\"Florian Bergmann, Markus Wettstein, Nuria N\u00fa\u00f1ez Hierro, Hanna Hartman, Benedikt Bindewald: Trio Transmitter | camera obscura\"}]},{\"@type\":\"WebSite\",\"@id\":\"https:\\\/\\\/neos-music.com\\\/#website\",\"url\":\"https:\\\/\\\/neos-music.com\\\/\",\"name\":\"NEOS Music\",\"description\":\"Dein Online Shop f\u00fcr zeitgen\u00f6ssische Musik, Jazz und Classics!\",\"publisher\":{\"@id\":\"https:\\\/\\\/neos-music.com\\\/#organization\"},\"potentialAction\":[{\"@type\":\"SearchAction\",\"target\":{\"@type\":\"EntryPoint\",\"urlTemplate\":\"https:\\\/\\\/neos-music.com\\\/?s={search_term_string}\"},\"query-input\":{\"@type\":\"PropertyValueSpecification\",\"valueRequired\":true,\"valueName\":\"search_term_string\"}}],\"inLanguage\":\"en-US\"},{\"@type\":\"Organization\",\"@id\":\"https:\\\/\\\/neos-music.com\\\/#organization\",\"name\":\"NEOS Music\",\"url\":\"https:\\\/\\\/neos-music.com\\\/\",\"logo\":{\"@type\":\"ImageObject\",\"inLanguage\":\"en-US\",\"@id\":\"https:\\\/\\\/neos-music.com\\\/#\\\/schema\\\/logo\\\/image\\\/\",\"url\":\"https:\\\/\\\/i0.wp.com\\\/neos-music.com\\\/wp-content\\\/uploads\\\/2025\\\/08\\\/NEOS-Logo-weiss.png?fit=800%2C203&ssl=1\",\"contentUrl\":\"https:\\\/\\\/i0.wp.com\\\/neos-music.com\\\/wp-content\\\/uploads\\\/2025\\\/08\\\/NEOS-Logo-weiss.png?fit=800%2C203&ssl=1\",\"width\":800,\"height\":203,\"caption\":\"NEOS Music\"},\"image\":{\"@id\":\"https:\\\/\\\/neos-music.com\\\/#\\\/schema\\\/logo\\\/image\\\/\"}}]}<\/script>\n<!-- \/ Yoast SEO plugin. -->","yoast_head_json":{"title":"Florian Bergmann, Markus Wettstein, Nuria N\u00fa\u00f1ez Hierro, Hanna Hartman, Benedikt Bindewald: Trio Transmitter | camera obscura - NEOS Music","robots":{"index":"index","follow":"follow","max-snippet":"max-snippet:-1","max-image-preview":"max-image-preview:large","max-video-preview":"max-video-preview:-1"},"canonical":"https:\/\/neos-music.com\/en_us\/product\/florian-bergmann-markus-wettstein-nuria-nunez-hierro-hanna-hartman-benedikt-bindewald-trio-transmitter-camera-obscura\/","og_locale":"en_US","og_type":"article","og_title":"Florian Bergmann, Markus Wettstein, Nuria N\u00fa\u00f1ez Hierro, Hanna Hartman, Benedikt Bindewald: Trio Transmitter | camera obscura - NEOS Music","og_description":"Programm: Florian Bergmann\u00a0(*1984) Knots\u00a0for bass clarinet, violin, piano and computer sample on texts by Ronald D. Laing \u201cKnots\u201d\u00a0(2014)\u00a012:12 [01]\u00a0Knots I\u00a003:36 [02]\u00a0Knots II\u00a004:31 [03]\u00a0Knots III\u00a004:05 &nbsp; Markus Wettstein\u00a0(*1963) [04]\u00a0fenster\u00a0for bass clarinet, viola and piano (2014)\u00a009:42 &nbsp; Nuria N\u00fa\u00f1ez Hierro\u00a0(*1980) [05]\u00a0Treffpunkt\u00a0for bass clarinet, violin, piano and two record players (2013)\u00a010:00 Hanna Hartman\u00a0(*1961) [06]\u00a0Apricots\u00a0for bass clarinet, violin, and [&hellip;]","og_url":"https:\/\/neos-music.com\/en_us\/product\/florian-bergmann-markus-wettstein-nuria-nunez-hierro-hanna-hartman-benedikt-bindewald-trio-transmitter-camera-obscura\/","og_site_name":"NEOS Music","article_modified_time":"2023-05-22T23:22:12+00:00","og_image":[{"width":1650,"height":1484,"url":"https:\/\/neos-music.com\/wp-content\/uploads\/2022\/11\/NEOS_11617_Trio_Transmitter.jpeg","type":"image\/jpeg"}],"twitter_card":"summary_large_image","twitter_misc":{"Est. reading time":"2 minutes"},"schema":{"@context":"https:\/\/schema.org","@graph":[{"@type":"WebPage","@id":"https:\/\/neos-music.com\/product\/florian-bergmann-markus-wettstein-nuria-nunez-hierro-hanna-hartman-benedikt-bindewald-trio-transmitter-camera-obscura\/","url":"https:\/\/neos-music.com\/product\/florian-bergmann-markus-wettstein-nuria-nunez-hierro-hanna-hartman-benedikt-bindewald-trio-transmitter-camera-obscura\/","name":"Florian Bergmann, Markus Wettstein, Nuria N\u00fa\u00f1ez Hierro, Hanna Hartman, Benedikt Bindewald: Trio Transmitter | camera obscura - NEOS Music","isPartOf":{"@id":"https:\/\/neos-music.com\/#website"},"primaryImageOfPage":{"@id":"https:\/\/neos-music.com\/product\/florian-bergmann-markus-wettstein-nuria-nunez-hierro-hanna-hartman-benedikt-bindewald-trio-transmitter-camera-obscura\/#primaryimage"},"image":{"@id":"https:\/\/neos-music.com\/product\/florian-bergmann-markus-wettstein-nuria-nunez-hierro-hanna-hartman-benedikt-bindewald-trio-transmitter-camera-obscura\/#primaryimage"},"thumbnailUrl":"https:\/\/i0.wp.com\/neos-music.com\/wp-content\/uploads\/2022\/11\/NEOS_11617_Trio_Transmitter.jpeg?fit=1650%2C1484&ssl=1","datePublished":"2016-09-01T16:04:17+00:00","dateModified":"2023-05-22T23:22:12+00:00","breadcrumb":{"@id":"https:\/\/neos-music.com\/product\/florian-bergmann-markus-wettstein-nuria-nunez-hierro-hanna-hartman-benedikt-bindewald-trio-transmitter-camera-obscura\/#breadcrumb"},"inLanguage":"en-US","potentialAction":[{"@type":"ReadAction","target":["https:\/\/neos-music.com\/product\/florian-bergmann-markus-wettstein-nuria-nunez-hierro-hanna-hartman-benedikt-bindewald-trio-transmitter-camera-obscura\/"]}]},{"@type":"ImageObject","inLanguage":"en-US","@id":"https:\/\/neos-music.com\/product\/florian-bergmann-markus-wettstein-nuria-nunez-hierro-hanna-hartman-benedikt-bindewald-trio-transmitter-camera-obscura\/#primaryimage","url":"https:\/\/i0.wp.com\/neos-music.com\/wp-content\/uploads\/2022\/11\/NEOS_11617_Trio_Transmitter.jpeg?fit=1650%2C1484&ssl=1","contentUrl":"https:\/\/i0.wp.com\/neos-music.com\/wp-content\/uploads\/2022\/11\/NEOS_11617_Trio_Transmitter.jpeg?fit=1650%2C1484&ssl=1","width":1650,"height":1484},{"@type":"BreadcrumbList","@id":"https:\/\/neos-music.com\/product\/florian-bergmann-markus-wettstein-nuria-nunez-hierro-hanna-hartman-benedikt-bindewald-trio-transmitter-camera-obscura\/#breadcrumb","itemListElement":[{"@type":"ListItem","position":1,"name":"Startseite","item":"https:\/\/neos-music.com\/"},{"@type":"ListItem","position":2,"name":"Produkte","item":"https:\/\/neos-music.com\/shop__trashed\/"},{"@type":"ListItem","position":3,"name":"Florian Bergmann, Markus Wettstein, Nuria N\u00fa\u00f1ez Hierro, Hanna Hartman, Benedikt Bindewald: Trio Transmitter | camera obscura"}]},{"@type":"WebSite","@id":"https:\/\/neos-music.com\/#website","url":"https:\/\/neos-music.com\/","name":"NEOS Music","description":"Dein Online Shop f\u00fcr zeitgen\u00f6ssische Musik, Jazz und Classics!","publisher":{"@id":"https:\/\/neos-music.com\/#organization"},"potentialAction":[{"@type":"SearchAction","target":{"@type":"EntryPoint","urlTemplate":"https:\/\/neos-music.com\/?s={search_term_string}"},"query-input":{"@type":"PropertyValueSpecification","valueRequired":true,"valueName":"search_term_string"}}],"inLanguage":"en-US"},{"@type":"Organization","@id":"https:\/\/neos-music.com\/#organization","name":"NEOS Music","url":"https:\/\/neos-music.com\/","logo":{"@type":"ImageObject","inLanguage":"en-US","@id":"https:\/\/neos-music.com\/#\/schema\/logo\/image\/","url":"https:\/\/i0.wp.com\/neos-music.com\/wp-content\/uploads\/2025\/08\/NEOS-Logo-weiss.png?fit=800%2C203&ssl=1","contentUrl":"https:\/\/i0.wp.com\/neos-music.com\/wp-content\/uploads\/2025\/08\/NEOS-Logo-weiss.png?fit=800%2C203&ssl=1","width":800,"height":203,"caption":"NEOS Music"},"image":{"@id":"https:\/\/neos-music.com\/#\/schema\/logo\/image\/"}}]}},"jetpack_sharing_enabled":true,"_links":{"self":[{"href":"https:\/\/neos-music.com\/en_us\/wp-json\/wp\/v2\/product\/2769","targetHints":{"allow":["GET"]}}],"collection":[{"href":"https:\/\/neos-music.com\/en_us\/wp-json\/wp\/v2\/product"}],"about":[{"href":"https:\/\/neos-music.com\/en_us\/wp-json\/wp\/v2\/types\/product"}],"version-history":[{"count":0,"href":"https:\/\/neos-music.com\/en_us\/wp-json\/wp\/v2\/product\/2769\/revisions"}],"wp:featuredmedia":[{"embeddable":true,"href":"https:\/\/neos-music.com\/en_us\/wp-json\/wp\/v2\/media\/2770"}],"wp:attachment":[{"href":"https:\/\/neos-music.com\/en_us\/wp-json\/wp\/v2\/media?parent=2769"}],"wp:term":[{"taxonomy":"product_brand","embeddable":true,"href":"https:\/\/neos-music.com\/en_us\/wp-json\/wp\/v2\/product_brand?post=2769"},{"taxonomy":"product_cat","embeddable":true,"href":"https:\/\/neos-music.com\/en_us\/wp-json\/wp\/v2\/product_cat?post=2769"},{"taxonomy":"product_tag","embeddable":true,"href":"https:\/\/neos-music.com\/en_us\/wp-json\/wp\/v2\/product_tag?post=2769"}],"curies":[{"name":"wp","href":"https:\/\/api.w.org\/{rel}","templated":true}]}}